{"id":281,"date":"2025-11-20T09:56:59","date_gmt":"2025-11-20T08:56:59","guid":{"rendered":"https:\/\/www.elicit-plant.com\/hr\/?page_id=281"},"modified":"2025-11-26T10:22:57","modified_gmt":"2025-11-26T09:22:57","slug":"pravne-napomene","status":"publish","type":"page","link":"https:\/\/www.elicit-plant.com\/hr\/pravne-napomene\/","title":{"rendered":"Pravne napomene"},"content":{"rendered":"<section class=\"cbo-heropicture\" data-anim-group>\n\t<div class=\"cbo-breadcrumbs breadcrumbs--normal\">\n  <div class=\"breadcrumbs-inner\">\n    <span><span><a href=\"https:\/\/www.elicit-plant.com\/hr\/\">Po\u010detna stranica<\/a><\/span><\/span>\t<\/div>\n<\/div>\n\t<div class=\"heropicture-picture cbo-picture-cover\">\n\t\t<img decoding=\"async\" src=\"https:\/\/www.elicit-plant.com\/app\/uploads\/sites\/15\/2025\/11\/elicit-plant-est-en-phase-avec-le-plan-eau-du-gouvernement.webp\" srcset=\"https:\/\/www.elicit-plant.com\/app\/uploads\/sites\/15\/2025\/11\/elicit-plant-est-en-phase-avec-le-plan-eau-du-gouvernement-320x180.webp 320w, https:\/\/www.elicit-plant.com\/app\/uploads\/sites\/15\/2025\/11\/elicit-plant-est-en-phase-avec-le-plan-eau-du-gouvernement-768x432.webp 768w, https:\/\/www.elicit-plant.com\/app\/uploads\/sites\/15\/2025\/11\/elicit-plant-est-en-phase-avec-le-plan-eau-du-gouvernement.webp 1024w, https:\/\/www.elicit-plant.com\/app\/uploads\/sites\/15\/2025\/11\/elicit-plant-est-en-phase-avec-le-plan-eau-du-gouvernement.webp 1280w, https:\/\/www.elicit-plant.com\/app\/uploads\/sites\/15\/2025\/11\/elicit-plant-est-en-phase-avec-le-plan-eau-du-gouvernement.webp 1920w\" class=\"\" alt=\"kap vode koja klizi niz list kukuruza\" width=\"1000\" height=\"562\" sizes=\"auto, 100vw\" loading=\"lazy\" \/>\t<\/div>\n\n\t<div class=\"heropicture-inner cbo-container container--small container--padding\">\n\t\t<div class=\"heropicture-content\">\n\n\t\t\t\n\t\t\t<h1 class=\"content-title cbo-title-2 slide-down\">\n\t\t\t\tPravne napomene\t\t\t<\/h1>\n\t\t<\/div>\n\t<\/div>\n<\/section>\n\n<section class=\"cbo-text cbo-margin-container\">\n    <div class=\"\n        text-inner\n                cbo-container\n        container--small        \"\n    >\n        <div class=\"text-content cbo-cms cms--large\">\n            <p>Les mentions l\u00e9gales ci-dessous s\u2019appliquent au pr\u00e9sent site internet <a href=\"http:\/\/www.elicit-plant.com\">www.elicit-plant.com<\/a><\/p>\n<p><strong>Poslovno ime<\/strong> : ELICIT PLANT<\/p>\n<p><strong>Sjedi\u0161te<\/strong> : LIEUDIT LE CHATAIGNIER, 1 PAS DE LA CROIX, 16220 MOULINS-SUR-TARDOIRE, CHARENTE (16)<\/p>\n<p><strong>Pravna forma<\/strong> : Soci\u00e9t\u00e9 par Actions Simplifi\u00e9e<\/p>\n<p><strong>Temeljni kapital <\/strong>: 139 417,50 \u20ac<\/p>\n<p><strong>Upisana u RCS Angoul\u00eame<\/strong> : broj SIREN: 831 286 455 i broj SIRET: 831 286 455 00025<\/p>\n<p><strong>Unutarnji PDV broj<\/strong> : FR47831286455<\/p>\n<p><strong>Direktor publikacije<\/strong> : Gospodin Jean-Fran\u00e7ois DECHANT<\/p>\n<p><strong>Telefon<\/strong> : +33 <a href=\"https:\/\/www.google.com\/search?q=t%C3%A9l%C3%A9phone+elicit+plant&amp;rlz=1C1GCEU_frFR1073FR1073&amp;oq=t%C3%A9l%C3%A9phone+elicit+plant&amp;gs_lcrp=EgZjaHJvbWUyCAgAEEUYFRg5MgcIARAhGKABMgcIAhAhGKABMgcIAxAhGKAB0gEINTk1N2owajeoAgCwAgA&amp;sourceid=chrome&amp;ie=UTF-8\">05 45 23 18 38<\/a><\/p>\n<p><strong>E-po\u0161ta<\/strong> : <a href=\"mailto:dataprivacy@elicit-plant.com\">dataprivacy@elicit-plant.com<\/a><\/p>\n<p><strong>Pru\u017eatelj hostinga<\/strong> : Infomaniak,<\/p>\n<p><u>Poslovno ime<\/u> : Infomaniak Network SA<br \/>\n<u>Adresa<\/u> : Rue Eug\u00e8ne Marziano 25 &#8211; 1227 Les Acacias (GE)<br \/>\n<u><a href=\"https:\/\/www.infomaniak.com\/fr\/aide\">Kontakt<\/a><\/u><\/p>\n<p>&nbsp;<\/p>\n<h2 style=\"text-align: center;\"><strong>OP\u0106I UVJETI KORI\u0160TENJA INTERNETSKE STRANICE<br \/>\n<\/strong><a href=\"http:\/\/WWW.ASDIA.FR\"><strong>WWW.ELICIT-PLANT.COM<\/strong><\/a><\/h2>\n<p>&nbsp;<\/p>\n<p>Pristup, pregled i kori\u0161tenje stranice www. <a href=\"https:\/\/www.elicit-plant.com\">https:\/\/www.elicit-plant.com<\/a> (\u00ab <strong><em>Internetska stranica <\/em><\/strong>\u00bb ili \u00ab <strong><em>Stranica <\/em><\/strong>\u00bb) ure\u0111eni su ovim Op\u0107im uvjetima kori\u0161tenja (\u00ab <strong><em>CGU <\/em><\/strong>\u00bb).<\/p>\n<p>Pregledavanjem i\/ili pristupanjem Stranici, posjetitelj i\/ili korisnik (\u00ab <strong><em>Vi <\/em><\/strong>\u00bb) smatra se da prihva\u0107a ove CGU bez ograni\u010denja i zadr\u0161ke. Stoga ste pozvani da ih pa\u017eljivo prou\u010dite prije bilo kakvog pregledavanja i\/ili nastavka pregledavanja Stranice.<\/p>\n<p>ELICIT PLANT zadr\u017eava pravo izmijeniti ove CGU u bilo kojem trenutku. Verzija objavljena na Stranici predstavlja posljednju va\u017ee\u0107u i a\u017euriranu verziju.<\/p>\n<p>Ako bi neka od odredbi CGU bila progla\u0161ena ni\u0161tavnom i\/ili bez u\u010dinka na temelju va\u017ee\u0107ih zakona i propisa, ostale odredbe ostaju primjenjive.<\/p>\n<h2>\u010cLANAK 1 \u2013 PRISTUP STRANICI \u2013 FUNKCIONALNOSTI \u2013 KORI\u0160TENJE<\/h2>\n<p>1.1.<\/p>\n<p>Pristup Stranici i njezino kori\u0161tenje rezervirani su za strogo osobnu uporabu. Obvezujete se da ne\u0107ete koristiti ovu Stranicu i informacije ili podatke koji se na njoj nalaze u komercijalne, politi\u010dke ili ogla\u0161iva\u010dke svrhe, niti za bilo kakve oblike komercijalnog iskori\u0161tavanja, a posebno za slanje ne\u017eeljene elektroni\u010dke po\u0161te.<\/p>\n<p>Op\u0107enitije, obvezujete se da \u0107ete u okviru pristupa, pregleda i kori\u0161tenja Stranice:<\/p>\n<ul>\n<li>provjeriti da Va\u0161a informati\u010dka konfiguracija ne sadr\u017ei nikakav virus i da je u savr\u0161enom radnom stanju;<\/li>\n<li>ne kopirati Stranicu u cijelosti ili djelomi\u010dno na neku drugu stranicu ili bilo koji drugi medij;<\/li>\n<li>ne postavljati sustave koji bi mogli ili bili namijenjeni hakiranju Stranice u cijelosti ili djelomi\u010dno, ili koji bi mogli kr\u0161iti ove CGU,<\/li>\n<li>obavijestiti ELICIT PLANT \u010dim saznate za \u00ab <em>hakiranje<\/em> \u00bb, a posebno za bilo kakvu nezakonitu ili neovla\u0161tenu upotrebu elemenata koji se pojavljuju na Stranici, bez obzira na kori\u0161teni na\u010din distribucije;<\/li>\n<li>po\u0161tovati ove CGU.<\/li>\n<\/ul>\n<p>1.2.<\/p>\n<p>Stranica osobito ima sljede\u0107e funkcionalnosti:<\/p>\n<ul>\n<li>predstavljanje ELICIT PLANT-a i njegovih aktivnosti;<\/li>\n<li>\u0161irenje i objavljivanje informacija o aktivnostima, proizvodima i uslugama ELICIT PLANT-a;<\/li>\n<li>objavljivanje ponuda za posao u ELICIT PLANT-u;<\/li>\n<li>uspostavu kontakta s razli\u010ditim slu\u017ebama ELICIT PLANT-a.<\/li>\n<\/ul>\n<h2>\u010cLANAK 2 \u2013 INTELEKTUALNO VLASNI\u0160TVO<\/h2>\n<p>ELICIT PLANT Vam dodjeljuje jednostavno pravo pregledavanja informacija i sadr\u017eaja dostupnih na Stranici tijekom razdoblja Va\u0161eg pristupa i pregleda.<\/p>\n<p>Svi elementi i sadr\u017eaji internetske stranice, osobito \u017eigovi, logotipi, slike, crte\u017ei, grafike, grafi\u010dke povelje, ikone, strukture, prezentacije, tekstualni sadr\u017eaji, kao i sve ra\u010dunalne aplikacije koje se mogu koristiti za rad ove Stranice, ekskluzivno su vlasni\u0161tvo ELICIT PLANT-a i\/ili njegovih partnera i takvima ostaju.<\/p>\n<p>Verbalni i vizualni \u017eigovi (logotipi) ELICIT PLANT, ili oni koji ozna\u010davaju njegove proizvode i usluge, za\u0161ti\u0107eni su pravima intelektualnog vlasni\u0161tva i osobito su registrirani kao \u017eigovi u Francuskoj i na me\u0111unarodnoj razini.<\/p>\n<p>Posljedi\u010dno, svaka reprodukcija, predstavljanje, kori\u0161tenje, izmjena ili prilagodba, u bilo kojem obliku, svih ili dijela elemenata i sadr\u017eaja, uklju\u010duju\u0107i ra\u010dunalne aplikacije, Stranice bez prethodnog, izri\u010ditog i pisanog odobrenja ELICIT PLANT-a strogo je zabranjena i mo\u017ee dovesti do pokretanja postupaka, osobito na temelju krivotvorenja i nelojalne konkurencije, u skladu s va\u017ee\u0107im propisima.<\/p>\n<p>\u010cinjenica da ELICIT PLANT ne pokrene postupak \u010dim sazna za takve neovla\u0161tene upotrebe ne predstavlja prihva\u0107anje tih upotreba niti odricanje od pokretanja postupaka.<\/p>\n<h2>\u010cLANAK 3 \u2013 UPRAVLJANJE STRANICOM<\/h2>\n<p>Kako bi se osiguralo pravilno upravljanje Stranicom, ELICIT PLANT mo\u017ee u bilo kojem trenutku, trajno ili privremeno:<\/p>\n<ul>\n<li>obustaviti, prekinuti ili ograni\u010diti pristup cijeloj Stranici ili njenom dijelu, pridr\u017eati pravo pristupa Stranici ili odre\u0111enim njezinim dijelovima za odre\u0111enu kategoriju korisnika interneta;<\/li>\n<\/ul>\n<ul>\n<li>brisati i\/ili mijenjati cijelu ili dio konfiguracije Stranice, ili bilo koju informaciju koja bi mogla ometati njezino funkcioniranje, ili koja je u suprotnosti s nacionalnim ili me\u0111unarodnim zakonima ili pravilima \u00abN\u00e9tiquette\u00bb;<\/li>\n<\/ul>\n<ul>\n<li>suspendirati Stranicu, osobito radi provo\u0111enja a\u017euriranja i\/ili odr\u017eavanja. Intervencije odr\u017eavanja mogu se provoditi bez Va\u0161e prethodne obavijesti.<\/li>\n<\/ul>\n<p>&nbsp;<\/p>\n<p><span style=\"font-size: 2.25rem; font-weight: 600; letter-spacing: -0.0536em;\">\u010cLANAK 4 \u2013 ODGOVORNOSTI<\/span><\/p>\n<p>4.1.<\/p>\n<p>Informacije koje se pojavljuju na stranici ELICIT PLANT dan\u0435 su isklju\u010divo u informativne svrhe i ni na koji na\u010din ne predstavljaju ponudu za odre\u0111eni proizvod ili uslugu koju pru\u017ea ELICIT PLANT. Ako \u017eelite saznati detalje o uslugama koje pru\u017ea ELICIT PLANT, mo\u017eete ga izravno kontaktirati putem podataka navedenih na Stranici.<\/p>\n<p>Iako ELICIT PLANT poduzima razumne mjere kako bi provjerio sve informacije navedene na svojoj Stranici, ne jam\u010di da su informacije objavljene na ovoj Stranici, kao ni na stranicama koje se na nju mogu povezivati, u svakom trenutku potpune, to\u010dne i a\u017eurirane.<\/p>\n<p>4.2.<\/p>\n<p>ELICIT PLANT \u0107e ulo\u017eiti sve razumno o\u010dekivane napore kako bi osigurao siguran pristup, pregled i kori\u0161tenje Stranice, u okviru i ograni\u010denju obveze du\u017ene pa\u017enje.<\/p>\n<p>Stranica je dostupna 24 sata dnevno, 7 dana u tjednu, osim u slu\u010daju vi\u0161e sile, stranog uzroka, pojave doga\u0111aja izvan njezine kontrole te, u svakom slu\u010daju, uz ograni\u010denja vezana uz eventualne kvarove, neispravnosti i intervencije korektivnog ili evolutivnog odr\u017eavanja povezane s nepredvidivo\u0161\u0107u Interneta i\/ili nu\u017ene za ispravno funkcioniranje i razvoj Stranice.<\/p>\n<p>Odgovornost ELICIT PLANT-a ne mo\u017ee se utvrditi u slu\u010daju kvara, zastoja, pote\u0161ko\u0107a ili prekida rada koji onemogu\u0107uje pristup Stranici ili jednoj od njezinih funkcionalnosti.<\/p>\n<p>4.3.<\/p>\n<p>Oprema koju koristite za povezivanje sa Stranicom u potpunosti je Va\u0161a odgovornost.<\/p>\n<p>Morate poduzeti sve odgovaraju\u0107e mjere za za\u0161titu svoje opreme i vlastitih podataka, osobito od napada putem Interneta.<\/p>\n<p>Tako\u0111er snosite potpunu odgovornost za na\u010din na koji koristite Stranicu, kao i stranice, usluge i podatke koje posje\u0107ujete i kojima pristupate putem Interneta.<\/p>\n<p>ELICIT PLANT stoga ne odgovara za \u0161tete nanesene Vama, tre\u0107im osobama i\/ili Va\u0161oj opremi, niti za bilo kakav sudski postupak pokrenut protiv Vas zbog Va\u0161eg povezivanja ili kori\u0161tenja Stranice, kao i bilo koje usluge dostupne putem Interneta, niti zbog nepo\u0161tivanja ovih CGU.<\/p>\n<p>Ako ELICIT PLANT bude predmet mirnog ili sudskog postupka zbog Va\u0161eg kori\u0161tenja Stranice, ELICIT PLANT zadr\u017eava pravo obratiti se protiv Vas radi naknade svih \u0161teta, iznosa, presuda i tro\u0161kova koji bi mogli proiza\u0107i iz tog postupka.<\/p>\n<h2>\u010cLANAK 5 \u2013 HIPERTEKSTUALNE POVEZNICE<\/h2>\n<p>5.1.<\/p>\n<p>Sa Stranice, ELICIT PLANT Vam mo\u017ee staviti na raspolaganje poveznice prema drugim internetskim stranicama ili drugim izvorima informacija kojima upravljaju partnerske stranice.<\/p>\n<p>S obzirom na to da ELICIT PLANT ne mo\u017ee nadzirati ove partnerske usluge i vanjske izvore, izravne ili neizravne poveznice sadr\u017eane na ovoj Stranici, a koje vode na druge internetske stranice, pru\u017eaju se bez ikakvog jamstva, u postoje\u0107em stanju i na Va\u0161 vlastiti rizik.<\/p>\n<p>ELICIT PLANT stoga odbija svaku odgovornost s obzirom na dostupnost i sadr\u017eaje tih stranica i vanjskih izvora, osobito za bilo kakve oglase, proizvode, usluge ili bilo koji drugi materijal dostupan na tim stranicama ili iz tih izvora, kao i za eventualne \u0161tete koje bi oni mogli uzrokovati.<\/p>\n<p>5.2.<\/p>\n<p>Stvaranje i\/ili postavljanje hipertekstualne poveznice s Va\u0161e strane prema cjelokupnom sadr\u017eaju Stranice ili bilo kojoj drugoj tehnici koja se sastoji u prikazivanju dijela Stranice na stranici tre\u0107e osobe strogo je zabranjeno i mo\u017ee se provesti samo uz izri\u010dito, prethodno i pisano odobrenje ELICIT PLANT-a, pod uvjetom da se ne izmijene izvorne informacije prisutne na Stranici ili njihovo podrijetlo.<\/p>\n<p>Ako Vam ELICIT PLANT odobri takvo dopu\u0161tenje, ono \u0107e u svakom slu\u010daju biti samo privremenog karaktera i mo\u017ee biti povu\u010deno u bilo kojem trenutku, bez obveze davanja obrazlo\u017eenja od strane ELICIT PLANT-a.<\/p>\n<p>U svakom slu\u010daju, svaka poveznica koju biste mogli postaviti na Stranicu morat \u0107e biti uklonjena na prvi zahtjev ELICIT PLANT-a.<\/p>\n<h2>\u010cLANAK 6 \u2013 ZA\u0160TITA OSOBNIH PODATAKA<\/h2>\n<p>S informacijama o obradama koje ELICIT PLANT mo\u017ee provoditi na Va\u0161im osobnim podacima, kao i op\u0107enitije o njegovim obvezama u pogledu za\u0161tite osobnih podataka, mo\u017eete se upoznati pristupanjem na\u0161oj Politici privatnosti.<\/p>\n<h2>\u010cLANAK 7 \u2013 KOLA\u010cI\u0106I<\/h2>\n<p>Za vi\u0161e informacija o kola\u010di\u0107ima koji se koriste u okviru Stranice i upravljanju Va\u0161im pristankom, pogledajte na\u0161u Politiku kola\u010di\u0107a.<\/p>\n<h2>\u010cLANAK 8 \u2013 MJERODAVNO PRAVO \/ NADLE\u017dNI SUD<\/h2>\n<p>Ovi CGU podlije\u017eu francuskom pravu i u nadle\u017enosti su isklju\u010divo francuskih sudova.<\/p>\n\n            <div style=\"clear: both;\"><\/div>\n        <\/div>\n    <\/div>\n<\/section>\n","protected":false},"excerpt":{"rendered":"<p>Les mentions l\u00e9gales ci-dessous s\u2019appliquent au pr\u00e9sent site internet www.elicit-plant.com Poslovno ime : ELICIT PLANT Sjedi\u0161te : LIEUDIT LE CHATAIGNIER, 1 PAS DE LA CROIX, 16220 MOULINS-SUR-TARDOIRE, CHARENTE (16) Pravna forma : Soci\u00e9t\u00e9 par Actions Simplifi\u00e9e Temeljni kapital : 139 417,50 \u20ac Upisana u RCS Angoul\u00eame : broj SIREN: 831 286 455 i broj SIRET: 831 286 455 00025 Unutarnji PDV broj : FR47831286455 Direktor publikacije : Gospodin Jean-Fran\u00e7ois DECHANT Telefon : +33 05 45 23 18 38 E-po\u0161ta : dataprivacy@elicit-plant.com Pru\u017eatelj hostinga : Infomaniak, Poslovno ime : Infomaniak Network SA Adresa : Rue Eug\u00e8ne Marziano 25 &#8211; 1227 Les Acacias (GE) Kontakt &nbsp; OP\u0106I UVJETI KORI\u0160TENJA INTERNETSKE STRANICE WWW.ELICIT-PLANT.COM &nbsp; Pristup, pregled i kori\u0161tenje stranice www. https:\/\/www.elicit-plant.com (\u00ab Internetska stranica \u00bb ili \u00ab Stranica \u00bb) ure\u0111eni su ovim Op\u0107im uvjetima kori\u0161tenja (\u00ab CGU \u00bb). Pregledavanjem i\/ili pristupanjem Stranici, posjetitelj&#8230;<\/p>\n","protected":false},"author":6,"featured_media":0,"parent":0,"menu_order":0,"comment_status":"closed","ping_status":"closed","template":"","meta":{"_acf_changed":false,"footnotes":""},"class_list":["post-281","page","type-page","status-publish","hentry"],"acf":[],"yoast_head":"<!-- This site is optimized with the Yoast SEO plugin v27.2 - https:\/\/yoast.com\/product\/yoast-seo-wordpress\/ -->\n<title>Pravne napomene - Elicit Plant Hrvatska<\/title>\n<meta name=\"robots\" content=\"noindex, follow\" \/>\n<meta property=\"og:locale\" content=\"hr_HR\" \/>\n<meta property=\"og:type\" content=\"article\" \/>\n<meta property=\"og:title\" content=\"Pravne napomene - Elicit Plant Hrvatska\" \/>\n<meta property=\"og:description\" content=\"Les mentions l\u00e9gales ci-dessous s\u2019appliquent au pr\u00e9sent site internet www.elicit-plant.com Poslovno ime : ELICIT PLANT Sjedi\u0161te : LIEUDIT LE CHATAIGNIER, 1 PAS DE LA CROIX, 16220 MOULINS-SUR-TARDOIRE, CHARENTE (16) Pravna forma : Soci\u00e9t\u00e9 par Actions Simplifi\u00e9e Temeljni kapital : 139 417,50 \u20ac Upisana u RCS Angoul\u00eame : broj SIREN: 831 286 455 i broj SIRET: 831 286 455 00025 Unutarnji PDV broj : FR47831286455 Direktor publikacije : Gospodin Jean-Fran\u00e7ois DECHANT Telefon : +33 05 45 23 18 38 E-po\u0161ta : dataprivacy@elicit-plant.com Pru\u017eatelj hostinga : Infomaniak, Poslovno ime : Infomaniak Network SA Adresa : Rue Eug\u00e8ne Marziano 25 - 1227 Les Acacias (GE) Kontakt &nbsp; OP\u0106I UVJETI KORI\u0160TENJA INTERNETSKE STRANICE WWW.ELICIT-PLANT.COM &nbsp; Pristup, pregled i kori\u0161tenje stranice www. https:\/\/www.elicit-plant.com (\u00ab Internetska stranica \u00bb ili \u00ab Stranica \u00bb) ure\u0111eni su ovim Op\u0107im uvjetima kori\u0161tenja (\u00ab CGU \u00bb). Pregledavanjem i\/ili pristupanjem Stranici, posjetitelj...\" \/>\n<meta property=\"og:url\" content=\"https:\/\/www.elicit-plant.com\/hr\/pravne-napomene\/\" \/>\n<meta property=\"og:site_name\" content=\"Elicit Plant Hrvatska\" \/>\n<meta property=\"article:modified_time\" content=\"2025-11-26T09:22:57+00:00\" \/>\n<meta name=\"twitter:card\" content=\"summary_large_image\" \/>\n<script type=\"application\/ld+json\" class=\"yoast-schema-graph\">{\"@context\":\"https:\/\/schema.org\",\"@graph\":[{\"@type\":\"WebPage\",\"@id\":\"https:\/\/www.elicit-plant.com\/hr\/pravne-napomene\/\",\"url\":\"https:\/\/www.elicit-plant.com\/hr\/pravne-napomene\/\",\"name\":\"Pravne napomene - Elicit Plant Hrvatska\",\"isPartOf\":{\"@id\":\"https:\/\/www.elicit-plant.com\/hr\/#website\"},\"datePublished\":\"2025-11-20T08:56:59+00:00\",\"dateModified\":\"2025-11-26T09:22:57+00:00\",\"breadcrumb\":{\"@id\":\"https:\/\/www.elicit-plant.com\/hr\/pravne-napomene\/#breadcrumb\"},\"inLanguage\":\"hr\",\"potentialAction\":[{\"@type\":\"ReadAction\",\"target\":[\"https:\/\/www.elicit-plant.com\/hr\/pravne-napomene\/\"]}]},{\"@type\":\"BreadcrumbList\",\"@id\":\"https:\/\/www.elicit-plant.com\/hr\/pravne-napomene\/#breadcrumb\",\"itemListElement\":[{\"@type\":\"ListItem\",\"position\":1,\"name\":\"Po\u010detna stranica\",\"item\":\"https:\/\/www.elicit-plant.com\/hr\/\"},{\"@type\":\"ListItem\",\"position\":2,\"name\":\"Pravne napomene\"}]},{\"@type\":\"WebSite\",\"@id\":\"https:\/\/www.elicit-plant.com\/hr\/#website\",\"url\":\"https:\/\/www.elicit-plant.com\/hr\/\",\"name\":\"Elicit Plant Hrvatska\",\"description\":\"\",\"potentialAction\":[{\"@type\":\"SearchAction\",\"target\":{\"@type\":\"EntryPoint\",\"urlTemplate\":\"https:\/\/www.elicit-plant.com\/hr\/?s={search_term_string}\"},\"query-input\":{\"@type\":\"PropertyValueSpecification\",\"valueRequired\":true,\"valueName\":\"search_term_string\"}}],\"inLanguage\":\"hr\"}]}<\/script>\n<!-- \/ Yoast SEO plugin. -->","yoast_head_json":{"title":"Pravne napomene - Elicit Plant Hrvatska","robots":{"index":"noindex","follow":"follow"},"og_locale":"hr_HR","og_type":"article","og_title":"Pravne napomene - Elicit Plant Hrvatska","og_description":"Les mentions l\u00e9gales ci-dessous s\u2019appliquent au pr\u00e9sent site internet www.elicit-plant.com Poslovno ime : ELICIT PLANT Sjedi\u0161te : LIEUDIT LE CHATAIGNIER, 1 PAS DE LA CROIX, 16220 MOULINS-SUR-TARDOIRE, CHARENTE (16) Pravna forma : Soci\u00e9t\u00e9 par Actions Simplifi\u00e9e Temeljni kapital : 139 417,50 \u20ac Upisana u RCS Angoul\u00eame : broj SIREN: 831 286 455 i broj SIRET: 831 286 455 00025 Unutarnji PDV broj : FR47831286455 Direktor publikacije : Gospodin Jean-Fran\u00e7ois DECHANT Telefon : +33 05 45 23 18 38 E-po\u0161ta : dataprivacy@elicit-plant.com Pru\u017eatelj hostinga : Infomaniak, Poslovno ime : Infomaniak Network SA Adresa : Rue Eug\u00e8ne Marziano 25 - 1227 Les Acacias (GE) Kontakt &nbsp; OP\u0106I UVJETI KORI\u0160TENJA INTERNETSKE STRANICE WWW.ELICIT-PLANT.COM &nbsp; Pristup, pregled i kori\u0161tenje stranice www. https:\/\/www.elicit-plant.com (\u00ab Internetska stranica \u00bb ili \u00ab Stranica \u00bb) ure\u0111eni su ovim Op\u0107im uvjetima kori\u0161tenja (\u00ab CGU \u00bb). Pregledavanjem i\/ili pristupanjem Stranici, posjetitelj...","og_url":"https:\/\/www.elicit-plant.com\/hr\/pravne-napomene\/","og_site_name":"Elicit Plant Hrvatska","article_modified_time":"2025-11-26T09:22:57+00:00","twitter_card":"summary_large_image","schema":{"@context":"https:\/\/schema.org","@graph":[{"@type":"WebPage","@id":"https:\/\/www.elicit-plant.com\/hr\/pravne-napomene\/","url":"https:\/\/www.elicit-plant.com\/hr\/pravne-napomene\/","name":"Pravne napomene - Elicit Plant Hrvatska","isPartOf":{"@id":"https:\/\/www.elicit-plant.com\/hr\/#website"},"datePublished":"2025-11-20T08:56:59+00:00","dateModified":"2025-11-26T09:22:57+00:00","breadcrumb":{"@id":"https:\/\/www.elicit-plant.com\/hr\/pravne-napomene\/#breadcrumb"},"inLanguage":"hr","potentialAction":[{"@type":"ReadAction","target":["https:\/\/www.elicit-plant.com\/hr\/pravne-napomene\/"]}]},{"@type":"BreadcrumbList","@id":"https:\/\/www.elicit-plant.com\/hr\/pravne-napomene\/#breadcrumb","itemListElement":[{"@type":"ListItem","position":1,"name":"Po\u010detna stranica","item":"https:\/\/www.elicit-plant.com\/hr\/"},{"@type":"ListItem","position":2,"name":"Pravne napomene"}]},{"@type":"WebSite","@id":"https:\/\/www.elicit-plant.com\/hr\/#website","url":"https:\/\/www.elicit-plant.com\/hr\/","name":"Elicit Plant Hrvatska","description":"","potentialAction":[{"@type":"SearchAction","target":{"@type":"EntryPoint","urlTemplate":"https:\/\/www.elicit-plant.com\/hr\/?s={search_term_string}"},"query-input":{"@type":"PropertyValueSpecification","valueRequired":true,"valueName":"search_term_string"}}],"inLanguage":"hr"}]}},"_links":{"self":[{"href":"https:\/\/www.elicit-plant.com\/hr\/wp-json\/wp\/v2\/pages\/281","targetHints":{"allow":["GET"]}}],"collection":[{"href":"https:\/\/www.elicit-plant.com\/hr\/wp-json\/wp\/v2\/pages"}],"about":[{"href":"https:\/\/www.elicit-plant.com\/hr\/wp-json\/wp\/v2\/types\/page"}],"author":[{"embeddable":true,"href":"https:\/\/www.elicit-plant.com\/hr\/wp-json\/wp\/v2\/users\/6"}],"replies":[{"embeddable":true,"href":"https:\/\/www.elicit-plant.com\/hr\/wp-json\/wp\/v2\/comments?post=281"}],"version-history":[{"count":2,"href":"https:\/\/www.elicit-plant.com\/hr\/wp-json\/wp\/v2\/pages\/281\/revisions"}],"predecessor-version":[{"id":383,"href":"https:\/\/www.elicit-plant.com\/hr\/wp-json\/wp\/v2\/pages\/281\/revisions\/383"}],"wp:attachment":[{"href":"https:\/\/www.elicit-plant.com\/hr\/wp-json\/wp\/v2\/media?parent=281"}],"curies":[{"name":"wp","href":"https:\/\/api.w.org\/{rel}","templated":true}]}}