{"id":285,"date":"2025-11-20T09:57:55","date_gmt":"2025-11-20T08:57:55","guid":{"rendered":"https:\/\/www.elicit-plant.com\/hr\/?page_id=285"},"modified":"2025-11-25T17:32:58","modified_gmt":"2025-11-25T16:32:58","slug":"politika-kolacica","status":"publish","type":"page","link":"https:\/\/www.elicit-plant.com\/hr\/politika-kolacica\/","title":{"rendered":"Politika kola\u010di\u0107a"},"content":{"rendered":"<section class=\"cbo-heropicture\" data-anim-group>\n\t<div class=\"cbo-breadcrumbs breadcrumbs--normal\">\n  <div class=\"breadcrumbs-inner\">\n    <span><span><a href=\"https:\/\/www.elicit-plant.com\/hr\/\">Po\u010detna stranica<\/a><\/span><\/span>\t<\/div>\n<\/div>\n\t<div class=\"heropicture-picture cbo-picture-cover\">\n\t\t<img decoding=\"async\" src=\"https:\/\/www.elicit-plant.com\/app\/uploads\/sites\/15\/2025\/11\/elicit-plant-est-en-phase-avec-le-plan-eau-du-gouvernement.webp\" srcset=\"https:\/\/www.elicit-plant.com\/app\/uploads\/sites\/15\/2025\/11\/elicit-plant-est-en-phase-avec-le-plan-eau-du-gouvernement-320x180.webp 320w, https:\/\/www.elicit-plant.com\/app\/uploads\/sites\/15\/2025\/11\/elicit-plant-est-en-phase-avec-le-plan-eau-du-gouvernement-768x432.webp 768w, https:\/\/www.elicit-plant.com\/app\/uploads\/sites\/15\/2025\/11\/elicit-plant-est-en-phase-avec-le-plan-eau-du-gouvernement.webp 1024w, https:\/\/www.elicit-plant.com\/app\/uploads\/sites\/15\/2025\/11\/elicit-plant-est-en-phase-avec-le-plan-eau-du-gouvernement.webp 1280w, https:\/\/www.elicit-plant.com\/app\/uploads\/sites\/15\/2025\/11\/elicit-plant-est-en-phase-avec-le-plan-eau-du-gouvernement.webp 1920w\" class=\"\" alt=\"kap vode koja klizi niz list kukuruza\" width=\"1000\" height=\"562\" sizes=\"auto, 100vw\" loading=\"lazy\" \/>\t<\/div>\n\n\t<div class=\"heropicture-inner cbo-container container--small container--padding\">\n\t\t<div class=\"heropicture-content\">\n\n\t\t\t\n\t\t\t<h1 class=\"content-title cbo-title-2 slide-down\">\n\t\t\t\tPolitika kola\u010di\u0107a\t\t\t<\/h1>\n\t\t<\/div>\n\t<\/div>\n<\/section>\n\n<section class=\"cbo-text cbo-margin-container\">\n    <div class=\"\n        text-inner\n                cbo-container\n        container--small        \"\n    >\n        <div class=\"text-content cbo-cms cms--large\">\n            <h2>KAKO KONFIGURIRATI KOLA\u010cI\u0106E KOJI SE KORISTE NA STRANICI?<\/h2>\n<p>Ovaj odjeljak obja\u0161njava kako dopustiti ili onemogu\u0107iti upotrebu kola\u010di\u0107a na Stranici.<\/p>\n<p>Prilikom prvog posjeta Stranici bit \u0107ete pozvani konfigurirati upotrebu kola\u010di\u0107a.<\/p>\n<p>Ova konfiguracija provodi se putem bannera s obja\u0161njenjem o njihovoj upotrebi, koji \u0107e vas, kada se pojavi, pozvati da pregledate kori\u0161tene kola\u010di\u0107e, da ih globalno prihvatite ili odbijete te, op\u0107enitije, da ih konfigurirate putem su\u010delja Stranice klikom na ikonu u donjem lijevom kutu va\u0161eg preglednika.<\/p>\n<p><img loading=\"lazy\" decoding=\"async\" class=\"size-full wp-image-6841 alignnone\" src=\"https:\/\/www.elicit-plant.com\/app\/uploads\/sites\/1\/2025\/10\/Axeptio-logo.png\" alt=\"Axeptio logo\" width=\"61\" height=\"62\" \/><\/p>\n<p>Tijekom kori\u0161tenja Stranice i u bilo kojem trenutku mo\u017eete izmijeniti postavke kola\u010di\u0107a kako biste ih prihvatili ili odbili pristupom modulu koji vam omogu\u0107uje upravljanje va\u0161im pristankom u gore navedenom odjeljku.<\/p>\n<p>Tako\u0111er mo\u017eete blokirati neke ili sve tehni\u010dke kola\u010di\u0107e Stranice koji su potrebni za njezin ispravan rad izravno u postavkama va\u0161eg preglednika. Me\u0111utim, odbijanje dopu\u0161tanja ovih kola\u010di\u0107a putem preglednika mo\u017ee onemogu\u0107iti pristup odre\u0111enim funkcijama\/odjeljcima Stranice ili naru\u0161iti njezino funkcioniranje.<\/p>\n<h2>KOGA KONTAKTIRATI AKO IMATE PITANJA O KOLA\u010cI\u0106IMA?<\/h2>\n<p>Za sva pitanja u vezi s ovom Politikom kola\u010di\u0107a ili za bilo kakav zahtjev koji se odnosi na upotrebu kola\u010di\u0107a na Stranici op\u0107enito, mo\u017eete nas kontaktirati u bilo kojem trenutku:<\/p>\n<ul>\n<li>Po\u0161tom: ELICIT PLANT &#8211; LIEUDIT LE CHATAIGNIER, 1 PASSAGE DE LA CROIX, 16220 MOULINS-SUR-TARDOIRE, CHARENTE (16)<br \/>\nE-po\u0161tom na: <a href=\"mailto:dataprivacy@elicit-plant.com\">dataprivacy@elicit-plant.com<\/a><\/li>\n<\/ul>\n\n            <div style=\"clear: both;\"><\/div>\n        <\/div>\n    <\/div>\n<\/section>\n","protected":false},"excerpt":{"rendered":"<p>KAKO KONFIGURIRATI KOLA\u010cI\u0106E KOJI SE KORISTE NA STRANICI? Ovaj odjeljak obja\u0161njava kako dopustiti ili onemogu\u0107iti upotrebu kola\u010di\u0107a na Stranici. Prilikom prvog posjeta Stranici bit \u0107ete pozvani konfigurirati upotrebu kola\u010di\u0107a. Ova konfiguracija provodi se putem bannera s obja\u0161njenjem o njihovoj upotrebi, koji \u0107e vas, kada se pojavi, pozvati da pregledate kori\u0161tene kola\u010di\u0107e, da ih globalno prihvatite ili odbijete te, op\u0107enitije, da ih konfigurirate putem su\u010delja Stranice klikom na ikonu u donjem lijevom kutu va\u0161eg preglednika. Tijekom kori\u0161tenja Stranice i u bilo kojem trenutku mo\u017eete izmijeniti postavke kola\u010di\u0107a kako biste ih prihvatili ili odbili pristupom modulu koji vam omogu\u0107uje upravljanje va\u0161im pristankom u gore navedenom odjeljku. Tako\u0111er mo\u017eete blokirati neke ili sve tehni\u010dke kola\u010di\u0107e Stranice koji su potrebni za njezin ispravan rad izravno u postavkama va\u0161eg preglednika. Me\u0111utim, odbijanje dopu\u0161tanja ovih kola\u010di\u0107a putem preglednika mo\u017ee&#8230;<\/p>\n","protected":false},"author":6,"featured_media":0,"parent":0,"menu_order":0,"comment_status":"closed","ping_status":"closed","template":"","meta":{"_acf_changed":false,"footnotes":""},"class_list":["post-285","page","type-page","status-publish","hentry"],"acf":[],"yoast_head":"<!-- This site is optimized with the Yoast SEO plugin v27.2 - https:\/\/yoast.com\/product\/yoast-seo-wordpress\/ -->\n<title>Politika kola\u010di\u0107a - Elicit Plant Hrvatska<\/title>\n<meta name=\"robots\" content=\"noindex, follow\" \/>\n<meta property=\"og:locale\" content=\"hr_HR\" \/>\n<meta property=\"og:type\" content=\"article\" \/>\n<meta property=\"og:title\" content=\"Politika kola\u010di\u0107a - Elicit Plant Hrvatska\" \/>\n<meta property=\"og:description\" content=\"KAKO KONFIGURIRATI KOLA\u010cI\u0106E KOJI SE KORISTE NA STRANICI? Ovaj odjeljak obja\u0161njava kako dopustiti ili onemogu\u0107iti upotrebu kola\u010di\u0107a na Stranici. Prilikom prvog posjeta Stranici bit \u0107ete pozvani konfigurirati upotrebu kola\u010di\u0107a. Ova konfiguracija provodi se putem bannera s obja\u0161njenjem o njihovoj upotrebi, koji \u0107e vas, kada se pojavi, pozvati da pregledate kori\u0161tene kola\u010di\u0107e, da ih globalno prihvatite ili odbijete te, op\u0107enitije, da ih konfigurirate putem su\u010delja Stranice klikom na ikonu u donjem lijevom kutu va\u0161eg preglednika. Tijekom kori\u0161tenja Stranice i u bilo kojem trenutku mo\u017eete izmijeniti postavke kola\u010di\u0107a kako biste ih prihvatili ili odbili pristupom modulu koji vam omogu\u0107uje upravljanje va\u0161im pristankom u gore navedenom odjeljku. Tako\u0111er mo\u017eete blokirati neke ili sve tehni\u010dke kola\u010di\u0107e Stranice koji su potrebni za njezin ispravan rad izravno u postavkama va\u0161eg preglednika. Me\u0111utim, odbijanje dopu\u0161tanja ovih kola\u010di\u0107a putem preglednika mo\u017ee...\" \/>\n<meta property=\"og:url\" content=\"https:\/\/www.elicit-plant.com\/hr\/politika-kolacica\/\" \/>\n<meta property=\"og:site_name\" content=\"Elicit Plant Hrvatska\" \/>\n<meta property=\"article:modified_time\" content=\"2025-11-25T16:32:58+00:00\" \/>\n<meta name=\"twitter:card\" content=\"summary_large_image\" \/>\n<script type=\"application\/ld+json\" class=\"yoast-schema-graph\">{\"@context\":\"https:\/\/schema.org\",\"@graph\":[{\"@type\":\"WebPage\",\"@id\":\"https:\/\/www.elicit-plant.com\/hr\/politika-kolacica\/\",\"url\":\"https:\/\/www.elicit-plant.com\/hr\/politika-kolacica\/\",\"name\":\"Politika kola\u010di\u0107a - Elicit Plant Hrvatska\",\"isPartOf\":{\"@id\":\"https:\/\/www.elicit-plant.com\/hr\/#website\"},\"datePublished\":\"2025-11-20T08:57:55+00:00\",\"dateModified\":\"2025-11-25T16:32:58+00:00\",\"breadcrumb\":{\"@id\":\"https:\/\/www.elicit-plant.com\/hr\/politika-kolacica\/#breadcrumb\"},\"inLanguage\":\"hr\",\"potentialAction\":[{\"@type\":\"ReadAction\",\"target\":[\"https:\/\/www.elicit-plant.com\/hr\/politika-kolacica\/\"]}]},{\"@type\":\"BreadcrumbList\",\"@id\":\"https:\/\/www.elicit-plant.com\/hr\/politika-kolacica\/#breadcrumb\",\"itemListElement\":[{\"@type\":\"ListItem\",\"position\":1,\"name\":\"Po\u010detna stranica\",\"item\":\"https:\/\/www.elicit-plant.com\/hr\/\"},{\"@type\":\"ListItem\",\"position\":2,\"name\":\"Politika kola\u010di\u0107a\"}]},{\"@type\":\"WebSite\",\"@id\":\"https:\/\/www.elicit-plant.com\/hr\/#website\",\"url\":\"https:\/\/www.elicit-plant.com\/hr\/\",\"name\":\"Elicit Plant Hrvatska\",\"description\":\"\",\"potentialAction\":[{\"@type\":\"SearchAction\",\"target\":{\"@type\":\"EntryPoint\",\"urlTemplate\":\"https:\/\/www.elicit-plant.com\/hr\/?s={search_term_string}\"},\"query-input\":{\"@type\":\"PropertyValueSpecification\",\"valueRequired\":true,\"valueName\":\"search_term_string\"}}],\"inLanguage\":\"hr\"}]}<\/script>\n<!-- \/ Yoast SEO plugin. -->","yoast_head_json":{"title":"Politika kola\u010di\u0107a - Elicit Plant Hrvatska","robots":{"index":"noindex","follow":"follow"},"og_locale":"hr_HR","og_type":"article","og_title":"Politika kola\u010di\u0107a - Elicit Plant Hrvatska","og_description":"KAKO KONFIGURIRATI KOLA\u010cI\u0106E KOJI SE KORISTE NA STRANICI? Ovaj odjeljak obja\u0161njava kako dopustiti ili onemogu\u0107iti upotrebu kola\u010di\u0107a na Stranici. Prilikom prvog posjeta Stranici bit \u0107ete pozvani konfigurirati upotrebu kola\u010di\u0107a. Ova konfiguracija provodi se putem bannera s obja\u0161njenjem o njihovoj upotrebi, koji \u0107e vas, kada se pojavi, pozvati da pregledate kori\u0161tene kola\u010di\u0107e, da ih globalno prihvatite ili odbijete te, op\u0107enitije, da ih konfigurirate putem su\u010delja Stranice klikom na ikonu u donjem lijevom kutu va\u0161eg preglednika. Tijekom kori\u0161tenja Stranice i u bilo kojem trenutku mo\u017eete izmijeniti postavke kola\u010di\u0107a kako biste ih prihvatili ili odbili pristupom modulu koji vam omogu\u0107uje upravljanje va\u0161im pristankom u gore navedenom odjeljku. Tako\u0111er mo\u017eete blokirati neke ili sve tehni\u010dke kola\u010di\u0107e Stranice koji su potrebni za njezin ispravan rad izravno u postavkama va\u0161eg preglednika. Me\u0111utim, odbijanje dopu\u0161tanja ovih kola\u010di\u0107a putem preglednika mo\u017ee...","og_url":"https:\/\/www.elicit-plant.com\/hr\/politika-kolacica\/","og_site_name":"Elicit Plant Hrvatska","article_modified_time":"2025-11-25T16:32:58+00:00","twitter_card":"summary_large_image","schema":{"@context":"https:\/\/schema.org","@graph":[{"@type":"WebPage","@id":"https:\/\/www.elicit-plant.com\/hr\/politika-kolacica\/","url":"https:\/\/www.elicit-plant.com\/hr\/politika-kolacica\/","name":"Politika kola\u010di\u0107a - Elicit Plant Hrvatska","isPartOf":{"@id":"https:\/\/www.elicit-plant.com\/hr\/#website"},"datePublished":"2025-11-20T08:57:55+00:00","dateModified":"2025-11-25T16:32:58+00:00","breadcrumb":{"@id":"https:\/\/www.elicit-plant.com\/hr\/politika-kolacica\/#breadcrumb"},"inLanguage":"hr","potentialAction":[{"@type":"ReadAction","target":["https:\/\/www.elicit-plant.com\/hr\/politika-kolacica\/"]}]},{"@type":"BreadcrumbList","@id":"https:\/\/www.elicit-plant.com\/hr\/politika-kolacica\/#breadcrumb","itemListElement":[{"@type":"ListItem","position":1,"name":"Po\u010detna stranica","item":"https:\/\/www.elicit-plant.com\/hr\/"},{"@type":"ListItem","position":2,"name":"Politika kola\u010di\u0107a"}]},{"@type":"WebSite","@id":"https:\/\/www.elicit-plant.com\/hr\/#website","url":"https:\/\/www.elicit-plant.com\/hr\/","name":"Elicit Plant Hrvatska","description":"","potentialAction":[{"@type":"SearchAction","target":{"@type":"EntryPoint","urlTemplate":"https:\/\/www.elicit-plant.com\/hr\/?s={search_term_string}"},"query-input":{"@type":"PropertyValueSpecification","valueRequired":true,"valueName":"search_term_string"}}],"inLanguage":"hr"}]}},"_links":{"self":[{"href":"https:\/\/www.elicit-plant.com\/hr\/wp-json\/wp\/v2\/pages\/285","targetHints":{"allow":["GET"]}}],"collection":[{"href":"https:\/\/www.elicit-plant.com\/hr\/wp-json\/wp\/v2\/pages"}],"about":[{"href":"https:\/\/www.elicit-plant.com\/hr\/wp-json\/wp\/v2\/types\/page"}],"author":[{"embeddable":true,"href":"https:\/\/www.elicit-plant.com\/hr\/wp-json\/wp\/v2\/users\/6"}],"replies":[{"embeddable":true,"href":"https:\/\/www.elicit-plant.com\/hr\/wp-json\/wp\/v2\/comments?post=285"}],"version-history":[{"count":3,"href":"https:\/\/www.elicit-plant.com\/hr\/wp-json\/wp\/v2\/pages\/285\/revisions"}],"predecessor-version":[{"id":377,"href":"https:\/\/www.elicit-plant.com\/hr\/wp-json\/wp\/v2\/pages\/285\/revisions\/377"}],"wp:attachment":[{"href":"https:\/\/www.elicit-plant.com\/hr\/wp-json\/wp\/v2\/media?parent=285"}],"curies":[{"name":"wp","href":"https:\/\/api.w.org\/{rel}","templated":true}]}}