{"id":287,"date":"2025-11-20T10:00:17","date_gmt":"2025-11-20T09:00:17","guid":{"rendered":"https:\/\/www.elicit-plant.com\/hr\/?page_id=287"},"modified":"2026-03-09T11:27:11","modified_gmt":"2026-03-09T10:27:11","slug":"rjesenja-protiv-stresa-od-suse","status":"publish","type":"page","link":"https:\/\/www.elicit-plant.com\/hr\/rjesenja-protiv-stresa-od-suse\/","title":{"rendered":"Rje\u0161enja protiv stresa od su\u0161e"},"content":{"rendered":"<section class=\"cbo-heropicture\" data-anim-group>\n\t<div class=\"cbo-breadcrumbs breadcrumbs--normal\">\n  <div class=\"breadcrumbs-inner\">\n    <span><span><a href=\"https:\/\/www.elicit-plant.com\/hr\/\">Po\u010detna stranica<\/a><\/span><\/span>\t<\/div>\n<\/div>\n\t<div class=\"heropicture-picture cbo-picture-cover\">\n\t\t<img decoding=\"async\" src=\"https:\/\/www.elicit-plant.com\/app\/uploads\/sites\/15\/2025\/11\/Fond-decran-tri-cultures-1024x532.jpg\" srcset=\"https:\/\/www.elicit-plant.com\/app\/uploads\/sites\/15\/2025\/11\/Fond-decran-tri-cultures-320x166.jpg 320w, https:\/\/www.elicit-plant.com\/app\/uploads\/sites\/15\/2025\/11\/Fond-decran-tri-cultures-768x399.jpg 768w, https:\/\/www.elicit-plant.com\/app\/uploads\/sites\/15\/2025\/11\/Fond-decran-tri-cultures-1024x532.jpg 1024w, https:\/\/www.elicit-plant.com\/app\/uploads\/sites\/15\/2025\/11\/Fond-decran-tri-cultures.jpg 1280w, https:\/\/www.elicit-plant.com\/app\/uploads\/sites\/15\/2025\/11\/Fond-decran-tri-cultures.jpg 1920w\" class=\"\" alt=\"\" width=\"1024\" height=\"532\" sizes=\"auto, 100vw\" loading=\"lazy\" \/>\t<\/div>\n\n\t<div class=\"heropicture-inner cbo-container container--small container--padding\">\n\t\t<div class=\"heropicture-content\">\n\n\t\t\t\t\t\t<p class=\"content-uptitle cbo-uptitle scale-up\">\n\t\t\t\tTVRTKA ELICIT PLANT POZIVA VAS DA OTKRIJETE NJEZINA\t\t\t<\/p>\n\t\t\t\n\t\t\t<h1 class=\"content-title cbo-title-2 slide-down\">\n\t\t\t\tRje\u0161enja protiv stresa od su\u0161e za ratarske kulture\t\t\t<\/h1>\n\t\t<\/div>\n\t<\/div>\n<\/section>\n\n<section class=\"cbo-text cbo-margin-container\">\n    <div class=\"\n        text-inner\n                cbo-container\n        container--small        \"\n    >\n        <div class=\"text-content cbo-cms cms--large\">\n            <h2 style=\"text-align: left;\">Sprije\u010dite stres od su\u0161e u ratarskim kulturama i osigurajte prinose<\/h2>\n<p><span lang=\"HR\">Elicit Plant poma\u017ee poljoprivrednicima diljem svijeta da se suo\u010de s izazovima klimatskih promjena i utjecajem nesta\u0161ice vode na usjeve,\u00a0<strong><span style=\"color: #86b049;\">prirodnim<\/span><\/strong>,\u00a0<strong><span style=\"color: #86b049;\">visokou\u010dinkovitim<\/span><\/strong>\u00a0<strong><span style=\"color: #86b049;\">rje\u0161enjima<\/span><\/strong>\u00a0prilago\u0111enima poljoprivrednim praksama.<\/span><\/p>\n<h3 style=\"size=25px text-align: left;\">Jedinstven na\u010din djelovanja<\/h3>\n<p>Na\u0161i proizvodi za borbu protiv\u00a0<strong>stresa uzrokovanog su\u0161om<\/strong>\u00a0formulirani su upotrebom jedinstvene\u00a0<a href=\"https:\/\/www.elicit-plant.com\/hr\/znanost-i-tehnologija\/\" target=\"_blank\" rel=\"noopener\"><strong>tehnologije temeljene na fitosterolima<\/strong><\/a>, molekulama prirodnog podrijetla koje, kada se primjenjuju kao preventivna mjera, poma\u017eu va\u0161im usjevima da bolje podnose razdoblja nesta\u0161ice vode, sve do \u017eetve.<\/p>\n\n            <div style=\"clear: both;\"><\/div>\n        <\/div>\n    <\/div>\n<\/section>\n\n\n\n<section class=\"cbo-textblocks\">\n    <div class=\"textblocks-inner cbo-container\">\n\n        \n\n        \n        <div class=\"textblocks-list\">\n                        \n                                    <span class=\"list-el scale-up\" data-delay=\"0\">\n                \n                    <span class=\"el-inner inner--colorgreen cbo-cms cms--white\">\n                        \n                                                    <span class=\"el-title\">\n                                U\u010dinak                            <\/span>\n                        \n                                                    <span class=\"el-content\">\n                                Pobolj\u0161ava prinose                            <\/span>\n                        \n                                            <\/span>\n\n                                    <\/span>\n                \n                        \n                                    <span class=\"list-el scale-up\" data-delay=\"100\">\n                \n                    <span class=\"el-inner inner--colorbrown cbo-cms cms--white\">\n                        \n                                                    <span class=\"el-title\">\n                                Spokoj                            <\/span>\n                        \n                                                    <span class=\"el-content\">\n                                Osigurava va\u0161a ulaganja                            <\/span>\n                        \n                                            <\/span>\n\n                                    <\/span>\n                \n                        \n                                    <span class=\"list-el scale-up\" data-delay=\"200\">\n                \n                    <span class=\"el-inner inner--coloryellow cbo-cms cms--white\">\n                        \n                                                    <span class=\"el-title\">\n                                Sigurnost                            <\/span>\n                        \n                                                    <span class=\"el-content\">\n                                Otpornost na nesta\u0161icu vode u 100 % slu\u010dajeva                            <\/span>\n                        \n                                            <\/span>\n\n                                    <\/span>\n                \n                    <\/div>\n\n        \t\t\t<div class=\"textblocks-button\">\n\t\t\t\t\t\t\t<\/div>\n\t\t\n    <\/div>\n<\/section>\n\n<section class=\"cbo-text cbo-margin-container\">\n    <div class=\"\n        text-inner\n                cbo-container\n        container--small        \"\n    >\n        <div class=\"text-content cbo-cms cms--large\">\n            <h2>3 inovativna rje\u0161enja za borbu protiv stresa uzrokovanog su\u0161om<\/h2>\n<p>Danas na\u0161a ponuda proizvoda uklju\u010duje 3 inovativna rje\u0161enja s dokazanim u\u010dinkom.<\/p>\n\n            <div style=\"clear: both;\"><\/div>\n        <\/div>\n    <\/div>\n<\/section>\n\n\n<section class=\"cbo-textproduct textproduct--normal\">\n    <div class=\"textproduct-inner cbo-container\">\n\n        <div class=\"textproduct-picture\">\n                            <div class=\"picture-product cbo-picture-contain slide-right\">\n                    <img decoding=\"async\" src=\"https:\/\/www.elicit-plant.com\/app\/uploads\/sites\/15\/2026\/03\/EliZea-biais-HR-SI-570x768.png\" srcset=\"https:\/\/www.elicit-plant.com\/app\/uploads\/sites\/15\/2026\/03\/EliZea-biais-HR-SI-237x320.png 320w, https:\/\/www.elicit-plant.com\/app\/uploads\/sites\/15\/2026\/03\/EliZea-biais-HR-SI-570x768.png 768w, https:\/\/www.elicit-plant.com\/app\/uploads\/sites\/15\/2026\/03\/EliZea-biais-HR-SI-760x1024.png 1024w\" class=\"\" alt=\"EliZea za vodeni stres kukuruza zrna\" width=\"570\" height=\"768\" sizes=\"auto, 100vw\" loading=\"lazy\" \/>                <\/div>\n                        <div class=\"picture-inner cbo-picture-cover\">\n                <img decoding=\"async\" src=\"https:\/\/www.elicit-plant.com\/app\/uploads\/sites\/15\/2025\/11\/Epi-de-mais-sans-stress-hydrique-1-320x318.png\" srcset=\"https:\/\/www.elicit-plant.com\/app\/uploads\/sites\/15\/2025\/11\/Epi-de-mais-sans-stress-hydrique-1-320x318.png 320w, https:\/\/www.elicit-plant.com\/app\/uploads\/sites\/15\/2025\/11\/Epi-de-mais-sans-stress-hydrique-1.png 768w, https:\/\/www.elicit-plant.com\/app\/uploads\/sites\/15\/2025\/11\/Epi-de-mais-sans-stress-hydrique-1.png 1024w\" class=\"\" alt=\"klip kukuruza bez vodnog stresa\" width=\"320\" height=\"318\" sizes=\"auto, 100vw\" loading=\"lazy\" \/>            <\/div>\n        <\/div>\n\n        <div class=\"textproduct-content cbo-cms cms--large\">\n                            <span class=\"content-uptitle\">\n                    Ograni\u010dava stres uzrokovan su\u0161om kod kukuruza                <\/span>\n            \n                            <h2 class=\"content-title cbo-title-2\">\n                    EliZea Koruza                <\/h2>\n             \n            <p><strong>\u010cuva prinos kukuruza unato\u010d razdobljima nesta\u0161ice vode<\/strong><\/p>\n<ul>\n<li>Smanjuje evapotranspiraciju<\/li>\n<li>Optimizira dostupnost vode u tlu<\/li>\n<li>Pobolj\u0161ava rast korijena<\/li>\n<li>Smanjuje potro\u0161nju vode i istovremeno odr\u017eava rast biljke<\/li>\n<\/ul>\n<h3>Otkrijte EliZea:<\/h3>\n<p>\u27a1\ufe0f <a href=\"https:\/\/www.elicit-plant.com\/hr\/proizvodi\/elizea-za-kukuruz-zrno\/\">Za kukuruz zrno<\/a><br \/>\n\u27a1\ufe0f <a href=\"https:\/\/www.elicit-plant.com\/hr\/proizvodi\/elizea-za-kukuruz-silazu\/\">Za kukuruz sila\u017eu<\/a><\/p>\n        <\/div>\n\n    <\/div>\n<\/section>\n\n<section class=\"cbo-textproduct textproduct--reverse\">\n    <div class=\"textproduct-inner cbo-container\">\n\n        <div class=\"textproduct-picture\">\n                            <div class=\"picture-product cbo-picture-contain slide-right\">\n                    <img decoding=\"async\" src=\"https:\/\/www.elicit-plant.com\/app\/uploads\/sites\/15\/2026\/03\/EliGrain-a-biais-HR-SI-570x768.png\" srcset=\"https:\/\/www.elicit-plant.com\/app\/uploads\/sites\/15\/2026\/03\/EliGrain-a-biais-HR-SI-237x320.png 320w, https:\/\/www.elicit-plant.com\/app\/uploads\/sites\/15\/2026\/03\/EliGrain-a-biais-HR-SI-570x768.png 768w, https:\/\/www.elicit-plant.com\/app\/uploads\/sites\/15\/2026\/03\/EliGrain-a-biais-HR-SI-760x1024.png 1024w\" class=\"\" alt=\"EliGrain-a\" width=\"570\" height=\"768\" sizes=\"auto, 100vw\" loading=\"lazy\" \/>                <\/div>\n                        <div class=\"picture-inner cbo-picture-cover\">\n                <img decoding=\"async\" src=\"https:\/\/www.elicit-plant.com\/app\/uploads\/sites\/15\/2025\/11\/Photo-ble-recolte-320x213.jpg\" srcset=\"https:\/\/www.elicit-plant.com\/app\/uploads\/sites\/15\/2025\/11\/Photo-ble-recolte-320x213.jpg 320w, https:\/\/www.elicit-plant.com\/app\/uploads\/sites\/15\/2025\/11\/Photo-ble-recolte-768x512.jpg 768w, https:\/\/www.elicit-plant.com\/app\/uploads\/sites\/15\/2025\/11\/Photo-ble-recolte.jpg 1024w\" class=\"\" alt=\"p\u0161enica bez vodnog stresa spremna za \u017eetvu\" width=\"320\" height=\"213\" sizes=\"auto, 100vw\" loading=\"lazy\" \/>            <\/div>\n        <\/div>\n\n        <div class=\"textproduct-content cbo-cms cms--large\">\n                            <span class=\"content-uptitle\">\n                    Ubla\u017eava nesta\u0161icu vode kod jarog je\u010dma                <\/span>\n            \n                            <h2 class=\"content-title cbo-title-2\">\n                    EliGrain-a \u017dita                <\/h2>\n             \n            <p><strong>\u010cuva prinose jarog je\u010dma tijekom nesta\u0161ice vode<\/strong><\/p>\n<ul>\n<li>Poti\u010de rast korijena, omogu\u0107uju\u0107i bolji pristup vodnim resursima u tlu<\/li>\n<li>Usporava starenje nakon primjene, \u010duvaju\u0107i nadzemnu biomasu<\/li>\n<li>\u010cuva plodnost klasa tijekom razdoblja visoke osjetljivosti na stres uzrokovan su\u0161om<\/li>\n<li>Odr\u017eava stabilno punjenje zrna i te\u017einu tisu\u0107u zrna tijekom nesta\u0161ice vode<\/li>\n<li>Odr\u017eava kriterije kvalitete zrna: razred i sadr\u017eaj proteina za maksimalnu vrijednost u pivarskoj industriji<\/li>\n<\/ul>\n<h3>Otkrijte EliGrain-a:<\/h3>\n<p>\u27a1\ufe0f <a href=\"https:\/\/www.elicit-plant.com\/hr\/proizvodi\/eligrain-a-za-psenicu\/\">Za p\u0161enicu<\/a><br \/>\n\u27a1\ufe0f <a href=\"https:\/\/www.elicit-plant.com\/hr\/proizvodi\/eligrain-a-za-jari-jecam\/\">Za jari je\u010dam<\/a><\/p>\n        <\/div>\n\n    <\/div>\n<\/section>\n\n<section class=\"cbo-textbackground\">\n\t<picture class=\"textbackground-picture cbo-picture-cover\">\n\t\t<img decoding=\"async\" src=\"https:\/\/www.elicit-plant.com\/app\/uploads\/sites\/15\/2025\/11\/Get-our-products-1024x574.jpg\" srcset=\"https:\/\/www.elicit-plant.com\/app\/uploads\/sites\/15\/2025\/11\/Get-our-products-1400x785.jpg 1400w\" class=\"\" alt=\"\" width=\"1024\" height=\"574\" sizes=\"auto, 100vw\" loading=\"lazy\" \/>\t<\/picture>\n\n\t<div class=\"textbackground-inner cbo-container container--small container--padding\">\n\n\t\t<div class=\"textbackground-content cbo-cms cms--white cms--large\">\n\t\t\t\n\t\t\t\t\t\t\t<h2 class=\"content-title scale-up\" data-delay=\"100\">\n\t\t\t\t\tTra\u017eite distributera ili \u017eelite postati jedan od njih?\t\t\t\t<\/h2>\n\t\t\t\n\t\t\t\t\t\t\t<div class=\"content-text scale-up\" data-delay=\"200\">\n\t\t\t\t\t<p>&nbsp;<\/p>\n<p style=\"text-align: center;\" align=\"center\"><span lang=\"HR\">Ako ste zainteresirani za na\u0161a inovativna rje\u0161enja za borbu protiv su\u0161e kod ratarskih usjeva, Elicit Plant mo\u017ee vam dati popis svojih distributera.<\/span><\/p>\n<p style=\"text-align: center;\" align=\"center\"><span lang=\"HR\">Ako \u017eelite distribuirati na\u0161a rje\u0161enja, mo\u017eemo zajedno razgovarati o modalitetima.<\/span><\/p>\n<p style=\"margin-bottom: 0cm; text-align: center;\" align=\"center\"><span lang=\"HR\">Da biste to u\u010dinili, kontaktirajte nas putem na\u0161eg posebnog kontaktnog obrasca.<\/span><\/p>\n\t\t\t\t<\/div>\n\t\t\t\n\t\t\t\t\t\t\t<div class=\"content-button scale-up\" data-delay=\"300\">\n\t\t\t\t\t<a\t\thref=\"https:\/\/www.elicit-plant.com\/hr\/kontakt\/\"\n\ttarget=\"_blank\"\n\t\n\t\n\tclass=\"cbo-button button--browndark button--normal\" >\n\t\u017delim kontaktirati Elicit Plant<\/a>\n\t\t\t\t<\/div>\n\t\t\t\n\t\t<\/div>\n\n\t<\/div>\n<\/section>","protected":false},"excerpt":{"rendered":"<p>Sprije\u010dite stres od su\u0161e u ratarskim kulturama i osigurajte prinose Elicit Plant poma\u017ee poljoprivrednicima diljem svijeta da se suo\u010de s izazovima klimatskih promjena i utjecajem nesta\u0161ice vode na usjeve,\u00a0prirodnim,\u00a0visokou\u010dinkovitim\u00a0rje\u0161enjima\u00a0prilago\u0111enima poljoprivrednim praksama. Jedinstven na\u010din djelovanja Na\u0161i proizvodi za borbu protiv\u00a0stresa uzrokovanog su\u0161om\u00a0formulirani su upotrebom jedinstvene\u00a0tehnologije temeljene na fitosterolima, molekulama prirodnog podrijetla koje, kada se primjenjuju kao preventivna mjera, poma\u017eu va\u0161im usjevima da bolje podnose razdoblja nesta\u0161ice vode, sve do \u017eetve. 3 inovativna rje\u0161enja za borbu protiv stresa uzrokovanog su\u0161om Danas na\u0161a ponuda proizvoda uklju\u010duje 3 inovativna rje\u0161enja s dokazanim u\u010dinkom.<\/p>\n","protected":false},"author":6,"featured_media":355,"parent":0,"menu_order":0,"comment_status":"closed","ping_status":"closed","template":"","meta":{"_acf_changed":false,"footnotes":""},"class_list":["post-287","page","type-page","status-publish","has-post-thumbnail","hentry"],"acf":[],"yoast_head":"<!-- This site is optimized with the Yoast SEO plugin v27.2 - https:\/\/yoast.com\/product\/yoast-seo-wordpress\/ -->\n<title>Rje\u0161enja protiv stresa od su\u0161e za ratarske kulture - Elicit Plant Hrvatska<\/title>\n<meta name=\"description\" content=\"Sura\u0111ujemo s poljoprivrednicima diljem svijeta kako bismo se suo\u010dili s izazovima klimatskih promjena i utjecajem nesta\u0161ice vode na poljoprivredne kulture.\" \/>\n<meta name=\"robots\" content=\"index, follow, max-snippet:-1, max-image-preview:large, max-video-preview:-1\" \/>\n<link rel=\"canonical\" href=\"https:\/\/www.elicit-plant.com\/hr\/rjesenja-protiv-stresa-od-suse\/\" \/>\n<meta property=\"og:locale\" content=\"hr_HR\" \/>\n<meta property=\"og:type\" content=\"article\" \/>\n<meta property=\"og:title\" content=\"Rje\u0161enja protiv stresa od su\u0161e za ratarske kulture - Elicit Plant Hrvatska\" \/>\n<meta property=\"og:description\" content=\"Sura\u0111ujemo s poljoprivrednicima diljem svijeta kako bismo se suo\u010dili s izazovima klimatskih promjena i utjecajem nesta\u0161ice vode na poljoprivredne kulture.\" \/>\n<meta property=\"og:url\" content=\"https:\/\/www.elicit-plant.com\/hr\/rjesenja-protiv-stresa-od-suse\/\" \/>\n<meta property=\"og:site_name\" content=\"Elicit Plant Hrvatska\" \/>\n<meta property=\"article:modified_time\" content=\"2026-03-09T10:27:11+00:00\" \/>\n<meta property=\"og:image\" content=\"https:\/\/www.elicit-plant.com\/app\/uploads\/sites\/15\/2025\/11\/Fond-decran-tri-cultures.jpg\" \/>\n\t<meta property=\"og:image:width\" content=\"1248\" \/>\n\t<meta property=\"og:image:height\" content=\"648\" \/>\n\t<meta property=\"og:image:type\" content=\"image\/jpeg\" \/>\n<meta name=\"twitter:card\" content=\"summary_large_image\" \/>\n<meta name=\"twitter:label1\" content=\"Procijenjeno vrijeme \u010ditanja\" \/>\n\t<meta name=\"twitter:data1\" content=\"1 minuta\" \/>\n<script type=\"application\/ld+json\" class=\"yoast-schema-graph\">{\"@context\":\"https:\/\/schema.org\",\"@graph\":[{\"@type\":\"WebPage\",\"@id\":\"https:\/\/www.elicit-plant.com\/hr\/rjesenja-protiv-stresa-od-suse\/\",\"url\":\"https:\/\/www.elicit-plant.com\/hr\/rjesenja-protiv-stresa-od-suse\/\",\"name\":\"Rje\u0161enja protiv stresa od su\u0161e za ratarske kulture - Elicit Plant Hrvatska\",\"isPartOf\":{\"@id\":\"https:\/\/www.elicit-plant.com\/hr\/#website\"},\"primaryImageOfPage\":{\"@id\":\"https:\/\/www.elicit-plant.com\/hr\/rjesenja-protiv-stresa-od-suse\/#primaryimage\"},\"image\":{\"@id\":\"https:\/\/www.elicit-plant.com\/hr\/rjesenja-protiv-stresa-od-suse\/#primaryimage\"},\"thumbnailUrl\":\"https:\/\/www.elicit-plant.com\/app\/uploads\/sites\/15\/2025\/11\/Fond-decran-tri-cultures.jpg\",\"datePublished\":\"2025-11-20T09:00:17+00:00\",\"dateModified\":\"2026-03-09T10:27:11+00:00\",\"description\":\"Sura\u0111ujemo s poljoprivrednicima diljem svijeta kako bismo se suo\u010dili s izazovima klimatskih promjena i utjecajem nesta\u0161ice vode na poljoprivredne kulture.\",\"breadcrumb\":{\"@id\":\"https:\/\/www.elicit-plant.com\/hr\/rjesenja-protiv-stresa-od-suse\/#breadcrumb\"},\"inLanguage\":\"hr\",\"potentialAction\":[{\"@type\":\"ReadAction\",\"target\":[\"https:\/\/www.elicit-plant.com\/hr\/rjesenja-protiv-stresa-od-suse\/\"]}]},{\"@type\":\"ImageObject\",\"inLanguage\":\"hr\",\"@id\":\"https:\/\/www.elicit-plant.com\/hr\/rjesenja-protiv-stresa-od-suse\/#primaryimage\",\"url\":\"https:\/\/www.elicit-plant.com\/app\/uploads\/sites\/15\/2025\/11\/Fond-decran-tri-cultures.jpg\",\"contentUrl\":\"https:\/\/www.elicit-plant.com\/app\/uploads\/sites\/15\/2025\/11\/Fond-decran-tri-cultures.jpg\",\"width\":1248,\"height\":648},{\"@type\":\"BreadcrumbList\",\"@id\":\"https:\/\/www.elicit-plant.com\/hr\/rjesenja-protiv-stresa-od-suse\/#breadcrumb\",\"itemListElement\":[{\"@type\":\"ListItem\",\"position\":1,\"name\":\"Po\u010detna stranica\",\"item\":\"https:\/\/www.elicit-plant.com\/hr\/\"},{\"@type\":\"ListItem\",\"position\":2,\"name\":\"Rje\u0161enja protiv stresa od su\u0161e\"}]},{\"@type\":\"WebSite\",\"@id\":\"https:\/\/www.elicit-plant.com\/hr\/#website\",\"url\":\"https:\/\/www.elicit-plant.com\/hr\/\",\"name\":\"Elicit Plant Hrvatska\",\"description\":\"\",\"potentialAction\":[{\"@type\":\"SearchAction\",\"target\":{\"@type\":\"EntryPoint\",\"urlTemplate\":\"https:\/\/www.elicit-plant.com\/hr\/?s={search_term_string}\"},\"query-input\":{\"@type\":\"PropertyValueSpecification\",\"valueRequired\":true,\"valueName\":\"search_term_string\"}}],\"inLanguage\":\"hr\"}]}<\/script>\n<!-- \/ Yoast SEO plugin. -->","yoast_head_json":{"title":"Rje\u0161enja protiv stresa od su\u0161e za ratarske kulture - Elicit Plant Hrvatska","description":"Sura\u0111ujemo s poljoprivrednicima diljem svijeta kako bismo se suo\u010dili s izazovima klimatskih promjena i utjecajem nesta\u0161ice vode na poljoprivredne kulture.","robots":{"index":"index","follow":"follow","max-snippet":"max-snippet:-1","max-image-preview":"max-image-preview:large","max-video-preview":"max-video-preview:-1"},"canonical":"https:\/\/www.elicit-plant.com\/hr\/rjesenja-protiv-stresa-od-suse\/","og_locale":"hr_HR","og_type":"article","og_title":"Rje\u0161enja protiv stresa od su\u0161e za ratarske kulture - Elicit Plant Hrvatska","og_description":"Sura\u0111ujemo s poljoprivrednicima diljem svijeta kako bismo se suo\u010dili s izazovima klimatskih promjena i utjecajem nesta\u0161ice vode na poljoprivredne kulture.","og_url":"https:\/\/www.elicit-plant.com\/hr\/rjesenja-protiv-stresa-od-suse\/","og_site_name":"Elicit Plant Hrvatska","article_modified_time":"2026-03-09T10:27:11+00:00","og_image":[{"width":1248,"height":648,"url":"https:\/\/www.elicit-plant.com\/app\/uploads\/sites\/15\/2025\/11\/Fond-decran-tri-cultures.jpg","type":"image\/jpeg"}],"twitter_card":"summary_large_image","twitter_misc":{"Procijenjeno vrijeme \u010ditanja":"1 minuta"},"schema":{"@context":"https:\/\/schema.org","@graph":[{"@type":"WebPage","@id":"https:\/\/www.elicit-plant.com\/hr\/rjesenja-protiv-stresa-od-suse\/","url":"https:\/\/www.elicit-plant.com\/hr\/rjesenja-protiv-stresa-od-suse\/","name":"Rje\u0161enja protiv stresa od su\u0161e za ratarske kulture - Elicit Plant Hrvatska","isPartOf":{"@id":"https:\/\/www.elicit-plant.com\/hr\/#website"},"primaryImageOfPage":{"@id":"https:\/\/www.elicit-plant.com\/hr\/rjesenja-protiv-stresa-od-suse\/#primaryimage"},"image":{"@id":"https:\/\/www.elicit-plant.com\/hr\/rjesenja-protiv-stresa-od-suse\/#primaryimage"},"thumbnailUrl":"https:\/\/www.elicit-plant.com\/app\/uploads\/sites\/15\/2025\/11\/Fond-decran-tri-cultures.jpg","datePublished":"2025-11-20T09:00:17+00:00","dateModified":"2026-03-09T10:27:11+00:00","description":"Sura\u0111ujemo s poljoprivrednicima diljem svijeta kako bismo se suo\u010dili s izazovima klimatskih promjena i utjecajem nesta\u0161ice vode na poljoprivredne kulture.","breadcrumb":{"@id":"https:\/\/www.elicit-plant.com\/hr\/rjesenja-protiv-stresa-od-suse\/#breadcrumb"},"inLanguage":"hr","potentialAction":[{"@type":"ReadAction","target":["https:\/\/www.elicit-plant.com\/hr\/rjesenja-protiv-stresa-od-suse\/"]}]},{"@type":"ImageObject","inLanguage":"hr","@id":"https:\/\/www.elicit-plant.com\/hr\/rjesenja-protiv-stresa-od-suse\/#primaryimage","url":"https:\/\/www.elicit-plant.com\/app\/uploads\/sites\/15\/2025\/11\/Fond-decran-tri-cultures.jpg","contentUrl":"https:\/\/www.elicit-plant.com\/app\/uploads\/sites\/15\/2025\/11\/Fond-decran-tri-cultures.jpg","width":1248,"height":648},{"@type":"BreadcrumbList","@id":"https:\/\/www.elicit-plant.com\/hr\/rjesenja-protiv-stresa-od-suse\/#breadcrumb","itemListElement":[{"@type":"ListItem","position":1,"name":"Po\u010detna stranica","item":"https:\/\/www.elicit-plant.com\/hr\/"},{"@type":"ListItem","position":2,"name":"Rje\u0161enja protiv stresa od su\u0161e"}]},{"@type":"WebSite","@id":"https:\/\/www.elicit-plant.com\/hr\/#website","url":"https:\/\/www.elicit-plant.com\/hr\/","name":"Elicit Plant Hrvatska","description":"","potentialAction":[{"@type":"SearchAction","target":{"@type":"EntryPoint","urlTemplate":"https:\/\/www.elicit-plant.com\/hr\/?s={search_term_string}"},"query-input":{"@type":"PropertyValueSpecification","valueRequired":true,"valueName":"search_term_string"}}],"inLanguage":"hr"}]}},"_links":{"self":[{"href":"https:\/\/www.elicit-plant.com\/hr\/wp-json\/wp\/v2\/pages\/287","targetHints":{"allow":["GET"]}}],"collection":[{"href":"https:\/\/www.elicit-plant.com\/hr\/wp-json\/wp\/v2\/pages"}],"about":[{"href":"https:\/\/www.elicit-plant.com\/hr\/wp-json\/wp\/v2\/types\/page"}],"author":[{"embeddable":true,"href":"https:\/\/www.elicit-plant.com\/hr\/wp-json\/wp\/v2\/users\/6"}],"replies":[{"embeddable":true,"href":"https:\/\/www.elicit-plant.com\/hr\/wp-json\/wp\/v2\/comments?post=287"}],"version-history":[{"count":7,"href":"https:\/\/www.elicit-plant.com\/hr\/wp-json\/wp\/v2\/pages\/287\/revisions"}],"predecessor-version":[{"id":617,"href":"https:\/\/www.elicit-plant.com\/hr\/wp-json\/wp\/v2\/pages\/287\/revisions\/617"}],"wp:featuredmedia":[{"embeddable":true,"href":"https:\/\/www.elicit-plant.com\/hr\/wp-json\/wp\/v2\/media\/355"}],"wp:attachment":[{"href":"https:\/\/www.elicit-plant.com\/hr\/wp-json\/wp\/v2\/media?parent=287"}],"curies":[{"name":"wp","href":"https:\/\/api.w.org\/{rel}","templated":true}]}}