{"id":153,"date":"2024-06-18T16:41:18","date_gmt":"2024-06-18T14:41:18","guid":{"rendered":"https:\/\/www.elicit-plant.com\/hu\/?page_id=153"},"modified":"2024-06-27T09:39:05","modified_gmt":"2024-06-27T07:39:05","slug":"eliterra","status":"publish","type":"page","link":"https:\/\/www.elicit-plant.com\/hu\/tudomany-es-technologia\/eliterra\/","title":{"rendered":"Eliterra"},"content":{"rendered":"<section class=\"cbo-hero cbo-margin-container hero--colorgreen\" data-anim-group>\n\t<div class=\"cbo-breadcrumbs breadcrumbs--normal\">\n  <div class=\"breadcrumbs-inner\">\n    <span><span><a href=\"https:\/\/www.elicit-plant.com\/hu\/\">Home<\/a><\/span><\/span>\t<\/div>\n<\/div>\n\t<div class=\"hero-inner cbo-container container--padding\">\n\n\t\t<div class=\"hero-shapes\">\n\t\t\t<div class=\"shapes-color scale-up\"><\/div>\n\n\t\t\t<div class=\"shapes-picture cbo-picture-cover scale-up\"  data-delay=\"450\">\n\t\t\t\t<img decoding=\"async\" src=\"https:\/\/www.elicit-plant.com\/app\/uploads\/sites\/8\/2024\/06\/Phytosterols-multiples-768x768-1-320x320.jpg\" srcset=\"https:\/\/www.elicit-plant.com\/app\/uploads\/sites\/8\/2024\/06\/Phytosterols-multiples-768x768-1-320x320.jpg 320w, https:\/\/www.elicit-plant.com\/app\/uploads\/sites\/8\/2024\/06\/Phytosterols-multiples-768x768-1.jpg 768w\" class=\"\" alt=\"\" width=\"320\" height=\"320\" sizes=\"auto, 100vw\" loading=\"lazy\" \/>\t\t\t<\/div>\n\t\t<\/div>\n\n\t\t<div class=\"hero-content cbo-cms cms--large cms--white\">\n\t\t\t<div class=\"content-text\">\n\t\t\t\t<h1 class=\"hero-title cbo-heading slide-down\">\n\t\t\t\t\tAz EliTerra\u00ae kutat\u00e1si platform\t\t\t\t<\/h1>\n\n\t\t\t\t\t\t\t<\/div>\n\t\t<\/div>\n\n\t<\/div>\n<\/section>\n\n<section class=\"cbo-text cbo-margin-container\">\n    <div class=\"\n        text-inner\n                cbo-container\n        container--small        \"\n    >\n        <div class=\"text-content cbo-cms cms--large\">\n            <p><img loading=\"lazy\" decoding=\"async\" class=\"\" src=\"https:\/\/www.elicit-plant.com\/wp-content\/uploads\/2024\/02\/EliTerra-Logo-transparent.png\" alt=\"EliTerra, Technologic Platform\" width=\"609\" height=\"149\" \/><\/p>\n<h2><strong>EliTerra, az Elicit Plant technol\u00f3giai platformja<\/strong><\/h2>\n\n            <div style=\"clear: both;\"><\/div>\n        <\/div>\n    <\/div>\n<\/section>\n\n\n<section class=\"cbo-picture picture--contained\">\n\t<div class=\"picture-inner cbo-container container--small\">\n\t\t<div class=\"picture-element cbo-picture-cover\">\n\t\t\t<img decoding=\"async\" src=\"https:\/\/www.elicit-plant.com\/app\/uploads\/sites\/8\/2024\/06\/Eliterra-Platform-hu-1024x566.png\" srcset=\"https:\/\/www.elicit-plant.com\/app\/uploads\/sites\/8\/2024\/06\/Eliterra-Platform-hu-320x177.png 320w, https:\/\/www.elicit-plant.com\/app\/uploads\/sites\/8\/2024\/06\/Eliterra-Platform-hu-768x425.png 840w, https:\/\/www.elicit-plant.com\/app\/uploads\/sites\/8\/2024\/06\/Eliterra-Platform-hu-1024x566.png 1024w, https:\/\/www.elicit-plant.com\/app\/uploads\/sites\/8\/2024\/06\/Eliterra-Platform-hu-1400x774.png 1400w\" class=\"\" alt=\"Eliterra-platform\" width=\"1024\" height=\"566\" sizes=\"auto, 100vw\" loading=\"lazy\" \/>\t\t<\/div>\n\n\t\t\t<\/div>\n<\/section>\n\n<section class=\"cbo-textpicture textpicture--reverse\">\n    <div class=\"textpicture-inner cbo-container container--small\">\n\n        <div class=\"textpicture-picture\">\n            <div class=\"picture-inner cbo-picture-cover\">\n                <img decoding=\"async\" src=\"https:\/\/www.elicit-plant.com\/app\/uploads\/sites\/8\/2024\/06\/Leaf-stomates-close-up-320x320.jpg\" srcset=\"https:\/\/www.elicit-plant.com\/app\/uploads\/sites\/8\/2024\/06\/Leaf-stomates-close-up-320x320.jpg 320w, https:\/\/www.elicit-plant.com\/app\/uploads\/sites\/8\/2024\/06\/Leaf-stomates-close-up.jpg 768w, https:\/\/www.elicit-plant.com\/app\/uploads\/sites\/8\/2024\/06\/Leaf-stomates-close-up.jpg 1024w\" class=\"\" alt=\"K\u00f6zeli k\u00e9p a lev\u00e9lny\u00edl\u00e1sokr\u00f3l\" width=\"320\" height=\"320\" sizes=\"auto, 100vw\" loading=\"lazy\" \/>            <\/div>\n        <\/div>\n\n        <div class=\"textpicture-content cbo-cms cms--large\">\n            \n            \n            <p class=\"cbo-chapo\">Jelent\u0151s kutat\u00e1si potenci\u00e1l<\/p>\n<ul>\n<li>Sz\u00e1mos fitoszterol l\u00e9tezik \u00e9s minden egyes n\u00f6v\u00e9nyi faj ezek k\u00fcl\u00f6nb\u00f6z\u0151 vari\u00e1ci\u00f3it haszn\u00e1lja a stressz lek\u00fczd\u00e9s\u00e9re.<\/li>\n<li>Kutat\u00f3ink a sz\u00fcks\u00e9ges megold\u00e1st\u00f3l \u00e9s a gazd\u00e1k f\u00f6ldjein el\u00e9rni k\u00edv\u00e1nt eredm\u00e9nyt\u0151l f\u00fcgg\u0151en v\u00e1lasztj\u00e1k ki \u00e9s fejlesztik ki a leghat\u00e9konyabb formul\u00e1kat.<\/li>\n<\/ul>\n        <\/div>\n\n    <\/div>\n<\/section>\n\n\n<section class=\"cbo-quote\">\n    <div class=\"quote-inner cbo-container container--small\">\n\n        <div class=\"quote-infos\">\n            <i class=\"icon icon-quote\"><\/i>\n\n                            BENOIT POINSSOT, EGYETEMI OKTAT\u00d3-KUTAT\u00d3 AZ UMR AGR\u00c1R-\u00d6KOL\u00d3GIA TANSZ\u00c9K\u00c9N (INRAE, BORDEAUX-I EGYETEM, L\u2019INSTITUT AGRO DIJON)                    <\/div>\n       \n        <div class=\"quote-content cbo-title-3\">\n\t\t\tNem egy, hanem sz\u00e1mtalan fitoszterol l\u00e9tezik. A term\u00e9szetben t\u00f6bb mint 200 tal\u00e1lhat\u00f3, \u00e9s mindegyik stressz-\u00e9s fajtaspecifikus. A fitoszterolok kor\u00e1ntsem jelentenek \u00e1ltal\u00e1nosan j\u00f3 megold\u00e1st, \u00e9s az, hogy mennyire j\u00f3 teljes\u00edtm\u00e9nyt mutatnak a n\u00f6v\u00e9nyeken, nemcsak a sokf\u00e9les\u00e9g\u00fckt\u0151l f\u00fcgg, hanem att\u00f3l, hogyan kombin\u00e1lj\u00e1k \u0151ket \u00e9s term\u00e9szetesen a k\u00e9sz\u00edtm\u00e9nyt\u0151l is. Ez\u00e9rt az EliTerra\u00ae platform hatalmas lehet\u0151s\u00e9geket rejt a term\u00e9kfejleszt\u00e9s sz\u00e1m\u00e1ra.\t\t<\/div>\n    <\/div>\n<\/section>\n\n<section class=\"cbo-text cbo-margin-container\">\n    <div class=\"\n        text-inner\n                cbo-container\n        container--small        \"\n    >\n        <div class=\"text-content cbo-cms cms--large\">\n            <p style=\"margin-top: 0cm;\"><span lang=\"HU\">Az Elicit Plant metabolom, transzkriptom \u00e9s fenot\u00edpusos elemz\u00e9si technol\u00f3gi\u00e1kat alkalmazva kutat\u00e1st v\u00e9gez a k\u00f6rnyezeti stresszhat\u00e1sok ellen hat\u00f3 term\u00e9szetes hat\u00f3anyagok kiv\u00e1laszt\u00e1s\u00e1ra.<\/span><\/p>\n<p><span lang=\"HU\">Az Elicit Plant laborjaiban \u00e9s termeszt\u0151kamr\u00e1iban tud\u00f3sok \u00e9s mez\u0151gazdas\u00e1gi szakemberek dolgoznak egy\u00fctt <strong><span style=\"color: #86b049;\">k\u00fcl\u00f6nf\u00e9le fitoszterol-egyens\u00falyok vizsg\u00e1lat\u00e1n<\/span><\/strong>, hogy meg\u00e9rts\u00e9k hat\u00f3anyagaink m\u0171k\u00f6d\u00e9s\u00e9t, \u00e9s azonos\u00edts\u00e1k a vonatkoz\u00f3, fitoszterol-alap\u00fa anyagok \u00e1ltal megc\u00e9lzott fizikai \u00e9s biol\u00f3giai folyamatokat.<\/span><\/p>\n<p style=\"margin-bottom: 0cm;\"><span lang=\"HU\">Az <strong><span style=\"color: #86b049;\">EliTerra\u00ae technol\u00f3giai platform<\/span><\/strong>\u00a0ezen kutat\u00e1s eredm\u00e9nye, amely <strong><span style=\"color: #86b049;\">fitoszterolok \u00e9s ezeknek a sz\u00e1nt\u00f3f\u00f6ldi n\u00f6v\u00e9nyek stresszel szembeni ellen\u00e1ll\u00f3k\u00e9pess\u00e9g\u00e9ben<\/span><\/strong>\u00a0(kukorica, b\u00faza, \u00e1rpa, napraforg\u00f3, sz\u00f3ja stb.) alkotott szerep\u00e9t vizsg\u00e1lja.<\/span><\/p>\n\n            <div style=\"clear: both;\"><\/div>\n        <\/div>\n    <\/div>\n<\/section>\n\n\n<section class=\"cbo-textpicture textpicture--normal\">\n    <div class=\"textpicture-inner cbo-container container--small\">\n\n        <div class=\"textpicture-picture\">\n            <div class=\"picture-inner cbo-picture-cover\">\n                <img decoding=\"async\" src=\"https:\/\/www.elicit-plant.com\/app\/uploads\/sites\/8\/2024\/06\/Phytosterols-multiples-768x768-1-320x320.jpg\" srcset=\"https:\/\/www.elicit-plant.com\/app\/uploads\/sites\/8\/2024\/06\/Phytosterols-multiples-768x768-1-320x320.jpg 320w, https:\/\/www.elicit-plant.com\/app\/uploads\/sites\/8\/2024\/06\/Phytosterols-multiples-768x768-1.jpg 768w, https:\/\/www.elicit-plant.com\/app\/uploads\/sites\/8\/2024\/06\/Phytosterols-multiples-768x768-1.jpg 1024w\" class=\"\" alt=\"EliTerra, egy kutat\u00e1si technol\u00f3giai platform\" width=\"320\" height=\"320\" sizes=\"auto, 100vw\" loading=\"lazy\" \/>            <\/div>\n        <\/div>\n\n        <div class=\"textpicture-content cbo-cms cms--large\">\n            \n            \n            <ul>\n<li>Az Elicit Plant laborat\u00f3riumai \u00e9s tudom\u00e1nyos partnerei \u00e1ltal alkalmazott vizsg\u00e1lati \u00e9s valid\u00e1l\u00e1si folyamat k\u00fcl\u00f6nb\u00f6z\u0151 fitoszterolokb\u00f3l \u00e1ll\u00f3 \u00faj \u00f6sszet\u00e9tel\u0171 k\u00e9sz\u00edtm\u00e9nyek \u00f6ssze\u00e1ll\u00edt\u00e1s\u00e1hoz vezetett, amelyek specifikusan \u00e9s hat\u00e9konyan k\u00fczdenek az \u00e9ghajlatv\u00e1ltoz\u00e1s t\u00f6bb sz\u00e1nt\u00f3f\u00f6ldi n\u00f6v\u00e9nykult\u00far\u00e1ra gyakorolt hat\u00e1sa ellen.<\/li>\n<li>Hatalmas lehet\u0151s\u00e9g rejlik az EliTerra\u00ae technol\u00f3giai platform \u00e1ltal \u00faj, stressz-\u00e9s fajtaspecifikus term\u00e9kek kifejleszt\u00e9s\u00e9re. Az ebb\u0151l k\u00f6vetkez\u0151 term\u00e9k-\u00fctemterv lehet\u0151v\u00e9 teszi sz\u00e1munkra, hogy minden kontinensen a n\u00f6v\u00e9nyi kult\u00far\u00e1k sz\u00e9les k\u00f6r\u00e9t \u00e9rj\u00fck el.<\/li>\n<\/ul>\n        <\/div>\n\n    <\/div>\n<\/section>\n\n<section class=\"cbo-featuredlinks featuredlinks--colorwhite\">\n\t<div class=\"featuredlinks-inner cbo-container \">\n\n\t\t\t\t\t<h2 class=\"cbo-title-2 featuredlinks-title\">\n\t\t\t\tTov\u00e1bbi inform\u00e1ci\u00f3 a kutat\u00e1sainkr\u00f3l\t\t\t<\/h2>\n\t\t\n\t\t<div class=\"featuredlinks-list\" data-anim-group data-group-delay=\"100\">\n\t\t\t\n\t\t\t<div class=\"list-el\">\n\t\t\t\t<a class=\"el-inner\" href=\"https:\/\/www.elicit-plant.com\/hu\/tudomany-es-technologia\/\">\n\n\t\t\t\t\t<figure class=\"inner-picture cbo-picture-cover\">\n\t\t\t\t\t\t<img decoding=\"async\" src=\"https:\/\/www.elicit-plant.com\/app\/uploads\/sites\/8\/2024\/06\/Leaf-stomates-close-up.jpg\" srcset=\"https:\/\/www.elicit-plant.com\/app\/uploads\/sites\/8\/2024\/06\/Leaf-stomates-close-up-320x320.jpg 320w, https:\/\/www.elicit-plant.com\/app\/uploads\/sites\/8\/2024\/06\/Leaf-stomates-close-up.jpg 840w, https:\/\/www.elicit-plant.com\/app\/uploads\/sites\/8\/2024\/06\/Leaf-stomates-close-up.jpg 1024w, https:\/\/www.elicit-plant.com\/app\/uploads\/sites\/8\/2024\/06\/Leaf-stomates-close-up.jpg 1400w\" class=\"\" alt=\"K\u00f6zeli k\u00e9p a lev\u00e9lny\u00edl\u00e1sokr\u00f3l\" width=\"456\" height=\"456\" sizes=\"auto, 100vw\" loading=\"lazy\" \/>\t\t\t\t\t<\/figure>\n\n\t\t\t\t\t<h3 class=\"inner-title cbo-title-3\">\n\t\t\t\t\t\tA fitoszterolokkal kapcsolatos tov\u00e1bbi inform\u00e1ci\u00f3k\t\t\t\t\t<\/h3>\n\n\t\t\t\t\t<span class=\"inner-button cbo-buttonmore\">\n\t\t\t\t\t\t<i class=\"icon icon-cross\"><\/i>\n\t\t\t\t\t<\/span>\n\t\t\t\t<\/a>\n\t\t\t<\/div>\n\n\t\t\t\n\t\t\t<div class=\"list-el\">\n\t\t\t\t<a class=\"el-inner\" href=\"https:\/\/www.elicit-plant.com\/hu\/tudomany-es-technologia\/tudomanyos-partnereink\/\">\n\n\t\t\t\t\t<figure class=\"inner-picture cbo-picture-cover\">\n\t\t\t\t\t\t<img decoding=\"async\" src=\"https:\/\/www.elicit-plant.com\/app\/uploads\/sites\/8\/2024\/06\/img-distributeurs-bloc-2-1.jpg\" srcset=\"https:\/\/www.elicit-plant.com\/app\/uploads\/sites\/8\/2024\/06\/img-distributeurs-bloc-2-1-320x205.jpg 320w, https:\/\/www.elicit-plant.com\/app\/uploads\/sites\/8\/2024\/06\/img-distributeurs-bloc-2-1.jpg 840w, https:\/\/www.elicit-plant.com\/app\/uploads\/sites\/8\/2024\/06\/img-distributeurs-bloc-2-1.jpg 1024w, https:\/\/www.elicit-plant.com\/app\/uploads\/sites\/8\/2024\/06\/img-distributeurs-bloc-2-1.jpg 1400w\" class=\"\" alt=\"mez\u0151gazdas\u00e1gi partners\u00e9g\" width=\"624\" height=\"400\" sizes=\"auto, 100vw\" loading=\"lazy\" \/>\t\t\t\t\t<\/figure>\n\n\t\t\t\t\t<h3 class=\"inner-title cbo-title-3\">\n\t\t\t\t\t\tTudom\u00e1nyos egy\u00fcttm\u0171k\u00f6d\u00e9seink\t\t\t\t\t<\/h3>\n\n\t\t\t\t\t<span class=\"inner-button cbo-buttonmore\">\n\t\t\t\t\t\t<i class=\"icon icon-cross\"><\/i>\n\t\t\t\t\t<\/span>\n\t\t\t\t<\/a>\n\t\t\t<\/div>\n\n\t\t\t\t\t<\/div>\n\n\t<\/div>\n<\/section>\n","protected":false},"excerpt":{"rendered":"<p>EliTerra, az Elicit Plant technol\u00f3giai platformja Jelent\u0151s kutat\u00e1si potenci\u00e1l Sz\u00e1mos fitoszterol l\u00e9tezik \u00e9s minden egyes n\u00f6v\u00e9nyi faj ezek k\u00fcl\u00f6nb\u00f6z\u0151 vari\u00e1ci\u00f3it haszn\u00e1lja a stressz lek\u00fczd\u00e9s\u00e9re. Kutat\u00f3ink a sz\u00fcks\u00e9ges megold\u00e1st\u00f3l \u00e9s a gazd\u00e1k f\u00f6ldjein el\u00e9rni k\u00edv\u00e1nt eredm\u00e9nyt\u0151l f\u00fcgg\u0151en v\u00e1lasztj\u00e1k ki \u00e9s fejlesztik ki a leghat\u00e9konyabb formul\u00e1kat. Az Elicit Plant metabolom, transzkriptom \u00e9s fenot\u00edpusos elemz\u00e9si technol\u00f3gi\u00e1kat alkalmazva kutat\u00e1st v\u00e9gez a k\u00f6rnyezeti stresszhat\u00e1sok ellen hat\u00f3 term\u00e9szetes hat\u00f3anyagok kiv\u00e1laszt\u00e1s\u00e1ra. Az Elicit Plant laborjaiban \u00e9s termeszt\u0151kamr\u00e1iban tud\u00f3sok \u00e9s mez\u0151gazdas\u00e1gi szakemberek dolgoznak egy\u00fctt k\u00fcl\u00f6nf\u00e9le fitoszterol-egyens\u00falyok vizsg\u00e1lat\u00e1n, hogy meg\u00e9rts\u00e9k hat\u00f3anyagaink m\u0171k\u00f6d\u00e9s\u00e9t, \u00e9s azonos\u00edts\u00e1k a vonatkoz\u00f3, fitoszterol-alap\u00fa anyagok \u00e1ltal megc\u00e9lzott fizikai \u00e9s biol\u00f3giai folyamatokat. Az EliTerra\u00ae technol\u00f3giai platform\u00a0ezen kutat\u00e1s eredm\u00e9nye, amely fitoszterolok \u00e9s&#8230;<\/p>\n","protected":false},"author":6,"featured_media":155,"parent":142,"menu_order":0,"comment_status":"closed","ping_status":"closed","template":"","meta":{"_acf_changed":false,"footnotes":""},"class_list":["post-153","page","type-page","status-publish","has-post-thumbnail","hentry"],"acf":[],"yoast_head":"<!-- This site is optimized with the Yoast SEO plugin v27.2 - https:\/\/yoast.com\/product\/yoast-seo-wordpress\/ -->\n<title>EliTerra\u00ae : Az Elicit Plant technol\u00f3giai platformja - Elicit Plant Magyarorsz\u00e1g<\/title>\n<meta name=\"description\" content=\"Ismerje meg az EliTerra\u00ae fel\u00fclet\u00e9t, amely a fitoszteroloknak \u00e9s a fitoszterolok \u00e1ltal a sz\u00e1nt\u00f3f\u00f6ldi n\u00f6v\u00e9nyek (kukorica, b\u00faza, \u00e1rpa, napraforg\u00f3, sz\u00f3ja stb.) stresszel szembeni ellen\u00e1ll\u00f3k\u00e9pess\u00e9g\u00e9ben bet\u00f6lt\u00f6tt szerep\u00e9t kutat\u00f3 platform.\" \/>\n<meta name=\"robots\" content=\"index, follow, max-snippet:-1, max-image-preview:large, max-video-preview:-1\" \/>\n<link rel=\"canonical\" href=\"https:\/\/www.elicit-plant.com\/hu\/tudomany-es-technologia\/eliterra\/\" \/>\n<meta property=\"og:locale\" content=\"hu_HU\" \/>\n<meta property=\"og:type\" content=\"article\" \/>\n<meta property=\"og:title\" content=\"EliTerra\u00ae : Az Elicit Plant technol\u00f3giai platformja - Elicit Plant Magyarorsz\u00e1g\" \/>\n<meta property=\"og:description\" content=\"Ismerje meg az EliTerra\u00ae fel\u00fclet\u00e9t, amely a fitoszteroloknak \u00e9s a fitoszterolok \u00e1ltal a sz\u00e1nt\u00f3f\u00f6ldi n\u00f6v\u00e9nyek (kukorica, b\u00faza, \u00e1rpa, napraforg\u00f3, sz\u00f3ja stb.) stresszel szembeni ellen\u00e1ll\u00f3k\u00e9pess\u00e9g\u00e9ben bet\u00f6lt\u00f6tt szerep\u00e9t kutat\u00f3 platform.\" \/>\n<meta property=\"og:url\" content=\"https:\/\/www.elicit-plant.com\/hu\/tudomany-es-technologia\/eliterra\/\" \/>\n<meta property=\"og:site_name\" content=\"Elicit Plant Magyarorsz\u00e1g\" \/>\n<meta property=\"article:publisher\" content=\"https:\/\/www.facebook.com\/p\/Elicit-Plant-100064059283408\/?locale=fr_FR\" \/>\n<meta property=\"article:modified_time\" content=\"2024-06-27T07:39:05+00:00\" \/>\n<meta property=\"og:image\" content=\"https:\/\/www.elicit-plant.com\/hu\/wp-content\/uploads\/sites\/8\/2024\/06\/Eliterra-Platform-hu.png\" \/>\n\t<meta property=\"og:image:width\" content=\"1953\" \/>\n\t<meta property=\"og:image:height\" content=\"1080\" \/>\n\t<meta property=\"og:image:type\" content=\"image\/png\" \/>\n<meta name=\"twitter:card\" content=\"summary_large_image\" \/>\n<meta name=\"twitter:label1\" content=\"Becs\u00fclt olvas\u00e1si id\u0151\" \/>\n\t<meta name=\"twitter:data1\" content=\"1 perc\" \/>\n<script type=\"application\/ld+json\" class=\"yoast-schema-graph\">{\"@context\":\"https:\/\/schema.org\",\"@graph\":[{\"@type\":\"WebPage\",\"@id\":\"https:\/\/www.elicit-plant.com\/hu\/tudomany-es-technologia\/eliterra\/\",\"url\":\"https:\/\/www.elicit-plant.com\/hu\/tudomany-es-technologia\/eliterra\/\",\"name\":\"EliTerra\u00ae : Az Elicit Plant technol\u00f3giai platformja - Elicit Plant Magyarorsz\u00e1g\",\"isPartOf\":{\"@id\":\"https:\/\/www.elicit-plant.com\/hu\/#website\"},\"primaryImageOfPage\":{\"@id\":\"https:\/\/www.elicit-plant.com\/hu\/tudomany-es-technologia\/eliterra\/#primaryimage\"},\"image\":{\"@id\":\"https:\/\/www.elicit-plant.com\/hu\/tudomany-es-technologia\/eliterra\/#primaryimage\"},\"thumbnailUrl\":\"https:\/\/www.elicit-plant.com\/app\/uploads\/sites\/8\/2024\/06\/Eliterra-Platform-hu.png\",\"datePublished\":\"2024-06-18T14:41:18+00:00\",\"dateModified\":\"2024-06-27T07:39:05+00:00\",\"description\":\"Ismerje meg az EliTerra\u00ae fel\u00fclet\u00e9t, amely a fitoszteroloknak \u00e9s a fitoszterolok \u00e1ltal a sz\u00e1nt\u00f3f\u00f6ldi n\u00f6v\u00e9nyek (kukorica, b\u00faza, \u00e1rpa, napraforg\u00f3, sz\u00f3ja stb.) stresszel szembeni ellen\u00e1ll\u00f3k\u00e9pess\u00e9g\u00e9ben bet\u00f6lt\u00f6tt szerep\u00e9t kutat\u00f3 platform.\",\"breadcrumb\":{\"@id\":\"https:\/\/www.elicit-plant.com\/hu\/tudomany-es-technologia\/eliterra\/#breadcrumb\"},\"inLanguage\":\"hu\",\"potentialAction\":[{\"@type\":\"ReadAction\",\"target\":[\"https:\/\/www.elicit-plant.com\/hu\/tudomany-es-technologia\/eliterra\/\"]}]},{\"@type\":\"ImageObject\",\"inLanguage\":\"hu\",\"@id\":\"https:\/\/www.elicit-plant.com\/hu\/tudomany-es-technologia\/eliterra\/#primaryimage\",\"url\":\"https:\/\/www.elicit-plant.com\/app\/uploads\/sites\/8\/2024\/06\/Eliterra-Platform-hu.png\",\"contentUrl\":\"https:\/\/www.elicit-plant.com\/app\/uploads\/sites\/8\/2024\/06\/Eliterra-Platform-hu.png\",\"width\":1953,\"height\":1080,\"caption\":\"Eliterra-platform\"},{\"@type\":\"BreadcrumbList\",\"@id\":\"https:\/\/www.elicit-plant.com\/hu\/tudomany-es-technologia\/eliterra\/#breadcrumb\",\"itemListElement\":[{\"@type\":\"ListItem\",\"position\":1,\"name\":\"Home\",\"item\":\"https:\/\/www.elicit-plant.com\/hu\/\"},{\"@type\":\"ListItem\",\"position\":2,\"name\":\"Science and technology\",\"item\":\"https:\/\/www.elicit-plant.com\/hu\/tudomany-es-technologia\/\"},{\"@type\":\"ListItem\",\"position\":3,\"name\":\"Eliterra\"}]},{\"@type\":\"WebSite\",\"@id\":\"https:\/\/www.elicit-plant.com\/hu\/#website\",\"url\":\"https:\/\/www.elicit-plant.com\/hu\/\",\"name\":\"Elicit Plant Magyarorsz\u00e1g\",\"description\":\"A vil\u00e1g minden t\u00e1j\u00e1r\u00f3l dolgozunk egy\u00fctt gazd\u00e1lkod\u00f3kkal, hogy szemben\u00e9zz\u00fcnk a kl\u00edmav\u00e1ltoz\u00e1s \u00e1ltal t\u00e1masztott kih\u00edv\u00e1sokkal \u00e9s a v\u00edzhi\u00e1nynak a sz\u00e1nt\u00f3f\u00f6ldi n\u00f6v\u00e9nyekre gyakorolt hat\u00e1saival.\",\"publisher\":{\"@id\":\"https:\/\/www.elicit-plant.com\/hu\/#organization\"},\"potentialAction\":[{\"@type\":\"SearchAction\",\"target\":{\"@type\":\"EntryPoint\",\"urlTemplate\":\"https:\/\/www.elicit-plant.com\/hu\/?s={search_term_string}\"},\"query-input\":{\"@type\":\"PropertyValueSpecification\",\"valueRequired\":true,\"valueName\":\"search_term_string\"}}],\"inLanguage\":\"hu\"},{\"@type\":\"Organization\",\"@id\":\"https:\/\/www.elicit-plant.com\/hu\/#organization\",\"name\":\"Elicit Plant Magyarorsz\u00e1g\",\"url\":\"https:\/\/www.elicit-plant.com\/hu\/\",\"logo\":{\"@type\":\"ImageObject\",\"inLanguage\":\"hu\",\"@id\":\"https:\/\/www.elicit-plant.com\/hu\/#\/schema\/logo\/image\/\",\"url\":\"https:\/\/www.elicit-plant.com\/hu\/wp-content\/uploads\/sites\/8\/2024\/06\/Elicit-Plant-logo-full-color-rgb.png\",\"contentUrl\":\"https:\/\/www.elicit-plant.com\/hu\/wp-content\/uploads\/sites\/8\/2024\/06\/Elicit-Plant-logo-full-color-rgb.png\",\"width\":2304,\"height\":641,\"caption\":\"Elicit Plant Magyarorsz\u00e1g\"},\"image\":{\"@id\":\"https:\/\/www.elicit-plant.com\/hu\/#\/schema\/logo\/image\/\"},\"sameAs\":[\"https:\/\/www.facebook.com\/p\/Elicit-Plant-100064059283408\/?locale=fr_FR\",\"https:\/\/www.linkedin.com\/company\/elicit-plant\/\"]}]}<\/script>\n<!-- \/ Yoast SEO plugin. -->","yoast_head_json":{"title":"EliTerra\u00ae : Az Elicit Plant technol\u00f3giai platformja - Elicit Plant Magyarorsz\u00e1g","description":"Ismerje meg az EliTerra\u00ae fel\u00fclet\u00e9t, amely a fitoszteroloknak \u00e9s a fitoszterolok \u00e1ltal a sz\u00e1nt\u00f3f\u00f6ldi n\u00f6v\u00e9nyek (kukorica, b\u00faza, \u00e1rpa, napraforg\u00f3, sz\u00f3ja stb.) stresszel szembeni ellen\u00e1ll\u00f3k\u00e9pess\u00e9g\u00e9ben bet\u00f6lt\u00f6tt szerep\u00e9t kutat\u00f3 platform.","robots":{"index":"index","follow":"follow","max-snippet":"max-snippet:-1","max-image-preview":"max-image-preview:large","max-video-preview":"max-video-preview:-1"},"canonical":"https:\/\/www.elicit-plant.com\/hu\/tudomany-es-technologia\/eliterra\/","og_locale":"hu_HU","og_type":"article","og_title":"EliTerra\u00ae : Az Elicit Plant technol\u00f3giai platformja - Elicit Plant Magyarorsz\u00e1g","og_description":"Ismerje meg az EliTerra\u00ae fel\u00fclet\u00e9t, amely a fitoszteroloknak \u00e9s a fitoszterolok \u00e1ltal a sz\u00e1nt\u00f3f\u00f6ldi n\u00f6v\u00e9nyek (kukorica, b\u00faza, \u00e1rpa, napraforg\u00f3, sz\u00f3ja stb.) stresszel szembeni ellen\u00e1ll\u00f3k\u00e9pess\u00e9g\u00e9ben bet\u00f6lt\u00f6tt szerep\u00e9t kutat\u00f3 platform.","og_url":"https:\/\/www.elicit-plant.com\/hu\/tudomany-es-technologia\/eliterra\/","og_site_name":"Elicit Plant Magyarorsz\u00e1g","article_publisher":"https:\/\/www.facebook.com\/p\/Elicit-Plant-100064059283408\/?locale=fr_FR","article_modified_time":"2024-06-27T07:39:05+00:00","og_image":[{"width":1953,"height":1080,"url":"https:\/\/www.elicit-plant.com\/hu\/wp-content\/uploads\/sites\/8\/2024\/06\/Eliterra-Platform-hu.png","type":"image\/png"}],"twitter_card":"summary_large_image","twitter_misc":{"Becs\u00fclt olvas\u00e1si id\u0151":"1 perc"},"schema":{"@context":"https:\/\/schema.org","@graph":[{"@type":"WebPage","@id":"https:\/\/www.elicit-plant.com\/hu\/tudomany-es-technologia\/eliterra\/","url":"https:\/\/www.elicit-plant.com\/hu\/tudomany-es-technologia\/eliterra\/","name":"EliTerra\u00ae : Az Elicit Plant technol\u00f3giai platformja - Elicit Plant Magyarorsz\u00e1g","isPartOf":{"@id":"https:\/\/www.elicit-plant.com\/hu\/#website"},"primaryImageOfPage":{"@id":"https:\/\/www.elicit-plant.com\/hu\/tudomany-es-technologia\/eliterra\/#primaryimage"},"image":{"@id":"https:\/\/www.elicit-plant.com\/hu\/tudomany-es-technologia\/eliterra\/#primaryimage"},"thumbnailUrl":"https:\/\/www.elicit-plant.com\/app\/uploads\/sites\/8\/2024\/06\/Eliterra-Platform-hu.png","datePublished":"2024-06-18T14:41:18+00:00","dateModified":"2024-06-27T07:39:05+00:00","description":"Ismerje meg az EliTerra\u00ae fel\u00fclet\u00e9t, amely a fitoszteroloknak \u00e9s a fitoszterolok \u00e1ltal a sz\u00e1nt\u00f3f\u00f6ldi n\u00f6v\u00e9nyek (kukorica, b\u00faza, \u00e1rpa, napraforg\u00f3, sz\u00f3ja stb.) stresszel szembeni ellen\u00e1ll\u00f3k\u00e9pess\u00e9g\u00e9ben bet\u00f6lt\u00f6tt szerep\u00e9t kutat\u00f3 platform.","breadcrumb":{"@id":"https:\/\/www.elicit-plant.com\/hu\/tudomany-es-technologia\/eliterra\/#breadcrumb"},"inLanguage":"hu","potentialAction":[{"@type":"ReadAction","target":["https:\/\/www.elicit-plant.com\/hu\/tudomany-es-technologia\/eliterra\/"]}]},{"@type":"ImageObject","inLanguage":"hu","@id":"https:\/\/www.elicit-plant.com\/hu\/tudomany-es-technologia\/eliterra\/#primaryimage","url":"https:\/\/www.elicit-plant.com\/app\/uploads\/sites\/8\/2024\/06\/Eliterra-Platform-hu.png","contentUrl":"https:\/\/www.elicit-plant.com\/app\/uploads\/sites\/8\/2024\/06\/Eliterra-Platform-hu.png","width":1953,"height":1080,"caption":"Eliterra-platform"},{"@type":"BreadcrumbList","@id":"https:\/\/www.elicit-plant.com\/hu\/tudomany-es-technologia\/eliterra\/#breadcrumb","itemListElement":[{"@type":"ListItem","position":1,"name":"Home","item":"https:\/\/www.elicit-plant.com\/hu\/"},{"@type":"ListItem","position":2,"name":"Science and technology","item":"https:\/\/www.elicit-plant.com\/hu\/tudomany-es-technologia\/"},{"@type":"ListItem","position":3,"name":"Eliterra"}]},{"@type":"WebSite","@id":"https:\/\/www.elicit-plant.com\/hu\/#website","url":"https:\/\/www.elicit-plant.com\/hu\/","name":"Elicit Plant Magyarorsz\u00e1g","description":"A vil\u00e1g minden t\u00e1j\u00e1r\u00f3l dolgozunk egy\u00fctt gazd\u00e1lkod\u00f3kkal, hogy szemben\u00e9zz\u00fcnk a kl\u00edmav\u00e1ltoz\u00e1s \u00e1ltal t\u00e1masztott kih\u00edv\u00e1sokkal \u00e9s a v\u00edzhi\u00e1nynak a sz\u00e1nt\u00f3f\u00f6ldi n\u00f6v\u00e9nyekre gyakorolt hat\u00e1saival.","publisher":{"@id":"https:\/\/www.elicit-plant.com\/hu\/#organization"},"potentialAction":[{"@type":"SearchAction","target":{"@type":"EntryPoint","urlTemplate":"https:\/\/www.elicit-plant.com\/hu\/?s={search_term_string}"},"query-input":{"@type":"PropertyValueSpecification","valueRequired":true,"valueName":"search_term_string"}}],"inLanguage":"hu"},{"@type":"Organization","@id":"https:\/\/www.elicit-plant.com\/hu\/#organization","name":"Elicit Plant Magyarorsz\u00e1g","url":"https:\/\/www.elicit-plant.com\/hu\/","logo":{"@type":"ImageObject","inLanguage":"hu","@id":"https:\/\/www.elicit-plant.com\/hu\/#\/schema\/logo\/image\/","url":"https:\/\/www.elicit-plant.com\/hu\/wp-content\/uploads\/sites\/8\/2024\/06\/Elicit-Plant-logo-full-color-rgb.png","contentUrl":"https:\/\/www.elicit-plant.com\/hu\/wp-content\/uploads\/sites\/8\/2024\/06\/Elicit-Plant-logo-full-color-rgb.png","width":2304,"height":641,"caption":"Elicit Plant Magyarorsz\u00e1g"},"image":{"@id":"https:\/\/www.elicit-plant.com\/hu\/#\/schema\/logo\/image\/"},"sameAs":["https:\/\/www.facebook.com\/p\/Elicit-Plant-100064059283408\/?locale=fr_FR","https:\/\/www.linkedin.com\/company\/elicit-plant\/"]}]}},"_links":{"self":[{"href":"https:\/\/www.elicit-plant.com\/hu\/wp-json\/wp\/v2\/pages\/153","targetHints":{"allow":["GET"]}}],"collection":[{"href":"https:\/\/www.elicit-plant.com\/hu\/wp-json\/wp\/v2\/pages"}],"about":[{"href":"https:\/\/www.elicit-plant.com\/hu\/wp-json\/wp\/v2\/types\/page"}],"author":[{"embeddable":true,"href":"https:\/\/www.elicit-plant.com\/hu\/wp-json\/wp\/v2\/users\/6"}],"replies":[{"embeddable":true,"href":"https:\/\/www.elicit-plant.com\/hu\/wp-json\/wp\/v2\/comments?post=153"}],"version-history":[{"count":3,"href":"https:\/\/www.elicit-plant.com\/hu\/wp-json\/wp\/v2\/pages\/153\/revisions"}],"predecessor-version":[{"id":251,"href":"https:\/\/www.elicit-plant.com\/hu\/wp-json\/wp\/v2\/pages\/153\/revisions\/251"}],"up":[{"embeddable":true,"href":"https:\/\/www.elicit-plant.com\/hu\/wp-json\/wp\/v2\/pages\/142"}],"wp:featuredmedia":[{"embeddable":true,"href":"https:\/\/www.elicit-plant.com\/hu\/wp-json\/wp\/v2\/media\/155"}],"wp:attachment":[{"href":"https:\/\/www.elicit-plant.com\/hu\/wp-json\/wp\/v2\/media?parent=153"}],"curies":[{"name":"wp","href":"https:\/\/api.w.org\/{rel}","templated":true}]}}