{"id":181,"date":"2024-06-20T14:07:41","date_gmt":"2024-06-20T12:07:41","guid":{"rendered":"https:\/\/www.elicit-plant.com\/hu\/?page_id=181"},"modified":"2026-03-10T10:30:13","modified_gmt":"2026-03-10T09:30:13","slug":"az-elicit-plant-rol-roviden","status":"publish","type":"page","link":"https:\/\/www.elicit-plant.com\/hu\/az-elicit-plant-rol-roviden\/","title":{"rendered":"Elicit Plant in Short"},"content":{"rendered":"<section class=\"cbo-hero cbo-margin-container hero--colorgreen\" data-anim-group>\n\t<div class=\"cbo-breadcrumbs breadcrumbs--normal\">\n  <div class=\"breadcrumbs-inner\">\n    <span><span><a href=\"https:\/\/www.elicit-plant.com\/hu\/\">Home<\/a><\/span><\/span>\t<\/div>\n<\/div>\n\t<div class=\"hero-inner cbo-container container--padding\">\n\n\t\t<div class=\"hero-shapes\">\n\t\t\t<div class=\"shapes-color scale-up\"><\/div>\n\n\t\t\t<div class=\"shapes-picture cbo-picture-cover scale-up\"  data-delay=\"450\">\n\t\t\t\t<img decoding=\"async\" src=\"https:\/\/www.elicit-plant.com\/app\/uploads\/sites\/8\/2024\/06\/AdobeStock_53723659-1-low-320x213.jpg\" srcset=\"https:\/\/www.elicit-plant.com\/app\/uploads\/sites\/8\/2024\/06\/AdobeStock_53723659-1-low-320x213.jpg 320w, https:\/\/www.elicit-plant.com\/app\/uploads\/sites\/8\/2024\/06\/AdobeStock_53723659-1-low-768x512.jpg 768w\" class=\"\" alt=\"\" width=\"320\" height=\"213\" sizes=\"auto, 100vw\" loading=\"lazy\" \/>\t\t\t<\/div>\n\t\t<\/div>\n\n\t\t<div class=\"hero-content cbo-cms cms--large cms--white\">\n\t\t\t<div class=\"content-text\">\n\t\t\t\t<h1 class=\"hero-title cbo-heading slide-down\">\n\t\t\t\t\tAz Elicit Plant-r\u0151l r\u00f6viden\t\t\t\t<\/h1>\n\n\t\t\t\t\t\t\t<\/div>\n\t\t<\/div>\n\n\t<\/div>\n<\/section>\n\n\n<section class=\"cbo-textblocks\">\n    <div class=\"textblocks-inner cbo-container\">\n\n        \t\t\t<h2 class=\"textblocks-title cbo-title-2\">\n\t\t\t\tKulcsmutat\u00f3k\t\t\t<\/h2>\n    \t\n\n        \n        <div class=\"textblocks-list\">\n                        \n                                    <span class=\"list-el scale-up\" data-delay=\"0\">\n                \n                    <span class=\"el-inner inner--colorbrown cbo-cms cms--white\">\n                        \n                                                    <span class=\"el-title\">\n                                76                            <\/span>\n                        \n                                                    <span class=\"el-content\">\n                                Alkalmazott 2024-ban                            <\/span>\n                        \n                                            <\/span>\n\n                                    <\/span>\n                \n                        \n                                    <span class=\"list-el scale-up\" data-delay=\"100\">\n                \n                    <span class=\"el-inner inner--colorgreen cbo-cms cms--white\">\n                        \n                                                    <span class=\"el-title\">\n                                8                            <\/span>\n                        \n                                                    <span class=\"el-content\">\n                                Telephely, nemzetk\u00f6zi viszonylatban                            <\/span>\n                        \n                                            <\/span>\n\n                                    <\/span>\n                \n                        \n                                    <span class=\"list-el scale-up\" data-delay=\"200\">\n                \n                    <span class=\"el-inner inner--coloryellow cbo-cms cms--white\">\n                        \n                                                    <span class=\"el-title\">\n                                #1                            <\/span>\n                        \n                                                    <span class=\"el-content\">\n                                Vil\u00e1gels\u0151 a sz\u00e1nt\u00f3f\u00f6ldi n\u00f6v\u00e9nyeket s\u00fajt\u00f3 v\u00edzhi\u00e1ny kezel\u00e9s\u00e9ben                            <\/span>\n                        \n                                            <\/span>\n\n                                    <\/span>\n                \n                    <\/div>\n\n        \t\t\t<div class=\"textblocks-button\">\n\t\t\t\t\t\t\t<\/div>\n\t\t\n    <\/div>\n<\/section>\n\n\n<section class=\"cbo-textblocks\">\n    <div class=\"textblocks-inner cbo-container\">\n\n        \t\t\t<h2 class=\"textblocks-title cbo-title-2\">\n\t\t\t\tNemek k\u00f6z\u00f6tti egyenl\u0151s\u00e9g\t\t\t<\/h2>\n    \t\n\n        \t\t\t<div class=\"textblocks-chapo cbo-chapo\">\n\t\t\t\tAz Elicit Plant elk\u00f6telezett az es\u00e9lyegyenl\u0151s\u00e9g<br \/>\r\n\u00e9s a nemek k\u00f6z\u00f6tti egyens\u00faly ir\u00e1nt.\t\t\t<\/div>\n    \t\n        <div class=\"textblocks-list\">\n                        \n                                    <span class=\"list-el scale-up\" data-delay=\"0\">\n                \n                    <span class=\"el-inner inner--colorbrown cbo-cms cms--white\">\n                        \n                                                    <span class=\"el-title\">\n                                N\u0151i munkat\u00e1rsak ar\u00e1nya                            <\/span>\n                        \n                                                    <span class=\"el-content\">\n                                42%                            <\/span>\n                        \n                                            <\/span>\n\n                                    <\/span>\n                \n                        \n                                    <span class=\"list-el scale-up\" data-delay=\"100\">\n                \n                    <span class=\"el-inner inner--coloryellow cbo-cms cms--white\">\n                        \n                                                    <span class=\"el-title\">\n                                F\u00e9rfi munkat\u00e1rsak ar\u00e1nya                            <\/span>\n                        \n                                                    <span class=\"el-content\">\n                                58%                            <\/span>\n                        \n                                            <\/span>\n\n                                    <\/span>\n                \n                    <\/div>\n\n        \t\t\t<div class=\"textblocks-button\">\n\t\t\t\t\t\t\t<\/div>\n\t\t\n    <\/div>\n<\/section>\n\n<section class=\"cbo-text cbo-margin-container\">\n    <div class=\"\n        text-inner\n                cbo-container\n        container--small        \"\n    >\n        <div class=\"text-content cbo-cms cms--large\">\n            <h3>Nemi egyenl\u0151s\u00e9gi index 2025<\/h3>\n<p>Az Elicit Plantn\u00e9l elk\u00f6telezettek vagyunk amellett, hogy mindenki sz\u00e1m\u00e1ra igazs\u00e1gos \u00e9s m\u00e9lt\u00e1nyos javadalmaz\u00e1st biztos\u00edtsunk.<br \/>\n2025-ben a Nemi egyenl\u0151s\u00e9gi index\u00fcnk 79\/100 pontot \u00e9rt el, ami t\u00fckr\u00f6zi a b\u00e9rbeli egyenl\u0151s\u00e9g el\u0151mozd\u00edt\u00e1s\u00e1\u00e9rt tett folyamatos er\u0151fesz\u00edt\u00e9seinket.<\/p>\n<p><strong>A pontsz\u00e1m r\u00e9szletez\u00e9se:<\/strong><\/p>\n<ul>\n<li>B\u00e9rk\u00fcl\u00f6nbs\u00e9g: 39\/40<\/li>\n<\/ul>\n<p>Tov\u00e1bbra is olyan b\u00e9rpolitik\u00e1t alkalmazunk, amely a k\u00e9szs\u00e9gek \u00e9s felel\u0151ss\u00e9gi k\u00f6r\u00f6k objekt\u00edv \u00e9rt\u00e9kel\u00e9s\u00e9n alapul, annak \u00e9rdek\u00e9ben, hogy tart\u00f3s egyenl\u0151s\u00e9get biztos\u00edtsunk a n\u0151k \u00e9s a f\u00e9rfiak k\u00f6z\u00f6tt.<\/p>\n<ul>\n<li>B\u00e9remel\u00e9sek ar\u00e1ny\u00e1nak k\u00fcl\u00f6nbs\u00e9ge: 35\/35<\/li>\n<li>Visszat\u00e9r\u00e9s sz\u00fcl\u00e9si szabads\u00e1gr\u00f3l: 0\/15<\/li>\n<\/ul>\n<p>A sz\u00fcl\u00e9si szabads\u00e1gr\u00f3l val\u00f3 visszat\u00e9r\u00e9skor k\u00fcl\u00f6n\u00f6s figyelmet ford\u00edtunk a munkak\u00f6r feladatk\u00f6r\u00e9nek friss\u00edt\u00e9s\u00e9re \u00e9s a javadalmaz\u00e1s megfelel\u0151 igaz\u00edt\u00e1s\u00e1ra, annak \u00e9rdek\u00e9ben, hogy a munk\u00e1ba val\u00f3 visszat\u00e9r\u00e9s teljes m\u00e9rt\u00e9kben m\u00e9lt\u00e1nyos felt\u00e9telek mellett t\u00f6rt\u00e9njen.<\/p>\n<ul>\n<li>Legmagasabb j\u00f6vedelmek: 5\/10<\/li>\n<\/ul>\n<p>A nagy felel\u0151ss\u00e9ggel j\u00e1r\u00f3 poz\u00edci\u00f3k eset\u00e9ben nagyobb nemi egyens\u00falyra t\u00f6reksz\u00fcnk az\u00e1ltal, hogy biztos\u00edtjuk a kvalifik\u00e1lt n\u0151i jel\u00f6ltek azonos\u00edt\u00e1s\u00e1t, \u00e9s azonos kompetenci\u00e1k eset\u00e9n a soksz\u00edn\u0171s\u00e9get r\u00e9szes\u00edtj\u00fck el\u0151nyben, hogy er\u0151s\u00edts\u00fck az egyens\u00falyt a legmagasabb j\u00f6vedelmek k\u00f6z\u00f6tt.<\/p>\n<p>&nbsp;<\/p>\n<p>Javadalmaz\u00e1si politik\u00e1nk h\u00e1rom kulcsfontoss\u00e1g\u00fa elven alapul: a k\u00e9szs\u00e9gek elismer\u00e9se, az egyes poz\u00edci\u00f3k felel\u0151ss\u00e9gi k\u00f6reihez val\u00f3 igazod\u00e1s, valamint a piaci trendekhez val\u00f3 igazod\u00e1s. A bels\u0151 egyenl\u0151s\u00e9get az\u00e1ltal biztos\u00edtjuk, hogy a k\u00e9szs\u00e9geket \u00e9s a teljes\u00edtm\u00e9nyt objekt\u00edven \u00e9rt\u00e9kelj\u00fck, nemt\u0151l f\u00fcggetlen\u00fcl.<span data-mce-type=\"bookmark\" style=\"display: inline-block; width: 0px; overflow: hidden; line-height: 0;\" class=\"mce_SELRES_start\">\ufeff<\/span><\/p>\n\n            <div style=\"clear: both;\"><\/div>\n        <\/div>\n    <\/div>\n<\/section>\n\n\n<section class=\"cbo-text cbo-margin-container\">\n    <div class=\"\n        text-inner\n                cbo-container\n        container--small        \"\n    >\n        <div class=\"text-content cbo-cms cms--large\">\n            <h2><strong>ESG<\/strong><\/h2>\n<p>Az ESG (k\u00f6rnyezetv\u00e9delmi, t\u00e1rsadalmi, ir\u00e1ny\u00edt\u00e1si) okkal az Elicit Plant kiemelt priorit\u00e1sa. A v\u00e1llalat f\u0151 tev\u00e9kenys\u00e9ge k\u00f6rnyezetv\u00e9delmi probl\u00e9m\u00e1kon alapszik. Az Elicit Plant b\u00fcszke arra, hogy fejl\u0151d\u00e9s\u00e9t ezen \u00e9ves c\u00e9lkit\u0171z\u00e9sekhez igaz\u00edtja.<\/p>\n\n            <div style=\"clear: both;\"><\/div>\n        <\/div>\n    <\/div>\n<\/section>\n\n\n<section class=\"cbo-featuredlinks featuredlinks--colorwhite\">\n\t<div class=\"featuredlinks-inner cbo-container \">\n\n\t\t\t\t\t<h2 class=\"cbo-title-2 featuredlinks-title\">\n\t\t\t\tTudjon meg t\u00f6bbet az Elicit Plant\t\t\t<\/h2>\n\t\t\n\t\t<div class=\"featuredlinks-list\" data-anim-group data-group-delay=\"100\">\n\t\t\t\n\t\t\t<div class=\"list-el\">\n\t\t\t\t<a class=\"el-inner\" href=\"https:\/\/www.elicit-plant.com\/hu\/esg-kotelezettsegvallalasaink\/\">\n\n\t\t\t\t\t<figure class=\"inner-picture cbo-picture-cover\">\n\t\t\t\t\t\t<img decoding=\"async\" src=\"https:\/\/www.elicit-plant.com\/app\/uploads\/sites\/8\/2024\/06\/ESG-768x512.jpg\" srcset=\"https:\/\/www.elicit-plant.com\/app\/uploads\/sites\/8\/2024\/06\/ESG-320x213.jpg 320w, https:\/\/www.elicit-plant.com\/app\/uploads\/sites\/8\/2024\/06\/ESG-768x512.jpg 840w, https:\/\/www.elicit-plant.com\/app\/uploads\/sites\/8\/2024\/06\/ESG-768x512.jpg 1024w, https:\/\/www.elicit-plant.com\/app\/uploads\/sites\/8\/2024\/06\/ESG-768x512.jpg 1400w\" class=\"\" alt=\"ESG\" width=\"768\" height=\"512\" sizes=\"auto, 100vw\" loading=\"lazy\" \/>\t\t\t\t\t<\/figure>\n\n\t\t\t\t\t<h3 class=\"inner-title cbo-title-3\">\n\t\t\t\t\t\tESG k\u00f6telezetts\u00e9gv\u00e1llal\u00e1saink\t\t\t\t\t<\/h3>\n\n\t\t\t\t\t<span class=\"inner-button cbo-buttonmore\">\n\t\t\t\t\t\t<i class=\"icon icon-cross\"><\/i>\n\t\t\t\t\t<\/span>\n\t\t\t\t<\/a>\n\t\t\t<\/div>\n\n\t\t\t\n\t\t\t<div class=\"list-el\">\n\t\t\t\t<a class=\"el-inner\" href=\"https:\/\/www.elicit-plant.com\/hu\/kultura-es-ertekek\/\">\n\n\t\t\t\t\t<figure class=\"inner-picture cbo-picture-cover\">\n\t\t\t\t\t\t<img decoding=\"async\" src=\"https:\/\/www.elicit-plant.com\/app\/uploads\/sites\/8\/2024\/06\/Scientist.jpg\" srcset=\"https:\/\/www.elicit-plant.com\/app\/uploads\/sites\/8\/2024\/06\/Scientist-320x320.jpg 320w, https:\/\/www.elicit-plant.com\/app\/uploads\/sites\/8\/2024\/06\/Scientist.jpg 840w, https:\/\/www.elicit-plant.com\/app\/uploads\/sites\/8\/2024\/06\/Scientist.jpg 1024w, https:\/\/www.elicit-plant.com\/app\/uploads\/sites\/8\/2024\/06\/Scientist.jpg 1400w\" class=\"\" alt=\"Agr\u00e1rtud\u00f3s\" width=\"446\" height=\"446\" sizes=\"auto, 100vw\" loading=\"lazy\" \/>\t\t\t\t\t<\/figure>\n\n\t\t\t\t\t<h3 class=\"inner-title cbo-title-3\">\n\t\t\t\t\t\tKult\u00fara \u00e9s \u00e9rt\u00e9kek\t\t\t\t\t<\/h3>\n\n\t\t\t\t\t<span class=\"inner-button cbo-buttonmore\">\n\t\t\t\t\t\t<i class=\"icon icon-cross\"><\/i>\n\t\t\t\t\t<\/span>\n\t\t\t\t<\/a>\n\t\t\t<\/div>\n\n\t\t\t\t\t<\/div>\n\n\t<\/div>\n<\/section>\n","protected":false},"excerpt":{"rendered":"<p>Nemi egyenl\u0151s\u00e9gi index 2025 Az Elicit Plantn\u00e9l elk\u00f6telezettek vagyunk amellett, hogy mindenki sz\u00e1m\u00e1ra igazs\u00e1gos \u00e9s m\u00e9lt\u00e1nyos javadalmaz\u00e1st biztos\u00edtsunk. 2025-ben a Nemi egyenl\u0151s\u00e9gi index\u00fcnk 79\/100 pontot \u00e9rt el, ami t\u00fckr\u00f6zi a b\u00e9rbeli egyenl\u0151s\u00e9g el\u0151mozd\u00edt\u00e1s\u00e1\u00e9rt tett folyamatos er\u0151fesz\u00edt\u00e9seinket. A pontsz\u00e1m r\u00e9szletez\u00e9se: B\u00e9rk\u00fcl\u00f6nbs\u00e9g: 39\/40 Tov\u00e1bbra is olyan b\u00e9rpolitik\u00e1t alkalmazunk, amely a k\u00e9szs\u00e9gek \u00e9s felel\u0151ss\u00e9gi k\u00f6r\u00f6k objekt\u00edv \u00e9rt\u00e9kel\u00e9s\u00e9n alapul, annak \u00e9rdek\u00e9ben, hogy tart\u00f3s egyenl\u0151s\u00e9get biztos\u00edtsunk a n\u0151k \u00e9s a f\u00e9rfiak k\u00f6z\u00f6tt. B\u00e9remel\u00e9sek ar\u00e1ny\u00e1nak k\u00fcl\u00f6nbs\u00e9ge: 35\/35 Visszat\u00e9r\u00e9s sz\u00fcl\u00e9si szabads\u00e1gr\u00f3l: 0\/15 A sz\u00fcl\u00e9si szabads\u00e1gr\u00f3l val\u00f3 visszat\u00e9r\u00e9skor k\u00fcl\u00f6n\u00f6s figyelmet ford\u00edtunk a munkak\u00f6r feladatk\u00f6r\u00e9nek friss\u00edt\u00e9s\u00e9re \u00e9s a javadalmaz\u00e1s megfelel\u0151 igaz\u00edt\u00e1s\u00e1ra, annak \u00e9rdek\u00e9ben, hogy a munk\u00e1ba val\u00f3 visszat\u00e9r\u00e9s teljes m\u00e9rt\u00e9kben m\u00e9lt\u00e1nyos felt\u00e9telek mellett t\u00f6rt\u00e9njen. Legmagasabb&#8230;<\/p>\n","protected":false},"author":6,"featured_media":0,"parent":0,"menu_order":0,"comment_status":"closed","ping_status":"closed","template":"","meta":{"_acf_changed":false,"footnotes":""},"class_list":["post-181","page","type-page","status-publish","hentry"],"acf":[],"yoast_head":"<!-- This site is optimized with the Yoast SEO plugin v27.3 - https:\/\/yoast.com\/product\/yoast-seo-wordpress\/ -->\n<title>Az Elicit Plant-r\u0151l r\u00f6viden: Kulcsmutat\u00f3k, parit\u00e1s \u00e9s ESG<\/title>\n<meta name=\"description\" content=\"Szeretne t\u00f6bbet megtudni az Elicit Plant-r\u0151l? Akkor itt j\u00f3 helyen j\u00e1r!\" \/>\n<meta name=\"robots\" content=\"index, follow, max-snippet:-1, max-image-preview:large, max-video-preview:-1\" \/>\n<link rel=\"canonical\" href=\"https:\/\/www.elicit-plant.com\/hu\/az-elicit-plant-rol-roviden\/\" \/>\n<meta property=\"og:locale\" content=\"hu_HU\" \/>\n<meta property=\"og:type\" content=\"article\" \/>\n<meta property=\"og:title\" content=\"Az Elicit Plant-r\u0151l r\u00f6viden: Kulcsmutat\u00f3k, parit\u00e1s \u00e9s ESG\" \/>\n<meta property=\"og:description\" content=\"Szeretne t\u00f6bbet megtudni az Elicit Plant-r\u0151l? Akkor itt j\u00f3 helyen j\u00e1r!\" \/>\n<meta property=\"og:url\" content=\"https:\/\/www.elicit-plant.com\/hu\/az-elicit-plant-rol-roviden\/\" \/>\n<meta property=\"og:site_name\" content=\"Elicit Plant Magyarorsz\u00e1g\" \/>\n<meta property=\"article:publisher\" content=\"https:\/\/www.facebook.com\/p\/Elicit-Plant-100064059283408\/?locale=fr_FR\" \/>\n<meta property=\"article:modified_time\" content=\"2026-03-10T09:30:13+00:00\" \/>\n<meta name=\"twitter:card\" content=\"summary_large_image\" \/>\n<script type=\"application\/ld+json\" class=\"yoast-schema-graph\">{\"@context\":\"https:\\\/\\\/schema.org\",\"@graph\":[{\"@type\":\"WebPage\",\"@id\":\"https:\\\/\\\/www.elicit-plant.com\\\/hu\\\/az-elicit-plant-rol-roviden\\\/\",\"url\":\"https:\\\/\\\/www.elicit-plant.com\\\/hu\\\/az-elicit-plant-rol-roviden\\\/\",\"name\":\"Az Elicit Plant-r\u0151l r\u00f6viden: Kulcsmutat\u00f3k, parit\u00e1s \u00e9s ESG\",\"isPartOf\":{\"@id\":\"https:\\\/\\\/www.elicit-plant.com\\\/hu\\\/#website\"},\"datePublished\":\"2024-06-20T12:07:41+00:00\",\"dateModified\":\"2026-03-10T09:30:13+00:00\",\"description\":\"Szeretne t\u00f6bbet megtudni az Elicit Plant-r\u0151l? Akkor itt j\u00f3 helyen j\u00e1r!\",\"breadcrumb\":{\"@id\":\"https:\\\/\\\/www.elicit-plant.com\\\/hu\\\/az-elicit-plant-rol-roviden\\\/#breadcrumb\"},\"inLanguage\":\"hu\",\"potentialAction\":[{\"@type\":\"ReadAction\",\"target\":[\"https:\\\/\\\/www.elicit-plant.com\\\/hu\\\/az-elicit-plant-rol-roviden\\\/\"]}]},{\"@type\":\"BreadcrumbList\",\"@id\":\"https:\\\/\\\/www.elicit-plant.com\\\/hu\\\/az-elicit-plant-rol-roviden\\\/#breadcrumb\",\"itemListElement\":[{\"@type\":\"ListItem\",\"position\":1,\"name\":\"Home\",\"item\":\"https:\\\/\\\/www.elicit-plant.com\\\/hu\\\/\"},{\"@type\":\"ListItem\",\"position\":2,\"name\":\"Elicit Plant in Short\"}]},{\"@type\":\"WebSite\",\"@id\":\"https:\\\/\\\/www.elicit-plant.com\\\/hu\\\/#website\",\"url\":\"https:\\\/\\\/www.elicit-plant.com\\\/hu\\\/\",\"name\":\"Elicit Plant Magyarorsz\u00e1g\",\"description\":\"A vil\u00e1g minden t\u00e1j\u00e1r\u00f3l dolgozunk egy\u00fctt gazd\u00e1lkod\u00f3kkal, hogy szemben\u00e9zz\u00fcnk a kl\u00edmav\u00e1ltoz\u00e1s \u00e1ltal t\u00e1masztott kih\u00edv\u00e1sokkal \u00e9s a v\u00edzhi\u00e1nynak a sz\u00e1nt\u00f3f\u00f6ldi n\u00f6v\u00e9nyekre gyakorolt hat\u00e1saival.\",\"publisher\":{\"@id\":\"https:\\\/\\\/www.elicit-plant.com\\\/hu\\\/#organization\"},\"potentialAction\":[{\"@type\":\"SearchAction\",\"target\":{\"@type\":\"EntryPoint\",\"urlTemplate\":\"https:\\\/\\\/www.elicit-plant.com\\\/hu\\\/?s={search_term_string}\"},\"query-input\":{\"@type\":\"PropertyValueSpecification\",\"valueRequired\":true,\"valueName\":\"search_term_string\"}}],\"inLanguage\":\"hu\"},{\"@type\":\"Organization\",\"@id\":\"https:\\\/\\\/www.elicit-plant.com\\\/hu\\\/#organization\",\"name\":\"Elicit Plant Magyarorsz\u00e1g\",\"url\":\"https:\\\/\\\/www.elicit-plant.com\\\/hu\\\/\",\"logo\":{\"@type\":\"ImageObject\",\"inLanguage\":\"hu\",\"@id\":\"https:\\\/\\\/www.elicit-plant.com\\\/hu\\\/#\\\/schema\\\/logo\\\/image\\\/\",\"url\":\"https:\\\/\\\/www.elicit-plant.com\\\/hu\\\/wp-content\\\/uploads\\\/sites\\\/8\\\/2024\\\/06\\\/Elicit-Plant-logo-full-color-rgb.png\",\"contentUrl\":\"https:\\\/\\\/www.elicit-plant.com\\\/hu\\\/wp-content\\\/uploads\\\/sites\\\/8\\\/2024\\\/06\\\/Elicit-Plant-logo-full-color-rgb.png\",\"width\":2304,\"height\":641,\"caption\":\"Elicit Plant Magyarorsz\u00e1g\"},\"image\":{\"@id\":\"https:\\\/\\\/www.elicit-plant.com\\\/hu\\\/#\\\/schema\\\/logo\\\/image\\\/\"},\"sameAs\":[\"https:\\\/\\\/www.facebook.com\\\/p\\\/Elicit-Plant-100064059283408\\\/?locale=fr_FR\",\"https:\\\/\\\/www.linkedin.com\\\/company\\\/elicit-plant\\\/\"]}]}<\/script>\n<!-- \/ Yoast SEO plugin. -->","yoast_head_json":{"title":"Az Elicit Plant-r\u0151l r\u00f6viden: Kulcsmutat\u00f3k, parit\u00e1s \u00e9s ESG","description":"Szeretne t\u00f6bbet megtudni az Elicit Plant-r\u0151l? Akkor itt j\u00f3 helyen j\u00e1r!","robots":{"index":"index","follow":"follow","max-snippet":"max-snippet:-1","max-image-preview":"max-image-preview:large","max-video-preview":"max-video-preview:-1"},"canonical":"https:\/\/www.elicit-plant.com\/hu\/az-elicit-plant-rol-roviden\/","og_locale":"hu_HU","og_type":"article","og_title":"Az Elicit Plant-r\u0151l r\u00f6viden: Kulcsmutat\u00f3k, parit\u00e1s \u00e9s ESG","og_description":"Szeretne t\u00f6bbet megtudni az Elicit Plant-r\u0151l? Akkor itt j\u00f3 helyen j\u00e1r!","og_url":"https:\/\/www.elicit-plant.com\/hu\/az-elicit-plant-rol-roviden\/","og_site_name":"Elicit Plant Magyarorsz\u00e1g","article_publisher":"https:\/\/www.facebook.com\/p\/Elicit-Plant-100064059283408\/?locale=fr_FR","article_modified_time":"2026-03-10T09:30:13+00:00","twitter_card":"summary_large_image","schema":{"@context":"https:\/\/schema.org","@graph":[{"@type":"WebPage","@id":"https:\/\/www.elicit-plant.com\/hu\/az-elicit-plant-rol-roviden\/","url":"https:\/\/www.elicit-plant.com\/hu\/az-elicit-plant-rol-roviden\/","name":"Az Elicit Plant-r\u0151l r\u00f6viden: Kulcsmutat\u00f3k, parit\u00e1s \u00e9s ESG","isPartOf":{"@id":"https:\/\/www.elicit-plant.com\/hu\/#website"},"datePublished":"2024-06-20T12:07:41+00:00","dateModified":"2026-03-10T09:30:13+00:00","description":"Szeretne t\u00f6bbet megtudni az Elicit Plant-r\u0151l? Akkor itt j\u00f3 helyen j\u00e1r!","breadcrumb":{"@id":"https:\/\/www.elicit-plant.com\/hu\/az-elicit-plant-rol-roviden\/#breadcrumb"},"inLanguage":"hu","potentialAction":[{"@type":"ReadAction","target":["https:\/\/www.elicit-plant.com\/hu\/az-elicit-plant-rol-roviden\/"]}]},{"@type":"BreadcrumbList","@id":"https:\/\/www.elicit-plant.com\/hu\/az-elicit-plant-rol-roviden\/#breadcrumb","itemListElement":[{"@type":"ListItem","position":1,"name":"Home","item":"https:\/\/www.elicit-plant.com\/hu\/"},{"@type":"ListItem","position":2,"name":"Elicit Plant in Short"}]},{"@type":"WebSite","@id":"https:\/\/www.elicit-plant.com\/hu\/#website","url":"https:\/\/www.elicit-plant.com\/hu\/","name":"Elicit Plant Magyarorsz\u00e1g","description":"A vil\u00e1g minden t\u00e1j\u00e1r\u00f3l dolgozunk egy\u00fctt gazd\u00e1lkod\u00f3kkal, hogy szemben\u00e9zz\u00fcnk a kl\u00edmav\u00e1ltoz\u00e1s \u00e1ltal t\u00e1masztott kih\u00edv\u00e1sokkal \u00e9s a v\u00edzhi\u00e1nynak a sz\u00e1nt\u00f3f\u00f6ldi n\u00f6v\u00e9nyekre gyakorolt hat\u00e1saival.","publisher":{"@id":"https:\/\/www.elicit-plant.com\/hu\/#organization"},"potentialAction":[{"@type":"SearchAction","target":{"@type":"EntryPoint","urlTemplate":"https:\/\/www.elicit-plant.com\/hu\/?s={search_term_string}"},"query-input":{"@type":"PropertyValueSpecification","valueRequired":true,"valueName":"search_term_string"}}],"inLanguage":"hu"},{"@type":"Organization","@id":"https:\/\/www.elicit-plant.com\/hu\/#organization","name":"Elicit Plant Magyarorsz\u00e1g","url":"https:\/\/www.elicit-plant.com\/hu\/","logo":{"@type":"ImageObject","inLanguage":"hu","@id":"https:\/\/www.elicit-plant.com\/hu\/#\/schema\/logo\/image\/","url":"https:\/\/www.elicit-plant.com\/hu\/wp-content\/uploads\/sites\/8\/2024\/06\/Elicit-Plant-logo-full-color-rgb.png","contentUrl":"https:\/\/www.elicit-plant.com\/hu\/wp-content\/uploads\/sites\/8\/2024\/06\/Elicit-Plant-logo-full-color-rgb.png","width":2304,"height":641,"caption":"Elicit Plant Magyarorsz\u00e1g"},"image":{"@id":"https:\/\/www.elicit-plant.com\/hu\/#\/schema\/logo\/image\/"},"sameAs":["https:\/\/www.facebook.com\/p\/Elicit-Plant-100064059283408\/?locale=fr_FR","https:\/\/www.linkedin.com\/company\/elicit-plant\/"]}]}},"_links":{"self":[{"href":"https:\/\/www.elicit-plant.com\/hu\/wp-json\/wp\/v2\/pages\/181","targetHints":{"allow":["GET"]}}],"collection":[{"href":"https:\/\/www.elicit-plant.com\/hu\/wp-json\/wp\/v2\/pages"}],"about":[{"href":"https:\/\/www.elicit-plant.com\/hu\/wp-json\/wp\/v2\/types\/page"}],"author":[{"embeddable":true,"href":"https:\/\/www.elicit-plant.com\/hu\/wp-json\/wp\/v2\/users\/6"}],"replies":[{"embeddable":true,"href":"https:\/\/www.elicit-plant.com\/hu\/wp-json\/wp\/v2\/comments?post=181"}],"version-history":[{"count":8,"href":"https:\/\/www.elicit-plant.com\/hu\/wp-json\/wp\/v2\/pages\/181\/revisions"}],"predecessor-version":[{"id":758,"href":"https:\/\/www.elicit-plant.com\/hu\/wp-json\/wp\/v2\/pages\/181\/revisions\/758"}],"wp:attachment":[{"href":"https:\/\/www.elicit-plant.com\/hu\/wp-json\/wp\/v2\/media?parent=181"}],"curies":[{"name":"wp","href":"https:\/\/api.w.org\/{rel}","templated":true}]}}