{"id":185,"date":"2024-06-20T14:19:58","date_gmt":"2024-06-20T12:19:58","guid":{"rendered":"https:\/\/www.elicit-plant.com\/hu\/?page_id=185"},"modified":"2024-06-27T09:51:23","modified_gmt":"2024-06-27T07:51:23","slug":"kultura-es-ertekek","status":"publish","type":"page","link":"https:\/\/www.elicit-plant.com\/hu\/kultura-es-ertekek\/","title":{"rendered":"Culture &amp; Values"},"content":{"rendered":"<section class=\"cbo-hero cbo-margin-container hero--colorgreen\" data-anim-group>\n\t<div class=\"cbo-breadcrumbs breadcrumbs--normal\">\n  <div class=\"breadcrumbs-inner\">\n    <span><span><a href=\"https:\/\/www.elicit-plant.com\/hu\/\">Home<\/a><\/span><\/span>\t<\/div>\n<\/div>\n\t<div class=\"hero-inner cbo-container container--padding\">\n\n\t\t<div class=\"hero-shapes\">\n\t\t\t<div class=\"shapes-color scale-up\"><\/div>\n\n\t\t\t<div class=\"shapes-picture cbo-picture-cover scale-up\"  data-delay=\"450\">\n\t\t\t\t<img decoding=\"async\" src=\"https:\/\/www.elicit-plant.com\/app\/uploads\/sites\/8\/2024\/06\/Scientist-320x320.jpg\" srcset=\"https:\/\/www.elicit-plant.com\/app\/uploads\/sites\/8\/2024\/06\/Scientist-320x320.jpg 320w, https:\/\/www.elicit-plant.com\/app\/uploads\/sites\/8\/2024\/06\/Scientist.jpg 768w\" class=\"\" alt=\"\" width=\"320\" height=\"320\" sizes=\"auto, 100vw\" loading=\"lazy\" \/>\t\t\t<\/div>\n\t\t<\/div>\n\n\t\t<div class=\"hero-content cbo-cms cms--large cms--white\">\n\t\t\t<div class=\"content-text\">\n\t\t\t\t<h1 class=\"hero-title cbo-heading slide-down\">\n\t\t\t\t\tKult\u00fara \u00e9s \u00e9rt\u00e9kek\t\t\t\t<\/h1>\n\n\t\t\t\t\t\t\t<\/div>\n\t\t<\/div>\n\n\t<\/div>\n<\/section>\n\n<section class=\"cbo-text cbo-margin-container\">\n    <div class=\"\n        text-inner\n                cbo-container\n        container--small        \"\n    >\n        <div class=\"text-content cbo-cms cms--large\">\n            <h2><img loading=\"lazy\" decoding=\"async\" class=\"aligncenter size-medium wp-image-1211\" src=\"https:\/\/www.elicit-plant.com\/wp-content\/uploads\/2024\/02\/Elicit-Plant-logo-full-color-rgb-1024x285.png\" alt=\"\" width=\"1024\" height=\"285\" \/><\/h2>\n<h2 style=\"text-align: center;\"><strong>K\u00fcldet\u00e9s\u00fcnk<\/strong><\/h2>\n<h3 style=\"text-align: center;\">Az \u00e9lelmiszertermel\u00e9s j\u00f6v\u0151j\u00e9nek biztos\u00edt\u00e1sa a fenntarthat\u00f3, \u00f6kol\u00f3giai \u00e9s felel\u0151s mez\u0151gazdas\u00e1got t\u00e1mogat\u00f3 tudom\u00e1nyos innov\u00e1ci\u00f3 r\u00e9v\u00e9n.<\/h3>\n\n            <div style=\"clear: both;\"><\/div>\n        <\/div>\n    <\/div>\n<\/section>\n\n\n<section class=\"cbo-picture picture--contained\">\n\t<div class=\"picture-inner cbo-container container--small\">\n\t\t<div class=\"picture-element cbo-picture-cover\">\n\t\t\t<img decoding=\"async\" src=\"https:\/\/www.elicit-plant.com\/app\/uploads\/sites\/8\/2024\/06\/elicit-plant-est-en-phase-avec-le-plan-eau-du-gouvernement.webp\" srcset=\"https:\/\/www.elicit-plant.com\/app\/uploads\/sites\/8\/2024\/06\/elicit-plant-est-en-phase-avec-le-plan-eau-du-gouvernement-320x180.webp 320w, https:\/\/www.elicit-plant.com\/app\/uploads\/sites\/8\/2024\/06\/elicit-plant-est-en-phase-avec-le-plan-eau-du-gouvernement-768x432.webp 840w, https:\/\/www.elicit-plant.com\/app\/uploads\/sites\/8\/2024\/06\/elicit-plant-est-en-phase-avec-le-plan-eau-du-gouvernement.webp 1024w, https:\/\/www.elicit-plant.com\/app\/uploads\/sites\/8\/2024\/06\/elicit-plant-est-en-phase-avec-le-plan-eau-du-gouvernement.webp 1400w\" class=\"\" alt=\"V&iacute;zzel bor&iacute;tott kukoricalev&eacute;l\" width=\"1000\" height=\"562\" sizes=\"auto, 100vw\" loading=\"lazy\" \/>\t\t<\/div>\n\n\t\t\t<\/div>\n<\/section>\n\n\n<section class=\"cbo-textblocks\">\n    <div class=\"textblocks-inner cbo-container\">\n\n        \t\t\t<h2 class=\"textblocks-title cbo-title-2\">\n\t\t\t\tPACE\t\t\t<\/h2>\n    \t\n\n        \t\t\t<div class=\"textblocks-chapo cbo-chapo\">\n\t\t\t\tAz Elicit Plant k\u00f6z\u00f6ss\u00e9g 4 \u00e9rt\u00e9k k\u00f6r\u00e9 szervez\u0151dik, amelyet angolul a PACE mozaiksz\u00f3 fejez ki; Pozit\u00edv, Agilis, K\u00f6z\u00f6ss\u00e9gi \u00e9s Elk\u00f6telezett (Positive, Agile, Collective and Engaged).\t\t\t<\/div>\n    \t\n        <div class=\"textblocks-list\">\n                        \n                                    <span class=\"list-el scale-up\" data-delay=\"0\">\n                \n                    <span class=\"el-inner inner--coloryellow cbo-cms cms--white\">\n                        \n                                                    <span class=\"el-title\">\n                                Pozit\u00edv                             <\/span>\n                        \n                                                    <span class=\"el-content\">\n                                Tudja, hogyan hozza ki minden helyzetb\u0151l a legjobbat, \u00e9s a koll\u00e9g\u00e1i szeretik az \u00d6n vid\u00e1m term\u00e9szet\u00e9t                             <\/span>\n                        \n                                            <\/span>\n\n                                    <\/span>\n                \n                        \n                                    <span class=\"list-el scale-up\" data-delay=\"100\">\n                \n                    <span class=\"el-inner inner--colorbrown cbo-cms cms--white\">\n                        \n                                                    <span class=\"el-title\">\n                                Agilis                             <\/span>\n                        \n                                                    <span class=\"el-content\">\n                                K\u00edv\u00e1ncsi \u00e9s alkalmazkod\u00f3k\u00e9pes                            <\/span>\n                        \n                                            <\/span>\n\n                                    <\/span>\n                \n                    <\/div>\n\n        \t\t\t<div class=\"textblocks-button\">\n\t\t\t\t\t\t\t<\/div>\n\t\t\n    <\/div>\n<\/section>\n\n\n<section class=\"cbo-textblocks\">\n    <div class=\"textblocks-inner cbo-container\">\n\n        \n\n        \n        <div class=\"textblocks-list\">\n                        \n                                    <span class=\"list-el scale-up\" data-delay=\"0\">\n                \n                    <span class=\"el-inner inner--colorbrown cbo-cms cms--white\">\n                        \n                                                    <span class=\"el-title\">\n                                K\u00f6z\u00f6ss\u00e9gi                             <\/span>\n                        \n                                                    <span class=\"el-content\">\n                                Hisz abban, hogy a k\u00f6z\u00f6s munk\u00e1val t\u00f6bbet \u00e9rhet\u00fcnk el                             <\/span>\n                        \n                                            <\/span>\n\n                                    <\/span>\n                \n                        \n                                    <span class=\"list-el scale-up\" data-delay=\"100\">\n                \n                    <span class=\"el-inner inner--coloryellow cbo-cms cms--white\">\n                        \n                                                    <span class=\"el-title\">\n                                Elk\u00f6telezett                             <\/span>\n                        \n                                                    <span class=\"el-content\">\n                                Semmi sem t\u00f6ri le a motiv\u00e1ci\u00f3j\u00e1t!                             <\/span>\n                        \n                                            <\/span>\n\n                                    <\/span>\n                \n                    <\/div>\n\n        \t\t\t<div class=\"textblocks-button\">\n\t\t\t\t\t\t\t<\/div>\n\t\t\n    <\/div>\n<\/section>\n\n\n<section class=\"cbo-checkerboard checkerboard--normal\">\n    <div class=\"checkerboard-inner\">\n\n        <div class=\"checkerboard-picture\">\n            <div class=\"picture-inner cbo-picture-cover\">\n                <img decoding=\"async\" src=\"https:\/\/www.elicit-plant.com\/app\/uploads\/sites\/8\/2024\/06\/Elicit-Plant-Group-Photo-320x213.jpg\" srcset=\"https:\/\/www.elicit-plant.com\/app\/uploads\/sites\/8\/2024\/06\/Elicit-Plant-Group-Photo-320x213.jpg 320w, https:\/\/www.elicit-plant.com\/app\/uploads\/sites\/8\/2024\/06\/Elicit-Plant-Group-Photo-768x512.jpg 768w, https:\/\/www.elicit-plant.com\/app\/uploads\/sites\/8\/2024\/06\/Elicit-Plant-Group-Photo-1024x683.jpg 1024w\" class=\"\" alt=\"Csoportk\u00e9p az Elicit Plant alkalmazottair\u00f3l\" width=\"320\" height=\"213\" sizes=\"auto, 100vw\" loading=\"lazy\" \/>            <\/div>\n        <\/div>\n        \n        <div class=\"checkerboard-content content--green cbo-cms cms--white\">\n            <div class=\"content-text\">\n                                    <span class=\"content-uptitle\">\n                        Az \u00e9v legfontosabb id\u0151szakai                     <\/span>\n                \n                <div class=\"content-title cbo-title-3\">\n                    Mivel az \u00f6sszetart\u00e1s fontos, az Elicit Plant az \u00e9v sor\u00e1n mintegy tucatnyi \u00f6sszej\u00f6vetelt szervez, amelyek lehet\u0151s\u00e9get adnak egym\u00e1s jobb megismer\u00e9s\u00e9re \u00e9s a r\u00e9szlegek k\u00f6z\u00f6tti kapcsolatok \u00e1pol\u00e1s\u00e1ra.                <\/div>\n            <\/div>\n        <\/div>\n\n    <\/div>\n<\/section>\n\n\n<section class=\"cbo-checkerboard checkerboard--reverse\">\n    <div class=\"checkerboard-inner\">\n\n        <div class=\"checkerboard-picture\">\n            <div class=\"picture-inner cbo-picture-cover\">\n                <img decoding=\"async\" src=\"https:\/\/www.elicit-plant.com\/app\/uploads\/sites\/8\/2024\/06\/Photo-equipe--320x320.png\" srcset=\"https:\/\/www.elicit-plant.com\/app\/uploads\/sites\/8\/2024\/06\/Photo-equipe--320x320.png 320w, https:\/\/www.elicit-plant.com\/app\/uploads\/sites\/8\/2024\/06\/Photo-equipe--768x768.png 768w, https:\/\/www.elicit-plant.com\/app\/uploads\/sites\/8\/2024\/06\/Photo-equipe--1024x1024.png 1024w\" class=\"\" alt=\"Boldog alkalmazottak\" width=\"320\" height=\"320\" sizes=\"auto, 100vw\" loading=\"lazy\" \/>            <\/div>\n        <\/div>\n        \n        <div class=\"checkerboard-content content--green cbo-cms cms--white\">\n            <div class=\"content-text\">\n                \n                <div class=\"content-title cbo-title-3\">\n                    Minden \u00e9vben az alkalmazottakat megh\u00edvjuk:<br \/>\r\n<br \/>\r\nEgy v\u00e1llalati szemin\u00e1riumra<br \/>\r\n<br \/>\r\nLehet\u0151s\u00e9get biztos\u00edtunk a kutat\u00e1s, az \u00e9rt\u00e9kes\u00edt\u00e9s \u00e9s a t\u00f6bbfunkci\u00f3s csapatok k\u00f6z\u00f6tti eszmecser\u00e9re \u00e9s csereprogramokra.<br \/>\r\n<br \/>\r\nBemutatkoz\u00f3 napokra, hogy az \u00fajonnan \u00e9rkez\u0151ket m\u00e9lt\u00f3k\u00e9ppen \u00fcdv\u00f6z\u00f6lhess\u00fck.                <\/div>\n            <\/div>\n        <\/div>\n\n    <\/div>\n<\/section>\n\n<section class=\"cbo-featuredlinks featuredlinks--colorwhite\">\n\t<div class=\"featuredlinks-inner cbo-container \">\n\n\t\t\t\t\t<h2 class=\"cbo-title-2 featuredlinks-title\">\n\t\t\t\tTudjon meg t\u00f6bbet az Elicit Plant\t\t\t<\/h2>\n\t\t\n\t\t<div class=\"featuredlinks-list\" data-anim-group data-group-delay=\"100\">\n\t\t\t\n\t\t\t<div class=\"list-el\">\n\t\t\t\t<a class=\"el-inner\" href=\"https:\/\/www.elicit-plant.com\/hu\/tarsasagunk\/\">\n\n\t\t\t\t\t<figure class=\"inner-picture cbo-picture-cover\">\n\t\t\t\t\t\t<img decoding=\"async\" src=\"https:\/\/www.elicit-plant.com\/app\/uploads\/sites\/8\/2024\/06\/Tractor-treating-fields-768x427.jpg\" srcset=\"https:\/\/www.elicit-plant.com\/app\/uploads\/sites\/8\/2024\/06\/Tractor-treating-fields-320x178.jpg 320w, https:\/\/www.elicit-plant.com\/app\/uploads\/sites\/8\/2024\/06\/Tractor-treating-fields-768x427.jpg 840w, https:\/\/www.elicit-plant.com\/app\/uploads\/sites\/8\/2024\/06\/Tractor-treating-fields-768x427.jpg 1024w, https:\/\/www.elicit-plant.com\/app\/uploads\/sites\/8\/2024\/06\/Tractor-treating-fields-768x427.jpg 1400w\" class=\"\" alt=\"Traktorral kezelt f\u00f6ldek\" width=\"768\" height=\"427\" sizes=\"auto, 100vw\" loading=\"lazy\" \/>\t\t\t\t\t<\/figure>\n\n\t\t\t\t\t<h3 class=\"inner-title cbo-title-3\">\n\t\t\t\t\t\tT\u00e1rsas\u00e1gunk\t\t\t\t\t<\/h3>\n\n\t\t\t\t\t<span class=\"inner-button cbo-buttonmore\">\n\t\t\t\t\t\t<i class=\"icon icon-cross\"><\/i>\n\t\t\t\t\t<\/span>\n\t\t\t\t<\/a>\n\t\t\t<\/div>\n\n\t\t\t\n\t\t\t<div class=\"list-el\">\n\t\t\t\t<a class=\"el-inner\" href=\"https:\/\/www.elicit-plant.com\/hu\/az-elicit-plant-rol-roviden\/\">\n\n\t\t\t\t\t<figure class=\"inner-picture cbo-picture-cover\">\n\t\t\t\t\t\t<img decoding=\"async\" src=\"https:\/\/www.elicit-plant.com\/app\/uploads\/sites\/8\/2024\/06\/AdobeStock_53723659-1-low-768x512.jpg\" srcset=\"https:\/\/www.elicit-plant.com\/app\/uploads\/sites\/8\/2024\/06\/AdobeStock_53723659-1-low-320x213.jpg 320w, https:\/\/www.elicit-plant.com\/app\/uploads\/sites\/8\/2024\/06\/AdobeStock_53723659-1-low-768x512.jpg 840w, https:\/\/www.elicit-plant.com\/app\/uploads\/sites\/8\/2024\/06\/AdobeStock_53723659-1-low-768x512.jpg 1024w, https:\/\/www.elicit-plant.com\/app\/uploads\/sites\/8\/2024\/06\/AdobeStock_53723659-1-low-768x512.jpg 1400w\" class=\"\" alt=\"V\u00edzzel permetezett mez\u0151\" width=\"768\" height=\"512\" sizes=\"auto, 100vw\" loading=\"lazy\" \/>\t\t\t\t\t<\/figure>\n\n\t\t\t\t\t<h3 class=\"inner-title cbo-title-3\">\n\t\t\t\t\t\tAz Elicit Plant-r\u0151l r\u00f6viden\t\t\t\t\t<\/h3>\n\n\t\t\t\t\t<span class=\"inner-button cbo-buttonmore\">\n\t\t\t\t\t\t<i class=\"icon icon-cross\"><\/i>\n\t\t\t\t\t<\/span>\n\t\t\t\t<\/a>\n\t\t\t<\/div>\n\n\t\t\t\t\t<\/div>\n\n\t<\/div>\n<\/section>\n","protected":false},"excerpt":{"rendered":"<p>K\u00fcldet\u00e9s\u00fcnk Az \u00e9lelmiszertermel\u00e9s j\u00f6v\u0151j\u00e9nek biztos\u00edt\u00e1sa a fenntarthat\u00f3, \u00f6kol\u00f3giai \u00e9s felel\u0151s mez\u0151gazdas\u00e1got t\u00e1mogat\u00f3 tudom\u00e1nyos innov\u00e1ci\u00f3 r\u00e9v\u00e9n.<\/p>\n","protected":false},"author":6,"featured_media":190,"parent":0,"menu_order":0,"comment_status":"closed","ping_status":"closed","template":"","meta":{"_acf_changed":false,"footnotes":""},"class_list":["post-185","page","type-page","status-publish","has-post-thumbnail","hentry"],"acf":[],"yoast_head":"<!-- This site is optimized with the Yoast SEO plugin v27.3 - https:\/\/yoast.com\/product\/yoast-seo-wordpress\/ -->\n<title>Kult\u00far\u00e1nk, \u00e9rt\u00e9keink \u00e9s c\u00e9lunk - Elicit Plant Magyarorsz\u00e1g<\/title>\n<meta name=\"description\" content=\"A fenntarthat\u00f3, \u00f6kol\u00f3giai \u00e9s felel\u0151s mez\u0151gazdas\u00e1g szolg\u00e1lat\u00e1ban \u00e1ll\u00f3 tudom\u00e1nyos innov\u00e1ci\u00f3 r\u00e9v\u00e9n \u00e1lland\u00f3s\u00edtjuk az \u00e9lelmiszer el\u0151\u00e1ll\u00edt\u00e1s\u00e1t\" \/>\n<meta name=\"robots\" content=\"index, follow, max-snippet:-1, max-image-preview:large, max-video-preview:-1\" \/>\n<link rel=\"canonical\" href=\"https:\/\/www.elicit-plant.com\/hu\/kultura-es-ertekek\/\" \/>\n<meta property=\"og:locale\" content=\"hu_HU\" \/>\n<meta property=\"og:type\" content=\"article\" \/>\n<meta property=\"og:title\" content=\"Kult\u00far\u00e1nk, \u00e9rt\u00e9keink \u00e9s c\u00e9lunk - Elicit Plant Magyarorsz\u00e1g\" \/>\n<meta property=\"og:description\" content=\"A fenntarthat\u00f3, \u00f6kol\u00f3giai \u00e9s felel\u0151s mez\u0151gazdas\u00e1g szolg\u00e1lat\u00e1ban \u00e1ll\u00f3 tudom\u00e1nyos innov\u00e1ci\u00f3 r\u00e9v\u00e9n \u00e1lland\u00f3s\u00edtjuk az \u00e9lelmiszer el\u0151\u00e1ll\u00edt\u00e1s\u00e1t\" \/>\n<meta property=\"og:url\" content=\"https:\/\/www.elicit-plant.com\/hu\/kultura-es-ertekek\/\" \/>\n<meta property=\"og:site_name\" content=\"Elicit Plant Magyarorsz\u00e1g\" \/>\n<meta property=\"article:publisher\" content=\"https:\/\/www.facebook.com\/p\/Elicit-Plant-100064059283408\/?locale=fr_FR\" \/>\n<meta property=\"article:modified_time\" content=\"2024-06-27T07:51:23+00:00\" \/>\n<meta property=\"og:image\" content=\"https:\/\/www.elicit-plant.com\/hu\/wp-content\/uploads\/sites\/8\/2024\/06\/Photo-equipe-.png\" \/>\n\t<meta property=\"og:image:width\" content=\"1388\" \/>\n\t<meta property=\"og:image:height\" content=\"1387\" \/>\n\t<meta property=\"og:image:type\" content=\"image\/png\" \/>\n<meta name=\"twitter:card\" content=\"summary_large_image\" \/>\n<meta name=\"twitter:label1\" content=\"Becs\u00fclt olvas\u00e1si id\u0151\" \/>\n\t<meta name=\"twitter:data1\" content=\"1 perc\" \/>\n<script type=\"application\/ld+json\" class=\"yoast-schema-graph\">{\"@context\":\"https:\\\/\\\/schema.org\",\"@graph\":[{\"@type\":\"WebPage\",\"@id\":\"https:\\\/\\\/www.elicit-plant.com\\\/hu\\\/kultura-es-ertekek\\\/\",\"url\":\"https:\\\/\\\/www.elicit-plant.com\\\/hu\\\/kultura-es-ertekek\\\/\",\"name\":\"Kult\u00far\u00e1nk, \u00e9rt\u00e9keink \u00e9s c\u00e9lunk - Elicit Plant Magyarorsz\u00e1g\",\"isPartOf\":{\"@id\":\"https:\\\/\\\/www.elicit-plant.com\\\/hu\\\/#website\"},\"primaryImageOfPage\":{\"@id\":\"https:\\\/\\\/www.elicit-plant.com\\\/hu\\\/kultura-es-ertekek\\\/#primaryimage\"},\"image\":{\"@id\":\"https:\\\/\\\/www.elicit-plant.com\\\/hu\\\/kultura-es-ertekek\\\/#primaryimage\"},\"thumbnailUrl\":\"https:\\\/\\\/www.elicit-plant.com\\\/app\\\/uploads\\\/sites\\\/8\\\/2024\\\/06\\\/Photo-equipe-.png\",\"datePublished\":\"2024-06-20T12:19:58+00:00\",\"dateModified\":\"2024-06-27T07:51:23+00:00\",\"description\":\"A fenntarthat\u00f3, \u00f6kol\u00f3giai \u00e9s felel\u0151s mez\u0151gazdas\u00e1g szolg\u00e1lat\u00e1ban \u00e1ll\u00f3 tudom\u00e1nyos innov\u00e1ci\u00f3 r\u00e9v\u00e9n \u00e1lland\u00f3s\u00edtjuk az \u00e9lelmiszer el\u0151\u00e1ll\u00edt\u00e1s\u00e1t\",\"breadcrumb\":{\"@id\":\"https:\\\/\\\/www.elicit-plant.com\\\/hu\\\/kultura-es-ertekek\\\/#breadcrumb\"},\"inLanguage\":\"hu\",\"potentialAction\":[{\"@type\":\"ReadAction\",\"target\":[\"https:\\\/\\\/www.elicit-plant.com\\\/hu\\\/kultura-es-ertekek\\\/\"]}]},{\"@type\":\"ImageObject\",\"inLanguage\":\"hu\",\"@id\":\"https:\\\/\\\/www.elicit-plant.com\\\/hu\\\/kultura-es-ertekek\\\/#primaryimage\",\"url\":\"https:\\\/\\\/www.elicit-plant.com\\\/app\\\/uploads\\\/sites\\\/8\\\/2024\\\/06\\\/Photo-equipe-.png\",\"contentUrl\":\"https:\\\/\\\/www.elicit-plant.com\\\/app\\\/uploads\\\/sites\\\/8\\\/2024\\\/06\\\/Photo-equipe-.png\",\"width\":1388,\"height\":1387,\"caption\":\"Boldog alkalmazottak\"},{\"@type\":\"BreadcrumbList\",\"@id\":\"https:\\\/\\\/www.elicit-plant.com\\\/hu\\\/kultura-es-ertekek\\\/#breadcrumb\",\"itemListElement\":[{\"@type\":\"ListItem\",\"position\":1,\"name\":\"Home\",\"item\":\"https:\\\/\\\/www.elicit-plant.com\\\/hu\\\/\"},{\"@type\":\"ListItem\",\"position\":2,\"name\":\"Culture &amp; Values\"}]},{\"@type\":\"WebSite\",\"@id\":\"https:\\\/\\\/www.elicit-plant.com\\\/hu\\\/#website\",\"url\":\"https:\\\/\\\/www.elicit-plant.com\\\/hu\\\/\",\"name\":\"Elicit Plant Magyarorsz\u00e1g\",\"description\":\"A vil\u00e1g minden t\u00e1j\u00e1r\u00f3l dolgozunk egy\u00fctt gazd\u00e1lkod\u00f3kkal, hogy szemben\u00e9zz\u00fcnk a kl\u00edmav\u00e1ltoz\u00e1s \u00e1ltal t\u00e1masztott kih\u00edv\u00e1sokkal \u00e9s a v\u00edzhi\u00e1nynak a sz\u00e1nt\u00f3f\u00f6ldi n\u00f6v\u00e9nyekre gyakorolt hat\u00e1saival.\",\"publisher\":{\"@id\":\"https:\\\/\\\/www.elicit-plant.com\\\/hu\\\/#organization\"},\"potentialAction\":[{\"@type\":\"SearchAction\",\"target\":{\"@type\":\"EntryPoint\",\"urlTemplate\":\"https:\\\/\\\/www.elicit-plant.com\\\/hu\\\/?s={search_term_string}\"},\"query-input\":{\"@type\":\"PropertyValueSpecification\",\"valueRequired\":true,\"valueName\":\"search_term_string\"}}],\"inLanguage\":\"hu\"},{\"@type\":\"Organization\",\"@id\":\"https:\\\/\\\/www.elicit-plant.com\\\/hu\\\/#organization\",\"name\":\"Elicit Plant Magyarorsz\u00e1g\",\"url\":\"https:\\\/\\\/www.elicit-plant.com\\\/hu\\\/\",\"logo\":{\"@type\":\"ImageObject\",\"inLanguage\":\"hu\",\"@id\":\"https:\\\/\\\/www.elicit-plant.com\\\/hu\\\/#\\\/schema\\\/logo\\\/image\\\/\",\"url\":\"https:\\\/\\\/www.elicit-plant.com\\\/hu\\\/wp-content\\\/uploads\\\/sites\\\/8\\\/2024\\\/06\\\/Elicit-Plant-logo-full-color-rgb.png\",\"contentUrl\":\"https:\\\/\\\/www.elicit-plant.com\\\/hu\\\/wp-content\\\/uploads\\\/sites\\\/8\\\/2024\\\/06\\\/Elicit-Plant-logo-full-color-rgb.png\",\"width\":2304,\"height\":641,\"caption\":\"Elicit Plant Magyarorsz\u00e1g\"},\"image\":{\"@id\":\"https:\\\/\\\/www.elicit-plant.com\\\/hu\\\/#\\\/schema\\\/logo\\\/image\\\/\"},\"sameAs\":[\"https:\\\/\\\/www.facebook.com\\\/p\\\/Elicit-Plant-100064059283408\\\/?locale=fr_FR\",\"https:\\\/\\\/www.linkedin.com\\\/company\\\/elicit-plant\\\/\"]}]}<\/script>\n<!-- \/ Yoast SEO plugin. -->","yoast_head_json":{"title":"Kult\u00far\u00e1nk, \u00e9rt\u00e9keink \u00e9s c\u00e9lunk - Elicit Plant Magyarorsz\u00e1g","description":"A fenntarthat\u00f3, \u00f6kol\u00f3giai \u00e9s felel\u0151s mez\u0151gazdas\u00e1g szolg\u00e1lat\u00e1ban \u00e1ll\u00f3 tudom\u00e1nyos innov\u00e1ci\u00f3 r\u00e9v\u00e9n \u00e1lland\u00f3s\u00edtjuk az \u00e9lelmiszer el\u0151\u00e1ll\u00edt\u00e1s\u00e1t","robots":{"index":"index","follow":"follow","max-snippet":"max-snippet:-1","max-image-preview":"max-image-preview:large","max-video-preview":"max-video-preview:-1"},"canonical":"https:\/\/www.elicit-plant.com\/hu\/kultura-es-ertekek\/","og_locale":"hu_HU","og_type":"article","og_title":"Kult\u00far\u00e1nk, \u00e9rt\u00e9keink \u00e9s c\u00e9lunk - Elicit Plant Magyarorsz\u00e1g","og_description":"A fenntarthat\u00f3, \u00f6kol\u00f3giai \u00e9s felel\u0151s mez\u0151gazdas\u00e1g szolg\u00e1lat\u00e1ban \u00e1ll\u00f3 tudom\u00e1nyos innov\u00e1ci\u00f3 r\u00e9v\u00e9n \u00e1lland\u00f3s\u00edtjuk az \u00e9lelmiszer el\u0151\u00e1ll\u00edt\u00e1s\u00e1t","og_url":"https:\/\/www.elicit-plant.com\/hu\/kultura-es-ertekek\/","og_site_name":"Elicit Plant Magyarorsz\u00e1g","article_publisher":"https:\/\/www.facebook.com\/p\/Elicit-Plant-100064059283408\/?locale=fr_FR","article_modified_time":"2024-06-27T07:51:23+00:00","og_image":[{"width":1388,"height":1387,"url":"https:\/\/www.elicit-plant.com\/hu\/wp-content\/uploads\/sites\/8\/2024\/06\/Photo-equipe-.png","type":"image\/png"}],"twitter_card":"summary_large_image","twitter_misc":{"Becs\u00fclt olvas\u00e1si id\u0151":"1 perc"},"schema":{"@context":"https:\/\/schema.org","@graph":[{"@type":"WebPage","@id":"https:\/\/www.elicit-plant.com\/hu\/kultura-es-ertekek\/","url":"https:\/\/www.elicit-plant.com\/hu\/kultura-es-ertekek\/","name":"Kult\u00far\u00e1nk, \u00e9rt\u00e9keink \u00e9s c\u00e9lunk - Elicit Plant Magyarorsz\u00e1g","isPartOf":{"@id":"https:\/\/www.elicit-plant.com\/hu\/#website"},"primaryImageOfPage":{"@id":"https:\/\/www.elicit-plant.com\/hu\/kultura-es-ertekek\/#primaryimage"},"image":{"@id":"https:\/\/www.elicit-plant.com\/hu\/kultura-es-ertekek\/#primaryimage"},"thumbnailUrl":"https:\/\/www.elicit-plant.com\/app\/uploads\/sites\/8\/2024\/06\/Photo-equipe-.png","datePublished":"2024-06-20T12:19:58+00:00","dateModified":"2024-06-27T07:51:23+00:00","description":"A fenntarthat\u00f3, \u00f6kol\u00f3giai \u00e9s felel\u0151s mez\u0151gazdas\u00e1g szolg\u00e1lat\u00e1ban \u00e1ll\u00f3 tudom\u00e1nyos innov\u00e1ci\u00f3 r\u00e9v\u00e9n \u00e1lland\u00f3s\u00edtjuk az \u00e9lelmiszer el\u0151\u00e1ll\u00edt\u00e1s\u00e1t","breadcrumb":{"@id":"https:\/\/www.elicit-plant.com\/hu\/kultura-es-ertekek\/#breadcrumb"},"inLanguage":"hu","potentialAction":[{"@type":"ReadAction","target":["https:\/\/www.elicit-plant.com\/hu\/kultura-es-ertekek\/"]}]},{"@type":"ImageObject","inLanguage":"hu","@id":"https:\/\/www.elicit-plant.com\/hu\/kultura-es-ertekek\/#primaryimage","url":"https:\/\/www.elicit-plant.com\/app\/uploads\/sites\/8\/2024\/06\/Photo-equipe-.png","contentUrl":"https:\/\/www.elicit-plant.com\/app\/uploads\/sites\/8\/2024\/06\/Photo-equipe-.png","width":1388,"height":1387,"caption":"Boldog alkalmazottak"},{"@type":"BreadcrumbList","@id":"https:\/\/www.elicit-plant.com\/hu\/kultura-es-ertekek\/#breadcrumb","itemListElement":[{"@type":"ListItem","position":1,"name":"Home","item":"https:\/\/www.elicit-plant.com\/hu\/"},{"@type":"ListItem","position":2,"name":"Culture &amp; Values"}]},{"@type":"WebSite","@id":"https:\/\/www.elicit-plant.com\/hu\/#website","url":"https:\/\/www.elicit-plant.com\/hu\/","name":"Elicit Plant Magyarorsz\u00e1g","description":"A vil\u00e1g minden t\u00e1j\u00e1r\u00f3l dolgozunk egy\u00fctt gazd\u00e1lkod\u00f3kkal, hogy szemben\u00e9zz\u00fcnk a kl\u00edmav\u00e1ltoz\u00e1s \u00e1ltal t\u00e1masztott kih\u00edv\u00e1sokkal \u00e9s a v\u00edzhi\u00e1nynak a sz\u00e1nt\u00f3f\u00f6ldi n\u00f6v\u00e9nyekre gyakorolt hat\u00e1saival.","publisher":{"@id":"https:\/\/www.elicit-plant.com\/hu\/#organization"},"potentialAction":[{"@type":"SearchAction","target":{"@type":"EntryPoint","urlTemplate":"https:\/\/www.elicit-plant.com\/hu\/?s={search_term_string}"},"query-input":{"@type":"PropertyValueSpecification","valueRequired":true,"valueName":"search_term_string"}}],"inLanguage":"hu"},{"@type":"Organization","@id":"https:\/\/www.elicit-plant.com\/hu\/#organization","name":"Elicit Plant Magyarorsz\u00e1g","url":"https:\/\/www.elicit-plant.com\/hu\/","logo":{"@type":"ImageObject","inLanguage":"hu","@id":"https:\/\/www.elicit-plant.com\/hu\/#\/schema\/logo\/image\/","url":"https:\/\/www.elicit-plant.com\/hu\/wp-content\/uploads\/sites\/8\/2024\/06\/Elicit-Plant-logo-full-color-rgb.png","contentUrl":"https:\/\/www.elicit-plant.com\/hu\/wp-content\/uploads\/sites\/8\/2024\/06\/Elicit-Plant-logo-full-color-rgb.png","width":2304,"height":641,"caption":"Elicit Plant Magyarorsz\u00e1g"},"image":{"@id":"https:\/\/www.elicit-plant.com\/hu\/#\/schema\/logo\/image\/"},"sameAs":["https:\/\/www.facebook.com\/p\/Elicit-Plant-100064059283408\/?locale=fr_FR","https:\/\/www.linkedin.com\/company\/elicit-plant\/"]}]}},"_links":{"self":[{"href":"https:\/\/www.elicit-plant.com\/hu\/wp-json\/wp\/v2\/pages\/185","targetHints":{"allow":["GET"]}}],"collection":[{"href":"https:\/\/www.elicit-plant.com\/hu\/wp-json\/wp\/v2\/pages"}],"about":[{"href":"https:\/\/www.elicit-plant.com\/hu\/wp-json\/wp\/v2\/types\/page"}],"author":[{"embeddable":true,"href":"https:\/\/www.elicit-plant.com\/hu\/wp-json\/wp\/v2\/users\/6"}],"replies":[{"embeddable":true,"href":"https:\/\/www.elicit-plant.com\/hu\/wp-json\/wp\/v2\/comments?post=185"}],"version-history":[{"count":5,"href":"https:\/\/www.elicit-plant.com\/hu\/wp-json\/wp\/v2\/pages\/185\/revisions"}],"predecessor-version":[{"id":256,"href":"https:\/\/www.elicit-plant.com\/hu\/wp-json\/wp\/v2\/pages\/185\/revisions\/256"}],"wp:featuredmedia":[{"embeddable":true,"href":"https:\/\/www.elicit-plant.com\/hu\/wp-json\/wp\/v2\/media\/190"}],"wp:attachment":[{"href":"https:\/\/www.elicit-plant.com\/hu\/wp-json\/wp\/v2\/media?parent=185"}],"curies":[{"name":"wp","href":"https:\/\/api.w.org\/{rel}","templated":true}]}}