{"id":200,"date":"2024-06-20T15:40:29","date_gmt":"2024-06-20T13:40:29","guid":{"rendered":"https:\/\/www.elicit-plant.com\/hu\/?page_id=200"},"modified":"2025-05-14T13:50:45","modified_gmt":"2025-05-14T11:50:45","slug":"legyen-vagy-keressen-forgalmazot","status":"publish","type":"page","link":"https:\/\/www.elicit-plant.com\/hu\/legyen-vagy-keressen-forgalmazot\/","title":{"rendered":"Looking for a distributor ?"},"content":{"rendered":"<section class=\"cbo-hero cbo-margin-container hero--colorblue\" data-anim-group>\n\t<div class=\"cbo-breadcrumbs breadcrumbs--normal\">\n  <div class=\"breadcrumbs-inner\">\n    <span><span><a href=\"https:\/\/www.elicit-plant.com\/hu\/\">Home<\/a><\/span><\/span>\t<\/div>\n<\/div>\n\t<div class=\"hero-inner cbo-container container--padding\">\n\n\t\t<div class=\"hero-shapes\">\n\t\t\t<div class=\"shapes-color scale-up\"><\/div>\n\n\t\t\t<div class=\"shapes-picture cbo-picture-cover scale-up\"  data-delay=\"450\">\n\t\t\t\t\t\t\t<\/div>\n\t\t<\/div>\n\n\t\t<div class=\"hero-content cbo-cms cms--large cms--white\">\n\t\t\t<div class=\"content-text\">\n\t\t\t\t<h1 class=\"hero-title cbo-heading slide-down\">\n\t\t\t\t\tForgalmaz\u00f3t keres?\t\t\t\t<\/h1>\n\n\t\t\t\t\t\t\t<\/div>\n\t\t<\/div>\n\n\t<\/div>\n<\/section>\n\n\n<section class=\"cbo-forminfos\">\n\n    <div class=\"forminfos-inner cbo-container container--small\">\n                    <h2 class=\"forminfos-title\">\n                \u00c9rdeklik a term\u00e9keink? L\u00e9pjen kapcsolatba vel\u00fcnk, hogy kapcsolatba l\u00e9phessen egy forgalmaz\u00f3val!            <\/h2>\n         \n\n                    <div class=\"cbo-form\">\n                \n<div class=\"wpcf7 no-js\" id=\"wpcf7-f36-o1\" lang=\"fr-FR\" dir=\"ltr\" data-wpcf7-id=\"36\">\n<div class=\"screen-reader-response\"><p role=\"status\" aria-live=\"polite\" aria-atomic=\"true\"><\/p> <ul><\/ul><\/div>\n<form action=\"\/hu\/wp-json\/wp\/v2\/pages\/200#wpcf7-f36-o1\" method=\"post\" class=\"wpcf7-form init\" id=\"form--36\" aria-label=\"Formulaire de contact\" novalidate=\"novalidate\" data-status=\"init\">\n<fieldset class=\"hidden-fields-container\"><input type=\"hidden\" name=\"_wpcf7\" value=\"36\" \/><input type=\"hidden\" name=\"_wpcf7_version\" value=\"6.1.5\" \/><input type=\"hidden\" name=\"_wpcf7_locale\" value=\"fr_FR\" \/><input type=\"hidden\" name=\"_wpcf7_unit_tag\" value=\"wpcf7-f36-o1\" \/><input type=\"hidden\" name=\"_wpcf7_container_post\" value=\"0\" \/><input type=\"hidden\" name=\"_wpcf7_posted_data_hash\" value=\"\" \/><input type=\"hidden\" name=\"_wpcf7cf_hidden_group_fields\" value=\"[]\" \/><input type=\"hidden\" name=\"_wpcf7cf_hidden_groups\" value=\"[]\" \/><input type=\"hidden\" name=\"_wpcf7cf_visible_groups\" value=\"[]\" \/><input type=\"hidden\" name=\"_wpcf7cf_repeaters\" value=\"[]\" \/><input type=\"hidden\" name=\"_wpcf7cf_steps\" value=\"{}\" \/><input type=\"hidden\" name=\"_wpcf7cf_options\" value=\"{&quot;form_id&quot;:36,&quot;conditions&quot;:[],&quot;settings&quot;:{&quot;animation&quot;:&quot;yes&quot;,&quot;animation_intime&quot;:200,&quot;animation_outtime&quot;:200,&quot;conditions_ui&quot;:&quot;normal&quot;,&quot;notice_dismissed&quot;:false}}\" \/>\n<\/fieldset>\n<div class=\"form-field\">\n    <div class=\"field-inner\">\n        <label>CSAL\u00c1DN\u00c9V*<\/label>\n        <span class=\"wpcf7-form-control-wrap\" data-name=\"contact_given-name\"><input size=\"40\" maxlength=\"400\" class=\"wpcf7-form-control wpcf7-text wpcf7-validates-as-required\" autocomplete=\"given-name\" aria-required=\"true\" aria-invalid=\"false\" value=\"\" type=\"text\" name=\"contact_given-name\" \/><\/span>\n    <\/div>\n<\/div>\n\n<div class=\"form-field\">\n    <div class=\"field-inner\">\n        <label>UT\u00d3N\u00c9V*<\/label>\n        <span class=\"wpcf7-form-control-wrap\" data-name=\"contact_family-name\"><input size=\"40\" maxlength=\"400\" class=\"wpcf7-form-control wpcf7-text wpcf7-validates-as-required\" autocomplete=\"family-name\" aria-required=\"true\" aria-invalid=\"false\" value=\"\" type=\"text\" name=\"contact_family-name\" \/><\/span>\n    <\/div>\n<\/div>\n\n<div class=\"form-field\">\n    <div class=\"field-inner\">\n        <label>TELEFON<\/label>\n        <span class=\"wpcf7-form-control-wrap\" data-name=\"contact_phone\"><input size=\"40\" maxlength=\"400\" class=\"wpcf7-form-control wpcf7-tel wpcf7-text wpcf7-validates-as-tel\" aria-invalid=\"false\" value=\"\" type=\"tel\" name=\"contact_phone\" \/><\/span>\n    <\/div>\n<\/div>\n\n<div class=\"form-field\">\n    <div class=\"field-inner\">\n        <label>SZAKMAI E-MAIL C\u00cdM*<\/label>\n        <span class=\"wpcf7-form-control-wrap\" data-name=\"contact_email\"><input size=\"40\" maxlength=\"400\" class=\"wpcf7-form-control wpcf7-email wpcf7-validates-as-required wpcf7-text wpcf7-validates-as-email\" aria-required=\"true\" aria-invalid=\"false\" value=\"\" type=\"email\" name=\"contact_email\" \/><\/span>\n    <\/div>\n<\/div>\n\n\n\n<div class=\"form-field\">\n    <div class=\"field-inner\">\n        <label>V\u00c1ROS*<\/label>\n        <span class=\"wpcf7-form-control-wrap\" data-name=\"contact_city\"><input size=\"40\" maxlength=\"400\" class=\"wpcf7-form-control wpcf7-text wpcf7-validates-as-required\" aria-required=\"true\" aria-invalid=\"false\" value=\"\" type=\"text\" name=\"contact_city\" \/><\/span>\n    <\/div>\n<\/div>\n\n<div class=\"form-field\">\n    <div class=\"field-inner\">\n        <label>V\u00c1LLALAT<\/label>\n        <span class=\"wpcf7-form-control-wrap\" data-name=\"contact_company\"><input size=\"40\" maxlength=\"400\" class=\"wpcf7-form-control wpcf7-text\" aria-invalid=\"false\" value=\"\" type=\"text\" name=\"contact_company\" \/><\/span>\n    <\/div>\n<\/div>\n\n<div class=\"form-field form-acceptance novalidate\">\n    <span class=\"wpcf7-form-control-wrap\" data-name=\"contact_acceptance\"><span class=\"wpcf7-form-control wpcf7-acceptance\"><span class=\"wpcf7-list-item\"><input type=\"checkbox\" name=\"contact_acceptance\" value=\"1\" id=\"contact_acceptance\" aria-invalid=\"false\" \/><\/span><\/span><\/span>\n    <label for=\"contact_acceptance\">\n        Az \u00fczenet elk\u00fcld\u00e9s\u00e9vel hozz\u00e1j\u00e1rulok ahhoz, hogy az Elicit Plant megossza adataimat harmadik felekkel, kiz\u00e1r\u00f3lag azzal a c\u00e9llal, hogy forgalmaz\u00f3t tal\u00e1ljon. Hozz\u00e1j\u00e1rulok, hogy az Elicit Plant vagy harmadik f\u00e9l felvegye velem a kapcsolatot. Az Elicit Plant garant\u00e1lja, hogy az adataim felhaszn\u00e1l\u00e1sa azadatv\u00e9delmi szab\u00e1lyzat szerint t\u00f6rt\u00e9nik.<\/label>\n<\/div>\n\n<div class=\"wpcf7-response-output\" aria-hidden=\"true\"><\/div>\n\n<div class=\"form-field form-submit\">\n    <button type=\"submit\" class=\"cbo-button wpcf7-form-control wpcf7-submit\">\n        K\u00fcld\u00e9s<\/button>\n<\/div><div class=\"frc-captcha \" data-sitekey=\"FCMPJ7B9DDN459ON\" data-lang=\"hu\" ><\/div>\n\t\t<noscript>You need to enable Javascript for the anti-spam check.<\/noscript>\n<\/form>\n<\/div>\n            <\/div>\n            <\/div>\n\n    <div class=\"forminfos-picture cbo-picture-cover\">\n        <img decoding=\"async\" src=\"https:\/\/www.elicit-plant.com\/app\/uploads\/sites\/8\/2024\/06\/img-distributeurs-bloc-2-1-320x205.jpg\" srcset=\"https:\/\/www.elicit-plant.com\/app\/uploads\/sites\/8\/2024\/06\/img-distributeurs-bloc-2-1-320x205.jpg 320w, https:\/\/www.elicit-plant.com\/app\/uploads\/sites\/8\/2024\/06\/img-distributeurs-bloc-2-1.jpg 768w, https:\/\/www.elicit-plant.com\/app\/uploads\/sites\/8\/2024\/06\/img-distributeurs-bloc-2-1.jpg 1024w\" class=\"\" alt=\"mez\u0151gazdas\u00e1gi partners\u00e9g\" width=\"320\" height=\"205\" sizes=\"auto, 100vw\" loading=\"lazy\" \/>    <\/div>\n\n<\/section>\n\n<section class=\"cbo-productpush\">\n\t<div class=\"productpush-inner cbo-container container--padding\">\n\n\t\t\t\t<h2 class=\"productpush-title\">\n\t\t\tTudjon meg t\u00f6bbet term\u00e9keinkr\u0151l\t\t<\/h2>\n\t\t\n\t\t<div class=\"productpush-list\">\n\t\t\t\t\t\t<div class=\"list-el\">\n\t\t\t\t<a href=\"https:\/\/www.elicit-plant.com\/hu\/termekek\/elizea-silage-maize\/\" class=\"cbo-product product--orange\">\n\t<span class=\"product-picture\">\n\t\t<span class=\"picture-background cbo-picture-cover\">\n\t\t\t<img decoding=\"async\" src=\"https:\/\/www.elicit-plant.com\/app\/uploads\/sites\/8\/2024\/06\/Icon-Best-a-317x320.png\" srcset=\"https:\/\/www.elicit-plant.com\/app\/uploads\/sites\/8\/2024\/06\/Icon-Best-a.png 768w, https:\/\/www.elicit-plant.com\/app\/uploads\/sites\/8\/2024\/06\/Icon-Best-a.png 1024w\" class=\"\" alt=\"Ikon Kukorica\" width=\"317\" height=\"320\" sizes=\"auto, 100vw\" loading=\"lazy\" \/>\t\t<\/span>\n\t\t<span class=\"picture-thumbnail cbo-picture-contain\">\n\t\t\t<img decoding=\"async\" src=\"https:\/\/www.elicit-plant.com\/app\/uploads\/sites\/8\/2024\/06\/EliZea-biais-570x768.png\"  sizes=\"100vw\" class=\"\" alt=\"EliZea\"  loading=\"lazy\" \/>\t\t<\/span>\n\t<\/span>\n\t<h3 class=\"product-title cbo-title-4\">\n\t\tEliZea Sil\u00f3kukorica\t<\/h3>\n<\/a>\t\t\t<\/div>\n\t\t\t\t\t\t<div class=\"list-el\">\n\t\t\t\t<a href=\"https:\/\/www.elicit-plant.com\/hu\/termekek\/elizea-kukorica\/\" class=\"cbo-product product--orange\">\n\t<span class=\"product-picture\">\n\t\t<span class=\"picture-background cbo-picture-cover\">\n\t\t\t<img decoding=\"async\" src=\"https:\/\/www.elicit-plant.com\/app\/uploads\/sites\/8\/2024\/06\/Icon-Best-a-317x320.png\" srcset=\"https:\/\/www.elicit-plant.com\/app\/uploads\/sites\/8\/2024\/06\/Icon-Best-a.png 768w, https:\/\/www.elicit-plant.com\/app\/uploads\/sites\/8\/2024\/06\/Icon-Best-a.png 1024w\" class=\"\" alt=\"Ikon Kukorica\" width=\"317\" height=\"320\" sizes=\"auto, 100vw\" loading=\"lazy\" \/>\t\t<\/span>\n\t\t<span class=\"picture-thumbnail cbo-picture-contain\">\n\t\t\t<img decoding=\"async\" src=\"https:\/\/www.elicit-plant.com\/app\/uploads\/sites\/8\/2024\/06\/EliZea-biais-570x768.png\"  sizes=\"100vw\" class=\"\" alt=\"EliZea\"  loading=\"lazy\" \/>\t\t<\/span>\n\t<\/span>\n\t<h3 class=\"product-title cbo-title-4\">\n\t\tEliZea Szemeskukorica\t<\/h3>\n<\/a>\t\t\t<\/div>\n\t\t\t\t\t\t<div class=\"list-el\">\n\t\t\t\t<a href=\"https:\/\/www.elicit-plant.com\/hu\/termekek\/eligrain-a-arpa\/\" class=\"cbo-product product--yellow\">\n\t<span class=\"product-picture\">\n\t\t<span class=\"picture-background cbo-picture-cover\">\n\t\t\t<img decoding=\"async\" src=\"https:\/\/www.elicit-plant.com\/app\/uploads\/sites\/8\/2025\/04\/EliGrain-A-315x320.png\" srcset=\"https:\/\/www.elicit-plant.com\/app\/uploads\/sites\/8\/2025\/04\/EliGrain-A.png 768w, https:\/\/www.elicit-plant.com\/app\/uploads\/sites\/8\/2025\/04\/EliGrain-A.png 1024w\" class=\"\" alt=\"EliGrain A\" width=\"315\" height=\"320\" sizes=\"auto, 100vw\" loading=\"lazy\" \/>\t\t<\/span>\n\t\t<span class=\"picture-thumbnail cbo-picture-contain\">\n\t\t\t<img decoding=\"async\" src=\"https:\/\/www.elicit-plant.com\/app\/uploads\/sites\/8\/2025\/04\/EliGrain-Biais-3.png\"  sizes=\"100vw\" class=\"\" alt=\"\"  loading=\"lazy\" \/>\t\t<\/span>\n\t<\/span>\n\t<h3 class=\"product-title cbo-title-4\">\n\t\tEliGrain-a : \u00c1rpa\t<\/h3>\n<\/a>\t\t\t<\/div>\n\t\t\t\t\t\t<div class=\"list-el\">\n\t\t\t\t<a href=\"https:\/\/www.elicit-plant.com\/hu\/termekek\/eligrain-a-buza\/\" class=\"cbo-product product--yellow\">\n\t<span class=\"product-picture\">\n\t\t<span class=\"picture-background cbo-picture-cover\">\n\t\t\t<img decoding=\"async\" src=\"https:\/\/www.elicit-plant.com\/app\/uploads\/sites\/8\/2025\/04\/EliGrain-A-315x320.png\" srcset=\"https:\/\/www.elicit-plant.com\/app\/uploads\/sites\/8\/2025\/04\/EliGrain-A.png 768w, https:\/\/www.elicit-plant.com\/app\/uploads\/sites\/8\/2025\/04\/EliGrain-A.png 1024w\" class=\"\" alt=\"EliGrain A\" width=\"315\" height=\"320\" sizes=\"auto, 100vw\" loading=\"lazy\" \/>\t\t<\/span>\n\t\t<span class=\"picture-thumbnail cbo-picture-contain\">\n\t\t\t<img decoding=\"async\" src=\"https:\/\/www.elicit-plant.com\/app\/uploads\/sites\/8\/2025\/04\/EliGrain-Biais-GB-3.png\"  sizes=\"100vw\" class=\"\" alt=\"EliGrain Biais GB 3\"  loading=\"lazy\" \/>\t\t<\/span>\n\t<\/span>\n\t<h3 class=\"product-title cbo-title-4\">\n\t\tEliGrain-a : B\u00faza\t<\/h3>\n<\/a>\t\t\t<\/div>\n\t\t\t\t\t\t<div class=\"list-el\">\n\t\t\t\t<a href=\"https:\/\/www.elicit-plant.com\/hu\/termekek\/elisun-a-napraforgohoz\/\" class=\"cbo-product product--brown\">\n\t<span class=\"product-picture\">\n\t\t<span class=\"picture-background cbo-picture-cover\">\n\t\t\t<img decoding=\"async\" src=\"https:\/\/www.elicit-plant.com\/app\/uploads\/sites\/8\/2024\/06\/img-produit-background-pattern_tournesol@2x-316x320.png\" srcset=\"https:\/\/www.elicit-plant.com\/app\/uploads\/sites\/8\/2024\/06\/img-produit-background-pattern_tournesol@2x.png 768w, https:\/\/www.elicit-plant.com\/app\/uploads\/sites\/8\/2024\/06\/img-produit-background-pattern_tournesol@2x.png 1024w\" class=\"\" alt=\"Ikon napraforg\u00f3hoz\" width=\"316\" height=\"320\" sizes=\"auto, 100vw\" loading=\"lazy\" \/>\t\t<\/span>\n\t\t<span class=\"picture-thumbnail cbo-picture-contain\">\n\t\t\t<img decoding=\"async\" src=\"https:\/\/www.elicit-plant.com\/app\/uploads\/sites\/8\/2024\/06\/EliSun-biais-GB-570x768.png\"  sizes=\"100vw\" class=\"\" alt=\"EliSun-a\"  loading=\"lazy\" \/>\t\t<\/span>\n\t<\/span>\n\t<h3 class=\"product-title cbo-title-4\">\n\t\tEliSun-a napraforg\u00f3hoz\t<\/h3>\n<\/a>\t\t\t<\/div>\n\t\t\t\t\t\t<div class=\"list-el\">\n\t\t\t\t<a href=\"https:\/\/www.elicit-plant.com\/hu\/termekek\/best-a-soy\/\" class=\"cbo-product product--darkgreen\">\n\t<span class=\"product-picture\">\n\t\t<span class=\"picture-background cbo-picture-cover\">\n\t\t\t<img decoding=\"async\" src=\"https:\/\/www.elicit-plant.com\/app\/uploads\/sites\/8\/2025\/05\/Soia-icon-316x320.png\" srcset=\"https:\/\/www.elicit-plant.com\/app\/uploads\/sites\/8\/2025\/05\/Soia-icon.png 768w, https:\/\/www.elicit-plant.com\/app\/uploads\/sites\/8\/2025\/05\/Soia-icon.png 1024w\" class=\"\" alt=\"Soia-icon\" width=\"316\" height=\"320\" sizes=\"auto, 100vw\" loading=\"lazy\" \/>\t\t<\/span>\n\t\t<span class=\"picture-thumbnail cbo-picture-contain\">\n\t\t\t<img decoding=\"async\" src=\"https:\/\/www.elicit-plant.com\/app\/uploads\/sites\/8\/2025\/05\/Best-a-SOIA-570x768.png\"  sizes=\"100vw\" class=\"\" alt=\"Best-a-SOIA\"  loading=\"lazy\" \/>\t\t<\/span>\n\t<\/span>\n\t<h3 class=\"product-title cbo-title-4\">\n\t\tBest-a soy\t<\/h3>\n<\/a>\t\t\t<\/div>\n\t\t\t\t\t<\/div>\n\n\t<\/div>\n<\/section>","protected":false},"excerpt":{"rendered":"","protected":false},"author":6,"featured_media":149,"parent":0,"menu_order":0,"comment_status":"closed","ping_status":"closed","template":"","meta":{"_acf_changed":false,"footnotes":""},"class_list":["post-200","page","type-page","status-publish","has-post-thumbnail","hentry"],"acf":[],"yoast_head":"<!-- This site is optimized with the Yoast SEO plugin v27.3 - https:\/\/yoast.com\/product\/yoast-seo-wordpress\/ -->\n<title>Forgalmaz\u00f3t keres vagy szeretne forgalmaz\u00f3v\u00e1 v\u00e1lni ? Vegye fel vel\u00fcnk a kapcsolatot ! - Elicit Plant term\u00e9kek- Elicit Plant Magyarorsz\u00e1g<\/title>\n<meta name=\"description\" content=\"\u00c9rdekl\u0151dik a term\u00e9keink forgalmaz\u00e1sa ir\u00e1nt? L\u00e9pjen kapcsolatba vel\u00fcnk \u00e9s legyen forgalmaz\u00f3nk!\" \/>\n<meta name=\"robots\" content=\"index, follow, max-snippet:-1, max-image-preview:large, max-video-preview:-1\" \/>\n<link rel=\"canonical\" href=\"https:\/\/www.elicit-plant.com\/hu\/legyen-vagy-keressen-forgalmazot\/\" \/>\n<meta property=\"og:locale\" content=\"hu_HU\" \/>\n<meta property=\"og:type\" content=\"article\" \/>\n<meta property=\"og:title\" content=\"Forgalmaz\u00f3t keres vagy szeretne forgalmaz\u00f3v\u00e1 v\u00e1lni ? Vegye fel vel\u00fcnk a kapcsolatot ! - Elicit Plant term\u00e9kek- Elicit Plant Magyarorsz\u00e1g\" \/>\n<meta property=\"og:description\" content=\"\u00c9rdekl\u0151dik a term\u00e9keink forgalmaz\u00e1sa ir\u00e1nt? L\u00e9pjen kapcsolatba vel\u00fcnk \u00e9s legyen forgalmaz\u00f3nk!\" \/>\n<meta property=\"og:url\" content=\"https:\/\/www.elicit-plant.com\/hu\/legyen-vagy-keressen-forgalmazot\/\" \/>\n<meta property=\"og:site_name\" content=\"Elicit Plant Magyarorsz\u00e1g\" \/>\n<meta property=\"article:publisher\" content=\"https:\/\/www.facebook.com\/p\/Elicit-Plant-100064059283408\/?locale=fr_FR\" \/>\n<meta property=\"article:modified_time\" content=\"2025-05-14T11:50:45+00:00\" \/>\n<meta property=\"og:image\" content=\"https:\/\/www.elicit-plant.com\/hu\/wp-content\/uploads\/sites\/8\/2024\/06\/img-distributeurs-bloc-2-1.jpg\" \/>\n\t<meta property=\"og:image:width\" content=\"624\" \/>\n\t<meta property=\"og:image:height\" content=\"400\" \/>\n\t<meta property=\"og:image:type\" content=\"image\/jpeg\" \/>\n<meta name=\"twitter:card\" content=\"summary_large_image\" \/>\n<meta name=\"twitter:label1\" content=\"Becs\u00fclt olvas\u00e1si id\u0151\" \/>\n\t<meta name=\"twitter:data1\" content=\"1 perc\" \/>\n<script type=\"application\/ld+json\" class=\"yoast-schema-graph\">{\"@context\":\"https:\\\/\\\/schema.org\",\"@graph\":[{\"@type\":\"WebPage\",\"@id\":\"https:\\\/\\\/www.elicit-plant.com\\\/hu\\\/legyen-vagy-keressen-forgalmazot\\\/\",\"url\":\"https:\\\/\\\/www.elicit-plant.com\\\/hu\\\/legyen-vagy-keressen-forgalmazot\\\/\",\"name\":\"Forgalmaz\u00f3t keres vagy szeretne forgalmaz\u00f3v\u00e1 v\u00e1lni ? Vegye fel vel\u00fcnk a kapcsolatot ! - Elicit Plant term\u00e9kek- Elicit Plant Magyarorsz\u00e1g\",\"isPartOf\":{\"@id\":\"https:\\\/\\\/www.elicit-plant.com\\\/hu\\\/#website\"},\"primaryImageOfPage\":{\"@id\":\"https:\\\/\\\/www.elicit-plant.com\\\/hu\\\/legyen-vagy-keressen-forgalmazot\\\/#primaryimage\"},\"image\":{\"@id\":\"https:\\\/\\\/www.elicit-plant.com\\\/hu\\\/legyen-vagy-keressen-forgalmazot\\\/#primaryimage\"},\"thumbnailUrl\":\"https:\\\/\\\/www.elicit-plant.com\\\/app\\\/uploads\\\/sites\\\/8\\\/2024\\\/06\\\/img-distributeurs-bloc-2-1.jpg\",\"datePublished\":\"2024-06-20T13:40:29+00:00\",\"dateModified\":\"2025-05-14T11:50:45+00:00\",\"description\":\"\u00c9rdekl\u0151dik a term\u00e9keink forgalmaz\u00e1sa ir\u00e1nt? L\u00e9pjen kapcsolatba vel\u00fcnk \u00e9s legyen forgalmaz\u00f3nk!\",\"breadcrumb\":{\"@id\":\"https:\\\/\\\/www.elicit-plant.com\\\/hu\\\/legyen-vagy-keressen-forgalmazot\\\/#breadcrumb\"},\"inLanguage\":\"hu\",\"potentialAction\":[{\"@type\":\"ReadAction\",\"target\":[\"https:\\\/\\\/www.elicit-plant.com\\\/hu\\\/legyen-vagy-keressen-forgalmazot\\\/\"]}]},{\"@type\":\"ImageObject\",\"inLanguage\":\"hu\",\"@id\":\"https:\\\/\\\/www.elicit-plant.com\\\/hu\\\/legyen-vagy-keressen-forgalmazot\\\/#primaryimage\",\"url\":\"https:\\\/\\\/www.elicit-plant.com\\\/app\\\/uploads\\\/sites\\\/8\\\/2024\\\/06\\\/img-distributeurs-bloc-2-1.jpg\",\"contentUrl\":\"https:\\\/\\\/www.elicit-plant.com\\\/app\\\/uploads\\\/sites\\\/8\\\/2024\\\/06\\\/img-distributeurs-bloc-2-1.jpg\",\"width\":624,\"height\":400,\"caption\":\"mez\u0151gazdas\u00e1gi partners\u00e9g\"},{\"@type\":\"BreadcrumbList\",\"@id\":\"https:\\\/\\\/www.elicit-plant.com\\\/hu\\\/legyen-vagy-keressen-forgalmazot\\\/#breadcrumb\",\"itemListElement\":[{\"@type\":\"ListItem\",\"position\":1,\"name\":\"Home\",\"item\":\"https:\\\/\\\/www.elicit-plant.com\\\/hu\\\/\"},{\"@type\":\"ListItem\",\"position\":2,\"name\":\"Looking for a distributor ?\"}]},{\"@type\":\"WebSite\",\"@id\":\"https:\\\/\\\/www.elicit-plant.com\\\/hu\\\/#website\",\"url\":\"https:\\\/\\\/www.elicit-plant.com\\\/hu\\\/\",\"name\":\"Elicit Plant Magyarorsz\u00e1g\",\"description\":\"A vil\u00e1g minden t\u00e1j\u00e1r\u00f3l dolgozunk egy\u00fctt gazd\u00e1lkod\u00f3kkal, hogy szemben\u00e9zz\u00fcnk a kl\u00edmav\u00e1ltoz\u00e1s \u00e1ltal t\u00e1masztott kih\u00edv\u00e1sokkal \u00e9s a v\u00edzhi\u00e1nynak a sz\u00e1nt\u00f3f\u00f6ldi n\u00f6v\u00e9nyekre gyakorolt hat\u00e1saival.\",\"publisher\":{\"@id\":\"https:\\\/\\\/www.elicit-plant.com\\\/hu\\\/#organization\"},\"potentialAction\":[{\"@type\":\"SearchAction\",\"target\":{\"@type\":\"EntryPoint\",\"urlTemplate\":\"https:\\\/\\\/www.elicit-plant.com\\\/hu\\\/?s={search_term_string}\"},\"query-input\":{\"@type\":\"PropertyValueSpecification\",\"valueRequired\":true,\"valueName\":\"search_term_string\"}}],\"inLanguage\":\"hu\"},{\"@type\":\"Organization\",\"@id\":\"https:\\\/\\\/www.elicit-plant.com\\\/hu\\\/#organization\",\"name\":\"Elicit Plant Magyarorsz\u00e1g\",\"url\":\"https:\\\/\\\/www.elicit-plant.com\\\/hu\\\/\",\"logo\":{\"@type\":\"ImageObject\",\"inLanguage\":\"hu\",\"@id\":\"https:\\\/\\\/www.elicit-plant.com\\\/hu\\\/#\\\/schema\\\/logo\\\/image\\\/\",\"url\":\"https:\\\/\\\/www.elicit-plant.com\\\/hu\\\/wp-content\\\/uploads\\\/sites\\\/8\\\/2024\\\/06\\\/Elicit-Plant-logo-full-color-rgb.png\",\"contentUrl\":\"https:\\\/\\\/www.elicit-plant.com\\\/hu\\\/wp-content\\\/uploads\\\/sites\\\/8\\\/2024\\\/06\\\/Elicit-Plant-logo-full-color-rgb.png\",\"width\":2304,\"height\":641,\"caption\":\"Elicit Plant Magyarorsz\u00e1g\"},\"image\":{\"@id\":\"https:\\\/\\\/www.elicit-plant.com\\\/hu\\\/#\\\/schema\\\/logo\\\/image\\\/\"},\"sameAs\":[\"https:\\\/\\\/www.facebook.com\\\/p\\\/Elicit-Plant-100064059283408\\\/?locale=fr_FR\",\"https:\\\/\\\/www.linkedin.com\\\/company\\\/elicit-plant\\\/\"]}]}<\/script>\n<!-- \/ Yoast SEO plugin. -->","yoast_head_json":{"title":"Forgalmaz\u00f3t keres vagy szeretne forgalmaz\u00f3v\u00e1 v\u00e1lni ? Vegye fel vel\u00fcnk a kapcsolatot ! - Elicit Plant term\u00e9kek- Elicit Plant Magyarorsz\u00e1g","description":"\u00c9rdekl\u0151dik a term\u00e9keink forgalmaz\u00e1sa ir\u00e1nt? L\u00e9pjen kapcsolatba vel\u00fcnk \u00e9s legyen forgalmaz\u00f3nk!","robots":{"index":"index","follow":"follow","max-snippet":"max-snippet:-1","max-image-preview":"max-image-preview:large","max-video-preview":"max-video-preview:-1"},"canonical":"https:\/\/www.elicit-plant.com\/hu\/legyen-vagy-keressen-forgalmazot\/","og_locale":"hu_HU","og_type":"article","og_title":"Forgalmaz\u00f3t keres vagy szeretne forgalmaz\u00f3v\u00e1 v\u00e1lni ? Vegye fel vel\u00fcnk a kapcsolatot ! - Elicit Plant term\u00e9kek- Elicit Plant Magyarorsz\u00e1g","og_description":"\u00c9rdekl\u0151dik a term\u00e9keink forgalmaz\u00e1sa ir\u00e1nt? L\u00e9pjen kapcsolatba vel\u00fcnk \u00e9s legyen forgalmaz\u00f3nk!","og_url":"https:\/\/www.elicit-plant.com\/hu\/legyen-vagy-keressen-forgalmazot\/","og_site_name":"Elicit Plant Magyarorsz\u00e1g","article_publisher":"https:\/\/www.facebook.com\/p\/Elicit-Plant-100064059283408\/?locale=fr_FR","article_modified_time":"2025-05-14T11:50:45+00:00","og_image":[{"width":624,"height":400,"url":"https:\/\/www.elicit-plant.com\/hu\/wp-content\/uploads\/sites\/8\/2024\/06\/img-distributeurs-bloc-2-1.jpg","type":"image\/jpeg"}],"twitter_card":"summary_large_image","twitter_misc":{"Becs\u00fclt olvas\u00e1si id\u0151":"1 perc"},"schema":{"@context":"https:\/\/schema.org","@graph":[{"@type":"WebPage","@id":"https:\/\/www.elicit-plant.com\/hu\/legyen-vagy-keressen-forgalmazot\/","url":"https:\/\/www.elicit-plant.com\/hu\/legyen-vagy-keressen-forgalmazot\/","name":"Forgalmaz\u00f3t keres vagy szeretne forgalmaz\u00f3v\u00e1 v\u00e1lni ? Vegye fel vel\u00fcnk a kapcsolatot ! - Elicit Plant term\u00e9kek- Elicit Plant Magyarorsz\u00e1g","isPartOf":{"@id":"https:\/\/www.elicit-plant.com\/hu\/#website"},"primaryImageOfPage":{"@id":"https:\/\/www.elicit-plant.com\/hu\/legyen-vagy-keressen-forgalmazot\/#primaryimage"},"image":{"@id":"https:\/\/www.elicit-plant.com\/hu\/legyen-vagy-keressen-forgalmazot\/#primaryimage"},"thumbnailUrl":"https:\/\/www.elicit-plant.com\/app\/uploads\/sites\/8\/2024\/06\/img-distributeurs-bloc-2-1.jpg","datePublished":"2024-06-20T13:40:29+00:00","dateModified":"2025-05-14T11:50:45+00:00","description":"\u00c9rdekl\u0151dik a term\u00e9keink forgalmaz\u00e1sa ir\u00e1nt? L\u00e9pjen kapcsolatba vel\u00fcnk \u00e9s legyen forgalmaz\u00f3nk!","breadcrumb":{"@id":"https:\/\/www.elicit-plant.com\/hu\/legyen-vagy-keressen-forgalmazot\/#breadcrumb"},"inLanguage":"hu","potentialAction":[{"@type":"ReadAction","target":["https:\/\/www.elicit-plant.com\/hu\/legyen-vagy-keressen-forgalmazot\/"]}]},{"@type":"ImageObject","inLanguage":"hu","@id":"https:\/\/www.elicit-plant.com\/hu\/legyen-vagy-keressen-forgalmazot\/#primaryimage","url":"https:\/\/www.elicit-plant.com\/app\/uploads\/sites\/8\/2024\/06\/img-distributeurs-bloc-2-1.jpg","contentUrl":"https:\/\/www.elicit-plant.com\/app\/uploads\/sites\/8\/2024\/06\/img-distributeurs-bloc-2-1.jpg","width":624,"height":400,"caption":"mez\u0151gazdas\u00e1gi partners\u00e9g"},{"@type":"BreadcrumbList","@id":"https:\/\/www.elicit-plant.com\/hu\/legyen-vagy-keressen-forgalmazot\/#breadcrumb","itemListElement":[{"@type":"ListItem","position":1,"name":"Home","item":"https:\/\/www.elicit-plant.com\/hu\/"},{"@type":"ListItem","position":2,"name":"Looking for a distributor ?"}]},{"@type":"WebSite","@id":"https:\/\/www.elicit-plant.com\/hu\/#website","url":"https:\/\/www.elicit-plant.com\/hu\/","name":"Elicit Plant Magyarorsz\u00e1g","description":"A vil\u00e1g minden t\u00e1j\u00e1r\u00f3l dolgozunk egy\u00fctt gazd\u00e1lkod\u00f3kkal, hogy szemben\u00e9zz\u00fcnk a kl\u00edmav\u00e1ltoz\u00e1s \u00e1ltal t\u00e1masztott kih\u00edv\u00e1sokkal \u00e9s a v\u00edzhi\u00e1nynak a sz\u00e1nt\u00f3f\u00f6ldi n\u00f6v\u00e9nyekre gyakorolt hat\u00e1saival.","publisher":{"@id":"https:\/\/www.elicit-plant.com\/hu\/#organization"},"potentialAction":[{"@type":"SearchAction","target":{"@type":"EntryPoint","urlTemplate":"https:\/\/www.elicit-plant.com\/hu\/?s={search_term_string}"},"query-input":{"@type":"PropertyValueSpecification","valueRequired":true,"valueName":"search_term_string"}}],"inLanguage":"hu"},{"@type":"Organization","@id":"https:\/\/www.elicit-plant.com\/hu\/#organization","name":"Elicit Plant Magyarorsz\u00e1g","url":"https:\/\/www.elicit-plant.com\/hu\/","logo":{"@type":"ImageObject","inLanguage":"hu","@id":"https:\/\/www.elicit-plant.com\/hu\/#\/schema\/logo\/image\/","url":"https:\/\/www.elicit-plant.com\/hu\/wp-content\/uploads\/sites\/8\/2024\/06\/Elicit-Plant-logo-full-color-rgb.png","contentUrl":"https:\/\/www.elicit-plant.com\/hu\/wp-content\/uploads\/sites\/8\/2024\/06\/Elicit-Plant-logo-full-color-rgb.png","width":2304,"height":641,"caption":"Elicit Plant Magyarorsz\u00e1g"},"image":{"@id":"https:\/\/www.elicit-plant.com\/hu\/#\/schema\/logo\/image\/"},"sameAs":["https:\/\/www.facebook.com\/p\/Elicit-Plant-100064059283408\/?locale=fr_FR","https:\/\/www.linkedin.com\/company\/elicit-plant\/"]}]}},"_links":{"self":[{"href":"https:\/\/www.elicit-plant.com\/hu\/wp-json\/wp\/v2\/pages\/200","targetHints":{"allow":["GET"]}}],"collection":[{"href":"https:\/\/www.elicit-plant.com\/hu\/wp-json\/wp\/v2\/pages"}],"about":[{"href":"https:\/\/www.elicit-plant.com\/hu\/wp-json\/wp\/v2\/types\/page"}],"author":[{"embeddable":true,"href":"https:\/\/www.elicit-plant.com\/hu\/wp-json\/wp\/v2\/users\/6"}],"replies":[{"embeddable":true,"href":"https:\/\/www.elicit-plant.com\/hu\/wp-json\/wp\/v2\/comments?post=200"}],"version-history":[{"count":8,"href":"https:\/\/www.elicit-plant.com\/hu\/wp-json\/wp\/v2\/pages\/200\/revisions"}],"predecessor-version":[{"id":602,"href":"https:\/\/www.elicit-plant.com\/hu\/wp-json\/wp\/v2\/pages\/200\/revisions\/602"}],"wp:featuredmedia":[{"embeddable":true,"href":"https:\/\/www.elicit-plant.com\/hu\/wp-json\/wp\/v2\/media\/149"}],"wp:attachment":[{"href":"https:\/\/www.elicit-plant.com\/hu\/wp-json\/wp\/v2\/media?parent=200"}],"curies":[{"name":"wp","href":"https:\/\/api.w.org\/{rel}","templated":true}]}}