{"id":697,"date":"2025-10-07T11:39:15","date_gmt":"2025-10-07T09:39:15","guid":{"rendered":"https:\/\/www.elicit-plant.com\/hu\/?page_id=697"},"modified":"2025-10-07T11:42:31","modified_gmt":"2025-10-07T09:42:31","slug":"sutikre-vonatkozo-szabalyzatunkat","status":"publish","type":"page","link":"https:\/\/www.elicit-plant.com\/hu\/sutikre-vonatkozo-szabalyzatunkat\/","title":{"rendered":"S\u00fctikre vonatkoz\u00f3 szab\u00e1lyzatunkat"},"content":{"rendered":"<section class=\"cbo-heropicture\" data-anim-group>\n\t<div class=\"cbo-breadcrumbs breadcrumbs--normal\">\n  <div class=\"breadcrumbs-inner\">\n    <span><span><a href=\"https:\/\/www.elicit-plant.com\/hu\/\">Home<\/a><\/span><\/span>\t<\/div>\n<\/div>\n\t<div class=\"heropicture-picture cbo-picture-cover\">\n\t\t<img decoding=\"async\" src=\"https:\/\/www.elicit-plant.com\/app\/uploads\/sites\/8\/2024\/06\/Legal-Notice-1024x420.jpg\" srcset=\"https:\/\/www.elicit-plant.com\/app\/uploads\/sites\/8\/2024\/06\/Legal-Notice-320x131.jpg 320w, https:\/\/www.elicit-plant.com\/app\/uploads\/sites\/8\/2024\/06\/Legal-Notice-768x315.jpg 768w, https:\/\/www.elicit-plant.com\/app\/uploads\/sites\/8\/2024\/06\/Legal-Notice-1024x420.jpg 1024w, https:\/\/www.elicit-plant.com\/app\/uploads\/sites\/8\/2024\/06\/Legal-Notice-1400x574.jpg 1280w, https:\/\/www.elicit-plant.com\/app\/uploads\/sites\/8\/2024\/06\/Legal-Notice.jpg 1920w\" class=\"\" alt=\"\" width=\"1024\" height=\"420\" sizes=\"auto, 100vw\" loading=\"lazy\" \/>\t<\/div>\n\n\t<div class=\"heropicture-inner cbo-container container--small container--padding\">\n\t\t<div class=\"heropicture-content\">\n\n\t\t\t\n\t\t\t<h1 class=\"content-title cbo-title-2 slide-down\">\n\t\t\t\tS\u00fctikre vonatkoz\u00f3 szab\u00e1lyzatunkat\t\t\t<\/h1>\n\t\t<\/div>\n\t<\/div>\n<\/section>\n\n<section class=\"cbo-text cbo-margin-container\">\n    <div class=\"\n        text-inner\n                cbo-container\n        container--small        \"\n    >\n        <div class=\"text-content cbo-cms cms--large\">\n            <h2>HOGYAN \u00c1LL\u00cdTHAT\u00d3K BE A WEBHELYEN HASZN\u00c1LT S\u00dcTIK?<\/h2>\n<p>Ez a r\u00e9sz bemutatja, hogyan enged\u00e9lyezheti vagy tilthatja le a s\u00fctik haszn\u00e1lat\u00e1t a Webhelyen.<\/p>\n<p>A Webhely els\u0151 felkeres\u00e9sekor felk\u00e9r\u00e9st kap a s\u00fctik haszn\u00e1lat\u00e1nak be\u00e1ll\u00edt\u00e1s\u00e1ra.<\/p>\n<p>A be\u00e1ll\u00edt\u00e1s egy, a s\u00fctik haszn\u00e1lat\u00e1t ismertet\u0151 banneren kereszt\u00fcl t\u00f6rt\u00e9nik, amely megjelen\u00e9sekor lehet\u0151v\u00e9 teszi a haszn\u00e1lt s\u00fctik \u00e1ttekint\u00e9s\u00e9t, azok glob\u00e1lis elfogad\u00e1s\u00e1t vagy elutas\u00edt\u00e1s\u00e1t, tov\u00e1bb\u00e1 \u00e1ltal\u00e1noss\u00e1gban a Webhely fel\u00fclet\u00e9n t\u00f6rt\u00e9n\u0151 be\u00e1ll\u00edt\u00e1sukat a b\u00f6ng\u00e9sz\u0151je bal als\u00f3 sark\u00e1ban tal\u00e1lhat\u00f3 ikonra kattintva.<\/p>\n<p><img loading=\"lazy\" decoding=\"async\" class=\"size-full wp-image-6841 alignnone\" src=\"https:\/\/www.elicit-plant.com\/app\/uploads\/sites\/1\/2025\/10\/Axeptio-logo.png\" alt=\"Axeptio logo\" width=\"61\" height=\"62\" \/><\/p>\n<p>A Webhely haszn\u00e1lata sor\u00e1n b\u00e1rmikor m\u00f3dos\u00edthatja a s\u00fctibe\u00e1ll\u00edt\u00e1sokat \u2013 elfogadhatja vagy elutas\u00edthatja azokat \u2013 a fent eml\u00edtett fel\u00fcleten el\u00e9rhet\u0151 hozz\u00e1j\u00e1rul\u00e1s-kezel\u0151 modulon kereszt\u00fcl.<\/p>\n<p>A b\u00f6ng\u00e9sz\u0151 be\u00e1ll\u00edt\u00e1saiban a Webhely megfelel\u0151 m\u0171k\u00f6d\u00e9s\u00e9hez sz\u00fcks\u00e9ges egyes vagy valamennyi technikai s\u00fctit is blokkolhatja. Felh\u00edvjuk azonban a figyelmet, hogy e s\u00fctik elutas\u00edt\u00e1sa a b\u00f6ng\u00e9sz\u0151n kereszt\u00fcl az oldal egyes funkci\u00f3ihoz\/r\u00e9szeihez val\u00f3 hozz\u00e1f\u00e9r\u00e9s lehetetlens\u00e9g\u00e9t, illetve a Webhely m\u0171k\u00f6d\u00e9s\u00e9nek roml\u00e1s\u00e1t okozhatja.<\/p>\n<h2>KIHEZ FORDULHAT K\u00c9RD\u00c9SEIVEL A S\u00dcTIKKEL KAPCSOLATBAN?<\/h2>\n<p>A jelen Cookie-szab\u00e1lyzattal kapcsolatos b\u00e1rmely k\u00e9rd\u00e9s vagy a Webhelyen haszn\u00e1lt s\u00fctikre vonatkoz\u00f3 \u00e1ltal\u00e1nos megkeres\u00e9s eset\u00e9n b\u00e1rmikor kapcsolatba l\u00e9phet vel\u00fcnk:<\/p>\n<ul>\n<li>Postai \u00faton: ELICIT PLANT &#8211; LIEUDIT LE CHATAIGNIER, 1 PASSAGE DE LA CROIX, 16220 MOULINS-SUR-TARDOIRE, CHARENTE (16)<br \/>\nE-mailben: <a href=\"mailto:dataprivacy@elicit-plant.com\">dataprivacy@elicit-plant.com<\/a><\/li>\n<\/ul>\n\n            <div style=\"clear: both;\"><\/div>\n        <\/div>\n    <\/div>\n<\/section>\n","protected":false},"excerpt":{"rendered":"<p>HOGYAN \u00c1LL\u00cdTHAT\u00d3K BE A WEBHELYEN HASZN\u00c1LT S\u00dcTIK? Ez a r\u00e9sz bemutatja, hogyan enged\u00e9lyezheti vagy tilthatja le a s\u00fctik haszn\u00e1lat\u00e1t a Webhelyen. A Webhely els\u0151 felkeres\u00e9sekor felk\u00e9r\u00e9st kap a s\u00fctik haszn\u00e1lat\u00e1nak be\u00e1ll\u00edt\u00e1s\u00e1ra. A be\u00e1ll\u00edt\u00e1s egy, a s\u00fctik haszn\u00e1lat\u00e1t ismertet\u0151 banneren kereszt\u00fcl t\u00f6rt\u00e9nik, amely megjelen\u00e9sekor lehet\u0151v\u00e9 teszi a haszn\u00e1lt s\u00fctik \u00e1ttekint\u00e9s\u00e9t, azok glob\u00e1lis elfogad\u00e1s\u00e1t vagy elutas\u00edt\u00e1s\u00e1t, tov\u00e1bb\u00e1 \u00e1ltal\u00e1noss\u00e1gban a Webhely fel\u00fclet\u00e9n t\u00f6rt\u00e9n\u0151 be\u00e1ll\u00edt\u00e1sukat a b\u00f6ng\u00e9sz\u0151je bal als\u00f3 sark\u00e1ban tal\u00e1lhat\u00f3 ikonra kattintva. A Webhely haszn\u00e1lata sor\u00e1n b\u00e1rmikor m\u00f3dos\u00edthatja a s\u00fctibe\u00e1ll\u00edt\u00e1sokat \u2013 elfogadhatja vagy elutas\u00edthatja azokat \u2013 a fent eml\u00edtett fel\u00fcleten el\u00e9rhet\u0151 hozz\u00e1j\u00e1rul\u00e1s-kezel\u0151 modulon kereszt\u00fcl. A b\u00f6ng\u00e9sz\u0151 be\u00e1ll\u00edt\u00e1saiban a Webhely megfelel\u0151 m\u0171k\u00f6d\u00e9s\u00e9hez sz\u00fcks\u00e9ges egyes vagy valamennyi technikai s\u00fctit is blokkolhatja. Felh\u00edvjuk azonban a figyelmet, hogy e s\u00fctik&#8230;<\/p>\n","protected":false},"author":6,"featured_media":0,"parent":0,"menu_order":0,"comment_status":"closed","ping_status":"closed","template":"","meta":{"_acf_changed":false,"footnotes":""},"class_list":["post-697","page","type-page","status-publish","hentry"],"acf":[],"yoast_head":"<!-- This site is optimized with the Yoast SEO plugin v27.3 - https:\/\/yoast.com\/product\/yoast-seo-wordpress\/ -->\n<title>S\u00fctikre vonatkoz\u00f3 szab\u00e1lyzatunkat - Elicit Plant Magyarorsz\u00e1g<\/title>\n<meta name=\"robots\" content=\"noindex, follow\" \/>\n<meta property=\"og:locale\" content=\"hu_HU\" \/>\n<meta property=\"og:type\" content=\"article\" \/>\n<meta property=\"og:title\" content=\"S\u00fctikre vonatkoz\u00f3 szab\u00e1lyzatunkat - Elicit Plant Magyarorsz\u00e1g\" \/>\n<meta property=\"og:description\" content=\"HOGYAN \u00c1LL\u00cdTHAT\u00d3K BE A WEBHELYEN HASZN\u00c1LT S\u00dcTIK? Ez a r\u00e9sz bemutatja, hogyan enged\u00e9lyezheti vagy tilthatja le a s\u00fctik haszn\u00e1lat\u00e1t a Webhelyen. A Webhely els\u0151 felkeres\u00e9sekor felk\u00e9r\u00e9st kap a s\u00fctik haszn\u00e1lat\u00e1nak be\u00e1ll\u00edt\u00e1s\u00e1ra. A be\u00e1ll\u00edt\u00e1s egy, a s\u00fctik haszn\u00e1lat\u00e1t ismertet\u0151 banneren kereszt\u00fcl t\u00f6rt\u00e9nik, amely megjelen\u00e9sekor lehet\u0151v\u00e9 teszi a haszn\u00e1lt s\u00fctik \u00e1ttekint\u00e9s\u00e9t, azok glob\u00e1lis elfogad\u00e1s\u00e1t vagy elutas\u00edt\u00e1s\u00e1t, tov\u00e1bb\u00e1 \u00e1ltal\u00e1noss\u00e1gban a Webhely fel\u00fclet\u00e9n t\u00f6rt\u00e9n\u0151 be\u00e1ll\u00edt\u00e1sukat a b\u00f6ng\u00e9sz\u0151je bal als\u00f3 sark\u00e1ban tal\u00e1lhat\u00f3 ikonra kattintva. A Webhely haszn\u00e1lata sor\u00e1n b\u00e1rmikor m\u00f3dos\u00edthatja a s\u00fctibe\u00e1ll\u00edt\u00e1sokat \u2013 elfogadhatja vagy elutas\u00edthatja azokat \u2013 a fent eml\u00edtett fel\u00fcleten el\u00e9rhet\u0151 hozz\u00e1j\u00e1rul\u00e1s-kezel\u0151 modulon kereszt\u00fcl. A b\u00f6ng\u00e9sz\u0151 be\u00e1ll\u00edt\u00e1saiban a Webhely megfelel\u0151 m\u0171k\u00f6d\u00e9s\u00e9hez sz\u00fcks\u00e9ges egyes vagy valamennyi technikai s\u00fctit is blokkolhatja. Felh\u00edvjuk azonban a figyelmet, hogy e s\u00fctik...\" \/>\n<meta property=\"og:url\" content=\"https:\/\/www.elicit-plant.com\/hu\/sutikre-vonatkozo-szabalyzatunkat\/\" \/>\n<meta property=\"og:site_name\" content=\"Elicit Plant Magyarorsz\u00e1g\" \/>\n<meta property=\"article:publisher\" content=\"https:\/\/www.facebook.com\/p\/Elicit-Plant-100064059283408\/?locale=fr_FR\" \/>\n<meta property=\"article:modified_time\" content=\"2025-10-07T09:42:31+00:00\" \/>\n<meta name=\"twitter:card\" content=\"summary_large_image\" \/>\n<script type=\"application\/ld+json\" class=\"yoast-schema-graph\">{\"@context\":\"https:\\\/\\\/schema.org\",\"@graph\":[{\"@type\":\"WebPage\",\"@id\":\"https:\\\/\\\/www.elicit-plant.com\\\/hu\\\/sutikre-vonatkozo-szabalyzatunkat\\\/\",\"url\":\"https:\\\/\\\/www.elicit-plant.com\\\/hu\\\/sutikre-vonatkozo-szabalyzatunkat\\\/\",\"name\":\"S\u00fctikre vonatkoz\u00f3 szab\u00e1lyzatunkat - Elicit Plant Magyarorsz\u00e1g\",\"isPartOf\":{\"@id\":\"https:\\\/\\\/www.elicit-plant.com\\\/hu\\\/#website\"},\"datePublished\":\"2025-10-07T09:39:15+00:00\",\"dateModified\":\"2025-10-07T09:42:31+00:00\",\"breadcrumb\":{\"@id\":\"https:\\\/\\\/www.elicit-plant.com\\\/hu\\\/sutikre-vonatkozo-szabalyzatunkat\\\/#breadcrumb\"},\"inLanguage\":\"hu\",\"potentialAction\":[{\"@type\":\"ReadAction\",\"target\":[\"https:\\\/\\\/www.elicit-plant.com\\\/hu\\\/sutikre-vonatkozo-szabalyzatunkat\\\/\"]}]},{\"@type\":\"BreadcrumbList\",\"@id\":\"https:\\\/\\\/www.elicit-plant.com\\\/hu\\\/sutikre-vonatkozo-szabalyzatunkat\\\/#breadcrumb\",\"itemListElement\":[{\"@type\":\"ListItem\",\"position\":1,\"name\":\"Home\",\"item\":\"https:\\\/\\\/www.elicit-plant.com\\\/hu\\\/\"},{\"@type\":\"ListItem\",\"position\":2,\"name\":\"S\u00fctikre vonatkoz\u00f3 szab\u00e1lyzatunkat\"}]},{\"@type\":\"WebSite\",\"@id\":\"https:\\\/\\\/www.elicit-plant.com\\\/hu\\\/#website\",\"url\":\"https:\\\/\\\/www.elicit-plant.com\\\/hu\\\/\",\"name\":\"Elicit Plant Magyarorsz\u00e1g\",\"description\":\"A vil\u00e1g minden t\u00e1j\u00e1r\u00f3l dolgozunk egy\u00fctt gazd\u00e1lkod\u00f3kkal, hogy szemben\u00e9zz\u00fcnk a kl\u00edmav\u00e1ltoz\u00e1s \u00e1ltal t\u00e1masztott kih\u00edv\u00e1sokkal \u00e9s a v\u00edzhi\u00e1nynak a sz\u00e1nt\u00f3f\u00f6ldi n\u00f6v\u00e9nyekre gyakorolt hat\u00e1saival.\",\"publisher\":{\"@id\":\"https:\\\/\\\/www.elicit-plant.com\\\/hu\\\/#organization\"},\"potentialAction\":[{\"@type\":\"SearchAction\",\"target\":{\"@type\":\"EntryPoint\",\"urlTemplate\":\"https:\\\/\\\/www.elicit-plant.com\\\/hu\\\/?s={search_term_string}\"},\"query-input\":{\"@type\":\"PropertyValueSpecification\",\"valueRequired\":true,\"valueName\":\"search_term_string\"}}],\"inLanguage\":\"hu\"},{\"@type\":\"Organization\",\"@id\":\"https:\\\/\\\/www.elicit-plant.com\\\/hu\\\/#organization\",\"name\":\"Elicit Plant Magyarorsz\u00e1g\",\"url\":\"https:\\\/\\\/www.elicit-plant.com\\\/hu\\\/\",\"logo\":{\"@type\":\"ImageObject\",\"inLanguage\":\"hu\",\"@id\":\"https:\\\/\\\/www.elicit-plant.com\\\/hu\\\/#\\\/schema\\\/logo\\\/image\\\/\",\"url\":\"https:\\\/\\\/www.elicit-plant.com\\\/hu\\\/wp-content\\\/uploads\\\/sites\\\/8\\\/2024\\\/06\\\/Elicit-Plant-logo-full-color-rgb.png\",\"contentUrl\":\"https:\\\/\\\/www.elicit-plant.com\\\/hu\\\/wp-content\\\/uploads\\\/sites\\\/8\\\/2024\\\/06\\\/Elicit-Plant-logo-full-color-rgb.png\",\"width\":2304,\"height\":641,\"caption\":\"Elicit Plant Magyarorsz\u00e1g\"},\"image\":{\"@id\":\"https:\\\/\\\/www.elicit-plant.com\\\/hu\\\/#\\\/schema\\\/logo\\\/image\\\/\"},\"sameAs\":[\"https:\\\/\\\/www.facebook.com\\\/p\\\/Elicit-Plant-100064059283408\\\/?locale=fr_FR\",\"https:\\\/\\\/www.linkedin.com\\\/company\\\/elicit-plant\\\/\"]}]}<\/script>\n<!-- \/ Yoast SEO plugin. -->","yoast_head_json":{"title":"S\u00fctikre vonatkoz\u00f3 szab\u00e1lyzatunkat - Elicit Plant Magyarorsz\u00e1g","robots":{"index":"noindex","follow":"follow"},"og_locale":"hu_HU","og_type":"article","og_title":"S\u00fctikre vonatkoz\u00f3 szab\u00e1lyzatunkat - Elicit Plant Magyarorsz\u00e1g","og_description":"HOGYAN \u00c1LL\u00cdTHAT\u00d3K BE A WEBHELYEN HASZN\u00c1LT S\u00dcTIK? Ez a r\u00e9sz bemutatja, hogyan enged\u00e9lyezheti vagy tilthatja le a s\u00fctik haszn\u00e1lat\u00e1t a Webhelyen. A Webhely els\u0151 felkeres\u00e9sekor felk\u00e9r\u00e9st kap a s\u00fctik haszn\u00e1lat\u00e1nak be\u00e1ll\u00edt\u00e1s\u00e1ra. A be\u00e1ll\u00edt\u00e1s egy, a s\u00fctik haszn\u00e1lat\u00e1t ismertet\u0151 banneren kereszt\u00fcl t\u00f6rt\u00e9nik, amely megjelen\u00e9sekor lehet\u0151v\u00e9 teszi a haszn\u00e1lt s\u00fctik \u00e1ttekint\u00e9s\u00e9t, azok glob\u00e1lis elfogad\u00e1s\u00e1t vagy elutas\u00edt\u00e1s\u00e1t, tov\u00e1bb\u00e1 \u00e1ltal\u00e1noss\u00e1gban a Webhely fel\u00fclet\u00e9n t\u00f6rt\u00e9n\u0151 be\u00e1ll\u00edt\u00e1sukat a b\u00f6ng\u00e9sz\u0151je bal als\u00f3 sark\u00e1ban tal\u00e1lhat\u00f3 ikonra kattintva. A Webhely haszn\u00e1lata sor\u00e1n b\u00e1rmikor m\u00f3dos\u00edthatja a s\u00fctibe\u00e1ll\u00edt\u00e1sokat \u2013 elfogadhatja vagy elutas\u00edthatja azokat \u2013 a fent eml\u00edtett fel\u00fcleten el\u00e9rhet\u0151 hozz\u00e1j\u00e1rul\u00e1s-kezel\u0151 modulon kereszt\u00fcl. A b\u00f6ng\u00e9sz\u0151 be\u00e1ll\u00edt\u00e1saiban a Webhely megfelel\u0151 m\u0171k\u00f6d\u00e9s\u00e9hez sz\u00fcks\u00e9ges egyes vagy valamennyi technikai s\u00fctit is blokkolhatja. Felh\u00edvjuk azonban a figyelmet, hogy e s\u00fctik...","og_url":"https:\/\/www.elicit-plant.com\/hu\/sutikre-vonatkozo-szabalyzatunkat\/","og_site_name":"Elicit Plant Magyarorsz\u00e1g","article_publisher":"https:\/\/www.facebook.com\/p\/Elicit-Plant-100064059283408\/?locale=fr_FR","article_modified_time":"2025-10-07T09:42:31+00:00","twitter_card":"summary_large_image","schema":{"@context":"https:\/\/schema.org","@graph":[{"@type":"WebPage","@id":"https:\/\/www.elicit-plant.com\/hu\/sutikre-vonatkozo-szabalyzatunkat\/","url":"https:\/\/www.elicit-plant.com\/hu\/sutikre-vonatkozo-szabalyzatunkat\/","name":"S\u00fctikre vonatkoz\u00f3 szab\u00e1lyzatunkat - Elicit Plant Magyarorsz\u00e1g","isPartOf":{"@id":"https:\/\/www.elicit-plant.com\/hu\/#website"},"datePublished":"2025-10-07T09:39:15+00:00","dateModified":"2025-10-07T09:42:31+00:00","breadcrumb":{"@id":"https:\/\/www.elicit-plant.com\/hu\/sutikre-vonatkozo-szabalyzatunkat\/#breadcrumb"},"inLanguage":"hu","potentialAction":[{"@type":"ReadAction","target":["https:\/\/www.elicit-plant.com\/hu\/sutikre-vonatkozo-szabalyzatunkat\/"]}]},{"@type":"BreadcrumbList","@id":"https:\/\/www.elicit-plant.com\/hu\/sutikre-vonatkozo-szabalyzatunkat\/#breadcrumb","itemListElement":[{"@type":"ListItem","position":1,"name":"Home","item":"https:\/\/www.elicit-plant.com\/hu\/"},{"@type":"ListItem","position":2,"name":"S\u00fctikre vonatkoz\u00f3 szab\u00e1lyzatunkat"}]},{"@type":"WebSite","@id":"https:\/\/www.elicit-plant.com\/hu\/#website","url":"https:\/\/www.elicit-plant.com\/hu\/","name":"Elicit Plant Magyarorsz\u00e1g","description":"A vil\u00e1g minden t\u00e1j\u00e1r\u00f3l dolgozunk egy\u00fctt gazd\u00e1lkod\u00f3kkal, hogy szemben\u00e9zz\u00fcnk a kl\u00edmav\u00e1ltoz\u00e1s \u00e1ltal t\u00e1masztott kih\u00edv\u00e1sokkal \u00e9s a v\u00edzhi\u00e1nynak a sz\u00e1nt\u00f3f\u00f6ldi n\u00f6v\u00e9nyekre gyakorolt hat\u00e1saival.","publisher":{"@id":"https:\/\/www.elicit-plant.com\/hu\/#organization"},"potentialAction":[{"@type":"SearchAction","target":{"@type":"EntryPoint","urlTemplate":"https:\/\/www.elicit-plant.com\/hu\/?s={search_term_string}"},"query-input":{"@type":"PropertyValueSpecification","valueRequired":true,"valueName":"search_term_string"}}],"inLanguage":"hu"},{"@type":"Organization","@id":"https:\/\/www.elicit-plant.com\/hu\/#organization","name":"Elicit Plant Magyarorsz\u00e1g","url":"https:\/\/www.elicit-plant.com\/hu\/","logo":{"@type":"ImageObject","inLanguage":"hu","@id":"https:\/\/www.elicit-plant.com\/hu\/#\/schema\/logo\/image\/","url":"https:\/\/www.elicit-plant.com\/hu\/wp-content\/uploads\/sites\/8\/2024\/06\/Elicit-Plant-logo-full-color-rgb.png","contentUrl":"https:\/\/www.elicit-plant.com\/hu\/wp-content\/uploads\/sites\/8\/2024\/06\/Elicit-Plant-logo-full-color-rgb.png","width":2304,"height":641,"caption":"Elicit Plant Magyarorsz\u00e1g"},"image":{"@id":"https:\/\/www.elicit-plant.com\/hu\/#\/schema\/logo\/image\/"},"sameAs":["https:\/\/www.facebook.com\/p\/Elicit-Plant-100064059283408\/?locale=fr_FR","https:\/\/www.linkedin.com\/company\/elicit-plant\/"]}]}},"_links":{"self":[{"href":"https:\/\/www.elicit-plant.com\/hu\/wp-json\/wp\/v2\/pages\/697","targetHints":{"allow":["GET"]}}],"collection":[{"href":"https:\/\/www.elicit-plant.com\/hu\/wp-json\/wp\/v2\/pages"}],"about":[{"href":"https:\/\/www.elicit-plant.com\/hu\/wp-json\/wp\/v2\/types\/page"}],"author":[{"embeddable":true,"href":"https:\/\/www.elicit-plant.com\/hu\/wp-json\/wp\/v2\/users\/6"}],"replies":[{"embeddable":true,"href":"https:\/\/www.elicit-plant.com\/hu\/wp-json\/wp\/v2\/comments?post=697"}],"version-history":[{"count":2,"href":"https:\/\/www.elicit-plant.com\/hu\/wp-json\/wp\/v2\/pages\/697\/revisions"}],"predecessor-version":[{"id":700,"href":"https:\/\/www.elicit-plant.com\/hu\/wp-json\/wp\/v2\/pages\/697\/revisions\/700"}],"wp:attachment":[{"href":"https:\/\/www.elicit-plant.com\/hu\/wp-json\/wp\/v2\/media?parent=697"}],"curies":[{"name":"wp","href":"https:\/\/api.w.org\/{rel}","templated":true}]}}