{"id":195,"date":"2025-07-08T16:58:13","date_gmt":"2025-07-08T14:58:13","guid":{"rendered":"https:\/\/www.elicit-plant.com\/it\/?page_id=195"},"modified":"2025-10-07T15:03:42","modified_gmt":"2025-10-07T13:03:42","slug":"note-legali","status":"publish","type":"page","link":"https:\/\/www.elicit-plant.com\/it\/note-legali\/","title":{"rendered":"Note legali"},"content":{"rendered":"<section class=\"cbo-heropicture\" data-anim-group>\n\t<div class=\"cbo-breadcrumbs breadcrumbs--normal\">\n  <div class=\"breadcrumbs-inner\">\n    <span><span><a href=\"https:\/\/www.elicit-plant.com\/it\/\">Pagina iniziale<\/a><\/span><\/span>\t<\/div>\n<\/div>\n\t<div class=\"heropicture-picture cbo-picture-cover\">\n\t\t<img decoding=\"async\" src=\"https:\/\/www.elicit-plant.com\/app\/uploads\/sites\/14\/2025\/07\/Tractor-treating-fields-1-1024x570.jpg\" srcset=\"https:\/\/www.elicit-plant.com\/app\/uploads\/sites\/14\/2025\/07\/Tractor-treating-fields-1-320x178.jpg 320w, https:\/\/www.elicit-plant.com\/app\/uploads\/sites\/14\/2025\/07\/Tractor-treating-fields-1-768x427.jpg 768w, https:\/\/www.elicit-plant.com\/app\/uploads\/sites\/14\/2025\/07\/Tractor-treating-fields-1-1024x570.jpg 1024w, https:\/\/www.elicit-plant.com\/app\/uploads\/sites\/14\/2025\/07\/Tractor-treating-fields-1.jpg 1280w, https:\/\/www.elicit-plant.com\/app\/uploads\/sites\/14\/2025\/07\/Tractor-treating-fields-1.jpg 1920w\" class=\"\" alt=\"Trattore che tratta i campi\" width=\"1024\" height=\"570\" sizes=\"auto, 100vw\" loading=\"lazy\" \/>\t<\/div>\n\n\t<div class=\"heropicture-inner cbo-container container--small container--padding\">\n\t\t<div class=\"heropicture-content\">\n\n\t\t\t\n\t\t\t<h1 class=\"content-title cbo-title-2 slide-down\">\n\t\t\t\tNote legali\t\t\t<\/h1>\n\t\t<\/div>\n\t<\/div>\n<\/section>\n\n<section class=\"cbo-text cbo-margin-container\">\n    <div class=\"\n        text-inner\n                cbo-container\n        container--small        \"\n    >\n        <div class=\"text-content cbo-cms cms--large\">\n            <p>Le note legali di seguito si applicano al presente sito internet <a href=\"http:\/\/www.elicit-plant.com\">www.elicit-plant.com<\/a><\/p>\n<p><strong>Denominazione sociale<\/strong>: ELICIT PLANT<\/p>\n<p><strong>Sede legale<\/strong>: LIEUDIT LE CHATAIGNIER, 1 PAS DE LA CROIX, 16220 MOULINS-SUR-TARDOIRE, CHARENTE (16)<\/p>\n<p><strong>Forma giuridica<\/strong>: Societ\u00e0 per Azioni Semplificata<\/p>\n<p><strong>Capitale sociale<\/strong>: 139.417,50 \u20ac<\/p>\n<p><strong>Iscritta al RCS di Angoul\u00eame<\/strong>: numero SIREN: 831 286 455 e numero SIRET: 831 286 455 00025<\/p>\n<p><strong>N. di partita IVA intracomunitaria<\/strong>: FR47831286455<\/p>\n<p><strong>Direttore della pubblicazione<\/strong>: Sig. Jean-Fran\u00e7ois DECHANT<\/p>\n<p><strong>Telefono<\/strong>: +33 <a href=\"https:\/\/www.google.com\/search?q=t%C3%A9l%C3%A9phone+elicit+plant&amp;rlz=1C1GCEU_frFR1073FR1073&amp;oq=t%C3%A9l%C3%A9phone+elicit+plant&amp;gs_lcrp=EgZjaHJvbWUyCAgAEEUYFRg5MgcIARAhGKABMgcIAhAhGKABMgcIAxAhGKAB0gEINTk1N2owajeoAgCwAgA&amp;sourceid=chrome&amp;ie=UTF-8\">05 45 23 18 38<\/a><\/p>\n<p><strong>E-mail<\/strong>: <a href=\"mailto:dataprivacy@elicit-plant.com\">dataprivacy@elicit-plant.com<\/a><\/p>\n<p><strong> <\/strong><strong>Host<\/strong>: Infomaniak,<\/p>\n<p><u>Denominazione sociale<\/u>: Infomaniak Network SA<br \/>\n<u>Indirizzo<\/u>: Rue Eug\u00e8ne Marziano 25 &#8211; 1227 Les Acacias (GE)<br \/>\n<u><a href=\"https:\/\/www.infomaniak.com\/fr\/aide\">Contatti<\/a><\/u><\/p>\n<p><strong> <\/strong><\/p>\n<h2 style=\"text-align: center;\"><strong>CONDIZIONI GENERALI D\u2019USO DEL SITO INTERNET<br \/>\n<\/strong><a href=\"http:\/\/WWW.ASDIA.FR\"><strong>WWW.ELICIT-PLANT.COM<\/strong><\/a><\/h2>\n<p>&nbsp;<\/p>\n<p>L\u2019accesso, la consultazione e l\u2019utilizzo del sito www. <a href=\"https:\/\/www.elicit-plant.com\">https:\/\/www.elicit-plant.com<\/a> (\u00ab<strong><em>Sito internet<\/em><\/strong>\u00bb o \u00ab<strong><em>Sito<\/em><\/strong>\u00bb) sono regolati dalle presenti Condizioni Generali d\u2019Uso (\u00ab<strong><em>CGU<\/em><\/strong>\u00bb).<\/p>\n<p>Consultando e\/o accedendo al Sito, il visitatore e\/o utente (\u00ab<strong><em>Lei<\/em><\/strong>\u00bb) si considera che accetti, senza restrizioni n\u00e9 riserve, le presenti CGU. La invitiamo quindi a prenderne attenta visione prima di iniziare la navigazione e\/o proseguirla sul Sito.<\/p>\n<p>ELICIT PLANT si riserva il diritto di modificare le presenti CGU in qualsiasi momento. Quelle pubblicate sul Sito costituiscono l\u2019ultima versione aggiornata e in vigore.<\/p>\n<p>Qualora una delle disposizioni delle CGU fosse dichiarata nulla e\/o priva d\u2019effetto dalle leggi e dai regolamenti applicabili, le restanti disposizioni rimarranno comunque valide.<\/p>\n<p>&nbsp;<\/p>\n<h2>ARTICOLO 1 &#8211; ACCESSO AL SITO &#8211; FUNZIONALIT\u00c0 &#8211; UTILIZZO<\/h2>\n<p>1.1.<\/p>\n<p>L\u2019accesso al Sito e il suo utilizzo sono riservati a un uso strettamente personale. Lei si impegna a non utilizzare questo Sito e le informazioni o i dati ivi presenti per fini commerciali, politici, pubblicitari o per qualsiasi forma di sollecitazione commerciale, compreso l\u2019invio di e-mail non richieste.<\/p>\n<p>Pi\u00f9 in generale, nell\u2019ambito dell\u2019accesso, consultazione e utilizzo del Sito, Lei si impegna a:<\/p>\n<ul>\n<li>verificare che la configurazione informatica utilizzata non contenga virus e sia perfettamente funzionante;<\/li>\n<li>non copiare tutto o parte del Sito su un altro sito o qualsiasi altro supporto;<\/li>\n<li>non implementare sistemi idonei o tali da violare, in tutto o in parte, il Sito o da violare le presenti CGU;<\/li>\n<li>informare ELICIT PLANT non appena venga a conoscenza di un \u00ab<em>attacco informatico<\/em>\u00bb, e in particolare di qualsiasi uso illecito o non conforme degli elementi presenti sul Sito, qualunque sia il mezzo di diffusione utilizzato;<\/li>\n<li>rispettare le presenti CGU.<\/li>\n<\/ul>\n<p>1.2.<\/p>\n<p>Il Sito offre in particolare le seguenti funzionalit\u00e0:<\/p>\n<ul>\n<li>presentazione di ELICIT PLANT e della sua attivit\u00e0;<\/li>\n<li>diffusione e pubblicazione di informazioni in merito alle attivit\u00e0, ai prodotti e ai servizi di ELICIT PLANT;<\/li>\n<li>pubblicazione di offerte di lavoro presso ELICIT PLANT;<\/li>\n<li>contatto con i diversi servizi di ELICIT PLANT.<\/li>\n<\/ul>\n<h2><\/h2>\n<h2>ARTICOLO 2 &#8211; PROPRIET\u00c0 INTELLETTUALE<\/h2>\n<p>ELICIT PLANT Le concede un semplice diritto di consultazione delle informazioni e dei contenuti accessibili sul Sito per tutta la durata del Suo accesso e della Sua consultazione.<\/p>\n<p>Tutti gli elementi e i contenuti del Sito internet, in particolare marchi, loghi, immagini, disegni, grafica, chart e icone, strutture, presentazioni, contenuti testuali, nonch\u00e9 tutte le applicazioni informatiche eventualmente utilizzate per il funzionamento del Sito, sono e restano di propriet\u00e0 esclusiva di ELICIT PLANT e\/o dei suoi partner.<\/p>\n<p>I marchi denominativi e figurativi (loghi) ELICIT PLANT, o relativi ai suoi prodotti e servizi, sono protetti da diritti di propriet\u00e0 intellettuale e sono registrati come marchi in Francia e a livello internazionale.<\/p>\n<p>Di conseguenza, qualsiasi riproduzione, rappresentazione, utilizzo, modifica o adattamento, in qualsiasi forma, di tutti o parte degli elementi e dei contenuti del Sito, comprese le applicazioni informatiche, senza il previo consenso espresso e scritto di ELICIT PLANT, \u00e8 rigorosamente vietata e pu\u00f2 dar luogo ad azioni legali, in particolare per contraffazione e concorrenza sleale, conformemente alla normativa vigente.<\/p>\n<p>Il fatto che ELICIT PLANT non avvii un procedimento non appena venga a conoscenza di tali utilizzi non autorizzati non costituisce accettazione degli stessi n\u00e9 rinuncia ad agire.<\/p>\n<p>&nbsp;<\/p>\n<h2>ARTICOLO 3 &#8211; GESTIONE DEL SITO<\/h2>\n<p>Per garantire la corretta gestione del Sito, ELICIT PLANT potr\u00e0 in qualsiasi momento, in via permanente o temporanea:<\/p>\n<ul>\n<li>sospendere, interrompere o limitare l\u2019accesso a tutto o parte del Sito, riservare l\u2019accesso al Sito, o a talune sue sezioni, a una determinata categoria di utenti;<\/li>\n<\/ul>\n<ul>\n<li>eliminare e\/o modificare parte della configurazione del Sito, o qualsiasi informazione che possa comprometterne il funzionamento o sia in contrasto con le leggi nazionali o internazionali o con le regole della \u00abNetiquette\u00bb;<\/li>\n<\/ul>\n<ul>\n<li>sospendere il Sito per effettuare aggiornamenti e\/o interventi di manutenzione. Tali interventi potranno essere eseguiti senza preavviso.<\/li>\n<\/ul>\n<p>&nbsp;<\/p>\n<p><span style=\"font-size: 2.25rem; font-weight: 600; letter-spacing: -0.0536em;\">ARTICOLO 4 &#8211; RESPONSABILIT\u00c0<\/span><\/p>\n<p>4.1.<\/p>\n<p>Le informazioni presenti sul sito di ELICIT PLANT sono fornite a titolo indicativo e non costituiscono in alcun modo un\u2019offerta relativa a un prodotto o servizio specifico fornito da ELICIT PLANT. Se desidera conoscere nel dettaglio le prestazioni offerte da ELICIT PLANT, pu\u00f2 contattarla direttamente ai recapiti indicati sul Sito.<\/p>\n<p>Pur adottando ogni ragionevole cautela per verificare le informazioni fornite sul proprio Sito, ELICIT PLANT non garantisce che le informazioni pubblicate su questo Sito, cos\u00ec come su quelli ad esso collegati, siano complete, accurate e costantemente aggiornate.<\/p>\n<p>4.2.<\/p>\n<p>ELICIT PLANT compir\u00e0 ogni sforzo ragionevole per garantire la sicurezza dell\u2019accesso, della consultazione e dell\u2019utilizzo del Sito, nell\u2019ambito e nei limiti di una obbligazione di mezzi.<\/p>\n<p>Il Sito \u00e8 accessibile 24 ore su 24, 7 giorni su 7, salvo, in particolare, i casi di forza maggiore, cause estranee, eventi fuori dal suo controllo e, in ogni caso, fatti salvi eventuali guasti, malfunzionamenti e interventi di manutenzione correttiva o evolutiva legati agli imprevisti di Internet e\/o necessari al corretto funzionamento e all\u2019evoluzione del Sito.<\/p>\n<p>ELICIT PLANT non potr\u00e0 essere ritenuta responsabile in caso di guasto, panne, difficolt\u00e0 o interruzione che impediscano l\u2019accesso al Sito o a una delle sue funzionalit\u00e0.<\/p>\n<p>4.3.<\/p>\n<p>L\u2019apparecchiatura di connessione al Sito da Lei utilizzata \u00e8 sotto la Sua esclusiva responsabilit\u00e0.<\/p>\n<p>Lei deve adottare tutte le misure appropriate per proteggere la Sua attrezzatura e i Suoi dati, in particolare dagli attacchi informatici tramite Internet.<\/p>\n<p>\u00c8 inoltre l\u2019unico responsabile dell\u2019uso che fa del Sito e dei siti, servizi e dati che consulta o ai quali accede tramite Internet.<\/p>\n<p>ELICIT PLANT non \u00e8 pertanto responsabile dei danni causati a Lei, a terzi e\/o alla Sua attrezzatura, n\u00e9 di eventuali azioni legali a Suo carico derivanti dalla Sua connessione o dal Suo utilizzo del Sito, nonch\u00e9 di qualsiasi servizio accessibile tramite Internet, o dal mancato rispetto delle presenti CGU.<\/p>\n<p>Qualora ELICIT PLANT fosse oggetto di una procedura stragiudiziale o giudiziaria a causa del Suo utilizzo del Sito, ELICIT PLANT si riserva la facolt\u00e0 di rivalersi su di Lei per ottenere l\u2019indennizzo di tutti i pregiudizi, somme, condanne e spese derivanti da tale procedura.<\/p>\n<h2>ARTICOLO 5 &#8211; COLLEGAMENTI IPERTESTUALI<\/h2>\n<p>5.1.<\/p>\n<p>Dal Sito, ELICIT PLANT pu\u00f2 mettere a disposizione collegamenti verso altri siti internet o altre fonti di informazione gestite da siti partner.<\/p>\n<p>Poich\u00e9 ELICIT PLANT non pu\u00f2 esercitare alcun controllo su tali servizi partner e su tali fonti esterne, i collegamenti diretti o indiretti contenuti su questo Sito e rinvianti ad altri siti internet sono forniti senza alcuna garanzia, nello stato in cui si trovano e a Suo esclusivo rischio.<\/p>\n<p>ELICIT PLANT declina quindi ogni responsabilit\u00e0 in merito alla messa a disposizione e ai contenuti di tali siti e fonti esterne, comprese eventuali pubblicit\u00e0, prodotti, servizi o altro materiale disponibile su o tramite tali siti o fonti esterne, nonch\u00e9 per eventuali danni che esse potrebbero causare.<\/p>\n<p>5.2.<\/p>\n<p>La creazione e\/o l\u2019implementazione da parte Sua di un collegamento ipertestuale verso l\u2019intero contenuto del Sito o qualsiasi tecnica consistente nel visualizzare una parte del Sito su un sito terzo \u00e8 strettamente vietata e pu\u00f2 avvenire solo previa autorizzazione espressa, preventiva e scritta di ELICIT PLANT, e a condizione di non alterare le informazioni originarie presenti sul Sito o la loro provenienza.<\/p>\n<p>Qualora ELICIT PLANT conceda tale autorizzazione, essa sar\u00e0 in ogni caso temporanea e potr\u00e0 essere revocata in qualsiasi momento, senza obbligo di motivazione da parte di ELICIT PLANT.<\/p>\n<p>In ogni caso, qualsiasi link da Lei eventualmente inserito sul Sito dovr\u00e0 essere rimosso su semplice richiesta di ELICIT PLANT.<\/p>\n<h2>ARTICOLO 6 &#8211; PROTEZIONE DEI DATI PERSONALI<\/h2>\n<p>Pu\u00f2 prendere visione dei trattamenti che ELICIT PLANT pu\u00f2 effettuare sui Suoi dati personali e, pi\u00f9 in generale, dei suoi impegni in materia di protezione dei dati personali consultando la nostra Informativa sulla privacy.<\/p>\n<p>&nbsp;<\/p>\n<h2>ARTICOLO 7 &#8211; COOKIE<\/h2>\n<p>Per ulteriori informazioni riguardanti i cookie utilizzati sul Sito e la gestione del Suo consenso, faccia riferimento alla nostra Informativa sui cookie.<\/p>\n<p>&nbsp;<\/p>\n<h2>ARTICOLO 8 &#8211; LEGGE APPLICABILE \/ FORO COMPETENTE<\/h2>\n<p>Le presenti CGU sono disciplinate dalla legge francese e rientrano nella competenza esclusiva dei tribunali francesi.<\/p>\n\n            <div style=\"clear: both;\"><\/div>\n        <\/div>\n    <\/div>\n<\/section>\n","protected":false},"excerpt":{"rendered":"<p>Le note legali di seguito si applicano al presente sito internet www.elicit-plant.com Denominazione sociale: ELICIT PLANT Sede legale: LIEUDIT LE CHATAIGNIER, 1 PAS DE LA CROIX, 16220 MOULINS-SUR-TARDOIRE, CHARENTE (16) Forma giuridica: Societ\u00e0 per Azioni Semplificata Capitale sociale: 139.417,50 \u20ac Iscritta al RCS di Angoul\u00eame: numero SIREN: 831 286 455 e numero SIRET: 831 286 455 00025 N. di partita IVA intracomunitaria: FR47831286455 Direttore della pubblicazione: Sig. Jean-Fran\u00e7ois DECHANT Telefono: +33 05 45 23 18 38 E-mail: dataprivacy@elicit-plant.com Host: Infomaniak, Denominazione sociale: Infomaniak Network SA Indirizzo: Rue Eug\u00e8ne Marziano 25 &#8211; 1227 Les Acacias (GE) Contatti CONDIZIONI GENERALI D\u2019USO DEL SITO INTERNET WWW.ELICIT-PLANT.COM &nbsp; L\u2019accesso, la consultazione e l\u2019utilizzo del sito www. https:\/\/www.elicit-plant.com (\u00abSito internet\u00bb o \u00abSito\u00bb) sono regolati dalle presenti Condizioni Generali d\u2019Uso (\u00abCGU\u00bb). Consultando e\/o accedendo al Sito, il&#8230;<\/p>\n","protected":false},"author":6,"featured_media":0,"parent":0,"menu_order":0,"comment_status":"closed","ping_status":"closed","template":"","meta":{"_acf_changed":false,"footnotes":""},"class_list":["post-195","page","type-page","status-publish","hentry"],"acf":[],"yoast_head":"<!-- This site is optimized with the Yoast SEO plugin v27.3 - https:\/\/yoast.com\/product\/yoast-seo-wordpress\/ -->\n<title>Note legali - Elicit Plant Italia<\/title>\n<meta name=\"robots\" content=\"noindex, follow\" \/>\n<meta property=\"og:locale\" content=\"it_IT\" \/>\n<meta property=\"og:type\" content=\"article\" \/>\n<meta property=\"og:title\" content=\"Note legali - Elicit Plant Italia\" \/>\n<meta property=\"og:description\" content=\"Le note legali di seguito si applicano al presente sito internet www.elicit-plant.com Denominazione sociale: ELICIT PLANT Sede legale: LIEUDIT LE CHATAIGNIER, 1 PAS DE LA CROIX, 16220 MOULINS-SUR-TARDOIRE, CHARENTE (16) Forma giuridica: Societ\u00e0 per Azioni Semplificata Capitale sociale: 139.417,50 \u20ac Iscritta al RCS di Angoul\u00eame: numero SIREN: 831 286 455 e numero SIRET: 831 286 455 00025 N. di partita IVA intracomunitaria: FR47831286455 Direttore della pubblicazione: Sig. Jean-Fran\u00e7ois DECHANT Telefono: +33 05 45 23 18 38 E-mail: dataprivacy@elicit-plant.com Host: Infomaniak, Denominazione sociale: Infomaniak Network SA Indirizzo: Rue Eug\u00e8ne Marziano 25 - 1227 Les Acacias (GE) Contatti CONDIZIONI GENERALI D\u2019USO DEL SITO INTERNET WWW.ELICIT-PLANT.COM &nbsp; L\u2019accesso, la consultazione e l\u2019utilizzo del sito www. https:\/\/www.elicit-plant.com (\u00abSito internet\u00bb o \u00abSito\u00bb) sono regolati dalle presenti Condizioni Generali d\u2019Uso (\u00abCGU\u00bb). Consultando e\/o accedendo al Sito, il...\" \/>\n<meta property=\"og:url\" content=\"https:\/\/www.elicit-plant.com\/it\/note-legali\/\" \/>\n<meta property=\"og:site_name\" content=\"Elicit Plant Italia\" \/>\n<meta property=\"article:modified_time\" content=\"2025-10-07T13:03:42+00:00\" \/>\n<meta name=\"twitter:card\" content=\"summary_large_image\" \/>\n<script type=\"application\/ld+json\" class=\"yoast-schema-graph\">{\"@context\":\"https:\\\/\\\/schema.org\",\"@graph\":[{\"@type\":\"WebPage\",\"@id\":\"https:\\\/\\\/www.elicit-plant.com\\\/it\\\/note-legali\\\/\",\"url\":\"https:\\\/\\\/www.elicit-plant.com\\\/it\\\/note-legali\\\/\",\"name\":\"Note legali - Elicit Plant Italia\",\"isPartOf\":{\"@id\":\"https:\\\/\\\/www.elicit-plant.com\\\/it\\\/#website\"},\"datePublished\":\"2025-07-08T14:58:13+00:00\",\"dateModified\":\"2025-10-07T13:03:42+00:00\",\"breadcrumb\":{\"@id\":\"https:\\\/\\\/www.elicit-plant.com\\\/it\\\/note-legali\\\/#breadcrumb\"},\"inLanguage\":\"it-IT\",\"potentialAction\":[{\"@type\":\"ReadAction\",\"target\":[\"https:\\\/\\\/www.elicit-plant.com\\\/it\\\/note-legali\\\/\"]}]},{\"@type\":\"BreadcrumbList\",\"@id\":\"https:\\\/\\\/www.elicit-plant.com\\\/it\\\/note-legali\\\/#breadcrumb\",\"itemListElement\":[{\"@type\":\"ListItem\",\"position\":1,\"name\":\"Pagina iniziale\",\"item\":\"https:\\\/\\\/www.elicit-plant.com\\\/it\\\/\"},{\"@type\":\"ListItem\",\"position\":2,\"name\":\"Note legali\"}]},{\"@type\":\"WebSite\",\"@id\":\"https:\\\/\\\/www.elicit-plant.com\\\/it\\\/#website\",\"url\":\"https:\\\/\\\/www.elicit-plant.com\\\/it\\\/\",\"name\":\"Elicit Plant Italia\",\"description\":\"\",\"potentialAction\":[{\"@type\":\"SearchAction\",\"target\":{\"@type\":\"EntryPoint\",\"urlTemplate\":\"https:\\\/\\\/www.elicit-plant.com\\\/it\\\/?s={search_term_string}\"},\"query-input\":{\"@type\":\"PropertyValueSpecification\",\"valueRequired\":true,\"valueName\":\"search_term_string\"}}],\"inLanguage\":\"it-IT\"}]}<\/script>\n<!-- \/ Yoast SEO plugin. -->","yoast_head_json":{"title":"Note legali - Elicit Plant Italia","robots":{"index":"noindex","follow":"follow"},"og_locale":"it_IT","og_type":"article","og_title":"Note legali - Elicit Plant Italia","og_description":"Le note legali di seguito si applicano al presente sito internet www.elicit-plant.com Denominazione sociale: ELICIT PLANT Sede legale: LIEUDIT LE CHATAIGNIER, 1 PAS DE LA CROIX, 16220 MOULINS-SUR-TARDOIRE, CHARENTE (16) Forma giuridica: Societ\u00e0 per Azioni Semplificata Capitale sociale: 139.417,50 \u20ac Iscritta al RCS di Angoul\u00eame: numero SIREN: 831 286 455 e numero SIRET: 831 286 455 00025 N. di partita IVA intracomunitaria: FR47831286455 Direttore della pubblicazione: Sig. Jean-Fran\u00e7ois DECHANT Telefono: +33 05 45 23 18 38 E-mail: dataprivacy@elicit-plant.com Host: Infomaniak, Denominazione sociale: Infomaniak Network SA Indirizzo: Rue Eug\u00e8ne Marziano 25 - 1227 Les Acacias (GE) Contatti CONDIZIONI GENERALI D\u2019USO DEL SITO INTERNET WWW.ELICIT-PLANT.COM &nbsp; L\u2019accesso, la consultazione e l\u2019utilizzo del sito www. https:\/\/www.elicit-plant.com (\u00abSito internet\u00bb o \u00abSito\u00bb) sono regolati dalle presenti Condizioni Generali d\u2019Uso (\u00abCGU\u00bb). Consultando e\/o accedendo al Sito, il...","og_url":"https:\/\/www.elicit-plant.com\/it\/note-legali\/","og_site_name":"Elicit Plant Italia","article_modified_time":"2025-10-07T13:03:42+00:00","twitter_card":"summary_large_image","schema":{"@context":"https:\/\/schema.org","@graph":[{"@type":"WebPage","@id":"https:\/\/www.elicit-plant.com\/it\/note-legali\/","url":"https:\/\/www.elicit-plant.com\/it\/note-legali\/","name":"Note legali - Elicit Plant Italia","isPartOf":{"@id":"https:\/\/www.elicit-plant.com\/it\/#website"},"datePublished":"2025-07-08T14:58:13+00:00","dateModified":"2025-10-07T13:03:42+00:00","breadcrumb":{"@id":"https:\/\/www.elicit-plant.com\/it\/note-legali\/#breadcrumb"},"inLanguage":"it-IT","potentialAction":[{"@type":"ReadAction","target":["https:\/\/www.elicit-plant.com\/it\/note-legali\/"]}]},{"@type":"BreadcrumbList","@id":"https:\/\/www.elicit-plant.com\/it\/note-legali\/#breadcrumb","itemListElement":[{"@type":"ListItem","position":1,"name":"Pagina iniziale","item":"https:\/\/www.elicit-plant.com\/it\/"},{"@type":"ListItem","position":2,"name":"Note legali"}]},{"@type":"WebSite","@id":"https:\/\/www.elicit-plant.com\/it\/#website","url":"https:\/\/www.elicit-plant.com\/it\/","name":"Elicit Plant Italia","description":"","potentialAction":[{"@type":"SearchAction","target":{"@type":"EntryPoint","urlTemplate":"https:\/\/www.elicit-plant.com\/it\/?s={search_term_string}"},"query-input":{"@type":"PropertyValueSpecification","valueRequired":true,"valueName":"search_term_string"}}],"inLanguage":"it-IT"}]}},"_links":{"self":[{"href":"https:\/\/www.elicit-plant.com\/it\/wp-json\/wp\/v2\/pages\/195","targetHints":{"allow":["GET"]}}],"collection":[{"href":"https:\/\/www.elicit-plant.com\/it\/wp-json\/wp\/v2\/pages"}],"about":[{"href":"https:\/\/www.elicit-plant.com\/it\/wp-json\/wp\/v2\/types\/page"}],"author":[{"embeddable":true,"href":"https:\/\/www.elicit-plant.com\/it\/wp-json\/wp\/v2\/users\/6"}],"replies":[{"embeddable":true,"href":"https:\/\/www.elicit-plant.com\/it\/wp-json\/wp\/v2\/comments?post=195"}],"version-history":[{"count":4,"href":"https:\/\/www.elicit-plant.com\/it\/wp-json\/wp\/v2\/pages\/195\/revisions"}],"predecessor-version":[{"id":664,"href":"https:\/\/www.elicit-plant.com\/it\/wp-json\/wp\/v2\/pages\/195\/revisions\/664"}],"wp:attachment":[{"href":"https:\/\/www.elicit-plant.com\/it\/wp-json\/wp\/v2\/media?parent=195"}],"curies":[{"name":"wp","href":"https:\/\/api.w.org\/{rel}","templated":true}]}}