{"id":218,"date":"2025-07-15T11:19:01","date_gmt":"2025-07-15T09:19:01","guid":{"rendered":"https:\/\/www.elicit-plant.com\/it\/?page_id=218"},"modified":"2025-08-14T09:07:40","modified_gmt":"2025-08-14T07:07:40","slug":"i-nostri-partner-scientifici","status":"publish","type":"page","link":"https:\/\/www.elicit-plant.com\/it\/scienza-e-tecnologia\/i-nostri-partner-scientifici\/","title":{"rendered":"I nostri partner scientifici"},"content":{"rendered":"<section class=\"cbo-hero cbo-margin-container hero--colorgreen\" data-anim-group>\n\t<div class=\"cbo-breadcrumbs breadcrumbs--normal\">\n  <div class=\"breadcrumbs-inner\">\n    <span><span><a href=\"https:\/\/www.elicit-plant.com\/it\/\">Pagina iniziale<\/a><\/span><\/span>\t<\/div>\n<\/div>\n\t<div class=\"hero-inner cbo-container container--padding\">\n\n\t\t<div class=\"hero-shapes\">\n\t\t\t<div class=\"shapes-color scale-up\"><\/div>\n\n\t\t\t<div class=\"shapes-picture cbo-picture-cover scale-up\"  data-delay=\"450\">\n\t\t\t\t\t\t\t<\/div>\n\t\t<\/div>\n\n\t\t<div class=\"hero-content cbo-cms cms--large cms--white\">\n\t\t\t<div class=\"content-text\">\n\t\t\t\t<h1 class=\"hero-title cbo-heading slide-down\">\n\t\t\t\t\tCollaborazioni scientifiche\t\t\t\t<\/h1>\n\n\t\t\t\t\t\t\t<\/div>\n\t\t<\/div>\n\n\t<\/div>\n<\/section>\n\n<section class=\"cbo-text cbo-margin-container\">\n    <div class=\"\n        text-inner\n                cbo-container\n        container--small        \"\n    >\n        <div class=\"text-content cbo-cms cms--large\">\n            <h2><strong>Collaborazioni scientifiche e validazione delle prestazioni<\/strong><\/h2>\n\n            <div style=\"clear: both;\"><\/div>\n        <\/div>\n    <\/div>\n<\/section>\n\n\n\n<section class=\"cbo-checkerboard checkerboard--normal\">\n    <div class=\"checkerboard-inner\">\n\n        <div class=\"checkerboard-picture\">\n            <div class=\"picture-inner cbo-picture-cover\">\n                <img decoding=\"async\" src=\"https:\/\/www.elicit-plant.com\/app\/uploads\/sites\/14\/2025\/07\/Agronomie-mesure-aux-champs-1-320x213.jpg\" srcset=\"https:\/\/www.elicit-plant.com\/app\/uploads\/sites\/14\/2025\/07\/Agronomie-mesure-aux-champs-1-320x213.jpg 320w, https:\/\/www.elicit-plant.com\/app\/uploads\/sites\/14\/2025\/07\/Agronomie-mesure-aux-champs-1-768x512.jpg 768w, https:\/\/www.elicit-plant.com\/app\/uploads\/sites\/14\/2025\/07\/Agronomie-mesure-aux-champs-1.jpg 1024w\" class=\"\" alt=\"Rilevamenti in campo con agronomi\" width=\"320\" height=\"213\" sizes=\"auto, 100vw\" loading=\"lazy\" \/>            <\/div>\n        <\/div>\n        \n        <div class=\"checkerboard-content content--green cbo-cms cms--white\">\n            <div class=\"content-text\">\n                                    <span class=\"content-uptitle\">\n                        Dal laboratorio ai campi                    <\/span>\n                \n                <div class=\"content-title cbo-title-3\">\n                    Un approccio scientifico e collaborativo                <\/div>\n            <\/div>\n        <\/div>\n\n    <\/div>\n<\/section>\n\n<section class=\"cbo-textpicture textpicture--normal\">\n    <div class=\"textpicture-inner cbo-container container--small\">\n\n        <div class=\"textpicture-picture\">\n            <div class=\"picture-inner cbo-picture-cover\">\n                <img decoding=\"async\" src=\"https:\/\/www.elicit-plant.com\/app\/uploads\/sites\/14\/2025\/07\/Elicit-Plant-RD-testings-320x117.jpg\" srcset=\"https:\/\/www.elicit-plant.com\/app\/uploads\/sites\/14\/2025\/07\/Elicit-Plant-RD-testings-320x117.jpg 320w, https:\/\/www.elicit-plant.com\/app\/uploads\/sites\/14\/2025\/07\/Elicit-Plant-RD-testings-768x280.jpg 768w, https:\/\/www.elicit-plant.com\/app\/uploads\/sites\/14\/2025\/07\/Elicit-Plant-RD-testings.jpg 1024w\" class=\"\" alt=\"Test di ricerca e sviluppo di Elicit Plant\" width=\"320\" height=\"117\" sizes=\"auto, 100vw\" loading=\"lazy\" \/>            <\/div>\n        <\/div>\n\n        <div class=\"textpicture-content cbo-cms cms--large\">\n            \n            \n            <p class=\"cbo-chapo\">Un team di R&amp;S all&#8217;avanguardia<\/p>\n<ul>\n<li>un team di ricercatori in biologia e chimica,<\/li>\n<li>esperti di agronomia,<\/li>\n<li>laboratori di biologia vegetale e di formulazione, nel quadro di un\u2019Azienda specializzata nell\u2019agricoltura di precisione<\/li>\n<\/ul>\n<p>Svolgono <strong>ricerche pionieristiche<\/strong> sull\u2019applicazione dei fitosteroli alle colture per ridurre lo stress, e in particolare lo stress idrico.<\/p>\n        <\/div>\n\n    <\/div>\n<\/section>\n\n<section class=\"cbo-textpicture textpicture--reverse\">\n    <div class=\"textpicture-inner cbo-container container--small\">\n\n        <div class=\"textpicture-picture\">\n            <div class=\"picture-inner cbo-picture-cover\">\n                <img decoding=\"async\" src=\"https:\/\/www.elicit-plant.com\/app\/uploads\/sites\/14\/2025\/07\/Partenaires-scientifiques-320x320.png\" srcset=\"https:\/\/www.elicit-plant.com\/app\/uploads\/sites\/14\/2025\/07\/Partenaires-scientifiques-320x320.png 320w, https:\/\/www.elicit-plant.com\/app\/uploads\/sites\/14\/2025\/07\/Partenaires-scientifiques.png 768w, https:\/\/www.elicit-plant.com\/app\/uploads\/sites\/14\/2025\/07\/Partenaires-scientifiques.png 1024w\" class=\"\" alt=\"I nostri partner scientifici\" width=\"320\" height=\"320\" sizes=\"auto, 100vw\" loading=\"lazy\" \/>            <\/div>\n        <\/div>\n\n        <div class=\"textpicture-content cbo-cms cms--large\">\n            \n            \n            <p class=\"cbo-chapo\">Accelerare il lavoro di ricerca<strong><br \/>\n<\/strong>Convalidare i risultati ottenuti<\/p>\n<ul>\n<li>Collaborazione con partner tecnici e scientifici riconosciuti, tra cui gli istituti di ricerca pubblici francesi INRAE e CNRS<\/li>\n<li>Collaborazione con cooperative come Oc\u00e9alia e istituti tecnici indipendenti come Terres Inovia per confermare gli effetti dei nostri primi prodotti<\/li>\n<\/ul>\n        <\/div>\n\n    <\/div>\n<\/section>\n\n<section class=\"cbo-text cbo-halo cbo-margin-container\">\n    <div class=\"\n        text-inner\n                cbo-container\n        container--small        \"\n    >\n        <div class=\"text-content cbo-cms cms--large\">\n            <p style=\"margin: 0cm;\"><span class=\"cbo-textcolor--green\"><span lang=\"IT\" style=\"color: #86b049;\">Le collaborazioni scientifiche con enti indipendenti si sono poi estese a numerosi altri istituti di ricerca e universit\u00e0 in vari paesi. Questi partenariati ci hanno aiutato a validare l&#8217;applicabilit\u00e0 delle soluzioni e i risultati ottenuti sia in laboratorio sia, soprattutto, sul campo, cio\u00e8 in condizioni agricole.<\/span><\/span><\/p>\n\n            <div style=\"clear: both;\"><\/div>\n        <\/div>\n    <\/div>\n<\/section>\n\n\n<section class=\"cbo-partnerslider cbo-margin-container\">\n\t<div class=\"partnerslider-inner cbo-container\">\n\n\t\t\n\t\t<div class=\"partnerslider-list\">\n\t\t\t\t\t\t<div class=\"list-el\">\n\t\t\t\t\t\t\t\t<div class=\"el-logo cbo-picture-contain\">\n\t\t\t\t\n\t\t\t\t\t<img decoding=\"async\" src=\"https:\/\/www.elicit-plant.com\/app\/uploads\/sites\/14\/2025\/07\/University-of-Nebraska-Lincoln.jpg\"  class=\"\" alt=\"University of Nebraska Lincoln\" width=\"310\" height=\"163\" sizes=\"auto, 100vw\" loading=\"lazy\" \/>\n\t\t\t\t\t\t\t\t<\/div>\n\t\t\t\t\t\t\t<\/div>\n\t\t\t\t\t\t<div class=\"list-el\">\n\t\t\t\t\t\t\t\t<div class=\"el-logo cbo-picture-contain\">\n\t\t\t\t\n\t\t\t\t\t<img decoding=\"async\" src=\"https:\/\/www.elicit-plant.com\/app\/uploads\/sites\/14\/2025\/07\/University-of-Minnesota.jpg\"  class=\"\" alt=\"University of Minnesota\" width=\"310\" height=\"163\" sizes=\"auto, 100vw\" loading=\"lazy\" \/>\n\t\t\t\t\t\t\t\t<\/div>\n\t\t\t\t\t\t\t<\/div>\n\t\t\t\t\t\t<div class=\"list-el\">\n\t\t\t\t\t\t\t\t<div class=\"el-logo cbo-picture-contain\">\n\t\t\t\t\n\t\t\t\t\t<img decoding=\"async\" src=\"https:\/\/www.elicit-plant.com\/app\/uploads\/sites\/14\/2025\/07\/University-of-Illinois.jpg\"  class=\"\" alt=\"University of Illinois\" width=\"310\" height=\"163\" sizes=\"auto, 100vw\" loading=\"lazy\" \/>\n\t\t\t\t\t\t\t\t<\/div>\n\t\t\t\t\t\t\t<\/div>\n\t\t\t\t\t\t<div class=\"list-el\">\n\t\t\t\t\t\t\t\t<div class=\"el-logo cbo-picture-contain\">\n\t\t\t\t\n\t\t\t\t\t<img decoding=\"async\" src=\"https:\/\/www.elicit-plant.com\/app\/uploads\/sites\/14\/2025\/07\/Arvalis.jpg\"  class=\"\" alt=\"Arvalis\" width=\"310\" height=\"163\" sizes=\"auto, 100vw\" loading=\"lazy\" \/>\n\t\t\t\t\t\t\t\t<\/div>\n\t\t\t\t\t\t\t<\/div>\n\t\t\t\t\t\t<div class=\"list-el\">\n\t\t\t\t\t\t\t\t<div class=\"el-logo cbo-picture-contain\">\n\t\t\t\t\n\t\t\t\t\t<img decoding=\"async\" src=\"https:\/\/www.elicit-plant.com\/app\/uploads\/sites\/14\/2025\/07\/University-of-Kansas.jpg\"  class=\"\" alt=\"Kansas State University\" width=\"310\" height=\"163\" sizes=\"auto, 100vw\" loading=\"lazy\" \/>\n\t\t\t\t\t\t\t\t<\/div>\n\t\t\t\t\t\t\t<\/div>\n\t\t\t\t\t\t<div class=\"list-el\">\n\t\t\t\t\t\t\t\t<div class=\"el-logo cbo-picture-contain\">\n\t\t\t\t\n\t\t\t\t\t<img decoding=\"async\" src=\"https:\/\/www.elicit-plant.com\/app\/uploads\/sites\/14\/2025\/07\/University-of-Iowa.jpg\"  class=\"\" alt=\"Iowa State University\" width=\"310\" height=\"163\" sizes=\"auto, 100vw\" loading=\"lazy\" \/>\n\t\t\t\t\t\t\t\t<\/div>\n\t\t\t\t\t\t\t<\/div>\n\t\t\t\t\t\t<div class=\"list-el\">\n\t\t\t\t\t\t\t\t<div class=\"el-logo cbo-picture-contain\">\n\t\t\t\t\n\t\t\t\t\t<img decoding=\"async\" src=\"https:\/\/www.elicit-plant.com\/app\/uploads\/sites\/14\/2025\/07\/ITERG.jpg\"  class=\"\" alt=\"Iterg\" width=\"310\" height=\"163\" sizes=\"auto, 100vw\" loading=\"lazy\" \/>\n\t\t\t\t\t\t\t\t<\/div>\n\t\t\t\t\t\t\t<\/div>\n\t\t\t\t\t\t<div class=\"list-el\">\n\t\t\t\t\t\t\t\t<div class=\"el-logo cbo-picture-contain\">\n\t\t\t\t\n\t\t\t\t\t<img decoding=\"async\" src=\"https:\/\/www.elicit-plant.com\/app\/uploads\/sites\/14\/2025\/07\/Embrapa.jpg\"  class=\"\" alt=\"Embrapa\" width=\"310\" height=\"163\" sizes=\"auto, 100vw\" loading=\"lazy\" \/>\n\t\t\t\t\t\t\t\t<\/div>\n\t\t\t\t\t\t\t<\/div>\n\t\t\t\t\t\t<div class=\"list-el\">\n\t\t\t\t\t\t\t\t<div class=\"el-logo cbo-picture-contain\">\n\t\t\t\t\n\t\t\t\t\t<img decoding=\"async\" src=\"https:\/\/www.elicit-plant.com\/app\/uploads\/sites\/14\/2025\/07\/University-of-Wisconcin-System.jpg\"  class=\"\" alt=\"University of Wisconcin System\" width=\"310\" height=\"163\" sizes=\"auto, 100vw\" loading=\"lazy\" \/>\n\t\t\t\t\t\t\t\t<\/div>\n\t\t\t\t\t\t\t<\/div>\n\t\t\t\t\t\t<div class=\"list-el\">\n\t\t\t\t\t\t\t\t<div class=\"el-logo cbo-picture-contain\">\n\t\t\t\t\n\t\t\t\t\t<img decoding=\"async\" src=\"https:\/\/www.elicit-plant.com\/app\/uploads\/sites\/14\/2025\/07\/Inrae.jpg\"  class=\"\" alt=\"Inrae\" width=\"310\" height=\"163\" sizes=\"auto, 100vw\" loading=\"lazy\" \/>\n\t\t\t\t\t\t\t\t<\/div>\n\t\t\t\t\t\t\t<\/div>\n\t\t\t\t\t\t<div class=\"list-el\">\n\t\t\t\t\t\t\t\t<div class=\"el-logo cbo-picture-contain\">\n\t\t\t\t\n\t\t\t\t\t<img decoding=\"async\" src=\"https:\/\/www.elicit-plant.com\/app\/uploads\/sites\/14\/2025\/07\/Ideelab.jpg\"  class=\"\" alt=\"Ideelab\" width=\"310\" height=\"163\" sizes=\"auto, 100vw\" loading=\"lazy\" \/>\n\t\t\t\t\t\t\t\t<\/div>\n\t\t\t\t\t\t\t<\/div>\n\t\t\t\t\t\t<div class=\"list-el\">\n\t\t\t\t\t\t\t\t<div class=\"el-logo cbo-picture-contain\">\n\t\t\t\t\n\t\t\t\t\t<img decoding=\"async\" src=\"https:\/\/www.elicit-plant.com\/app\/uploads\/sites\/14\/2025\/07\/Terre-Inovia.jpg\"  class=\"\" alt=\"Terre Inovia\" width=\"310\" height=\"163\" sizes=\"auto, 100vw\" loading=\"lazy\" \/>\n\t\t\t\t\t\t\t\t<\/div>\n\t\t\t\t\t\t\t<\/div>\n\t\t\t\t\t\t<div class=\"list-el\">\n\t\t\t\t\t\t\t\t<div class=\"el-logo cbo-picture-contain\">\n\t\t\t\t\n\t\t\t\t\t<img decoding=\"async\" src=\"https:\/\/www.elicit-plant.com\/app\/uploads\/sites\/14\/2025\/07\/Esalq.jpg\"  class=\"\" alt=\"Esalq\" width=\"310\" height=\"163\" sizes=\"auto, 100vw\" loading=\"lazy\" \/>\n\t\t\t\t\t\t\t\t<\/div>\n\t\t\t\t\t\t\t<\/div>\n\t\t\t\t\t\t<div class=\"list-el\">\n\t\t\t\t\t\t\t\t<div class=\"el-logo cbo-picture-contain\">\n\t\t\t\t\n\t\t\t\t\t<img decoding=\"async\" src=\"https:\/\/www.elicit-plant.com\/app\/uploads\/sites\/14\/2025\/07\/Institue-of-Agro-Biology.jpg\"  class=\"\" alt=\"Institut of Agro Biology\" width=\"310\" height=\"163\" sizes=\"auto, 100vw\" loading=\"lazy\" \/>\n\t\t\t\t\t\t\t\t<\/div>\n\t\t\t\t\t\t\t<\/div>\n\t\t\t\t\t\t<div class=\"list-el\">\n\t\t\t\t\t\t\t\t<div class=\"el-logo cbo-picture-contain\">\n\t\t\t\t\n\t\t\t\t\t<img decoding=\"async\" src=\"https:\/\/www.elicit-plant.com\/app\/uploads\/sites\/14\/2025\/07\/CNRS.jpg\"  class=\"\" alt=\"CNRS\" width=\"310\" height=\"163\" sizes=\"auto, 100vw\" loading=\"lazy\" \/>\n\t\t\t\t\t\t\t\t<\/div>\n\t\t\t\t\t\t\t<\/div>\n\t\t\t\t\t<\/div>\n\n\t\t\n\t<\/div>\n<\/section>\n\n<section class=\"cbo-text cbo-margin-container\">\n    <div class=\"\n        text-inner\n                cbo-container\n        container--small        \"\n    >\n        <div class=\"text-content cbo-cms cms--large\">\n            <p class=\"cbo-chapo\">Prestazioni comprovate in tutte le condizioni pedoclimatiche<\/p>\n<p>Noi di Elicit Plant sviluppiamo soluzioni efficaci in base alle esigenze degli agricoltori. A tal fine, dal 2018 stiamo conducendo <strong>prove sul campo<\/strong> su superfici molto ampie.<\/p>\n\n            <div style=\"clear: both;\"><\/div>\n        <\/div>\n    <\/div>\n<\/section>\n\n\n<section class=\"cbo-textpicture textpicture--reverse\">\n    <div class=\"textpicture-inner cbo-container container--small\">\n\n        <div class=\"textpicture-picture\">\n            <div class=\"picture-inner cbo-picture-cover\">\n                <img decoding=\"async\" src=\"https:\/\/www.elicit-plant.com\/app\/uploads\/sites\/14\/2025\/07\/img-distributeurs-header-320x320.jpg\" srcset=\"https:\/\/www.elicit-plant.com\/app\/uploads\/sites\/14\/2025\/07\/img-distributeurs-header-320x320.jpg 320w, https:\/\/www.elicit-plant.com\/app\/uploads\/sites\/14\/2025\/07\/img-distributeurs-header.jpg 768w, https:\/\/www.elicit-plant.com\/app\/uploads\/sites\/14\/2025\/07\/img-distributeurs-header.jpg 1024w\" class=\"\" alt=\"Ingegneri agronomi che analizzano un campo di mais\" width=\"320\" height=\"320\" sizes=\"auto, 100vw\" loading=\"lazy\" \/>            <\/div>\n        <\/div>\n\n        <div class=\"textpicture-content cbo-cms cms--large\">\n            \n            \n            <p>Quando valutiamo il nostro prodotto sul campo, il processo decisionale va ben oltre l&#8217;analisi dei dati.<\/p>\n<p>I nostri agronomi lavorano a stretto contatto con gli agricoltori per migliorare le prestazioni delle colture, effettuando osservazioni e misurazioni regolari in condizioni normali di coltivazione. Questo ci consente di <strong>determinare con precisione le condizioni pi\u00f9 idonee affinch\u00e8 il prodotto manifesti al meglio la sua efficacia<\/strong>.<\/p>\n        <\/div>\n\n    <\/div>\n<\/section>\n\n<section class=\"cbo-text cbo-margin-container\">\n    <div class=\"\n        text-inner\n                cbo-container\n        container--small        \"\n    >\n        <div class=\"text-content cbo-cms cms--large\">\n            <p>&nbsp;<\/p>\n<p><span lang=\"IT\">Ogni stagione, i nostri prodotti sono sottoposti a test approfonditi sul campo per garantire\u00a0<strong><span style=\"color: #86b049;\">prestazioni reali<\/span><\/strong>\u00a0rispondendo al contempo alle\u00a0<strong><span style=\"color: #86b049;\">specificit\u00e0 geografiche e alle diverse condizioni pedoclimatiche<\/span><\/strong>.<\/span><\/p>\n<p><span lang=\"IT\">Il successo del nostro approccio si basa su due elementi fondamentali:<\/span><\/p>\n<ul>\n<li>delle osservazioni sul campo in un&#8217;ampia variet\u00e0 di situazioni condotte da agronomi che comprendono le esigenze degli agricoltori,<\/li>\n<li>un\u2019estesa rete di prove per garantire la redditivit\u00e0 del prodotto nelle diverse condizioni locali.<\/li>\n<\/ul>\n\n            <div style=\"clear: both;\"><\/div>\n        <\/div>\n    <\/div>\n<\/section>\n\n\n<section class=\"cbo-featuredlinks featuredlinks--colorwhite\">\n\t<div class=\"featuredlinks-inner cbo-container \">\n\n\t\t\t\t\t<h2 class=\"cbo-title-2 featuredlinks-title\">\n\t\t\t\tPer capire le fondamenta scientifiche di Elicit Plant\t\t\t<\/h2>\n\t\t\n\t\t<div class=\"featuredlinks-list\" data-anim-group data-group-delay=\"100\">\n\t\t\t\n\t\t\t<div class=\"list-el\">\n\t\t\t\t<a class=\"el-inner\" href=\"https:\/\/www.elicit-plant.com\/it\/scienza-e-tecnologia\/\">\n\n\t\t\t\t\t<figure class=\"inner-picture cbo-picture-cover\">\n\t\t\t\t\t\t<img decoding=\"async\" src=\"https:\/\/www.elicit-plant.com\/app\/uploads\/sites\/14\/2025\/07\/Leaf-stomates-close-up.jpg\" srcset=\"https:\/\/www.elicit-plant.com\/app\/uploads\/sites\/14\/2025\/07\/Leaf-stomates-close-up-320x320.jpg 320w, https:\/\/www.elicit-plant.com\/app\/uploads\/sites\/14\/2025\/07\/Leaf-stomates-close-up.jpg 840w, https:\/\/www.elicit-plant.com\/app\/uploads\/sites\/14\/2025\/07\/Leaf-stomates-close-up.jpg 1024w, https:\/\/www.elicit-plant.com\/app\/uploads\/sites\/14\/2025\/07\/Leaf-stomates-close-up.jpg 1400w\" class=\"\" alt=\"Immagine ravvicinata degli stomi su una foglia\" width=\"456\" height=\"456\" sizes=\"auto, 100vw\" loading=\"lazy\" \/>\t\t\t\t\t<\/figure>\n\n\t\t\t\t\t<h3 class=\"inner-title cbo-title-3\">\n\t\t\t\t\t\tMaggiori informazioni sui fitosteroli\t\t\t\t\t<\/h3>\n\n\t\t\t\t\t<span class=\"inner-button cbo-buttonmore\">\n\t\t\t\t\t\t<i class=\"icon icon-cross\"><\/i>\n\t\t\t\t\t<\/span>\n\t\t\t\t<\/a>\n\t\t\t<\/div>\n\n\t\t\t\n\t\t\t<div class=\"list-el\">\n\t\t\t\t<a class=\"el-inner\" href=\"https:\/\/www.elicit-plant.com\/it\/scienza-e-tecnologia\/piattaforma-tecnologica-eliterra\/\">\n\n\t\t\t\t\t<figure class=\"inner-picture cbo-picture-cover\">\n\t\t\t\t\t\t<img decoding=\"async\" src=\"https:\/\/www.elicit-plant.com\/app\/uploads\/sites\/14\/2025\/07\/Phytosterols-multiples-768x768-1.jpg\" srcset=\"https:\/\/www.elicit-plant.com\/app\/uploads\/sites\/14\/2025\/07\/Phytosterols-multiples-768x768-1-320x320.jpg 320w, https:\/\/www.elicit-plant.com\/app\/uploads\/sites\/14\/2025\/07\/Phytosterols-multiples-768x768-1.jpg 840w, https:\/\/www.elicit-plant.com\/app\/uploads\/sites\/14\/2025\/07\/Phytosterols-multiples-768x768-1.jpg 1024w, https:\/\/www.elicit-plant.com\/app\/uploads\/sites\/14\/2025\/07\/Phytosterols-multiples-768x768-1.jpg 1400w\" class=\"\" alt=\"Illustrazione dei fitosteroli\" width=\"768\" height=\"768\" sizes=\"auto, 100vw\" loading=\"lazy\" \/>\t\t\t\t\t<\/figure>\n\n\t\t\t\t\t<h3 class=\"inner-title cbo-title-3\">\n\t\t\t\t\t\tEliTerra, una piattaforma tecnologica di ricerca\t\t\t\t\t<\/h3>\n\n\t\t\t\t\t<span class=\"inner-button cbo-buttonmore\">\n\t\t\t\t\t\t<i class=\"icon icon-cross\"><\/i>\n\t\t\t\t\t<\/span>\n\t\t\t\t<\/a>\n\t\t\t<\/div>\n\n\t\t\t\t\t<\/div>\n\n\t<\/div>\n<\/section>\n","protected":false},"excerpt":{"rendered":"<p>Collaborazioni scientifiche e validazione delle prestazioni Un team di R&amp;S all&#8217;avanguardia un team di ricercatori in biologia e chimica, esperti di agronomia, laboratori di biologia vegetale e di formulazione, nel quadro di un\u2019Azienda specializzata nell\u2019agricoltura di precisione Svolgono ricerche pionieristiche sull\u2019applicazione dei fitosteroli alle colture per ridurre lo stress, e in particolare lo stress idrico. Accelerare il lavoro di ricerca Convalidare i risultati ottenuti Collaborazione con partner tecnici e scientifici riconosciuti, tra cui gli istituti di ricerca pubblici francesi INRAE e CNRS Collaborazione con cooperative come Oc\u00e9alia e istituti tecnici indipendenti come Terres Inovia per confermare gli effetti dei nostri primi prodotti Le collaborazioni scientifiche con enti indipendenti si sono poi estese a numerosi altri istituti di ricerca e universit\u00e0 in vari paesi. Questi partenariati ci hanno aiutato a validare l&#8217;applicabilit\u00e0 delle soluzioni e i&#8230;<\/p>\n","protected":false},"author":6,"featured_media":0,"parent":216,"menu_order":0,"comment_status":"closed","ping_status":"closed","template":"","meta":{"_acf_changed":false,"footnotes":""},"class_list":["post-218","page","type-page","status-publish","hentry"],"acf":[],"yoast_head":"<!-- This site is optimized with the Yoast SEO plugin v27.3 - https:\/\/yoast.com\/product\/yoast-seo-wordpress\/ -->\n<title>I nostri partner scientifici - Elicit Plant Italia<\/title>\n<meta name=\"description\" content=\"Elicit Plant e i suoi team conducono le loro ricerche in collaborazione con partner tecnici e scientifici riconosciuti a livello internazionale.\" \/>\n<meta name=\"robots\" content=\"index, follow, max-snippet:-1, max-image-preview:large, max-video-preview:-1\" \/>\n<link rel=\"canonical\" href=\"https:\/\/www.elicit-plant.com\/it\/scienza-e-tecnologia\/i-nostri-partner-scientifici\/\" \/>\n<meta property=\"og:locale\" content=\"it_IT\" \/>\n<meta property=\"og:type\" content=\"article\" \/>\n<meta property=\"og:title\" content=\"I nostri partner scientifici - Elicit Plant Italia\" \/>\n<meta property=\"og:description\" content=\"Elicit Plant e i suoi team conducono le loro ricerche in collaborazione con partner tecnici e scientifici riconosciuti a livello internazionale.\" \/>\n<meta property=\"og:url\" content=\"https:\/\/www.elicit-plant.com\/it\/scienza-e-tecnologia\/i-nostri-partner-scientifici\/\" \/>\n<meta property=\"og:site_name\" content=\"Elicit Plant Italia\" \/>\n<meta property=\"article:modified_time\" content=\"2025-08-14T07:07:40+00:00\" \/>\n<meta name=\"twitter:card\" content=\"summary_large_image\" \/>\n<script type=\"application\/ld+json\" class=\"yoast-schema-graph\">{\"@context\":\"https:\\\/\\\/schema.org\",\"@graph\":[{\"@type\":\"WebPage\",\"@id\":\"https:\\\/\\\/www.elicit-plant.com\\\/it\\\/scienza-e-tecnologia\\\/i-nostri-partner-scientifici\\\/\",\"url\":\"https:\\\/\\\/www.elicit-plant.com\\\/it\\\/scienza-e-tecnologia\\\/i-nostri-partner-scientifici\\\/\",\"name\":\"I nostri partner scientifici - Elicit Plant Italia\",\"isPartOf\":{\"@id\":\"https:\\\/\\\/www.elicit-plant.com\\\/it\\\/#website\"},\"datePublished\":\"2025-07-15T09:19:01+00:00\",\"dateModified\":\"2025-08-14T07:07:40+00:00\",\"description\":\"Elicit Plant e i suoi team conducono le loro ricerche in collaborazione con partner tecnici e scientifici riconosciuti a livello internazionale.\",\"breadcrumb\":{\"@id\":\"https:\\\/\\\/www.elicit-plant.com\\\/it\\\/scienza-e-tecnologia\\\/i-nostri-partner-scientifici\\\/#breadcrumb\"},\"inLanguage\":\"it-IT\",\"potentialAction\":[{\"@type\":\"ReadAction\",\"target\":[\"https:\\\/\\\/www.elicit-plant.com\\\/it\\\/scienza-e-tecnologia\\\/i-nostri-partner-scientifici\\\/\"]}]},{\"@type\":\"BreadcrumbList\",\"@id\":\"https:\\\/\\\/www.elicit-plant.com\\\/it\\\/scienza-e-tecnologia\\\/i-nostri-partner-scientifici\\\/#breadcrumb\",\"itemListElement\":[{\"@type\":\"ListItem\",\"position\":1,\"name\":\"Pagina iniziale\",\"item\":\"https:\\\/\\\/www.elicit-plant.com\\\/it\\\/\"},{\"@type\":\"ListItem\",\"position\":2,\"name\":\"Scienza e Tecnologia\",\"item\":\"https:\\\/\\\/www.elicit-plant.com\\\/it\\\/scienza-e-tecnologia\\\/\"},{\"@type\":\"ListItem\",\"position\":3,\"name\":\"I nostri partner scientifici\"}]},{\"@type\":\"WebSite\",\"@id\":\"https:\\\/\\\/www.elicit-plant.com\\\/it\\\/#website\",\"url\":\"https:\\\/\\\/www.elicit-plant.com\\\/it\\\/\",\"name\":\"Elicit Plant Italia\",\"description\":\"\",\"potentialAction\":[{\"@type\":\"SearchAction\",\"target\":{\"@type\":\"EntryPoint\",\"urlTemplate\":\"https:\\\/\\\/www.elicit-plant.com\\\/it\\\/?s={search_term_string}\"},\"query-input\":{\"@type\":\"PropertyValueSpecification\",\"valueRequired\":true,\"valueName\":\"search_term_string\"}}],\"inLanguage\":\"it-IT\"}]}<\/script>\n<!-- \/ Yoast SEO plugin. -->","yoast_head_json":{"title":"I nostri partner scientifici - Elicit Plant Italia","description":"Elicit Plant e i suoi team conducono le loro ricerche in collaborazione con partner tecnici e scientifici riconosciuti a livello internazionale.","robots":{"index":"index","follow":"follow","max-snippet":"max-snippet:-1","max-image-preview":"max-image-preview:large","max-video-preview":"max-video-preview:-1"},"canonical":"https:\/\/www.elicit-plant.com\/it\/scienza-e-tecnologia\/i-nostri-partner-scientifici\/","og_locale":"it_IT","og_type":"article","og_title":"I nostri partner scientifici - Elicit Plant Italia","og_description":"Elicit Plant e i suoi team conducono le loro ricerche in collaborazione con partner tecnici e scientifici riconosciuti a livello internazionale.","og_url":"https:\/\/www.elicit-plant.com\/it\/scienza-e-tecnologia\/i-nostri-partner-scientifici\/","og_site_name":"Elicit Plant Italia","article_modified_time":"2025-08-14T07:07:40+00:00","twitter_card":"summary_large_image","schema":{"@context":"https:\/\/schema.org","@graph":[{"@type":"WebPage","@id":"https:\/\/www.elicit-plant.com\/it\/scienza-e-tecnologia\/i-nostri-partner-scientifici\/","url":"https:\/\/www.elicit-plant.com\/it\/scienza-e-tecnologia\/i-nostri-partner-scientifici\/","name":"I nostri partner scientifici - Elicit Plant Italia","isPartOf":{"@id":"https:\/\/www.elicit-plant.com\/it\/#website"},"datePublished":"2025-07-15T09:19:01+00:00","dateModified":"2025-08-14T07:07:40+00:00","description":"Elicit Plant e i suoi team conducono le loro ricerche in collaborazione con partner tecnici e scientifici riconosciuti a livello internazionale.","breadcrumb":{"@id":"https:\/\/www.elicit-plant.com\/it\/scienza-e-tecnologia\/i-nostri-partner-scientifici\/#breadcrumb"},"inLanguage":"it-IT","potentialAction":[{"@type":"ReadAction","target":["https:\/\/www.elicit-plant.com\/it\/scienza-e-tecnologia\/i-nostri-partner-scientifici\/"]}]},{"@type":"BreadcrumbList","@id":"https:\/\/www.elicit-plant.com\/it\/scienza-e-tecnologia\/i-nostri-partner-scientifici\/#breadcrumb","itemListElement":[{"@type":"ListItem","position":1,"name":"Pagina iniziale","item":"https:\/\/www.elicit-plant.com\/it\/"},{"@type":"ListItem","position":2,"name":"Scienza e Tecnologia","item":"https:\/\/www.elicit-plant.com\/it\/scienza-e-tecnologia\/"},{"@type":"ListItem","position":3,"name":"I nostri partner scientifici"}]},{"@type":"WebSite","@id":"https:\/\/www.elicit-plant.com\/it\/#website","url":"https:\/\/www.elicit-plant.com\/it\/","name":"Elicit Plant Italia","description":"","potentialAction":[{"@type":"SearchAction","target":{"@type":"EntryPoint","urlTemplate":"https:\/\/www.elicit-plant.com\/it\/?s={search_term_string}"},"query-input":{"@type":"PropertyValueSpecification","valueRequired":true,"valueName":"search_term_string"}}],"inLanguage":"it-IT"}]}},"_links":{"self":[{"href":"https:\/\/www.elicit-plant.com\/it\/wp-json\/wp\/v2\/pages\/218","targetHints":{"allow":["GET"]}}],"collection":[{"href":"https:\/\/www.elicit-plant.com\/it\/wp-json\/wp\/v2\/pages"}],"about":[{"href":"https:\/\/www.elicit-plant.com\/it\/wp-json\/wp\/v2\/types\/page"}],"author":[{"embeddable":true,"href":"https:\/\/www.elicit-plant.com\/it\/wp-json\/wp\/v2\/users\/6"}],"replies":[{"embeddable":true,"href":"https:\/\/www.elicit-plant.com\/it\/wp-json\/wp\/v2\/comments?post=218"}],"version-history":[{"count":7,"href":"https:\/\/www.elicit-plant.com\/it\/wp-json\/wp\/v2\/pages\/218\/revisions"}],"predecessor-version":[{"id":640,"href":"https:\/\/www.elicit-plant.com\/it\/wp-json\/wp\/v2\/pages\/218\/revisions\/640"}],"up":[{"embeddable":true,"href":"https:\/\/www.elicit-plant.com\/it\/wp-json\/wp\/v2\/pages\/216"}],"wp:attachment":[{"href":"https:\/\/www.elicit-plant.com\/it\/wp-json\/wp\/v2\/media?parent=218"}],"curies":[{"name":"wp","href":"https:\/\/api.w.org\/{rel}","templated":true}]}}