{"id":220,"date":"2025-07-15T11:20:23","date_gmt":"2025-07-15T09:20:23","guid":{"rendered":"https:\/\/www.elicit-plant.com\/it\/?page_id=220"},"modified":"2025-08-12T09:55:53","modified_gmt":"2025-08-12T07:55:53","slug":"piattaforma-tecnologica-eliterra","status":"publish","type":"page","link":"https:\/\/www.elicit-plant.com\/it\/scienza-e-tecnologia\/piattaforma-tecnologica-eliterra\/","title":{"rendered":"Piattaforma tecnologica EliTerra\u00ae"},"content":{"rendered":"<section class=\"cbo-hero cbo-margin-container hero--colorgreen\" data-anim-group>\n\t<div class=\"cbo-breadcrumbs breadcrumbs--normal\">\n  <div class=\"breadcrumbs-inner\">\n    <span><span><a href=\"https:\/\/www.elicit-plant.com\/it\/\">Pagina iniziale<\/a><\/span><\/span>\t<\/div>\n<\/div>\n\t<div class=\"hero-inner cbo-container container--padding\">\n\n\t\t<div class=\"hero-shapes\">\n\t\t\t<div class=\"shapes-color scale-up\"><\/div>\n\n\t\t\t<div class=\"shapes-picture cbo-picture-cover scale-up\"  data-delay=\"450\">\n\t\t\t\t\t\t\t<\/div>\n\t\t<\/div>\n\n\t\t<div class=\"hero-content cbo-cms cms--large cms--white\">\n\t\t\t<div class=\"content-text\">\n\t\t\t\t<h1 class=\"hero-title cbo-heading slide-down\">\n\t\t\t\t\tLa piattaforma di ricerca EliTerra\u00ae\t\t\t\t<\/h1>\n\n\t\t\t\t\t\t\t<\/div>\n\t\t<\/div>\n\n\t<\/div>\n<\/section>\n\n<section class=\"cbo-text cbo-margin-container\">\n    <div class=\"\n        text-inner\n                cbo-container\n        container--small        \"\n    >\n        <div class=\"text-content cbo-cms cms--large\">\n            <p><img loading=\"lazy\" decoding=\"async\" class=\"\" src=\"https:\/\/www.elicit-plant.com\/wp-content\/uploads\/2024\/02\/EliTerra-Logo-transparent.png\" alt=\"EliTerra, Technologic Platform\" width=\"609\" height=\"149\" \/><\/p>\n<h2><strong>EliTerra, la piattaforma tecnologica di Elicit Plant<\/strong><\/h2>\n\n            <div style=\"clear: both;\"><\/div>\n        <\/div>\n    <\/div>\n<\/section>\n\n\n<section class=\"cbo-picture picture--contained\">\n\t<div class=\"picture-inner cbo-container container--small\">\n\t\t<div class=\"picture-element cbo-picture-cover\">\n\t\t\t<img decoding=\"async\" src=\"https:\/\/www.elicit-plant.com\/app\/uploads\/sites\/14\/2025\/07\/Eliterra-Platform-IT-26.02.24-1024x566.jpg\" srcset=\"https:\/\/www.elicit-plant.com\/app\/uploads\/sites\/14\/2025\/07\/Eliterra-Platform-IT-26.02.24-320x177.jpg 320w, https:\/\/www.elicit-plant.com\/app\/uploads\/sites\/14\/2025\/07\/Eliterra-Platform-IT-26.02.24-768x425.jpg 840w, https:\/\/www.elicit-plant.com\/app\/uploads\/sites\/14\/2025\/07\/Eliterra-Platform-IT-26.02.24-1024x566.jpg 1024w, https:\/\/www.elicit-plant.com\/app\/uploads\/sites\/14\/2025\/07\/Eliterra-Platform-IT-26.02.24-1400x774.jpg 1400w\" class=\"\" alt=\"EliTerra La piattaforma tecnologica Elicit Plant\" width=\"1024\" height=\"566\" sizes=\"auto, 100vw\" loading=\"lazy\" \/>\t\t<\/div>\n\n\t\t\t<\/div>\n<\/section>\n\n<section class=\"cbo-textpicture textpicture--reverse\">\n    <div class=\"textpicture-inner cbo-container container--small\">\n\n        <div class=\"textpicture-picture\">\n            <div class=\"picture-inner cbo-picture-cover\">\n                <img decoding=\"async\" src=\"https:\/\/www.elicit-plant.com\/app\/uploads\/sites\/14\/2025\/07\/close-up-icture-of-stomates-320x320.jpg\" srcset=\"https:\/\/www.elicit-plant.com\/app\/uploads\/sites\/14\/2025\/07\/close-up-icture-of-stomates-320x320.jpg 320w, https:\/\/www.elicit-plant.com\/app\/uploads\/sites\/14\/2025\/07\/close-up-icture-of-stomates.jpg 768w, https:\/\/www.elicit-plant.com\/app\/uploads\/sites\/14\/2025\/07\/close-up-icture-of-stomates.jpg 1024w\" class=\"\" alt=\"Micrografia degli stomi\" width=\"320\" height=\"320\" sizes=\"auto, 100vw\" loading=\"lazy\" \/>            <\/div>\n        <\/div>\n\n        <div class=\"textpicture-content cbo-cms cms--large\">\n                            <picture class=\"content-icon cbo-picture-contain\">\n                    <img decoding=\"async\" src=\"https:\/\/www.elicit-plant.com\/app\/uploads\/sites\/14\/2025\/07\/icon.svg\"  class=\"\" alt=\"icona\" width=\"1\" height=\"1\" sizes=\"auto, 100vw\" loading=\"lazy\" \/>                <\/picture>\n            \n            \n            <p class=\"cbo-chapo\">Un grande potenziale di ricerca<\/p>\n<ul>\n<li>Esiste una moltitudine di fitosteroli e ogni specie vegetale ne sfrutta combinazioni diverse per rispondere allo stress.<\/li>\n<li>I nostri ricercatori selezionano e sviluppano la formulazione pi\u00f9 efficace in base alla soluzione richiesta e ai risultati che puntiamo a ottenere nei campi degli agricoltori.<\/li>\n<\/ul>\n        <\/div>\n\n    <\/div>\n<\/section>\n\n\n<section class=\"cbo-quote\">\n    <div class=\"quote-inner cbo-container container--small\">\n\n        <div class=\"quote-infos\">\n            <i class=\"icon icon-quote\"><\/i>\n\n                            BENO\u00ceT POINSSOT, RICERCATORE PRESSO UMR AGRO\u00c9COLOGIE (INRAE, UNIVERSIT\u00c0 DELLA BORGOGNA, INSTITUT AGRO DIJON)                    <\/div>\n       \n        <div class=\"quote-content cbo-title-3\">\n\t\t\tNon esiste un solo fitosterolo, ce ne sono molti. In natura se ne trovano pi\u00f9 di 200, ognuno dei quali agisce in modo specifico in base allo stress e alla specie. I fitosteroli non sono affatto una soluzione generica e universale, e la loro efficacia sulle colture dipende non solo dalla loro diversit\u00e0, ma anche da come vengono combinati e, naturalmente, dalla formulazione. La piattaforma EliTerra\u00ae presenta quindi un enorme potenziale per lo sviluppo di prodotti.\t\t<\/div>\n    <\/div>\n<\/section>\n\n<section class=\"cbo-text cbo-margin-container\">\n    <div class=\"\n        text-inner\n                cbo-container\n        container--small        \"\n    >\n        <div class=\"text-content cbo-cms cms--large\">\n            <p>Utilizzando tecnologie di analisi del metaboloma, del trascrittoma e del fenotipo, Elicit Plant conduce ricerche per selezionare principi attivi naturali mirati agli stress ambientali.<\/p>\n<p>Nei laboratori e nelle camere di coltivazione di Elicit Plant, gli scienziati e gli agronomi lavorano insieme per <strong>analizzare diverse combinazioni di fitosteroli<\/strong>, capire come funzionano i nostri principi attivi e identificare i processi fisici e biologici su cui agiscono le sostanze a base di fitosteroli.<\/p>\n<p>La <strong>piattaforma tecnologica EliTerra\u00ae<\/strong> \u00e8 il risultato di questa ricerca sui <strong>fitosteroli e sul ruolo che rivestono nella resistenza agli stress delle colture da pieno campo<\/strong> (mais, grano, orzo, girasole, soia ecc.).<\/p>\n\n            <div style=\"clear: both;\"><\/div>\n        <\/div>\n    <\/div>\n<\/section>\n\n\n<section class=\"cbo-textpicture textpicture--normal\">\n    <div class=\"textpicture-inner cbo-container container--small\">\n\n        <div class=\"textpicture-picture\">\n            <div class=\"picture-inner cbo-picture-cover\">\n                <img decoding=\"async\" src=\"https:\/\/www.elicit-plant.com\/app\/uploads\/sites\/14\/2025\/07\/Phytosterols-multiples-768x768-1-320x320.jpg\" srcset=\"https:\/\/www.elicit-plant.com\/app\/uploads\/sites\/14\/2025\/07\/Phytosterols-multiples-768x768-1-320x320.jpg 320w, https:\/\/www.elicit-plant.com\/app\/uploads\/sites\/14\/2025\/07\/Phytosterols-multiples-768x768-1.jpg 768w, https:\/\/www.elicit-plant.com\/app\/uploads\/sites\/14\/2025\/07\/Phytosterols-multiples-768x768-1.jpg 1024w\" class=\"\" alt=\"Illustrazione dei fitosteroli\" width=\"320\" height=\"320\" sizes=\"auto, 100vw\" loading=\"lazy\" \/>            <\/div>\n        <\/div>\n\n        <div class=\"textpicture-content cbo-cms cms--large\">\n            \n            \n            <ul>\n<li>Il processo di scoperta e validazione utilizzato dai laboratori di Elicit Plant e dai suoi partner scientifici ha portato all&#8217;identificazione di nuove formulazioni composte da diversi fitosteroli per combattere in modo specifico ed efficace l&#8217;impatto del cambiamento climatico su diverse colture da pieno campo.<\/li>\n<li>Il potenziale della piattaforma tecnologica EliTerra\u00ae per lo sviluppo di nuovi prodotti mirati per diversi tipi di stress e diverse specie \u00e8 enorme. La gamma di prodotti che ne deriver\u00e0 ci consentir\u00e0 di estendere la nostra offerta a un&#8217;ampia variet\u00e0 di colture in tutti i continenti.<\/li>\n<\/ul>\n        <\/div>\n\n    <\/div>\n<\/section>\n\n<section class=\"cbo-featuredlinks featuredlinks--colorwhite\">\n\t<div class=\"featuredlinks-inner cbo-container \">\n\n\t\t\t\t\t<h2 class=\"cbo-title-2 featuredlinks-title\">\n\t\t\t\tPer saperne di pi\u00f9 sulle nostra ricerche\t\t\t<\/h2>\n\t\t\n\t\t<div class=\"featuredlinks-list\" data-anim-group data-group-delay=\"100\">\n\t\t\t\n\t\t\t<div class=\"list-el\">\n\t\t\t\t<a class=\"el-inner\" href=\"https:\/\/www.elicit-plant.com\/it\/scienza-e-tecnologia\/\">\n\n\t\t\t\t\t<figure class=\"inner-picture cbo-picture-cover\">\n\t\t\t\t\t\t<img decoding=\"async\" src=\"https:\/\/www.elicit-plant.com\/app\/uploads\/sites\/14\/2025\/07\/close-up-icture-of-stomates.jpg\" srcset=\"https:\/\/www.elicit-plant.com\/app\/uploads\/sites\/14\/2025\/07\/close-up-icture-of-stomates-320x320.jpg 320w, https:\/\/www.elicit-plant.com\/app\/uploads\/sites\/14\/2025\/07\/close-up-icture-of-stomates.jpg 840w, https:\/\/www.elicit-plant.com\/app\/uploads\/sites\/14\/2025\/07\/close-up-icture-of-stomates.jpg 1024w, https:\/\/www.elicit-plant.com\/app\/uploads\/sites\/14\/2025\/07\/close-up-icture-of-stomates.jpg 1400w\" class=\"\" alt=\"Micrografia degli stomi\" width=\"456\" height=\"456\" sizes=\"auto, 100vw\" loading=\"lazy\" \/>\t\t\t\t\t<\/figure>\n\n\t\t\t\t\t<h3 class=\"inner-title cbo-title-3\">\n\t\t\t\t\t\tMaggiori informazioni sui fitosteroli\t\t\t\t\t<\/h3>\n\n\t\t\t\t\t<span class=\"inner-button cbo-buttonmore\">\n\t\t\t\t\t\t<i class=\"icon icon-cross\"><\/i>\n\t\t\t\t\t<\/span>\n\t\t\t\t<\/a>\n\t\t\t<\/div>\n\n\t\t\t\n\t\t\t<div class=\"list-el\">\n\t\t\t\t<a class=\"el-inner\" href=\"https:\/\/www.elicit-plant.com\/it\/scienza-e-tecnologia\/i-nostri-partner-scientifici\/\">\n\n\t\t\t\t\t<figure class=\"inner-picture cbo-picture-cover\">\n\t\t\t\t\t\t<img decoding=\"async\" src=\"https:\/\/www.elicit-plant.com\/app\/uploads\/sites\/14\/2025\/07\/img-distributeurs-bloc-2-1.jpg\" srcset=\"https:\/\/www.elicit-plant.com\/app\/uploads\/sites\/14\/2025\/07\/img-distributeurs-bloc-2-1-320x205.jpg 320w, https:\/\/www.elicit-plant.com\/app\/uploads\/sites\/14\/2025\/07\/img-distributeurs-bloc-2-1.jpg 840w, https:\/\/www.elicit-plant.com\/app\/uploads\/sites\/14\/2025\/07\/img-distributeurs-bloc-2-1.jpg 1024w, https:\/\/www.elicit-plant.com\/app\/uploads\/sites\/14\/2025\/07\/img-distributeurs-bloc-2-1.jpg 1400w\" class=\"\" alt=\"Collaborazione e stretta di mano tra agricoltori\" width=\"624\" height=\"400\" sizes=\"auto, 100vw\" loading=\"lazy\" \/>\t\t\t\t\t<\/figure>\n\n\t\t\t\t\t<h3 class=\"inner-title cbo-title-3\">\n\t\t\t\t\t\tLe nostre collaborazioni scientifiche\t\t\t\t\t<\/h3>\n\n\t\t\t\t\t<span class=\"inner-button cbo-buttonmore\">\n\t\t\t\t\t\t<i class=\"icon icon-cross\"><\/i>\n\t\t\t\t\t<\/span>\n\t\t\t\t<\/a>\n\t\t\t<\/div>\n\n\t\t\t\t\t<\/div>\n\n\t<\/div>\n<\/section>\n","protected":false},"excerpt":{"rendered":"<p>EliTerra, la piattaforma tecnologica di Elicit Plant Un grande potenziale di ricerca Esiste una moltitudine di fitosteroli e ogni specie vegetale ne sfrutta combinazioni diverse per rispondere allo stress. I nostri ricercatori selezionano e sviluppano la formulazione pi\u00f9 efficace in base alla soluzione richiesta e ai risultati che puntiamo a ottenere nei campi degli agricoltori. Utilizzando tecnologie di analisi del metaboloma, del trascrittoma e del fenotipo, Elicit Plant conduce ricerche per selezionare principi attivi naturali mirati agli stress ambientali. Nei laboratori e nelle camere di coltivazione di Elicit Plant, gli scienziati e gli agronomi lavorano insieme per analizzare diverse combinazioni di fitosteroli, capire come funzionano i nostri principi attivi e identificare i processi fisici e biologici su cui agiscono le sostanze a base di fitosteroli. La piattaforma tecnologica EliTerra\u00ae \u00e8 il risultato di questa ricerca sui fitosteroli e sul ruolo che rivestono nella&#8230;<\/p>\n","protected":false},"author":6,"featured_media":0,"parent":216,"menu_order":0,"comment_status":"closed","ping_status":"closed","template":"","meta":{"_acf_changed":false,"footnotes":""},"class_list":["post-220","page","type-page","status-publish","hentry"],"acf":[],"yoast_head":"<!-- This site is optimized with the Yoast SEO plugin v27.3 - https:\/\/yoast.com\/product\/yoast-seo-wordpress\/ -->\n<title>Piattaforma tecnologica EliTerra\u00ae - Elicit Plant Italia<\/title>\n<meta name=\"description\" content=\"Scopri EliTerra\u00ae, frutto della ricerca sui fitosteroli e sul loro ruolo nella resistenza agli stress delle colture da campo (mais, grano, orzo, girasole, soia, ecc.).\" \/>\n<meta name=\"robots\" content=\"index, follow, max-snippet:-1, max-image-preview:large, max-video-preview:-1\" \/>\n<link rel=\"canonical\" href=\"https:\/\/www.elicit-plant.com\/it\/scienza-e-tecnologia\/piattaforma-tecnologica-eliterra\/\" \/>\n<meta property=\"og:locale\" content=\"it_IT\" \/>\n<meta property=\"og:type\" content=\"article\" \/>\n<meta property=\"og:title\" content=\"Piattaforma tecnologica EliTerra\u00ae - Elicit Plant Italia\" \/>\n<meta property=\"og:description\" content=\"Scopri EliTerra\u00ae, frutto della ricerca sui fitosteroli e sul loro ruolo nella resistenza agli stress delle colture da campo (mais, grano, orzo, girasole, soia, ecc.).\" \/>\n<meta property=\"og:url\" content=\"https:\/\/www.elicit-plant.com\/it\/scienza-e-tecnologia\/piattaforma-tecnologica-eliterra\/\" \/>\n<meta property=\"og:site_name\" content=\"Elicit Plant Italia\" \/>\n<meta property=\"article:modified_time\" content=\"2025-08-12T07:55:53+00:00\" \/>\n<meta name=\"twitter:card\" content=\"summary_large_image\" \/>\n<script type=\"application\/ld+json\" class=\"yoast-schema-graph\">{\"@context\":\"https:\\\/\\\/schema.org\",\"@graph\":[{\"@type\":\"WebPage\",\"@id\":\"https:\\\/\\\/www.elicit-plant.com\\\/it\\\/scienza-e-tecnologia\\\/piattaforma-tecnologica-eliterra\\\/\",\"url\":\"https:\\\/\\\/www.elicit-plant.com\\\/it\\\/scienza-e-tecnologia\\\/piattaforma-tecnologica-eliterra\\\/\",\"name\":\"Piattaforma tecnologica EliTerra\u00ae - Elicit Plant Italia\",\"isPartOf\":{\"@id\":\"https:\\\/\\\/www.elicit-plant.com\\\/it\\\/#website\"},\"datePublished\":\"2025-07-15T09:20:23+00:00\",\"dateModified\":\"2025-08-12T07:55:53+00:00\",\"description\":\"Scopri EliTerra\u00ae, frutto della ricerca sui fitosteroli e sul loro ruolo nella resistenza agli stress delle colture da campo (mais, grano, orzo, girasole, soia, ecc.).\",\"breadcrumb\":{\"@id\":\"https:\\\/\\\/www.elicit-plant.com\\\/it\\\/scienza-e-tecnologia\\\/piattaforma-tecnologica-eliterra\\\/#breadcrumb\"},\"inLanguage\":\"it-IT\",\"potentialAction\":[{\"@type\":\"ReadAction\",\"target\":[\"https:\\\/\\\/www.elicit-plant.com\\\/it\\\/scienza-e-tecnologia\\\/piattaforma-tecnologica-eliterra\\\/\"]}]},{\"@type\":\"BreadcrumbList\",\"@id\":\"https:\\\/\\\/www.elicit-plant.com\\\/it\\\/scienza-e-tecnologia\\\/piattaforma-tecnologica-eliterra\\\/#breadcrumb\",\"itemListElement\":[{\"@type\":\"ListItem\",\"position\":1,\"name\":\"Pagina iniziale\",\"item\":\"https:\\\/\\\/www.elicit-plant.com\\\/it\\\/\"},{\"@type\":\"ListItem\",\"position\":2,\"name\":\"Scienza e Tecnologia\",\"item\":\"https:\\\/\\\/www.elicit-plant.com\\\/it\\\/scienza-e-tecnologia\\\/\"},{\"@type\":\"ListItem\",\"position\":3,\"name\":\"Piattaforma tecnologica EliTerra\u00ae\"}]},{\"@type\":\"WebSite\",\"@id\":\"https:\\\/\\\/www.elicit-plant.com\\\/it\\\/#website\",\"url\":\"https:\\\/\\\/www.elicit-plant.com\\\/it\\\/\",\"name\":\"Elicit Plant Italia\",\"description\":\"\",\"potentialAction\":[{\"@type\":\"SearchAction\",\"target\":{\"@type\":\"EntryPoint\",\"urlTemplate\":\"https:\\\/\\\/www.elicit-plant.com\\\/it\\\/?s={search_term_string}\"},\"query-input\":{\"@type\":\"PropertyValueSpecification\",\"valueRequired\":true,\"valueName\":\"search_term_string\"}}],\"inLanguage\":\"it-IT\"}]}<\/script>\n<!-- \/ Yoast SEO plugin. -->","yoast_head_json":{"title":"Piattaforma tecnologica EliTerra\u00ae - Elicit Plant Italia","description":"Scopri EliTerra\u00ae, frutto della ricerca sui fitosteroli e sul loro ruolo nella resistenza agli stress delle colture da campo (mais, grano, orzo, girasole, soia, ecc.).","robots":{"index":"index","follow":"follow","max-snippet":"max-snippet:-1","max-image-preview":"max-image-preview:large","max-video-preview":"max-video-preview:-1"},"canonical":"https:\/\/www.elicit-plant.com\/it\/scienza-e-tecnologia\/piattaforma-tecnologica-eliterra\/","og_locale":"it_IT","og_type":"article","og_title":"Piattaforma tecnologica EliTerra\u00ae - Elicit Plant Italia","og_description":"Scopri EliTerra\u00ae, frutto della ricerca sui fitosteroli e sul loro ruolo nella resistenza agli stress delle colture da campo (mais, grano, orzo, girasole, soia, ecc.).","og_url":"https:\/\/www.elicit-plant.com\/it\/scienza-e-tecnologia\/piattaforma-tecnologica-eliterra\/","og_site_name":"Elicit Plant Italia","article_modified_time":"2025-08-12T07:55:53+00:00","twitter_card":"summary_large_image","schema":{"@context":"https:\/\/schema.org","@graph":[{"@type":"WebPage","@id":"https:\/\/www.elicit-plant.com\/it\/scienza-e-tecnologia\/piattaforma-tecnologica-eliterra\/","url":"https:\/\/www.elicit-plant.com\/it\/scienza-e-tecnologia\/piattaforma-tecnologica-eliterra\/","name":"Piattaforma tecnologica EliTerra\u00ae - Elicit Plant Italia","isPartOf":{"@id":"https:\/\/www.elicit-plant.com\/it\/#website"},"datePublished":"2025-07-15T09:20:23+00:00","dateModified":"2025-08-12T07:55:53+00:00","description":"Scopri EliTerra\u00ae, frutto della ricerca sui fitosteroli e sul loro ruolo nella resistenza agli stress delle colture da campo (mais, grano, orzo, girasole, soia, ecc.).","breadcrumb":{"@id":"https:\/\/www.elicit-plant.com\/it\/scienza-e-tecnologia\/piattaforma-tecnologica-eliterra\/#breadcrumb"},"inLanguage":"it-IT","potentialAction":[{"@type":"ReadAction","target":["https:\/\/www.elicit-plant.com\/it\/scienza-e-tecnologia\/piattaforma-tecnologica-eliterra\/"]}]},{"@type":"BreadcrumbList","@id":"https:\/\/www.elicit-plant.com\/it\/scienza-e-tecnologia\/piattaforma-tecnologica-eliterra\/#breadcrumb","itemListElement":[{"@type":"ListItem","position":1,"name":"Pagina iniziale","item":"https:\/\/www.elicit-plant.com\/it\/"},{"@type":"ListItem","position":2,"name":"Scienza e Tecnologia","item":"https:\/\/www.elicit-plant.com\/it\/scienza-e-tecnologia\/"},{"@type":"ListItem","position":3,"name":"Piattaforma tecnologica EliTerra\u00ae"}]},{"@type":"WebSite","@id":"https:\/\/www.elicit-plant.com\/it\/#website","url":"https:\/\/www.elicit-plant.com\/it\/","name":"Elicit Plant Italia","description":"","potentialAction":[{"@type":"SearchAction","target":{"@type":"EntryPoint","urlTemplate":"https:\/\/www.elicit-plant.com\/it\/?s={search_term_string}"},"query-input":{"@type":"PropertyValueSpecification","valueRequired":true,"valueName":"search_term_string"}}],"inLanguage":"it-IT"}]}},"_links":{"self":[{"href":"https:\/\/www.elicit-plant.com\/it\/wp-json\/wp\/v2\/pages\/220","targetHints":{"allow":["GET"]}}],"collection":[{"href":"https:\/\/www.elicit-plant.com\/it\/wp-json\/wp\/v2\/pages"}],"about":[{"href":"https:\/\/www.elicit-plant.com\/it\/wp-json\/wp\/v2\/types\/page"}],"author":[{"embeddable":true,"href":"https:\/\/www.elicit-plant.com\/it\/wp-json\/wp\/v2\/users\/6"}],"replies":[{"embeddable":true,"href":"https:\/\/www.elicit-plant.com\/it\/wp-json\/wp\/v2\/comments?post=220"}],"version-history":[{"count":5,"href":"https:\/\/www.elicit-plant.com\/it\/wp-json\/wp\/v2\/pages\/220\/revisions"}],"predecessor-version":[{"id":630,"href":"https:\/\/www.elicit-plant.com\/it\/wp-json\/wp\/v2\/pages\/220\/revisions\/630"}],"up":[{"embeddable":true,"href":"https:\/\/www.elicit-plant.com\/it\/wp-json\/wp\/v2\/pages\/216"}],"wp:attachment":[{"href":"https:\/\/www.elicit-plant.com\/it\/wp-json\/wp\/v2\/media?parent=220"}],"curies":[{"name":"wp","href":"https:\/\/api.w.org\/{rel}","templated":true}]}}