{"id":222,"date":"2025-07-15T11:20:41","date_gmt":"2025-07-15T09:20:41","guid":{"rendered":"https:\/\/www.elicit-plant.com\/it\/?page_id=222"},"modified":"2025-07-15T11:49:42","modified_gmt":"2025-07-15T09:49:42","slug":"cultura-e-valori","status":"publish","type":"page","link":"https:\/\/www.elicit-plant.com\/it\/cultura-e-valori\/","title":{"rendered":"Cultura e valori"},"content":{"rendered":"<section class=\"cbo-hero cbo-margin-container hero--colorgreen\" data-anim-group>\n\t<div class=\"cbo-breadcrumbs breadcrumbs--normal\">\n  <div class=\"breadcrumbs-inner\">\n    <span><span><a href=\"https:\/\/www.elicit-plant.com\/it\/\">Pagina iniziale<\/a><\/span><\/span>\t<\/div>\n<\/div>\n\t<div class=\"hero-inner cbo-container container--padding\">\n\n\t\t<div class=\"hero-shapes\">\n\t\t\t<div class=\"shapes-color scale-up\"><\/div>\n\n\t\t\t<div class=\"shapes-picture cbo-picture-cover scale-up\"  data-delay=\"450\">\n\t\t\t\t<img decoding=\"async\" src=\"https:\/\/www.elicit-plant.com\/app\/uploads\/sites\/14\/2025\/07\/Scientist-320x320.jpg\" srcset=\"https:\/\/www.elicit-plant.com\/app\/uploads\/sites\/14\/2025\/07\/Scientist-320x320.jpg 320w, https:\/\/www.elicit-plant.com\/app\/uploads\/sites\/14\/2025\/07\/Scientist.jpg 768w\" class=\"\" alt=\"\" width=\"320\" height=\"320\" sizes=\"auto, 100vw\" loading=\"lazy\" \/>\t\t\t<\/div>\n\t\t<\/div>\n\n\t\t<div class=\"hero-content cbo-cms cms--large cms--white\">\n\t\t\t<div class=\"content-text\">\n\t\t\t\t<h1 class=\"hero-title cbo-heading slide-down\">\n\t\t\t\t\tCultura e valori\t\t\t\t<\/h1>\n\n\t\t\t\t\t\t\t<\/div>\n\t\t<\/div>\n\n\t<\/div>\n<\/section>\n\n<section class=\"cbo-text cbo-margin-container\">\n    <div class=\"\n        text-inner\n                cbo-container\n        container--small        \"\n    >\n        <div class=\"text-content cbo-cms cms--large\">\n            <h2 style=\"text-align:center\"><img decoding=\"async\" class=\"aligncenter size-medium wp-image-1211\" src=\"https:\/\/www.elicit-plant.com\/wp-content\/uploads\/2024\/02\/Elicit-Plant-logo-full-color-rgb-1024x285.png\" alt=\"\" width=\"50%\" \/><\/h2>\n<h2 style=\"text-align: center;\"><strong>La nostra missione<\/strong><\/h2>\n<h3 style=\"text-align: center;\">Garantire il futuro della produzione alimentare attraverso l&#8217;innovazione scientifica a sostegno di un&#8217;agricoltura sostenibile, ecologica e responsabile.<\/h3>\n\n            <div style=\"clear: both;\"><\/div>\n        <\/div>\n    <\/div>\n<\/section>\n\n\n<section class=\"cbo-picture picture--contained\">\n\t<div class=\"picture-inner cbo-container container--small\">\n\t\t<div class=\"picture-element cbo-picture-cover\">\n\t\t\t<img decoding=\"async\" src=\"https:\/\/www.elicit-plant.com\/app\/uploads\/sites\/14\/2025\/07\/elicit-plant-est-en-phase-avec-le-plan-eau-du-gouvernement.webp\" srcset=\"https:\/\/www.elicit-plant.com\/app\/uploads\/sites\/14\/2025\/07\/elicit-plant-est-en-phase-avec-le-plan-eau-du-gouvernement-320x180.webp 320w, https:\/\/www.elicit-plant.com\/app\/uploads\/sites\/14\/2025\/07\/elicit-plant-est-en-phase-avec-le-plan-eau-du-gouvernement-768x432.webp 840w, https:\/\/www.elicit-plant.com\/app\/uploads\/sites\/14\/2025\/07\/elicit-plant-est-en-phase-avec-le-plan-eau-du-gouvernement.webp 1024w, https:\/\/www.elicit-plant.com\/app\/uploads\/sites\/14\/2025\/07\/elicit-plant-est-en-phase-avec-le-plan-eau-du-gouvernement.webp 1400w\" class=\"\" alt=\"Goccia d&#039;acqua su foglia di mais\" width=\"1000\" height=\"562\" sizes=\"auto, 100vw\" loading=\"lazy\" \/>\t\t<\/div>\n\n\t\t\t<\/div>\n<\/section>\n\n\n<section class=\"cbo-textblocks\">\n    <div class=\"textblocks-inner cbo-container\">\n\n        \t\t\t<h2 class=\"textblocks-title cbo-title-2\">\n\t\t\t\tPACE\t\t\t<\/h2>\n    \t\n\n        \t\t\t<div class=\"textblocks-chapo cbo-chapo\">\n\t\t\t\tLa comunit\u00e0 di Elicit Plant si riconosce in 4 valori condivisi, riuniti nell&#8217;acronimo PACE: Positivit\u00e0, Agilit\u00e0, Cooperazione, Entusiasmo.\t\t\t<\/div>\n    \t\n        <div class=\"textblocks-list\">\n                        \n                                    <span class=\"list-el scale-up\" data-delay=\"0\">\n                \n                    <span class=\"el-inner inner--coloryellow cbo-cms cms--white\">\n                        \n                                                    <span class=\"el-title\">\n                                Positivit\u00e0                            <\/span>\n                        \n                                                    <span class=\"el-content\">\n                                Sai come trarre il meglio da ogni situazione e i colleghi amano il tuo carattere allegro                             <\/span>\n                        \n                                            <\/span>\n\n                                    <\/span>\n                \n                        \n                                    <span class=\"list-el scale-up\" data-delay=\"100\">\n                \n                    <span class=\"el-inner inner--colorbrown cbo-cms cms--white\">\n                        \n                                                    <span class=\"el-title\">\n                                Agilit\u00e0                            <\/span>\n                        \n                                                    <span class=\"el-content\">\n                                La curiosit\u00e0 \u00e8 il tuo forte e sai adattarti                             <\/span>\n                        \n                                            <\/span>\n\n                                    <\/span>\n                \n                    <\/div>\n\n        \t\t\t<div class=\"textblocks-button\">\n\t\t\t\t\t\t\t<\/div>\n\t\t\n    <\/div>\n<\/section>\n\n\n<section class=\"cbo-textblocks\">\n    <div class=\"textblocks-inner cbo-container\">\n\n        \n\n        \n        <div class=\"textblocks-list\">\n                        \n                                    <span class=\"list-el scale-up\" data-delay=\"0\">\n                \n                    <span class=\"el-inner inner--colorbrown cbo-cms cms--white\">\n                        \n                                                    <span class=\"el-title\">\n                                Cooperazione                            <\/span>\n                        \n                                                    <span class=\"el-content\">\n                                Credi che lavorando insieme si possa ottenere di pi\u00f9                            <\/span>\n                        \n                                            <\/span>\n\n                                    <\/span>\n                \n                        \n                                    <span class=\"list-el scale-up\" data-delay=\"100\">\n                \n                    <span class=\"el-inner inner--coloryellow cbo-cms cms--white\">\n                        \n                                                    <span class=\"el-title\">\n                                Entusiasmo                            <\/span>\n                        \n                                                    <span class=\"el-content\">\n                                La tua motivazione non ammette ostacoli!                            <\/span>\n                        \n                                            <\/span>\n\n                                    <\/span>\n                \n                    <\/div>\n\n        \t\t\t<div class=\"textblocks-button\">\n\t\t\t\t\t\t\t<\/div>\n\t\t\n    <\/div>\n<\/section>\n\n\n<section class=\"cbo-checkerboard checkerboard--normal\">\n    <div class=\"checkerboard-inner\">\n\n        <div class=\"checkerboard-picture\">\n            <div class=\"picture-inner cbo-picture-cover\">\n                <img decoding=\"async\" src=\"https:\/\/www.elicit-plant.com\/app\/uploads\/sites\/14\/2025\/07\/Elicit-Plant-team-picture-320x213.jpg\" srcset=\"https:\/\/www.elicit-plant.com\/app\/uploads\/sites\/14\/2025\/07\/Elicit-Plant-team-picture-320x213.jpg 320w, https:\/\/www.elicit-plant.com\/app\/uploads\/sites\/14\/2025\/07\/Elicit-Plant-team-picture-768x512.jpg 768w, https:\/\/www.elicit-plant.com\/app\/uploads\/sites\/14\/2025\/07\/Elicit-Plant-team-picture-1024x683.jpg 1024w\" class=\"\" alt=\"Foto del team di Elicit Plant.\" width=\"320\" height=\"213\" sizes=\"auto, 100vw\" loading=\"lazy\" \/>            <\/div>\n        <\/div>\n        \n        <div class=\"checkerboard-content content--green cbo-cms cms--white\">\n            <div class=\"content-text\">\n                                    <span class=\"content-uptitle\">\n                        Momenti chiave dell&#8217;anno                    <\/span>\n                \n                <div class=\"content-title cbo-title-3\">\n                    Poich\u00e9 la coesione ha grande importanza per noi, Elicit Plant organizza una decina di incontri nel corso dell&#8217;anno, offrendo ai dipendenti l&#8217;opportunit\u00e0 di conoscersi meglio e favorendo i rapporti tra i dipartimenti.                <\/div>\n            <\/div>\n        <\/div>\n\n    <\/div>\n<\/section>\n\n\n<section class=\"cbo-checkerboard checkerboard--reverse\">\n    <div class=\"checkerboard-inner\">\n\n        <div class=\"checkerboard-picture\">\n            <div class=\"picture-inner cbo-picture-cover\">\n                <img decoding=\"async\" src=\"https:\/\/www.elicit-plant.com\/app\/uploads\/sites\/14\/2025\/07\/Photo-equipe--320x320.png\" srcset=\"https:\/\/www.elicit-plant.com\/app\/uploads\/sites\/14\/2025\/07\/Photo-equipe--320x320.png 320w, https:\/\/www.elicit-plant.com\/app\/uploads\/sites\/14\/2025\/07\/Photo-equipe--768x768.png 768w, https:\/\/www.elicit-plant.com\/app\/uploads\/sites\/14\/2025\/07\/Photo-equipe--1024x1024.png 1024w\" class=\"\" alt=\"Collaboratori di Elicit Plant\" width=\"320\" height=\"320\" sizes=\"auto, 100vw\" loading=\"lazy\" \/>            <\/div>\n        <\/div>\n        \n        <div class=\"checkerboard-content content--green cbo-cms cms--white\">\n            <div class=\"content-text\">\n                \n                <div class=\"content-title cbo-title-3\">\n                    Ogni anno, tutti i dipendenti sono invitati a:<br \/>\r\n<br \/>\r\nUn seminario aziendale<br \/>\r\n<br \/>\r\nDei momenti di condivisione e scambio tra team di ricerca, di vendita e interfunzionali<br \/>\r\n<br \/>\r\nGiornate di inserimento per accogliere i nuovi arrivati nel migliore dei modi.                <\/div>\n            <\/div>\n        <\/div>\n\n    <\/div>\n<\/section>","protected":false},"excerpt":{"rendered":"<p>La nostra missione Garantire il futuro della produzione alimentare attraverso l&#8217;innovazione scientifica a sostegno di un&#8217;agricoltura sostenibile, ecologica e responsabile.<\/p>\n","protected":false},"author":6,"featured_media":0,"parent":0,"menu_order":0,"comment_status":"closed","ping_status":"closed","template":"","meta":{"_acf_changed":false,"footnotes":""},"class_list":["post-222","page","type-page","status-publish","hentry"],"acf":[],"yoast_head":"<!-- This site is optimized with the Yoast SEO plugin v27.3 - https:\/\/yoast.com\/product\/yoast-seo-wordpress\/ -->\n<title>Cultura e valori - Elicit Plant Italia<\/title>\n<meta name=\"description\" content=\"Vogliamo garantire che sia possibile continuare a produrre risorse alimentari attraverso l&#039;innovazione scientifica al servizio di un&#039;agricoltura sostenibile, ecologica e responsabile.\" \/>\n<meta name=\"robots\" content=\"index, follow, max-snippet:-1, max-image-preview:large, max-video-preview:-1\" \/>\n<link rel=\"canonical\" href=\"https:\/\/www.elicit-plant.com\/it\/cultura-e-valori\/\" \/>\n<meta property=\"og:locale\" content=\"it_IT\" \/>\n<meta property=\"og:type\" content=\"article\" \/>\n<meta property=\"og:title\" content=\"Cultura e valori - Elicit Plant Italia\" \/>\n<meta property=\"og:description\" content=\"Vogliamo garantire che sia possibile continuare a produrre risorse alimentari attraverso l&#039;innovazione scientifica al servizio di un&#039;agricoltura sostenibile, ecologica e responsabile.\" \/>\n<meta property=\"og:url\" content=\"https:\/\/www.elicit-plant.com\/it\/cultura-e-valori\/\" \/>\n<meta property=\"og:site_name\" content=\"Elicit Plant Italia\" \/>\n<meta property=\"article:modified_time\" content=\"2025-07-15T09:49:42+00:00\" \/>\n<meta name=\"twitter:card\" content=\"summary_large_image\" \/>\n<script type=\"application\/ld+json\" class=\"yoast-schema-graph\">{\"@context\":\"https:\\\/\\\/schema.org\",\"@graph\":[{\"@type\":\"WebPage\",\"@id\":\"https:\\\/\\\/www.elicit-plant.com\\\/it\\\/cultura-e-valori\\\/\",\"url\":\"https:\\\/\\\/www.elicit-plant.com\\\/it\\\/cultura-e-valori\\\/\",\"name\":\"Cultura e valori - Elicit Plant Italia\",\"isPartOf\":{\"@id\":\"https:\\\/\\\/www.elicit-plant.com\\\/it\\\/#website\"},\"datePublished\":\"2025-07-15T09:20:41+00:00\",\"dateModified\":\"2025-07-15T09:49:42+00:00\",\"description\":\"Vogliamo garantire che sia possibile continuare a produrre risorse alimentari attraverso l'innovazione scientifica al servizio di un'agricoltura sostenibile, ecologica e responsabile.\",\"breadcrumb\":{\"@id\":\"https:\\\/\\\/www.elicit-plant.com\\\/it\\\/cultura-e-valori\\\/#breadcrumb\"},\"inLanguage\":\"it-IT\",\"potentialAction\":[{\"@type\":\"ReadAction\",\"target\":[\"https:\\\/\\\/www.elicit-plant.com\\\/it\\\/cultura-e-valori\\\/\"]}]},{\"@type\":\"BreadcrumbList\",\"@id\":\"https:\\\/\\\/www.elicit-plant.com\\\/it\\\/cultura-e-valori\\\/#breadcrumb\",\"itemListElement\":[{\"@type\":\"ListItem\",\"position\":1,\"name\":\"Pagina iniziale\",\"item\":\"https:\\\/\\\/www.elicit-plant.com\\\/it\\\/\"},{\"@type\":\"ListItem\",\"position\":2,\"name\":\"Cultura e valori\"}]},{\"@type\":\"WebSite\",\"@id\":\"https:\\\/\\\/www.elicit-plant.com\\\/it\\\/#website\",\"url\":\"https:\\\/\\\/www.elicit-plant.com\\\/it\\\/\",\"name\":\"Elicit Plant Italia\",\"description\":\"\",\"potentialAction\":[{\"@type\":\"SearchAction\",\"target\":{\"@type\":\"EntryPoint\",\"urlTemplate\":\"https:\\\/\\\/www.elicit-plant.com\\\/it\\\/?s={search_term_string}\"},\"query-input\":{\"@type\":\"PropertyValueSpecification\",\"valueRequired\":true,\"valueName\":\"search_term_string\"}}],\"inLanguage\":\"it-IT\"}]}<\/script>\n<!-- \/ Yoast SEO plugin. -->","yoast_head_json":{"title":"Cultura e valori - Elicit Plant Italia","description":"Vogliamo garantire che sia possibile continuare a produrre risorse alimentari attraverso l'innovazione scientifica al servizio di un'agricoltura sostenibile, ecologica e responsabile.","robots":{"index":"index","follow":"follow","max-snippet":"max-snippet:-1","max-image-preview":"max-image-preview:large","max-video-preview":"max-video-preview:-1"},"canonical":"https:\/\/www.elicit-plant.com\/it\/cultura-e-valori\/","og_locale":"it_IT","og_type":"article","og_title":"Cultura e valori - Elicit Plant Italia","og_description":"Vogliamo garantire che sia possibile continuare a produrre risorse alimentari attraverso l'innovazione scientifica al servizio di un'agricoltura sostenibile, ecologica e responsabile.","og_url":"https:\/\/www.elicit-plant.com\/it\/cultura-e-valori\/","og_site_name":"Elicit Plant Italia","article_modified_time":"2025-07-15T09:49:42+00:00","twitter_card":"summary_large_image","schema":{"@context":"https:\/\/schema.org","@graph":[{"@type":"WebPage","@id":"https:\/\/www.elicit-plant.com\/it\/cultura-e-valori\/","url":"https:\/\/www.elicit-plant.com\/it\/cultura-e-valori\/","name":"Cultura e valori - Elicit Plant Italia","isPartOf":{"@id":"https:\/\/www.elicit-plant.com\/it\/#website"},"datePublished":"2025-07-15T09:20:41+00:00","dateModified":"2025-07-15T09:49:42+00:00","description":"Vogliamo garantire che sia possibile continuare a produrre risorse alimentari attraverso l'innovazione scientifica al servizio di un'agricoltura sostenibile, ecologica e responsabile.","breadcrumb":{"@id":"https:\/\/www.elicit-plant.com\/it\/cultura-e-valori\/#breadcrumb"},"inLanguage":"it-IT","potentialAction":[{"@type":"ReadAction","target":["https:\/\/www.elicit-plant.com\/it\/cultura-e-valori\/"]}]},{"@type":"BreadcrumbList","@id":"https:\/\/www.elicit-plant.com\/it\/cultura-e-valori\/#breadcrumb","itemListElement":[{"@type":"ListItem","position":1,"name":"Pagina iniziale","item":"https:\/\/www.elicit-plant.com\/it\/"},{"@type":"ListItem","position":2,"name":"Cultura e valori"}]},{"@type":"WebSite","@id":"https:\/\/www.elicit-plant.com\/it\/#website","url":"https:\/\/www.elicit-plant.com\/it\/","name":"Elicit Plant Italia","description":"","potentialAction":[{"@type":"SearchAction","target":{"@type":"EntryPoint","urlTemplate":"https:\/\/www.elicit-plant.com\/it\/?s={search_term_string}"},"query-input":{"@type":"PropertyValueSpecification","valueRequired":true,"valueName":"search_term_string"}}],"inLanguage":"it-IT"}]}},"_links":{"self":[{"href":"https:\/\/www.elicit-plant.com\/it\/wp-json\/wp\/v2\/pages\/222","targetHints":{"allow":["GET"]}}],"collection":[{"href":"https:\/\/www.elicit-plant.com\/it\/wp-json\/wp\/v2\/pages"}],"about":[{"href":"https:\/\/www.elicit-plant.com\/it\/wp-json\/wp\/v2\/types\/page"}],"author":[{"embeddable":true,"href":"https:\/\/www.elicit-plant.com\/it\/wp-json\/wp\/v2\/users\/6"}],"replies":[{"embeddable":true,"href":"https:\/\/www.elicit-plant.com\/it\/wp-json\/wp\/v2\/comments?post=222"}],"version-history":[{"count":4,"href":"https:\/\/www.elicit-plant.com\/it\/wp-json\/wp\/v2\/pages\/222\/revisions"}],"predecessor-version":[{"id":243,"href":"https:\/\/www.elicit-plant.com\/it\/wp-json\/wp\/v2\/pages\/222\/revisions\/243"}],"wp:attachment":[{"href":"https:\/\/www.elicit-plant.com\/it\/wp-json\/wp\/v2\/media?parent=222"}],"curies":[{"name":"wp","href":"https:\/\/api.w.org\/{rel}","templated":true}]}}