{"id":1073,"date":"2025-10-07T14:55:48","date_gmt":"2025-10-07T12:55:48","guid":{"rendered":"https:\/\/www.elicit-plant.com\/pl\/?page_id=1073"},"modified":"2025-10-07T14:55:48","modified_gmt":"2025-10-07T12:55:48","slug":"karcie-plikow-cookie","status":"publish","type":"page","link":"https:\/\/www.elicit-plant.com\/pl\/karcie-plikow-cookie\/","title":{"rendered":"Karcie plik\u00f3w cookie"},"content":{"rendered":"<section class=\"cbo-heropicture\" data-anim-group>\n\t<div class=\"cbo-breadcrumbs breadcrumbs--normal\">\n  <div class=\"breadcrumbs-inner\">\n    <span><span><a href=\"https:\/\/www.elicit-plant.com\/pl\/\">Strona g\u0142\u00f3wna<\/a><\/span><\/span>\t<\/div>\n<\/div>\n\t<div class=\"heropicture-picture cbo-picture-cover\">\n\t\t<img decoding=\"async\" src=\"https:\/\/www.elicit-plant.com\/app\/uploads\/sites\/6\/2025\/06\/Efficient-Water-Use-1024x683.jpg\" srcset=\"https:\/\/www.elicit-plant.com\/app\/uploads\/sites\/6\/2025\/06\/Efficient-Water-Use-320x213.jpg 320w, https:\/\/www.elicit-plant.com\/app\/uploads\/sites\/6\/2025\/06\/Efficient-Water-Use-768x512.jpg 768w, https:\/\/www.elicit-plant.com\/app\/uploads\/sites\/6\/2025\/06\/Efficient-Water-Use-1024x683.jpg 1024w, https:\/\/www.elicit-plant.com\/app\/uploads\/sites\/6\/2025\/06\/Efficient-Water-Use-1400x933.jpg 1280w, https:\/\/www.elicit-plant.com\/app\/uploads\/sites\/6\/2025\/06\/Efficient-Water-Use.jpg 1920w\" class=\"\" alt=\"\" width=\"1024\" height=\"683\" sizes=\"auto, 100vw\" loading=\"lazy\" \/>\t<\/div>\n\n\t<div class=\"heropicture-inner cbo-container container--small container--padding\">\n\t\t<div class=\"heropicture-content\">\n\n\t\t\t\n\t\t\t<h1 class=\"content-title cbo-title-2 slide-down\">\n\t\t\t\tKarcie plik\u00f3w cookie\t\t\t<\/h1>\n\t\t<\/div>\n\t<\/div>\n<\/section>\n\n<section class=\"cbo-text cbo-margin-container\">\n    <div class=\"\n        text-inner\n                cbo-container\n        container--small        \"\n    >\n        <div class=\"text-content cbo-cms cms--large\">\n            <h2>JAK SKONFIGUROWA\u0106 PLIKI COOKIE U\u017bYWANE NA STRONIE?<\/h2>\n<p>Niniejsza sekcja wyja\u015bnia, jak zezwoli\u0107 lub nie zezwala\u0107 na u\u017cywanie plik\u00f3w cookie na Stronie.<\/p>\n<p>Podczas pierwszej wizyty na Stronie zostan\u0105 Pa\u0144stwo poproszeni o skonfigurowanie korzystania z plik\u00f3w cookie.<\/p>\n<p>Konfiguracji dokonuje si\u0119 za pomoc\u0105 banera informacyjnego dotycz\u0105cego ich u\u017cycia, kt\u00f3ry po wy\u015bwietleniu umo\u017cliwia zapoznanie si\u0119 z u\u017cywanymi plikami cookie, ich globaln\u0105 akceptacj\u0119 lub odrzucenie, a tak\u017ce \u2014 szerzej \u2014 ustawienie ich w interfejsie Strony, klikaj\u0105c ikon\u0119 w lewym dolnym rogu przegl\u0105darki.<\/p>\n<p><img loading=\"lazy\" decoding=\"async\" class=\"size-full wp-image-6841 alignnone\" src=\"https:\/\/www.elicit-plant.com\/app\/uploads\/sites\/1\/2025\/10\/Axeptio-logo.png\" alt=\"logo Axeptio\" width=\"61\" height=\"62\" \/><\/p>\n<p>W dowolnym momencie korzystania ze Strony mog\u0105 Pa\u0144stwo zmienia\u0107 konfiguracj\u0119 u\u017cywanych plik\u00f3w cookie \u2014 akceptowa\u0107 je lub odrzuca\u0107 \u2014 uzyskuj\u0105c dost\u0119p do modu\u0142u zarz\u0105dzania zgod\u0105 z poziomu wy\u017cej wskazanej sekcji.<\/p>\n<p>Mog\u0105 Pa\u0144stwo r\u00f3wnie\u017c zablokowa\u0107 cz\u0119\u015b\u0107 lub wszystkie techniczne pliki cookie Strony, niezb\u0119dne do jej prawid\u0142owego funkcjonowania, bezpo\u015brednio w ustawieniach przegl\u0105darki. Nale\u017cy jednak pami\u0119ta\u0107, \u017ce odmowa umieszczania tych plik\u00f3w cookie poprzez przegl\u0105dark\u0119 mo\u017ce uniemo\u017cliwi\u0107 dost\u0119p do niekt\u00f3rych funkcji\/sekcji serwisu lub spowodowa\u0107 pogorszenie jego dzia\u0142ania.<\/p>\n<h2>Z KIM SI\u0118 SKONTAKTOWA\u0106 W RAZIE PYTA\u0143 DOTYCZ\u0104CYCH PLIK\u00d3W COOKIE?<\/h2>\n<p>W przypadku jakichkolwiek pyta\u0144 dotycz\u0105cych niniejszej Karty plik\u00f3w cookie lub og\u00f3lnie w sprawie plik\u00f3w cookie u\u017cywanych na Stronie mog\u0105 si\u0119 Pa\u0144stwo z nami skontaktowa\u0107 w dowolnym momencie:<\/p>\n<ul>\n<li>Wysy\u0142aj\u0105c pismo na adres: ELICIT PLANT &#8211; LIEUDIT LE CHATAIGNIER, 1 PASSAGE DE LA CROIX, 16220 MOULINS-SUR-TARDOIRE, CHARENTE (16)<br \/>\nWysy\u0142aj\u0105c wiadomo\u015b\u0107 e-mail na adres: <a href=\"mailto:dataprivacy@elicit-plant.com\">dataprivacy@elicit-plant.com<\/a><\/li>\n<\/ul>\n\n            <div style=\"clear: both;\"><\/div>\n        <\/div>\n    <\/div>\n<\/section>\n","protected":false},"excerpt":{"rendered":"<p>JAK SKONFIGUROWA\u0106 PLIKI COOKIE U\u017bYWANE NA STRONIE? Niniejsza sekcja wyja\u015bnia, jak zezwoli\u0107 lub nie zezwala\u0107 na u\u017cywanie plik\u00f3w cookie na Stronie. Podczas pierwszej wizyty na Stronie zostan\u0105 Pa\u0144stwo poproszeni o skonfigurowanie korzystania z plik\u00f3w cookie. Konfiguracji dokonuje si\u0119 za pomoc\u0105 banera informacyjnego dotycz\u0105cego ich u\u017cycia, kt\u00f3ry po wy\u015bwietleniu umo\u017cliwia zapoznanie si\u0119 z u\u017cywanymi plikami cookie, ich globaln\u0105 akceptacj\u0119 lub odrzucenie, a tak\u017ce \u2014 szerzej \u2014 ustawienie ich w interfejsie Strony, klikaj\u0105c ikon\u0119 w lewym dolnym rogu przegl\u0105darki. W dowolnym momencie korzystania ze Strony mog\u0105 Pa\u0144stwo zmienia\u0107 konfiguracj\u0119 u\u017cywanych plik\u00f3w cookie \u2014 akceptowa\u0107 je lub odrzuca\u0107 \u2014 uzyskuj\u0105c dost\u0119p do modu\u0142u zarz\u0105dzania zgod\u0105 z poziomu wy\u017cej wskazanej sekcji. Mog\u0105 Pa\u0144stwo r\u00f3wnie\u017c zablokowa\u0107 cz\u0119\u015b\u0107 lub wszystkie techniczne pliki cookie Strony, niezb\u0119dne do jej prawid\u0142owego funkcjonowania, bezpo\u015brednio w ustawieniach&#8230;<\/p>\n","protected":false},"author":6,"featured_media":0,"parent":0,"menu_order":0,"comment_status":"closed","ping_status":"closed","template":"","meta":{"_acf_changed":false,"footnotes":""},"class_list":["post-1073","page","type-page","status-publish","hentry"],"acf":[],"yoast_head":"<!-- This site is optimized with the Yoast SEO plugin v27.3 - https:\/\/yoast.com\/product\/yoast-seo-wordpress\/ -->\n<title>Karcie plik\u00f3w cookie - Elicit Plant Polska<\/title>\n<meta name=\"robots\" content=\"noindex, follow\" \/>\n<meta property=\"og:locale\" content=\"pl_PL\" \/>\n<meta property=\"og:type\" content=\"article\" \/>\n<meta property=\"og:title\" content=\"Karcie plik\u00f3w cookie - Elicit Plant Polska\" \/>\n<meta property=\"og:description\" content=\"JAK SKONFIGUROWA\u0106 PLIKI COOKIE U\u017bYWANE NA STRONIE? Niniejsza sekcja wyja\u015bnia, jak zezwoli\u0107 lub nie zezwala\u0107 na u\u017cywanie plik\u00f3w cookie na Stronie. Podczas pierwszej wizyty na Stronie zostan\u0105 Pa\u0144stwo poproszeni o skonfigurowanie korzystania z plik\u00f3w cookie. Konfiguracji dokonuje si\u0119 za pomoc\u0105 banera informacyjnego dotycz\u0105cego ich u\u017cycia, kt\u00f3ry po wy\u015bwietleniu umo\u017cliwia zapoznanie si\u0119 z u\u017cywanymi plikami cookie, ich globaln\u0105 akceptacj\u0119 lub odrzucenie, a tak\u017ce \u2014 szerzej \u2014 ustawienie ich w interfejsie Strony, klikaj\u0105c ikon\u0119 w lewym dolnym rogu przegl\u0105darki. W dowolnym momencie korzystania ze Strony mog\u0105 Pa\u0144stwo zmienia\u0107 konfiguracj\u0119 u\u017cywanych plik\u00f3w cookie \u2014 akceptowa\u0107 je lub odrzuca\u0107 \u2014 uzyskuj\u0105c dost\u0119p do modu\u0142u zarz\u0105dzania zgod\u0105 z poziomu wy\u017cej wskazanej sekcji. Mog\u0105 Pa\u0144stwo r\u00f3wnie\u017c zablokowa\u0107 cz\u0119\u015b\u0107 lub wszystkie techniczne pliki cookie Strony, niezb\u0119dne do jej prawid\u0142owego funkcjonowania, bezpo\u015brednio w ustawieniach...\" \/>\n<meta property=\"og:url\" content=\"https:\/\/www.elicit-plant.com\/pl\/karcie-plikow-cookie\/\" \/>\n<meta property=\"og:site_name\" content=\"Elicit Plant Polska\" \/>\n<meta name=\"twitter:card\" content=\"summary_large_image\" \/>\n<script type=\"application\/ld+json\" class=\"yoast-schema-graph\">{\"@context\":\"https:\\\/\\\/schema.org\",\"@graph\":[{\"@type\":\"WebPage\",\"@id\":\"https:\\\/\\\/www.elicit-plant.com\\\/pl\\\/karcie-plikow-cookie\\\/\",\"url\":\"https:\\\/\\\/www.elicit-plant.com\\\/pl\\\/karcie-plikow-cookie\\\/\",\"name\":\"Karcie plik\u00f3w cookie - Elicit Plant Polska\",\"isPartOf\":{\"@id\":\"https:\\\/\\\/www.elicit-plant.com\\\/pl\\\/#website\"},\"datePublished\":\"2025-10-07T12:55:48+00:00\",\"breadcrumb\":{\"@id\":\"https:\\\/\\\/www.elicit-plant.com\\\/pl\\\/karcie-plikow-cookie\\\/#breadcrumb\"},\"inLanguage\":\"pl-PL\",\"potentialAction\":[{\"@type\":\"ReadAction\",\"target\":[\"https:\\\/\\\/www.elicit-plant.com\\\/pl\\\/karcie-plikow-cookie\\\/\"]}]},{\"@type\":\"BreadcrumbList\",\"@id\":\"https:\\\/\\\/www.elicit-plant.com\\\/pl\\\/karcie-plikow-cookie\\\/#breadcrumb\",\"itemListElement\":[{\"@type\":\"ListItem\",\"position\":1,\"name\":\"Strona g\u0142\u00f3wna\",\"item\":\"https:\\\/\\\/www.elicit-plant.com\\\/pl\\\/\"},{\"@type\":\"ListItem\",\"position\":2,\"name\":\"Karcie plik\u00f3w cookie\"}]},{\"@type\":\"WebSite\",\"@id\":\"https:\\\/\\\/www.elicit-plant.com\\\/pl\\\/#website\",\"url\":\"https:\\\/\\\/www.elicit-plant.com\\\/pl\\\/\",\"name\":\"Elicit Plant Polska\",\"description\":\"Elicit Plant jest \u015bwiatowym liderem w zarz\u0105dzaniu stresem wodnym w uprawach polowych przy u\u017cyciu fitosteroli\",\"potentialAction\":[{\"@type\":\"SearchAction\",\"target\":{\"@type\":\"EntryPoint\",\"urlTemplate\":\"https:\\\/\\\/www.elicit-plant.com\\\/pl\\\/?s={search_term_string}\"},\"query-input\":{\"@type\":\"PropertyValueSpecification\",\"valueRequired\":true,\"valueName\":\"search_term_string\"}}],\"inLanguage\":\"pl-PL\"}]}<\/script>\n<!-- \/ Yoast SEO plugin. -->","yoast_head_json":{"title":"Karcie plik\u00f3w cookie - Elicit Plant Polska","robots":{"index":"noindex","follow":"follow"},"og_locale":"pl_PL","og_type":"article","og_title":"Karcie plik\u00f3w cookie - Elicit Plant Polska","og_description":"JAK SKONFIGUROWA\u0106 PLIKI COOKIE U\u017bYWANE NA STRONIE? Niniejsza sekcja wyja\u015bnia, jak zezwoli\u0107 lub nie zezwala\u0107 na u\u017cywanie plik\u00f3w cookie na Stronie. Podczas pierwszej wizyty na Stronie zostan\u0105 Pa\u0144stwo poproszeni o skonfigurowanie korzystania z plik\u00f3w cookie. Konfiguracji dokonuje si\u0119 za pomoc\u0105 banera informacyjnego dotycz\u0105cego ich u\u017cycia, kt\u00f3ry po wy\u015bwietleniu umo\u017cliwia zapoznanie si\u0119 z u\u017cywanymi plikami cookie, ich globaln\u0105 akceptacj\u0119 lub odrzucenie, a tak\u017ce \u2014 szerzej \u2014 ustawienie ich w interfejsie Strony, klikaj\u0105c ikon\u0119 w lewym dolnym rogu przegl\u0105darki. W dowolnym momencie korzystania ze Strony mog\u0105 Pa\u0144stwo zmienia\u0107 konfiguracj\u0119 u\u017cywanych plik\u00f3w cookie \u2014 akceptowa\u0107 je lub odrzuca\u0107 \u2014 uzyskuj\u0105c dost\u0119p do modu\u0142u zarz\u0105dzania zgod\u0105 z poziomu wy\u017cej wskazanej sekcji. Mog\u0105 Pa\u0144stwo r\u00f3wnie\u017c zablokowa\u0107 cz\u0119\u015b\u0107 lub wszystkie techniczne pliki cookie Strony, niezb\u0119dne do jej prawid\u0142owego funkcjonowania, bezpo\u015brednio w ustawieniach...","og_url":"https:\/\/www.elicit-plant.com\/pl\/karcie-plikow-cookie\/","og_site_name":"Elicit Plant Polska","twitter_card":"summary_large_image","schema":{"@context":"https:\/\/schema.org","@graph":[{"@type":"WebPage","@id":"https:\/\/www.elicit-plant.com\/pl\/karcie-plikow-cookie\/","url":"https:\/\/www.elicit-plant.com\/pl\/karcie-plikow-cookie\/","name":"Karcie plik\u00f3w cookie - Elicit Plant Polska","isPartOf":{"@id":"https:\/\/www.elicit-plant.com\/pl\/#website"},"datePublished":"2025-10-07T12:55:48+00:00","breadcrumb":{"@id":"https:\/\/www.elicit-plant.com\/pl\/karcie-plikow-cookie\/#breadcrumb"},"inLanguage":"pl-PL","potentialAction":[{"@type":"ReadAction","target":["https:\/\/www.elicit-plant.com\/pl\/karcie-plikow-cookie\/"]}]},{"@type":"BreadcrumbList","@id":"https:\/\/www.elicit-plant.com\/pl\/karcie-plikow-cookie\/#breadcrumb","itemListElement":[{"@type":"ListItem","position":1,"name":"Strona g\u0142\u00f3wna","item":"https:\/\/www.elicit-plant.com\/pl\/"},{"@type":"ListItem","position":2,"name":"Karcie plik\u00f3w cookie"}]},{"@type":"WebSite","@id":"https:\/\/www.elicit-plant.com\/pl\/#website","url":"https:\/\/www.elicit-plant.com\/pl\/","name":"Elicit Plant Polska","description":"Elicit Plant jest \u015bwiatowym liderem w zarz\u0105dzaniu stresem wodnym w uprawach polowych przy u\u017cyciu fitosteroli","potentialAction":[{"@type":"SearchAction","target":{"@type":"EntryPoint","urlTemplate":"https:\/\/www.elicit-plant.com\/pl\/?s={search_term_string}"},"query-input":{"@type":"PropertyValueSpecification","valueRequired":true,"valueName":"search_term_string"}}],"inLanguage":"pl-PL"}]}},"_links":{"self":[{"href":"https:\/\/www.elicit-plant.com\/pl\/wp-json\/wp\/v2\/pages\/1073","targetHints":{"allow":["GET"]}}],"collection":[{"href":"https:\/\/www.elicit-plant.com\/pl\/wp-json\/wp\/v2\/pages"}],"about":[{"href":"https:\/\/www.elicit-plant.com\/pl\/wp-json\/wp\/v2\/types\/page"}],"author":[{"embeddable":true,"href":"https:\/\/www.elicit-plant.com\/pl\/wp-json\/wp\/v2\/users\/6"}],"replies":[{"embeddable":true,"href":"https:\/\/www.elicit-plant.com\/pl\/wp-json\/wp\/v2\/comments?post=1073"}],"version-history":[{"count":1,"href":"https:\/\/www.elicit-plant.com\/pl\/wp-json\/wp\/v2\/pages\/1073\/revisions"}],"predecessor-version":[{"id":1074,"href":"https:\/\/www.elicit-plant.com\/pl\/wp-json\/wp\/v2\/pages\/1073\/revisions\/1074"}],"wp:attachment":[{"href":"https:\/\/www.elicit-plant.com\/pl\/wp-json\/wp\/v2\/media?parent=1073"}],"curies":[{"name":"wp","href":"https:\/\/api.w.org\/{rel}","templated":true}]}}