{"id":160,"date":"2023-12-28T10:23:48","date_gmt":"2023-12-28T09:23:48","guid":{"rendered":"https:\/\/www.elicit-plant.com\/pl\/?page_id=160"},"modified":"2025-10-07T14:42:54","modified_gmt":"2025-10-07T12:42:54","slug":"informacje-prawne","status":"publish","type":"page","link":"https:\/\/www.elicit-plant.com\/pl\/informacje-prawne\/","title":{"rendered":"Informacje prawne"},"content":{"rendered":"<section class=\"cbo-heropicture\" data-anim-group>\n\t<div class=\"cbo-breadcrumbs breadcrumbs--normal\">\n  <div class=\"breadcrumbs-inner\">\n    <span><span><a href=\"https:\/\/www.elicit-plant.com\/pl\/\">Strona g\u0142\u00f3wna<\/a><\/span><\/span>\t<\/div>\n<\/div>\n\t<div class=\"heropicture-picture cbo-picture-cover\">\n\t\t<img decoding=\"async\" src=\"https:\/\/www.elicit-plant.com\/app\/uploads\/sites\/6\/2025\/06\/Efficient-Water-Use-1024x683.jpg\" srcset=\"https:\/\/www.elicit-plant.com\/app\/uploads\/sites\/6\/2025\/06\/Efficient-Water-Use-320x213.jpg 320w, https:\/\/www.elicit-plant.com\/app\/uploads\/sites\/6\/2025\/06\/Efficient-Water-Use-768x512.jpg 768w, https:\/\/www.elicit-plant.com\/app\/uploads\/sites\/6\/2025\/06\/Efficient-Water-Use-1024x683.jpg 1024w, https:\/\/www.elicit-plant.com\/app\/uploads\/sites\/6\/2025\/06\/Efficient-Water-Use-1400x933.jpg 1280w, https:\/\/www.elicit-plant.com\/app\/uploads\/sites\/6\/2025\/06\/Efficient-Water-Use.jpg 1920w\" class=\"\" alt=\"\" width=\"1024\" height=\"683\" sizes=\"auto, 100vw\" loading=\"lazy\" \/>\t<\/div>\n\n\t<div class=\"heropicture-inner cbo-container container--small container--padding\">\n\t\t<div class=\"heropicture-content\">\n\n\t\t\t\n\t\t\t<h1 class=\"content-title cbo-title-2 slide-down\">\n\t\t\t\tInformacje prawne\t\t\t<\/h1>\n\t\t<\/div>\n\t<\/div>\n<\/section>\n\n<section class=\"cbo-text cbo-margin-container\">\n    <div class=\"\n        text-inner\n                cbo-container\n        container--small        \"\n    >\n        <div class=\"text-content cbo-cms cms--large\">\n            <p>Les mentions l\u00e9gales ci-dessous s\u2019appliquent au pr\u00e9sent site internet <a href=\"http:\/\/www.elicit-plant.com\">www.elicit-plant.com<\/a><\/p>\n<p><strong>Nazwa sp\u00f3\u0142ki<\/strong>: ELICIT PLANT<\/p>\n<p><strong>Siedziba<\/strong>: LIEUDIT LE CHATAIGNIER, 1 PAS DE LA CROIX, 16220 MOULINS-SUR-TARDOIRE, CHARENTE (16)<\/p>\n<p><strong>Forma prawna<\/strong>: sp\u00f3\u0142ka akcyjna uproszczona (SAS)<\/p>\n<p><strong>Kapita\u0142 zak\u0142adowy<\/strong>: 139 417,50 \u20ac<\/p>\n<p><strong>Rejestracja w RCS w Angoul\u00eame<\/strong>: numer SIREN: 831 286 455 oraz numer SIRET: 831 286 455 00025<\/p>\n<p><strong>Numer VAT UE<\/strong>: FR47831286455<\/p>\n<p><strong>Redaktor odpowiedzialny za publikacj\u0119<\/strong>: Pan Jean-Fran\u00e7ois DECHANT<\/p>\n<p><strong>Telefon<\/strong>: +33 <a href=\"https:\/\/www.google.com\/search?q=t%C3%A9l%C3%A9phone+elicit+plant&#038;rlz=1C1GCEU_frFR1073FR1073&#038;oq=t%C3%A9l%C3%A9phone+elicit+plant&#038;gs_lcrp=EgZjaHJvbWUyCAgAEEUYFRg5MgcIARAhGKABMgcIAhAhGKABMgcIAxAhGKAB0gEINTk1N2owajeoAgCwAgA&#038;sourceid=chrome&#038;ie=UTF-8\">05 45 23 18 38<\/a><\/p>\n<p><strong>E-mail<\/strong>: <a href=\"mailto:dataprivacy@elicit-plant.com\">dataprivacy@elicit-plant.com<\/a><\/p>\n<p><strong> <\/strong><strong>Hosting<\/strong>: Infomaniak,<\/p>\n<p><u>Nazwa sp\u00f3\u0142ki<\/u>: Infomaniak Network SA<br \/>\n<u>Adres<\/u>: Rue Eug\u00e8ne Marziano 25 &#8211; 1227 Les Acacias (GE)<br \/>\n<u><a href=\"https:\/\/www.infomaniak.com\/fr\/aide\">Kontakt<\/a><\/u><\/p>\n<p><strong> <\/strong><\/p>\n<h2 style=\"text-align: center;\"><strong>OG\u00d3LNE WARUNKI KORZYSTANIA Z SERWISU INTERNETOWEGO<br \/>\n<\/strong><a href=\"http:\/\/WWW.ASDIA.FR\"><strong>WWW.ELICIT-PLANT.COM<\/strong><\/a><\/h2>\n<p>&nbsp;<\/p>\n<p>Dost\u0119p, przegl\u0105danie i korzystanie z witryny www. <a href=\"https:\/\/www.elicit-plant.com\">https:\/\/www.elicit-plant.com<\/a> (\u201e<strong><em>Serwis internetowy<\/em><\/strong>\u201d lub \u201e<strong><em>Serwis<\/em><\/strong>\u201d) podlegaj\u0105 niniejszym Og\u00f3lnym Warunkom Korzystania (\u201e<strong><em>OWK<\/em><\/strong>\u201d).<\/p>\n<p>Korzystaj\u0105c z Serwisu i\/lub uzyskuj\u0105c do niego dost\u0119p, odwiedzaj\u0105cy i\/lub u\u017cytkownik (\u201e<strong><em>Pa\u0144stwo<\/em><\/strong>\u201d) uznaje, \u017ce akceptuje bez zastrze\u017ce\u0144 niniejsze OWK. Prosimy zatem o uwa\u017cne zapoznanie si\u0119 z nimi przed rozpocz\u0119ciem lub kontynuowaniem korzystania z Serwisu.<\/p>\n<p>ELICIT PLANT zastrzega sobie prawo do zmiany niniejszych OWK w dowolnym czasie. Wersja dost\u0119pna w Serwisie stanowi ostatni\u0105, aktualnie obowi\u0105zuj\u0105c\u0105 wersj\u0119.<\/p>\n<p>Je\u017celi kt\u00f3rekolwiek z postanowie\u0144 OWK zostanie uznane za niewa\u017cne i\/lub bezskuteczne na mocy obowi\u0105zuj\u0105cych przepis\u00f3w, pozosta\u0142e postanowienia pozostaj\u0105 w mocy.<\/p>\n<p>&nbsp;<\/p>\n<h2>ARTYKU\u0141 1 \u2013 DOST\u0118P DO SERWISU \u2013 FUNKCJONALNO\u015aCI \u2013 KORZYSTANIE<\/h2>\n<p>1.1.<\/p>\n<p>Dost\u0119p do Serwisu i jego u\u017cywanie s\u0105 zastrze\u017cone wy\u0142\u0105cznie do u\u017cytku osobistego. Zobowi\u0105zuj\u0105 si\u0119 Pa\u0144stwo nie wykorzystywa\u0107 Serwisu oraz informacji lub danych w nim zawartych do cel\u00f3w komercyjnych, politycznych, reklamowych ani do jakiejkolwiek formy akwizycji handlowej, w szczeg\u00f3lno\u015bci do wysy\u0142ania niezam\u00f3wionych wiadomo\u015bci e-mail.<\/p>\n<p>W szczeg\u00f3lno\u015bci, w ramach dost\u0119pu, przegl\u0105dania i korzystania z Serwisu zobowi\u0105zuj\u0105 si\u0119 Pa\u0144stwo:<\/p>\n<ul>\n<li>sprawdzi\u0107, czy u\u017cywana konfiguracja komputerowa nie zawiera wirus\u00f3w i jest w pe\u0142ni sprawna;<\/li>\n<li>nie kopiowa\u0107 ca\u0142o\u015bci ani cz\u0119\u015bci Serwisu na inny serwis lub jakiekolwiek inne no\u015bniki;<\/li>\n<li>nie wdra\u017ca\u0107 rozwi\u0105za\u0144 mog\u0105cych lub maj\u0105cych na celu w\u0142ama\u0107 si\u0119 do Serwisu w ca\u0142o\u015bci lub w cz\u0119\u015bci ani narusza\u0107 niniejszych OWK;<\/li>\n<li>niezw\u0142ocznie poinformowa\u0107 ELICIT PLANT, gdy tylko powezm\u0105 Pa\u0144stwo wiadomo\u015b\u0107 o \u201e<em>w\u0142amaniu<\/em>\u201d, w szczeg\u00f3lno\u015bci o jakimkolwiek bezprawnym lub niezgodnym z umow\u0105 wykorzystaniu element\u00f3w znajduj\u0105cych si\u0119 w Serwisie, niezale\u017cnie od sposobu ich rozpowszechniania;<\/li>\n<li>przestrzega\u0107 niniejszych OWK.<\/li>\n<\/ul>\n<p>1.2.<\/p>\n<p>Serwis s\u0142u\u017cy w szczeg\u00f3lno\u015bci do:<\/p>\n<ul>\n<li>przedstawienia ELICIT PLANT i jej dzia\u0142alno\u015bci;<\/li>\n<li>publikacji informacji dotycz\u0105cych dzia\u0142alno\u015bci, produkt\u00f3w i us\u0142ug ELICIT PLANT;<\/li>\n<li>publikacji ofert pracy w ELICIT PLANT;<\/li>\n<li>nawi\u0105zywania kontaktu z odpowiednimi dzia\u0142ami ELICIT PLANT.<\/li>\n<\/ul>\n<h2>ARTYKU\u0141 2 \u2013 W\u0141ASNO\u015a\u0106 INTELEKTUALNA<\/h2>\n<p>ELICIT PLANT przyznaje Pa\u0144stwu jedynie prawo do przegl\u0105dania informacji i tre\u015bci dost\u0119pnych w Serwisie przez czas korzystania z niego.<\/p>\n<p>Wszystkie elementy i tre\u015bci Serwisu, w szczeg\u00f3lno\u015bci znaki towarowe, logotypy, obrazy, rysunki, grafiki, identyfikacja wizualna, ikony, struktury, uk\u0142ad, tre\u015bci tekstowe, a tak\u017ce wszelkie aplikacje komputerowe u\u017cywane do dzia\u0142ania Serwisu, stanowi\u0105 i pozostaj\u0105 wy\u0142\u0105czn\u0105 w\u0142asno\u015bci\u0105 ELICIT PLANT i\/lub jej partner\u00f3w.<\/p>\n<p>S\u0142owne i graficzne znaki towarowe ELICIT PLANT lub oznaczaj\u0105ce jej produkty i us\u0142ugi s\u0105 chronione prawami w\u0142asno\u015bci intelektualnej i zosta\u0142y zg\u0142oszone jako znaki towarowe we Francji i na \u015bwiecie.<\/p>\n<p>W konsekwencji jakiekolwiek powielanie, przedstawianie, u\u017cywanie, modyfikowanie lub adaptowanie, w jakiejkolwiek formie, ca\u0142o\u015bci lub cz\u0119\u015bci element\u00f3w i tre\u015bci Serwisu, w tym aplikacji komputerowych, bez uprzedniej, wyra\u017anej i pisemnej zgody ELICIT PLANT, jest surowo zabronione i mo\u017ce skutkowa\u0107 post\u0119powaniem, w szczeg\u00f3lno\u015bci z tytu\u0142u naruszenia praw w\u0142asno\u015bci intelektualnej i nieuczciwej konkurencji zgodnie z obowi\u0105zuj\u0105cymi przepisami.<\/p>\n<p>Brak podj\u0119cia dzia\u0142a\u0144 przez ELICIT PLANT natychmiast po powzi\u0119ciu informacji o takim nieuprawnionym wykorzystaniu nie stanowi jego akceptacji ani zrzeczenia si\u0119 prawa do dochodzenia roszcze\u0144.<\/p>\n<p>&nbsp;<\/p>\n<h2>ARTYKU\u0141 3 \u2013 ZARZ\u0104DZANIE SERWISEM<\/h2>\n<p>W celu zapewnienia prawid\u0142owego dzia\u0142ania Serwisu ELICIT PLANT mo\u017ce w dowolnym momencie, trwale lub czasowo:<\/p>\n<ul>\n<li>zawiesi\u0107, przerwa\u0107 lub ograniczy\u0107 dost\u0119p do ca\u0142o\u015bci lub cz\u0119\u015bci Serwisu, zastrzec dost\u0119p do Serwisu lub jego cz\u0119\u015bci dla okre\u015blonej kategorii internaut\u00f3w;<\/li>\n<\/ul>\n<ul>\n<li>usuwa\u0107 i\/lub modyfikowa\u0107 ca\u0142o\u015b\u0107 lub cz\u0119\u015b\u0107 konfiguracji Serwisu lub wszelkie informacje mog\u0105ce zak\u0142\u00f3ci\u0107 jego dzia\u0142anie, sprzeczne z prawem krajowym lub mi\u0119dzynarodowym b\u0105d\u017a z zasadami \u201enetykiety\u201d;<\/li>\n<\/ul>\n<ul>\n<li>zawiesi\u0107 dzia\u0142anie Serwisu, w szczeg\u00f3lno\u015bci w celu przeprowadzenia aktualizacji i\/lub prac serwisowych. Prace serwisowe mog\u0105 by\u0107 wykonywane bez uprzedniego powiadomienia.<\/li>\n<\/ul>\n<p>&nbsp;<\/p>\n<p><span style=\"font-size: 2.25rem; font-weight: 600; letter-spacing: -0.0536em;\">ARTYKU\u0141 4 \u2013 ODPOWIEDZIALNO\u015a\u0106<\/span><\/p>\n<p>4.1.<\/p>\n<p>Informacje prezentowane na stronie ELICIT PLANT maj\u0105 charakter wy\u0142\u0105cznie informacyjny i nie stanowi\u0105 oferty konkretnego produktu lub us\u0142ugi ELICIT PLANT. Aby pozna\u0107 szczeg\u00f3\u0142y us\u0142ug ELICIT PLANT, prosimy o kontakt za po\u015brednictwem danych podanych w Serwisie.<\/p>\n<p>ELICIT PLANT dok\u0142ada uzasadnionych stara\u0144, aby weryfikowa\u0107 wszystkie informacje publikowane w Serwisie, nie gwarantuje jednak, \u017ce informacje zamieszczone w Serwisie oraz w serwisach z nim powi\u0105zanych s\u0105 w ka\u017cdym czasie kompletne, dok\u0142adne i aktualne.<\/p>\n<p>4.2.<\/p>\n<p>ELICIT PLANT podejmie wszelkie uzasadnione dzia\u0142ania w celu zapewnienia bezpiecze\u0144stwa dost\u0119pu, przegl\u0105dania i korzystania z Serwisu, w granicach obowi\u0105zku nale\u017cytej staranno\u015bci.<\/p>\n<p>Serwis jest dost\u0119pny 24 godziny na dob\u0119, 7 dni w tygodniu, z wyj\u0105tkiem przypadk\u00f3w si\u0142y wy\u017cszej, okoliczno\u015bci zewn\u0119trznych, zdarze\u0144 pozostaj\u0105cych poza kontrol\u0105 ELICIT PLANT oraz z zastrze\u017ceniem ewentualnych awarii, usterek i prac serwisowych (korekcyjnych lub rozwojowych) zwi\u0105zanych z w\u0142a\u015bciwo\u015bciami Internetu i\/lub niezb\u0119dnych dla prawid\u0142owego funkcjonowania i rozwoju Serwisu.<\/p>\n<p>ELICIT PLANT nie ponosi odpowiedzialno\u015bci za awarie, usterki, trudno\u015bci czy przerwy w dzia\u0142aniu uniemo\u017cliwiaj\u0105ce dost\u0119p do Serwisu lub jego funkcjonalno\u015bci.<\/p>\n<p>4.3.<\/p>\n<p>Sprz\u0119t u\u017cywany do po\u0142\u0105czenia z Serwisem pozostaje w Pa\u0144stwa wy\u0142\u0105cznej odpowiedzialno\u015bci.<\/p>\n<p>Powinni Pa\u0144stwo podj\u0105\u0107 wszelkie w\u0142a\u015bciwe \u015brodki w celu ochrony swojego sprz\u0119tu i danych, w tym przed atakami wirusowymi z Internetu.<\/p>\n<p>Ponadto wy\u0142\u0105cznie Pa\u0144stwo ponosz\u0105 odpowiedzialno\u015b\u0107 za spos\u00f3b korzystania z Serwisu oraz z serwis\u00f3w, us\u0142ug i danych, do kt\u00f3rych uzyskuj\u0105 Pa\u0144stwo dost\u0119p przez Internet.<\/p>\n<p>ELICIT PLANT nie odpowiada za szkody wyrz\u0105dzone Pa\u0144stwu, osobom trzecim i\/lub Pa\u0144stwa sprz\u0119towi ani za jakiekolwiek post\u0119powania wytoczone przeciwko Pa\u0144stwu w zwi\u0105zku z korzystaniem z Serwisu, jak r\u00f3wnie\u017c z jakichkolwiek us\u0142ug dost\u0119pnych przez Internet, ani w zwi\u0105zku z naruszeniem niniejszych OWK.<\/p>\n<p>W razie wszcz\u0119cia post\u0119powania polubownego lub s\u0105dowego przeciwko ELICIT PLANT w zwi\u0105zku z Pa\u0144stwa korzystaniem z Serwisu, ELICIT PLANT zastrzega sobie prawo dochodzenia od Pa\u0144stwa odszkodowania za wszelkie szkody, kwoty, zas\u0105dzenia i koszty wynik\u0142e z takiego post\u0119powania.<\/p>\n<h2>ARTYKU\u0141 5 \u2013 HIPER\u0141\u0104CZA<\/h2>\n<p>5.1.<\/p>\n<p>Za po\u015brednictwem Serwisu ELICIT PLANT mo\u017ce udost\u0119pnia\u0107 \u0142\u0105cza do innych serwis\u00f3w internetowych lub innych \u017ar\u00f3de\u0142 informacji zarz\u0105dzanych przez serwisy partnerskie.<\/p>\n<p>Poniewa\u017c ELICIT PLANT nie ma mo\u017cliwo\u015bci kontrolowania tych us\u0142ug i \u017ar\u00f3de\u0142 zewn\u0119trznych, \u0142\u0105cza bezpo\u015brednie lub po\u015brednie zawarte w niniejszym Serwisie i prowadz\u0105ce do innych serwis\u00f3w internetowych s\u0105 udost\u0119pniane bez \u017cadnej gwarancji, \u201etak jak s\u0105\u201d i na Pa\u0144stwa wy\u0142\u0105czne ryzyko.<\/p>\n<p>ELICIT PLANT zrzeka si\u0119 odpowiedzialno\u015bci za udost\u0119pnianie i tre\u015bci tych serwis\u00f3w i \u017ar\u00f3de\u0142 zewn\u0119trznych, w szczeg\u00f3lno\u015bci za reklamy, produkty, us\u0142ugi lub jakiekolwiek inne materia\u0142y dost\u0119pne na tych serwisach lub z ich poziomu, jak r\u00f3wnie\u017c za szkody, jakie mog\u0142yby one spowodowa\u0107.<\/p>\n<p>5.2.<\/p>\n<p>Tworzenie i\/lub umieszczanie przez Pa\u0144stwa hiper\u0142\u0105cza do ca\u0142o\u015bci tre\u015bci Serwisu lub stosowanie jakiejkolwiek techniki polegaj\u0105cej na wy\u015bwietlaniu cz\u0119\u015bci Serwisu w serwisie zewn\u0119trznym jest surowo zabronione i mo\u017ce nast\u0105pi\u0107 wy\u0142\u0105cznie za uprzedni\u0105, wyra\u017an\u0105 i pisemn\u0105 zgod\u0105 ELICIT PLANT, pod warunkiem niezniekszta\u0142cania informacji \u017ar\u00f3d\u0142owych ani ich pochodzenia.<\/p>\n<p>Je\u017celi ELICIT PLANT udzieli takiej zgody, b\u0119dzie ona zawsze tymczasowa i mo\u017ce zosta\u0107 cofni\u0119ta w dowolnym czasie, bez obowi\u0105zku uzasadniania.<\/p>\n<p>W ka\u017cdym wypadku, ka\u017cde \u0142\u0105cze dodane przez Pa\u0144stwa do Serwisu musi zosta\u0107 usuni\u0119te na pierwsze \u017c\u0105danie ELICIT PLANT.<\/p>\n<h2>ARTYKU\u0141 6 \u2013 OCHRONA DANYCH OSOBOWYCH<\/h2>\n<p>Informacje o przetwarzaniu Pa\u0144stwa danych osobowych przez ELICIT PLANT oraz nasze og\u00f3lne zobowi\u0105zania w zakresie ochrony danych osobowych s\u0105 dost\u0119pne w naszej Polityce prywatno\u015bci.<\/p>\n<p>&nbsp;<\/p>\n<h2>ARTYKU\u0141 7 \u2013 PLIKI COOKIE<\/h2>\n<p>Wi\u0119cej informacji dotycz\u0105cych plik\u00f3w cookie u\u017cywanych w ramach Serwisu oraz zarz\u0105dzania Pa\u0144stwa zgodami znajd\u0105 Pa\u0144stwo w naszej Karcie plik\u00f3w cookie.<\/p>\n<p>&nbsp;<\/p>\n<h2>ARTYKU\u0141 8 \u2013 PRAWO W\u0141A\u015aCIWE \/ W\u0141A\u015aCIWY S\u0104D<\/h2>\n<p>Niniejsze OWK podlegaj\u0105 prawu francuskiemu i podlegaj\u0105 wy\u0142\u0105cznej jurysdykcji s\u0105d\u00f3w francuskich.<\/p>\n\n            <div style=\"clear: both;\"><\/div>\n        <\/div>\n    <\/div>\n<\/section>\n","protected":false},"excerpt":{"rendered":"<p>Les mentions l\u00e9gales ci-dessous s\u2019appliquent au pr\u00e9sent site internet www.elicit-plant.com Nazwa sp\u00f3\u0142ki: ELICIT PLANT Siedziba: LIEUDIT LE CHATAIGNIER, 1 PAS DE LA CROIX, 16220 MOULINS-SUR-TARDOIRE, CHARENTE (16) Forma prawna: sp\u00f3\u0142ka akcyjna uproszczona (SAS) Kapita\u0142 zak\u0142adowy: 139 417,50 \u20ac Rejestracja w RCS w Angoul\u00eame: numer SIREN: 831 286 455 oraz numer SIRET: 831 286 455 00025 Numer VAT UE: FR47831286455 Redaktor odpowiedzialny za publikacj\u0119: Pan Jean-Fran\u00e7ois DECHANT Telefon: +33 05 45 23 18 38 E-mail: dataprivacy@elicit-plant.com Hosting: Infomaniak, Nazwa sp\u00f3\u0142ki: Infomaniak Network SA Adres: Rue Eug\u00e8ne Marziano 25 &#8211; 1227 Les Acacias (GE) Kontakt OG\u00d3LNE WARUNKI KORZYSTANIA Z SERWISU INTERNETOWEGO WWW.ELICIT-PLANT.COM &nbsp; Dost\u0119p, przegl\u0105danie i korzystanie z witryny www. https:\/\/www.elicit-plant.com (\u201eSerwis internetowy\u201d lub \u201eSerwis\u201d) podlegaj\u0105 niniejszym Og\u00f3lnym Warunkom Korzystania (\u201eOWK\u201d). Korzystaj\u0105c z Serwisu i\/lub uzyskuj\u0105c do niego&#8230;<\/p>\n","protected":false},"author":6,"featured_media":0,"parent":0,"menu_order":0,"comment_status":"closed","ping_status":"closed","template":"","meta":{"_acf_changed":false,"footnotes":""},"class_list":["post-160","page","type-page","status-publish","hentry"],"acf":[],"yoast_head":"<!-- This site is optimized with the Yoast SEO plugin v27.2 - https:\/\/yoast.com\/product\/yoast-seo-wordpress\/ -->\n<title>Informacje prawne - Elicit Plant Polska<\/title>\n<meta name=\"robots\" content=\"noindex, follow\" \/>\n<meta property=\"og:locale\" content=\"pl_PL\" \/>\n<meta property=\"og:type\" content=\"article\" \/>\n<meta property=\"og:title\" content=\"Informacje prawne - Elicit Plant Polska\" \/>\n<meta property=\"og:description\" content=\"Les mentions l\u00e9gales ci-dessous s\u2019appliquent au pr\u00e9sent site internet www.elicit-plant.com Nazwa sp\u00f3\u0142ki: ELICIT PLANT Siedziba: LIEUDIT LE CHATAIGNIER, 1 PAS DE LA CROIX, 16220 MOULINS-SUR-TARDOIRE, CHARENTE (16) Forma prawna: sp\u00f3\u0142ka akcyjna uproszczona (SAS) Kapita\u0142 zak\u0142adowy: 139 417,50 \u20ac Rejestracja w RCS w Angoul\u00eame: numer SIREN: 831 286 455 oraz numer SIRET: 831 286 455 00025 Numer VAT UE: FR47831286455 Redaktor odpowiedzialny za publikacj\u0119: Pan Jean-Fran\u00e7ois DECHANT Telefon: +33 05 45 23 18 38 E-mail: dataprivacy@elicit-plant.com Hosting: Infomaniak, Nazwa sp\u00f3\u0142ki: Infomaniak Network SA Adres: Rue Eug\u00e8ne Marziano 25 - 1227 Les Acacias (GE) Kontakt OG\u00d3LNE WARUNKI KORZYSTANIA Z SERWISU INTERNETOWEGO WWW.ELICIT-PLANT.COM &nbsp; Dost\u0119p, przegl\u0105danie i korzystanie z witryny www. https:\/\/www.elicit-plant.com (\u201eSerwis internetowy\u201d lub \u201eSerwis\u201d) podlegaj\u0105 niniejszym Og\u00f3lnym Warunkom Korzystania (\u201eOWK\u201d). Korzystaj\u0105c z Serwisu i\/lub uzyskuj\u0105c do niego...\" \/>\n<meta property=\"og:url\" content=\"https:\/\/www.elicit-plant.com\/pl\/informacje-prawne\/\" \/>\n<meta property=\"og:site_name\" content=\"Elicit Plant Polska\" \/>\n<meta property=\"article:modified_time\" content=\"2025-10-07T12:42:54+00:00\" \/>\n<meta name=\"twitter:card\" content=\"summary_large_image\" \/>\n<script type=\"application\/ld+json\" class=\"yoast-schema-graph\">{\"@context\":\"https:\/\/schema.org\",\"@graph\":[{\"@type\":\"WebPage\",\"@id\":\"https:\/\/www.elicit-plant.com\/pl\/informacje-prawne\/\",\"url\":\"https:\/\/www.elicit-plant.com\/pl\/informacje-prawne\/\",\"name\":\"Informacje prawne - Elicit Plant Polska\",\"isPartOf\":{\"@id\":\"https:\/\/www.elicit-plant.com\/pl\/#website\"},\"datePublished\":\"2023-12-28T09:23:48+00:00\",\"dateModified\":\"2025-10-07T12:42:54+00:00\",\"breadcrumb\":{\"@id\":\"https:\/\/www.elicit-plant.com\/pl\/informacje-prawne\/#breadcrumb\"},\"inLanguage\":\"pl-PL\",\"potentialAction\":[{\"@type\":\"ReadAction\",\"target\":[\"https:\/\/www.elicit-plant.com\/pl\/informacje-prawne\/\"]}]},{\"@type\":\"BreadcrumbList\",\"@id\":\"https:\/\/www.elicit-plant.com\/pl\/informacje-prawne\/#breadcrumb\",\"itemListElement\":[{\"@type\":\"ListItem\",\"position\":1,\"name\":\"Strona g\u0142\u00f3wna\",\"item\":\"https:\/\/www.elicit-plant.com\/pl\/\"},{\"@type\":\"ListItem\",\"position\":2,\"name\":\"Informacje prawne\"}]},{\"@type\":\"WebSite\",\"@id\":\"https:\/\/www.elicit-plant.com\/pl\/#website\",\"url\":\"https:\/\/www.elicit-plant.com\/pl\/\",\"name\":\"Elicit Plant Polska\",\"description\":\"Elicit Plant jest \u015bwiatowym liderem w zarz\u0105dzaniu stresem wodnym w uprawach polowych przy u\u017cyciu fitosteroli\",\"potentialAction\":[{\"@type\":\"SearchAction\",\"target\":{\"@type\":\"EntryPoint\",\"urlTemplate\":\"https:\/\/www.elicit-plant.com\/pl\/?s={search_term_string}\"},\"query-input\":{\"@type\":\"PropertyValueSpecification\",\"valueRequired\":true,\"valueName\":\"search_term_string\"}}],\"inLanguage\":\"pl-PL\"}]}<\/script>\n<!-- \/ Yoast SEO plugin. -->","yoast_head_json":{"title":"Informacje prawne - Elicit Plant Polska","robots":{"index":"noindex","follow":"follow"},"og_locale":"pl_PL","og_type":"article","og_title":"Informacje prawne - Elicit Plant Polska","og_description":"Les mentions l\u00e9gales ci-dessous s\u2019appliquent au pr\u00e9sent site internet www.elicit-plant.com Nazwa sp\u00f3\u0142ki: ELICIT PLANT Siedziba: LIEUDIT LE CHATAIGNIER, 1 PAS DE LA CROIX, 16220 MOULINS-SUR-TARDOIRE, CHARENTE (16) Forma prawna: sp\u00f3\u0142ka akcyjna uproszczona (SAS) Kapita\u0142 zak\u0142adowy: 139 417,50 \u20ac Rejestracja w RCS w Angoul\u00eame: numer SIREN: 831 286 455 oraz numer SIRET: 831 286 455 00025 Numer VAT UE: FR47831286455 Redaktor odpowiedzialny za publikacj\u0119: Pan Jean-Fran\u00e7ois DECHANT Telefon: +33 05 45 23 18 38 E-mail: dataprivacy@elicit-plant.com Hosting: Infomaniak, Nazwa sp\u00f3\u0142ki: Infomaniak Network SA Adres: Rue Eug\u00e8ne Marziano 25 - 1227 Les Acacias (GE) Kontakt OG\u00d3LNE WARUNKI KORZYSTANIA Z SERWISU INTERNETOWEGO WWW.ELICIT-PLANT.COM &nbsp; Dost\u0119p, przegl\u0105danie i korzystanie z witryny www. https:\/\/www.elicit-plant.com (\u201eSerwis internetowy\u201d lub \u201eSerwis\u201d) podlegaj\u0105 niniejszym Og\u00f3lnym Warunkom Korzystania (\u201eOWK\u201d). Korzystaj\u0105c z Serwisu i\/lub uzyskuj\u0105c do niego...","og_url":"https:\/\/www.elicit-plant.com\/pl\/informacje-prawne\/","og_site_name":"Elicit Plant Polska","article_modified_time":"2025-10-07T12:42:54+00:00","twitter_card":"summary_large_image","schema":{"@context":"https:\/\/schema.org","@graph":[{"@type":"WebPage","@id":"https:\/\/www.elicit-plant.com\/pl\/informacje-prawne\/","url":"https:\/\/www.elicit-plant.com\/pl\/informacje-prawne\/","name":"Informacje prawne - Elicit Plant Polska","isPartOf":{"@id":"https:\/\/www.elicit-plant.com\/pl\/#website"},"datePublished":"2023-12-28T09:23:48+00:00","dateModified":"2025-10-07T12:42:54+00:00","breadcrumb":{"@id":"https:\/\/www.elicit-plant.com\/pl\/informacje-prawne\/#breadcrumb"},"inLanguage":"pl-PL","potentialAction":[{"@type":"ReadAction","target":["https:\/\/www.elicit-plant.com\/pl\/informacje-prawne\/"]}]},{"@type":"BreadcrumbList","@id":"https:\/\/www.elicit-plant.com\/pl\/informacje-prawne\/#breadcrumb","itemListElement":[{"@type":"ListItem","position":1,"name":"Strona g\u0142\u00f3wna","item":"https:\/\/www.elicit-plant.com\/pl\/"},{"@type":"ListItem","position":2,"name":"Informacje prawne"}]},{"@type":"WebSite","@id":"https:\/\/www.elicit-plant.com\/pl\/#website","url":"https:\/\/www.elicit-plant.com\/pl\/","name":"Elicit Plant Polska","description":"Elicit Plant jest \u015bwiatowym liderem w zarz\u0105dzaniu stresem wodnym w uprawach polowych przy u\u017cyciu fitosteroli","potentialAction":[{"@type":"SearchAction","target":{"@type":"EntryPoint","urlTemplate":"https:\/\/www.elicit-plant.com\/pl\/?s={search_term_string}"},"query-input":{"@type":"PropertyValueSpecification","valueRequired":true,"valueName":"search_term_string"}}],"inLanguage":"pl-PL"}]}},"_links":{"self":[{"href":"https:\/\/www.elicit-plant.com\/pl\/wp-json\/wp\/v2\/pages\/160","targetHints":{"allow":["GET"]}}],"collection":[{"href":"https:\/\/www.elicit-plant.com\/pl\/wp-json\/wp\/v2\/pages"}],"about":[{"href":"https:\/\/www.elicit-plant.com\/pl\/wp-json\/wp\/v2\/types\/page"}],"author":[{"embeddable":true,"href":"https:\/\/www.elicit-plant.com\/pl\/wp-json\/wp\/v2\/users\/6"}],"replies":[{"embeddable":true,"href":"https:\/\/www.elicit-plant.com\/pl\/wp-json\/wp\/v2\/comments?post=160"}],"version-history":[{"count":4,"href":"https:\/\/www.elicit-plant.com\/pl\/wp-json\/wp\/v2\/pages\/160\/revisions"}],"predecessor-version":[{"id":1071,"href":"https:\/\/www.elicit-plant.com\/pl\/wp-json\/wp\/v2\/pages\/160\/revisions\/1071"}],"wp:attachment":[{"href":"https:\/\/www.elicit-plant.com\/pl\/wp-json\/wp\/v2\/media?parent=160"}],"curies":[{"name":"wp","href":"https:\/\/api.w.org\/{rel}","templated":true}]}}