{"id":17,"date":"2023-12-28T10:00:17","date_gmt":"2023-12-28T09:00:17","guid":{"rendered":"https:\/\/www.elicit-plant.com\/pl\/?page_id=17"},"modified":"2026-03-10T10:28:37","modified_gmt":"2026-03-10T09:28:37","slug":"elicit-plant-w-skrocie","status":"publish","type":"page","link":"https:\/\/www.elicit-plant.com\/pl\/elicit-plant-w-skrocie\/","title":{"rendered":"Elicit Plant w pigu\u0142ce"},"content":{"rendered":"<section class=\"cbo-hero cbo-margin-container hero--colorgreen\" data-anim-group>\n\t<div class=\"cbo-breadcrumbs breadcrumbs--normal\">\n  <div class=\"breadcrumbs-inner\">\n    <span><span><a href=\"https:\/\/www.elicit-plant.com\/pl\/\">Strona g\u0142\u00f3wna<\/a><\/span><\/span>\t<\/div>\n<\/div>\n\t<div class=\"hero-inner cbo-container container--padding\">\n\n\t\t<div class=\"hero-shapes\">\n\t\t\t<div class=\"shapes-color scale-up\"><\/div>\n\n\t\t\t<div class=\"shapes-picture cbo-picture-cover scale-up\"  data-delay=\"450\">\n\t\t\t\t\t\t\t<\/div>\n\t\t<\/div>\n\n\t\t<div class=\"hero-content cbo-cms cms--large cms--white\">\n\t\t\t<div class=\"content-text\">\n\t\t\t\t<h1 class=\"hero-title cbo-heading slide-down\">\n\t\t\t\t\tElicit Plant w skr\u00f3cie \t\t\t\t<\/h1>\n\n\t\t\t\t\t\t\t<\/div>\n\t\t<\/div>\n\n\t<\/div>\n<\/section>\n\n\n<section class=\"cbo-textblocks\">\n    <div class=\"textblocks-inner cbo-container\">\n\n        \t\t\t<h2 class=\"textblocks-title cbo-title-2\">\n\t\t\t\tKluczowe dane\t\t\t<\/h2>\n    \t\n\n        \n        <div class=\"textblocks-list\">\n                        \n                                    <span class=\"list-el scale-up\" data-delay=\"0\">\n                \n                    <span class=\"el-inner inner--colorbrown cbo-cms cms--white\">\n                        \n                                                    <span class=\"el-title\">\n                                76                            <\/span>\n                        \n                                                    <span class=\"el-content\">\n                                Pracownik\u00f3w w 2024 roku                            <\/span>\n                        \n                                            <\/span>\n\n                                    <\/span>\n                \n                        \n                                    <span class=\"list-el scale-up\" data-delay=\"100\">\n                \n                    <span class=\"el-inner inner--colorgreen cbo-cms cms--white\">\n                        \n                                                    <span class=\"el-title\">\n                                8                            <\/span>\n                        \n                                                    <span class=\"el-content\">\n                                Mi\u0119dzynarodowych lokalizacji                             <\/span>\n                        \n                                            <\/span>\n\n                                    <\/span>\n                \n                        \n                                    <span class=\"list-el scale-up\" data-delay=\"200\">\n                \n                    <span class=\"el-inner inner--coloryellow cbo-cms cms--white\">\n                        \n                                                    <span class=\"el-title\">\n                                #1                            <\/span>\n                        \n                                                    <span class=\"el-content\">\n                                \u015awiatowy lider w zarz\u0105dzaniu stresem wodnym w uprawach polowych                            <\/span>\n                        \n                                            <\/span>\n\n                                    <\/span>\n                \n                    <\/div>\n\n        \t\t\t<div class=\"textblocks-button\">\n\t\t\t\t\t\t\t<\/div>\n\t\t\n    <\/div>\n<\/section>\n\n\n<section class=\"cbo-textblocks\">\n    <div class=\"textblocks-inner cbo-container\">\n\n        \t\t\t<h2 class=\"textblocks-title cbo-title-2\">\n\t\t\t\tR\u00f3wno\u015b\u0107 p\u0142ci\t\t\t<\/h2>\n    \t\n\n        \t\t\t<div class=\"textblocks-chapo cbo-chapo\">\n\t\t\t\tElicit Plant jest zaanga\u017cowana w wyr\u00f3wnywaniu szans i r\u00f3wnowagi p\u0142ci.\t\t\t<\/div>\n    \t\n        <div class=\"textblocks-list\">\n                        \n                                    <span class=\"list-el scale-up\" data-delay=\"0\">\n                \n                    <span class=\"el-inner inner--colorbrown cbo-cms cms--white\">\n                        \n                                                    <span class=\"el-title\">\n                                Kobiety                            <\/span>\n                        \n                                                    <span class=\"el-content\">\n                                42%                            <\/span>\n                        \n                                            <\/span>\n\n                                    <\/span>\n                \n                        \n                                    <span class=\"list-el scale-up\" data-delay=\"100\">\n                \n                    <span class=\"el-inner inner--coloryellow cbo-cms cms--white\">\n                        \n                                                    <span class=\"el-title\">\n                                M\u0119\u017cczy\u017ani                            <\/span>\n                        \n                                                    <span class=\"el-content\">\n                                58%                            <\/span>\n                        \n                                            <\/span>\n\n                                    <\/span>\n                \n                    <\/div>\n\n        \t\t\t<div class=\"textblocks-button\">\n\t\t\t\t\t\t\t<\/div>\n\t\t\n    <\/div>\n<\/section>\n\n<section class=\"cbo-text cbo-margin-container\">\n    <div class=\"\n        text-inner\n                cbo-container\n        container--normal        \"\n    >\n        <div class=\"text-content cbo-cms cms--large\">\n            <h3>Indeks r\u00f3wno\u015bci kobiet i m\u0119\u017cczyzn 2025<\/h3>\n<p>W Elicit Plant zobowi\u0105zujemy si\u0119 do zapewnienia sprawiedliwego i r\u00f3wnego wynagrodzenia dla wszystkich.<br \/>\nW 2025 roku nasz Indeks r\u00f3wno\u015bci kobiet i m\u0119\u017cczyzn osi\u0105gn\u0105\u0142 poziom 79\/100, co odzwierciedla nasze ci\u0105g\u0142e dzia\u0142ania na rzecz r\u00f3wno\u015bci wynagrodze\u0144.<\/p>\n<p><strong>Szczeg\u00f3\u0142y wyniku:<\/strong><\/p>\n<ul>\n<li>R\u00f3\u017cnica w wynagrodzeniach: 39\/40<\/li>\n<\/ul>\n<p>Kontynuujemy realizacj\u0119 polityki wynagrodze\u0144 opartej na obiektywnej ocenie kompetencji i zakresu odpowiedzialno\u015bci, aby zapewni\u0107 trwa\u0142\u0105 r\u00f3wno\u015b\u0107 mi\u0119dzy kobietami i m\u0119\u017cczyznami.<\/p>\n<ul>\n<li>R\u00f3\u017cnica w poziomie podwy\u017cek: 35\/35<\/li>\n<li>Powr\u00f3t z urlopu macierzy\u0144skiego: 0\/15<\/li>\n<\/ul>\n<p>Po powrocie z urlopu macierzy\u0144skiego zwr\u00f3cimy szczeg\u00f3ln\u0105 uwag\u0119 na aktualizacj\u0119 zakresu stanowiska oraz dostosowanie wynagrodzenia, aby zapewni\u0107 powr\u00f3t do pracy w w pe\u0142ni sprawiedliwych warunkach.<\/p>\n<ul>\n<li>Najwy\u017csze wynagrodzenia: 5\/10<\/li>\n<\/ul>\n<p>W przypadku stanowisk o wysokim poziomie odpowiedzialno\u015bci b\u0119dziemy wspiera\u0107 wi\u0119ksz\u0105 r\u00f3wnowag\u0119 p\u0142ci, dbaj\u0105c o identyfikacj\u0119 wykwalifikowanych kandydatek oraz, przy r\u00f3wnych kompetencjach, promuj\u0105c r\u00f3\u017cnorodno\u015b\u0107 w celu wzmocnienia r\u00f3wnowagi w\u015br\u00f3d najwy\u017cszych wynagrodze\u0144.<\/p>\n<p>&nbsp;<\/p>\n<p>Nasza polityka wynagrodze\u0144 opiera si\u0119 na trzech kluczowych zasadach: uznaniu kompetencji, dopasowaniu do zakresu odpowiedzialno\u015bci ka\u017cdego stanowiska oraz zgodno\u015bci z trendami rynkowymi. Zapewniamy r\u00f3wno\u015b\u0107 wewn\u0119trzn\u0105, oceniaj\u0105c kompetencje i wyniki pracy w spos\u00f3b obiektywny, bez wzgl\u0119du na p\u0142e\u0107.<\/p>\n\n            <div style=\"clear: both;\"><\/div>\n        <\/div>\n    <\/div>\n<\/section>\n\n\n<section class=\"cbo-text cbo-margin-container\">\n    <div class=\"\n        text-inner\n                cbo-container\n        container--normal        \"\n    >\n        <div class=\"text-content cbo-cms cms--large\">\n            <h2><strong>ESG<\/strong><\/h2>\n<p><span class=\"TextRun SCXW66676243 BCX0\" lang=\"FR-FR\" xml:lang=\"FR-FR\" data-contrast=\"none\"><span class=\"NormalTextRun SCXW66676243 BCX0\">ESG <\/span><span class=\"NormalTextRun SpellingErrorV2Themed SCXW66676243 BCX0\">jest<\/span> <span class=\"NormalTextRun SpellingErrorV2Themed SCXW66676243 BCX0\">kluczowym<\/span> <span class=\"NormalTextRun SpellingErrorV2Themed SCXW66676243 BCX0\">priorytetem<\/span><span class=\"NormalTextRun SCXW66676243 BCX0\"> w Elicit Plant i nie <\/span><span class=\"NormalTextRun SpellingErrorV2Themed SCXW66676243 BCX0\">bez<\/span> <span class=\"NormalTextRun SpellingErrorV2Themed SCXW66676243 BCX0\">powodu<\/span><span class=\"NormalTextRun SCXW66676243 BCX0\">. <\/span><span class=\"NormalTextRun SpellingErrorV2Themed SCXW66676243 BCX0\">Podstawowa<\/span> <span class=\"NormalTextRun SpellingErrorV2Themed SCXW66676243 BCX0\">dzia\u0142alno\u015b\u0107<\/span> <span class=\"NormalTextRun SpellingErrorV2Themed SCXW66676243 BCX0\">firmy<\/span> <span class=\"NormalTextRun SpellingErrorV2Themed SCXW66676243 BCX0\">opiera<\/span> <span class=\"NormalTextRun SpellingErrorV2Themed SCXW66676243 BCX0\">si\u0119<\/span><span class=\"NormalTextRun SCXW66676243 BCX0\"> na <\/span><span class=\"NormalTextRun SpellingErrorV2Themed SCXW66676243 BCX0\">kwestiach<\/span> <span class=\"NormalTextRun SpellingErrorV2Themed SCXW66676243 BCX0\">\u015brodowiskowych<\/span><span class=\"NormalTextRun SCXW66676243 BCX0\">. Elicit Plant z <\/span><span class=\"NormalTextRun SpellingErrorV2Themed SCXW66676243 BCX0\">dum\u0105<\/span> <span class=\"NormalTextRun SpellingErrorV2Themed SCXW66676243 BCX0\">dostosowuje<\/span> <span class=\"NormalTextRun SpellingErrorV2Themed SCXW66676243 BCX0\">sw\u00f3j<\/span> <span class=\"NormalTextRun SpellingErrorV2Themed SCXW66676243 BCX0\">rozw\u00f3j<\/span><span class=\"NormalTextRun SCXW66676243 BCX0\"> do <\/span><span class=\"NormalTextRun SpellingErrorV2Themed SCXW66676243 BCX0\">tych<\/span> <span class=\"NormalTextRun SpellingErrorV2Themed SCXW66676243 BCX0\">rocznych<\/span> <span class=\"NormalTextRun SpellingErrorV2Themed SCXW66676243 BCX0\">cel\u00f3w<\/span><span class=\"NormalTextRun SCXW66676243 BCX0\">.<\/span><\/span><span class=\"EOP SCXW66676243 BCX0\" data-ccp-props=\"{&quot;134233117&quot;:true,&quot;201341983&quot;:0,&quot;335559739&quot;:0,&quot;335559740&quot;:240}\">\u00a0<\/span><\/p>\n\n            <div style=\"clear: both;\"><\/div>\n        <\/div>\n    <\/div>\n<\/section>\n","protected":false},"excerpt":{"rendered":"<p>Indeks r\u00f3wno\u015bci kobiet i m\u0119\u017cczyzn 2025 W Elicit Plant zobowi\u0105zujemy si\u0119 do zapewnienia sprawiedliwego i r\u00f3wnego wynagrodzenia dla wszystkich. W 2025 roku nasz Indeks r\u00f3wno\u015bci kobiet i m\u0119\u017cczyzn osi\u0105gn\u0105\u0142 poziom 79\/100, co odzwierciedla nasze ci\u0105g\u0142e dzia\u0142ania na rzecz r\u00f3wno\u015bci wynagrodze\u0144. Szczeg\u00f3\u0142y wyniku: R\u00f3\u017cnica w wynagrodzeniach: 39\/40 Kontynuujemy realizacj\u0119 polityki wynagrodze\u0144 opartej na obiektywnej ocenie kompetencji i zakresu odpowiedzialno\u015bci, aby zapewni\u0107 trwa\u0142\u0105 r\u00f3wno\u015b\u0107 mi\u0119dzy kobietami i m\u0119\u017cczyznami. R\u00f3\u017cnica w poziomie podwy\u017cek: 35\/35 Powr\u00f3t z urlopu macierzy\u0144skiego: 0\/15 Po powrocie z urlopu macierzy\u0144skiego zwr\u00f3cimy szczeg\u00f3ln\u0105 uwag\u0119 na aktualizacj\u0119 zakresu stanowiska oraz dostosowanie wynagrodzenia, aby zapewni\u0107 powr\u00f3t do pracy w w pe\u0142ni sprawiedliwych warunkach. Najwy\u017csze wynagrodzenia: 5\/10 W przypadku stanowisk o wysokim poziomie odpowiedzialno\u015bci b\u0119dziemy wspiera\u0107 wi\u0119ksz\u0105 r\u00f3wnowag\u0119 p\u0142ci, dbaj\u0105c o identyfikacj\u0119&#8230;<\/p>\n","protected":false},"author":6,"featured_media":0,"parent":0,"menu_order":0,"comment_status":"closed","ping_status":"closed","template":"","meta":{"_acf_changed":false,"footnotes":""},"class_list":["post-17","page","type-page","status-publish","hentry"],"acf":[],"yoast_head":"<!-- This site is optimized with the Yoast SEO plugin v27.2 - https:\/\/yoast.com\/product\/yoast-seo-wordpress\/ -->\n<title>Elicit Plant w pigu\u0142ce: kluczowe dane, parytet i ESG - Elicit Plant Poland<\/title>\n<meta name=\"description\" content=\"Chcesz dowiedzie\u0107 si\u0119 wi\u0119cej o Elicit Plant? W takim razie jeste\u015b we w\u0142a\u015bciwym miejscu!\" \/>\n<meta name=\"robots\" content=\"index, follow, max-snippet:-1, max-image-preview:large, max-video-preview:-1\" \/>\n<link rel=\"canonical\" href=\"https:\/\/www.elicit-plant.com\/pl\/elicit-plant-w-skrocie\/\" \/>\n<meta property=\"og:locale\" content=\"pl_PL\" \/>\n<meta property=\"og:type\" content=\"article\" \/>\n<meta property=\"og:title\" content=\"Elicit Plant w pigu\u0142ce: kluczowe dane, parytet i ESG - Elicit Plant Poland\" \/>\n<meta property=\"og:description\" content=\"Chcesz dowiedzie\u0107 si\u0119 wi\u0119cej o Elicit Plant? W takim razie jeste\u015b we w\u0142a\u015bciwym miejscu!\" \/>\n<meta property=\"og:url\" content=\"https:\/\/www.elicit-plant.com\/pl\/elicit-plant-w-skrocie\/\" \/>\n<meta property=\"og:site_name\" content=\"Elicit Plant Polska\" \/>\n<meta property=\"article:modified_time\" content=\"2026-03-10T09:28:37+00:00\" \/>\n<meta name=\"twitter:card\" content=\"summary_large_image\" \/>\n<script type=\"application\/ld+json\" class=\"yoast-schema-graph\">{\"@context\":\"https:\/\/schema.org\",\"@graph\":[{\"@type\":\"WebPage\",\"@id\":\"https:\/\/www.elicit-plant.com\/pl\/elicit-plant-w-skrocie\/\",\"url\":\"https:\/\/www.elicit-plant.com\/pl\/elicit-plant-w-skrocie\/\",\"name\":\"Elicit Plant w pigu\u0142ce: kluczowe dane, parytet i ESG - Elicit Plant Poland\",\"isPartOf\":{\"@id\":\"https:\/\/www.elicit-plant.com\/pl\/#website\"},\"datePublished\":\"2023-12-28T09:00:17+00:00\",\"dateModified\":\"2026-03-10T09:28:37+00:00\",\"description\":\"Chcesz dowiedzie\u0107 si\u0119 wi\u0119cej o Elicit Plant? W takim razie jeste\u015b we w\u0142a\u015bciwym miejscu!\",\"breadcrumb\":{\"@id\":\"https:\/\/www.elicit-plant.com\/pl\/elicit-plant-w-skrocie\/#breadcrumb\"},\"inLanguage\":\"pl-PL\",\"potentialAction\":[{\"@type\":\"ReadAction\",\"target\":[\"https:\/\/www.elicit-plant.com\/pl\/elicit-plant-w-skrocie\/\"]}]},{\"@type\":\"BreadcrumbList\",\"@id\":\"https:\/\/www.elicit-plant.com\/pl\/elicit-plant-w-skrocie\/#breadcrumb\",\"itemListElement\":[{\"@type\":\"ListItem\",\"position\":1,\"name\":\"Strona g\u0142\u00f3wna\",\"item\":\"https:\/\/www.elicit-plant.com\/pl\/\"},{\"@type\":\"ListItem\",\"position\":2,\"name\":\"Elicit Plant w pigu\u0142ce\"}]},{\"@type\":\"WebSite\",\"@id\":\"https:\/\/www.elicit-plant.com\/pl\/#website\",\"url\":\"https:\/\/www.elicit-plant.com\/pl\/\",\"name\":\"Elicit Plant Polska\",\"description\":\"Elicit Plant jest \u015bwiatowym liderem w zarz\u0105dzaniu stresem wodnym w uprawach polowych przy u\u017cyciu fitosteroli\",\"potentialAction\":[{\"@type\":\"SearchAction\",\"target\":{\"@type\":\"EntryPoint\",\"urlTemplate\":\"https:\/\/www.elicit-plant.com\/pl\/?s={search_term_string}\"},\"query-input\":{\"@type\":\"PropertyValueSpecification\",\"valueRequired\":true,\"valueName\":\"search_term_string\"}}],\"inLanguage\":\"pl-PL\"}]}<\/script>\n<!-- \/ Yoast SEO plugin. -->","yoast_head_json":{"title":"Elicit Plant w pigu\u0142ce: kluczowe dane, parytet i ESG - Elicit Plant Poland","description":"Chcesz dowiedzie\u0107 si\u0119 wi\u0119cej o Elicit Plant? W takim razie jeste\u015b we w\u0142a\u015bciwym miejscu!","robots":{"index":"index","follow":"follow","max-snippet":"max-snippet:-1","max-image-preview":"max-image-preview:large","max-video-preview":"max-video-preview:-1"},"canonical":"https:\/\/www.elicit-plant.com\/pl\/elicit-plant-w-skrocie\/","og_locale":"pl_PL","og_type":"article","og_title":"Elicit Plant w pigu\u0142ce: kluczowe dane, parytet i ESG - Elicit Plant Poland","og_description":"Chcesz dowiedzie\u0107 si\u0119 wi\u0119cej o Elicit Plant? W takim razie jeste\u015b we w\u0142a\u015bciwym miejscu!","og_url":"https:\/\/www.elicit-plant.com\/pl\/elicit-plant-w-skrocie\/","og_site_name":"Elicit Plant Polska","article_modified_time":"2026-03-10T09:28:37+00:00","twitter_card":"summary_large_image","schema":{"@context":"https:\/\/schema.org","@graph":[{"@type":"WebPage","@id":"https:\/\/www.elicit-plant.com\/pl\/elicit-plant-w-skrocie\/","url":"https:\/\/www.elicit-plant.com\/pl\/elicit-plant-w-skrocie\/","name":"Elicit Plant w pigu\u0142ce: kluczowe dane, parytet i ESG - Elicit Plant Poland","isPartOf":{"@id":"https:\/\/www.elicit-plant.com\/pl\/#website"},"datePublished":"2023-12-28T09:00:17+00:00","dateModified":"2026-03-10T09:28:37+00:00","description":"Chcesz dowiedzie\u0107 si\u0119 wi\u0119cej o Elicit Plant? W takim razie jeste\u015b we w\u0142a\u015bciwym miejscu!","breadcrumb":{"@id":"https:\/\/www.elicit-plant.com\/pl\/elicit-plant-w-skrocie\/#breadcrumb"},"inLanguage":"pl-PL","potentialAction":[{"@type":"ReadAction","target":["https:\/\/www.elicit-plant.com\/pl\/elicit-plant-w-skrocie\/"]}]},{"@type":"BreadcrumbList","@id":"https:\/\/www.elicit-plant.com\/pl\/elicit-plant-w-skrocie\/#breadcrumb","itemListElement":[{"@type":"ListItem","position":1,"name":"Strona g\u0142\u00f3wna","item":"https:\/\/www.elicit-plant.com\/pl\/"},{"@type":"ListItem","position":2,"name":"Elicit Plant w pigu\u0142ce"}]},{"@type":"WebSite","@id":"https:\/\/www.elicit-plant.com\/pl\/#website","url":"https:\/\/www.elicit-plant.com\/pl\/","name":"Elicit Plant Polska","description":"Elicit Plant jest \u015bwiatowym liderem w zarz\u0105dzaniu stresem wodnym w uprawach polowych przy u\u017cyciu fitosteroli","potentialAction":[{"@type":"SearchAction","target":{"@type":"EntryPoint","urlTemplate":"https:\/\/www.elicit-plant.com\/pl\/?s={search_term_string}"},"query-input":{"@type":"PropertyValueSpecification","valueRequired":true,"valueName":"search_term_string"}}],"inLanguage":"pl-PL"}]}},"_links":{"self":[{"href":"https:\/\/www.elicit-plant.com\/pl\/wp-json\/wp\/v2\/pages\/17","targetHints":{"allow":["GET"]}}],"collection":[{"href":"https:\/\/www.elicit-plant.com\/pl\/wp-json\/wp\/v2\/pages"}],"about":[{"href":"https:\/\/www.elicit-plant.com\/pl\/wp-json\/wp\/v2\/types\/page"}],"author":[{"embeddable":true,"href":"https:\/\/www.elicit-plant.com\/pl\/wp-json\/wp\/v2\/users\/6"}],"replies":[{"embeddable":true,"href":"https:\/\/www.elicit-plant.com\/pl\/wp-json\/wp\/v2\/comments?post=17"}],"version-history":[{"count":5,"href":"https:\/\/www.elicit-plant.com\/pl\/wp-json\/wp\/v2\/pages\/17\/revisions"}],"predecessor-version":[{"id":1148,"href":"https:\/\/www.elicit-plant.com\/pl\/wp-json\/wp\/v2\/pages\/17\/revisions\/1148"}],"wp:attachment":[{"href":"https:\/\/www.elicit-plant.com\/pl\/wp-json\/wp\/v2\/media?parent=17"}],"curies":[{"name":"wp","href":"https:\/\/api.w.org\/{rel}","templated":true}]}}