{"id":234,"date":"2023-12-29T10:48:06","date_gmt":"2023-12-29T09:48:06","guid":{"rendered":"https:\/\/www.elicit-plant.com\/pl\/?page_id=234"},"modified":"2025-02-13T19:07:32","modified_gmt":"2025-02-13T18:07:32","slug":"kultury-i-wartosci","status":"publish","type":"page","link":"https:\/\/www.elicit-plant.com\/pl\/kultury-i-wartosci\/","title":{"rendered":"Kultura i warto\u015bci"},"content":{"rendered":"<section class=\"cbo-hero cbo-margin-container hero--colorgreen\" data-anim-group>\n\t<div class=\"cbo-breadcrumbs breadcrumbs--normal\">\n  <div class=\"breadcrumbs-inner\">\n    <span><span><a href=\"https:\/\/www.elicit-plant.com\/pl\/\">Strona g\u0142\u00f3wna<\/a><\/span><\/span>\t<\/div>\n<\/div>\n\t<div class=\"hero-inner cbo-container container--padding\">\n\n\t\t<div class=\"hero-shapes\">\n\t\t\t<div class=\"shapes-color scale-up\"><\/div>\n\n\t\t\t<div class=\"shapes-picture cbo-picture-cover scale-up\"  data-delay=\"450\">\n\t\t\t\t\t\t\t<\/div>\n\t\t<\/div>\n\n\t\t<div class=\"hero-content cbo-cms cms--large cms--white\">\n\t\t\t<div class=\"content-text\">\n\t\t\t\t<h1 class=\"hero-title cbo-heading slide-down\">\n\t\t\t\t\tKultura, warto\u015bci i cel\t\t\t\t<\/h1>\n\n\t\t\t\t\t\t\t<\/div>\n\t\t<\/div>\n\n\t<\/div>\n<\/section>\n\n<section class=\"cbo-text cbo-margin-container\">\n    <div class=\"\n        text-inner\n                cbo-container\n        container--small        \"\n    >\n        <div class=\"text-content cbo-cms cms--large\">\n            <p><img decoding=\"async\" src=\"https:\/\/www.elicit-plant.com\/wp-content\/uploads\/2023\/07\/Elicit-Plant-logo-full-color-rgb-standard.png\" \/><\/p>\n<h2><\/h2>\n<h2 style=\"text-align: center\"><strong>Nasza misja<\/strong><\/h2>\n<h3 style=\"text-align: center\">Zabezpieczenie przysz\u0142o\u015bci produkcji \u017cywno\u015bci poprzez innowacje naukowe wspieraj\u0105ce zr\u00f3wnowa\u017cone, ekologiczne i odpowiedzialne rolnictwo.<\/h3>\n\n            <div style=\"clear: both;\"><\/div>\n        <\/div>\n    <\/div>\n<\/section>\n\n\n<section class=\"cbo-picture picture--contained\">\n\t<div class=\"picture-inner cbo-container container--small\">\n\t\t<div class=\"picture-element cbo-picture-cover\">\n\t\t\t<img decoding=\"async\" src=\"https:\/\/www.elicit-plant.com\/app\/uploads\/sites\/6\/2023\/12\/elicit-plant-est-en-phase-avec-le-plan-eau-du-gouvernement.webp\" srcset=\"https:\/\/www.elicit-plant.com\/app\/uploads\/sites\/6\/2023\/12\/elicit-plant-est-en-phase-avec-le-plan-eau-du-gouvernement-320x180.webp 320w, https:\/\/www.elicit-plant.com\/app\/uploads\/sites\/6\/2023\/12\/elicit-plant-est-en-phase-avec-le-plan-eau-du-gouvernement-768x432.webp 840w, https:\/\/www.elicit-plant.com\/app\/uploads\/sites\/6\/2023\/12\/elicit-plant-est-en-phase-avec-le-plan-eau-du-gouvernement.webp 1024w, https:\/\/www.elicit-plant.com\/app\/uploads\/sites\/6\/2023\/12\/elicit-plant-est-en-phase-avec-le-plan-eau-du-gouvernement.webp 1400w\" class=\"\" alt=\"Zdj\u0119cie li\u015bcia z kropl\u0105 wody w zbli\u017ceniu\" width=\"1000\" height=\"562\" sizes=\"auto, 100vw\" loading=\"lazy\" \/>\t\t<\/div>\n\n\t\t\t<\/div>\n<\/section>\n\n\n<section class=\"cbo-textblocks\">\n    <div class=\"textblocks-inner cbo-container\">\n\n        \t\t\t<h2 class=\"textblocks-title cbo-title-2\">\n\t\t\t\tPACE\t\t\t<\/h2>\n    \t\n\n        \t\t\t<div class=\"textblocks-chapo cbo-chapo\">\n\t\t\t\tSpo\u0142eczno\u015b\u0107 Elicit Plant jednoczy si\u0119 wok\u00f3\u0142 4 wsp\u00f3lnych warto\u015bci pod akronimem PACE: Positive &#8211; Pozytywny, Agile &#8211; Elastyczny, Collective &#8211; Kolektywny  i Engaged &#8211; Zaanga\u017cowany\t\t\t<\/div>\n    \t\n        <div class=\"textblocks-list\">\n                        \n                                    <span class=\"list-el scale-up\" data-delay=\"0\">\n                \n                    <span class=\"el-inner inner--coloryellow cbo-cms cms--white\">\n                        \n                                                    <span class=\"el-title\">\n                                Pozytywny                            <\/span>\n                        \n                                                    <span class=\"el-content\">\n                                Wiesz, jak najlepiej wykorzysta\u0107 ka\u017cd\u0105 sytuacj\u0119, a twoi koledzy uwielbiaj\u0105 twoj\u0105 pogodn\u0105 natur\u0119                            <\/span>\n                        \n                                            <\/span>\n\n                                    <\/span>\n                \n                        \n                                    <span class=\"list-el scale-up\" data-delay=\"100\">\n                \n                    <span class=\"el-inner inner--colorbrown cbo-cms cms--white\">\n                        \n                                                    <span class=\"el-title\">\n                                Elastyczny                            <\/span>\n                        \n                                                    <span class=\"el-content\">\n                                Jeste\u015b dociekliwy i potrafisz si\u0119 dostosowa\u0107                             <\/span>\n                        \n                                            <\/span>\n\n                                    <\/span>\n                \n                    <\/div>\n\n        \t\t\t<div class=\"textblocks-button\">\n\t\t\t\t\t\t\t<\/div>\n\t\t\n    <\/div>\n<\/section>\n\n\n<section class=\"cbo-textblocks\">\n    <div class=\"textblocks-inner cbo-container\">\n\n        \n\n        \n        <div class=\"textblocks-list\">\n                        \n                                    <span class=\"list-el scale-up\" data-delay=\"0\">\n                \n                    <span class=\"el-inner inner--colorbrown cbo-cms cms--white\">\n                        \n                                                    <span class=\"el-title\">\n                                Kolektywny                            <\/span>\n                        \n                                                    <span class=\"el-content\">\n                                Wierzysz, \u017ce pracuj\u0105c razem mo\u017cemy osi\u0105gn\u0105\u0107 wi\u0119cej                            <\/span>\n                        \n                                            <\/span>\n\n                                    <\/span>\n                \n                        \n                                    <span class=\"list-el scale-up\" data-delay=\"100\">\n                \n                    <span class=\"el-inner inner--coloryellow cbo-cms cms--white\">\n                        \n                                                    <span class=\"el-title\">\n                                Zaanga\u017cowany                            <\/span>\n                        \n                                                    <span class=\"el-content\">\n                                Twojej motywacji nic nie powstrzyma!                            <\/span>\n                        \n                                            <\/span>\n\n                                    <\/span>\n                \n                    <\/div>\n\n        \t\t\t<div class=\"textblocks-button\">\n\t\t\t\t\t\t\t<\/div>\n\t\t\n    <\/div>\n<\/section>\n\n\n<section class=\"cbo-checkerboard checkerboard--normal\">\n    <div class=\"checkerboard-inner\">\n\n        <div class=\"checkerboard-picture\">\n            <div class=\"picture-inner cbo-picture-cover\">\n                <img decoding=\"async\" src=\"https:\/\/www.elicit-plant.com\/app\/uploads\/sites\/6\/2024\/12\/Elicit-Plant-team-picture-320x213.jpg\" srcset=\"https:\/\/www.elicit-plant.com\/app\/uploads\/sites\/6\/2024\/12\/Elicit-Plant-team-picture-320x213.jpg 320w, https:\/\/www.elicit-plant.com\/app\/uploads\/sites\/6\/2024\/12\/Elicit-Plant-team-picture-768x512.jpg 768w, https:\/\/www.elicit-plant.com\/app\/uploads\/sites\/6\/2024\/12\/Elicit-Plant-team-picture-1024x683.jpg 1024w\" class=\"\" alt=\"Elicit Plant team\" width=\"320\" height=\"213\" sizes=\"auto, 100vw\" loading=\"lazy\" \/>            <\/div>\n        <\/div>\n        \n        <div class=\"checkerboard-content content--green cbo-cms cms--white\">\n            <div class=\"content-text\">\n                                    <span class=\"content-uptitle\">\n                        Kluczowe momenty w roku                    <\/span>\n                \n                <div class=\"content-title cbo-title-3\">\n                    Poniewa\u017c sp\u00f3jno\u015b\u0107 jest wa\u017cn\u0105 kwesti\u0105, Elicit Plant organizuje kilkana\u015bcie spotka\u0144 w ci\u0105gu roku, zapewniaj\u0105c mo\u017cliwo\u015b\u0107 lepszego poznania si\u0119 i zacie\u015bnienia wi\u0119zi mi\u0119dzy dzia\u0142ami                <\/div>\n            <\/div>\n        <\/div>\n\n    <\/div>\n<\/section>\n\n\n<section class=\"cbo-checkerboard checkerboard--reverse\">\n    <div class=\"checkerboard-inner\">\n\n        <div class=\"checkerboard-picture\">\n            <div class=\"picture-inner cbo-picture-cover\">\n                <img decoding=\"async\" src=\"https:\/\/www.elicit-plant.com\/app\/uploads\/sites\/6\/2023\/12\/Photo-equipe--320x320.png\" srcset=\"https:\/\/www.elicit-plant.com\/app\/uploads\/sites\/6\/2023\/12\/Photo-equipe--320x320.png 320w, https:\/\/www.elicit-plant.com\/app\/uploads\/sites\/6\/2023\/12\/Photo-equipe--768x768.png 768w, https:\/\/www.elicit-plant.com\/app\/uploads\/sites\/6\/2023\/12\/Photo-equipe--1024x1024.png 1024w\" class=\"\" alt=\"Dw\u00f3ch wsp\u00f3\u0142pracownik\u00f3w z Elicit Plant\" width=\"320\" height=\"320\" sizes=\"auto, 100vw\" loading=\"lazy\" \/>            <\/div>\n        <\/div>\n        \n        <div class=\"checkerboard-content content--green cbo-cms cms--white\">\n            <div class=\"content-text\">\n                \n                <div class=\"content-title cbo-title-3\">\n                    Ka\u017cdego roku wszyscy pracownicy s\u0105 zapraszani na :<br \/>\r\n<br \/>\r\nSeminarium firmowe  <br \/>\r\n<br \/>\r\nOkazje do dzielenia si\u0119 i wymiany mi\u0119dzy zespo\u0142ami badawczymi, sprzeda\u017cowymi i interdyscyplinarnymi  <br \/>\r\n<br \/>\r\nDni zapoznawcze, aby zapewni\u0107 naszym nowym pracownikom odpowiednie powitanie                <\/div>\n            <\/div>\n        <\/div>\n\n    <\/div>\n<\/section>","protected":false},"excerpt":{"rendered":"<p>Nasza misja Zabezpieczenie przysz\u0142o\u015bci produkcji \u017cywno\u015bci poprzez innowacje naukowe wspieraj\u0105ce zr\u00f3wnowa\u017cone, ekologiczne i odpowiedzialne rolnictwo.<\/p>\n","protected":false},"author":6,"featured_media":0,"parent":0,"menu_order":0,"comment_status":"closed","ping_status":"closed","template":"","meta":{"_acf_changed":false,"footnotes":""},"class_list":["post-234","page","type-page","status-publish","hentry"],"acf":[],"yoast_head":"<!-- This site is optimized with the Yoast SEO plugin v27.2 - https:\/\/yoast.com\/product\/yoast-seo-wordpress\/ -->\n<title>Kultura, warto\u015bci i cel - Elicit Plant Polska<\/title>\n<meta name=\"description\" content=\"Zapewniamy d\u0142ugoterminow\u0105 produkcj\u0119 zasob\u00f3w \u017cywno\u015bci poprzez innowacje naukowe w s\u0142u\u017cbie zr\u00f3wnowa\u017conego, ekologicznego i odpowiedzialnego rolnictwa.\" \/>\n<meta name=\"robots\" content=\"index, follow, max-snippet:-1, max-image-preview:large, max-video-preview:-1\" \/>\n<link rel=\"canonical\" href=\"https:\/\/www.elicit-plant.com\/pl\/kultury-i-wartosci\/\" \/>\n<meta property=\"og:locale\" content=\"pl_PL\" \/>\n<meta property=\"og:type\" content=\"article\" \/>\n<meta property=\"og:title\" content=\"Kultura, warto\u015bci i cel - Elicit Plant Polska\" \/>\n<meta property=\"og:description\" content=\"Zapewniamy d\u0142ugoterminow\u0105 produkcj\u0119 zasob\u00f3w \u017cywno\u015bci poprzez innowacje naukowe w s\u0142u\u017cbie zr\u00f3wnowa\u017conego, ekologicznego i odpowiedzialnego rolnictwa.\" \/>\n<meta property=\"og:url\" content=\"https:\/\/www.elicit-plant.com\/pl\/kultury-i-wartosci\/\" \/>\n<meta property=\"og:site_name\" content=\"Elicit Plant Polska\" \/>\n<meta property=\"article:modified_time\" content=\"2025-02-13T18:07:32+00:00\" \/>\n<meta name=\"twitter:card\" content=\"summary_large_image\" \/>\n<script type=\"application\/ld+json\" class=\"yoast-schema-graph\">{\"@context\":\"https:\/\/schema.org\",\"@graph\":[{\"@type\":\"WebPage\",\"@id\":\"https:\/\/www.elicit-plant.com\/pl\/kultury-i-wartosci\/\",\"url\":\"https:\/\/www.elicit-plant.com\/pl\/kultury-i-wartosci\/\",\"name\":\"Kultura, warto\u015bci i cel - Elicit Plant Polska\",\"isPartOf\":{\"@id\":\"https:\/\/www.elicit-plant.com\/pl\/#website\"},\"datePublished\":\"2023-12-29T09:48:06+00:00\",\"dateModified\":\"2025-02-13T18:07:32+00:00\",\"description\":\"Zapewniamy d\u0142ugoterminow\u0105 produkcj\u0119 zasob\u00f3w \u017cywno\u015bci poprzez innowacje naukowe w s\u0142u\u017cbie zr\u00f3wnowa\u017conego, ekologicznego i odpowiedzialnego rolnictwa.\",\"breadcrumb\":{\"@id\":\"https:\/\/www.elicit-plant.com\/pl\/kultury-i-wartosci\/#breadcrumb\"},\"inLanguage\":\"pl-PL\",\"potentialAction\":[{\"@type\":\"ReadAction\",\"target\":[\"https:\/\/www.elicit-plant.com\/pl\/kultury-i-wartosci\/\"]}]},{\"@type\":\"BreadcrumbList\",\"@id\":\"https:\/\/www.elicit-plant.com\/pl\/kultury-i-wartosci\/#breadcrumb\",\"itemListElement\":[{\"@type\":\"ListItem\",\"position\":1,\"name\":\"Strona g\u0142\u00f3wna\",\"item\":\"https:\/\/www.elicit-plant.com\/pl\/\"},{\"@type\":\"ListItem\",\"position\":2,\"name\":\"Kultura i warto\u015bci\"}]},{\"@type\":\"WebSite\",\"@id\":\"https:\/\/www.elicit-plant.com\/pl\/#website\",\"url\":\"https:\/\/www.elicit-plant.com\/pl\/\",\"name\":\"Elicit Plant Polska\",\"description\":\"Elicit Plant jest \u015bwiatowym liderem w zarz\u0105dzaniu stresem wodnym w uprawach polowych przy u\u017cyciu fitosteroli\",\"potentialAction\":[{\"@type\":\"SearchAction\",\"target\":{\"@type\":\"EntryPoint\",\"urlTemplate\":\"https:\/\/www.elicit-plant.com\/pl\/?s={search_term_string}\"},\"query-input\":{\"@type\":\"PropertyValueSpecification\",\"valueRequired\":true,\"valueName\":\"search_term_string\"}}],\"inLanguage\":\"pl-PL\"}]}<\/script>\n<!-- \/ Yoast SEO plugin. -->","yoast_head_json":{"title":"Kultura, warto\u015bci i cel - Elicit Plant Polska","description":"Zapewniamy d\u0142ugoterminow\u0105 produkcj\u0119 zasob\u00f3w \u017cywno\u015bci poprzez innowacje naukowe w s\u0142u\u017cbie zr\u00f3wnowa\u017conego, ekologicznego i odpowiedzialnego rolnictwa.","robots":{"index":"index","follow":"follow","max-snippet":"max-snippet:-1","max-image-preview":"max-image-preview:large","max-video-preview":"max-video-preview:-1"},"canonical":"https:\/\/www.elicit-plant.com\/pl\/kultury-i-wartosci\/","og_locale":"pl_PL","og_type":"article","og_title":"Kultura, warto\u015bci i cel - Elicit Plant Polska","og_description":"Zapewniamy d\u0142ugoterminow\u0105 produkcj\u0119 zasob\u00f3w \u017cywno\u015bci poprzez innowacje naukowe w s\u0142u\u017cbie zr\u00f3wnowa\u017conego, ekologicznego i odpowiedzialnego rolnictwa.","og_url":"https:\/\/www.elicit-plant.com\/pl\/kultury-i-wartosci\/","og_site_name":"Elicit Plant Polska","article_modified_time":"2025-02-13T18:07:32+00:00","twitter_card":"summary_large_image","schema":{"@context":"https:\/\/schema.org","@graph":[{"@type":"WebPage","@id":"https:\/\/www.elicit-plant.com\/pl\/kultury-i-wartosci\/","url":"https:\/\/www.elicit-plant.com\/pl\/kultury-i-wartosci\/","name":"Kultura, warto\u015bci i cel - Elicit Plant Polska","isPartOf":{"@id":"https:\/\/www.elicit-plant.com\/pl\/#website"},"datePublished":"2023-12-29T09:48:06+00:00","dateModified":"2025-02-13T18:07:32+00:00","description":"Zapewniamy d\u0142ugoterminow\u0105 produkcj\u0119 zasob\u00f3w \u017cywno\u015bci poprzez innowacje naukowe w s\u0142u\u017cbie zr\u00f3wnowa\u017conego, ekologicznego i odpowiedzialnego rolnictwa.","breadcrumb":{"@id":"https:\/\/www.elicit-plant.com\/pl\/kultury-i-wartosci\/#breadcrumb"},"inLanguage":"pl-PL","potentialAction":[{"@type":"ReadAction","target":["https:\/\/www.elicit-plant.com\/pl\/kultury-i-wartosci\/"]}]},{"@type":"BreadcrumbList","@id":"https:\/\/www.elicit-plant.com\/pl\/kultury-i-wartosci\/#breadcrumb","itemListElement":[{"@type":"ListItem","position":1,"name":"Strona g\u0142\u00f3wna","item":"https:\/\/www.elicit-plant.com\/pl\/"},{"@type":"ListItem","position":2,"name":"Kultura i warto\u015bci"}]},{"@type":"WebSite","@id":"https:\/\/www.elicit-plant.com\/pl\/#website","url":"https:\/\/www.elicit-plant.com\/pl\/","name":"Elicit Plant Polska","description":"Elicit Plant jest \u015bwiatowym liderem w zarz\u0105dzaniu stresem wodnym w uprawach polowych przy u\u017cyciu fitosteroli","potentialAction":[{"@type":"SearchAction","target":{"@type":"EntryPoint","urlTemplate":"https:\/\/www.elicit-plant.com\/pl\/?s={search_term_string}"},"query-input":{"@type":"PropertyValueSpecification","valueRequired":true,"valueName":"search_term_string"}}],"inLanguage":"pl-PL"}]}},"_links":{"self":[{"href":"https:\/\/www.elicit-plant.com\/pl\/wp-json\/wp\/v2\/pages\/234","targetHints":{"allow":["GET"]}}],"collection":[{"href":"https:\/\/www.elicit-plant.com\/pl\/wp-json\/wp\/v2\/pages"}],"about":[{"href":"https:\/\/www.elicit-plant.com\/pl\/wp-json\/wp\/v2\/types\/page"}],"author":[{"embeddable":true,"href":"https:\/\/www.elicit-plant.com\/pl\/wp-json\/wp\/v2\/users\/6"}],"replies":[{"embeddable":true,"href":"https:\/\/www.elicit-plant.com\/pl\/wp-json\/wp\/v2\/comments?post=234"}],"version-history":[{"count":11,"href":"https:\/\/www.elicit-plant.com\/pl\/wp-json\/wp\/v2\/pages\/234\/revisions"}],"predecessor-version":[{"id":754,"href":"https:\/\/www.elicit-plant.com\/pl\/wp-json\/wp\/v2\/pages\/234\/revisions\/754"}],"wp:attachment":[{"href":"https:\/\/www.elicit-plant.com\/pl\/wp-json\/wp\/v2\/media?parent=234"}],"curies":[{"name":"wp","href":"https:\/\/api.w.org\/{rel}","templated":true}]}}