{"id":273,"date":"2024-01-17T11:05:33","date_gmt":"2024-01-17T10:05:33","guid":{"rendered":"https:\/\/www.elicit-plant.com\/pl\/?page_id=273"},"modified":"2024-01-17T11:16:20","modified_gmt":"2024-01-17T10:16:20","slug":"zostan-dystrybutorem","status":"publish","type":"page","link":"https:\/\/www.elicit-plant.com\/pl\/zostan-dystrybutorem\/","title":{"rendered":"Zosta\u0144 dystrybutorem"},"content":{"rendered":"<section class=\"cbo-hero cbo-margin-container hero--colorblue\" data-anim-group>\n\t<div class=\"cbo-breadcrumbs breadcrumbs--normal\">\n  <div class=\"breadcrumbs-inner\">\n    <span><span><a href=\"https:\/\/www.elicit-plant.com\/pl\/\">Strona g\u0142\u00f3wna<\/a><\/span><\/span>\t<\/div>\n<\/div>\n\t<div class=\"hero-inner cbo-container container--padding\">\n\n\t\t<div class=\"hero-shapes\">\n\t\t\t<div class=\"shapes-color scale-up\"><\/div>\n\n\t\t\t<div class=\"shapes-picture cbo-picture-cover scale-up\"  data-delay=\"450\">\n\t\t\t\t\t\t\t<\/div>\n\t\t<\/div>\n\n\t\t<div class=\"hero-content cbo-cms cms--large cms--white\">\n\t\t\t<div class=\"content-text\">\n\t\t\t\t<h1 class=\"hero-title cbo-heading slide-down\">\n\t\t\t\t\tChcesz zosta\u0107 dystrybutorem lub znale\u017a\u0107 dystrybutora? \t\t\t\t<\/h1>\n\n\t\t\t\t\t\t\t<\/div>\n\t\t<\/div>\n\n\t<\/div>\n<\/section>\n\n\n<section class=\"cbo-forminfos\">\n\n    <div class=\"forminfos-inner cbo-container container--small\">\n                    <h2 class=\"forminfos-title\">\n                Jeste\u015b zainteresowany dystrybucj\u0105 naszych produkt\u00f3w? Szukasz dystrybutora? Napisz do nas!            <\/h2>\n         \n\n                    <div class=\"cbo-form\">\n                \n<div class=\"wpcf7 no-js\" id=\"wpcf7-f275-o1\" lang=\"pl-PL\" dir=\"ltr\" data-wpcf7-id=\"275\">\n<div class=\"screen-reader-response\"><p role=\"status\" aria-live=\"polite\" aria-atomic=\"true\"><\/p> <ul><\/ul><\/div>\n<form action=\"\/pl\/wp-json\/wp\/v2\/pages\/273#wpcf7-f275-o1\" method=\"post\" class=\"wpcf7-form init\" id=\"form--275\" aria-label=\"Formularz kontaktowy\" novalidate=\"novalidate\" data-status=\"init\">\n<fieldset class=\"hidden-fields-container\"><input type=\"hidden\" name=\"_wpcf7\" value=\"275\" \/><input type=\"hidden\" name=\"_wpcf7_version\" value=\"6.1.5\" \/><input type=\"hidden\" name=\"_wpcf7_locale\" value=\"pl_PL\" \/><input type=\"hidden\" name=\"_wpcf7_unit_tag\" value=\"wpcf7-f275-o1\" \/><input type=\"hidden\" name=\"_wpcf7_container_post\" value=\"0\" \/><input type=\"hidden\" name=\"_wpcf7_posted_data_hash\" value=\"\" \/><input type=\"hidden\" name=\"_wpcf7cf_hidden_group_fields\" value=\"[]\" \/><input type=\"hidden\" name=\"_wpcf7cf_hidden_groups\" value=\"[]\" \/><input type=\"hidden\" name=\"_wpcf7cf_visible_groups\" value=\"[]\" \/><input type=\"hidden\" name=\"_wpcf7cf_repeaters\" value=\"[]\" \/><input type=\"hidden\" name=\"_wpcf7cf_steps\" value=\"{}\" \/><input type=\"hidden\" name=\"_wpcf7cf_options\" value=\"{&quot;form_id&quot;:275,&quot;conditions&quot;:[],&quot;settings&quot;:{&quot;animation&quot;:&quot;yes&quot;,&quot;animation_intime&quot;:200,&quot;animation_outtime&quot;:200,&quot;conditions_ui&quot;:&quot;normal&quot;,&quot;notice_dismissed&quot;:false}}\" \/><input type=\"hidden\" name=\"_wpcf7_recaptcha_response\" value=\"\" \/>\n<\/fieldset>\n<div class=\"form-field\">\n    <div class=\"field-inner\">\n        <label>IMI\u0118*<\/label>\n        <span class=\"wpcf7-form-control-wrap\" data-name=\"contact_name\"><input size=\"40\" maxlength=\"400\" class=\"wpcf7-form-control wpcf7-text wpcf7-validates-as-required\" autocomplete=\"name\" aria-required=\"true\" aria-invalid=\"false\" value=\"\" type=\"text\" name=\"contact_name\" \/><\/span>\n    <\/div>\n<\/div>\n\n<div class=\"form-field\">\n    <div class=\"field-inner\">\n        <label>NAZWISKO*<\/label>\n        <span class=\"wpcf7-form-control-wrap\" data-name=\"contact_firstname\"><input size=\"40\" maxlength=\"400\" class=\"wpcf7-form-control wpcf7-text wpcf7-validates-as-required\" aria-required=\"true\" aria-invalid=\"false\" value=\"\" type=\"text\" name=\"contact_firstname\" \/><\/span>\n    <\/div>\n<\/div>\n\n<div class=\"form-field\">\n    <div class=\"field-inner\">\n        <label>TELEFON*<\/label>\n        <span class=\"wpcf7-form-control-wrap\" data-name=\"contact_phone\"><input size=\"40\" maxlength=\"400\" class=\"wpcf7-form-control wpcf7-tel wpcf7-validates-as-required wpcf7-text wpcf7-validates-as-tel\" aria-required=\"true\" aria-invalid=\"false\" value=\"\" type=\"tel\" name=\"contact_phone\" \/><\/span>\n    <\/div>\n<\/div>\n\n<div class=\"form-field\">\n    <div class=\"field-inner\">\n        <label>PROFESJONALNY E-MAIL*<\/label>\n        <span class=\"wpcf7-form-control-wrap\" data-name=\"contact_email\"><input size=\"40\" maxlength=\"400\" class=\"wpcf7-form-control wpcf7-email wpcf7-validates-as-required wpcf7-text wpcf7-validates-as-email\" aria-required=\"true\" aria-invalid=\"false\" value=\"\" type=\"email\" name=\"contact_email\" \/><\/span>\n    <\/div>\n<\/div>\n\n\n<div class=\"form-field\">\n    <div class=\"field-inner\">\n        <label>KRAJ*<\/label>\n        <span class=\"wpcf7-form-control-wrap\" data-name=\"contact_country\"><select class=\"wpcf7-form-control wpcf7-select wpcf7-validates-as-required\" aria-required=\"true\" aria-invalid=\"false\" name=\"contact_country\"><option value=\"\"><\/option><option value=\"AFGHANISTAN\">AFGHANISTAN<\/option><option value=\"ALBANIA\">ALBANIA<\/option><option value=\"ALGERIA\">ALGERIA<\/option><option value=\"AMERICAN SAMOA\">AMERICAN SAMOA<\/option><option value=\"ANDORRA\">ANDORRA<\/option><option value=\"ANGOLA\">ANGOLA<\/option><option value=\"ANGUILLA\">ANGUILLA<\/option><option value=\"ANTARCTICA\">ANTARCTICA<\/option><option value=\"ANTIGUA AND BARBUDA\">ANTIGUA AND BARBUDA<\/option><option value=\"ARGENTINA\">ARGENTINA<\/option><option value=\"ARMENIA\">ARMENIA<\/option><option value=\"ARUBA\">ARUBA<\/option><option value=\"AUSTRALIA\">AUSTRALIA<\/option><option value=\"AUSTRIA\">AUSTRIA<\/option><option value=\"AZERBAIJAN\">AZERBAIJAN<\/option><option value=\"BAHAMAS\">BAHAMAS<\/option><option value=\"BAHRAIN\">BAHRAIN<\/option><option value=\"BANGLADESH\">BANGLADESH<\/option><option value=\"BARBADOS\">BARBADOS<\/option><option value=\"BELARUS\">BELARUS<\/option><option value=\"BELGIUM\">BELGIUM<\/option><option value=\"BELIZE\">BELIZE<\/option><option value=\"BENIN\">BENIN<\/option><option value=\"BERMUDA\">BERMUDA<\/option><option value=\"BHUTAN\">BHUTAN<\/option><option value=\"BOLIVIA\">BOLIVIA<\/option><option value=\"BOSNIA AND HERZEGOVINA\">BOSNIA AND HERZEGOVINA<\/option><option value=\"BOTSWANA\">BOTSWANA<\/option><option value=\"BRAZIL\">BRAZIL<\/option><option value=\"BRUNEI DARUSSALAM\">BRUNEI DARUSSALAM<\/option><option value=\"BULGARIA\">BULGARIA<\/option><option value=\"BURKINA FASO\">BURKINA FASO<\/option><option value=\"BURUNDI\">BURUNDI<\/option><option value=\"CAMBODIA\">CAMBODIA<\/option><option value=\"CAMEROON\">CAMEROON<\/option><option value=\"CANADA\">CANADA<\/option><option value=\"CAPE VERDE\">CAPE VERDE<\/option><option value=\"CAYMAN ISLANDS\">CAYMAN ISLANDS<\/option><option value=\"CENTRAL AFRICAN REPUBLIC\">CENTRAL AFRICAN REPUBLIC<\/option><option value=\"CHAD\">CHAD<\/option><option value=\"CHILE\">CHILE<\/option><option value=\"CHINA\">CHINA<\/option><option value=\"CHRISTMAS ISLAND\">CHRISTMAS ISLAND<\/option><option value=\"COCOS (KEELING) ISLANDS\">COCOS (KEELING) ISLANDS<\/option><option value=\"COLOMBIA\">COLOMBIA<\/option><option value=\"COMOROS\">COMOROS<\/option><option value=\"CONGO, DEMOCRATIC REPUBLIC OF (KINSHASA)\">CONGO, DEMOCRATIC REPUBLIC OF (KINSHASA)<\/option><option value=\"CONGO, REPUBLIC OF (BRAZZAVILLE)\">CONGO, REPUBLIC OF (BRAZZAVILLE)<\/option><option value=\"COOK ISLANDS\">COOK ISLANDS<\/option><option value=\"COSTA RICA\">COSTA RICA<\/option><option value=\"CROATIA\">CROATIA<\/option><option value=\"CUBA\">CUBA<\/option><option value=\"CYPRUS\">CYPRUS<\/option><option value=\"CZECH REPUBLIC\">CZECH REPUBLIC<\/option><option value=\"DENMARK\">DENMARK<\/option><option value=\"DJIBOUTI\">DJIBOUTI<\/option><option value=\"DOMINICA\">DOMINICA<\/option><option value=\"DOMINICAN REPUBLIC\">DOMINICAN REPUBLIC<\/option><option value=\"DUTCH ANTILLES\">DUTCH ANTILLES<\/option><option value=\"ECUADOR\">ECUADOR<\/option><option value=\"EGYPT\">EGYPT<\/option><option value=\"EL SALVADOR\">EL SALVADOR<\/option><option value=\"EQUATORIAL GUINEA\">EQUATORIAL GUINEA<\/option><option value=\"ERITREA\">ERITREA<\/option><option value=\"ESTONIA\">ESTONIA<\/option><option value=\"ETHIOPIA\">ETHIOPIA<\/option><option value=\"FALKLAND ISLANDS\">FALKLAND ISLANDS<\/option><option value=\"FAROE ISLANDS\">FAROE ISLANDS<\/option><option value=\"FIJI\">FIJI<\/option><option value=\"FINLAND\">FINLAND<\/option><option value=\"FRANCE\">FRANCE<\/option><option value=\"FRENCH GUIANA\">FRENCH GUIANA<\/option><option value=\"FRENCH POLYNESIA\">FRENCH POLYNESIA<\/option><option value=\"FRENCH SOUTHERN TERRITORIES\">FRENCH SOUTHERN TERRITORIES<\/option><option value=\"GABON\">GABON<\/option><option value=\"GAMBIA\">GAMBIA<\/option><option value=\"GEORGIA\">GEORGIA<\/option><option value=\"GERMANY\">GERMANY<\/option><option value=\"GHANA\">GHANA<\/option><option value=\"GIBRALTAR\">GIBRALTAR<\/option><option value=\"GREECE\">GREECE<\/option><option value=\"GREENLAND\">GREENLAND<\/option><option value=\"GRENADA\">GRENADA<\/option><option value=\"GUADELOUPE\">GUADELOUPE<\/option><option value=\"GUAM\">GUAM<\/option><option value=\"GUATEMALA\">GUATEMALA<\/option><option value=\"GUINEA\">GUINEA<\/option><option value=\"GUINEA-BISSAU\">GUINEA-BISSAU<\/option><option value=\"GUYANA\">GUYANA<\/option><option value=\"HAITI\">HAITI<\/option><option value=\"HONDURAS\">HONDURAS<\/option><option value=\"HONG KONG\">HONG KONG<\/option><option value=\"HUNGARY\">HUNGARY<\/option><option value=\"ICELAND\">ICELAND<\/option><option value=\"INDIA\">INDIA<\/option><option value=\"INDONESIA\">INDONESIA<\/option><option value=\"IRAN (ISLAMIC REPUBLIC OF)\">IRAN (ISLAMIC REPUBLIC OF)<\/option><option value=\"IRAQ\">IRAQ<\/option><option value=\"IRELAND\">IRELAND<\/option><option value=\"ISRAEL\">ISRAEL<\/option><option value=\"ITALY\">ITALY<\/option><option value=\"IVORY COAST\">IVORY COAST<\/option><option value=\"JAMAICA\">JAMAICA<\/option><option value=\"JAPAN\">JAPAN<\/option><option value=\"JORDAN\">JORDAN<\/option><option value=\"KAZAKHSTAN\">KAZAKHSTAN<\/option><option value=\"KENYA\">KENYA<\/option><option value=\"KIRIBATI\">KIRIBATI<\/option><option value=\"KOREA, DEMOCRATIC PEOPLE REP. (NORTH KOREA)\">KOREA, DEMOCRATIC PEOPLE REP. (NORTH KOREA)<\/option><option value=\"KOREA, REPUBLIC OF (SOUTH KOREA)\">KOREA, REPUBLIC OF (SOUTH KOREA)<\/option><option value=\"KOSOVO\">KOSOVO<\/option><option value=\"KUWAIT\">KUWAIT<\/option><option value=\"KYRGYZSTAN\">KYRGYZSTAN<\/option><option value=\"LAOS\">LAOS<\/option><option value=\"LATVIA\">LATVIA<\/option><option value=\"LEBANON\">LEBANON<\/option><option value=\"LESOTHO\">LESOTHO<\/option><option value=\"LIBERIA\">LIBERIA<\/option><option value=\"LIBYA\">LIBYA<\/option><option value=\"LIECHTENSTEIN\">LIECHTENSTEIN<\/option><option value=\"LITHUANIA\">LITHUANIA<\/option><option value=\"LUXEMBOURG\">LUXEMBOURG<\/option><option value=\"MACAU\">MACAU<\/option><option value=\"MACEDONIA, REP. OF\">MACEDONIA, REP. OF<\/option><option value=\"MADAGASCAR\">MADAGASCAR<\/option><option value=\"MALAWI\">MALAWI<\/option><option value=\"MALAYSIA\">MALAYSIA<\/option><option value=\"MALDIVES\">MALDIVES<\/option><option value=\"MALI\">MALI<\/option><option value=\"MALTA\">MALTA<\/option><option value=\"MARSHALL ISLANDS\">MARSHALL ISLANDS<\/option><option value=\"MARTINIQUE\">MARTINIQUE<\/option><option value=\"MAURITANIA\">MAURITANIA<\/option><option value=\"MAURITIUS\">MAURITIUS<\/option><option value=\"MAYOTTE\">MAYOTTE<\/option><option value=\"MEXICO\">MEXICO<\/option><option value=\"MICRONESIA, FEDERAL STATES OF\">MICRONESIA, FEDERAL STATES OF<\/option><option value=\"MOLDOVA, REPUBLIC OF\">MOLDOVA, REPUBLIC OF<\/option><option value=\"MONACO\">MONACO<\/option><option value=\"MONGOLIA\">MONGOLIA<\/option><option value=\"MONTENEGRO\">MONTENEGRO<\/option><option value=\"MONTSERRAT\">MONTSERRAT<\/option><option value=\"MOROCCO\">MOROCCO<\/option><option value=\"MOZAMBIQUE\">MOZAMBIQUE<\/option><option value=\"MYANMAR, BURMA\">MYANMAR, BURMA<\/option><option value=\"NAMIBIA\">NAMIBIA<\/option><option value=\"NAURU\">NAURU<\/option><option value=\"NEPAL\">NEPAL<\/option><option value=\"NETHERLANDS\">NETHERLANDS<\/option><option value=\"NEW CALEDONIA\">NEW CALEDONIA<\/option><option value=\"NEW ZEALAND\">NEW ZEALAND<\/option><option value=\"NICARAGUA\">NICARAGUA<\/option><option value=\"NIGER\">NIGER<\/option><option value=\"NIGERIA\">NIGERIA<\/option><option value=\"NIUE\">NIUE<\/option><option value=\"NORTHERN MARIANA ISLANDS\">NORTHERN MARIANA ISLANDS<\/option><option value=\"NORWAY\">NORWAY<\/option><option value=\"OMAN\">OMAN<\/option><option value=\"PAKISTAN\">PAKISTAN<\/option><option value=\"PALAU\">PALAU<\/option><option value=\"PALESTINIAN TERRITORIES\">PALESTINIAN TERRITORIES<\/option><option value=\"PANAMA\">PANAMA<\/option><option value=\"PAPUA NEW GUINEA\">PAPUA NEW GUINEA<\/option><option value=\"PARAGUAY\">PARAGUAY<\/option><option value=\"PERU\">PERU<\/option><option value=\"PHILIPPINES\">PHILIPPINES<\/option><option value=\"PITCAIRN ISLAND\">PITCAIRN ISLAND<\/option><option value=\"POLAND\">POLAND<\/option><option value=\"PORTUGAL\">PORTUGAL<\/option><option value=\"PUERTO RICO\">PUERTO RICO<\/option><option value=\"QATAR\">QATAR<\/option><option value=\"REUNION ISLAND\">REUNION ISLAND<\/option><option value=\"ROMANIA\">ROMANIA<\/option><option value=\"RUSSIAN FEDERATION\">RUSSIAN FEDERATION<\/option><option value=\"RWANDA\">RWANDA<\/option><option value=\"SAINT KITTS AND NEVIS\">SAINT KITTS AND NEVIS<\/option><option value=\"SAINT LUCIA\">SAINT LUCIA<\/option><option value=\"SAINT VINCENT AND THE GRENADINES\">SAINT VINCENT AND THE GRENADINES<\/option><option value=\"SAMOA\">SAMOA<\/option><option value=\"SAN MARINO\">SAN MARINO<\/option><option value=\"SAO TOME AND PRINCIPE\">SAO TOME AND PRINCIPE<\/option><option value=\"SAUDI ARABIA\">SAUDI ARABIA<\/option><option value=\"SENEGAL\">SENEGAL<\/option><option value=\"SERBIA\">SERBIA<\/option><option value=\"SEYCHELLES\">SEYCHELLES<\/option><option value=\"SIERRA LEONE\">SIERRA LEONE<\/option><option value=\"SINGAPORE\">SINGAPORE<\/option><option value=\"SLOVAKIA\">SLOVAKIA<\/option><option value=\"SLOVENIA\">SLOVENIA<\/option><option value=\"SOLOMON ISLANDS\">SOLOMON ISLANDS<\/option><option value=\"SOMALIA\">SOMALIA<\/option><option value=\"SOUTH AFRICA\">SOUTH AFRICA<\/option><option value=\"SOUTH SUDAN\">SOUTH SUDAN<\/option><option value=\"SPAIN\">SPAIN<\/option><option value=\"SRI LANKA\">SRI LANKA<\/option><option value=\"SUDAN\">SUDAN<\/option><option value=\"SURINAME\">SURINAME<\/option><option value=\"SWAZILAND\">SWAZILAND<\/option><option value=\"SWEDEN\">SWEDEN<\/option><option value=\"SWITZERLAND\">SWITZERLAND<\/option><option value=\"SYRIA, SYRIAN ARAB REPUBLIC\">SYRIA, SYRIAN ARAB REPUBLIC<\/option><option value=\"TAIWAN (REPUBLIC OF CHINA)\">TAIWAN (REPUBLIC OF CHINA)<\/option><option value=\"TAJIKISTAN\">TAJIKISTAN<\/option><option value=\"TANZANIA\">TANZANIA<\/option><option value=\"THAILAND\">THAILAND<\/option><option value=\"TIMOR-LESTE (EAST TIMOR)\">TIMOR-LESTE (EAST TIMOR)<\/option><option value=\"TOGO\">TOGO<\/option><option value=\"TOKELAU\">TOKELAU<\/option><option value=\"TONGA\">TONGA<\/option><option value=\"TRINIDAD AND TOBAGO\">TRINIDAD AND TOBAGO<\/option><option value=\"TUNISIA\">TUNISIA<\/option><option value=\"TURKEY\">TURKEY<\/option><option value=\"TURKMENISTAN\">TURKMENISTAN<\/option><option value=\"TURKS AND CAICOS ISLANDS\">TURKS AND CAICOS ISLANDS<\/option><option value=\"TUVALU\">TUVALU<\/option><option value=\"UGANDA\">UGANDA<\/option><option value=\"UKRAINE\">UKRAINE<\/option><option value=\"UNITED ARAB EMIRATES\">UNITED ARAB EMIRATES<\/option><option value=\"UNITED KINGDOM\">UNITED KINGDOM<\/option><option value=\"UNITED STATES\">UNITED STATES<\/option><option value=\"URUGUAY\">URUGUAY<\/option><option value=\"UZBEKISTAN\">UZBEKISTAN<\/option><option value=\"VANUATU\">VANUATU<\/option><option value=\"VATICAN CITY STATE\">VATICAN CITY STATE<\/option><option value=\"VENEZUELA\">VENEZUELA<\/option><option value=\"VIETNAM\">VIETNAM<\/option><option value=\"VIRGIN ISLANDS (BRITISH)\">VIRGIN ISLANDS (BRITISH)<\/option><option value=\"VIRGIN ISLANDS (U.S.)\">VIRGIN ISLANDS (U.S.)<\/option><option value=\"WALLIS AND FUTUNA ISLANDS\">WALLIS AND FUTUNA ISLANDS<\/option><option value=\"WESTERN SAHARA\">WESTERN SAHARA<\/option><option value=\"ZAMBIA\">ZAMBIA<\/option><option value=\"ZIMBABWE\">ZIMBABWE<\/option><option value=\"YEMEN\">YEMEN<\/option><\/select><\/span>\n    <\/div>\n<\/div>\n\n<div data-id=\"group_zipcode\" data-orig_data_id=\"group_zipcode\" data-clear_on_hide class=\"\" data-class=\"wpcf7cf_group\">\n<div class=\"form-field\">\n    <div class=\"field-inner\">\n        <label>Kod pocztowy<\/label>\n        <span class=\"wpcf7-form-control-wrap\" data-name=\"contact_zipcode\"><input size=\"40\" maxlength=\"400\" class=\"wpcf7-form-control wpcf7-text\" aria-invalid=\"false\" value=\"\" type=\"text\" name=\"contact_zipcode\" \/><\/span>\n    <\/div>\n<\/div>\n<\/div>\n\n<div class=\"form-field\">\n    <div class=\"field-inner\">\n        <label>FIRMA*<\/label>\n        <span class=\"wpcf7-form-control-wrap\" data-name=\"contact_company\"><input size=\"40\" maxlength=\"400\" class=\"wpcf7-form-control wpcf7-text\" aria-invalid=\"false\" value=\"\" type=\"text\" name=\"contact_company\" \/><\/span>\n    <\/div>\n<\/div>\n\n<div class=\"form-field form-textarea\">\n    <div class=\"field-inner\">\n        <label>WIADOMO\u015a\u0106<\/label>\n        <span class=\"wpcf7-form-control-wrap\" data-name=\"contact_message\"><textarea cols=\"40\" rows=\"10\" maxlength=\"2000\" class=\"wpcf7-form-control wpcf7-textarea\" aria-invalid=\"false\" name=\"contact_message\"><\/textarea><\/span>\n    <\/div>\n<\/div>\n\n<div class=\"form-field form-acceptance novalidate\">\n    <span class=\"wpcf7-form-control-wrap\" data-name=\"contact_acceptance\"><span class=\"wpcf7-form-control wpcf7-acceptance\"><span class=\"wpcf7-list-item\"><input type=\"checkbox\" name=\"contact_acceptance\" value=\"1\" id=\"contact_acceptance\" aria-invalid=\"false\" \/><\/span><\/span><\/span>\n    <label for=\"contact_acceptance\">\n        <span>Wyra\u017cam zgod\u0119 na wys\u0142anie tej wiadomo\u015bci oraz na to, \u017ce Elicit Plant mo\u017ce udost\u0119pnia\u0107 moje dane stronom trzecim wy\u0142\u0105cznie w celu znalezienia dystrybutora. Wyra\u017cam r\u00f3wnie\u017c zgod\u0119 na kontakt ze strony Elicit Plant lub strony trzeciej. Elicit Plant gwarantuje, \u017ce moje dane b\u0119d\u0105 wykorzystywane zgodnie z <a href=\"https:\/\/www.elicit-plant.com\/pl\/polityka-prywatnosci\/\" style=\"color:#FFF\">polityk\u0105 prywatno\u015bci.<\/a>.<\/span><\/label>\n<\/div>\n\n<div class=\"wpcf7-response-output\" aria-hidden=\"true\"><\/div>\n\n<div class=\"form-field form-submit\">\n    <button type=\"submit\" class=\"cbo-button wpcf7-form-control wpcf7-submit\">\n        Wy\u015blij <\/button>\n<\/div><div class=\"frc-captcha \" data-sitekey=\"FCMPJ7B9DDN459ON\" data-lang=\"pl\" ><\/div>\n\t\t<noscript>You need to enable Javascript for the anti-spam check.<\/noscript>\n<\/form>\n<\/div>\n            <\/div>\n            <\/div>\n\n    <div class=\"forminfos-picture cbo-picture-cover\">\n        <img decoding=\"async\" src=\"https:\/\/www.elicit-plant.com\/app\/uploads\/sites\/6\/2023\/12\/img-distributeurs-bloc-2-1-320x205.jpg\" srcset=\"https:\/\/www.elicit-plant.com\/app\/uploads\/sites\/6\/2023\/12\/img-distributeurs-bloc-2-1-320x205.jpg 320w, https:\/\/www.elicit-plant.com\/app\/uploads\/sites\/6\/2023\/12\/img-distributeurs-bloc-2-1.jpg 768w, https:\/\/www.elicit-plant.com\/app\/uploads\/sites\/6\/2023\/12\/img-distributeurs-bloc-2-1.jpg 1024w\" class=\"\" alt=\"Dw\u00f3ch rolnik\u00f3w podaje sobie r\u0119ce\" width=\"320\" height=\"205\" sizes=\"auto, 100vw\" loading=\"lazy\" \/>    <\/div>\n\n<\/section>","protected":false},"excerpt":{"rendered":"","protected":false},"author":6,"featured_media":0,"parent":0,"menu_order":0,"comment_status":"closed","ping_status":"closed","template":"","meta":{"_acf_changed":false,"footnotes":""},"class_list":["post-273","page","type-page","status-publish","hentry"],"acf":[],"yoast_head":"<!-- This site is optimized with the Yoast SEO plugin v27.3 - https:\/\/yoast.com\/product\/yoast-seo-wordpress\/ -->\n<title>Zosta\u0144 dystrybutorem lub go znajd\u017a? Skontaktuj si\u0119 z nami! - Elicit Plant Polska<\/title>\n<meta name=\"description\" content=\"Jeste\u015b zainteresowany dystrybucj\u0105 naszych produkt\u00f3w? Skontaktuj si\u0119 z nami, aby zosta\u0107 dystrybutorem!\" \/>\n<meta name=\"robots\" content=\"index, follow, max-snippet:-1, max-image-preview:large, max-video-preview:-1\" \/>\n<link rel=\"canonical\" href=\"https:\/\/www.elicit-plant.com\/pl\/zostan-dystrybutorem\/\" \/>\n<meta property=\"og:locale\" content=\"pl_PL\" \/>\n<meta property=\"og:type\" content=\"article\" \/>\n<meta property=\"og:title\" content=\"Zosta\u0144 dystrybutorem lub go znajd\u017a? Skontaktuj si\u0119 z nami! - Elicit Plant Polska\" \/>\n<meta property=\"og:description\" content=\"Jeste\u015b zainteresowany dystrybucj\u0105 naszych produkt\u00f3w? Skontaktuj si\u0119 z nami, aby zosta\u0107 dystrybutorem!\" \/>\n<meta property=\"og:url\" content=\"https:\/\/www.elicit-plant.com\/pl\/zostan-dystrybutorem\/\" \/>\n<meta property=\"og:site_name\" content=\"Elicit Plant Polska\" \/>\n<meta property=\"article:modified_time\" content=\"2024-01-17T10:16:20+00:00\" \/>\n<meta name=\"twitter:card\" content=\"summary_large_image\" \/>\n<script type=\"application\/ld+json\" class=\"yoast-schema-graph\">{\"@context\":\"https:\\\/\\\/schema.org\",\"@graph\":[{\"@type\":\"WebPage\",\"@id\":\"https:\\\/\\\/www.elicit-plant.com\\\/pl\\\/zostan-dystrybutorem\\\/\",\"url\":\"https:\\\/\\\/www.elicit-plant.com\\\/pl\\\/zostan-dystrybutorem\\\/\",\"name\":\"Zosta\u0144 dystrybutorem lub go znajd\u017a? Skontaktuj si\u0119 z nami! - Elicit Plant Polska\",\"isPartOf\":{\"@id\":\"https:\\\/\\\/www.elicit-plant.com\\\/pl\\\/#website\"},\"datePublished\":\"2024-01-17T10:05:33+00:00\",\"dateModified\":\"2024-01-17T10:16:20+00:00\",\"description\":\"Jeste\u015b zainteresowany dystrybucj\u0105 naszych produkt\u00f3w? Skontaktuj si\u0119 z nami, aby zosta\u0107 dystrybutorem!\",\"breadcrumb\":{\"@id\":\"https:\\\/\\\/www.elicit-plant.com\\\/pl\\\/zostan-dystrybutorem\\\/#breadcrumb\"},\"inLanguage\":\"pl-PL\",\"potentialAction\":[{\"@type\":\"ReadAction\",\"target\":[\"https:\\\/\\\/www.elicit-plant.com\\\/pl\\\/zostan-dystrybutorem\\\/\"]}]},{\"@type\":\"BreadcrumbList\",\"@id\":\"https:\\\/\\\/www.elicit-plant.com\\\/pl\\\/zostan-dystrybutorem\\\/#breadcrumb\",\"itemListElement\":[{\"@type\":\"ListItem\",\"position\":1,\"name\":\"Strona g\u0142\u00f3wna\",\"item\":\"https:\\\/\\\/www.elicit-plant.com\\\/pl\\\/\"},{\"@type\":\"ListItem\",\"position\":2,\"name\":\"Zosta\u0144 dystrybutorem\"}]},{\"@type\":\"WebSite\",\"@id\":\"https:\\\/\\\/www.elicit-plant.com\\\/pl\\\/#website\",\"url\":\"https:\\\/\\\/www.elicit-plant.com\\\/pl\\\/\",\"name\":\"Elicit Plant Polska\",\"description\":\"Elicit Plant jest \u015bwiatowym liderem w zarz\u0105dzaniu stresem wodnym w uprawach polowych przy u\u017cyciu fitosteroli\",\"potentialAction\":[{\"@type\":\"SearchAction\",\"target\":{\"@type\":\"EntryPoint\",\"urlTemplate\":\"https:\\\/\\\/www.elicit-plant.com\\\/pl\\\/?s={search_term_string}\"},\"query-input\":{\"@type\":\"PropertyValueSpecification\",\"valueRequired\":true,\"valueName\":\"search_term_string\"}}],\"inLanguage\":\"pl-PL\"}]}<\/script>\n<!-- \/ Yoast SEO plugin. -->","yoast_head_json":{"title":"Zosta\u0144 dystrybutorem lub go znajd\u017a? Skontaktuj si\u0119 z nami! - Elicit Plant Polska","description":"Jeste\u015b zainteresowany dystrybucj\u0105 naszych produkt\u00f3w? Skontaktuj si\u0119 z nami, aby zosta\u0107 dystrybutorem!","robots":{"index":"index","follow":"follow","max-snippet":"max-snippet:-1","max-image-preview":"max-image-preview:large","max-video-preview":"max-video-preview:-1"},"canonical":"https:\/\/www.elicit-plant.com\/pl\/zostan-dystrybutorem\/","og_locale":"pl_PL","og_type":"article","og_title":"Zosta\u0144 dystrybutorem lub go znajd\u017a? Skontaktuj si\u0119 z nami! - Elicit Plant Polska","og_description":"Jeste\u015b zainteresowany dystrybucj\u0105 naszych produkt\u00f3w? Skontaktuj si\u0119 z nami, aby zosta\u0107 dystrybutorem!","og_url":"https:\/\/www.elicit-plant.com\/pl\/zostan-dystrybutorem\/","og_site_name":"Elicit Plant Polska","article_modified_time":"2024-01-17T10:16:20+00:00","twitter_card":"summary_large_image","schema":{"@context":"https:\/\/schema.org","@graph":[{"@type":"WebPage","@id":"https:\/\/www.elicit-plant.com\/pl\/zostan-dystrybutorem\/","url":"https:\/\/www.elicit-plant.com\/pl\/zostan-dystrybutorem\/","name":"Zosta\u0144 dystrybutorem lub go znajd\u017a? Skontaktuj si\u0119 z nami! - Elicit Plant Polska","isPartOf":{"@id":"https:\/\/www.elicit-plant.com\/pl\/#website"},"datePublished":"2024-01-17T10:05:33+00:00","dateModified":"2024-01-17T10:16:20+00:00","description":"Jeste\u015b zainteresowany dystrybucj\u0105 naszych produkt\u00f3w? Skontaktuj si\u0119 z nami, aby zosta\u0107 dystrybutorem!","breadcrumb":{"@id":"https:\/\/www.elicit-plant.com\/pl\/zostan-dystrybutorem\/#breadcrumb"},"inLanguage":"pl-PL","potentialAction":[{"@type":"ReadAction","target":["https:\/\/www.elicit-plant.com\/pl\/zostan-dystrybutorem\/"]}]},{"@type":"BreadcrumbList","@id":"https:\/\/www.elicit-plant.com\/pl\/zostan-dystrybutorem\/#breadcrumb","itemListElement":[{"@type":"ListItem","position":1,"name":"Strona g\u0142\u00f3wna","item":"https:\/\/www.elicit-plant.com\/pl\/"},{"@type":"ListItem","position":2,"name":"Zosta\u0144 dystrybutorem"}]},{"@type":"WebSite","@id":"https:\/\/www.elicit-plant.com\/pl\/#website","url":"https:\/\/www.elicit-plant.com\/pl\/","name":"Elicit Plant Polska","description":"Elicit Plant jest \u015bwiatowym liderem w zarz\u0105dzaniu stresem wodnym w uprawach polowych przy u\u017cyciu fitosteroli","potentialAction":[{"@type":"SearchAction","target":{"@type":"EntryPoint","urlTemplate":"https:\/\/www.elicit-plant.com\/pl\/?s={search_term_string}"},"query-input":{"@type":"PropertyValueSpecification","valueRequired":true,"valueName":"search_term_string"}}],"inLanguage":"pl-PL"}]}},"_links":{"self":[{"href":"https:\/\/www.elicit-plant.com\/pl\/wp-json\/wp\/v2\/pages\/273","targetHints":{"allow":["GET"]}}],"collection":[{"href":"https:\/\/www.elicit-plant.com\/pl\/wp-json\/wp\/v2\/pages"}],"about":[{"href":"https:\/\/www.elicit-plant.com\/pl\/wp-json\/wp\/v2\/types\/page"}],"author":[{"embeddable":true,"href":"https:\/\/www.elicit-plant.com\/pl\/wp-json\/wp\/v2\/users\/6"}],"replies":[{"embeddable":true,"href":"https:\/\/www.elicit-plant.com\/pl\/wp-json\/wp\/v2\/comments?post=273"}],"version-history":[{"count":3,"href":"https:\/\/www.elicit-plant.com\/pl\/wp-json\/wp\/v2\/pages\/273\/revisions"}],"predecessor-version":[{"id":278,"href":"https:\/\/www.elicit-plant.com\/pl\/wp-json\/wp\/v2\/pages\/273\/revisions\/278"}],"wp:attachment":[{"href":"https:\/\/www.elicit-plant.com\/pl\/wp-json\/wp\/v2\/media?parent=273"}],"curies":[{"name":"wp","href":"https:\/\/api.w.org\/{rel}","templated":true}]}}