{"id":919,"date":"2025-04-27T15:12:59","date_gmt":"2025-04-27T13:12:59","guid":{"rendered":"https:\/\/www.elicit-plant.com\/pl\/?page_id=919"},"modified":"2025-04-27T15:13:49","modified_gmt":"2025-04-27T13:13:49","slug":"informacje-prasowe","status":"publish","type":"page","link":"https:\/\/www.elicit-plant.com\/pl\/informacje-prasowe\/","title":{"rendered":"Informacje prasowe"},"content":{"rendered":"<section class=\"cbo-hero cbo-margin-container hero--colorblue\" data-anim-group>\n\t<div class=\"cbo-breadcrumbs breadcrumbs--normal\">\n  <div class=\"breadcrumbs-inner\">\n    <span><span><a href=\"https:\/\/www.elicit-plant.com\/pl\/\">Strona g\u0142\u00f3wna<\/a><\/span><\/span>\t<\/div>\n<\/div>\n\t<div class=\"hero-inner cbo-container container--padding\">\n\n\t\t<div class=\"hero-shapes\">\n\t\t\t<div class=\"shapes-color scale-up\"><\/div>\n\n\t\t\t<div class=\"shapes-picture cbo-picture-cover scale-up\"  data-delay=\"450\">\n\t\t\t\t<img decoding=\"async\" src=\"https:\/\/www.elicit-plant.com\/app\/uploads\/sites\/6\/2025\/04\/img-contact-form-elicit-plant-min-320x213.jpeg\" srcset=\"https:\/\/www.elicit-plant.com\/app\/uploads\/sites\/6\/2025\/04\/img-contact-form-elicit-plant-min-320x213.jpeg 320w, https:\/\/www.elicit-plant.com\/app\/uploads\/sites\/6\/2025\/04\/img-contact-form-elicit-plant-min.jpeg 768w\" class=\"\" alt=\"\" width=\"320\" height=\"213\" sizes=\"auto, 100vw\" loading=\"lazy\" \/>\t\t\t<\/div>\n\t\t<\/div>\n\n\t\t<div class=\"hero-content cbo-cms cms--large cms--white\">\n\t\t\t<div class=\"content-text\">\n\t\t\t\t<h1 class=\"hero-title cbo-heading slide-down\">\n\t\t\t\t\tInformacje prasowe\t\t\t\t<\/h1>\n\n\t\t\t\t\t\t\t<\/div>\n\t\t<\/div>\n\n\t<\/div>\n<\/section>\n\n<section class=\"cbo-text cbo-margin-container\">\n    <div class=\"\n        text-inner\n                cbo-container\n        container--small        \"\n    >\n        <div class=\"text-content cbo-cms cms--large\">\n            <h2 style=\"text-align: left\">O Elicit Plant<\/h2>\n<p><a href=\"https:\/\/www.elicit-plant.com\/pl\/\">Elicit Plant<\/a> jest jedyn\u0105 firm\u0105 AgTech zajmuj\u0105c\u0105 si\u0119 wp\u0142ywem zmian klimatycznych na g\u0142\u00f3wne uprawy na ca\u0142ym \u015bwiecie poprzez redukcj\u0119 zu\u017cycia wody przez ro\u015bliny o 20%. Unikalna technologia EliTerra\u00ae, oparta na egzogennym dostarczaniu fitosteroli, grupy cz\u0105steczek ro\u015blinnych, zwi\u0119ksza odporno\u015b\u0107 ro\u015blin na stres, aktywuj\u0105c ich naturalne mechanizmy obronne.<\/p>\n<p>Setki pr\u00f3b terenowych w po\u0142\u0105czeniu z szybkim przyj\u0119ciem przez rolnik\u00f3w na trzech kontynentach (Brazylia, Europa i Stany Zjednoczone) pierwszego produktu przeznaczonego do uprawy kukurydzy dowodz\u0105, \u017ce biologiczne rozwi\u0105zania tej firmy s\u0105 jedynymi, kt\u00f3re zapewniaj\u0105 plony i oferuj\u0105 rolnikom znacz\u0105cy zwrot z inwestycji w okresach niedoboru wody.<\/p>\n<p>ELICIT PLANT odnosi ju\u017c sukcesy w Brazylii, Europie i na Ukrainie, odnotowuj\u0105c trzykrotny wzrost w ci\u0105gu ostatnich 2 lat. Aby uzyska\u0107 wi\u0119cej informacji, <a href=\"https:\/\/www.elicit-plant.com\/pl\/kontakt\/\">skontaktuj si\u0119 z zespo\u0142em konsultant\u00f3w.<\/a><\/p>\n\n            <div style=\"clear: both;\"><\/div>\n        <\/div>\n    <\/div>\n<\/section>\n\n\n<section class=\"cbo-textintro textintro--transparent\">\n    <div class=\"textintro-inner cbo-container container--small\">\n\n        \n                \n        <div class=\"textintro-content\">\n            <p>Zapoznaj si\u0119 z naszymi materia\u0142ami prasowymi: pobierz nasze loga, zdj\u0119cia i dokumenty, aby zaprezentowa\u0107 Elicit Plant i jego prze\u0142omowe innowacje.<\/p>\n        <\/div>\n    <\/div>\n<\/section>\n\n\n<section class=\"cbo-textintro textintro--transparent\">\n    <div class=\"textintro-inner cbo-container container--small\">\n\n                <div class=\"textintro-picture cbo-picture-contain\">\n\t\t\t<img decoding=\"async\" src=\"https:\/\/www.elicit-plant.com\/app\/uploads\/sites\/6\/2025\/04\/icon-resistance.png\"  class=\"\" alt=\"icon-resistance\" width=\"117\" height=\"118\" sizes=\"auto, 100vw\" loading=\"lazy\" \/>\t\t<\/div>\n        \n                \n        <div class=\"textintro-content\">\n            <p>Informacje prasowe<\/p>\n        <\/div>\n    <\/div>\n<\/section>\n\n\n<section class=\"cbo-downloads\">\n    <div class=\"downloads-inner cbo-container\">\n        <div class=\"downloads-list\" data-anim-group data-group-delay=\"100\">\n            \n                            <a class=\"list-el scale-up\" href=\"https:\/\/www.elicit-plant.com\/app\/uploads\/sites\/6\/2025\/04\/09_04_2025_PR_Rozwoj_i_sukces_komercyjny_nowych_biopreparatow_dzieki.pdf\" target=\"_blank\">\n                    <span class=\"el-inner\">\n                        <span class=\"el-picture cbo-picture-contain\">\n                            <img decoding=\"async\" src=\"https:\/\/www.elicit-plant.com\/app\/uploads\/sites\/6\/2025\/04\/09_04_2025_PR_Rozwoj_i_sukces_komercyjny_nowych_biopreparatow_dzieki-226x320.jpg\" srcset=\"https:\/\/www.elicit-plant.com\/app\/uploads\/sites\/6\/2025\/04\/09_04_2025_PR_Rozwoj_i_sukces_komercyjny_nowych_biopreparatow_dzieki.jpg 566w, https:\/\/www.elicit-plant.com\/app\/uploads\/sites\/6\/2025\/04\/09_04_2025_PR_Rozwoj_i_sukces_komercyjny_nowych_biopreparatow_dzieki-226x320.jpg 226w, https:\/\/www.elicit-plant.com\/app\/uploads\/sites\/6\/2025\/04\/09_04_2025_PR_Rozwoj_i_sukces_komercyjny_nowych_biopreparatow_dzieki-543x768.jpg 543w\" class=\"\" alt=\"09_04_2025_PR_Rozwoj_i_sukces_komercyjny_nowych_biopreparatow_dzieki\" width=\"226\" height=\"320\" sizes=\"auto, 100vw\" loading=\"lazy\" \/>                        <\/span>\n\n                        <span class=\"el-content\">\n                                                            <span class=\"content-uptitle cbo-uptitle\">\n                                    Informacja prasowa 9 kwietnia 2025                                <\/span>\n                                                       \n                                                            <span class=\"content-title cbo-title-4\">\n                                    Elicit Plant: Rozw\u00f3j i sukces komercyjny nowych biopreparat\u00f3w dzi\u0119ki Programowi Przyspieszenia Europejskiej Rady ds. Innowacji (EIC)                                <\/span>\n                                                    <\/span>\n\n                        <i class=\"icon icon-download\"><\/i>\n                    <\/span>\n                <\/a>\n            \n        <\/div>\n    <\/div>\n<\/section>\n\n<section class=\"cbo-textintro textintro--transparent\">\n    <div class=\"textintro-inner cbo-container container--small\">\n\n                <div class=\"textintro-picture cbo-picture-contain\">\n\t\t\t<img decoding=\"async\" src=\"https:\/\/www.elicit-plant.com\/app\/uploads\/sites\/6\/2025\/04\/icon-engagementsd-RSE-vert.svg\"  class=\"\" alt=\"icon-engagementsd-RSE-vert\" width=\"1\" height=\"1\" sizes=\"auto, 100vw\" loading=\"lazy\" \/>\t\t<\/div>\n        \n                \n        <div class=\"textintro-content\">\n            <p>Obejrzyj zdj\u0119cia ilustruj\u0105ce badania Elicit Plant oraz logo firmy.<\/p>\n        <\/div>\n    <\/div>\n<\/section>\n\n\n<section class=\"cbo-textintro textintro--transparent\">\n    <div class=\"textintro-inner cbo-container container--small\">\n\n        \n                \n        <div class=\"textintro-content\">\n            <p>Zasoby i obrazy<\/p>\n        <\/div>\n    <\/div>\n<\/section>\n\n\n<section class=\"cbo-text cbo-margin-container\">\n    <div class=\"\n        text-inner\n                cbo-container\n        container--small        \"\n    >\n        <div class=\"text-content cbo-cms cms--large\">\n            <div class=\"wp-bootstrap-blocks-row row align-items-start\">\n<div class=\"col-12 col-md-7\">\n<p style=\"text-align: center\">\n<\/div>\n<\/div>\n<div class=\"wp-bootstrap-blocks-row row align-items-start\">\n<div class=\"col-12 col-md-7\" style=\"text-align: center\">\n<p>Je\u015bli potrzebujesz oficjalnego logo Elicit Plant dla swojej strony internetowej lub publikacji, u\u017cyj jednego z poni\u017cszych logo.<\/p>\n<\/div>\n<p style=\"text-align: center\"><a class=\"cbo-button\" href=\"https:\/\/staging.elicit-plant.com\/wp-content\/uploads\/2023\/07\/Elicit-Plant-logo-full-color-rgb-vertical.png\" target=\"_blank\" rel=\"noopener\">Pobierz nasze logo w wersji pionowej<\/a>\u00a0 \u00a0 <a class=\"cbo-button\" href=\"https:\/\/staging.elicit-plant.com\/wp-content\/uploads\/2023\/07\/Elicit-Plant-logo-full-color-rgb-standard.png\" target=\"_blank\" rel=\"noopener\">Pobierz nasze logo w wersji standardowej<\/a><\/p>\n<\/div>\n\n            <div style=\"clear: both;\"><\/div>\n        <\/div>\n    <\/div>\n<\/section>\n\n\n<section class=\"cbo-textintro textintro--transparent\">\n    <div class=\"textintro-inner cbo-container container--small\">\n\n        \n                \n        <div class=\"textintro-content\">\n            <p>Biblioteka zdj\u0119\u0107<\/p>\n        <\/div>\n    <\/div>\n<\/section>\n\n\n<section class=\"cbo-text cbo-margin-container\">\n    <div class=\"\n        text-inner\n                cbo-container\n        container--small        \"\n    >\n        <div class=\"text-content cbo-cms cms--large\">\n            <p style=\"text-align: center\">Poni\u017cej znajdziesz zdj\u0119cia ilustruj\u0105ce nasze rozwi\u0105zania badawczo-rozwojowe. Zdj\u0119cia te s\u0105 w\u0142asno\u015bci\u0105 Elicit Plant i musz\u0105 by\u0107 oznaczone jako \u201eCopyright Elicit Plant\u201d. Ilustracje i filmy w jako\u015bci HD dost\u0119pne na \u017cyczenie<br \/>\n<a class=\"cbo-button\" href=\"https:\/\/www.elicit-plant.com\/pl\/kontakt\/\">Kontakty<\/a><\/p>\n\n            <div style=\"clear: both;\"><\/div>\n        <\/div>\n    <\/div>\n<\/section>\n\n\n<section class=\"cbo-featuredlinks featuredlinks--colorsand\">\n\t<div class=\"featuredlinks-inner cbo-container container--padding\">\n\n\t\t\n\t\t<div class=\"featuredlinks-list\" data-anim-group data-group-delay=\"100\">\n\t\t\t\n\t\t\t<div class=\"list-el\">\n\t\t\t\t<a class=\"el-inner\" href=\"https:\/\/www.elicit-plant.com\/pl\/nauka-i-technologia\/\">\n\n\t\t\t\t\t<figure class=\"inner-picture cbo-picture-cover\">\n\t\t\t\t\t\t<img decoding=\"async\" src=\"https:\/\/www.elicit-plant.com\/app\/uploads\/sites\/6\/2025\/04\/img-contact-form-elicit-plant-min.jpeg\" srcset=\"https:\/\/www.elicit-plant.com\/app\/uploads\/sites\/6\/2025\/04\/img-contact-form-elicit-plant-min-320x213.jpeg 320w, https:\/\/www.elicit-plant.com\/app\/uploads\/sites\/6\/2025\/04\/img-contact-form-elicit-plant-min.jpeg 840w, https:\/\/www.elicit-plant.com\/app\/uploads\/sites\/6\/2025\/04\/img-contact-form-elicit-plant-min.jpeg 1024w, https:\/\/www.elicit-plant.com\/app\/uploads\/sites\/6\/2025\/04\/img-contact-form-elicit-plant-min.jpeg 1400w\" class=\"\" alt=\"contact-form-elicit-plant\" width=\"768\" height=\"512\" sizes=\"auto, 100vw\" loading=\"lazy\" \/>\t\t\t\t\t<\/figure>\n\n\t\t\t\t\t<h3 class=\"inner-title cbo-title-3\">\n\t\t\t\t\t\tNauka i technologia\t\t\t\t\t<\/h3>\n\n\t\t\t\t\t<span class=\"inner-button cbo-buttonmore\">\n\t\t\t\t\t\t<i class=\"icon icon-cross\"><\/i>\n\t\t\t\t\t<\/span>\n\t\t\t\t<\/a>\n\t\t\t<\/div>\n\n\t\t\t\n\t\t\t<div class=\"list-el\">\n\t\t\t\t<a class=\"el-inner\" href=\"https:\/\/www.elicit-plant.com\/pl\/nasza-firma\/\">\n\n\t\t\t\t\t<figure class=\"inner-picture cbo-picture-cover\">\n\t\t\t\t\t\t<img decoding=\"async\" src=\"https:\/\/www.elicit-plant.com\/app\/uploads\/sites\/6\/2023\/12\/img-distributeurs-header.jpg\" srcset=\"https:\/\/www.elicit-plant.com\/app\/uploads\/sites\/6\/2023\/12\/img-distributeurs-header-320x320.jpg 320w, https:\/\/www.elicit-plant.com\/app\/uploads\/sites\/6\/2023\/12\/img-distributeurs-header.jpg 840w, https:\/\/www.elicit-plant.com\/app\/uploads\/sites\/6\/2023\/12\/img-distributeurs-header.jpg 1024w, https:\/\/www.elicit-plant.com\/app\/uploads\/sites\/6\/2023\/12\/img-distributeurs-header.jpg 1400w\" class=\"\" alt=\"Dw\u00f3ch agronom\u00f3w bada pole kukurydzy\" width=\"402\" height=\"403\" sizes=\"auto, 100vw\" loading=\"lazy\" \/>\t\t\t\t\t<\/figure>\n\n\t\t\t\t\t<h3 class=\"inner-title cbo-title-3\">\n\t\t\t\t\t\tNasza spo\u0142eczno\u015b\u0107\t\t\t\t\t<\/h3>\n\n\t\t\t\t\t<span class=\"inner-button cbo-buttonmore\">\n\t\t\t\t\t\t<i class=\"icon icon-cross\"><\/i>\n\t\t\t\t\t<\/span>\n\t\t\t\t<\/a>\n\t\t\t<\/div>\n\n\t\t\t\t\t<\/div>\n\n\t<\/div>\n<\/section>\n","protected":false},"excerpt":{"rendered":"<p>O Elicit Plant Elicit Plant jest jedyn\u0105 firm\u0105 AgTech zajmuj\u0105c\u0105 si\u0119 wp\u0142ywem zmian klimatycznych na g\u0142\u00f3wne uprawy na ca\u0142ym \u015bwiecie poprzez redukcj\u0119 zu\u017cycia wody przez ro\u015bliny o 20%. Unikalna technologia EliTerra\u00ae, oparta na egzogennym dostarczaniu fitosteroli, grupy cz\u0105steczek ro\u015blinnych, zwi\u0119ksza odporno\u015b\u0107 ro\u015blin na stres, aktywuj\u0105c ich naturalne mechanizmy obronne. Setki pr\u00f3b terenowych w po\u0142\u0105czeniu z szybkim przyj\u0119ciem przez rolnik\u00f3w na trzech kontynentach (Brazylia, Europa i Stany Zjednoczone) pierwszego produktu przeznaczonego do uprawy kukurydzy dowodz\u0105, \u017ce biologiczne rozwi\u0105zania tej firmy s\u0105 jedynymi, kt\u00f3re zapewniaj\u0105 plony i oferuj\u0105 rolnikom znacz\u0105cy zwrot z inwestycji w okresach niedoboru wody. ELICIT PLANT odnosi ju\u017c sukcesy w Brazylii, Europie i na Ukrainie, odnotowuj\u0105c trzykrotny wzrost w ci\u0105gu ostatnich 2 lat. Aby uzyska\u0107 wi\u0119cej informacji, skontaktuj si\u0119 z zespo\u0142em konsultant\u00f3w. Je\u015bli potrzebujesz oficjalnego logo Elicit Plant&#8230;<\/p>\n","protected":false},"author":10,"featured_media":0,"parent":0,"menu_order":0,"comment_status":"closed","ping_status":"closed","template":"","meta":{"_acf_changed":false,"footnotes":""},"class_list":["post-919","page","type-page","status-publish","hentry"],"acf":[],"yoast_head":"<!-- This site is optimized with the Yoast SEO plugin v27.3 - https:\/\/yoast.com\/product\/yoast-seo-wordpress\/ -->\n<title>Informacje prasowe - Elicit Plant Polska<\/title>\n<meta name=\"robots\" content=\"index, follow, max-snippet:-1, max-image-preview:large, max-video-preview:-1\" \/>\n<link rel=\"canonical\" href=\"https:\/\/www.elicit-plant.com\/pl\/informacje-prasowe\/\" \/>\n<meta property=\"og:locale\" content=\"pl_PL\" \/>\n<meta property=\"og:type\" content=\"article\" \/>\n<meta property=\"og:title\" content=\"Informacje prasowe - Elicit Plant Polska\" \/>\n<meta property=\"og:description\" content=\"O Elicit Plant Elicit Plant jest jedyn\u0105 firm\u0105 AgTech zajmuj\u0105c\u0105 si\u0119 wp\u0142ywem zmian klimatycznych na g\u0142\u00f3wne uprawy na ca\u0142ym \u015bwiecie poprzez redukcj\u0119 zu\u017cycia wody przez ro\u015bliny o 20%. Unikalna technologia EliTerra\u00ae, oparta na egzogennym dostarczaniu fitosteroli, grupy cz\u0105steczek ro\u015blinnych, zwi\u0119ksza odporno\u015b\u0107 ro\u015blin na stres, aktywuj\u0105c ich naturalne mechanizmy obronne. Setki pr\u00f3b terenowych w po\u0142\u0105czeniu z szybkim przyj\u0119ciem przez rolnik\u00f3w na trzech kontynentach (Brazylia, Europa i Stany Zjednoczone) pierwszego produktu przeznaczonego do uprawy kukurydzy dowodz\u0105, \u017ce biologiczne rozwi\u0105zania tej firmy s\u0105 jedynymi, kt\u00f3re zapewniaj\u0105 plony i oferuj\u0105 rolnikom znacz\u0105cy zwrot z inwestycji w okresach niedoboru wody. ELICIT PLANT odnosi ju\u017c sukcesy w Brazylii, Europie i na Ukrainie, odnotowuj\u0105c trzykrotny wzrost w ci\u0105gu ostatnich 2 lat. Aby uzyska\u0107 wi\u0119cej informacji, skontaktuj si\u0119 z zespo\u0142em konsultant\u00f3w. Je\u015bli potrzebujesz oficjalnego logo Elicit Plant...\" \/>\n<meta property=\"og:url\" content=\"https:\/\/www.elicit-plant.com\/pl\/informacje-prasowe\/\" \/>\n<meta property=\"og:site_name\" content=\"Elicit Plant Polska\" \/>\n<meta property=\"article:modified_time\" content=\"2025-04-27T13:13:49+00:00\" \/>\n<meta name=\"twitter:card\" content=\"summary_large_image\" \/>\n<script type=\"application\/ld+json\" class=\"yoast-schema-graph\">{\"@context\":\"https:\\\/\\\/schema.org\",\"@graph\":[{\"@type\":\"WebPage\",\"@id\":\"https:\\\/\\\/www.elicit-plant.com\\\/pl\\\/informacje-prasowe\\\/\",\"url\":\"https:\\\/\\\/www.elicit-plant.com\\\/pl\\\/informacje-prasowe\\\/\",\"name\":\"Informacje prasowe - Elicit Plant Polska\",\"isPartOf\":{\"@id\":\"https:\\\/\\\/www.elicit-plant.com\\\/pl\\\/#website\"},\"datePublished\":\"2025-04-27T13:12:59+00:00\",\"dateModified\":\"2025-04-27T13:13:49+00:00\",\"breadcrumb\":{\"@id\":\"https:\\\/\\\/www.elicit-plant.com\\\/pl\\\/informacje-prasowe\\\/#breadcrumb\"},\"inLanguage\":\"pl-PL\",\"potentialAction\":[{\"@type\":\"ReadAction\",\"target\":[\"https:\\\/\\\/www.elicit-plant.com\\\/pl\\\/informacje-prasowe\\\/\"]}]},{\"@type\":\"BreadcrumbList\",\"@id\":\"https:\\\/\\\/www.elicit-plant.com\\\/pl\\\/informacje-prasowe\\\/#breadcrumb\",\"itemListElement\":[{\"@type\":\"ListItem\",\"position\":1,\"name\":\"Strona g\u0142\u00f3wna\",\"item\":\"https:\\\/\\\/www.elicit-plant.com\\\/pl\\\/\"},{\"@type\":\"ListItem\",\"position\":2,\"name\":\"Informacje prasowe\"}]},{\"@type\":\"WebSite\",\"@id\":\"https:\\\/\\\/www.elicit-plant.com\\\/pl\\\/#website\",\"url\":\"https:\\\/\\\/www.elicit-plant.com\\\/pl\\\/\",\"name\":\"Elicit Plant Polska\",\"description\":\"Elicit Plant jest \u015bwiatowym liderem w zarz\u0105dzaniu stresem wodnym w uprawach polowych przy u\u017cyciu fitosteroli\",\"potentialAction\":[{\"@type\":\"SearchAction\",\"target\":{\"@type\":\"EntryPoint\",\"urlTemplate\":\"https:\\\/\\\/www.elicit-plant.com\\\/pl\\\/?s={search_term_string}\"},\"query-input\":{\"@type\":\"PropertyValueSpecification\",\"valueRequired\":true,\"valueName\":\"search_term_string\"}}],\"inLanguage\":\"pl-PL\"}]}<\/script>\n<!-- \/ Yoast SEO plugin. -->","yoast_head_json":{"title":"Informacje prasowe - Elicit Plant Polska","robots":{"index":"index","follow":"follow","max-snippet":"max-snippet:-1","max-image-preview":"max-image-preview:large","max-video-preview":"max-video-preview:-1"},"canonical":"https:\/\/www.elicit-plant.com\/pl\/informacje-prasowe\/","og_locale":"pl_PL","og_type":"article","og_title":"Informacje prasowe - Elicit Plant Polska","og_description":"O Elicit Plant Elicit Plant jest jedyn\u0105 firm\u0105 AgTech zajmuj\u0105c\u0105 si\u0119 wp\u0142ywem zmian klimatycznych na g\u0142\u00f3wne uprawy na ca\u0142ym \u015bwiecie poprzez redukcj\u0119 zu\u017cycia wody przez ro\u015bliny o 20%. Unikalna technologia EliTerra\u00ae, oparta na egzogennym dostarczaniu fitosteroli, grupy cz\u0105steczek ro\u015blinnych, zwi\u0119ksza odporno\u015b\u0107 ro\u015blin na stres, aktywuj\u0105c ich naturalne mechanizmy obronne. Setki pr\u00f3b terenowych w po\u0142\u0105czeniu z szybkim przyj\u0119ciem przez rolnik\u00f3w na trzech kontynentach (Brazylia, Europa i Stany Zjednoczone) pierwszego produktu przeznaczonego do uprawy kukurydzy dowodz\u0105, \u017ce biologiczne rozwi\u0105zania tej firmy s\u0105 jedynymi, kt\u00f3re zapewniaj\u0105 plony i oferuj\u0105 rolnikom znacz\u0105cy zwrot z inwestycji w okresach niedoboru wody. ELICIT PLANT odnosi ju\u017c sukcesy w Brazylii, Europie i na Ukrainie, odnotowuj\u0105c trzykrotny wzrost w ci\u0105gu ostatnich 2 lat. Aby uzyska\u0107 wi\u0119cej informacji, skontaktuj si\u0119 z zespo\u0142em konsultant\u00f3w. Je\u015bli potrzebujesz oficjalnego logo Elicit Plant...","og_url":"https:\/\/www.elicit-plant.com\/pl\/informacje-prasowe\/","og_site_name":"Elicit Plant Polska","article_modified_time":"2025-04-27T13:13:49+00:00","twitter_card":"summary_large_image","schema":{"@context":"https:\/\/schema.org","@graph":[{"@type":"WebPage","@id":"https:\/\/www.elicit-plant.com\/pl\/informacje-prasowe\/","url":"https:\/\/www.elicit-plant.com\/pl\/informacje-prasowe\/","name":"Informacje prasowe - Elicit Plant Polska","isPartOf":{"@id":"https:\/\/www.elicit-plant.com\/pl\/#website"},"datePublished":"2025-04-27T13:12:59+00:00","dateModified":"2025-04-27T13:13:49+00:00","breadcrumb":{"@id":"https:\/\/www.elicit-plant.com\/pl\/informacje-prasowe\/#breadcrumb"},"inLanguage":"pl-PL","potentialAction":[{"@type":"ReadAction","target":["https:\/\/www.elicit-plant.com\/pl\/informacje-prasowe\/"]}]},{"@type":"BreadcrumbList","@id":"https:\/\/www.elicit-plant.com\/pl\/informacje-prasowe\/#breadcrumb","itemListElement":[{"@type":"ListItem","position":1,"name":"Strona g\u0142\u00f3wna","item":"https:\/\/www.elicit-plant.com\/pl\/"},{"@type":"ListItem","position":2,"name":"Informacje prasowe"}]},{"@type":"WebSite","@id":"https:\/\/www.elicit-plant.com\/pl\/#website","url":"https:\/\/www.elicit-plant.com\/pl\/","name":"Elicit Plant Polska","description":"Elicit Plant jest \u015bwiatowym liderem w zarz\u0105dzaniu stresem wodnym w uprawach polowych przy u\u017cyciu fitosteroli","potentialAction":[{"@type":"SearchAction","target":{"@type":"EntryPoint","urlTemplate":"https:\/\/www.elicit-plant.com\/pl\/?s={search_term_string}"},"query-input":{"@type":"PropertyValueSpecification","valueRequired":true,"valueName":"search_term_string"}}],"inLanguage":"pl-PL"}]}},"_links":{"self":[{"href":"https:\/\/www.elicit-plant.com\/pl\/wp-json\/wp\/v2\/pages\/919","targetHints":{"allow":["GET"]}}],"collection":[{"href":"https:\/\/www.elicit-plant.com\/pl\/wp-json\/wp\/v2\/pages"}],"about":[{"href":"https:\/\/www.elicit-plant.com\/pl\/wp-json\/wp\/v2\/types\/page"}],"author":[{"embeddable":true,"href":"https:\/\/www.elicit-plant.com\/pl\/wp-json\/wp\/v2\/users\/10"}],"replies":[{"embeddable":true,"href":"https:\/\/www.elicit-plant.com\/pl\/wp-json\/wp\/v2\/comments?post=919"}],"version-history":[{"count":6,"href":"https:\/\/www.elicit-plant.com\/pl\/wp-json\/wp\/v2\/pages\/919\/revisions"}],"predecessor-version":[{"id":930,"href":"https:\/\/www.elicit-plant.com\/pl\/wp-json\/wp\/v2\/pages\/919\/revisions\/930"}],"wp:attachment":[{"href":"https:\/\/www.elicit-plant.com\/pl\/wp-json\/wp\/v2\/media?parent=919"}],"curies":[{"name":"wp","href":"https:\/\/api.w.org\/{rel}","templated":true}]}}