{"id":248,"date":"2024-03-19T13:25:28","date_gmt":"2024-03-19T13:25:28","guid":{"rendered":"https:\/\/www.elicit-plant.com\/ro\/?page_id=248"},"modified":"2025-10-07T10:24:39","modified_gmt":"2025-10-07T09:24:39","slug":"aviz-juridic","status":"publish","type":"page","link":"https:\/\/www.elicit-plant.com\/ro\/aviz-juridic\/","title":{"rendered":"Aviz juridic"},"content":{"rendered":"<section class=\"cbo-heropicture\" data-anim-group>\n\t<div class=\"cbo-breadcrumbs breadcrumbs--normal\">\n  <div class=\"breadcrumbs-inner\">\n    <span><span><a href=\"https:\/\/www.elicit-plant.com\/ro\/\">Home<\/a><\/span><\/span>\t<\/div>\n<\/div>\n\t<div class=\"heropicture-picture cbo-picture-cover\">\n\t\t<img decoding=\"async\" src=\"https:\/\/www.elicit-plant.com\/app\/uploads\/sites\/7\/2024\/03\/corn-leafs-background-1024x683.jpg\" srcset=\"https:\/\/www.elicit-plant.com\/app\/uploads\/sites\/7\/2024\/03\/corn-leafs-background-320x213.jpg 320w, https:\/\/www.elicit-plant.com\/app\/uploads\/sites\/7\/2024\/03\/corn-leafs-background-768x512.jpg 768w, https:\/\/www.elicit-plant.com\/app\/uploads\/sites\/7\/2024\/03\/corn-leafs-background-1024x683.jpg 1024w, https:\/\/www.elicit-plant.com\/app\/uploads\/sites\/7\/2024\/03\/corn-leafs-background-1400x934.jpg 1280w, https:\/\/www.elicit-plant.com\/app\/uploads\/sites\/7\/2024\/03\/corn-leafs-background-1920x1280.jpg 1920w\" class=\"\" alt=\"Frunze de porumb fundal\" width=\"1024\" height=\"683\" sizes=\"auto, 100vw\" loading=\"lazy\" \/>\t<\/div>\n\n\t<div class=\"heropicture-inner cbo-container container--small container--padding\">\n\t\t<div class=\"heropicture-content\">\n\n\t\t\t\n\t\t\t<h1 class=\"content-title cbo-title-2 slide-down\">\n\t\t\t\tAviz juridic\t\t\t<\/h1>\n\t\t<\/div>\n\t<\/div>\n<\/section>\n\n<section class=\"cbo-text cbo-margin-container\">\n    <div class=\"\n        text-inner\n                cbo-container\n        container--small        \"\n    >\n        <div class=\"text-content cbo-cms cms--large\">\n            <p>Informa\u021biile legale de mai jos se aplic\u0103 site-ului web <a href=\"http:\/\/www.elicit-plant.com\">www.elicit-plant.com<\/a><\/p>\n<p><strong>Denumire social\u0103<\/strong>: ELICIT PLANT<\/p>\n<p><strong>Sediu social<\/strong>: LIEUDIT LE CHATAIGNIER, 1 PAS DE LA CROIX, 16220 MOULINS-SUR-TARDOIRE, CHARENTE (16)<\/p>\n<p><strong>Form\u0103 juridic\u0103<\/strong>: Societate pe Ac\u021biuni Simplificat\u0103 (SAS)<\/p>\n<p><strong>Capital social<\/strong>: 139 417,50 \u20ac<\/p>\n<p><strong>\u00cenregistrat\u0103 la Registrul Comer\u021bului din Angoul\u00eame<\/strong>: num\u0103r SIREN: 831 286 455 \u0219i num\u0103r SIRET: 831 286 455 00025<\/p>\n<p><strong>Num\u0103r TVA intracomunitar<\/strong>: FR47831286455<\/p>\n<p><strong>Director al publica\u021biei<\/strong>: Domnul Jean-Fran\u00e7ois DECHANT<\/p>\n<p><strong>Telefon<\/strong>: +33 <a href=\"https:\/\/www.google.com\/search?q=t%C3%A9l%C3%A9phone+elicit+plant&amp;rlz=1C1GCEU_frFR1073FR1073&amp;oq=t%C3%A9l%C3%A9phone+elicit+plant&amp;gs_lcrp=EgZjaHJvbWUyCAgAEEUYFRg5MgcIARAhGKABMgcIAhAhGKABMgcIAxAhGKAB0gEINTk1N2owajeoAgCwAgA&amp;sourceid=chrome&amp;ie=UTF-8\">05 45 23 18 38<\/a><\/p>\n<p><strong>Email<\/strong>: <a href=\"mailto:dataprivacy@elicit-plant.com\">dataprivacy@elicit-plant.com<\/a><\/p>\n<p><strong>G\u0103zduire<\/strong>: Infomaniak<\/p>\n<p><u>Denumire social\u0103<\/u>: Infomaniak Network SA<br \/>\n<u>Adres\u0103<\/u>: Rue Eug\u00e8ne Marziano 25 &#8211; 1227 Les Acacias (GE)<br \/>\n<u><a href=\"https:\/\/www.infomaniak.com\/fr\/aide\">Contact<\/a><\/u><\/p>\n<h2><\/h2>\n<h2 style=\"text-align: center;\"><strong>CONDI\u021aII GENERALE DE UTILIZARE ALE SITE-ULUI INTERNET<\/strong><br \/>\n<a href=\"http:\/\/WWW.ELICIT-PLANT.COM\"><strong>WWW.ELICIT-PLANT.COM<\/strong><\/a><\/h2>\n<p>&nbsp;<\/p>\n<p>Accesul, consultarea \u0219i utilizarea site-ului <a href=\"https:\/\/www.elicit-plant.com\">https:\/\/www.elicit-plant.com<\/a> (\u201e<strong><em>Site-ul<\/em><\/strong>\u201d) sunt guvernate de prezentele Condi\u021bii Generale de Utilizare (\u201e<strong><em>CGU<\/em><\/strong>\u201d).<\/p>\n<p>Prin consultarea \u0219i\/sau accesarea Site-ului, vizitatorul \u0219i\/sau utilizatorul (\u201e<strong><em>Dumneavoastr\u0103<\/em><\/strong>\u201d) se consider\u0103 c\u0103 a acceptat, f\u0103r\u0103 restric\u021bii sau rezerve, prezentele CGU. Sunte\u021bi a\u0219adar invitat(\u0103) s\u0103 le citi\u021bi cu aten\u021bie \u00eenainte de a naviga sau continua navigarea pe Site.<\/p>\n<p>ELICIT PLANT \u00ee\u0219i rezerv\u0103 dreptul de a modifica prezentele CGU \u00een orice moment. Versiunea disponibil\u0103 pe Site este cea mai recent\u0103 \u0219i valabil\u0103.<\/p>\n<p>Dac\u0103 una dintre prevederile CGU este declarat\u0103 nul\u0103 \u0219i\/sau f\u0103r\u0103 efect conform legilor \u0219i reglement\u0103rilor \u00een vigoare, celelalte dispozi\u021bii r\u0103m\u00e2n aplicabile.<\/p>\n<h2>ARTICOLUL 1 \u2013 ACCESUL LA SITE \u2013 FUNC\u021aIONALIT\u0102\u021aI \u2013 UTILIZARE<\/h2>\n<p>1.1.<br \/>\nAccesul la Site \u0219i utilizarea acestuia sunt rezervate unui uz strict personal. V\u0103 angaja\u021bi s\u0103 nu utiliza\u021bi acest Site \u0219i informa\u021biile sau datele con\u021binute pe el \u00een scopuri comerciale, politice, publicitare sau pentru orice form\u0103 de solicitare comercial\u0103, inclusiv trimiterea de e-mailuri nesolicitate.<\/p>\n<p>\u00cen general, v\u0103 angaja\u021bi ca, \u00een cadrul accesului \u0219i utiliz\u0103rii Site-ului, s\u0103:<\/p>\n<ul>\n<li>verifica\u021bi c\u0103 sistemul informatic utilizat nu con\u021bine viru\u0219i \u0219i este \u00een stare de func\u021bionare perfect\u0103;<\/li>\n<li>nu copia\u021bi integral sau par\u021bial Site-ul pe un alt site sau suport;<\/li>\n<li>nu instala\u021bi sisteme susceptibile s\u0103 pirateze Site-ul, integral sau par\u021bial, ori s\u0103 \u00eencalce prezentele CGU;<\/li>\n<li>informa\u021bi ELICIT PLANT imediat ce ave\u021bi cuno\u0219tin\u021b\u0103 de un \u201e<em>hacking<\/em>\u201d, \u00een special despre orice utilizare ilegal\u0103 sau neautorizat\u0103 a elementelor prezente pe Site, indiferent de mijlocul de difuzare utilizat;<\/li>\n<li>respecta\u021bi prezentele CGU.<\/li>\n<\/ul>\n<p>1.2.<br \/>\nSite-ul ofer\u0103 \u00een special urm\u0103toarele func\u021bionalit\u0103\u021bi:<\/p>\n<ul>\n<li>prezentarea companiei ELICIT PLANT \u0219i a activit\u0103\u021bilor sale;<\/li>\n<li>difuzarea \u0219i publicarea de informa\u021bii privind activit\u0103\u021bile, produsele \u0219i serviciile ELICIT PLANT;<\/li>\n<li>publicarea ofertelor de angajare la ELICIT PLANT;<\/li>\n<li>contactarea diferitelor departamente ale ELICIT PLANT.<\/li>\n<\/ul>\n<h2>ARTICOLUL 2 \u2013 PROPRIETATE INTELECTUAL\u0102<\/h2>\n<p>ELICIT PLANT v\u0103 acord\u0103 un simplu drept de consultare a informa\u021biilor \u0219i con\u021binuturilor disponibile pe Site pe durata accesului dumneavoastr\u0103.<\/p>\n<p>Toate elementele \u0219i con\u021binuturile Site-ului, \u00een special m\u0103rcile, logo-urile, imaginile, desenele, grafica, structura, textele, precum \u0219i toate aplica\u021biile informatice utilizate pentru func\u021bionarea acestuia, sunt \u0219i r\u0103m\u00e2n proprietatea exclusiv\u0103 a ELICIT PLANT \u0219i\/sau a partenerilor s\u0103i.<\/p>\n<p>M\u0103rcile verbale \u0219i vizuale (logo-urile) ELICIT PLANT, sau care desemneaz\u0103 produsele \u0219i serviciile sale, sunt protejate de drepturile de proprietate intelectual\u0103 \u0219i sunt \u00eenregistrate ca m\u0103rci \u00een Fran\u021ba \u0219i la nivel interna\u021bional.<\/p>\n<p>Prin urmare, orice reproducere, reprezentare, utilizare, modificare sau adaptare, integral\u0103 sau par\u021bial\u0103, a elementelor \u0219i con\u021binuturilor Site-ului, inclusiv a aplica\u021biilor informatice, f\u0103r\u0103 acordul prealabil, expres \u0219i scris al ELICIT PLANT, este strict interzis\u0103 \u0219i poate duce la ac\u021biuni legale, \u00een special pentru contrafacere sau concuren\u021b\u0103 neloial\u0103.<\/p>\n<p>Faptul c\u0103 ELICIT PLANT nu ini\u021biaz\u0103 o procedur\u0103 imediat dup\u0103 luarea la cuno\u0219tin\u021b\u0103 a unei utiliz\u0103ri neautorizate nu constituie o acceptare a respectivei utiliz\u0103ri \u0219i nici o renun\u021bare la dreptul de a ac\u021biona \u00een justi\u021bie.<\/p>\n<h2>ARTICOLUL 3 \u2013 GESTIUNEA SITE-ULUI<\/h2>\n<p>Pentru a asigura buna administrare a Site-ului, ELICIT PLANT poate, \u00een orice moment, temporar sau permanent:<\/p>\n<ul>\n<li>suspenda, \u00eentrerupe sau limita accesul la \u00eentregul Site sau la anumite p\u0103r\u021bi, ori s\u0103 rezerve accesul la anumite categorii de utilizatori;<\/li>\n<li>\u0219terge \u0219i\/sau modifica o parte din configura\u021bia Site-ului sau orice informa\u021bie care ar putea perturba func\u021bionarea acestuia sau contraveni legilor \u0219i reglement\u0103rilor aplicabile ori regulilor de \u201eNetiquette\u201d;<\/li>\n<li>suspenda Site-ul pentru actualiz\u0103ri \u0219i\/sau lucr\u0103ri de mentenan\u021b\u0103, care pot fi efectuate f\u0103r\u0103 notificare prealabil\u0103.<\/li>\n<\/ul>\n<h2>ARTICOLUL 4 \u2013 R\u0102SPUNDERE<\/h2>\n<p>4.1.<br \/>\nInforma\u021biile publicate pe Site-ul ELICIT PLANT sunt furnizate cu titlu informativ \u0219i nu constituie o ofert\u0103 contractual\u0103 pentru un produs sau serviciu specific. Pentru detalii privind serviciile oferite de ELICIT PLANT, v\u0103 rug\u0103m s\u0103 contacta\u021bi compania direct prin datele de contact indicate pe Site.<\/p>\n<p>De\u0219i ELICIT PLANT depune eforturi rezonabile pentru a verifica informa\u021biile furnizate, nu garanteaz\u0103 c\u0103 acestea, sau cele de pe site-urile c\u0103tre care pot exista leg\u0103turi, sunt complete, exacte sau actualizate \u00een permanen\u021b\u0103.<\/p>\n<p>4.2.<br \/>\nELICIT PLANT va depune toate eforturile rezonabile pentru a asigura securitatea accesului \u0219i utiliz\u0103rii Site-ului, \u00een limita obliga\u021biei de mijloace.<\/p>\n<p>Site-ul este disponibil 24 de ore din 24, 7 zile din 7, cu excep\u021bia cazurilor de for\u021b\u0103 major\u0103, evenimente \u00een afara controlului s\u0103u, defec\u021biuni sau lucr\u0103ri de mentenan\u021b\u0103 necesare func\u021bion\u0103rii \u0219i dezvolt\u0103rii Site-ului.<\/p>\n<p>ELICIT PLANT nu poate fi tras\u0103 la r\u0103spundere pentru defec\u021biuni, erori sau \u00eentreruperi care \u00eempiedic\u0103 accesul la Site sau la una dintre func\u021bionalit\u0103\u021bile sale.<\/p>\n<p>4.3.<br \/>\nEchipamentul de conectare utilizat pentru accesarea Site-ului este responsabilitatea dumneavoastr\u0103 exclusiv\u0103. Trebuie s\u0103 lua\u021bi toate m\u0103surile adecvate pentru a v\u0103 proteja echipamentul \u0219i datele, \u00een special \u00eempotriva atacurilor informatice.<\/p>\n<p>ELICIT PLANT nu este responsabil\u0103 pentru daunele cauzate dumneavoastr\u0103, ter\u021bilor sau echipamentelor dumneavoastr\u0103, nici pentru ac\u021biuni legale rezultate din utilizarea Site-ului sau din nerespectarea prezentelor CGU.<\/p>\n<p>Dac\u0103 ELICIT PLANT este implicat\u0103 \u00eentr-o procedur\u0103 legal\u0103 ca urmare a utiliz\u0103rii Site-ului de c\u0103tre dumneavoastr\u0103, \u00ee\u0219i rezerv\u0103 dreptul de a solicita desp\u0103gubiri pentru toate prejudiciile \u0219i costurile rezultate.<\/p>\n<h2>ARTICOLUL 5 \u2013 LINKURI HIPERTEXT<\/h2>\n<p>5.1.<br \/>\nSite-ul ELICIT PLANT poate con\u021bine linkuri c\u0103tre alte site-uri sau surse de informa\u021bii administrate de parteneri.<br \/>\n\u00centruc\u00e2t ELICIT PLANT nu poate controla aceste surse externe, linkurile sunt furnizate f\u0103r\u0103 garan\u021bii \u0219i pe riscul dumneavoastr\u0103.<\/p>\n<p>ELICIT PLANT nu este responsabil\u0103 pentru con\u021binutul, disponibilitatea sau fiabilitatea acestor site-uri ter\u021be \u0219i pentru eventualele daune provocate.<\/p>\n<p>5.2.<br \/>\nCrearea unui link c\u0103tre con\u021binutul Site-ului, integral sau par\u021bial, este strict interzis\u0103 f\u0103r\u0103 acordul prealabil, expres \u0219i scris al ELICIT PLANT.<br \/>\nOrice autorizare acordat\u0103 este temporar\u0103 \u0219i poate fi retras\u0103 \u00een orice moment, f\u0103r\u0103 justificare.<\/p>\n<p>Orice link creat trebuie eliminat la prima solicitare din partea ELICIT PLANT.<\/p>\n<h2>ARTICOLUL 6 \u2013 PROTEC\u021aIA DATELOR PERSONALE<\/h2>\n<p>Pute\u021bi consulta prelucrarea datelor dumneavoastr\u0103 personale efectuat\u0103 de ELICIT PLANT, precum \u0219i angajamentele companiei privind protec\u021bia datelor personale, acces\u00e2nd Politica noastr\u0103 de confiden\u021bialitate.<\/p>\n<h2>ARTICOLUL 7 \u2013 COOKIE-URI<\/h2>\n<p>Pentru mai multe informa\u021bii privind cookie-urile utilizate pe Site \u0219i gestionarea consim\u021b\u0103m\u00e2ntului dumneavoastr\u0103, v\u0103 rug\u0103m s\u0103 consulta\u021bi Politica noastr\u0103 privind cookie-urile.<\/p>\n<h2>ARTICOLUL 8 \u2013 LEGEA APLICABIL\u0102 \/ INSTAN\u021aA COMPETENT\u0102<\/h2>\n<p>Prezentele CGU sunt guvernate de legea francez\u0103 \u0219i intr\u0103 sub jurisdic\u021bia exclusiv\u0103 a instan\u021belor franceze.<\/p>\n\n            <div style=\"clear: both;\"><\/div>\n        <\/div>\n    <\/div>\n<\/section>\n","protected":false},"excerpt":{"rendered":"<p>Informa\u021biile legale de mai jos se aplic\u0103 site-ului web www.elicit-plant.com Denumire social\u0103: ELICIT PLANT Sediu social: LIEUDIT LE CHATAIGNIER, 1 PAS DE LA CROIX, 16220 MOULINS-SUR-TARDOIRE, CHARENTE (16) Form\u0103 juridic\u0103: Societate pe Ac\u021biuni Simplificat\u0103 (SAS) Capital social: 139 417,50 \u20ac \u00cenregistrat\u0103 la Registrul Comer\u021bului din Angoul\u00eame: num\u0103r SIREN: 831 286 455 \u0219i num\u0103r SIRET: 831 286 455 00025 Num\u0103r TVA intracomunitar: FR47831286455 Director al publica\u021biei: Domnul Jean-Fran\u00e7ois DECHANT Telefon: +33 05 45 23 18 38 Email: dataprivacy@elicit-plant.com G\u0103zduire: Infomaniak Denumire social\u0103: Infomaniak Network SA Adres\u0103: Rue Eug\u00e8ne Marziano 25 &#8211; 1227 Les Acacias (GE) Contact CONDI\u021aII GENERALE DE UTILIZARE ALE SITE-ULUI INTERNET WWW.ELICIT-PLANT.COM &nbsp; Accesul, consultarea \u0219i utilizarea site-ului https:\/\/www.elicit-plant.com (\u201eSite-ul\u201d) sunt guvernate de prezentele Condi\u021bii Generale de Utilizare (\u201eCGU\u201d). Prin consultarea \u0219i\/sau accesarea&#8230;<\/p>\n","protected":false},"author":6,"featured_media":0,"parent":0,"menu_order":0,"comment_status":"closed","ping_status":"closed","template":"","meta":{"_acf_changed":false,"footnotes":""},"class_list":["post-248","page","type-page","status-publish","hentry"],"acf":[],"yoast_head":"<!-- This site is optimized with the Yoast SEO plugin v27.3 - https:\/\/yoast.com\/product\/yoast-seo-wordpress\/ -->\n<title>Aviz juridic - Elicit Plant Rom\u00e2nia<\/title>\n<meta name=\"robots\" content=\"noindex, follow\" \/>\n<meta property=\"og:locale\" content=\"ro_RO\" \/>\n<meta property=\"og:type\" content=\"article\" \/>\n<meta property=\"og:title\" content=\"Aviz juridic - Elicit Plant Rom\u00e2nia\" \/>\n<meta property=\"og:description\" content=\"Informa\u021biile legale de mai jos se aplic\u0103 site-ului web www.elicit-plant.com Denumire social\u0103: ELICIT PLANT Sediu social: LIEUDIT LE CHATAIGNIER, 1 PAS DE LA CROIX, 16220 MOULINS-SUR-TARDOIRE, CHARENTE (16) Form\u0103 juridic\u0103: Societate pe Ac\u021biuni Simplificat\u0103 (SAS) Capital social: 139 417,50 \u20ac \u00cenregistrat\u0103 la Registrul Comer\u021bului din Angoul\u00eame: num\u0103r SIREN: 831 286 455 \u0219i num\u0103r SIRET: 831 286 455 00025 Num\u0103r TVA intracomunitar: FR47831286455 Director al publica\u021biei: Domnul Jean-Fran\u00e7ois DECHANT Telefon: +33 05 45 23 18 38 Email: dataprivacy@elicit-plant.com G\u0103zduire: Infomaniak Denumire social\u0103: Infomaniak Network SA Adres\u0103: Rue Eug\u00e8ne Marziano 25 - 1227 Les Acacias (GE) Contact CONDI\u021aII GENERALE DE UTILIZARE ALE SITE-ULUI INTERNET WWW.ELICIT-PLANT.COM &nbsp; Accesul, consultarea \u0219i utilizarea site-ului https:\/\/www.elicit-plant.com (\u201eSite-ul\u201d) sunt guvernate de prezentele Condi\u021bii Generale de Utilizare (\u201eCGU\u201d). Prin consultarea \u0219i\/sau accesarea...\" \/>\n<meta property=\"og:url\" content=\"https:\/\/www.elicit-plant.com\/ro\/aviz-juridic\/\" \/>\n<meta property=\"og:site_name\" content=\"Elicit Plant Rom\u00e2nia\" \/>\n<meta property=\"article:modified_time\" content=\"2025-10-07T09:24:39+00:00\" \/>\n<meta name=\"twitter:card\" content=\"summary_large_image\" \/>\n<script type=\"application\/ld+json\" class=\"yoast-schema-graph\">{\"@context\":\"https:\\\/\\\/schema.org\",\"@graph\":[{\"@type\":\"WebPage\",\"@id\":\"https:\\\/\\\/www.elicit-plant.com\\\/ro\\\/aviz-juridic\\\/\",\"url\":\"https:\\\/\\\/www.elicit-plant.com\\\/ro\\\/aviz-juridic\\\/\",\"name\":\"Aviz juridic - Elicit Plant Rom\u00e2nia\",\"isPartOf\":{\"@id\":\"https:\\\/\\\/www.elicit-plant.com\\\/ro\\\/#website\"},\"datePublished\":\"2024-03-19T13:25:28+00:00\",\"dateModified\":\"2025-10-07T09:24:39+00:00\",\"breadcrumb\":{\"@id\":\"https:\\\/\\\/www.elicit-plant.com\\\/ro\\\/aviz-juridic\\\/#breadcrumb\"},\"inLanguage\":\"ro-RO\",\"potentialAction\":[{\"@type\":\"ReadAction\",\"target\":[\"https:\\\/\\\/www.elicit-plant.com\\\/ro\\\/aviz-juridic\\\/\"]}]},{\"@type\":\"BreadcrumbList\",\"@id\":\"https:\\\/\\\/www.elicit-plant.com\\\/ro\\\/aviz-juridic\\\/#breadcrumb\",\"itemListElement\":[{\"@type\":\"ListItem\",\"position\":1,\"name\":\"Home\",\"item\":\"https:\\\/\\\/www.elicit-plant.com\\\/ro\\\/\"},{\"@type\":\"ListItem\",\"position\":2,\"name\":\"Aviz juridic\"}]},{\"@type\":\"WebSite\",\"@id\":\"https:\\\/\\\/www.elicit-plant.com\\\/ro\\\/#website\",\"url\":\"https:\\\/\\\/www.elicit-plant.com\\\/ro\\\/\",\"name\":\"Elicit Plant Rom\u00e2nia\",\"description\":\"\",\"potentialAction\":[{\"@type\":\"SearchAction\",\"target\":{\"@type\":\"EntryPoint\",\"urlTemplate\":\"https:\\\/\\\/www.elicit-plant.com\\\/ro\\\/?s={search_term_string}\"},\"query-input\":{\"@type\":\"PropertyValueSpecification\",\"valueRequired\":true,\"valueName\":\"search_term_string\"}}],\"inLanguage\":\"ro-RO\"}]}<\/script>\n<!-- \/ Yoast SEO plugin. -->","yoast_head_json":{"title":"Aviz juridic - Elicit Plant Rom\u00e2nia","robots":{"index":"noindex","follow":"follow"},"og_locale":"ro_RO","og_type":"article","og_title":"Aviz juridic - Elicit Plant Rom\u00e2nia","og_description":"Informa\u021biile legale de mai jos se aplic\u0103 site-ului web www.elicit-plant.com Denumire social\u0103: ELICIT PLANT Sediu social: LIEUDIT LE CHATAIGNIER, 1 PAS DE LA CROIX, 16220 MOULINS-SUR-TARDOIRE, CHARENTE (16) Form\u0103 juridic\u0103: Societate pe Ac\u021biuni Simplificat\u0103 (SAS) Capital social: 139 417,50 \u20ac \u00cenregistrat\u0103 la Registrul Comer\u021bului din Angoul\u00eame: num\u0103r SIREN: 831 286 455 \u0219i num\u0103r SIRET: 831 286 455 00025 Num\u0103r TVA intracomunitar: FR47831286455 Director al publica\u021biei: Domnul Jean-Fran\u00e7ois DECHANT Telefon: +33 05 45 23 18 38 Email: dataprivacy@elicit-plant.com G\u0103zduire: Infomaniak Denumire social\u0103: Infomaniak Network SA Adres\u0103: Rue Eug\u00e8ne Marziano 25 - 1227 Les Acacias (GE) Contact CONDI\u021aII GENERALE DE UTILIZARE ALE SITE-ULUI INTERNET WWW.ELICIT-PLANT.COM &nbsp; Accesul, consultarea \u0219i utilizarea site-ului https:\/\/www.elicit-plant.com (\u201eSite-ul\u201d) sunt guvernate de prezentele Condi\u021bii Generale de Utilizare (\u201eCGU\u201d). Prin consultarea \u0219i\/sau accesarea...","og_url":"https:\/\/www.elicit-plant.com\/ro\/aviz-juridic\/","og_site_name":"Elicit Plant Rom\u00e2nia","article_modified_time":"2025-10-07T09:24:39+00:00","twitter_card":"summary_large_image","schema":{"@context":"https:\/\/schema.org","@graph":[{"@type":"WebPage","@id":"https:\/\/www.elicit-plant.com\/ro\/aviz-juridic\/","url":"https:\/\/www.elicit-plant.com\/ro\/aviz-juridic\/","name":"Aviz juridic - Elicit Plant Rom\u00e2nia","isPartOf":{"@id":"https:\/\/www.elicit-plant.com\/ro\/#website"},"datePublished":"2024-03-19T13:25:28+00:00","dateModified":"2025-10-07T09:24:39+00:00","breadcrumb":{"@id":"https:\/\/www.elicit-plant.com\/ro\/aviz-juridic\/#breadcrumb"},"inLanguage":"ro-RO","potentialAction":[{"@type":"ReadAction","target":["https:\/\/www.elicit-plant.com\/ro\/aviz-juridic\/"]}]},{"@type":"BreadcrumbList","@id":"https:\/\/www.elicit-plant.com\/ro\/aviz-juridic\/#breadcrumb","itemListElement":[{"@type":"ListItem","position":1,"name":"Home","item":"https:\/\/www.elicit-plant.com\/ro\/"},{"@type":"ListItem","position":2,"name":"Aviz juridic"}]},{"@type":"WebSite","@id":"https:\/\/www.elicit-plant.com\/ro\/#website","url":"https:\/\/www.elicit-plant.com\/ro\/","name":"Elicit Plant Rom\u00e2nia","description":"","potentialAction":[{"@type":"SearchAction","target":{"@type":"EntryPoint","urlTemplate":"https:\/\/www.elicit-plant.com\/ro\/?s={search_term_string}"},"query-input":{"@type":"PropertyValueSpecification","valueRequired":true,"valueName":"search_term_string"}}],"inLanguage":"ro-RO"}]}},"_links":{"self":[{"href":"https:\/\/www.elicit-plant.com\/ro\/wp-json\/wp\/v2\/pages\/248","targetHints":{"allow":["GET"]}}],"collection":[{"href":"https:\/\/www.elicit-plant.com\/ro\/wp-json\/wp\/v2\/pages"}],"about":[{"href":"https:\/\/www.elicit-plant.com\/ro\/wp-json\/wp\/v2\/types\/page"}],"author":[{"embeddable":true,"href":"https:\/\/www.elicit-plant.com\/ro\/wp-json\/wp\/v2\/users\/6"}],"replies":[{"embeddable":true,"href":"https:\/\/www.elicit-plant.com\/ro\/wp-json\/wp\/v2\/comments?post=248"}],"version-history":[{"count":5,"href":"https:\/\/www.elicit-plant.com\/ro\/wp-json\/wp\/v2\/pages\/248\/revisions"}],"predecessor-version":[{"id":586,"href":"https:\/\/www.elicit-plant.com\/ro\/wp-json\/wp\/v2\/pages\/248\/revisions\/586"}],"wp:attachment":[{"href":"https:\/\/www.elicit-plant.com\/ro\/wp-json\/wp\/v2\/media?parent=248"}],"curies":[{"name":"wp","href":"https:\/\/api.w.org\/{rel}","templated":true}]}}