{"id":324,"date":"2024-03-25T16:34:28","date_gmt":"2024-03-25T16:34:28","guid":{"rendered":"https:\/\/www.elicit-plant.com\/ro\/?page_id=324"},"modified":"2024-05-31T14:29:39","modified_gmt":"2024-05-31T13:29:39","slug":"solutii-pentru-stresul-cauzat-de-seceta-pentru-culturile-pe-terenuri-intinse","status":"publish","type":"page","link":"https:\/\/www.elicit-plant.com\/ro\/solutii-pentru-stresul-cauzat-de-seceta-pentru-culturile-pe-terenuri-intinse\/","title":{"rendered":"Solu\u021bii pentru stresul cauzat de secet\u0103 pentru culturile pe terenuri \u00eentinse"},"content":{"rendered":"<section class=\"cbo-heropicture\" data-anim-group>\n\t<div class=\"cbo-breadcrumbs breadcrumbs--normal\">\n  <div class=\"breadcrumbs-inner\">\n    <span><span><a href=\"https:\/\/www.elicit-plant.com\/ro\/\">Home<\/a><\/span><\/span>\t<\/div>\n<\/div>\n\t<div class=\"heropicture-picture cbo-picture-cover\">\n\t\t<img decoding=\"async\" src=\"https:\/\/www.elicit-plant.com\/app\/uploads\/sites\/7\/2024\/03\/Fond-decran-tri-cultures-1024x532.jpg\" srcset=\"https:\/\/www.elicit-plant.com\/app\/uploads\/sites\/7\/2024\/03\/Fond-decran-tri-cultures-320x166.jpg 320w, https:\/\/www.elicit-plant.com\/app\/uploads\/sites\/7\/2024\/03\/Fond-decran-tri-cultures-768x399.jpg 768w, https:\/\/www.elicit-plant.com\/app\/uploads\/sites\/7\/2024\/03\/Fond-decran-tri-cultures-1024x532.jpg 1024w, https:\/\/www.elicit-plant.com\/app\/uploads\/sites\/7\/2024\/03\/Fond-decran-tri-cultures.jpg 1280w, https:\/\/www.elicit-plant.com\/app\/uploads\/sites\/7\/2024\/03\/Fond-decran-tri-cultures.jpg 1920w\" class=\"\" alt=\"Tri culturi\" width=\"1024\" height=\"532\" sizes=\"auto, 100vw\" loading=\"lazy\" \/>\t<\/div>\n\n\t<div class=\"heropicture-inner cbo-container container--small container--padding\">\n\t\t<div class=\"heropicture-content\">\n\n\t\t\t\n\t\t\t<h1 class=\"content-title cbo-title-2 slide-down\">\n\t\t\t\tSolu\u021bii pentru stresul cauzat de secet\u0103 pentru culturile pe terenuri \u00eentinse\t\t\t<\/h1>\n\t\t<\/div>\n\t<\/div>\n<\/section>\n\n<section class=\"cbo-text cbo-margin-container\">\n    <div class=\"\n        text-inner\n                cbo-container\n        container--small        \"\n    >\n        <div class=\"text-content cbo-cms cms--large\">\n            <h2 style=\"text-align: left;\">Preveni\u021bi stresul cauzat de secet\u0103 la culturile pe terenuri \u00eentinse asigur\u00e2ndu-v\u0103 recoltele<\/h2>\n<p style=\"text-align: left;\">Elicit Plant ajut\u0103 fermierii din \u00eentreaga lume s\u0103 fac\u0103 fa\u021b\u0103 provoc\u0103rilor schimb\u0103rilor climatice \u0219i impactului deficitului de ap\u0103 asupra culturilor de c\u00e2mp, cu solu\u021bii <strong>naturale<\/strong> \u0219i <strong>performante<\/strong> <strong>adaptate practicilor agricole<\/strong>.<\/p>\n<h3 style=\"size=25px text-align: left;\">Un mod de ac\u021biune unic<\/h3>\n<p style=\"text-align: left;\">Produsele noastre pentru combaterea stresului cauzat de secet\u0103 sunt formulate folosind o <a href=\"https:\/\/www.elicit-plant.com\/ro\/stiinta-si-tehnologie\/\" target=\"_blank\" rel=\"noopener\">tehnologie unic\u0103 bazat\u0103 pe fitosteroli<\/a>, molecule de origine natural\u0103 care, atunci c\u00e2nd sunt aplicate ca m\u0103sur\u0103 preventiv\u0103, ajut\u0103 culturile s\u0103 reziste mai bine perioadelor de deficit de ap\u0103, p\u00e2n\u0103 la recoltare.<\/p>\n\n            <div style=\"clear: both;\"><\/div>\n        <\/div>\n    <\/div>\n<\/section>\n\n\n\n<section class=\"cbo-textblocks\">\n    <div class=\"textblocks-inner cbo-container\">\n\n        \n\n        \n        <div class=\"textblocks-list\">\n                        \n                                    <span class=\"list-el scale-up\" data-delay=\"0\">\n                \n                    <span class=\"el-inner inner--colorgreen cbo-cms cms--white\">\n                        \n                                                    <span class=\"el-title\">\n                                Performan\u021b\u0103                            <\/span>\n                        \n                                                    <span class=\"el-content\">\n                                \u00cembun\u0103t\u0103\u021be\u0219te randamentele dvs                            <\/span>\n                        \n                                            <\/span>\n\n                                    <\/span>\n                \n                        \n                                    <span class=\"list-el scale-up\" data-delay=\"100\">\n                \n                    <span class=\"el-inner inner--colorbrown cbo-cms cms--white\">\n                        \n                                                    <span class=\"el-title\">\n                                Senin\u0103tate                            <\/span>\n                        \n                                                    <span class=\"el-content\">\n                                Asigur\u0103 investi\u021biile dvs                            <\/span>\n                        \n                                            <\/span>\n\n                                    <\/span>\n                \n                        \n                                    <span class=\"list-el scale-up\" data-delay=\"200\">\n                \n                    <span class=\"el-inner inner--coloryellow cbo-cms cms--white\">\n                        \n                                                    <span class=\"el-title\">\n                                Siguran\u021b\u0103                            <\/span>\n                        \n                                                    <span class=\"el-content\">\n                                Rezisten\u021b\u0103 la deficitul de ap\u0103 \u00een 100% din cazuri                            <\/span>\n                        \n                                            <\/span>\n\n                                    <\/span>\n                \n                    <\/div>\n\n        \t\t\t<div class=\"textblocks-button\">\n\t\t\t\t\t\t\t<\/div>\n\t\t\n    <\/div>\n<\/section>\n\n<section class=\"cbo-text cbo-margin-container\">\n    <div class=\"\n        text-inner\n                cbo-container\n        container--small        \"\n    >\n        <div class=\"text-content cbo-cms cms--large\">\n            <h2>3 solu\u021bii inovatoare pentru combaterea stresului cauzat de secet\u0103<\/h2>\n<p>Ast\u0103zi, gama noastr\u0103 de produse include 3 solu\u021bii inovatoare cu performan\u021b\u0103 dovedit\u0103.<\/p>\n\n            <div style=\"clear: both;\"><\/div>\n        <\/div>\n    <\/div>\n<\/section>\n\n\n<section class=\"cbo-textproduct textproduct--normal\">\n    <div class=\"textproduct-inner cbo-container\">\n\n        <div class=\"textproduct-picture\">\n                        <div class=\"picture-inner cbo-picture-cover\">\n                <img decoding=\"async\" src=\"https:\/\/www.elicit-plant.com\/app\/uploads\/sites\/7\/2024\/03\/Best-a-1-320x318.png\" srcset=\"https:\/\/www.elicit-plant.com\/app\/uploads\/sites\/7\/2024\/03\/Best-a-1-320x318.png 320w, https:\/\/www.elicit-plant.com\/app\/uploads\/sites\/7\/2024\/03\/Best-a-1.png 768w, https:\/\/www.elicit-plant.com\/app\/uploads\/sites\/7\/2024\/03\/Best-a-1.png 1024w\" class=\"\" alt=\"\u0218pan de porumb\" width=\"320\" height=\"318\" sizes=\"auto, 100vw\" loading=\"lazy\" \/>            <\/div>\n        <\/div>\n\n        <div class=\"textproduct-content cbo-cms cms--large\">\n                            <span class=\"content-uptitle\">\n                    Diminueaz\u0103 stresul cauzat de secet\u0103 asupra culturilor de porumb                <\/span>\n            \n                            <h2 class=\"content-title cbo-title-2\">\n                    EliZea pentru porumb                <\/h2>\n             \n            <p class=\"content-subtitle cbo-title-4\">P\u0103stra\u021bi-v\u0103 randamentul produc\u021biei de porumb \u00een perioadele cu deficit de ap\u0103, datorit\u0103 modului unic de ac\u021biune al EliZea.<\/p>\n<ul>\n<li>Reduce evapotranspira\u021bia<\/li>\n<li>\n<p class=\"el-title\">Optimizeaz\u0103 disponibilitatea resurselor de ap\u0103 din sol<\/p>\n<\/li>\n<li>Stimuleaz\u0103 cre\u0219terea r\u0103d\u0103cinilor<\/li>\n<li>\n<p class=\"el-title\">Reduce consumul de ap\u0103<\/p>\n<\/li>\n<\/ul>\n<p style=\"text-align: left;\"><a class=\"cbo-button\" href=\"https:\/\/www.elicit-plant.com\/ro\/produse\/elizea-pentru-porumb\/\" target=\"_blank\" rel=\"noopener\">\u00cenva\u021b\u0103 mai multe despre asta<\/a><\/p>\n<p>&nbsp;<\/p>\n        <\/div>\n\n    <\/div>\n<\/section>\n\n<section class=\"cbo-textproduct textproduct--normal\">\n    <div class=\"textproduct-inner cbo-container\">\n\n        <div class=\"textproduct-picture\">\n                            <div class=\"picture-product cbo-picture-contain slide-right\">\n                    <img decoding=\"async\" src=\"https:\/\/www.elicit-plant.com\/app\/uploads\/sites\/7\/2024\/03\/EliSun-biais-GB-570x768.png\" srcset=\"https:\/\/www.elicit-plant.com\/app\/uploads\/sites\/7\/2024\/03\/EliSun-biais-GB-237x320.png 320w, https:\/\/www.elicit-plant.com\/app\/uploads\/sites\/7\/2024\/03\/EliSun-biais-GB-570x768.png 768w, https:\/\/www.elicit-plant.com\/app\/uploads\/sites\/7\/2024\/03\/EliSun-biais-GB-760x1024.png 1024w\" class=\"\" alt=\"EliSun-a pentru floarea-soarelui\" width=\"570\" height=\"768\" sizes=\"auto, 100vw\" loading=\"lazy\" \/>                <\/div>\n                        <div class=\"picture-inner cbo-picture-cover\">\n                <img decoding=\"async\" src=\"https:\/\/www.elicit-plant.com\/app\/uploads\/sites\/7\/2024\/03\/EliSun-a-product-advantages-2-320x202.jpg\" srcset=\"https:\/\/www.elicit-plant.com\/app\/uploads\/sites\/7\/2024\/03\/EliSun-a-product-advantages-2-320x202.jpg 320w, https:\/\/www.elicit-plant.com\/app\/uploads\/sites\/7\/2024\/03\/EliSun-a-product-advantages-2-768x485.jpg 768w, https:\/\/www.elicit-plant.com\/app\/uploads\/sites\/7\/2024\/03\/EliSun-a-product-advantages-2.jpg 1024w\" class=\"\" alt=\"Imagine de aproape a florii-soarelui tratat\u0103 cu EliSun-a\" width=\"320\" height=\"202\" sizes=\"auto, 100vw\" loading=\"lazy\" \/>            <\/div>\n        <\/div>\n\n        <div class=\"textproduct-content cbo-cms cms--large\">\n                            <span class=\"content-uptitle\">\n                    Diminueaz\u0103 stresul cauzat de secet\u0103 asupra florii-soarelui.                <\/span>\n            \n                            <h2 class=\"content-title cbo-title-2\">\n                    EliSun-a pentru floarea-soarelui                <\/h2>\n             \n            <p>Men\u021bine\u021bi-v\u0103 produc\u021bia de floarea-soarelui \u00een perioadele cu penurie de ap\u0103 datorit\u0103 modului unic de ac\u021biune al EliSun-a.<\/p>\n<ul>\n<li>Stimulare a cre\u0219terii r\u0103d\u0103cinilor<\/li>\n<li>Cre\u0219tere a num\u0103rului de semin\u021be fertilizate<\/li>\n<li>Cre\u0219tere a masei radiculare<\/li>\n<li>Reducere a ofilirii frunzelor<\/li>\n<\/ul>\n<p style=\"text-align: left;\"><a class=\"cbo-button\" href=\"https:\/\/www.elicit-plant.com\/ro\/produse\/elisun-a-pentru-floarea-soarelui\/\" target=\"_blank\" rel=\"noopener\">\u00cenva\u021b\u0103 mai multe despre asta<\/a><\/p>\n<p>&nbsp;<\/p>\n        <\/div>\n\n    <\/div>\n<\/section>\n\n<section class=\"cbo-textproduct textproduct--normal\">\n    <div class=\"textproduct-inner cbo-container\">\n\n        <div class=\"textproduct-picture\">\n                            <div class=\"picture-product cbo-picture-contain slide-right\">\n                    <img decoding=\"async\" src=\"https:\/\/www.elicit-plant.com\/app\/uploads\/sites\/7\/2024\/03\/EliGrain-biais-GB.png\" srcset=\"https:\/\/www.elicit-plant.com\/app\/uploads\/sites\/7\/2024\/03\/EliGrain-biais-GB-237x320.png 320w, https:\/\/www.elicit-plant.com\/app\/uploads\/sites\/7\/2024\/03\/EliGrain-biais-GB.png 768w, https:\/\/www.elicit-plant.com\/app\/uploads\/sites\/7\/2024\/03\/EliGrain-biais-GB.png 1024w\" class=\"\" alt=\"EliGrain-a pentru orzul de prim\u0103var\u0103\" width=\"420\" height=\"566\" sizes=\"auto, 100vw\" loading=\"lazy\" \/>                <\/div>\n                        <div class=\"picture-inner cbo-picture-cover\">\n                <img decoding=\"async\" src=\"https:\/\/www.elicit-plant.com\/app\/uploads\/sites\/7\/2024\/03\/EliGrain-a-product-advantages-3-320x202.jpg\" srcset=\"https:\/\/www.elicit-plant.com\/app\/uploads\/sites\/7\/2024\/03\/EliGrain-a-product-advantages-3-320x202.jpg 320w, https:\/\/www.elicit-plant.com\/app\/uploads\/sites\/7\/2024\/03\/EliGrain-a-product-advantages-3-768x485.jpg 768w, https:\/\/www.elicit-plant.com\/app\/uploads\/sites\/7\/2024\/03\/EliGrain-a-product-advantages-3.jpg 1024w\" class=\"\" alt=\"EliGrian-a aplicat la orzul de prim\u0103var\u0103\" width=\"320\" height=\"202\" sizes=\"auto, 100vw\" loading=\"lazy\" \/>            <\/div>\n        <\/div>\n\n        <div class=\"textproduct-content cbo-cms cms--large\">\n                            <span class=\"content-uptitle\">\n                    Diminueaz\u0103 stresul cauzat de secet\u0103 asupra orzului de prim\u0103var\u0103.                <\/span>\n            \n                            <h2 class=\"content-title cbo-title-2\">\n                    EliGrain-a pentru orzul de prim\u0103var\u0103                <\/h2>\n             \n            <p>Men\u021bine\u021bi-v\u0103 produc\u021bia de orz de prim\u0103var\u0103 \u00een perioadele cu penurie de ap\u0103 datorit\u0103 modului unic de ac\u021biune al EliGrain-a.<\/p>\n<ul>\n<li>Intensificare a cre\u0219terii r\u0103d\u0103cinilor<\/li>\n<li>Rezisten\u021b\u0103 mai bun\u0103 la stresul cauzat de secet\u0103<\/li>\n<li>Men\u021binere stabil\u0103<\/li>\n<li>Fertilitate sporit\u0103 a inflorescen\u021bei<\/li>\n<li>Men\u021binere a criteriilor de calitate ale cerealelor<\/li>\n<\/ul>\n<p style=\"text-align: left;\"><a class=\"cbo-button\" href=\"https:\/\/www.elicit-plant.com\/ro\/produse\/eligrain-a-pentru-orzul-de-primavara\/\" target=\"_blank\" rel=\"noopener\">\u00cenva\u021b\u0103 mai multe despre asta<\/a><\/p>\n<p>&nbsp;<\/p>\n        <\/div>\n\n    <\/div>\n<\/section>","protected":false},"excerpt":{"rendered":"<p>Preveni\u021bi stresul cauzat de secet\u0103 la culturile pe terenuri \u00eentinse asigur\u00e2ndu-v\u0103 recoltele Elicit Plant ajut\u0103 fermierii din \u00eentreaga lume s\u0103 fac\u0103 fa\u021b\u0103 provoc\u0103rilor schimb\u0103rilor climatice \u0219i impactului deficitului de ap\u0103 asupra culturilor de c\u00e2mp, cu solu\u021bii naturale \u0219i performante adaptate practicilor agricole. Un mod de ac\u021biune unic Produsele noastre pentru combaterea stresului cauzat de secet\u0103 sunt formulate folosind o tehnologie unic\u0103 bazat\u0103 pe fitosteroli, molecule de origine natural\u0103 care, atunci c\u00e2nd sunt aplicate ca m\u0103sur\u0103 preventiv\u0103, ajut\u0103 culturile s\u0103 reziste mai bine perioadelor de deficit de ap\u0103, p\u00e2n\u0103 la recoltare. 3 solu\u021bii inovatoare pentru combaterea stresului cauzat de secet\u0103 Ast\u0103zi, gama noastr\u0103 de produse include 3 solu\u021bii inovatoare cu performan\u021b\u0103 dovedit\u0103.<\/p>\n","protected":false},"author":6,"featured_media":0,"parent":0,"menu_order":0,"comment_status":"closed","ping_status":"closed","template":"","meta":{"_acf_changed":false,"footnotes":""},"class_list":["post-324","page","type-page","status-publish","hentry"],"acf":[],"yoast_head":"<!-- This site is optimized with the Yoast SEO plugin v27.3 - https:\/\/yoast.com\/product\/yoast-seo-wordpress\/ -->\n<title>Solu\u021bii pentru stresul cauzat de secet\u0103 pentru culturile pe terenuri \u00eentinse - Elicit Plant Rom\u00e2nia<\/title>\n<meta name=\"robots\" content=\"index, follow, max-snippet:-1, max-image-preview:large, max-video-preview:-1\" \/>\n<link rel=\"canonical\" href=\"https:\/\/www.elicit-plant.com\/ro\/solutii-pentru-stresul-cauzat-de-seceta-pentru-culturile-pe-terenuri-intinse\/\" \/>\n<meta property=\"og:locale\" content=\"ro_RO\" \/>\n<meta property=\"og:type\" content=\"article\" \/>\n<meta property=\"og:title\" content=\"Solu\u021bii pentru stresul cauzat de secet\u0103 pentru culturile pe terenuri \u00eentinse - Elicit Plant Rom\u00e2nia\" \/>\n<meta property=\"og:description\" content=\"Preveni\u021bi stresul cauzat de secet\u0103 la culturile pe terenuri \u00eentinse asigur\u00e2ndu-v\u0103 recoltele Elicit Plant ajut\u0103 fermierii din \u00eentreaga lume s\u0103 fac\u0103 fa\u021b\u0103 provoc\u0103rilor schimb\u0103rilor climatice \u0219i impactului deficitului de ap\u0103 asupra culturilor de c\u00e2mp, cu solu\u021bii naturale \u0219i performante adaptate practicilor agricole. Un mod de ac\u021biune unic Produsele noastre pentru combaterea stresului cauzat de secet\u0103 sunt formulate folosind o tehnologie unic\u0103 bazat\u0103 pe fitosteroli, molecule de origine natural\u0103 care, atunci c\u00e2nd sunt aplicate ca m\u0103sur\u0103 preventiv\u0103, ajut\u0103 culturile s\u0103 reziste mai bine perioadelor de deficit de ap\u0103, p\u00e2n\u0103 la recoltare. 3 solu\u021bii inovatoare pentru combaterea stresului cauzat de secet\u0103 Ast\u0103zi, gama noastr\u0103 de produse include 3 solu\u021bii inovatoare cu performan\u021b\u0103 dovedit\u0103.\" \/>\n<meta property=\"og:url\" content=\"https:\/\/www.elicit-plant.com\/ro\/solutii-pentru-stresul-cauzat-de-seceta-pentru-culturile-pe-terenuri-intinse\/\" \/>\n<meta property=\"og:site_name\" content=\"Elicit Plant Rom\u00e2nia\" \/>\n<meta property=\"article:modified_time\" content=\"2024-05-31T13:29:39+00:00\" \/>\n<meta name=\"twitter:card\" content=\"summary_large_image\" \/>\n<script type=\"application\/ld+json\" class=\"yoast-schema-graph\">{\"@context\":\"https:\\\/\\\/schema.org\",\"@graph\":[{\"@type\":\"WebPage\",\"@id\":\"https:\\\/\\\/www.elicit-plant.com\\\/ro\\\/solutii-pentru-stresul-cauzat-de-seceta-pentru-culturile-pe-terenuri-intinse\\\/\",\"url\":\"https:\\\/\\\/www.elicit-plant.com\\\/ro\\\/solutii-pentru-stresul-cauzat-de-seceta-pentru-culturile-pe-terenuri-intinse\\\/\",\"name\":\"Solu\u021bii pentru stresul cauzat de secet\u0103 pentru culturile pe terenuri \u00eentinse - Elicit Plant Rom\u00e2nia\",\"isPartOf\":{\"@id\":\"https:\\\/\\\/www.elicit-plant.com\\\/ro\\\/#website\"},\"datePublished\":\"2024-03-25T16:34:28+00:00\",\"dateModified\":\"2024-05-31T13:29:39+00:00\",\"breadcrumb\":{\"@id\":\"https:\\\/\\\/www.elicit-plant.com\\\/ro\\\/solutii-pentru-stresul-cauzat-de-seceta-pentru-culturile-pe-terenuri-intinse\\\/#breadcrumb\"},\"inLanguage\":\"ro-RO\",\"potentialAction\":[{\"@type\":\"ReadAction\",\"target\":[\"https:\\\/\\\/www.elicit-plant.com\\\/ro\\\/solutii-pentru-stresul-cauzat-de-seceta-pentru-culturile-pe-terenuri-intinse\\\/\"]}]},{\"@type\":\"BreadcrumbList\",\"@id\":\"https:\\\/\\\/www.elicit-plant.com\\\/ro\\\/solutii-pentru-stresul-cauzat-de-seceta-pentru-culturile-pe-terenuri-intinse\\\/#breadcrumb\",\"itemListElement\":[{\"@type\":\"ListItem\",\"position\":1,\"name\":\"Home\",\"item\":\"https:\\\/\\\/www.elicit-plant.com\\\/ro\\\/\"},{\"@type\":\"ListItem\",\"position\":2,\"name\":\"Solu\u021bii pentru stresul cauzat de secet\u0103 pentru culturile pe terenuri \u00eentinse\"}]},{\"@type\":\"WebSite\",\"@id\":\"https:\\\/\\\/www.elicit-plant.com\\\/ro\\\/#website\",\"url\":\"https:\\\/\\\/www.elicit-plant.com\\\/ro\\\/\",\"name\":\"Elicit Plant Rom\u00e2nia\",\"description\":\"\",\"potentialAction\":[{\"@type\":\"SearchAction\",\"target\":{\"@type\":\"EntryPoint\",\"urlTemplate\":\"https:\\\/\\\/www.elicit-plant.com\\\/ro\\\/?s={search_term_string}\"},\"query-input\":{\"@type\":\"PropertyValueSpecification\",\"valueRequired\":true,\"valueName\":\"search_term_string\"}}],\"inLanguage\":\"ro-RO\"}]}<\/script>\n<!-- \/ Yoast SEO plugin. -->","yoast_head_json":{"title":"Solu\u021bii pentru stresul cauzat de secet\u0103 pentru culturile pe terenuri \u00eentinse - Elicit Plant Rom\u00e2nia","robots":{"index":"index","follow":"follow","max-snippet":"max-snippet:-1","max-image-preview":"max-image-preview:large","max-video-preview":"max-video-preview:-1"},"canonical":"https:\/\/www.elicit-plant.com\/ro\/solutii-pentru-stresul-cauzat-de-seceta-pentru-culturile-pe-terenuri-intinse\/","og_locale":"ro_RO","og_type":"article","og_title":"Solu\u021bii pentru stresul cauzat de secet\u0103 pentru culturile pe terenuri \u00eentinse - Elicit Plant Rom\u00e2nia","og_description":"Preveni\u021bi stresul cauzat de secet\u0103 la culturile pe terenuri \u00eentinse asigur\u00e2ndu-v\u0103 recoltele Elicit Plant ajut\u0103 fermierii din \u00eentreaga lume s\u0103 fac\u0103 fa\u021b\u0103 provoc\u0103rilor schimb\u0103rilor climatice \u0219i impactului deficitului de ap\u0103 asupra culturilor de c\u00e2mp, cu solu\u021bii naturale \u0219i performante adaptate practicilor agricole. Un mod de ac\u021biune unic Produsele noastre pentru combaterea stresului cauzat de secet\u0103 sunt formulate folosind o tehnologie unic\u0103 bazat\u0103 pe fitosteroli, molecule de origine natural\u0103 care, atunci c\u00e2nd sunt aplicate ca m\u0103sur\u0103 preventiv\u0103, ajut\u0103 culturile s\u0103 reziste mai bine perioadelor de deficit de ap\u0103, p\u00e2n\u0103 la recoltare. 3 solu\u021bii inovatoare pentru combaterea stresului cauzat de secet\u0103 Ast\u0103zi, gama noastr\u0103 de produse include 3 solu\u021bii inovatoare cu performan\u021b\u0103 dovedit\u0103.","og_url":"https:\/\/www.elicit-plant.com\/ro\/solutii-pentru-stresul-cauzat-de-seceta-pentru-culturile-pe-terenuri-intinse\/","og_site_name":"Elicit Plant Rom\u00e2nia","article_modified_time":"2024-05-31T13:29:39+00:00","twitter_card":"summary_large_image","schema":{"@context":"https:\/\/schema.org","@graph":[{"@type":"WebPage","@id":"https:\/\/www.elicit-plant.com\/ro\/solutii-pentru-stresul-cauzat-de-seceta-pentru-culturile-pe-terenuri-intinse\/","url":"https:\/\/www.elicit-plant.com\/ro\/solutii-pentru-stresul-cauzat-de-seceta-pentru-culturile-pe-terenuri-intinse\/","name":"Solu\u021bii pentru stresul cauzat de secet\u0103 pentru culturile pe terenuri \u00eentinse - Elicit Plant Rom\u00e2nia","isPartOf":{"@id":"https:\/\/www.elicit-plant.com\/ro\/#website"},"datePublished":"2024-03-25T16:34:28+00:00","dateModified":"2024-05-31T13:29:39+00:00","breadcrumb":{"@id":"https:\/\/www.elicit-plant.com\/ro\/solutii-pentru-stresul-cauzat-de-seceta-pentru-culturile-pe-terenuri-intinse\/#breadcrumb"},"inLanguage":"ro-RO","potentialAction":[{"@type":"ReadAction","target":["https:\/\/www.elicit-plant.com\/ro\/solutii-pentru-stresul-cauzat-de-seceta-pentru-culturile-pe-terenuri-intinse\/"]}]},{"@type":"BreadcrumbList","@id":"https:\/\/www.elicit-plant.com\/ro\/solutii-pentru-stresul-cauzat-de-seceta-pentru-culturile-pe-terenuri-intinse\/#breadcrumb","itemListElement":[{"@type":"ListItem","position":1,"name":"Home","item":"https:\/\/www.elicit-plant.com\/ro\/"},{"@type":"ListItem","position":2,"name":"Solu\u021bii pentru stresul cauzat de secet\u0103 pentru culturile pe terenuri \u00eentinse"}]},{"@type":"WebSite","@id":"https:\/\/www.elicit-plant.com\/ro\/#website","url":"https:\/\/www.elicit-plant.com\/ro\/","name":"Elicit Plant Rom\u00e2nia","description":"","potentialAction":[{"@type":"SearchAction","target":{"@type":"EntryPoint","urlTemplate":"https:\/\/www.elicit-plant.com\/ro\/?s={search_term_string}"},"query-input":{"@type":"PropertyValueSpecification","valueRequired":true,"valueName":"search_term_string"}}],"inLanguage":"ro-RO"}]}},"_links":{"self":[{"href":"https:\/\/www.elicit-plant.com\/ro\/wp-json\/wp\/v2\/pages\/324","targetHints":{"allow":["GET"]}}],"collection":[{"href":"https:\/\/www.elicit-plant.com\/ro\/wp-json\/wp\/v2\/pages"}],"about":[{"href":"https:\/\/www.elicit-plant.com\/ro\/wp-json\/wp\/v2\/types\/page"}],"author":[{"embeddable":true,"href":"https:\/\/www.elicit-plant.com\/ro\/wp-json\/wp\/v2\/users\/6"}],"replies":[{"embeddable":true,"href":"https:\/\/www.elicit-plant.com\/ro\/wp-json\/wp\/v2\/comments?post=324"}],"version-history":[{"count":4,"href":"https:\/\/www.elicit-plant.com\/ro\/wp-json\/wp\/v2\/pages\/324\/revisions"}],"predecessor-version":[{"id":406,"href":"https:\/\/www.elicit-plant.com\/ro\/wp-json\/wp\/v2\/pages\/324\/revisions\/406"}],"wp:attachment":[{"href":"https:\/\/www.elicit-plant.com\/ro\/wp-json\/wp\/v2\/media?parent=324"}],"curies":[{"name":"wp","href":"https:\/\/api.w.org\/{rel}","templated":true}]}}