{"id":55,"date":"2024-03-18T10:25:53","date_gmt":"2024-03-18T10:25:53","guid":{"rendered":"https:\/\/www.elicit-plant.com\/ro\/?page_id=55"},"modified":"2024-03-25T10:09:34","modified_gmt":"2024-03-25T10:09:34","slug":"platforma-de-cercetare-eliterra","status":"publish","type":"page","link":"https:\/\/www.elicit-plant.com\/ro\/stiinta-si-tehnologie\/platforma-de-cercetare-eliterra\/","title":{"rendered":"Platforma de cercetare EliTerra\u00ae"},"content":{"rendered":"<section class=\"cbo-hero cbo-margin-container hero--colorgreen\" data-anim-group>\n\t<div class=\"cbo-breadcrumbs breadcrumbs--normal\">\n  <div class=\"breadcrumbs-inner\">\n    <span><span><a href=\"https:\/\/www.elicit-plant.com\/ro\/\">Home<\/a><\/span><\/span>\t<\/div>\n<\/div>\n\t<div class=\"hero-inner cbo-container container--padding\">\n\n\t\t<div class=\"hero-shapes\">\n\t\t\t<div class=\"shapes-color scale-up\"><\/div>\n\n\t\t\t<div class=\"shapes-picture cbo-picture-cover scale-up\"  data-delay=\"450\">\n\t\t\t\t\t\t\t<\/div>\n\t\t<\/div>\n\n\t\t<div class=\"hero-content cbo-cms cms--large cms--white\">\n\t\t\t<div class=\"content-text\">\n\t\t\t\t<h1 class=\"hero-title cbo-heading slide-down\">\n\t\t\t\t\tPlatforma de cercetare EliTerra\u00ae\t\t\t\t<\/h1>\n\n\t\t\t\t\t\t\t<\/div>\n\t\t<\/div>\n\n\t<\/div>\n<\/section>\n\n<section class=\"cbo-text cbo-margin-container\">\n    <div class=\"\n        text-inner\n                cbo-container\n        container--small        \"\n    >\n        <div class=\"text-content cbo-cms cms--large\">\n            <p><img loading=\"lazy\" decoding=\"async\" class=\"alignnone\" src=\"https:\/\/www.elicit-plant.com\/wp-content\/uploads\/2024\/02\/EliTerra-Logo-transparent.png\" alt=\"EliTerra, platforma tehnologic\u0103 a Elicit Plant\" width=\"609\" height=\"149\" \/><\/p>\n<h2><strong>EliTEliTerra, platforma tehnologic\u0103 a Elicit Plant<\/strong><\/h2>\n\n            <div style=\"clear: both;\"><\/div>\n        <\/div>\n    <\/div>\n<\/section>\n\n\n<section class=\"cbo-picture picture--contained\">\n\t<div class=\"picture-inner cbo-container container--small\">\n\t\t<div class=\"picture-element cbo-picture-cover\">\n\t\t\t<img decoding=\"async\" src=\"https:\/\/www.elicit-plant.com\/app\/uploads\/sites\/7\/2024\/03\/Eliterra-Platforma-1024x566.jpg\" srcset=\"https:\/\/www.elicit-plant.com\/app\/uploads\/sites\/7\/2024\/03\/Eliterra-Platforma-320x177.jpg 320w, https:\/\/www.elicit-plant.com\/app\/uploads\/sites\/7\/2024\/03\/Eliterra-Platforma-768x424.jpg 840w, https:\/\/www.elicit-plant.com\/app\/uploads\/sites\/7\/2024\/03\/Eliterra-Platforma-1024x566.jpg 1024w, https:\/\/www.elicit-plant.com\/app\/uploads\/sites\/7\/2024\/03\/Eliterra-Platforma-1400x774.jpg 1400w\" class=\"\" alt=\"EliTerra, Platforma tehnologic\u0103\" width=\"1024\" height=\"566\" sizes=\"auto, 100vw\" loading=\"lazy\" \/>\t\t<\/div>\n\n\t\t\t<\/div>\n<\/section>\n\n<section class=\"cbo-textpicture textpicture--reverse\">\n    <div class=\"textpicture-inner cbo-container container--small\">\n\n        <div class=\"textpicture-picture\">\n            <div class=\"picture-inner cbo-picture-cover\">\n                <img decoding=\"async\" src=\"https:\/\/www.elicit-plant.com\/app\/uploads\/sites\/7\/2024\/03\/Leaf-stomates-close-up-320x320.jpg\" srcset=\"https:\/\/www.elicit-plant.com\/app\/uploads\/sites\/7\/2024\/03\/Leaf-stomates-close-up-320x320.jpg 320w, https:\/\/www.elicit-plant.com\/app\/uploads\/sites\/7\/2024\/03\/Leaf-stomates-close-up.jpg 768w, https:\/\/www.elicit-plant.com\/app\/uploads\/sites\/7\/2024\/03\/Leaf-stomates-close-up.jpg 1024w\" class=\"\" alt=\"Stomate de frunze aproape de imagini\" width=\"320\" height=\"320\" sizes=\"auto, 100vw\" loading=\"lazy\" \/>            <\/div>\n        <\/div>\n\n        <div class=\"textpicture-content cbo-cms cms--large\">\n                            <picture class=\"content-icon cbo-picture-contain\">\n                    <img decoding=\"async\" src=\"https:\/\/www.elicit-plant.com\/app\/uploads\/sites\/7\/2024\/03\/icon-1.png\" srcset=\"https:\/\/www.elicit-plant.com\/app\/uploads\/sites\/7\/2024\/03\/icon-1.png 204w, https:\/\/www.elicit-plant.com\/app\/uploads\/sites\/7\/2024\/03\/icon-1-125x125.png 125w\" class=\"\" alt=\"Icon\" width=\"204\" height=\"204\" sizes=\"auto, 100vw\" loading=\"lazy\" \/>                <\/picture>\n            \n            \n            <p class=\"cbo-chapo\">Poten\u021bial de cercetare semnificativ<\/p>\n<ul>\n<li>Exist\u0103 o multitudine de fitosteroli \u0219i fiecare specie de plate are diferite combina\u021bii pe care le utilizeaz\u0103 pentru a r\u0103spunde la stres.<\/li>\n<li>Cercet\u0103torii no\u0219tri selecteaz\u0103 \u0219i dezvolt\u0103 formula cea mai eficient\u0103 \u00een func\u021bie de solu\u021bia necesar\u0103 \u0219i de rezultatele pe care dorim s\u0103 le ob\u021binem pe terenurile agricultorilor.<\/li>\n<\/ul>\n        <\/div>\n\n    <\/div>\n<\/section>\n\n\n<section class=\"cbo-quote\">\n    <div class=\"quote-inner cbo-container container--small\">\n\n        <div class=\"quote-infos\">\n            <i class=\"icon icon-quote\"><\/i>\n\n                            BENOIT POINSSOT, PROFESOR-CERCET\u0102TOR \u00ceN CADRUL UMR AGRO\u00c9COLOGIE (INRAE, UNIVERSITATEA DIN BURGUNDIA, INSTITUTUL AGRO DIJON)                    <\/div>\n       \n        <div class=\"quote-content cbo-title-3\">\n\t\t\tExist\u0103 nu unul, ci numero\u0219i fitosteroli. \u00cen natur\u0103 sunt mai mult de 200, fiecare fiind specific tipului de stres \u0219i specific speciei. Fitosterolii nu sunt \u00een niciun caz o solu\u021bie generic\u0103 universal\u0103, iar calitatea rezultatului acestora asupra culturilor depinde nu doar de diversitatea lor, ci \u0219i de modul \u00een care sunt combina\u021bi \u0219i, bine\u00een\u021beles, de formul\u0103. Prin urmare, platforma EliTerra\u00ae ofer\u0103 un poten\u021bial imens pentru dezvoltarea produselor.\t\t<\/div>\n    <\/div>\n<\/section>\n\n<section class=\"cbo-text cbo-margin-container\">\n    <div class=\"\n        text-inner\n                cbo-container\n        container--small        \"\n    >\n        <div class=\"text-content cbo-cms cms--large\">\n            <p style=\"margin-top: 0cm;\"><span lang=\"RO\">Utiliz\u00e2nd tehnologiile de analiz\u0103 a metabolomului, transcriptomului \u0219i fenotipului, Elicit Plant efectueaz\u0103 cercet\u0103ri pentru a selecta ingrediente naturale active care \u021bintesc stresurile ambientale.<\/span><\/p>\n<p><span lang=\"RO\">\u00cen camerele de cultivare \u0219i laboratoarele Elicit Plant, oamenii de \u0219tiin\u021b\u0103 \u0219i agronomii lucreaz\u0103 \u00eempreun\u0103 pentru\u00a0<strong><span style=\"color: #86b049;\">a evalua diferite echilibre ale fitosterolilor<\/span><\/strong>, pentru a \u00een\u021belege cum ac\u021bioneaz\u0103 ingredientele active \u0219i a pentru identifica respectivele procese biologice \u0219i fizice \u021bintite de substan\u021bele pe baz\u0103 de fitosteroli.<\/span><\/p>\n<p style=\"margin-bottom: 0cm;\"><strong><span lang=\"RO\" style=\"color: #86b049;\">Platforma tehnologic\u0103 EliTerra\u00ae<\/span><\/strong><span lang=\"RO\">\u00a0este rezultatul acestei cercet\u0103ri asupra\u00a0<strong><span style=\"color: #86b049;\">fitosterolilor \u0219i rolului lor \u00een rezisten\u021ba la stres \u00een cazul culturilor de c\u00e2mp<\/span><\/strong>\u00a0(porumb, gr\u00e2u, orz, floarea-soarelui, soia etc.).<\/span><\/p>\n\n            <div style=\"clear: both;\"><\/div>\n        <\/div>\n    <\/div>\n<\/section>\n\n\n<section class=\"cbo-textpicture textpicture--normal\">\n    <div class=\"textpicture-inner cbo-container container--small\">\n\n        <div class=\"textpicture-picture\">\n            <div class=\"picture-inner cbo-picture-cover\">\n                <img decoding=\"async\" src=\"https:\/\/www.elicit-plant.com\/app\/uploads\/sites\/7\/2024\/03\/Phytosterols-multiples-768x768-1-320x320.jpg\" srcset=\"https:\/\/www.elicit-plant.com\/app\/uploads\/sites\/7\/2024\/03\/Phytosterols-multiples-768x768-1-320x320.jpg 320w, https:\/\/www.elicit-plant.com\/app\/uploads\/sites\/7\/2024\/03\/Phytosterols-multiples-768x768-1.jpg 768w, https:\/\/www.elicit-plant.com\/app\/uploads\/sites\/7\/2024\/03\/Phytosterols-multiples-768x768-1.jpg 1024w\" class=\"\" alt=\"fitosteroli\" width=\"320\" height=\"320\" sizes=\"auto, 100vw\" loading=\"lazy\" \/>            <\/div>\n        <\/div>\n\n        <div class=\"textpicture-content cbo-cms cms--large\">\n            \n            \n            <ul>\n<li>Procesul de descoperire \u0219i validare utilizat de laboratoarele Elicit Plant \u0219i de partenerii \u0219tiin\u021bifici ai acestora a dus la identificarea de noi formule compuse din diferi\u021bi fitosteroli pentru a combate \u00een mod eficient \u0219i specific impactul schimb\u0103rilor climatice asupra mai multor culturi de c\u00e2mp.<\/li>\n<li>Poten\u021bialul de dezvoltare de noi produse specifice tipului de stres \u0219i specifice speciei utiliz\u00e2nd platforma tehnologic\u0103 EliTerra\u00ae este uria\u0219. Foaia de parcurs rezultat\u0103 pentru produse ne va permite s\u0103 abord\u0103m o gam\u0103 larg\u0103 de culturi de pe fiecare continent.<\/li>\n<\/ul>\n        <\/div>\n\n    <\/div>\n<\/section>\n\n<section class=\"cbo-featuredlinks featuredlinks--colorwhite\">\n\t<div class=\"featuredlinks-inner cbo-container \">\n\n\t\t\t\t\t<h2 class=\"cbo-title-2 featuredlinks-title\">\n\t\t\t\tAfla\u021bi mai multe despre cercetarea noastr\u0103\t\t\t<\/h2>\n\t\t\n\t\t<div class=\"featuredlinks-list\" data-anim-group data-group-delay=\"100\">\n\t\t\t\n\t\t\t<div class=\"list-el\">\n\t\t\t\t<a class=\"el-inner\" href=\"https:\/\/www.elicit-plant.com\/ro\/stiinta-si-tehnologie\/\">\n\n\t\t\t\t\t<figure class=\"inner-picture cbo-picture-cover\">\n\t\t\t\t\t\t<img decoding=\"async\" src=\"https:\/\/www.elicit-plant.com\/app\/uploads\/sites\/7\/2024\/03\/Leaf-stomates-close-up.jpg\" srcset=\"https:\/\/www.elicit-plant.com\/app\/uploads\/sites\/7\/2024\/03\/Leaf-stomates-close-up-320x320.jpg 320w, https:\/\/www.elicit-plant.com\/app\/uploads\/sites\/7\/2024\/03\/Leaf-stomates-close-up.jpg 840w, https:\/\/www.elicit-plant.com\/app\/uploads\/sites\/7\/2024\/03\/Leaf-stomates-close-up.jpg 1024w, https:\/\/www.elicit-plant.com\/app\/uploads\/sites\/7\/2024\/03\/Leaf-stomates-close-up.jpg 1400w\" class=\"\" alt=\"Stomate de frunze aproape de imagini\" width=\"456\" height=\"456\" sizes=\"auto, 100vw\" loading=\"lazy\" \/>\t\t\t\t\t<\/figure>\n\n\t\t\t\t\t<h3 class=\"inner-title cbo-title-3\">\n\t\t\t\t\t\tAfla\u021bi mai multe despre fitosteroli\t\t\t\t\t<\/h3>\n\n\t\t\t\t\t<span class=\"inner-button cbo-buttonmore\">\n\t\t\t\t\t\t<i class=\"icon icon-cross\"><\/i>\n\t\t\t\t\t<\/span>\n\t\t\t\t<\/a>\n\t\t\t<\/div>\n\n\t\t\t\n\t\t\t<div class=\"list-el\">\n\t\t\t\t<a class=\"el-inner\" href=\"https:\/\/www.elicit-plant.com\/ro\/stiinta-si-tehnologie\/parteneriate-stiintifice\/\">\n\n\t\t\t\t\t<figure class=\"inner-picture cbo-picture-cover\">\n\t\t\t\t\t\t<img decoding=\"async\" src=\"https:\/\/www.elicit-plant.com\/app\/uploads\/sites\/7\/2024\/03\/img-distributeurs-bloc-2-1.jpg\" srcset=\"https:\/\/www.elicit-plant.com\/app\/uploads\/sites\/7\/2024\/03\/img-distributeurs-bloc-2-1-320x205.jpg 320w, https:\/\/www.elicit-plant.com\/app\/uploads\/sites\/7\/2024\/03\/img-distributeurs-bloc-2-1.jpg 840w, https:\/\/www.elicit-plant.com\/app\/uploads\/sites\/7\/2024\/03\/img-distributeurs-bloc-2-1.jpg 1024w, https:\/\/www.elicit-plant.com\/app\/uploads\/sites\/7\/2024\/03\/img-distributeurs-bloc-2-1.jpg 1400w\" class=\"\" alt=\"Parteneriat \u0219i str\u00e2ngere de m\u00e2n\u0103 \u00eentre doi fermieri\" width=\"624\" height=\"400\" sizes=\"auto, 100vw\" loading=\"lazy\" \/>\t\t\t\t\t<\/figure>\n\n\t\t\t\t\t<h3 class=\"inner-title cbo-title-3\">\n\t\t\t\t\t\tPartenerii no\u0219tri \u0219tiin\u021bifici\t\t\t\t\t<\/h3>\n\n\t\t\t\t\t<span class=\"inner-button cbo-buttonmore\">\n\t\t\t\t\t\t<i class=\"icon icon-cross\"><\/i>\n\t\t\t\t\t<\/span>\n\t\t\t\t<\/a>\n\t\t\t<\/div>\n\n\t\t\t\t\t<\/div>\n\n\t<\/div>\n<\/section>\n","protected":false},"excerpt":{"rendered":"<p>EliTEliTerra, platforma tehnologic\u0103 a Elicit Plant Poten\u021bial de cercetare semnificativ Exist\u0103 o multitudine de fitosteroli \u0219i fiecare specie de plate are diferite combina\u021bii pe care le utilizeaz\u0103 pentru a r\u0103spunde la stres. Cercet\u0103torii no\u0219tri selecteaz\u0103 \u0219i dezvolt\u0103 formula cea mai eficient\u0103 \u00een func\u021bie de solu\u021bia necesar\u0103 \u0219i de rezultatele pe care dorim s\u0103 le ob\u021binem pe terenurile agricultorilor. Utiliz\u00e2nd tehnologiile de analiz\u0103 a metabolomului, transcriptomului \u0219i fenotipului, Elicit Plant efectueaz\u0103 cercet\u0103ri pentru a selecta ingrediente naturale active care \u021bintesc stresurile ambientale. \u00cen camerele de cultivare \u0219i laboratoarele Elicit Plant, oamenii de \u0219tiin\u021b\u0103 \u0219i agronomii lucreaz\u0103 \u00eempreun\u0103 pentru\u00a0a evalua diferite echilibre ale fitosterolilor, pentru a \u00een\u021belege cum ac\u021bioneaz\u0103 ingredientele active \u0219i a pentru identifica respectivele procese biologice \u0219i fizice \u021bintite de substan\u021bele pe baz\u0103 de fitosteroli. Platforma tehnologic\u0103&#8230;<\/p>\n","protected":false},"author":6,"featured_media":0,"parent":33,"menu_order":0,"comment_status":"closed","ping_status":"closed","template":"","meta":{"_acf_changed":false,"footnotes":""},"class_list":["post-55","page","type-page","status-publish","hentry"],"acf":[],"yoast_head":"<!-- This site is optimized with the Yoast SEO plugin v27.2 - https:\/\/yoast.com\/product\/yoast-seo-wordpress\/ -->\n<title>EliTerra\u00ae: Platforma tehnologic\u0103 - Elicit Plant Rom\u00e2nia<\/title>\n<meta name=\"description\" content=\"Descoperi\u021bi EliTerra\u00ae, rezultatul cercet\u0103rii asupra fitosterolilor \u0219i rolului acestora \u00een rezisten\u021ba la stres \u00een cazul culturilor de c\u00e2mp (porumb, gr\u00e2u, orz, floarea-soarelui, soia etc.).\" \/>\n<meta name=\"robots\" content=\"index, follow, max-snippet:-1, max-image-preview:large, max-video-preview:-1\" \/>\n<link rel=\"canonical\" href=\"https:\/\/www.elicit-plant.com\/ro\/stiinta-si-tehnologie\/platforma-de-cercetare-eliterra\/\" \/>\n<meta property=\"og:locale\" content=\"ro_RO\" \/>\n<meta property=\"og:type\" content=\"article\" \/>\n<meta property=\"og:title\" content=\"EliTerra\u00ae: Platforma tehnologic\u0103 - Elicit Plant Rom\u00e2nia\" \/>\n<meta property=\"og:description\" content=\"Descoperi\u021bi EliTerra\u00ae, rezultatul cercet\u0103rii asupra fitosterolilor \u0219i rolului acestora \u00een rezisten\u021ba la stres \u00een cazul culturilor de c\u00e2mp (porumb, gr\u00e2u, orz, floarea-soarelui, soia etc.).\" \/>\n<meta property=\"og:url\" content=\"https:\/\/www.elicit-plant.com\/ro\/stiinta-si-tehnologie\/platforma-de-cercetare-eliterra\/\" \/>\n<meta property=\"og:site_name\" content=\"Elicit Plant Rom\u00e2nia\" \/>\n<meta property=\"article:modified_time\" content=\"2024-03-25T10:09:34+00:00\" \/>\n<meta name=\"twitter:card\" content=\"summary_large_image\" \/>\n<script type=\"application\/ld+json\" class=\"yoast-schema-graph\">{\"@context\":\"https:\/\/schema.org\",\"@graph\":[{\"@type\":\"WebPage\",\"@id\":\"https:\/\/www.elicit-plant.com\/ro\/stiinta-si-tehnologie\/platforma-de-cercetare-eliterra\/\",\"url\":\"https:\/\/www.elicit-plant.com\/ro\/stiinta-si-tehnologie\/platforma-de-cercetare-eliterra\/\",\"name\":\"EliTerra\u00ae: Platforma tehnologic\u0103 - Elicit Plant Rom\u00e2nia\",\"isPartOf\":{\"@id\":\"https:\/\/www.elicit-plant.com\/ro\/#website\"},\"datePublished\":\"2024-03-18T10:25:53+00:00\",\"dateModified\":\"2024-03-25T10:09:34+00:00\",\"description\":\"Descoperi\u021bi EliTerra\u00ae, rezultatul cercet\u0103rii asupra fitosterolilor \u0219i rolului acestora \u00een rezisten\u021ba la stres \u00een cazul culturilor de c\u00e2mp (porumb, gr\u00e2u, orz, floarea-soarelui, soia etc.).\",\"breadcrumb\":{\"@id\":\"https:\/\/www.elicit-plant.com\/ro\/stiinta-si-tehnologie\/platforma-de-cercetare-eliterra\/#breadcrumb\"},\"inLanguage\":\"ro-RO\",\"potentialAction\":[{\"@type\":\"ReadAction\",\"target\":[\"https:\/\/www.elicit-plant.com\/ro\/stiinta-si-tehnologie\/platforma-de-cercetare-eliterra\/\"]}]},{\"@type\":\"BreadcrumbList\",\"@id\":\"https:\/\/www.elicit-plant.com\/ro\/stiinta-si-tehnologie\/platforma-de-cercetare-eliterra\/#breadcrumb\",\"itemListElement\":[{\"@type\":\"ListItem\",\"position\":1,\"name\":\"Home\",\"item\":\"https:\/\/www.elicit-plant.com\/ro\/\"},{\"@type\":\"ListItem\",\"position\":2,\"name\":\"\u0218tiin\u021b\u0103 \u0219i tehnologie\",\"item\":\"https:\/\/www.elicit-plant.com\/ro\/stiinta-si-tehnologie\/\"},{\"@type\":\"ListItem\",\"position\":3,\"name\":\"Platforma de cercetare EliTerra\u00ae\"}]},{\"@type\":\"WebSite\",\"@id\":\"https:\/\/www.elicit-plant.com\/ro\/#website\",\"url\":\"https:\/\/www.elicit-plant.com\/ro\/\",\"name\":\"Elicit Plant Rom\u00e2nia\",\"description\":\"\",\"potentialAction\":[{\"@type\":\"SearchAction\",\"target\":{\"@type\":\"EntryPoint\",\"urlTemplate\":\"https:\/\/www.elicit-plant.com\/ro\/?s={search_term_string}\"},\"query-input\":{\"@type\":\"PropertyValueSpecification\",\"valueRequired\":true,\"valueName\":\"search_term_string\"}}],\"inLanguage\":\"ro-RO\"}]}<\/script>\n<!-- \/ Yoast SEO plugin. -->","yoast_head_json":{"title":"EliTerra\u00ae: Platforma tehnologic\u0103 - Elicit Plant Rom\u00e2nia","description":"Descoperi\u021bi EliTerra\u00ae, rezultatul cercet\u0103rii asupra fitosterolilor \u0219i rolului acestora \u00een rezisten\u021ba la stres \u00een cazul culturilor de c\u00e2mp (porumb, gr\u00e2u, orz, floarea-soarelui, soia etc.).","robots":{"index":"index","follow":"follow","max-snippet":"max-snippet:-1","max-image-preview":"max-image-preview:large","max-video-preview":"max-video-preview:-1"},"canonical":"https:\/\/www.elicit-plant.com\/ro\/stiinta-si-tehnologie\/platforma-de-cercetare-eliterra\/","og_locale":"ro_RO","og_type":"article","og_title":"EliTerra\u00ae: Platforma tehnologic\u0103 - Elicit Plant Rom\u00e2nia","og_description":"Descoperi\u021bi EliTerra\u00ae, rezultatul cercet\u0103rii asupra fitosterolilor \u0219i rolului acestora \u00een rezisten\u021ba la stres \u00een cazul culturilor de c\u00e2mp (porumb, gr\u00e2u, orz, floarea-soarelui, soia etc.).","og_url":"https:\/\/www.elicit-plant.com\/ro\/stiinta-si-tehnologie\/platforma-de-cercetare-eliterra\/","og_site_name":"Elicit Plant Rom\u00e2nia","article_modified_time":"2024-03-25T10:09:34+00:00","twitter_card":"summary_large_image","schema":{"@context":"https:\/\/schema.org","@graph":[{"@type":"WebPage","@id":"https:\/\/www.elicit-plant.com\/ro\/stiinta-si-tehnologie\/platforma-de-cercetare-eliterra\/","url":"https:\/\/www.elicit-plant.com\/ro\/stiinta-si-tehnologie\/platforma-de-cercetare-eliterra\/","name":"EliTerra\u00ae: Platforma tehnologic\u0103 - Elicit Plant Rom\u00e2nia","isPartOf":{"@id":"https:\/\/www.elicit-plant.com\/ro\/#website"},"datePublished":"2024-03-18T10:25:53+00:00","dateModified":"2024-03-25T10:09:34+00:00","description":"Descoperi\u021bi EliTerra\u00ae, rezultatul cercet\u0103rii asupra fitosterolilor \u0219i rolului acestora \u00een rezisten\u021ba la stres \u00een cazul culturilor de c\u00e2mp (porumb, gr\u00e2u, orz, floarea-soarelui, soia etc.).","breadcrumb":{"@id":"https:\/\/www.elicit-plant.com\/ro\/stiinta-si-tehnologie\/platforma-de-cercetare-eliterra\/#breadcrumb"},"inLanguage":"ro-RO","potentialAction":[{"@type":"ReadAction","target":["https:\/\/www.elicit-plant.com\/ro\/stiinta-si-tehnologie\/platforma-de-cercetare-eliterra\/"]}]},{"@type":"BreadcrumbList","@id":"https:\/\/www.elicit-plant.com\/ro\/stiinta-si-tehnologie\/platforma-de-cercetare-eliterra\/#breadcrumb","itemListElement":[{"@type":"ListItem","position":1,"name":"Home","item":"https:\/\/www.elicit-plant.com\/ro\/"},{"@type":"ListItem","position":2,"name":"\u0218tiin\u021b\u0103 \u0219i tehnologie","item":"https:\/\/www.elicit-plant.com\/ro\/stiinta-si-tehnologie\/"},{"@type":"ListItem","position":3,"name":"Platforma de cercetare EliTerra\u00ae"}]},{"@type":"WebSite","@id":"https:\/\/www.elicit-plant.com\/ro\/#website","url":"https:\/\/www.elicit-plant.com\/ro\/","name":"Elicit Plant Rom\u00e2nia","description":"","potentialAction":[{"@type":"SearchAction","target":{"@type":"EntryPoint","urlTemplate":"https:\/\/www.elicit-plant.com\/ro\/?s={search_term_string}"},"query-input":{"@type":"PropertyValueSpecification","valueRequired":true,"valueName":"search_term_string"}}],"inLanguage":"ro-RO"}]}},"_links":{"self":[{"href":"https:\/\/www.elicit-plant.com\/ro\/wp-json\/wp\/v2\/pages\/55","targetHints":{"allow":["GET"]}}],"collection":[{"href":"https:\/\/www.elicit-plant.com\/ro\/wp-json\/wp\/v2\/pages"}],"about":[{"href":"https:\/\/www.elicit-plant.com\/ro\/wp-json\/wp\/v2\/types\/page"}],"author":[{"embeddable":true,"href":"https:\/\/www.elicit-plant.com\/ro\/wp-json\/wp\/v2\/users\/6"}],"replies":[{"embeddable":true,"href":"https:\/\/www.elicit-plant.com\/ro\/wp-json\/wp\/v2\/comments?post=55"}],"version-history":[{"count":4,"href":"https:\/\/www.elicit-plant.com\/ro\/wp-json\/wp\/v2\/pages\/55\/revisions"}],"predecessor-version":[{"id":276,"href":"https:\/\/www.elicit-plant.com\/ro\/wp-json\/wp\/v2\/pages\/55\/revisions\/276"}],"up":[{"embeddable":true,"href":"https:\/\/www.elicit-plant.com\/ro\/wp-json\/wp\/v2\/pages\/33"}],"wp:attachment":[{"href":"https:\/\/www.elicit-plant.com\/ro\/wp-json\/wp\/v2\/media?parent=55"}],"curies":[{"name":"wp","href":"https:\/\/api.w.org\/{rel}","templated":true}]}}