{"id":577,"date":"2025-10-07T10:16:04","date_gmt":"2025-10-07T09:16:04","guid":{"rendered":"https:\/\/www.elicit-plant.com\/ro\/?page_id=577"},"modified":"2025-10-07T10:17:13","modified_gmt":"2025-10-07T09:17:13","slug":"politica-privind-cookie-urile","status":"publish","type":"page","link":"https:\/\/www.elicit-plant.com\/ro\/politica-privind-cookie-urile\/","title":{"rendered":"Politica privind cookie-urile"},"content":{"rendered":"<section class=\"cbo-heropicture\" data-anim-group>\n\t<div class=\"cbo-breadcrumbs breadcrumbs--normal\">\n  <div class=\"breadcrumbs-inner\">\n    <span><span><a href=\"https:\/\/www.elicit-plant.com\/ro\/\">Home<\/a><\/span><\/span>\t<\/div>\n<\/div>\n\t<div class=\"heropicture-picture cbo-picture-cover\">\n\t\t<img decoding=\"async\" src=\"https:\/\/www.elicit-plant.com\/app\/uploads\/sites\/7\/2024\/03\/corn-leafs-background-1024x683.jpg\" srcset=\"https:\/\/www.elicit-plant.com\/app\/uploads\/sites\/7\/2024\/03\/corn-leafs-background-320x213.jpg 320w, https:\/\/www.elicit-plant.com\/app\/uploads\/sites\/7\/2024\/03\/corn-leafs-background-768x512.jpg 768w, https:\/\/www.elicit-plant.com\/app\/uploads\/sites\/7\/2024\/03\/corn-leafs-background-1024x683.jpg 1024w, https:\/\/www.elicit-plant.com\/app\/uploads\/sites\/7\/2024\/03\/corn-leafs-background-1400x934.jpg 1280w, https:\/\/www.elicit-plant.com\/app\/uploads\/sites\/7\/2024\/03\/corn-leafs-background-1920x1280.jpg 1920w\" class=\"\" alt=\"Frunze de porumb fundal\" width=\"1024\" height=\"683\" sizes=\"auto, 100vw\" loading=\"lazy\" \/>\t<\/div>\n\n\t<div class=\"heropicture-inner cbo-container container--small container--padding\">\n\t\t<div class=\"heropicture-content\">\n\n\t\t\t\n\t\t\t<h1 class=\"content-title cbo-title-2 slide-down\">\n\t\t\t\tPolitica privind cookie-urile\t\t\t<\/h1>\n\t\t<\/div>\n\t<\/div>\n<\/section>\n\n<section class=\"cbo-text cbo-margin-container\">\n    <div class=\"\n        text-inner\n                cbo-container\n        container--small        \"\n    >\n        <div class=\"text-content cbo-cms cms--large\">\n            <h2>CUM PUTE\u021aI CONFIGURA COOKIE-URILE UTILIZATE PE SITE?<\/h2>\n<p>Aceast\u0103 sec\u021biune explic\u0103 modul \u00een care pute\u021bi permite sau nu utilizarea cookie-urilor pe Site.<\/p>\n<p>La prima dvs. vizit\u0103 pe Site, vi se va solicita s\u0103 configura\u021bi utilizarea cookie-urilor.<\/p>\n<p>Configurarea se realizeaz\u0103 printr-un banner informativ privind utilizarea lor care, la apari\u021bie, v\u0103 invit\u0103 s\u0103 consulta\u021bi cookie-urile utilizate, s\u0103 le accepta\u021bi sau s\u0103 le refuza\u021bi \u00een mod global \u0219i, mai general, s\u0103 le configura\u021bi din interfa\u021ba Site-ului f\u0103c\u00e2nd clic pe pictograma din partea st\u00e2ng\u0103 jos a browserului.<\/p>\n<p><img loading=\"lazy\" decoding=\"async\" class=\"size-full wp-image-6841 alignnone\" src=\"https:\/\/www.elicit-plant.com\/app\/uploads\/sites\/1\/2025\/10\/Axeptio-logo.png\" alt=\"Axeptio logo\" width=\"61\" height=\"62\" \/><\/p>\n<p>Pe tot parcursul utiliz\u0103rii Site-ului \u0219i \u00een orice moment, pute\u021bi modifica set\u0103rile cookie-urilor pentru a le accepta sau refuza, acces\u00e2nd modulul de gestionare a consim\u021b\u0103m\u00e2ntului din sec\u021biunea indicat\u0103 mai sus.<\/p>\n<p>De asemenea, pute\u021bi bloca o parte sau toate cookie-urile tehnice ale Site-ului, necesare func\u021bion\u0103rii corecte, direct din set\u0103rile browserului. Totu\u0219i, refuzul plas\u0103rii acestor cookie-uri prin browser poate duce la imposibilitatea de a accesa anumite func\u021bionalit\u0103\u021bi\/sec\u021biuni ale Site-ului sau la o func\u021bionare degradat\u0103 a acestuia.<\/p>\n<h2>CU CINE S\u0102 LUA\u021aI LEG\u0102TURA \u00ceN CAZUL \u00ceNTREB\u0102RILOR PRIVIND COOKIE-URILE?<\/h2>\n<p>Pentru orice \u00eentrebare referitoare la prezenta Politic\u0103 privind cookie-urile sau, \u00een general, la cookie-urile utilizate pe Site, ne pute\u021bi contacta oric\u00e2nd:<\/p>\n<ul>\n<li>Prin po\u0219t\u0103: ELICIT PLANT &#8211; LIEUDIT LE CHATAIGNIER, 1 PASSAGE DE LA CROIX, 16220 MOULINS-SUR-TARDOIRE, CHARENTE (16)<br \/>\n  Prin e-mail: <a href=\"mailto:dataprivacy@elicit-plant.com\">dataprivacy@elicit-plant.com<\/a><\/li>\n<\/ul>\n\n            <div style=\"clear: both;\"><\/div>\n        <\/div>\n    <\/div>\n<\/section>\n","protected":false},"excerpt":{"rendered":"<p>CUM PUTE\u021aI CONFIGURA COOKIE-URILE UTILIZATE PE SITE? Aceast\u0103 sec\u021biune explic\u0103 modul \u00een care pute\u021bi permite sau nu utilizarea cookie-urilor pe Site. La prima dvs. vizit\u0103 pe Site, vi se va solicita s\u0103 configura\u021bi utilizarea cookie-urilor. Configurarea se realizeaz\u0103 printr-un banner informativ privind utilizarea lor care, la apari\u021bie, v\u0103 invit\u0103 s\u0103 consulta\u021bi cookie-urile utilizate, s\u0103 le accepta\u021bi sau s\u0103 le refuza\u021bi \u00een mod global \u0219i, mai general, s\u0103 le configura\u021bi din interfa\u021ba Site-ului f\u0103c\u00e2nd clic pe pictograma din partea st\u00e2ng\u0103 jos a browserului. Pe tot parcursul utiliz\u0103rii Site-ului \u0219i \u00een orice moment, pute\u021bi modifica set\u0103rile cookie-urilor pentru a le accepta sau refuza, acces\u00e2nd modulul de gestionare a consim\u021b\u0103m\u00e2ntului din sec\u021biunea indicat\u0103 mai sus. De asemenea, pute\u021bi bloca o parte sau toate cookie-urile tehnice ale Site-ului, necesare func\u021bion\u0103rii corecte, direct din set\u0103rile browserului. Totu\u0219i, refuzul plas\u0103rii acestor cookie-uri&#8230;<\/p>\n","protected":false},"author":6,"featured_media":0,"parent":0,"menu_order":0,"comment_status":"closed","ping_status":"closed","template":"","meta":{"_acf_changed":false,"footnotes":""},"class_list":["post-577","page","type-page","status-publish","hentry"],"acf":[],"yoast_head":"<!-- This site is optimized with the Yoast SEO plugin v27.2 - https:\/\/yoast.com\/product\/yoast-seo-wordpress\/ -->\n<title>Politica privind cookie-urile - Elicit Plant Rom\u00e2nia<\/title>\n<meta name=\"robots\" content=\"noindex, follow\" \/>\n<meta property=\"og:locale\" content=\"ro_RO\" \/>\n<meta property=\"og:type\" content=\"article\" \/>\n<meta property=\"og:title\" content=\"Politica privind cookie-urile - Elicit Plant Rom\u00e2nia\" \/>\n<meta property=\"og:description\" content=\"CUM PUTE\u021aI CONFIGURA COOKIE-URILE UTILIZATE PE SITE? Aceast\u0103 sec\u021biune explic\u0103 modul \u00een care pute\u021bi permite sau nu utilizarea cookie-urilor pe Site. La prima dvs. vizit\u0103 pe Site, vi se va solicita s\u0103 configura\u021bi utilizarea cookie-urilor. Configurarea se realizeaz\u0103 printr-un banner informativ privind utilizarea lor care, la apari\u021bie, v\u0103 invit\u0103 s\u0103 consulta\u021bi cookie-urile utilizate, s\u0103 le accepta\u021bi sau s\u0103 le refuza\u021bi \u00een mod global \u0219i, mai general, s\u0103 le configura\u021bi din interfa\u021ba Site-ului f\u0103c\u00e2nd clic pe pictograma din partea st\u00e2ng\u0103 jos a browserului. Pe tot parcursul utiliz\u0103rii Site-ului \u0219i \u00een orice moment, pute\u021bi modifica set\u0103rile cookie-urilor pentru a le accepta sau refuza, acces\u00e2nd modulul de gestionare a consim\u021b\u0103m\u00e2ntului din sec\u021biunea indicat\u0103 mai sus. De asemenea, pute\u021bi bloca o parte sau toate cookie-urile tehnice ale Site-ului, necesare func\u021bion\u0103rii corecte, direct din set\u0103rile browserului. Totu\u0219i, refuzul plas\u0103rii acestor cookie-uri...\" \/>\n<meta property=\"og:url\" content=\"https:\/\/www.elicit-plant.com\/ro\/politica-privind-cookie-urile\/\" \/>\n<meta property=\"og:site_name\" content=\"Elicit Plant Rom\u00e2nia\" \/>\n<meta property=\"article:modified_time\" content=\"2025-10-07T09:17:13+00:00\" \/>\n<meta name=\"twitter:card\" content=\"summary_large_image\" \/>\n<script type=\"application\/ld+json\" class=\"yoast-schema-graph\">{\"@context\":\"https:\/\/schema.org\",\"@graph\":[{\"@type\":\"WebPage\",\"@id\":\"https:\/\/www.elicit-plant.com\/ro\/politica-privind-cookie-urile\/\",\"url\":\"https:\/\/www.elicit-plant.com\/ro\/politica-privind-cookie-urile\/\",\"name\":\"Politica privind cookie-urile - Elicit Plant Rom\u00e2nia\",\"isPartOf\":{\"@id\":\"https:\/\/www.elicit-plant.com\/ro\/#website\"},\"datePublished\":\"2025-10-07T09:16:04+00:00\",\"dateModified\":\"2025-10-07T09:17:13+00:00\",\"breadcrumb\":{\"@id\":\"https:\/\/www.elicit-plant.com\/ro\/politica-privind-cookie-urile\/#breadcrumb\"},\"inLanguage\":\"ro-RO\",\"potentialAction\":[{\"@type\":\"ReadAction\",\"target\":[\"https:\/\/www.elicit-plant.com\/ro\/politica-privind-cookie-urile\/\"]}]},{\"@type\":\"BreadcrumbList\",\"@id\":\"https:\/\/www.elicit-plant.com\/ro\/politica-privind-cookie-urile\/#breadcrumb\",\"itemListElement\":[{\"@type\":\"ListItem\",\"position\":1,\"name\":\"Home\",\"item\":\"https:\/\/www.elicit-plant.com\/ro\/\"},{\"@type\":\"ListItem\",\"position\":2,\"name\":\"Politica privind cookie-urile\"}]},{\"@type\":\"WebSite\",\"@id\":\"https:\/\/www.elicit-plant.com\/ro\/#website\",\"url\":\"https:\/\/www.elicit-plant.com\/ro\/\",\"name\":\"Elicit Plant Rom\u00e2nia\",\"description\":\"\",\"potentialAction\":[{\"@type\":\"SearchAction\",\"target\":{\"@type\":\"EntryPoint\",\"urlTemplate\":\"https:\/\/www.elicit-plant.com\/ro\/?s={search_term_string}\"},\"query-input\":{\"@type\":\"PropertyValueSpecification\",\"valueRequired\":true,\"valueName\":\"search_term_string\"}}],\"inLanguage\":\"ro-RO\"}]}<\/script>\n<!-- \/ Yoast SEO plugin. -->","yoast_head_json":{"title":"Politica privind cookie-urile - Elicit Plant Rom\u00e2nia","robots":{"index":"noindex","follow":"follow"},"og_locale":"ro_RO","og_type":"article","og_title":"Politica privind cookie-urile - Elicit Plant Rom\u00e2nia","og_description":"CUM PUTE\u021aI CONFIGURA COOKIE-URILE UTILIZATE PE SITE? Aceast\u0103 sec\u021biune explic\u0103 modul \u00een care pute\u021bi permite sau nu utilizarea cookie-urilor pe Site. La prima dvs. vizit\u0103 pe Site, vi se va solicita s\u0103 configura\u021bi utilizarea cookie-urilor. Configurarea se realizeaz\u0103 printr-un banner informativ privind utilizarea lor care, la apari\u021bie, v\u0103 invit\u0103 s\u0103 consulta\u021bi cookie-urile utilizate, s\u0103 le accepta\u021bi sau s\u0103 le refuza\u021bi \u00een mod global \u0219i, mai general, s\u0103 le configura\u021bi din interfa\u021ba Site-ului f\u0103c\u00e2nd clic pe pictograma din partea st\u00e2ng\u0103 jos a browserului. Pe tot parcursul utiliz\u0103rii Site-ului \u0219i \u00een orice moment, pute\u021bi modifica set\u0103rile cookie-urilor pentru a le accepta sau refuza, acces\u00e2nd modulul de gestionare a consim\u021b\u0103m\u00e2ntului din sec\u021biunea indicat\u0103 mai sus. De asemenea, pute\u021bi bloca o parte sau toate cookie-urile tehnice ale Site-ului, necesare func\u021bion\u0103rii corecte, direct din set\u0103rile browserului. Totu\u0219i, refuzul plas\u0103rii acestor cookie-uri...","og_url":"https:\/\/www.elicit-plant.com\/ro\/politica-privind-cookie-urile\/","og_site_name":"Elicit Plant Rom\u00e2nia","article_modified_time":"2025-10-07T09:17:13+00:00","twitter_card":"summary_large_image","schema":{"@context":"https:\/\/schema.org","@graph":[{"@type":"WebPage","@id":"https:\/\/www.elicit-plant.com\/ro\/politica-privind-cookie-urile\/","url":"https:\/\/www.elicit-plant.com\/ro\/politica-privind-cookie-urile\/","name":"Politica privind cookie-urile - Elicit Plant Rom\u00e2nia","isPartOf":{"@id":"https:\/\/www.elicit-plant.com\/ro\/#website"},"datePublished":"2025-10-07T09:16:04+00:00","dateModified":"2025-10-07T09:17:13+00:00","breadcrumb":{"@id":"https:\/\/www.elicit-plant.com\/ro\/politica-privind-cookie-urile\/#breadcrumb"},"inLanguage":"ro-RO","potentialAction":[{"@type":"ReadAction","target":["https:\/\/www.elicit-plant.com\/ro\/politica-privind-cookie-urile\/"]}]},{"@type":"BreadcrumbList","@id":"https:\/\/www.elicit-plant.com\/ro\/politica-privind-cookie-urile\/#breadcrumb","itemListElement":[{"@type":"ListItem","position":1,"name":"Home","item":"https:\/\/www.elicit-plant.com\/ro\/"},{"@type":"ListItem","position":2,"name":"Politica privind cookie-urile"}]},{"@type":"WebSite","@id":"https:\/\/www.elicit-plant.com\/ro\/#website","url":"https:\/\/www.elicit-plant.com\/ro\/","name":"Elicit Plant Rom\u00e2nia","description":"","potentialAction":[{"@type":"SearchAction","target":{"@type":"EntryPoint","urlTemplate":"https:\/\/www.elicit-plant.com\/ro\/?s={search_term_string}"},"query-input":{"@type":"PropertyValueSpecification","valueRequired":true,"valueName":"search_term_string"}}],"inLanguage":"ro-RO"}]}},"_links":{"self":[{"href":"https:\/\/www.elicit-plant.com\/ro\/wp-json\/wp\/v2\/pages\/577","targetHints":{"allow":["GET"]}}],"collection":[{"href":"https:\/\/www.elicit-plant.com\/ro\/wp-json\/wp\/v2\/pages"}],"about":[{"href":"https:\/\/www.elicit-plant.com\/ro\/wp-json\/wp\/v2\/types\/page"}],"author":[{"embeddable":true,"href":"https:\/\/www.elicit-plant.com\/ro\/wp-json\/wp\/v2\/users\/6"}],"replies":[{"embeddable":true,"href":"https:\/\/www.elicit-plant.com\/ro\/wp-json\/wp\/v2\/comments?post=577"}],"version-history":[{"count":3,"href":"https:\/\/www.elicit-plant.com\/ro\/wp-json\/wp\/v2\/pages\/577\/revisions"}],"predecessor-version":[{"id":584,"href":"https:\/\/www.elicit-plant.com\/ro\/wp-json\/wp\/v2\/pages\/577\/revisions\/584"}],"wp:attachment":[{"href":"https:\/\/www.elicit-plant.com\/ro\/wp-json\/wp\/v2\/media?parent=577"}],"curies":[{"name":"wp","href":"https:\/\/api.w.org\/{rel}","templated":true}]}}