{"id":60,"date":"2024-03-18T10:38:46","date_gmt":"2024-03-18T10:38:46","guid":{"rendered":"https:\/\/www.elicit-plant.com\/ro\/?page_id=60"},"modified":"2024-12-02T09:56:39","modified_gmt":"2024-12-02T09:56:39","slug":"cultura-si-valorile","status":"publish","type":"page","link":"https:\/\/www.elicit-plant.com\/ro\/cultura-si-valorile\/","title":{"rendered":"Cultura \u0219i valorile"},"content":{"rendered":"<section class=\"cbo-text cbo-margin-container\">\n    <div class=\"\n        text-inner\n                cbo-container\n        container--small        \"\n    >\n        <div class=\"text-content cbo-cms cms--large\">\n            <h2 style=\"text-align: center;\"><img loading=\"lazy\" decoding=\"async\" class=\"aligncenter wp-image-1211 \" src=\"https:\/\/www.elicit-plant.com\/wp-content\/uploads\/2024\/02\/Elicit-Plant-logo-full-color-rgb-1024x285.png\" alt=\"Logo Elicit Plant\" width=\"640\" height=\"178\" \/><\/h2>\n<h2 style=\"text-align: center;\"><strong>Misiunea noastr\u0103<\/strong><\/h2>\n<h3 style=\"text-align: center;\">Asigurarea viitorului produc\u021biei alimentare prin inovare \u0219tiin\u021bific\u0103, sprijinind o agricultur\u0103 responsabil\u0103, ecologic\u0103 \u0219i sustenabil\u0103.<\/h3>\n\n            <div style=\"clear: both;\"><\/div>\n        <\/div>\n    <\/div>\n<\/section>\n\n\n<section class=\"cbo-picture picture--contained\">\n\t<div class=\"picture-inner cbo-container container--small\">\n\t\t<div class=\"picture-element cbo-picture-cover\">\n\t\t\t<img decoding=\"async\" src=\"https:\/\/www.elicit-plant.com\/app\/uploads\/sites\/7\/2024\/03\/elicit-plant-est-en-phase-avec-le-plan-eau-du-gouvernement.webp\" srcset=\"https:\/\/www.elicit-plant.com\/app\/uploads\/sites\/7\/2024\/03\/elicit-plant-est-en-phase-avec-le-plan-eau-du-gouvernement-320x180.webp 320w, https:\/\/www.elicit-plant.com\/app\/uploads\/sites\/7\/2024\/03\/elicit-plant-est-en-phase-avec-le-plan-eau-du-gouvernement-768x432.webp 840w, https:\/\/www.elicit-plant.com\/app\/uploads\/sites\/7\/2024\/03\/elicit-plant-est-en-phase-avec-le-plan-eau-du-gouvernement.webp 1024w, https:\/\/www.elicit-plant.com\/app\/uploads\/sites\/7\/2024\/03\/elicit-plant-est-en-phase-avec-le-plan-eau-du-gouvernement.webp 1400w\" class=\"\" alt=\"frunz\u0103 de plant\u0103 acoperit\u0103 cu ap\u0103\" width=\"1000\" height=\"562\" sizes=\"auto, 100vw\" loading=\"lazy\" \/>\t\t<\/div>\n\n\t\t\t<\/div>\n<\/section>\n\n\n<section class=\"cbo-textblocks\">\n    <div class=\"textblocks-inner cbo-container\">\n\n        \t\t\t<h2 class=\"textblocks-title cbo-title-2\">\n\t\t\t\tPACE\t\t\t<\/h2>\n    \t\n\n        \t\t\t<div class=\"textblocks-chapo cbo-chapo\">\n\t\t\t\tComunitatea Elicit Plant se une\u0219te \u00een jurul a 4 valori comune reunite sub acronimul PACE: Pozitivitate, agilitate, colectivitate \u0219i entuziasm.\t\t\t<\/div>\n    \t\n        <div class=\"textblocks-list\">\n                        \n                                    <span class=\"list-el scale-up\" data-delay=\"0\">\n                \n                    <span class=\"el-inner inner--coloryellow cbo-cms cms--white\">\n                        \n                                                    <span class=\"el-title\">\n                                Pozitivitate                             <\/span>\n                        \n                                                    <span class=\"el-content\">\n                                \u0218ti\u021bi cum s\u0103 ob\u021bine\u021bi cel mai bun rezultat din orice situa\u021bie \u0219i colegii iubesc natura dumneavoastr\u0103 vesel\u0103.                            <\/span>\n                        \n                                            <\/span>\n\n                                    <\/span>\n                \n                        \n                                    <span class=\"list-el scale-up\" data-delay=\"100\">\n                \n                    <span class=\"el-inner inner--colorbrown cbo-cms cms--white\">\n                        \n                                                    <span class=\"el-title\">\n                                Agilitate                             <\/span>\n                        \n                                                    <span class=\"el-content\">\n                                Ave\u021bi o natur\u0103 curioas\u0103 \u0219i adaptabil\u0103.                            <\/span>\n                        \n                                            <\/span>\n\n                                    <\/span>\n                \n                    <\/div>\n\n        \t\t\t<div class=\"textblocks-button\">\n\t\t\t\t\t\t\t<\/div>\n\t\t\n    <\/div>\n<\/section>\n\n\n<section class=\"cbo-textblocks\">\n    <div class=\"textblocks-inner cbo-container\">\n\n        \n\n        \n        <div class=\"textblocks-list\">\n                        \n                                    <span class=\"list-el scale-up\" data-delay=\"0\">\n                \n                    <span class=\"el-inner inner--colorbrown cbo-cms cms--white\">\n                        \n                                                    <span class=\"el-title\">\n                                Colectivitate                            <\/span>\n                        \n                                                    <span class=\"el-content\">\n                                Crede\u021bi c\u0103 prin colaborare putem realiza mai multe.                            <\/span>\n                        \n                                            <\/span>\n\n                                    <\/span>\n                \n                        \n                                    <span class=\"list-el scale-up\" data-delay=\"100\">\n                \n                    <span class=\"el-inner inner--coloryellow cbo-cms cms--white\">\n                        \n                                                    <span class=\"el-title\">\n                                Entuziasm                            <\/span>\n                        \n                                                    <span class=\"el-content\">\n                                Motiva\u021bia dumneavoastr\u0103 este f\u0103r\u0103 limite!                            <\/span>\n                        \n                                            <\/span>\n\n                                    <\/span>\n                \n                    <\/div>\n\n        \t\t\t<div class=\"textblocks-button\">\n\t\t\t\t\t\t\t<\/div>\n\t\t\n    <\/div>\n<\/section>\n\n\n<section class=\"cbo-checkerboard checkerboard--normal\">\n    <div class=\"checkerboard-inner\">\n\n        <div class=\"checkerboard-picture\">\n            <div class=\"picture-inner cbo-picture-cover\">\n                <img decoding=\"async\" src=\"https:\/\/www.elicit-plant.com\/app\/uploads\/sites\/7\/2024\/12\/Elicit-Plant-team-picture-320x213.jpg\" srcset=\"https:\/\/www.elicit-plant.com\/app\/uploads\/sites\/7\/2024\/12\/Elicit-Plant-team-picture-320x213.jpg 320w, https:\/\/www.elicit-plant.com\/app\/uploads\/sites\/7\/2024\/12\/Elicit-Plant-team-picture-768x512.jpg 768w, https:\/\/www.elicit-plant.com\/app\/uploads\/sites\/7\/2024\/12\/Elicit-Plant-team-picture-1024x683.jpg 1024w\" class=\"\" alt=\"Elicit Plant team\" width=\"320\" height=\"213\" sizes=\"auto, 100vw\" loading=\"lazy\" \/>            <\/div>\n        <\/div>\n        \n        <div class=\"checkerboard-content content--green cbo-cms cms--white\">\n            <div class=\"content-text\">\n                                    <span class=\"content-uptitle\">\n                        Momentele-cheie ale anului                    <\/span>\n                \n                <div class=\"content-title cbo-title-3\">\n                    Deoarece coeziunea este un aspect important, Elicit Plant organizeaz\u0103 aproximativ dou\u0103sprezece \u00eent\u00e2lniri pe an, oferind oportunit\u0103\u021bi de a v\u0103 cunoa\u0219te mai bine colegii \u0219i de a promova leg\u0103turile interdepartamentale.                <\/div>\n            <\/div>\n        <\/div>\n\n    <\/div>\n<\/section>\n\n\n<section class=\"cbo-checkerboard checkerboard--reverse\">\n    <div class=\"checkerboard-inner\">\n\n        <div class=\"checkerboard-picture\">\n            <div class=\"picture-inner cbo-picture-cover\">\n                <img decoding=\"async\" src=\"https:\/\/www.elicit-plant.com\/app\/uploads\/sites\/7\/2024\/03\/Photo-equipe--320x320.png\" srcset=\"https:\/\/www.elicit-plant.com\/app\/uploads\/sites\/7\/2024\/03\/Photo-equipe--320x320.png 320w, https:\/\/www.elicit-plant.com\/app\/uploads\/sites\/7\/2024\/03\/Photo-equipe--768x768.png 768w, https:\/\/www.elicit-plant.com\/app\/uploads\/sites\/7\/2024\/03\/Photo-equipe--1024x1024.png 1024w\" class=\"\" alt=\"doi angaja\u021bi ai Elicit Plant\" width=\"320\" height=\"320\" sizes=\"auto, 100vw\" loading=\"lazy\" \/>            <\/div>\n        <\/div>\n        \n        <div class=\"checkerboard-content content--green cbo-cms cms--white\">\n            <div class=\"content-text\">\n                \n                <div class=\"content-title cbo-title-3\">\n                    \u00cen fiecare an, to\u021bi angaja\u021bii sunt invita\u021bi la:<br \/>\r\n<br \/>\r\nUn seminar al companiei<br \/>\r\n<br \/>\r\nOportunit\u0103\u021bi de a partaja \u0219i a face schimb de experien\u021b\u0103 \u00eentre echipele de cercetare, de v\u00e2nz\u0103ri \u0219i multidisciplinare<br \/>\r\n<br \/>\r\nZile de prezentare pentru a \u00eent\u00e2mpina nou-veni\u021bii \u00eentr-un mod adecvat.<br \/>\r\n                <\/div>\n            <\/div>\n        <\/div>\n\n    <\/div>\n<\/section>","protected":false},"excerpt":{"rendered":"<p>Misiunea noastr\u0103 Asigurarea viitorului produc\u021biei alimentare prin inovare \u0219tiin\u021bific\u0103, sprijinind o agricultur\u0103 responsabil\u0103, ecologic\u0103 \u0219i sustenabil\u0103.<\/p>\n","protected":false},"author":6,"featured_media":11,"parent":0,"menu_order":0,"comment_status":"closed","ping_status":"closed","template":"","meta":{"_acf_changed":false,"footnotes":""},"class_list":["post-60","page","type-page","status-publish","has-post-thumbnail","hentry"],"acf":[],"yoast_head":"<!-- This site is optimized with the Yoast SEO plugin v27.3 - https:\/\/yoast.com\/product\/yoast-seo-wordpress\/ -->\n<title>Cultura, valorile \u0219i scopul nostru - Elicit Plant Rom\u00e2nia<\/title>\n<meta name=\"description\" content=\"Perpetu\u0103m produc\u021bia de resurse alimentare prin inovare \u0219tiin\u021bific\u0103 \u00een serviciul unei agriculturi responsabile, ecologice \u0219i sustenabile.\" \/>\n<meta name=\"robots\" content=\"index, follow, max-snippet:-1, max-image-preview:large, max-video-preview:-1\" \/>\n<link rel=\"canonical\" href=\"https:\/\/www.elicit-plant.com\/ro\/cultura-si-valorile\/\" \/>\n<meta property=\"og:locale\" content=\"ro_RO\" \/>\n<meta property=\"og:type\" content=\"article\" \/>\n<meta property=\"og:title\" content=\"Cultura, valorile \u0219i scopul nostru - Elicit Plant Rom\u00e2nia\" \/>\n<meta property=\"og:description\" content=\"Perpetu\u0103m produc\u021bia de resurse alimentare prin inovare \u0219tiin\u021bific\u0103 \u00een serviciul unei agriculturi responsabile, ecologice \u0219i sustenabile.\" \/>\n<meta property=\"og:url\" content=\"https:\/\/www.elicit-plant.com\/ro\/cultura-si-valorile\/\" \/>\n<meta property=\"og:site_name\" content=\"Elicit Plant Rom\u00e2nia\" \/>\n<meta property=\"article:modified_time\" content=\"2024-12-02T09:56:39+00:00\" \/>\n<meta property=\"og:image\" content=\"https:\/\/www.elicit-plant.com\/ro\/wp-content\/uploads\/sites\/7\/2024\/03\/Scientist-in-acre-crops.png\" \/>\n\t<meta property=\"og:image:width\" content=\"446\" \/>\n\t<meta property=\"og:image:height\" content=\"446\" \/>\n\t<meta property=\"og:image:type\" content=\"image\/png\" \/>\n<meta name=\"twitter:card\" content=\"summary_large_image\" \/>\n<meta name=\"twitter:label1\" content=\"Timp estimat pentru citire\" \/>\n\t<meta name=\"twitter:data1\" content=\"1 minut\" \/>\n<script type=\"application\/ld+json\" class=\"yoast-schema-graph\">{\"@context\":\"https:\\\/\\\/schema.org\",\"@graph\":[{\"@type\":\"WebPage\",\"@id\":\"https:\\\/\\\/www.elicit-plant.com\\\/ro\\\/cultura-si-valorile\\\/\",\"url\":\"https:\\\/\\\/www.elicit-plant.com\\\/ro\\\/cultura-si-valorile\\\/\",\"name\":\"Cultura, valorile \u0219i scopul nostru - Elicit Plant Rom\u00e2nia\",\"isPartOf\":{\"@id\":\"https:\\\/\\\/www.elicit-plant.com\\\/ro\\\/#website\"},\"primaryImageOfPage\":{\"@id\":\"https:\\\/\\\/www.elicit-plant.com\\\/ro\\\/cultura-si-valorile\\\/#primaryimage\"},\"image\":{\"@id\":\"https:\\\/\\\/www.elicit-plant.com\\\/ro\\\/cultura-si-valorile\\\/#primaryimage\"},\"thumbnailUrl\":\"https:\\\/\\\/www.elicit-plant.com\\\/app\\\/uploads\\\/sites\\\/7\\\/2024\\\/03\\\/Scientist-in-acre-crops.png\",\"datePublished\":\"2024-03-18T10:38:46+00:00\",\"dateModified\":\"2024-12-02T09:56:39+00:00\",\"description\":\"Perpetu\u0103m produc\u021bia de resurse alimentare prin inovare \u0219tiin\u021bific\u0103 \u00een serviciul unei agriculturi responsabile, ecologice \u0219i sustenabile.\",\"breadcrumb\":{\"@id\":\"https:\\\/\\\/www.elicit-plant.com\\\/ro\\\/cultura-si-valorile\\\/#breadcrumb\"},\"inLanguage\":\"ro-RO\",\"potentialAction\":[{\"@type\":\"ReadAction\",\"target\":[\"https:\\\/\\\/www.elicit-plant.com\\\/ro\\\/cultura-si-valorile\\\/\"]}]},{\"@type\":\"ImageObject\",\"inLanguage\":\"ro-RO\",\"@id\":\"https:\\\/\\\/www.elicit-plant.com\\\/ro\\\/cultura-si-valorile\\\/#primaryimage\",\"url\":\"https:\\\/\\\/www.elicit-plant.com\\\/app\\\/uploads\\\/sites\\\/7\\\/2024\\\/03\\\/Scientist-in-acre-crops.png\",\"contentUrl\":\"https:\\\/\\\/www.elicit-plant.com\\\/app\\\/uploads\\\/sites\\\/7\\\/2024\\\/03\\\/Scientist-in-acre-crops.png\",\"width\":446,\"height\":446,\"caption\":\"Cercet\u0103tor \u00een domeniul culturilor pe suprafe\u021be mari\"},{\"@type\":\"BreadcrumbList\",\"@id\":\"https:\\\/\\\/www.elicit-plant.com\\\/ro\\\/cultura-si-valorile\\\/#breadcrumb\",\"itemListElement\":[{\"@type\":\"ListItem\",\"position\":1,\"name\":\"Home\",\"item\":\"https:\\\/\\\/www.elicit-plant.com\\\/ro\\\/\"},{\"@type\":\"ListItem\",\"position\":2,\"name\":\"Cultura \u0219i valorile\"}]},{\"@type\":\"WebSite\",\"@id\":\"https:\\\/\\\/www.elicit-plant.com\\\/ro\\\/#website\",\"url\":\"https:\\\/\\\/www.elicit-plant.com\\\/ro\\\/\",\"name\":\"Elicit Plant Rom\u00e2nia\",\"description\":\"\",\"potentialAction\":[{\"@type\":\"SearchAction\",\"target\":{\"@type\":\"EntryPoint\",\"urlTemplate\":\"https:\\\/\\\/www.elicit-plant.com\\\/ro\\\/?s={search_term_string}\"},\"query-input\":{\"@type\":\"PropertyValueSpecification\",\"valueRequired\":true,\"valueName\":\"search_term_string\"}}],\"inLanguage\":\"ro-RO\"}]}<\/script>\n<!-- \/ Yoast SEO plugin. -->","yoast_head_json":{"title":"Cultura, valorile \u0219i scopul nostru - Elicit Plant Rom\u00e2nia","description":"Perpetu\u0103m produc\u021bia de resurse alimentare prin inovare \u0219tiin\u021bific\u0103 \u00een serviciul unei agriculturi responsabile, ecologice \u0219i sustenabile.","robots":{"index":"index","follow":"follow","max-snippet":"max-snippet:-1","max-image-preview":"max-image-preview:large","max-video-preview":"max-video-preview:-1"},"canonical":"https:\/\/www.elicit-plant.com\/ro\/cultura-si-valorile\/","og_locale":"ro_RO","og_type":"article","og_title":"Cultura, valorile \u0219i scopul nostru - Elicit Plant Rom\u00e2nia","og_description":"Perpetu\u0103m produc\u021bia de resurse alimentare prin inovare \u0219tiin\u021bific\u0103 \u00een serviciul unei agriculturi responsabile, ecologice \u0219i sustenabile.","og_url":"https:\/\/www.elicit-plant.com\/ro\/cultura-si-valorile\/","og_site_name":"Elicit Plant Rom\u00e2nia","article_modified_time":"2024-12-02T09:56:39+00:00","og_image":[{"width":446,"height":446,"url":"https:\/\/www.elicit-plant.com\/ro\/wp-content\/uploads\/sites\/7\/2024\/03\/Scientist-in-acre-crops.png","type":"image\/png"}],"twitter_card":"summary_large_image","twitter_misc":{"Timp estimat pentru citire":"1 minut"},"schema":{"@context":"https:\/\/schema.org","@graph":[{"@type":"WebPage","@id":"https:\/\/www.elicit-plant.com\/ro\/cultura-si-valorile\/","url":"https:\/\/www.elicit-plant.com\/ro\/cultura-si-valorile\/","name":"Cultura, valorile \u0219i scopul nostru - Elicit Plant Rom\u00e2nia","isPartOf":{"@id":"https:\/\/www.elicit-plant.com\/ro\/#website"},"primaryImageOfPage":{"@id":"https:\/\/www.elicit-plant.com\/ro\/cultura-si-valorile\/#primaryimage"},"image":{"@id":"https:\/\/www.elicit-plant.com\/ro\/cultura-si-valorile\/#primaryimage"},"thumbnailUrl":"https:\/\/www.elicit-plant.com\/app\/uploads\/sites\/7\/2024\/03\/Scientist-in-acre-crops.png","datePublished":"2024-03-18T10:38:46+00:00","dateModified":"2024-12-02T09:56:39+00:00","description":"Perpetu\u0103m produc\u021bia de resurse alimentare prin inovare \u0219tiin\u021bific\u0103 \u00een serviciul unei agriculturi responsabile, ecologice \u0219i sustenabile.","breadcrumb":{"@id":"https:\/\/www.elicit-plant.com\/ro\/cultura-si-valorile\/#breadcrumb"},"inLanguage":"ro-RO","potentialAction":[{"@type":"ReadAction","target":["https:\/\/www.elicit-plant.com\/ro\/cultura-si-valorile\/"]}]},{"@type":"ImageObject","inLanguage":"ro-RO","@id":"https:\/\/www.elicit-plant.com\/ro\/cultura-si-valorile\/#primaryimage","url":"https:\/\/www.elicit-plant.com\/app\/uploads\/sites\/7\/2024\/03\/Scientist-in-acre-crops.png","contentUrl":"https:\/\/www.elicit-plant.com\/app\/uploads\/sites\/7\/2024\/03\/Scientist-in-acre-crops.png","width":446,"height":446,"caption":"Cercet\u0103tor \u00een domeniul culturilor pe suprafe\u021be mari"},{"@type":"BreadcrumbList","@id":"https:\/\/www.elicit-plant.com\/ro\/cultura-si-valorile\/#breadcrumb","itemListElement":[{"@type":"ListItem","position":1,"name":"Home","item":"https:\/\/www.elicit-plant.com\/ro\/"},{"@type":"ListItem","position":2,"name":"Cultura \u0219i valorile"}]},{"@type":"WebSite","@id":"https:\/\/www.elicit-plant.com\/ro\/#website","url":"https:\/\/www.elicit-plant.com\/ro\/","name":"Elicit Plant Rom\u00e2nia","description":"","potentialAction":[{"@type":"SearchAction","target":{"@type":"EntryPoint","urlTemplate":"https:\/\/www.elicit-plant.com\/ro\/?s={search_term_string}"},"query-input":{"@type":"PropertyValueSpecification","valueRequired":true,"valueName":"search_term_string"}}],"inLanguage":"ro-RO"}]}},"_links":{"self":[{"href":"https:\/\/www.elicit-plant.com\/ro\/wp-json\/wp\/v2\/pages\/60","targetHints":{"allow":["GET"]}}],"collection":[{"href":"https:\/\/www.elicit-plant.com\/ro\/wp-json\/wp\/v2\/pages"}],"about":[{"href":"https:\/\/www.elicit-plant.com\/ro\/wp-json\/wp\/v2\/types\/page"}],"author":[{"embeddable":true,"href":"https:\/\/www.elicit-plant.com\/ro\/wp-json\/wp\/v2\/users\/6"}],"replies":[{"embeddable":true,"href":"https:\/\/www.elicit-plant.com\/ro\/wp-json\/wp\/v2\/comments?post=60"}],"version-history":[{"count":2,"href":"https:\/\/www.elicit-plant.com\/ro\/wp-json\/wp\/v2\/pages\/60\/revisions"}],"predecessor-version":[{"id":428,"href":"https:\/\/www.elicit-plant.com\/ro\/wp-json\/wp\/v2\/pages\/60\/revisions\/428"}],"wp:featuredmedia":[{"embeddable":true,"href":"https:\/\/www.elicit-plant.com\/ro\/wp-json\/wp\/v2\/media\/11"}],"wp:attachment":[{"href":"https:\/\/www.elicit-plant.com\/ro\/wp-json\/wp\/v2\/media?parent=60"}],"curies":[{"name":"wp","href":"https:\/\/api.w.org\/{rel}","templated":true}]}}