{"id":65,"date":"2024-03-18T13:16:19","date_gmt":"2024-03-18T13:16:19","guid":{"rendered":"https:\/\/www.elicit-plant.com\/ro\/?page_id=65"},"modified":"2026-03-10T09:29:21","modified_gmt":"2026-03-10T09:29:21","slug":"elicit-plant-pe-scurt","status":"publish","type":"page","link":"https:\/\/www.elicit-plant.com\/ro\/elicit-plant-pe-scurt\/","title":{"rendered":"Elicit Plant pe scurt"},"content":{"rendered":"<section class=\"cbo-hero cbo-margin-container hero--colorgreen\" data-anim-group>\n\t<div class=\"cbo-breadcrumbs breadcrumbs--normal\">\n  <div class=\"breadcrumbs-inner\">\n    <span><span><a href=\"https:\/\/www.elicit-plant.com\/ro\/\">Home<\/a><\/span><\/span>\t<\/div>\n<\/div>\n\t<div class=\"hero-inner cbo-container container--padding\">\n\n\t\t<div class=\"hero-shapes\">\n\t\t\t<div class=\"shapes-color scale-up\"><\/div>\n\n\t\t\t<div class=\"shapes-picture cbo-picture-cover scale-up\"  data-delay=\"450\">\n\t\t\t\t\t\t\t<\/div>\n\t\t<\/div>\n\n\t\t<div class=\"hero-content cbo-cms cms--large cms--white\">\n\t\t\t<div class=\"content-text\">\n\t\t\t\t<h1 class=\"hero-title cbo-heading slide-down\">\n\t\t\t\t\tElicit Plant pe scurt\t\t\t\t<\/h1>\n\n\t\t\t\t\t\t\t<\/div>\n\t\t<\/div>\n\n\t<\/div>\n<\/section>\n\n\n<section class=\"cbo-textblocks\">\n    <div class=\"textblocks-inner cbo-container\">\n\n        \t\t\t<h2 class=\"textblocks-title cbo-title-2\">\n\t\t\t\tCifre-cheie\t\t\t<\/h2>\n    \t\n\n        \n        <div class=\"textblocks-list\">\n                        \n                                    <span class=\"list-el scale-up\" data-delay=\"0\">\n                \n                    <span class=\"el-inner inner--colorbrown cbo-cms cms--white\">\n                        \n                                                    <span class=\"el-title\">\n                                76                            <\/span>\n                        \n                                                    <span class=\"el-content\">\n                                de angaja\u021bi \u00een anul 2024                            <\/span>\n                        \n                                            <\/span>\n\n                                    <\/span>\n                \n                        \n                                    <span class=\"list-el scale-up\" data-delay=\"100\">\n                \n                    <span class=\"el-inner inner--colorgreen cbo-cms cms--white\">\n                        \n                                                    <span class=\"el-title\">\n                                8                            <\/span>\n                        \n                                                    <span class=\"el-content\">\n                                loca\u021bii interna\u021bionale                            <\/span>\n                        \n                                            <\/span>\n\n                                    <\/span>\n                \n                        \n                                    <span class=\"list-el scale-up\" data-delay=\"200\">\n                \n                    <span class=\"el-inner inner--coloryellow cbo-cms cms--white\">\n                        \n                                                    <span class=\"el-title\">\n                                #1                            <\/span>\n                        \n                                                    <span class=\"el-content\">\n                                Lider mondial \u00een domeniul gestion\u0103rii stresului hidric pentru culturile de c\u00e2mp                            <\/span>\n                        \n                                            <\/span>\n\n                                    <\/span>\n                \n                    <\/div>\n\n        \t\t\t<div class=\"textblocks-button\">\n\t\t\t\t\t\t\t<\/div>\n\t\t\n    <\/div>\n<\/section>\n\n\n<section class=\"cbo-textblocks\">\n    <div class=\"textblocks-inner cbo-container\">\n\n        \t\t\t<h2 class=\"textblocks-title cbo-title-2\">\n\t\t\t\tEgalitate de gen\t\t\t<\/h2>\n    \t\n\n        \t\t\t<div class=\"textblocks-chapo cbo-chapo\">\n\t\t\t\tElicit Plant este dedicat\u0103 asigur\u0103rii egalit\u0103\u021bii de \u0219anse \u0219i echilibrului de gen.<br \/>\r\n\t\t\t<\/div>\n    \t\n        <div class=\"textblocks-list\">\n                        \n                                    <span class=\"list-el scale-up\" data-delay=\"0\">\n                \n                    <span class=\"el-inner inner--colorbrown cbo-cms cms--white\">\n                        \n                                                    <span class=\"el-title\">\n                                Femei                            <\/span>\n                        \n                                                    <span class=\"el-content\">\n                                42%                            <\/span>\n                        \n                                            <\/span>\n\n                                    <\/span>\n                \n                        \n                                    <span class=\"list-el scale-up\" data-delay=\"100\">\n                \n                    <span class=\"el-inner inner--coloryellow cbo-cms cms--white\">\n                        \n                                                    <span class=\"el-title\">\n                                B\u0103rba\u021bi                            <\/span>\n                        \n                                                    <span class=\"el-content\">\n                                58%                            <\/span>\n                        \n                                            <\/span>\n\n                                    <\/span>\n                \n                    <\/div>\n\n        \t\t\t<div class=\"textblocks-button\">\n\t\t\t\t\t\t\t<\/div>\n\t\t\n    <\/div>\n<\/section>\n\n<section class=\"cbo-text cbo-margin-container\">\n    <div class=\"\n        text-inner\n                cbo-container\n        container--small        \"\n    >\n        <div class=\"text-content cbo-cms cms--large\">\n            <h3>Indicele egalit\u0103\u021bii de gen 2025<\/h3>\n<p>La Elicit Plant, ne angaj\u0103m s\u0103 asigur\u0103m o remunerare corect\u0103 \u0219i echitabil\u0103 pentru to\u021bi.<br \/>\n\u00cen 2025, Indicele nostru al egalit\u0103\u021bii de gen a ajuns la 79\/100, reflect\u00e2nd eforturile noastre continue pentru promovarea echit\u0103\u021bii salariale.<\/p>\n<p><strong>Detalierea scorului:<\/strong><\/p>\n<ul>\n<li>Diferen\u021ba salarial\u0103: 39\/40<\/li>\n<\/ul>\n<p>Continu\u0103m s\u0103 aplic\u0103m o politic\u0103 salarial\u0103 bazat\u0103 pe evaluarea obiectiv\u0103 a competen\u021belor \u0219i responsabilit\u0103\u021bilor, pentru a garanta o echitate durabil\u0103 \u00eentre femei \u0219i b\u0103rba\u021bi.<\/p>\n<ul>\n<li>Diferen\u021ba \u00een rata major\u0103rilor salariale: 35\/35<\/li>\n<li>Revenirea din concediul de maternitate: 0\/15<\/li>\n<\/ul>\n<p>La revenirea din concediul de maternitate, vom acorda o aten\u021bie deosebit\u0103 actualiz\u0103rii responsabilit\u0103\u021bilor postului \u0219i alinierii remunera\u021biei, pentru a garanta reluarea activit\u0103\u021bii \u00een condi\u021bii pe deplin echitabile.<\/p>\n<ul>\n<li>Remunera\u021bii ridicate: 5\/10<\/li>\n<\/ul>\n<p>Pentru pozi\u021biile cu responsabilit\u0103\u021bi importante, vom \u00eencuraja o mai mare diversitate de gen, asigur\u00e2nd identificarea candidatelor calificate \u0219i, la competen\u021be egale, valorific\u00e2nd diversitatea pentru a consolida echilibrul \u00een r\u00e2ndul celor mai mari remunera\u021bii.<\/p>\n<p>&nbsp;<\/p>\n<p>Politica noastr\u0103 de remunerare se bazeaz\u0103 pe trei principii cheie: recunoa\u0219terea competen\u021belor, adecvarea la responsabilit\u0103\u021bile fiec\u0103rui post \u0219i alinierea la tendin\u021bele pie\u021bei. Asigur\u0103m echitatea intern\u0103 prin evaluarea obiectiv\u0103 a competen\u021belor \u0219i performan\u021bei, f\u0103r\u0103 distinc\u021bie de gen.<\/p>\n\n            <div style=\"clear: both;\"><\/div>\n        <\/div>\n    <\/div>\n<\/section>\n\n\n<section class=\"cbo-text cbo-margin-container\">\n    <div class=\"\n        text-inner\n                cbo-container\n        container--small        \"\n    >\n        <div class=\"text-content cbo-cms cms--large\">\n            <h2><strong>Aspecte ESG<\/strong><\/h2>\n<p>Aspectele ESG (aspecte de mediu, sociale, de guvernan\u021b\u0103) reprezint\u0103 o prioritate-cheie \u00een cadrul Elicit Plant, din motive \u00eentemeiate. Activitatea de baz\u0103 a companiei este bazat\u0103 pe aspecte de mediu. Elicit Plant se m\u00e2ndre\u0219te cu alinierea dezvolt\u0103rii sale cu aceste obiective anuale.<\/p>\n<p><a class=\"cbo-button\" href=\"https:\/\/www.elicit-plant.com\/ro\/angajamentele-noastre-esg\/\">Angajamentele noastre ESG<\/a><\/p>\n\n            <div style=\"clear: both;\"><\/div>\n        <\/div>\n    <\/div>\n<\/section>\n","protected":false},"excerpt":{"rendered":"<p>Indicele egalit\u0103\u021bii de gen 2025 La Elicit Plant, ne angaj\u0103m s\u0103 asigur\u0103m o remunerare corect\u0103 \u0219i echitabil\u0103 pentru to\u021bi. \u00cen 2025, Indicele nostru al egalit\u0103\u021bii de gen a ajuns la 79\/100, reflect\u00e2nd eforturile noastre continue pentru promovarea echit\u0103\u021bii salariale. Detalierea scorului: Diferen\u021ba salarial\u0103: 39\/40 Continu\u0103m s\u0103 aplic\u0103m o politic\u0103 salarial\u0103 bazat\u0103 pe evaluarea obiectiv\u0103 a competen\u021belor \u0219i responsabilit\u0103\u021bilor, pentru a garanta o echitate durabil\u0103 \u00eentre femei \u0219i b\u0103rba\u021bi. Diferen\u021ba \u00een rata major\u0103rilor salariale: 35\/35 Revenirea din concediul de maternitate: 0\/15 La revenirea din concediul de maternitate, vom acorda o aten\u021bie deosebit\u0103 actualiz\u0103rii responsabilit\u0103\u021bilor postului \u0219i alinierii remunera\u021biei, pentru a garanta reluarea activit\u0103\u021bii \u00een condi\u021bii pe deplin echitabile. Remunera\u021bii ridicate: 5\/10 Pentru pozi\u021biile cu responsabilit\u0103\u021bi importante, vom \u00eencuraja o mai mare diversitate de gen, asigur\u00e2nd identificarea&#8230;<\/p>\n","protected":false},"author":6,"featured_media":66,"parent":0,"menu_order":0,"comment_status":"closed","ping_status":"closed","template":"","meta":{"_acf_changed":false,"footnotes":""},"class_list":["post-65","page","type-page","status-publish","has-post-thumbnail","hentry"],"acf":[],"yoast_head":"<!-- This site is optimized with the Yoast SEO plugin v27.3 - https:\/\/yoast.com\/product\/yoast-seo-wordpress\/ -->\n<title>Elicit Plant pe scurt: Cifre-cheie, paritate \u0219i aspecte ESG - Elicit Plant Rom\u00e2nia<\/title>\n<meta name=\"description\" content=\"Dori\u021bi s\u0103 \u0219ti\u021bi mai multe despre Elicit Plant? Atunci v\u0103 afla\u021bi la locul potrivit!\" \/>\n<meta name=\"robots\" content=\"index, follow, max-snippet:-1, max-image-preview:large, max-video-preview:-1\" \/>\n<link rel=\"canonical\" href=\"https:\/\/www.elicit-plant.com\/ro\/elicit-plant-pe-scurt\/\" \/>\n<meta property=\"og:locale\" content=\"ro_RO\" \/>\n<meta property=\"og:type\" content=\"article\" \/>\n<meta property=\"og:title\" content=\"Elicit Plant pe scurt: Cifre-cheie, paritate \u0219i aspecte ESG - Elicit Plant Rom\u00e2nia\" \/>\n<meta property=\"og:description\" content=\"Dori\u021bi s\u0103 \u0219ti\u021bi mai multe despre Elicit Plant? Atunci v\u0103 afla\u021bi la locul potrivit!\" \/>\n<meta property=\"og:url\" content=\"https:\/\/www.elicit-plant.com\/ro\/elicit-plant-pe-scurt\/\" \/>\n<meta property=\"og:site_name\" content=\"Elicit Plant Rom\u00e2nia\" \/>\n<meta property=\"article:modified_time\" content=\"2026-03-10T09:29:21+00:00\" \/>\n<meta property=\"og:image\" content=\"https:\/\/www.elicit-plant.com\/app\/uploads\/sites\/7\/2024\/03\/Elicit-Plant-in-short.jpg\" \/>\n\t<meta property=\"og:image:width\" content=\"601\" \/>\n\t<meta property=\"og:image:height\" content=\"715\" \/>\n\t<meta property=\"og:image:type\" content=\"image\/jpeg\" \/>\n<meta name=\"twitter:card\" content=\"summary_large_image\" \/>\n<meta name=\"twitter:label1\" content=\"Timp estimat pentru citire\" \/>\n\t<meta name=\"twitter:data1\" content=\"1 minut\" \/>\n<script type=\"application\/ld+json\" class=\"yoast-schema-graph\">{\"@context\":\"https:\\\/\\\/schema.org\",\"@graph\":[{\"@type\":\"WebPage\",\"@id\":\"https:\\\/\\\/www.elicit-plant.com\\\/ro\\\/elicit-plant-pe-scurt\\\/\",\"url\":\"https:\\\/\\\/www.elicit-plant.com\\\/ro\\\/elicit-plant-pe-scurt\\\/\",\"name\":\"Elicit Plant pe scurt: Cifre-cheie, paritate \u0219i aspecte ESG - Elicit Plant Rom\u00e2nia\",\"isPartOf\":{\"@id\":\"https:\\\/\\\/www.elicit-plant.com\\\/ro\\\/#website\"},\"primaryImageOfPage\":{\"@id\":\"https:\\\/\\\/www.elicit-plant.com\\\/ro\\\/elicit-plant-pe-scurt\\\/#primaryimage\"},\"image\":{\"@id\":\"https:\\\/\\\/www.elicit-plant.com\\\/ro\\\/elicit-plant-pe-scurt\\\/#primaryimage\"},\"thumbnailUrl\":\"https:\\\/\\\/www.elicit-plant.com\\\/app\\\/uploads\\\/sites\\\/7\\\/2024\\\/03\\\/Elicit-Plant-in-short.jpg\",\"datePublished\":\"2024-03-18T13:16:19+00:00\",\"dateModified\":\"2026-03-10T09:29:21+00:00\",\"description\":\"Dori\u021bi s\u0103 \u0219ti\u021bi mai multe despre Elicit Plant? Atunci v\u0103 afla\u021bi la locul potrivit!\",\"breadcrumb\":{\"@id\":\"https:\\\/\\\/www.elicit-plant.com\\\/ro\\\/elicit-plant-pe-scurt\\\/#breadcrumb\"},\"inLanguage\":\"ro-RO\",\"potentialAction\":[{\"@type\":\"ReadAction\",\"target\":[\"https:\\\/\\\/www.elicit-plant.com\\\/ro\\\/elicit-plant-pe-scurt\\\/\"]}]},{\"@type\":\"ImageObject\",\"inLanguage\":\"ro-RO\",\"@id\":\"https:\\\/\\\/www.elicit-plant.com\\\/ro\\\/elicit-plant-pe-scurt\\\/#primaryimage\",\"url\":\"https:\\\/\\\/www.elicit-plant.com\\\/app\\\/uploads\\\/sites\\\/7\\\/2024\\\/03\\\/Elicit-Plant-in-short.jpg\",\"contentUrl\":\"https:\\\/\\\/www.elicit-plant.com\\\/app\\\/uploads\\\/sites\\\/7\\\/2024\\\/03\\\/Elicit-Plant-in-short.jpg\",\"width\":601,\"height\":715,\"caption\":\"Elicit Plant pe scurt\"},{\"@type\":\"BreadcrumbList\",\"@id\":\"https:\\\/\\\/www.elicit-plant.com\\\/ro\\\/elicit-plant-pe-scurt\\\/#breadcrumb\",\"itemListElement\":[{\"@type\":\"ListItem\",\"position\":1,\"name\":\"Home\",\"item\":\"https:\\\/\\\/www.elicit-plant.com\\\/ro\\\/\"},{\"@type\":\"ListItem\",\"position\":2,\"name\":\"Elicit Plant pe scurt\"}]},{\"@type\":\"WebSite\",\"@id\":\"https:\\\/\\\/www.elicit-plant.com\\\/ro\\\/#website\",\"url\":\"https:\\\/\\\/www.elicit-plant.com\\\/ro\\\/\",\"name\":\"Elicit Plant Rom\u00e2nia\",\"description\":\"\",\"potentialAction\":[{\"@type\":\"SearchAction\",\"target\":{\"@type\":\"EntryPoint\",\"urlTemplate\":\"https:\\\/\\\/www.elicit-plant.com\\\/ro\\\/?s={search_term_string}\"},\"query-input\":{\"@type\":\"PropertyValueSpecification\",\"valueRequired\":true,\"valueName\":\"search_term_string\"}}],\"inLanguage\":\"ro-RO\"}]}<\/script>\n<!-- \/ Yoast SEO plugin. -->","yoast_head_json":{"title":"Elicit Plant pe scurt: Cifre-cheie, paritate \u0219i aspecte ESG - Elicit Plant Rom\u00e2nia","description":"Dori\u021bi s\u0103 \u0219ti\u021bi mai multe despre Elicit Plant? Atunci v\u0103 afla\u021bi la locul potrivit!","robots":{"index":"index","follow":"follow","max-snippet":"max-snippet:-1","max-image-preview":"max-image-preview:large","max-video-preview":"max-video-preview:-1"},"canonical":"https:\/\/www.elicit-plant.com\/ro\/elicit-plant-pe-scurt\/","og_locale":"ro_RO","og_type":"article","og_title":"Elicit Plant pe scurt: Cifre-cheie, paritate \u0219i aspecte ESG - Elicit Plant Rom\u00e2nia","og_description":"Dori\u021bi s\u0103 \u0219ti\u021bi mai multe despre Elicit Plant? Atunci v\u0103 afla\u021bi la locul potrivit!","og_url":"https:\/\/www.elicit-plant.com\/ro\/elicit-plant-pe-scurt\/","og_site_name":"Elicit Plant Rom\u00e2nia","article_modified_time":"2026-03-10T09:29:21+00:00","og_image":[{"width":601,"height":715,"url":"https:\/\/www.elicit-plant.com\/app\/uploads\/sites\/7\/2024\/03\/Elicit-Plant-in-short.jpg","type":"image\/jpeg"}],"twitter_card":"summary_large_image","twitter_misc":{"Timp estimat pentru citire":"1 minut"},"schema":{"@context":"https:\/\/schema.org","@graph":[{"@type":"WebPage","@id":"https:\/\/www.elicit-plant.com\/ro\/elicit-plant-pe-scurt\/","url":"https:\/\/www.elicit-plant.com\/ro\/elicit-plant-pe-scurt\/","name":"Elicit Plant pe scurt: Cifre-cheie, paritate \u0219i aspecte ESG - Elicit Plant Rom\u00e2nia","isPartOf":{"@id":"https:\/\/www.elicit-plant.com\/ro\/#website"},"primaryImageOfPage":{"@id":"https:\/\/www.elicit-plant.com\/ro\/elicit-plant-pe-scurt\/#primaryimage"},"image":{"@id":"https:\/\/www.elicit-plant.com\/ro\/elicit-plant-pe-scurt\/#primaryimage"},"thumbnailUrl":"https:\/\/www.elicit-plant.com\/app\/uploads\/sites\/7\/2024\/03\/Elicit-Plant-in-short.jpg","datePublished":"2024-03-18T13:16:19+00:00","dateModified":"2026-03-10T09:29:21+00:00","description":"Dori\u021bi s\u0103 \u0219ti\u021bi mai multe despre Elicit Plant? Atunci v\u0103 afla\u021bi la locul potrivit!","breadcrumb":{"@id":"https:\/\/www.elicit-plant.com\/ro\/elicit-plant-pe-scurt\/#breadcrumb"},"inLanguage":"ro-RO","potentialAction":[{"@type":"ReadAction","target":["https:\/\/www.elicit-plant.com\/ro\/elicit-plant-pe-scurt\/"]}]},{"@type":"ImageObject","inLanguage":"ro-RO","@id":"https:\/\/www.elicit-plant.com\/ro\/elicit-plant-pe-scurt\/#primaryimage","url":"https:\/\/www.elicit-plant.com\/app\/uploads\/sites\/7\/2024\/03\/Elicit-Plant-in-short.jpg","contentUrl":"https:\/\/www.elicit-plant.com\/app\/uploads\/sites\/7\/2024\/03\/Elicit-Plant-in-short.jpg","width":601,"height":715,"caption":"Elicit Plant pe scurt"},{"@type":"BreadcrumbList","@id":"https:\/\/www.elicit-plant.com\/ro\/elicit-plant-pe-scurt\/#breadcrumb","itemListElement":[{"@type":"ListItem","position":1,"name":"Home","item":"https:\/\/www.elicit-plant.com\/ro\/"},{"@type":"ListItem","position":2,"name":"Elicit Plant pe scurt"}]},{"@type":"WebSite","@id":"https:\/\/www.elicit-plant.com\/ro\/#website","url":"https:\/\/www.elicit-plant.com\/ro\/","name":"Elicit Plant Rom\u00e2nia","description":"","potentialAction":[{"@type":"SearchAction","target":{"@type":"EntryPoint","urlTemplate":"https:\/\/www.elicit-plant.com\/ro\/?s={search_term_string}"},"query-input":{"@type":"PropertyValueSpecification","valueRequired":true,"valueName":"search_term_string"}}],"inLanguage":"ro-RO"}]}},"_links":{"self":[{"href":"https:\/\/www.elicit-plant.com\/ro\/wp-json\/wp\/v2\/pages\/65","targetHints":{"allow":["GET"]}}],"collection":[{"href":"https:\/\/www.elicit-plant.com\/ro\/wp-json\/wp\/v2\/pages"}],"about":[{"href":"https:\/\/www.elicit-plant.com\/ro\/wp-json\/wp\/v2\/types\/page"}],"author":[{"embeddable":true,"href":"https:\/\/www.elicit-plant.com\/ro\/wp-json\/wp\/v2\/users\/6"}],"replies":[{"embeddable":true,"href":"https:\/\/www.elicit-plant.com\/ro\/wp-json\/wp\/v2\/comments?post=65"}],"version-history":[{"count":5,"href":"https:\/\/www.elicit-plant.com\/ro\/wp-json\/wp\/v2\/pages\/65\/revisions"}],"predecessor-version":[{"id":636,"href":"https:\/\/www.elicit-plant.com\/ro\/wp-json\/wp\/v2\/pages\/65\/revisions\/636"}],"wp:featuredmedia":[{"embeddable":true,"href":"https:\/\/www.elicit-plant.com\/ro\/wp-json\/wp\/v2\/media\/66"}],"wp:attachment":[{"href":"https:\/\/www.elicit-plant.com\/ro\/wp-json\/wp\/v2\/media?parent=65"}],"curies":[{"name":"wp","href":"https:\/\/api.w.org\/{rel}","templated":true}]}}