{"id":156,"date":"2025-04-16T15:52:33","date_gmt":"2025-04-16T13:52:33","guid":{"rendered":"https:\/\/www.elicit-plant.com\/rs\/?page_id=156"},"modified":"2025-04-28T10:32:26","modified_gmt":"2025-04-28T08:32:26","slug":"nasi-naucni-partneri","status":"publish","type":"page","link":"https:\/\/www.elicit-plant.com\/rs\/nauka-i-tehnologija\/nasi-naucni-partneri\/","title":{"rendered":"Na\u0161i nau\u010dni partneri"},"content":{"rendered":"<section class=\"cbo-hero cbo-margin-container hero--colorgreen\" data-anim-group>\n\t<div class=\"cbo-breadcrumbs breadcrumbs--normal\">\n  <div class=\"breadcrumbs-inner\">\n    <span><span><a href=\"https:\/\/www.elicit-plant.com\/rs\/\">Accueil<\/a><\/span><\/span>\t<\/div>\n<\/div>\n\t<div class=\"hero-inner cbo-container container--padding\">\n\n\t\t<div class=\"hero-shapes\">\n\t\t\t<div class=\"shapes-color scale-up\"><\/div>\n\n\t\t\t<div class=\"shapes-picture cbo-picture-cover scale-up\"  data-delay=\"450\">\n\t\t\t\t\t\t\t<\/div>\n\t\t<\/div>\n\n\t\t<div class=\"hero-content cbo-cms cms--large cms--white\">\n\t\t\t<div class=\"content-text\">\n\t\t\t\t<h1 class=\"hero-title cbo-heading slide-down\">\n\t\t\t\t\tNau\u010dna partnerstva\t\t\t\t<\/h1>\n\n\t\t\t\t\t\t\t<\/div>\n\t\t<\/div>\n\n\t<\/div>\n<\/section>\n\n<section class=\"cbo-text cbo-margin-container\">\n    <div class=\"\n        text-inner\n                cbo-container\n        container--small        \"\n    >\n        <div class=\"text-content cbo-cms cms--large\">\n            <h2><strong>Nau\u010dna partnerstva i potvrda rezultata<\/strong><\/h2>\n\n            <div style=\"clear: both;\"><\/div>\n        <\/div>\n    <\/div>\n<\/section>\n\n\n\n<section class=\"cbo-checkerboard checkerboard--normal\">\n    <div class=\"checkerboard-inner\">\n\n        <div class=\"checkerboard-picture\">\n            <div class=\"picture-inner cbo-picture-cover\">\n                <img decoding=\"async\" src=\"https:\/\/www.elicit-plant.com\/app\/uploads\/sites\/13\/2025\/04\/Agronomie-mesure-aux-champs-1-320x213.jpg\" srcset=\"https:\/\/www.elicit-plant.com\/app\/uploads\/sites\/13\/2025\/04\/Agronomie-mesure-aux-champs-1-320x213.jpg 320w, https:\/\/www.elicit-plant.com\/app\/uploads\/sites\/13\/2025\/04\/Agronomie-mesure-aux-champs-1-768x512.jpg 768w, https:\/\/www.elicit-plant.com\/app\/uploads\/sites\/13\/2025\/04\/Agronomie-mesure-aux-champs-1.jpg 1024w\" class=\"\" alt=\"Agronomija i merenje na terenu\" width=\"320\" height=\"213\" sizes=\"auto, 100vw\" loading=\"lazy\" \/>            <\/div>\n        <\/div>\n        \n        <div class=\"checkerboard-content content--green cbo-cms cms--white\">\n            <div class=\"content-text\">\n                                    <span class=\"content-uptitle\">\n                        Od laboratorije do polja                    <\/span>\n                \n                <div class=\"content-title cbo-title-3\">\n                    Nau\u010dni pristup i saradnja                <\/div>\n            <\/div>\n        <\/div>\n\n    <\/div>\n<\/section>\n\n<section class=\"cbo-textpicture textpicture--normal\">\n    <div class=\"textpicture-inner cbo-container container--small\">\n\n        <div class=\"textpicture-picture\">\n            <div class=\"picture-inner cbo-picture-cover\">\n                <img decoding=\"async\" src=\"https:\/\/www.elicit-plant.com\/app\/uploads\/sites\/13\/2025\/04\/Elicit-Plant-RD-testings-320x117.jpg\" srcset=\"https:\/\/www.elicit-plant.com\/app\/uploads\/sites\/13\/2025\/04\/Elicit-Plant-RD-testings-320x117.jpg 320w, https:\/\/www.elicit-plant.com\/app\/uploads\/sites\/13\/2025\/04\/Elicit-Plant-RD-testings-768x280.jpg 768w, https:\/\/www.elicit-plant.com\/app\/uploads\/sites\/13\/2025\/04\/Elicit-Plant-RD-testings.jpg 1024w\" class=\"\" alt=\"Ispitivanja fitosterola na biljkama\" width=\"320\" height=\"117\" sizes=\"auto, 100vw\" loading=\"lazy\" \/>            <\/div>\n        <\/div>\n\n        <div class=\"textpicture-content cbo-cms cms--large\">\n            \n            \n            <p class=\"cbo-chapo\">Pionirski tim u oblasti istra\u017eivanja i razvoja<\/p>\n<ul>\n<li>nau\u010dnici iz oblasti biolo\u0161kih i hemijskih istra\u017eivanja,<\/li>\n<li>stru\u010dnjaci za agronomiju,<\/li>\n<li>laboratorije za biologiju biljaka i formulacije na preciznom poljoprivrednom imanju<\/li>\n<\/ul>\n<p>Oni su <strong>pioniri<\/strong> u kontroli fitosterola koji se primenjuju na useve na terenu kako bi se smanjio stres, a posebno nedostatak vode.<\/p>\n        <\/div>\n\n    <\/div>\n<\/section>\n\n<section class=\"cbo-textpicture textpicture--reverse\">\n    <div class=\"textpicture-inner cbo-container container--small\">\n\n        <div class=\"textpicture-picture\">\n            <div class=\"picture-inner cbo-picture-cover\">\n                <img decoding=\"async\" src=\"https:\/\/www.elicit-plant.com\/app\/uploads\/sites\/13\/2025\/04\/Partenaires-scientifiques-320x320.png\" srcset=\"https:\/\/www.elicit-plant.com\/app\/uploads\/sites\/13\/2025\/04\/Partenaires-scientifiques-320x320.png 320w, https:\/\/www.elicit-plant.com\/app\/uploads\/sites\/13\/2025\/04\/Partenaires-scientifiques.png 768w, https:\/\/www.elicit-plant.com\/app\/uploads\/sites\/13\/2025\/04\/Partenaires-scientifiques.png 1024w\" class=\"\" alt=\"nau\u010dni partneri\" width=\"320\" height=\"320\" sizes=\"auto, 100vw\" loading=\"lazy\" \/>            <\/div>\n        <\/div>\n\n        <div class=\"textpicture-content cbo-cms cms--large\">\n            \n            \n            <p class=\"cbo-chapo\">Ubrzavanje istra\u017eiva\u010dkog rada<br \/>\nKontrola dobijenih rezultata<\/p>\n<ul>\n<li>Saradnja sa priznatim tehni\u010dkim i nau\u010dnim partnerima, uklju\u010duju\u0107i francuske javne istra\u017eiva\u010dke institute INRAE i CNRS<\/li>\n<li>Saradnja sa zadrugama, kao \u0161to je Oc\u00e9alia, i nezavisnim tehni\u010dkim institutima, kao \u0161to je Terres Inovia, radi potvrde efekata na\u0161ih prvih proizvoda<\/li>\n<\/ul>\n        <\/div>\n\n    <\/div>\n<\/section>\n\n<section class=\"cbo-text cbo-halo cbo-margin-container\">\n    <div class=\"\n        text-inner\n                cbo-container\n        container--small        \"\n    >\n        <div class=\"text-content cbo-cms cms--large\">\n            <p style=\"margin: 0cm;\"><span class=\"cbo-textcolor--green\"><span lang=\"SR-LATN-RS\" style=\"color: #86b049;\">Ova nau\u010dna partnerstva i saradnja sa nezavisnim institucijama su pro\u0161ireni na brojne me\u0111unarodne istra\u017eiva\u010dke institute i univerzitete. To nam je pomoglo da potvrdimo primenljivost re\u0161enja i postignute rezultate, kako u laboratoriji, tako i, \u0161to je najva\u017enije, na terenu, odnosno u stvarnim uslovima poljoprivredne proizvodnje.<\/span><\/span><\/p>\n\n            <div style=\"clear: both;\"><\/div>\n        <\/div>\n    <\/div>\n<\/section>\n\n\n<section class=\"cbo-partnerslider cbo-margin-container\">\n\t<div class=\"partnerslider-inner cbo-container\">\n\n\t\t\n\t\t<div class=\"partnerslider-list\">\n\t\t\t\t\t\t<div class=\"list-el\">\n\t\t\t\t\t\t\t\t<div class=\"el-logo cbo-picture-contain\">\n\t\t\t\t\n\t\t\t\t\t<img decoding=\"async\" src=\"https:\/\/www.elicit-plant.com\/app\/uploads\/sites\/13\/2025\/04\/Credit-Agricole.jpg\"  class=\"\" alt=\"Cr\u00e9dit Agricole\" width=\"310\" height=\"163\" sizes=\"auto, 100vw\" loading=\"lazy\" \/>\n\t\t\t\t\t\t\t\t<\/div>\n\t\t\t\t\t\t\t<\/div>\n\t\t\t\t\t\t<div class=\"list-el\">\n\t\t\t\t\t\t\t\t<div class=\"el-logo cbo-picture-contain\">\n\t\t\t\t\n\t\t\t\t\t<img decoding=\"async\" src=\"https:\/\/www.elicit-plant.com\/app\/uploads\/sites\/13\/2025\/04\/Embrapa.jpg\"  class=\"\" alt=\"Embrapa\" width=\"310\" height=\"163\" sizes=\"auto, 100vw\" loading=\"lazy\" \/>\n\t\t\t\t\t\t\t\t<\/div>\n\t\t\t\t\t\t\t<\/div>\n\t\t\t\t\t\t<div class=\"list-el\">\n\t\t\t\t\t\t\t\t<div class=\"el-logo cbo-picture-contain\">\n\t\t\t\t\n\t\t\t\t\t<img decoding=\"async\" src=\"https:\/\/www.elicit-plant.com\/app\/uploads\/sites\/13\/2025\/04\/Sofinnova-Partners.jpg\"  class=\"\" alt=\"Sofinnova Partners\" width=\"310\" height=\"163\" sizes=\"auto, 100vw\" loading=\"lazy\" \/>\n\t\t\t\t\t\t\t\t<\/div>\n\t\t\t\t\t\t\t<\/div>\n\t\t\t\t\t\t<div class=\"list-el\">\n\t\t\t\t\t\t\t\t<div class=\"el-logo cbo-picture-contain\">\n\t\t\t\t\n\t\t\t\t\t<img decoding=\"async\" src=\"https:\/\/www.elicit-plant.com\/app\/uploads\/sites\/13\/2025\/04\/ITERG.jpg\"  class=\"\" alt=\"ITERG\" width=\"310\" height=\"163\" sizes=\"auto, 100vw\" loading=\"lazy\" \/>\n\t\t\t\t\t\t\t\t<\/div>\n\t\t\t\t\t\t\t<\/div>\n\t\t\t\t\t\t<div class=\"list-el\">\n\t\t\t\t\t\t\t\t<div class=\"el-logo cbo-picture-contain\">\n\t\t\t\t\n\t\t\t\t\t<img decoding=\"async\" src=\"https:\/\/www.elicit-plant.com\/app\/uploads\/sites\/13\/2025\/04\/Terre-Inovia.jpg\"  class=\"\" alt=\"Terre Inovia\" width=\"310\" height=\"163\" sizes=\"auto, 100vw\" loading=\"lazy\" \/>\n\t\t\t\t\t\t\t\t<\/div>\n\t\t\t\t\t\t\t<\/div>\n\t\t\t\t\t\t<div class=\"list-el\">\n\t\t\t\t\t\t\t\t<div class=\"el-logo cbo-picture-contain\">\n\t\t\t\t\n\t\t\t\t\t<img decoding=\"async\" src=\"https:\/\/www.elicit-plant.com\/app\/uploads\/sites\/13\/2025\/04\/BPI-France.jpg\"  class=\"\" alt=\"BPI France\" width=\"310\" height=\"163\" sizes=\"auto, 100vw\" loading=\"lazy\" \/>\n\t\t\t\t\t\t\t\t<\/div>\n\t\t\t\t\t\t\t<\/div>\n\t\t\t\t\t\t<div class=\"list-el\">\n\t\t\t\t\t\t\t\t<div class=\"el-logo cbo-picture-contain\">\n\t\t\t\t\n\t\t\t\t\t<img decoding=\"async\" src=\"https:\/\/www.elicit-plant.com\/app\/uploads\/sites\/13\/2025\/04\/France-Brevets.jpg\"  class=\"\" alt=\"France Brevets\" width=\"310\" height=\"163\" sizes=\"auto, 100vw\" loading=\"lazy\" \/>\n\t\t\t\t\t\t\t\t<\/div>\n\t\t\t\t\t\t\t<\/div>\n\t\t\t\t\t<\/div>\n\n\t\t\n\t<\/div>\n<\/section>\n\n<section class=\"cbo-text cbo-margin-container\">\n    <div class=\"\n        text-inner\n                cbo-container\n        container--small        \"\n    >\n        <div class=\"text-content cbo-cms cms--large\">\n            <p class=\"cbo-chapo\">Dokazane performanse u svim uslovima zemlji\u0161ta i klimatskim uslovima<\/p>\n<p>U kompaniji Elicit Plant razvijamo efikasna re\u0161enja zasnovana na potrebama i zahtevima poljoprivrednika. Sa tim ciljem od 2018. godine sprovodimo \u00a0<strong><span style=\"color: #86b049;\">eksperimente na terenu<\/span><\/strong>\u00a0na veoma velikim povr\u0161inama.<\/p>\n\n            <div style=\"clear: both;\"><\/div>\n        <\/div>\n    <\/div>\n<\/section>\n\n\n<section class=\"cbo-textpicture textpicture--reverse\">\n    <div class=\"textpicture-inner cbo-container container--small\">\n\n        <div class=\"textpicture-picture\">\n            <div class=\"picture-inner cbo-picture-cover\">\n                <img decoding=\"async\" src=\"https:\/\/www.elicit-plant.com\/app\/uploads\/sites\/13\/2025\/04\/img-distributeurs-header-320x320.jpg\" srcset=\"https:\/\/www.elicit-plant.com\/app\/uploads\/sites\/13\/2025\/04\/img-distributeurs-header-320x320.jpg 320w, https:\/\/www.elicit-plant.com\/app\/uploads\/sites\/13\/2025\/04\/img-distributeurs-header.jpg 768w, https:\/\/www.elicit-plant.com\/app\/uploads\/sites\/13\/2025\/04\/img-distributeurs-header.jpg 1024w\" class=\"\" alt=\"Poljoprivrednici na poljima\" width=\"320\" height=\"320\" sizes=\"auto, 100vw\" loading=\"lazy\" \/>            <\/div>\n        <\/div>\n\n        <div class=\"textpicture-content cbo-cms cms--large\">\n            \n            \n            <p>Kada u praksi ocenjujemo na\u0161 proizvod, proces odlu\u010divanja zna\u010dajno prevazilazi analizu podataka.<\/p>\n<p>Na\u0161i agronomi blisko sara\u0111uju sa poljoprivrednicima kako bi pobolj\u0161ali rezultate na usevima, na osnovu redovnih posmatranja i merenja biljaka koje se uzgajaju u realnim uslovima, \u0161to nam omogu\u0107uje da <strong>precizno utvrdimo uslove pod kojima \u0107e proizvod biti efikasan za krajnje korisnike<\/strong>.<\/p>\n        <\/div>\n\n    <\/div>\n<\/section>\n\n<section class=\"cbo-text cbo-margin-container\">\n    <div class=\"\n        text-inner\n                cbo-container\n        container--small        \"\n    >\n        <div class=\"text-content cbo-cms cms--large\">\n            <p>Svake sezone na\u0161i proizvodi prolaze kroz detaljno testiranje na terenu kako bi se garantovale <strong>performanse u stvarnim uslovima<\/strong> dok se istovremeno odgovara na <strong>konkretne geografske karakteristike i razli\u010dite uslove zemlji\u0161ta i klimatske uslove<\/strong>.<\/p>\n<p>Uspeh na\u0161eg pristupa zasniva se na dve glavne karakteristike:<\/p>\n<ul>\n<li>posmatranja u praksi u velikom broju razli\u010ditih situacija od strane agronoma koji razumeju potrebe poljoprivrednika,<\/li>\n<li>ogromna mre\u017ea eksperimenata kako bi se obezbedila profitabilnost projekta pod regionalnim uslovima.<\/li>\n<\/ul>\n\n            <div style=\"clear: both;\"><\/div>\n        <\/div>\n    <\/div>\n<\/section>\n\n\n<section class=\"cbo-featuredlinks featuredlinks--colorwhite\">\n\t<div class=\"featuredlinks-inner cbo-container \">\n\n\t\t\t\t\t<h2 class=\"cbo-title-2 featuredlinks-title\">\n\t\t\t\tRazumevanje nauke koja stoji iza kompanije Elicit Plant\t\t\t<\/h2>\n\t\t\n\t\t<div class=\"featuredlinks-list\" data-anim-group data-group-delay=\"100\">\n\t\t\t\n\t\t\t<div class=\"list-el\">\n\t\t\t\t<a class=\"el-inner\" href=\"https:\/\/www.elicit-plant.com\/rs\/nauka-i-tehnologija\/\">\n\n\t\t\t\t\t<figure class=\"inner-picture cbo-picture-cover\">\n\t\t\t\t\t\t<img decoding=\"async\" src=\"https:\/\/www.elicit-plant.com\/app\/uploads\/sites\/13\/2025\/04\/agronomical-scientist.jpg\" srcset=\"https:\/\/www.elicit-plant.com\/app\/uploads\/sites\/13\/2025\/04\/agronomical-scientist-320x320.jpg 320w, https:\/\/www.elicit-plant.com\/app\/uploads\/sites\/13\/2025\/04\/agronomical-scientist.jpg 840w, https:\/\/www.elicit-plant.com\/app\/uploads\/sites\/13\/2025\/04\/agronomical-scientist.jpg 1024w, https:\/\/www.elicit-plant.com\/app\/uploads\/sites\/13\/2025\/04\/agronomical-scientist.jpg 1400w\" class=\"\" alt=\"Agronomski nau\u010dnik koji prou\u010dava vodni stres\" width=\"402\" height=\"403\" sizes=\"auto, 100vw\" loading=\"lazy\" \/>\t\t\t\t\t<\/figure>\n\n\t\t\t\t\t<h3 class=\"inner-title cbo-title-3\">\n\t\t\t\t\t\tSaznajte vi\u0161e o fitosterolima\t\t\t\t\t<\/h3>\n\n\t\t\t\t\t<span class=\"inner-button cbo-buttonmore\">\n\t\t\t\t\t\t<i class=\"icon icon-cross\"><\/i>\n\t\t\t\t\t<\/span>\n\t\t\t\t<\/a>\n\t\t\t<\/div>\n\n\t\t\t\n\t\t\t<div class=\"list-el\">\n\t\t\t\t<a class=\"el-inner\" href=\"https:\/\/www.elicit-plant.com\/rs\/nauka-i-tehnologija\/istrazivacka-platforma-eliterra\/\">\n\n\t\t\t\t\t<figure class=\"inner-picture cbo-picture-cover\">\n\t\t\t\t\t\t<img decoding=\"async\" src=\"https:\/\/www.elicit-plant.com\/app\/uploads\/sites\/13\/2025\/04\/Phytosterols-multiples-768x768-1.jpg\" srcset=\"https:\/\/www.elicit-plant.com\/app\/uploads\/sites\/13\/2025\/04\/Phytosterols-multiples-768x768-1-320x320.jpg 320w, https:\/\/www.elicit-plant.com\/app\/uploads\/sites\/13\/2025\/04\/Phytosterols-multiples-768x768-1.jpg 840w, https:\/\/www.elicit-plant.com\/app\/uploads\/sites\/13\/2025\/04\/Phytosterols-multiples-768x768-1.jpg 1024w, https:\/\/www.elicit-plant.com\/app\/uploads\/sites\/13\/2025\/04\/Phytosterols-multiples-768x768-1.jpg 1400w\" class=\"\" alt=\"Fitosteroli\" width=\"768\" height=\"768\" sizes=\"auto, 100vw\" loading=\"lazy\" \/>\t\t\t\t\t<\/figure>\n\n\t\t\t\t\t<h3 class=\"inner-title cbo-title-3\">\n\t\t\t\t\t\tEliTerra, platforma za tehnologije istra\u017eivanja\t\t\t\t\t<\/h3>\n\n\t\t\t\t\t<span class=\"inner-button cbo-buttonmore\">\n\t\t\t\t\t\t<i class=\"icon icon-cross\"><\/i>\n\t\t\t\t\t<\/span>\n\t\t\t\t<\/a>\n\t\t\t<\/div>\n\n\t\t\t\t\t<\/div>\n\n\t<\/div>\n<\/section>\n","protected":false},"excerpt":{"rendered":"<p>Nau\u010dna partnerstva i potvrda rezultata Pionirski tim u oblasti istra\u017eivanja i razvoja nau\u010dnici iz oblasti biolo\u0161kih i hemijskih istra\u017eivanja, stru\u010dnjaci za agronomiju, laboratorije za biologiju biljaka i formulacije na preciznom poljoprivrednom imanju Oni su pioniri u kontroli fitosterola koji se primenjuju na useve na terenu kako bi se smanjio stres, a posebno nedostatak vode. Ubrzavanje istra\u017eiva\u010dkog rada Kontrola dobijenih rezultata Saradnja sa priznatim tehni\u010dkim i nau\u010dnim partnerima, uklju\u010duju\u0107i francuske javne istra\u017eiva\u010dke institute INRAE i CNRS Saradnja sa zadrugama, kao \u0161to je Oc\u00e9alia, i nezavisnim tehni\u010dkim institutima, kao \u0161to je Terres Inovia, radi potvrde efekata na\u0161ih prvih proizvoda Ova nau\u010dna partnerstva i saradnja sa nezavisnim institucijama su pro\u0161ireni na brojne me\u0111unarodne istra\u017eiva\u010dke institute i univerzitete. To nam je pomoglo da potvrdimo primenljivost re\u0161enja i postignute rezultate, kako u laboratoriji, tako i, \u0161to je najva\u017enije, na&#8230;<\/p>\n","protected":false},"author":6,"featured_media":33,"parent":154,"menu_order":0,"comment_status":"closed","ping_status":"closed","template":"","meta":{"_acf_changed":false,"footnotes":""},"class_list":["post-156","page","type-page","status-publish","has-post-thumbnail","hentry"],"acf":[],"yoast_head":"<!-- This site is optimized with the Yoast SEO plugin v27.3 - https:\/\/yoast.com\/product\/yoast-seo-wordpress\/ -->\n<title>Na\u0161i nau\u010dni partneri - Elicit Plant Srbija<\/title>\n<meta name=\"description\" content=\"Kompanija Elicit Plant i njeni timovi sprovode istra\u017eivanja u saradnji sa me\u0111unarodno priznatim tehni\u010dkim i nau\u010dnim partnerima.\" \/>\n<meta name=\"robots\" content=\"index, follow, max-snippet:-1, max-image-preview:large, max-video-preview:-1\" \/>\n<link rel=\"canonical\" href=\"https:\/\/www.elicit-plant.com\/rs\/nauka-i-tehnologija\/nasi-naucni-partneri\/\" \/>\n<meta property=\"og:locale\" content=\"sr_RS\" \/>\n<meta property=\"og:type\" content=\"article\" \/>\n<meta property=\"og:title\" content=\"Na\u0161i nau\u010dni partneri - Elicit Plant Srbija\" \/>\n<meta property=\"og:description\" content=\"Kompanija Elicit Plant i njeni timovi sprovode istra\u017eivanja u saradnji sa me\u0111unarodno priznatim tehni\u010dkim i nau\u010dnim partnerima.\" \/>\n<meta property=\"og:url\" content=\"https:\/\/www.elicit-plant.com\/rs\/nauka-i-tehnologija\/nasi-naucni-partneri\/\" \/>\n<meta property=\"og:site_name\" content=\"Elicit Plant Srbija\" \/>\n<meta property=\"article:modified_time\" content=\"2025-04-28T08:32:26+00:00\" \/>\n<meta property=\"og:image\" content=\"https:\/\/www.elicit-plant.com\/rs\/wp-content\/uploads\/sites\/13\/2025\/04\/partnership-between-farmers.jpg\" \/>\n\t<meta property=\"og:image:width\" content=\"624\" \/>\n\t<meta property=\"og:image:height\" content=\"400\" \/>\n\t<meta property=\"og:image:type\" content=\"image\/jpeg\" \/>\n<meta name=\"twitter:card\" content=\"summary_large_image\" \/>\n<meta name=\"twitter:label1\" content=\"\u041f\u0440\u043e\u0446\u0435\u045a\u0435\u043d\u043e \u0432\u0440\u0435\u043c\u0435 \u0447\u0438\u0442\u0430\u045a\u0430\" \/>\n\t<meta name=\"twitter:data1\" content=\"1 \u043c\u0438\u043d\u0443\u0442\" \/>\n<script type=\"application\/ld+json\" class=\"yoast-schema-graph\">{\"@context\":\"https:\\\/\\\/schema.org\",\"@graph\":[{\"@type\":\"WebPage\",\"@id\":\"https:\\\/\\\/www.elicit-plant.com\\\/rs\\\/nauka-i-tehnologija\\\/nasi-naucni-partneri\\\/\",\"url\":\"https:\\\/\\\/www.elicit-plant.com\\\/rs\\\/nauka-i-tehnologija\\\/nasi-naucni-partneri\\\/\",\"name\":\"Na\u0161i nau\u010dni partneri - Elicit Plant Srbija\",\"isPartOf\":{\"@id\":\"https:\\\/\\\/www.elicit-plant.com\\\/rs\\\/#website\"},\"primaryImageOfPage\":{\"@id\":\"https:\\\/\\\/www.elicit-plant.com\\\/rs\\\/nauka-i-tehnologija\\\/nasi-naucni-partneri\\\/#primaryimage\"},\"image\":{\"@id\":\"https:\\\/\\\/www.elicit-plant.com\\\/rs\\\/nauka-i-tehnologija\\\/nasi-naucni-partneri\\\/#primaryimage\"},\"thumbnailUrl\":\"https:\\\/\\\/www.elicit-plant.com\\\/app\\\/uploads\\\/sites\\\/13\\\/2025\\\/04\\\/partnership-between-farmers.jpg\",\"datePublished\":\"2025-04-16T13:52:33+00:00\",\"dateModified\":\"2025-04-28T08:32:26+00:00\",\"description\":\"Kompanija Elicit Plant i njeni timovi sprovode istra\u017eivanja u saradnji sa me\u0111unarodno priznatim tehni\u010dkim i nau\u010dnim partnerima.\",\"breadcrumb\":{\"@id\":\"https:\\\/\\\/www.elicit-plant.com\\\/rs\\\/nauka-i-tehnologija\\\/nasi-naucni-partneri\\\/#breadcrumb\"},\"inLanguage\":\"sr-RS\",\"potentialAction\":[{\"@type\":\"ReadAction\",\"target\":[\"https:\\\/\\\/www.elicit-plant.com\\\/rs\\\/nauka-i-tehnologija\\\/nasi-naucni-partneri\\\/\"]}]},{\"@type\":\"ImageObject\",\"inLanguage\":\"sr-RS\",\"@id\":\"https:\\\/\\\/www.elicit-plant.com\\\/rs\\\/nauka-i-tehnologija\\\/nasi-naucni-partneri\\\/#primaryimage\",\"url\":\"https:\\\/\\\/www.elicit-plant.com\\\/app\\\/uploads\\\/sites\\\/13\\\/2025\\\/04\\\/partnership-between-farmers.jpg\",\"contentUrl\":\"https:\\\/\\\/www.elicit-plant.com\\\/app\\\/uploads\\\/sites\\\/13\\\/2025\\\/04\\\/partnership-between-farmers.jpg\",\"width\":624,\"height\":400,\"caption\":\"Saradnja izme\u0111u dva poljoprivrednika\"},{\"@type\":\"BreadcrumbList\",\"@id\":\"https:\\\/\\\/www.elicit-plant.com\\\/rs\\\/nauka-i-tehnologija\\\/nasi-naucni-partneri\\\/#breadcrumb\",\"itemListElement\":[{\"@type\":\"ListItem\",\"position\":1,\"name\":\"Accueil\",\"item\":\"https:\\\/\\\/www.elicit-plant.com\\\/rs\\\/\"},{\"@type\":\"ListItem\",\"position\":2,\"name\":\"Nauka i tehnologija\",\"item\":\"https:\\\/\\\/www.elicit-plant.com\\\/rs\\\/nauka-i-tehnologija\\\/\"},{\"@type\":\"ListItem\",\"position\":3,\"name\":\"Na\u0161i nau\u010dni partneri\"}]},{\"@type\":\"WebSite\",\"@id\":\"https:\\\/\\\/www.elicit-plant.com\\\/rs\\\/#website\",\"url\":\"https:\\\/\\\/www.elicit-plant.com\\\/rs\\\/\",\"name\":\"Elicit Plant Srbija\",\"description\":\"\",\"potentialAction\":[{\"@type\":\"SearchAction\",\"target\":{\"@type\":\"EntryPoint\",\"urlTemplate\":\"https:\\\/\\\/www.elicit-plant.com\\\/rs\\\/?s={search_term_string}\"},\"query-input\":{\"@type\":\"PropertyValueSpecification\",\"valueRequired\":true,\"valueName\":\"search_term_string\"}}],\"inLanguage\":\"sr-RS\"}]}<\/script>\n<!-- \/ Yoast SEO plugin. -->","yoast_head_json":{"title":"Na\u0161i nau\u010dni partneri - Elicit Plant Srbija","description":"Kompanija Elicit Plant i njeni timovi sprovode istra\u017eivanja u saradnji sa me\u0111unarodno priznatim tehni\u010dkim i nau\u010dnim partnerima.","robots":{"index":"index","follow":"follow","max-snippet":"max-snippet:-1","max-image-preview":"max-image-preview:large","max-video-preview":"max-video-preview:-1"},"canonical":"https:\/\/www.elicit-plant.com\/rs\/nauka-i-tehnologija\/nasi-naucni-partneri\/","og_locale":"sr_RS","og_type":"article","og_title":"Na\u0161i nau\u010dni partneri - Elicit Plant Srbija","og_description":"Kompanija Elicit Plant i njeni timovi sprovode istra\u017eivanja u saradnji sa me\u0111unarodno priznatim tehni\u010dkim i nau\u010dnim partnerima.","og_url":"https:\/\/www.elicit-plant.com\/rs\/nauka-i-tehnologija\/nasi-naucni-partneri\/","og_site_name":"Elicit Plant Srbija","article_modified_time":"2025-04-28T08:32:26+00:00","og_image":[{"width":624,"height":400,"url":"https:\/\/www.elicit-plant.com\/rs\/wp-content\/uploads\/sites\/13\/2025\/04\/partnership-between-farmers.jpg","type":"image\/jpeg"}],"twitter_card":"summary_large_image","twitter_misc":{"\u041f\u0440\u043e\u0446\u0435\u045a\u0435\u043d\u043e \u0432\u0440\u0435\u043c\u0435 \u0447\u0438\u0442\u0430\u045a\u0430":"1 \u043c\u0438\u043d\u0443\u0442"},"schema":{"@context":"https:\/\/schema.org","@graph":[{"@type":"WebPage","@id":"https:\/\/www.elicit-plant.com\/rs\/nauka-i-tehnologija\/nasi-naucni-partneri\/","url":"https:\/\/www.elicit-plant.com\/rs\/nauka-i-tehnologija\/nasi-naucni-partneri\/","name":"Na\u0161i nau\u010dni partneri - Elicit Plant Srbija","isPartOf":{"@id":"https:\/\/www.elicit-plant.com\/rs\/#website"},"primaryImageOfPage":{"@id":"https:\/\/www.elicit-plant.com\/rs\/nauka-i-tehnologija\/nasi-naucni-partneri\/#primaryimage"},"image":{"@id":"https:\/\/www.elicit-plant.com\/rs\/nauka-i-tehnologija\/nasi-naucni-partneri\/#primaryimage"},"thumbnailUrl":"https:\/\/www.elicit-plant.com\/app\/uploads\/sites\/13\/2025\/04\/partnership-between-farmers.jpg","datePublished":"2025-04-16T13:52:33+00:00","dateModified":"2025-04-28T08:32:26+00:00","description":"Kompanija Elicit Plant i njeni timovi sprovode istra\u017eivanja u saradnji sa me\u0111unarodno priznatim tehni\u010dkim i nau\u010dnim partnerima.","breadcrumb":{"@id":"https:\/\/www.elicit-plant.com\/rs\/nauka-i-tehnologija\/nasi-naucni-partneri\/#breadcrumb"},"inLanguage":"sr-RS","potentialAction":[{"@type":"ReadAction","target":["https:\/\/www.elicit-plant.com\/rs\/nauka-i-tehnologija\/nasi-naucni-partneri\/"]}]},{"@type":"ImageObject","inLanguage":"sr-RS","@id":"https:\/\/www.elicit-plant.com\/rs\/nauka-i-tehnologija\/nasi-naucni-partneri\/#primaryimage","url":"https:\/\/www.elicit-plant.com\/app\/uploads\/sites\/13\/2025\/04\/partnership-between-farmers.jpg","contentUrl":"https:\/\/www.elicit-plant.com\/app\/uploads\/sites\/13\/2025\/04\/partnership-between-farmers.jpg","width":624,"height":400,"caption":"Saradnja izme\u0111u dva poljoprivrednika"},{"@type":"BreadcrumbList","@id":"https:\/\/www.elicit-plant.com\/rs\/nauka-i-tehnologija\/nasi-naucni-partneri\/#breadcrumb","itemListElement":[{"@type":"ListItem","position":1,"name":"Accueil","item":"https:\/\/www.elicit-plant.com\/rs\/"},{"@type":"ListItem","position":2,"name":"Nauka i tehnologija","item":"https:\/\/www.elicit-plant.com\/rs\/nauka-i-tehnologija\/"},{"@type":"ListItem","position":3,"name":"Na\u0161i nau\u010dni partneri"}]},{"@type":"WebSite","@id":"https:\/\/www.elicit-plant.com\/rs\/#website","url":"https:\/\/www.elicit-plant.com\/rs\/","name":"Elicit Plant Srbija","description":"","potentialAction":[{"@type":"SearchAction","target":{"@type":"EntryPoint","urlTemplate":"https:\/\/www.elicit-plant.com\/rs\/?s={search_term_string}"},"query-input":{"@type":"PropertyValueSpecification","valueRequired":true,"valueName":"search_term_string"}}],"inLanguage":"sr-RS"}]}},"_links":{"self":[{"href":"https:\/\/www.elicit-plant.com\/rs\/wp-json\/wp\/v2\/pages\/156","targetHints":{"allow":["GET"]}}],"collection":[{"href":"https:\/\/www.elicit-plant.com\/rs\/wp-json\/wp\/v2\/pages"}],"about":[{"href":"https:\/\/www.elicit-plant.com\/rs\/wp-json\/wp\/v2\/types\/page"}],"author":[{"embeddable":true,"href":"https:\/\/www.elicit-plant.com\/rs\/wp-json\/wp\/v2\/users\/6"}],"replies":[{"embeddable":true,"href":"https:\/\/www.elicit-plant.com\/rs\/wp-json\/wp\/v2\/comments?post=156"}],"version-history":[{"count":5,"href":"https:\/\/www.elicit-plant.com\/rs\/wp-json\/wp\/v2\/pages\/156\/revisions"}],"predecessor-version":[{"id":320,"href":"https:\/\/www.elicit-plant.com\/rs\/wp-json\/wp\/v2\/pages\/156\/revisions\/320"}],"up":[{"embeddable":true,"href":"https:\/\/www.elicit-plant.com\/rs\/wp-json\/wp\/v2\/pages\/154"}],"wp:featuredmedia":[{"embeddable":true,"href":"https:\/\/www.elicit-plant.com\/rs\/wp-json\/wp\/v2\/media\/33"}],"wp:attachment":[{"href":"https:\/\/www.elicit-plant.com\/rs\/wp-json\/wp\/v2\/media?parent=156"}],"curies":[{"name":"wp","href":"https:\/\/api.w.org\/{rel}","templated":true}]}}