{"id":158,"date":"2025-04-16T15:53:29","date_gmt":"2025-04-16T13:53:29","guid":{"rendered":"https:\/\/www.elicit-plant.com\/rs\/?page_id=158"},"modified":"2025-04-28T10:31:47","modified_gmt":"2025-04-28T08:31:47","slug":"istrazivacka-platforma-eliterra","status":"publish","type":"page","link":"https:\/\/www.elicit-plant.com\/rs\/nauka-i-tehnologija\/istrazivacka-platforma-eliterra\/","title":{"rendered":"Istra\u017eiva\u010dka platforma EliTerra\u00ae"},"content":{"rendered":"<section class=\"cbo-hero cbo-margin-container hero--colorgreen\" data-anim-group>\n\t<div class=\"cbo-breadcrumbs breadcrumbs--normal\">\n  <div class=\"breadcrumbs-inner\">\n    <span><span><a href=\"https:\/\/www.elicit-plant.com\/rs\/\">Accueil<\/a><\/span><\/span>\t<\/div>\n<\/div>\n\t<div class=\"hero-inner cbo-container container--padding\">\n\n\t\t<div class=\"hero-shapes\">\n\t\t\t<div class=\"shapes-color scale-up\"><\/div>\n\n\t\t\t<div class=\"shapes-picture cbo-picture-cover scale-up\"  data-delay=\"450\">\n\t\t\t\t\t\t\t<\/div>\n\t\t<\/div>\n\n\t\t<div class=\"hero-content cbo-cms cms--large cms--white\">\n\t\t\t<div class=\"content-text\">\n\t\t\t\t<h1 class=\"hero-title cbo-heading slide-down\">\n\t\t\t\t\tIstra\u017eiva\u010dka platforma EliTerra\u00ae\t\t\t\t<\/h1>\n\n\t\t\t\t\t\t\t<\/div>\n\t\t<\/div>\n\n\t<\/div>\n<\/section>\n\n<section class=\"cbo-text cbo-margin-container\">\n    <div class=\"\n        text-inner\n                cbo-container\n        container--small        \"\n    >\n        <div class=\"text-content cbo-cms cms--large\">\n            <p><img loading=\"lazy\" decoding=\"async\" class=\"alignnone\" src=\"https:\/\/www.elicit-plant.com\/wp-content\/uploads\/2024\/02\/EliTerra-Logo-transparent.png\" alt=\"EliTerra Logo\" width=\"609\" height=\"149\" \/><\/p>\n<h2><strong>EliTerra, tehnolo\u0161ka platforma kompanije Elicit Plant<\/strong><\/h2>\n\n            <div style=\"clear: both;\"><\/div>\n        <\/div>\n    <\/div>\n<\/section>\n\n\n<section class=\"cbo-picture picture--contained\">\n\t<div class=\"picture-inner cbo-container container--small\">\n\t\t<div class=\"picture-element cbo-picture-cover\">\n\t\t\t<img decoding=\"async\" src=\"https:\/\/www.elicit-plant.com\/app\/uploads\/sites\/13\/2025\/04\/Eliterra-Platform-Serbian-1024x566.jpg\" srcset=\"https:\/\/www.elicit-plant.com\/app\/uploads\/sites\/13\/2025\/04\/Eliterra-Platform-Serbian-320x177.jpg 320w, https:\/\/www.elicit-plant.com\/app\/uploads\/sites\/13\/2025\/04\/Eliterra-Platform-Serbian-768x424.jpg 840w, https:\/\/www.elicit-plant.com\/app\/uploads\/sites\/13\/2025\/04\/Eliterra-Platform-Serbian-1024x566.jpg 1024w, https:\/\/www.elicit-plant.com\/app\/uploads\/sites\/13\/2025\/04\/Eliterra-Platform-Serbian-1400x774.jpg 1400w\" class=\"\" alt=\"Eliterra Platforma\" width=\"1024\" height=\"566\" sizes=\"auto, 100vw\" loading=\"lazy\" \/>\t\t<\/div>\n\n\t\t\t<\/div>\n<\/section>\n\n<section class=\"cbo-textpicture textpicture--reverse\">\n    <div class=\"textpicture-inner cbo-container container--small\">\n\n        <div class=\"textpicture-picture\">\n            <div class=\"picture-inner cbo-picture-cover\">\n                <img decoding=\"async\" src=\"https:\/\/www.elicit-plant.com\/app\/uploads\/sites\/13\/2025\/04\/Leaf-stomates-close-up-320x320.jpg\" srcset=\"https:\/\/www.elicit-plant.com\/app\/uploads\/sites\/13\/2025\/04\/Leaf-stomates-close-up-320x320.jpg 320w, https:\/\/www.elicit-plant.com\/app\/uploads\/sites\/13\/2025\/04\/Leaf-stomates-close-up.jpg 768w, https:\/\/www.elicit-plant.com\/app\/uploads\/sites\/13\/2025\/04\/Leaf-stomates-close-up.jpg 1024w\" class=\"\" alt=\"Makro fotografija stoma na listu\" width=\"320\" height=\"320\" sizes=\"auto, 100vw\" loading=\"lazy\" \/>            <\/div>\n        <\/div>\n\n        <div class=\"textpicture-content cbo-cms cms--large\">\n                            <picture class=\"content-icon cbo-picture-contain\">\n                    <img decoding=\"async\" src=\"https:\/\/www.elicit-plant.com\/app\/uploads\/sites\/13\/2025\/04\/icon-reasurance.svg\"  class=\"\" alt=\"\" width=\"1\" height=\"1\" sizes=\"auto, 100vw\" loading=\"lazy\" \/>                <\/picture>\n            \n            \n            <p class=\"cbo-chapo\">Zna\u010dajan istra\u017eiva\u010dki potencijal<\/p>\n<ul>\n<li>Postoji mnogo fitosterola, a svaka biljna vrsta koristi razli\u010dite kombinacije kao odgovor na stres.<\/li>\n<li>Na\u0161i istra\u017eiva\u010di biraju i razvijaju najefikasniju formulaciju u zavisnosti od potrebnog re\u0161enja i \u017eeljenih rezultata na poljima poljoprivrednika.<\/li>\n<\/ul>\n        <\/div>\n\n    <\/div>\n<\/section>\n\n\n<section class=\"cbo-quote\">\n    <div class=\"quote-inner cbo-container container--small\">\n\n        <div class=\"quote-infos\">\n            <i class=\"icon icon-quote\"><\/i>\n\n                            BENOIT POINSSOT, PROFESOR-ISTRA\u017dIVA\u010c NA ISTRA\u017dIVA\u010cKOM ODELJENJU UMR AGRO\u00c9COLOGIE (NACIONALNI ISTRA\u017dIVA\u010cKI INSTITUTT ZA POLJOPRIVREDU, HRANU I \u017dIVOTNU SREDINU &#8211; INRAE, UNIVERZITET U BURGUNDIJI, INSTITUT AGRO DIJON)                    <\/div>\n       \n        <div class=\"quote-content cbo-title-3\">\n\t\t\tNe postoji jedan, ve\u0107 mnogo fitosterola. U prirodi ih ima vi\u0161e od 200, a svaki je specifi\u010dan za odre\u0111enu vrstu stresa i biljnu vrstu. Fitosteroli nikako nisu univerzalno generi\u010dko re\u0161enje. Njihova efikasnost na usevima zavisi ne samo od njihove raznolikosti, ve\u0107 i od na\u010dina na koji se kombinuju, kao i od same formulacije. Zato platforma EliTerra\u00ae nudi ogroman potencijal za razvoj proizvoda.\t\t<\/div>\n    <\/div>\n<\/section>\n\n<section class=\"cbo-text cbo-margin-container\">\n    <div class=\"\n        text-inner\n                cbo-container\n        container--small        \"\n    >\n        <div class=\"text-content cbo-cms cms--large\">\n            <p>Koriste\u0107i tehnologije analize metaboloma, transkriptoma i fenotipske analize, kompanija Elicit Plant sprovodi istra\u017eivanja kako bi selektovala prirodne aktivne sastojke usmerene na stresne faktore iz okru\u017eenja.<\/p>\n<p>U laboratorijama i komorama za uzgoj kompanije Elicit Plant, nau\u010dnici i agronomi rade zajedno <strong>na ispitivanju razli\u010ditih razmera fitosterola<\/strong>, kako bi razumeli na\u010din delovanja aktivnih sastojaka i identifikovali fizi\u010dke i biolo\u0161ke procese na koje deluju supstance na bazi fitosterola.<\/p>\n<p><strong>Tehnolo\u0161ka platforma EliTerra\u00ae<\/strong> je rezultat ovog istra\u017eivanja <strong>fitosterola i njihove uloge u otpornosti na stres kod ratarskih kultura<\/strong> (kukuruz, p\u0161enica, je\u010dam, suncokret, soja itd).<\/p>\n\n            <div style=\"clear: both;\"><\/div>\n        <\/div>\n    <\/div>\n<\/section>\n\n\n<section class=\"cbo-textpicture textpicture--normal\">\n    <div class=\"textpicture-inner cbo-container container--small\">\n\n        <div class=\"textpicture-picture\">\n            <div class=\"picture-inner cbo-picture-cover\">\n                <img decoding=\"async\" src=\"https:\/\/www.elicit-plant.com\/app\/uploads\/sites\/13\/2025\/04\/Phytosterols-multiples-768x768-1-320x320.jpg\" srcset=\"https:\/\/www.elicit-plant.com\/app\/uploads\/sites\/13\/2025\/04\/Phytosterols-multiples-768x768-1-320x320.jpg 320w, https:\/\/www.elicit-plant.com\/app\/uploads\/sites\/13\/2025\/04\/Phytosterols-multiples-768x768-1.jpg 768w, https:\/\/www.elicit-plant.com\/app\/uploads\/sites\/13\/2025\/04\/Phytosterols-multiples-768x768-1.jpg 1024w\" class=\"\" alt=\"Fitosteroli\" width=\"320\" height=\"320\" sizes=\"auto, 100vw\" loading=\"lazy\" \/>            <\/div>\n        <\/div>\n\n        <div class=\"textpicture-content cbo-cms cms--large\">\n            \n            \n            <ul>\n<li>Proces istra\u017eivanja i kontrole, koji sprovode laboratorije kompanije Elicit Plant i njeni nau\u010dni partneri, omogu\u0107io je identifikaciju novih formulacija sastavljenih od razli\u010ditih fitosterola koji ciljano i efikasno uti\u010du na posledice klimatskih promena na nekoliko poljoprivrednih kultura.<\/li>\n<li>Potencijal za razvoj novih proizvoda prilago\u0111enih konkretnom stresu i biljnim vrstama kroz tehnolo\u0161ku platformu EliTerra\u00ae je ogroman. Ova strategija razvoja proizvoda omogu\u0107i\u0107e nam da uti\u010demo na \u0161irok spektar useva na svim kontinentima.<\/li>\n<\/ul>\n        <\/div>\n\n    <\/div>\n<\/section>\n\n<section class=\"cbo-featuredlinks featuredlinks--colorwhite\">\n\t<div class=\"featuredlinks-inner cbo-container \">\n\n\t\t\t\t\t<h2 class=\"cbo-title-2 featuredlinks-title\">\n\t\t\t\tSaznajte vi\u0161e o na\u0161im istra\u017eivanjima\t\t\t<\/h2>\n\t\t\n\t\t<div class=\"featuredlinks-list\" data-anim-group data-group-delay=\"100\">\n\t\t\t\n\t\t\t<div class=\"list-el\">\n\t\t\t\t<a class=\"el-inner\" href=\"https:\/\/www.elicit-plant.com\/rs\/nauka-i-tehnologija\/\">\n\n\t\t\t\t\t<figure class=\"inner-picture cbo-picture-cover\">\n\t\t\t\t\t\t<img decoding=\"async\" src=\"https:\/\/www.elicit-plant.com\/app\/uploads\/sites\/13\/2025\/04\/agronomical-scientist.jpg\" srcset=\"https:\/\/www.elicit-plant.com\/app\/uploads\/sites\/13\/2025\/04\/agronomical-scientist-320x320.jpg 320w, https:\/\/www.elicit-plant.com\/app\/uploads\/sites\/13\/2025\/04\/agronomical-scientist.jpg 840w, https:\/\/www.elicit-plant.com\/app\/uploads\/sites\/13\/2025\/04\/agronomical-scientist.jpg 1024w, https:\/\/www.elicit-plant.com\/app\/uploads\/sites\/13\/2025\/04\/agronomical-scientist.jpg 1400w\" class=\"\" alt=\"Agronomski nau\u010dnik koji prou\u010dava vodni stres\" width=\"402\" height=\"403\" sizes=\"auto, 100vw\" loading=\"lazy\" \/>\t\t\t\t\t<\/figure>\n\n\t\t\t\t\t<h3 class=\"inner-title cbo-title-3\">\n\t\t\t\t\t\tSaznajte vi\u0161e o fitosterolima\t\t\t\t\t<\/h3>\n\n\t\t\t\t\t<span class=\"inner-button cbo-buttonmore\">\n\t\t\t\t\t\t<i class=\"icon icon-cross\"><\/i>\n\t\t\t\t\t<\/span>\n\t\t\t\t<\/a>\n\t\t\t<\/div>\n\n\t\t\t\n\t\t\t<div class=\"list-el\">\n\t\t\t\t<a class=\"el-inner\" href=\"https:\/\/www.elicit-plant.com\/rs\/nauka-i-tehnologija\/nasi-naucni-partneri\/\">\n\n\t\t\t\t\t<figure class=\"inner-picture cbo-picture-cover\">\n\t\t\t\t\t\t<img decoding=\"async\" src=\"https:\/\/www.elicit-plant.com\/app\/uploads\/sites\/13\/2025\/04\/img-distributeurs-bloc-2-1.jpg\" srcset=\"https:\/\/www.elicit-plant.com\/app\/uploads\/sites\/13\/2025\/04\/img-distributeurs-bloc-2-1-320x205.jpg 320w, https:\/\/www.elicit-plant.com\/app\/uploads\/sites\/13\/2025\/04\/img-distributeurs-bloc-2-1.jpg 840w, https:\/\/www.elicit-plant.com\/app\/uploads\/sites\/13\/2025\/04\/img-distributeurs-bloc-2-1.jpg 1024w, https:\/\/www.elicit-plant.com\/app\/uploads\/sites\/13\/2025\/04\/img-distributeurs-bloc-2-1.jpg 1400w\" class=\"\" alt=\"Saradnja izme\u0111u dva poljoprivrednika\" width=\"624\" height=\"400\" sizes=\"auto, 100vw\" loading=\"lazy\" \/>\t\t\t\t\t<\/figure>\n\n\t\t\t\t\t<h3 class=\"inner-title cbo-title-3\">\n\t\t\t\t\t\tNa\u0161a nau\u010dna partnerstva\t\t\t\t\t<\/h3>\n\n\t\t\t\t\t<span class=\"inner-button cbo-buttonmore\">\n\t\t\t\t\t\t<i class=\"icon icon-cross\"><\/i>\n\t\t\t\t\t<\/span>\n\t\t\t\t<\/a>\n\t\t\t<\/div>\n\n\t\t\t\t\t<\/div>\n\n\t<\/div>\n<\/section>\n","protected":false},"excerpt":{"rendered":"<p>EliTerra, tehnolo\u0161ka platforma kompanije Elicit Plant Zna\u010dajan istra\u017eiva\u010dki potencijal Postoji mnogo fitosterola, a svaka biljna vrsta koristi razli\u010dite kombinacije kao odgovor na stres. Na\u0161i istra\u017eiva\u010di biraju i razvijaju najefikasniju formulaciju u zavisnosti od potrebnog re\u0161enja i \u017eeljenih rezultata na poljima poljoprivrednika. Koriste\u0107i tehnologije analize metaboloma, transkriptoma i fenotipske analize, kompanija Elicit Plant sprovodi istra\u017eivanja kako bi selektovala prirodne aktivne sastojke usmerene na stresne faktore iz okru\u017eenja. U laboratorijama i komorama za uzgoj kompanije Elicit Plant, nau\u010dnici i agronomi rade zajedno na ispitivanju razli\u010ditih razmera fitosterola, kako bi razumeli na\u010din delovanja aktivnih sastojaka i identifikovali fizi\u010dke i biolo\u0161ke procese na koje deluju supstance na bazi fitosterola. Tehnolo\u0161ka platforma EliTerra\u00ae je rezultat ovog istra\u017eivanja fitosterola i njihove uloge u otpornosti na stres kod ratarskih kultura (kukuruz,&#8230;<\/p>\n","protected":false},"author":6,"featured_media":260,"parent":154,"menu_order":0,"comment_status":"closed","ping_status":"closed","template":"","meta":{"_acf_changed":false,"footnotes":""},"class_list":["post-158","page","type-page","status-publish","has-post-thumbnail","hentry"],"acf":[],"yoast_head":"<!-- This site is optimized with the Yoast SEO plugin v27.3 - https:\/\/yoast.com\/product\/yoast-seo-wordpress\/ -->\n<title>Istra\u017eiva\u010dka platforma EliTerra\u00ae - Elicit Plant Srbija<\/title>\n<meta name=\"description\" content=\"Otkrijte platformu EliTerra\u00ae, koja je rezultat istra\u017eivanja fitosterola i njihove uloge u otpornosti ratarskih kultura na stres (kukuruz, p\u0161enica, je\u010dam, suncokret, soja, itd).\" \/>\n<meta name=\"robots\" content=\"index, follow, max-snippet:-1, max-image-preview:large, max-video-preview:-1\" \/>\n<link rel=\"canonical\" href=\"https:\/\/www.elicit-plant.com\/rs\/nauka-i-tehnologija\/istrazivacka-platforma-eliterra\/\" \/>\n<meta property=\"og:locale\" content=\"sr_RS\" \/>\n<meta property=\"og:type\" content=\"article\" \/>\n<meta property=\"og:title\" content=\"Istra\u017eiva\u010dka platforma EliTerra\u00ae - Elicit Plant Srbija\" \/>\n<meta property=\"og:description\" content=\"Otkrijte platformu EliTerra\u00ae, koja je rezultat istra\u017eivanja fitosterola i njihove uloge u otpornosti ratarskih kultura na stres (kukuruz, p\u0161enica, je\u010dam, suncokret, soja, itd).\" \/>\n<meta property=\"og:url\" content=\"https:\/\/www.elicit-plant.com\/rs\/nauka-i-tehnologija\/istrazivacka-platforma-eliterra\/\" \/>\n<meta property=\"og:site_name\" content=\"Elicit Plant Srbija\" \/>\n<meta property=\"article:modified_time\" content=\"2025-04-28T08:31:47+00:00\" \/>\n<meta property=\"og:image\" content=\"https:\/\/www.elicit-plant.com\/rs\/wp-content\/uploads\/sites\/13\/2025\/04\/Eliterra-Platform-Serbian.jpg\" \/>\n\t<meta property=\"og:image:width\" content=\"1500\" \/>\n\t<meta property=\"og:image:height\" content=\"829\" \/>\n\t<meta property=\"og:image:type\" content=\"image\/jpeg\" \/>\n<meta name=\"twitter:card\" content=\"summary_large_image\" \/>\n<meta name=\"twitter:label1\" content=\"\u041f\u0440\u043e\u0446\u0435\u045a\u0435\u043d\u043e \u0432\u0440\u0435\u043c\u0435 \u0447\u0438\u0442\u0430\u045a\u0430\" \/>\n\t<meta name=\"twitter:data1\" content=\"1 \u043c\u0438\u043d\u0443\u0442\" \/>\n<script type=\"application\/ld+json\" class=\"yoast-schema-graph\">{\"@context\":\"https:\\\/\\\/schema.org\",\"@graph\":[{\"@type\":\"WebPage\",\"@id\":\"https:\\\/\\\/www.elicit-plant.com\\\/rs\\\/nauka-i-tehnologija\\\/istrazivacka-platforma-eliterra\\\/\",\"url\":\"https:\\\/\\\/www.elicit-plant.com\\\/rs\\\/nauka-i-tehnologija\\\/istrazivacka-platforma-eliterra\\\/\",\"name\":\"Istra\u017eiva\u010dka platforma EliTerra\u00ae - Elicit Plant Srbija\",\"isPartOf\":{\"@id\":\"https:\\\/\\\/www.elicit-plant.com\\\/rs\\\/#website\"},\"primaryImageOfPage\":{\"@id\":\"https:\\\/\\\/www.elicit-plant.com\\\/rs\\\/nauka-i-tehnologija\\\/istrazivacka-platforma-eliterra\\\/#primaryimage\"},\"image\":{\"@id\":\"https:\\\/\\\/www.elicit-plant.com\\\/rs\\\/nauka-i-tehnologija\\\/istrazivacka-platforma-eliterra\\\/#primaryimage\"},\"thumbnailUrl\":\"https:\\\/\\\/www.elicit-plant.com\\\/app\\\/uploads\\\/sites\\\/13\\\/2025\\\/04\\\/Eliterra-Platform-Serbian.jpg\",\"datePublished\":\"2025-04-16T13:53:29+00:00\",\"dateModified\":\"2025-04-28T08:31:47+00:00\",\"description\":\"Otkrijte platformu EliTerra\u00ae, koja je rezultat istra\u017eivanja fitosterola i njihove uloge u otpornosti ratarskih kultura na stres (kukuruz, p\u0161enica, je\u010dam, suncokret, soja, itd).\",\"breadcrumb\":{\"@id\":\"https:\\\/\\\/www.elicit-plant.com\\\/rs\\\/nauka-i-tehnologija\\\/istrazivacka-platforma-eliterra\\\/#breadcrumb\"},\"inLanguage\":\"sr-RS\",\"potentialAction\":[{\"@type\":\"ReadAction\",\"target\":[\"https:\\\/\\\/www.elicit-plant.com\\\/rs\\\/nauka-i-tehnologija\\\/istrazivacka-platforma-eliterra\\\/\"]}]},{\"@type\":\"ImageObject\",\"inLanguage\":\"sr-RS\",\"@id\":\"https:\\\/\\\/www.elicit-plant.com\\\/rs\\\/nauka-i-tehnologija\\\/istrazivacka-platforma-eliterra\\\/#primaryimage\",\"url\":\"https:\\\/\\\/www.elicit-plant.com\\\/app\\\/uploads\\\/sites\\\/13\\\/2025\\\/04\\\/Eliterra-Platform-Serbian.jpg\",\"contentUrl\":\"https:\\\/\\\/www.elicit-plant.com\\\/app\\\/uploads\\\/sites\\\/13\\\/2025\\\/04\\\/Eliterra-Platform-Serbian.jpg\",\"width\":1500,\"height\":829,\"caption\":\"Eliterra Platforma\"},{\"@type\":\"BreadcrumbList\",\"@id\":\"https:\\\/\\\/www.elicit-plant.com\\\/rs\\\/nauka-i-tehnologija\\\/istrazivacka-platforma-eliterra\\\/#breadcrumb\",\"itemListElement\":[{\"@type\":\"ListItem\",\"position\":1,\"name\":\"Accueil\",\"item\":\"https:\\\/\\\/www.elicit-plant.com\\\/rs\\\/\"},{\"@type\":\"ListItem\",\"position\":2,\"name\":\"Nauka i tehnologija\",\"item\":\"https:\\\/\\\/www.elicit-plant.com\\\/rs\\\/nauka-i-tehnologija\\\/\"},{\"@type\":\"ListItem\",\"position\":3,\"name\":\"Istra\u017eiva\u010dka platforma EliTerra\u00ae\"}]},{\"@type\":\"WebSite\",\"@id\":\"https:\\\/\\\/www.elicit-plant.com\\\/rs\\\/#website\",\"url\":\"https:\\\/\\\/www.elicit-plant.com\\\/rs\\\/\",\"name\":\"Elicit Plant Srbija\",\"description\":\"\",\"potentialAction\":[{\"@type\":\"SearchAction\",\"target\":{\"@type\":\"EntryPoint\",\"urlTemplate\":\"https:\\\/\\\/www.elicit-plant.com\\\/rs\\\/?s={search_term_string}\"},\"query-input\":{\"@type\":\"PropertyValueSpecification\",\"valueRequired\":true,\"valueName\":\"search_term_string\"}}],\"inLanguage\":\"sr-RS\"}]}<\/script>\n<!-- \/ Yoast SEO plugin. -->","yoast_head_json":{"title":"Istra\u017eiva\u010dka platforma EliTerra\u00ae - Elicit Plant Srbija","description":"Otkrijte platformu EliTerra\u00ae, koja je rezultat istra\u017eivanja fitosterola i njihove uloge u otpornosti ratarskih kultura na stres (kukuruz, p\u0161enica, je\u010dam, suncokret, soja, itd).","robots":{"index":"index","follow":"follow","max-snippet":"max-snippet:-1","max-image-preview":"max-image-preview:large","max-video-preview":"max-video-preview:-1"},"canonical":"https:\/\/www.elicit-plant.com\/rs\/nauka-i-tehnologija\/istrazivacka-platforma-eliterra\/","og_locale":"sr_RS","og_type":"article","og_title":"Istra\u017eiva\u010dka platforma EliTerra\u00ae - Elicit Plant Srbija","og_description":"Otkrijte platformu EliTerra\u00ae, koja je rezultat istra\u017eivanja fitosterola i njihove uloge u otpornosti ratarskih kultura na stres (kukuruz, p\u0161enica, je\u010dam, suncokret, soja, itd).","og_url":"https:\/\/www.elicit-plant.com\/rs\/nauka-i-tehnologija\/istrazivacka-platforma-eliterra\/","og_site_name":"Elicit Plant Srbija","article_modified_time":"2025-04-28T08:31:47+00:00","og_image":[{"width":1500,"height":829,"url":"https:\/\/www.elicit-plant.com\/rs\/wp-content\/uploads\/sites\/13\/2025\/04\/Eliterra-Platform-Serbian.jpg","type":"image\/jpeg"}],"twitter_card":"summary_large_image","twitter_misc":{"\u041f\u0440\u043e\u0446\u0435\u045a\u0435\u043d\u043e \u0432\u0440\u0435\u043c\u0435 \u0447\u0438\u0442\u0430\u045a\u0430":"1 \u043c\u0438\u043d\u0443\u0442"},"schema":{"@context":"https:\/\/schema.org","@graph":[{"@type":"WebPage","@id":"https:\/\/www.elicit-plant.com\/rs\/nauka-i-tehnologija\/istrazivacka-platforma-eliterra\/","url":"https:\/\/www.elicit-plant.com\/rs\/nauka-i-tehnologija\/istrazivacka-platforma-eliterra\/","name":"Istra\u017eiva\u010dka platforma EliTerra\u00ae - Elicit Plant Srbija","isPartOf":{"@id":"https:\/\/www.elicit-plant.com\/rs\/#website"},"primaryImageOfPage":{"@id":"https:\/\/www.elicit-plant.com\/rs\/nauka-i-tehnologija\/istrazivacka-platforma-eliterra\/#primaryimage"},"image":{"@id":"https:\/\/www.elicit-plant.com\/rs\/nauka-i-tehnologija\/istrazivacka-platforma-eliterra\/#primaryimage"},"thumbnailUrl":"https:\/\/www.elicit-plant.com\/app\/uploads\/sites\/13\/2025\/04\/Eliterra-Platform-Serbian.jpg","datePublished":"2025-04-16T13:53:29+00:00","dateModified":"2025-04-28T08:31:47+00:00","description":"Otkrijte platformu EliTerra\u00ae, koja je rezultat istra\u017eivanja fitosterola i njihove uloge u otpornosti ratarskih kultura na stres (kukuruz, p\u0161enica, je\u010dam, suncokret, soja, itd).","breadcrumb":{"@id":"https:\/\/www.elicit-plant.com\/rs\/nauka-i-tehnologija\/istrazivacka-platforma-eliterra\/#breadcrumb"},"inLanguage":"sr-RS","potentialAction":[{"@type":"ReadAction","target":["https:\/\/www.elicit-plant.com\/rs\/nauka-i-tehnologija\/istrazivacka-platforma-eliterra\/"]}]},{"@type":"ImageObject","inLanguage":"sr-RS","@id":"https:\/\/www.elicit-plant.com\/rs\/nauka-i-tehnologija\/istrazivacka-platforma-eliterra\/#primaryimage","url":"https:\/\/www.elicit-plant.com\/app\/uploads\/sites\/13\/2025\/04\/Eliterra-Platform-Serbian.jpg","contentUrl":"https:\/\/www.elicit-plant.com\/app\/uploads\/sites\/13\/2025\/04\/Eliterra-Platform-Serbian.jpg","width":1500,"height":829,"caption":"Eliterra Platforma"},{"@type":"BreadcrumbList","@id":"https:\/\/www.elicit-plant.com\/rs\/nauka-i-tehnologija\/istrazivacka-platforma-eliterra\/#breadcrumb","itemListElement":[{"@type":"ListItem","position":1,"name":"Accueil","item":"https:\/\/www.elicit-plant.com\/rs\/"},{"@type":"ListItem","position":2,"name":"Nauka i tehnologija","item":"https:\/\/www.elicit-plant.com\/rs\/nauka-i-tehnologija\/"},{"@type":"ListItem","position":3,"name":"Istra\u017eiva\u010dka platforma EliTerra\u00ae"}]},{"@type":"WebSite","@id":"https:\/\/www.elicit-plant.com\/rs\/#website","url":"https:\/\/www.elicit-plant.com\/rs\/","name":"Elicit Plant Srbija","description":"","potentialAction":[{"@type":"SearchAction","target":{"@type":"EntryPoint","urlTemplate":"https:\/\/www.elicit-plant.com\/rs\/?s={search_term_string}"},"query-input":{"@type":"PropertyValueSpecification","valueRequired":true,"valueName":"search_term_string"}}],"inLanguage":"sr-RS"}]}},"_links":{"self":[{"href":"https:\/\/www.elicit-plant.com\/rs\/wp-json\/wp\/v2\/pages\/158","targetHints":{"allow":["GET"]}}],"collection":[{"href":"https:\/\/www.elicit-plant.com\/rs\/wp-json\/wp\/v2\/pages"}],"about":[{"href":"https:\/\/www.elicit-plant.com\/rs\/wp-json\/wp\/v2\/types\/page"}],"author":[{"embeddable":true,"href":"https:\/\/www.elicit-plant.com\/rs\/wp-json\/wp\/v2\/users\/6"}],"replies":[{"embeddable":true,"href":"https:\/\/www.elicit-plant.com\/rs\/wp-json\/wp\/v2\/comments?post=158"}],"version-history":[{"count":4,"href":"https:\/\/www.elicit-plant.com\/rs\/wp-json\/wp\/v2\/pages\/158\/revisions"}],"predecessor-version":[{"id":319,"href":"https:\/\/www.elicit-plant.com\/rs\/wp-json\/wp\/v2\/pages\/158\/revisions\/319"}],"up":[{"embeddable":true,"href":"https:\/\/www.elicit-plant.com\/rs\/wp-json\/wp\/v2\/pages\/154"}],"wp:featuredmedia":[{"embeddable":true,"href":"https:\/\/www.elicit-plant.com\/rs\/wp-json\/wp\/v2\/media\/260"}],"wp:attachment":[{"href":"https:\/\/www.elicit-plant.com\/rs\/wp-json\/wp\/v2\/media?parent=158"}],"curies":[{"name":"wp","href":"https:\/\/api.w.org\/{rel}","templated":true}]}}