{"id":160,"date":"2025-04-16T15:55:13","date_gmt":"2025-04-16T13:55:13","guid":{"rendered":"https:\/\/www.elicit-plant.com\/rs\/?page_id=160"},"modified":"2025-04-28T09:35:00","modified_gmt":"2025-04-28T07:35:00","slug":"kultura-i-vrednosti","status":"publish","type":"page","link":"https:\/\/www.elicit-plant.com\/rs\/kultura-i-vrednosti\/","title":{"rendered":"Kultura i vrednosti"},"content":{"rendered":"<section class=\"cbo-hero cbo-margin-container hero--colorgreen\" data-anim-group>\n\t<div class=\"cbo-breadcrumbs breadcrumbs--normal\">\n  <div class=\"breadcrumbs-inner\">\n    <span><span><a href=\"https:\/\/www.elicit-plant.com\/rs\/\">Accueil<\/a><\/span><\/span>\t<\/div>\n<\/div>\n\t<div class=\"hero-inner cbo-container container--padding\">\n\n\t\t<div class=\"hero-shapes\">\n\t\t\t<div class=\"shapes-color scale-up\"><\/div>\n\n\t\t\t<div class=\"shapes-picture cbo-picture-cover scale-up\"  data-delay=\"450\">\n\t\t\t\t<img decoding=\"async\" src=\"https:\/\/www.elicit-plant.com\/app\/uploads\/sites\/13\/2025\/04\/Scientist-320x320.jpg\" srcset=\"https:\/\/www.elicit-plant.com\/app\/uploads\/sites\/13\/2025\/04\/Scientist-320x320.jpg 320w, https:\/\/www.elicit-plant.com\/app\/uploads\/sites\/13\/2025\/04\/Scientist.jpg 768w\" class=\"\" alt=\"\" width=\"320\" height=\"320\" sizes=\"auto, 100vw\" loading=\"lazy\" \/>\t\t\t<\/div>\n\t\t<\/div>\n\n\t\t<div class=\"hero-content cbo-cms cms--large cms--white\">\n\t\t\t<div class=\"content-text\">\n\t\t\t\t<h1 class=\"hero-title cbo-heading slide-down\">\n\t\t\t\t\tKultura i vrednosti\t\t\t\t<\/h1>\n\n\t\t\t\t\t\t\t<\/div>\n\t\t<\/div>\n\n\t<\/div>\n<\/section>\n\n<section class=\"cbo-text cbo-margin-container\">\n    <div class=\"\n        text-inner\n                cbo-container\n        container--small        \"\n    >\n        <div class=\"text-content cbo-cms cms--large\">\n            <h2><img loading=\"lazy\" decoding=\"async\" class=\"aligncenter size-medium wp-image-1211\" src=\"https:\/\/www.elicit-plant.com\/wp-content\/uploads\/2024\/02\/Elicit-Plant-logo-full-color-rgb-1024x285.png\" alt=\"\" width=\"1024\" height=\"285\" \/><\/h2>\n<h2 style=\"text-align: center;\"><strong>Na\u0161a misija<\/strong><\/h2>\n<h3 style=\"text-align: center;\">Da obezbedimo budu\u0107nost proizvodnje prehrambenih resursa kroz nau\u010dne inovacije u podr\u0161ci odr\u017eive, ekolo\u0161ke i odgovorne poljoprivrede.<\/h3>\n\n            <div style=\"clear: both;\"><\/div>\n        <\/div>\n    <\/div>\n<\/section>\n\n\n<section class=\"cbo-picture picture--contained\">\n\t<div class=\"picture-inner cbo-container container--small\">\n\t\t<div class=\"picture-element cbo-picture-cover\">\n\t\t\t<img decoding=\"async\" src=\"https:\/\/www.elicit-plant.com\/app\/uploads\/sites\/13\/2025\/04\/elicit-plant-est-en-phase-avec-le-plan-eau-du-gouvernement.webp\" srcset=\"https:\/\/www.elicit-plant.com\/app\/uploads\/sites\/13\/2025\/04\/elicit-plant-est-en-phase-avec-le-plan-eau-du-gouvernement-320x180.webp 320w, https:\/\/www.elicit-plant.com\/app\/uploads\/sites\/13\/2025\/04\/elicit-plant-est-en-phase-avec-le-plan-eau-du-gouvernement-768x432.webp 840w, https:\/\/www.elicit-plant.com\/app\/uploads\/sites\/13\/2025\/04\/elicit-plant-est-en-phase-avec-le-plan-eau-du-gouvernement.webp 1024w, https:\/\/www.elicit-plant.com\/app\/uploads\/sites\/13\/2025\/04\/elicit-plant-est-en-phase-avec-le-plan-eau-du-gouvernement.webp 1400w\" class=\"\" alt=\"Kap vode koja klizi niz list kukuruza\" width=\"1000\" height=\"562\" sizes=\"auto, 100vw\" loading=\"lazy\" \/>\t\t<\/div>\n\n\t\t\t<\/div>\n<\/section>\n\n\n<section class=\"cbo-textblocks\">\n    <div class=\"textblocks-inner cbo-container\">\n\n        \t\t\t<h2 class=\"textblocks-title cbo-title-2\">\n\t\t\t\tPACE\t\t\t<\/h2>\n    \t\n\n        \t\t\t<div class=\"textblocks-chapo cbo-chapo\">\n\t\t\t\tZajednica kompanije Elicit Plant ujedinjena je oko 4 zajedni\u010dke vrednosti pod akronimom PACE: Positive (pozitivno), Agile (agilno), Collective (kolektivno) i Engaged (anga\u017eovano).\t\t\t<\/div>\n    \t\n        <div class=\"textblocks-list\">\n                        \n                                    <span class=\"list-el scale-up\" data-delay=\"0\">\n                \n                    <span class=\"el-inner inner--coloryellow cbo-cms cms--white\">\n                        \n                                                    <span class=\"el-title\">\n                                Positive (pozitivno)                            <\/span>\n                        \n                                                    <span class=\"el-content\">\n                                Znate kako da izvu\u010dete najbolje iz svake situacije, a va\u0161e kolege vole va\u0161u veselu prirodu                             <\/span>\n                        \n                                            <\/span>\n\n                                    <\/span>\n                \n                        \n                                    <span class=\"list-el scale-up\" data-delay=\"100\">\n                \n                    <span class=\"el-inner inner--colorbrown cbo-cms cms--white\">\n                        \n                                                    <span class=\"el-title\">\n                                Agile (agilno)                            <\/span>\n                        \n                                                    <span class=\"el-content\">\n                                Radoznali ste i lako se prilago\u0111avate                             <\/span>\n                        \n                                            <\/span>\n\n                                    <\/span>\n                \n                    <\/div>\n\n        \t\t\t<div class=\"textblocks-button\">\n\t\t\t\t\t\t\t<\/div>\n\t\t\n    <\/div>\n<\/section>\n\n\n<section class=\"cbo-textblocks\">\n    <div class=\"textblocks-inner cbo-container\">\n\n        \n\n        \n        <div class=\"textblocks-list\">\n                        \n                                    <span class=\"list-el scale-up\" data-delay=\"0\">\n                \n                    <span class=\"el-inner inner--colorbrown cbo-cms cms--white\">\n                        \n                                                    <span class=\"el-title\">\n                                Collective (kolektivno)                            <\/span>\n                        \n                                                    <span class=\"el-content\">\n                                Verujete da zajedni\u010dkim radom mo\u017eemo posti\u0107i vi\u0161e                             <\/span>\n                        \n                                            <\/span>\n\n                                    <\/span>\n                \n                        \n                                    <span class=\"list-el scale-up\" data-delay=\"100\">\n                \n                    <span class=\"el-inner inner--coloryellow cbo-cms cms--white\">\n                        \n                                                    <span class=\"el-title\">\n                                Engaged (anga\u017eovano)                            <\/span>\n                        \n                                                    <span class=\"el-content\">\n                                Va\u0161a motivacija je bezgrani\u010dna!                             <\/span>\n                        \n                                            <\/span>\n\n                                    <\/span>\n                \n                    <\/div>\n\n        \t\t\t<div class=\"textblocks-button\">\n\t\t\t\t\t\t\t<\/div>\n\t\t\n    <\/div>\n<\/section>\n\n\n<section class=\"cbo-checkerboard checkerboard--normal\">\n    <div class=\"checkerboard-inner\">\n\n        <div class=\"checkerboard-picture\">\n            <div class=\"picture-inner cbo-picture-cover\">\n                <img decoding=\"async\" src=\"https:\/\/www.elicit-plant.com\/app\/uploads\/sites\/13\/2025\/04\/Elicit-Plant-team-picture-320x213.jpg\" srcset=\"https:\/\/www.elicit-plant.com\/app\/uploads\/sites\/13\/2025\/04\/Elicit-Plant-team-picture-320x213.jpg 320w, https:\/\/www.elicit-plant.com\/app\/uploads\/sites\/13\/2025\/04\/Elicit-Plant-team-picture-768x512.jpg 768w, https:\/\/www.elicit-plant.com\/app\/uploads\/sites\/13\/2025\/04\/Elicit-Plant-team-picture-1024x683.jpg 1024w\" class=\"\" alt=\"Fotografija tima Elicit Plant\" width=\"320\" height=\"213\" sizes=\"auto, 100vw\" loading=\"lazy\" \/>            <\/div>\n        <\/div>\n        \n        <div class=\"checkerboard-content content--green cbo-cms cms--white\">\n            <div class=\"content-text\">\n                                    <span class=\"content-uptitle\">\n                        Klju\u010dni trenuci u godini                    <\/span>\n                \n                <div class=\"content-title cbo-title-3\">\n                    Budu\u0107i da je kohezija va\u017ena, Elicit Plant organizuje desetak skupova tokom godine, \u010dime se stvaraju prilike za bolje me\u0111usobno upoznavanje i razvoj veza izme\u0111u odeljenja.                <\/div>\n            <\/div>\n        <\/div>\n\n    <\/div>\n<\/section>\n\n\n<section class=\"cbo-checkerboard checkerboard--reverse\">\n    <div class=\"checkerboard-inner\">\n\n        <div class=\"checkerboard-picture\">\n            <div class=\"picture-inner cbo-picture-cover\">\n                <img decoding=\"async\" src=\"https:\/\/www.elicit-plant.com\/app\/uploads\/sites\/13\/2025\/04\/Photo-equipe--320x320.png\" srcset=\"https:\/\/www.elicit-plant.com\/app\/uploads\/sites\/13\/2025\/04\/Photo-equipe--320x320.png 320w, https:\/\/www.elicit-plant.com\/app\/uploads\/sites\/13\/2025\/04\/Photo-equipe--768x768.png 768w, https:\/\/www.elicit-plant.com\/app\/uploads\/sites\/13\/2025\/04\/Photo-equipe--1024x1024.png 1024w\" class=\"\" alt=\"Timska fotografija\" width=\"320\" height=\"320\" sizes=\"auto, 100vw\" loading=\"lazy\" \/>            <\/div>\n        <\/div>\n        \n        <div class=\"checkerboard-content content--green cbo-cms cms--white\">\n            <div class=\"content-text\">\n                \n                <div class=\"content-title cbo-title-3\">\n                    Svi zaposleni se redovno pozivaju na:<br \/>\r\n<br \/>\r\nSeminar kompanije<br \/>\r\n<br \/>\r\nPrilike za deljenje i razmenu izme\u0111u istra\u017eivanja, prodaje i me\u0111usektorskih timova<br \/>\r\n<br \/>\r\nDane za uvo\u0111enje u posao kako bi se novim zaposlenima priredila odgovaraju\u0107a dobrodo\u0161lica.<br \/>\r\n                <\/div>\n            <\/div>\n        <\/div>\n\n    <\/div>\n<\/section>\n\n<section class=\"cbo-featuredlinks featuredlinks--colorwhite\">\n\t<div class=\"featuredlinks-inner cbo-container \">\n\n\t\t\t\t\t<h2 class=\"cbo-title-2 featuredlinks-title\">\n\t\t\t\tSaznajte vi\u0161e o Elicit Plant-u\t\t\t<\/h2>\n\t\t\n\t\t<div class=\"featuredlinks-list\" data-anim-group data-group-delay=\"100\">\n\t\t\t\n\t\t\t<div class=\"list-el\">\n\t\t\t\t<a class=\"el-inner\" href=\"https:\/\/www.elicit-plant.com\/rs\/nasa-kompanija\/\">\n\n\t\t\t\t\t<figure class=\"inner-picture cbo-picture-cover\">\n\t\t\t\t\t\t<img decoding=\"async\" src=\"https:\/\/www.elicit-plant.com\/app\/uploads\/sites\/13\/2025\/04\/Tractor-treating-fields-768x427.jpg\" srcset=\"https:\/\/www.elicit-plant.com\/app\/uploads\/sites\/13\/2025\/04\/Tractor-treating-fields-320x178.jpg 320w, https:\/\/www.elicit-plant.com\/app\/uploads\/sites\/13\/2025\/04\/Tractor-treating-fields-768x427.jpg 840w, https:\/\/www.elicit-plant.com\/app\/uploads\/sites\/13\/2025\/04\/Tractor-treating-fields-768x427.jpg 1024w, https:\/\/www.elicit-plant.com\/app\/uploads\/sites\/13\/2025\/04\/Tractor-treating-fields-768x427.jpg 1400w\" class=\"\" alt=\"traktor koji prska polja\" width=\"768\" height=\"427\" sizes=\"auto, 100vw\" loading=\"lazy\" \/>\t\t\t\t\t<\/figure>\n\n\t\t\t\t\t<h3 class=\"inner-title cbo-title-3\">\n\t\t\t\t\t\tNa\u0161a kompanija\t\t\t\t\t<\/h3>\n\n\t\t\t\t\t<span class=\"inner-button cbo-buttonmore\">\n\t\t\t\t\t\t<i class=\"icon icon-cross\"><\/i>\n\t\t\t\t\t<\/span>\n\t\t\t\t<\/a>\n\t\t\t<\/div>\n\n\t\t\t\n\t\t\t<div class=\"list-el\">\n\t\t\t\t<a class=\"el-inner\" href=\"https:\/\/www.elicit-plant.com\/rs\/nauka-i-tehnologija\/\">\n\n\t\t\t\t\t<figure class=\"inner-picture cbo-picture-cover\">\n\t\t\t\t\t\t<img decoding=\"async\" src=\"https:\/\/www.elicit-plant.com\/app\/uploads\/sites\/13\/2025\/04\/agronomical-scientist.jpg\" srcset=\"https:\/\/www.elicit-plant.com\/app\/uploads\/sites\/13\/2025\/04\/agronomical-scientist-320x320.jpg 320w, https:\/\/www.elicit-plant.com\/app\/uploads\/sites\/13\/2025\/04\/agronomical-scientist.jpg 840w, https:\/\/www.elicit-plant.com\/app\/uploads\/sites\/13\/2025\/04\/agronomical-scientist.jpg 1024w, https:\/\/www.elicit-plant.com\/app\/uploads\/sites\/13\/2025\/04\/agronomical-scientist.jpg 1400w\" class=\"\" alt=\"Agronomski nau\u010dnik koji prou\u010dava vodni stres\" width=\"402\" height=\"403\" sizes=\"auto, 100vw\" loading=\"lazy\" \/>\t\t\t\t\t<\/figure>\n\n\t\t\t\t\t<h3 class=\"inner-title cbo-title-3\">\n\t\t\t\t\t\tNauka i tehnologija\t\t\t\t\t<\/h3>\n\n\t\t\t\t\t<span class=\"inner-button cbo-buttonmore\">\n\t\t\t\t\t\t<i class=\"icon icon-cross\"><\/i>\n\t\t\t\t\t<\/span>\n\t\t\t\t<\/a>\n\t\t\t<\/div>\n\n\t\t\t\t\t<\/div>\n\n\t<\/div>\n<\/section>\n","protected":false},"excerpt":{"rendered":"<p>Na\u0161a misija Da obezbedimo budu\u0107nost proizvodnje prehrambenih resursa kroz nau\u010dne inovacije u podr\u0161ci odr\u017eive, ekolo\u0161ke i odgovorne poljoprivrede.<\/p>\n","protected":false},"author":6,"featured_media":12,"parent":0,"menu_order":0,"comment_status":"closed","ping_status":"closed","template":"","meta":{"_acf_changed":false,"footnotes":""},"class_list":["post-160","page","type-page","status-publish","has-post-thumbnail","hentry"],"acf":[],"yoast_head":"<!-- This site is optimized with the Yoast SEO plugin v27.3 - https:\/\/yoast.com\/product\/yoast-seo-wordpress\/ -->\n<title>Na\u0161a kultura, vrednosti i cilj - Elicit Plant Srbija<\/title>\n<meta name=\"description\" content=\"Odr\u017eavamo trajnu proizvodnju prehrambenih resursa kroz nau\u010dne inovacije u slu\u017ebi odr\u017eive, ekolo\u0161ke i odgovorne poljoprivrede.\" \/>\n<meta name=\"robots\" content=\"index, follow, max-snippet:-1, max-image-preview:large, max-video-preview:-1\" \/>\n<link rel=\"canonical\" href=\"https:\/\/www.elicit-plant.com\/rs\/kultura-i-vrednosti\/\" \/>\n<meta property=\"og:locale\" content=\"sr_RS\" \/>\n<meta property=\"og:type\" content=\"article\" \/>\n<meta property=\"og:title\" content=\"Na\u0161a kultura, vrednosti i cilj - Elicit Plant Srbija\" \/>\n<meta property=\"og:description\" content=\"Odr\u017eavamo trajnu proizvodnju prehrambenih resursa kroz nau\u010dne inovacije u slu\u017ebi odr\u017eive, ekolo\u0161ke i odgovorne poljoprivrede.\" \/>\n<meta property=\"og:url\" content=\"https:\/\/www.elicit-plant.com\/rs\/kultura-i-vrednosti\/\" \/>\n<meta property=\"og:site_name\" content=\"Elicit Plant Srbija\" \/>\n<meta property=\"article:modified_time\" content=\"2025-04-28T07:35:00+00:00\" \/>\n<meta property=\"og:image\" content=\"https:\/\/www.elicit-plant.com\/rs\/wp-content\/uploads\/sites\/13\/2025\/04\/Scientist.jpg\" \/>\n\t<meta property=\"og:image:width\" content=\"446\" \/>\n\t<meta property=\"og:image:height\" content=\"446\" \/>\n\t<meta property=\"og:image:type\" content=\"image\/jpeg\" \/>\n<meta name=\"twitter:card\" content=\"summary_large_image\" \/>\n<meta name=\"twitter:label1\" content=\"\u041f\u0440\u043e\u0446\u0435\u045a\u0435\u043d\u043e \u0432\u0440\u0435\u043c\u0435 \u0447\u0438\u0442\u0430\u045a\u0430\" \/>\n\t<meta name=\"twitter:data1\" content=\"1 \u043c\u0438\u043d\u0443\u0442\" \/>\n<script type=\"application\/ld+json\" class=\"yoast-schema-graph\">{\"@context\":\"https:\\\/\\\/schema.org\",\"@graph\":[{\"@type\":\"WebPage\",\"@id\":\"https:\\\/\\\/www.elicit-plant.com\\\/rs\\\/kultura-i-vrednosti\\\/\",\"url\":\"https:\\\/\\\/www.elicit-plant.com\\\/rs\\\/kultura-i-vrednosti\\\/\",\"name\":\"Na\u0161a kultura, vrednosti i cilj - Elicit Plant Srbija\",\"isPartOf\":{\"@id\":\"https:\\\/\\\/www.elicit-plant.com\\\/rs\\\/#website\"},\"primaryImageOfPage\":{\"@id\":\"https:\\\/\\\/www.elicit-plant.com\\\/rs\\\/kultura-i-vrednosti\\\/#primaryimage\"},\"image\":{\"@id\":\"https:\\\/\\\/www.elicit-plant.com\\\/rs\\\/kultura-i-vrednosti\\\/#primaryimage\"},\"thumbnailUrl\":\"https:\\\/\\\/www.elicit-plant.com\\\/app\\\/uploads\\\/sites\\\/13\\\/2025\\\/04\\\/Scientist.jpg\",\"datePublished\":\"2025-04-16T13:55:13+00:00\",\"dateModified\":\"2025-04-28T07:35:00+00:00\",\"description\":\"Odr\u017eavamo trajnu proizvodnju prehrambenih resursa kroz nau\u010dne inovacije u slu\u017ebi odr\u017eive, ekolo\u0161ke i odgovorne poljoprivrede.\",\"breadcrumb\":{\"@id\":\"https:\\\/\\\/www.elicit-plant.com\\\/rs\\\/kultura-i-vrednosti\\\/#breadcrumb\"},\"inLanguage\":\"sr-RS\",\"potentialAction\":[{\"@type\":\"ReadAction\",\"target\":[\"https:\\\/\\\/www.elicit-plant.com\\\/rs\\\/kultura-i-vrednosti\\\/\"]}]},{\"@type\":\"ImageObject\",\"inLanguage\":\"sr-RS\",\"@id\":\"https:\\\/\\\/www.elicit-plant.com\\\/rs\\\/kultura-i-vrednosti\\\/#primaryimage\",\"url\":\"https:\\\/\\\/www.elicit-plant.com\\\/app\\\/uploads\\\/sites\\\/13\\\/2025\\\/04\\\/Scientist.jpg\",\"contentUrl\":\"https:\\\/\\\/www.elicit-plant.com\\\/app\\\/uploads\\\/sites\\\/13\\\/2025\\\/04\\\/Scientist.jpg\",\"width\":446,\"height\":446,\"caption\":\"agronomski nau\u010dnik\"},{\"@type\":\"BreadcrumbList\",\"@id\":\"https:\\\/\\\/www.elicit-plant.com\\\/rs\\\/kultura-i-vrednosti\\\/#breadcrumb\",\"itemListElement\":[{\"@type\":\"ListItem\",\"position\":1,\"name\":\"Accueil\",\"item\":\"https:\\\/\\\/www.elicit-plant.com\\\/rs\\\/\"},{\"@type\":\"ListItem\",\"position\":2,\"name\":\"Kultura i vrednosti\"}]},{\"@type\":\"WebSite\",\"@id\":\"https:\\\/\\\/www.elicit-plant.com\\\/rs\\\/#website\",\"url\":\"https:\\\/\\\/www.elicit-plant.com\\\/rs\\\/\",\"name\":\"Elicit Plant Srbija\",\"description\":\"\",\"potentialAction\":[{\"@type\":\"SearchAction\",\"target\":{\"@type\":\"EntryPoint\",\"urlTemplate\":\"https:\\\/\\\/www.elicit-plant.com\\\/rs\\\/?s={search_term_string}\"},\"query-input\":{\"@type\":\"PropertyValueSpecification\",\"valueRequired\":true,\"valueName\":\"search_term_string\"}}],\"inLanguage\":\"sr-RS\"}]}<\/script>\n<!-- \/ Yoast SEO plugin. -->","yoast_head_json":{"title":"Na\u0161a kultura, vrednosti i cilj - Elicit Plant Srbija","description":"Odr\u017eavamo trajnu proizvodnju prehrambenih resursa kroz nau\u010dne inovacije u slu\u017ebi odr\u017eive, ekolo\u0161ke i odgovorne poljoprivrede.","robots":{"index":"index","follow":"follow","max-snippet":"max-snippet:-1","max-image-preview":"max-image-preview:large","max-video-preview":"max-video-preview:-1"},"canonical":"https:\/\/www.elicit-plant.com\/rs\/kultura-i-vrednosti\/","og_locale":"sr_RS","og_type":"article","og_title":"Na\u0161a kultura, vrednosti i cilj - Elicit Plant Srbija","og_description":"Odr\u017eavamo trajnu proizvodnju prehrambenih resursa kroz nau\u010dne inovacije u slu\u017ebi odr\u017eive, ekolo\u0161ke i odgovorne poljoprivrede.","og_url":"https:\/\/www.elicit-plant.com\/rs\/kultura-i-vrednosti\/","og_site_name":"Elicit Plant Srbija","article_modified_time":"2025-04-28T07:35:00+00:00","og_image":[{"width":446,"height":446,"url":"https:\/\/www.elicit-plant.com\/rs\/wp-content\/uploads\/sites\/13\/2025\/04\/Scientist.jpg","type":"image\/jpeg"}],"twitter_card":"summary_large_image","twitter_misc":{"\u041f\u0440\u043e\u0446\u0435\u045a\u0435\u043d\u043e \u0432\u0440\u0435\u043c\u0435 \u0447\u0438\u0442\u0430\u045a\u0430":"1 \u043c\u0438\u043d\u0443\u0442"},"schema":{"@context":"https:\/\/schema.org","@graph":[{"@type":"WebPage","@id":"https:\/\/www.elicit-plant.com\/rs\/kultura-i-vrednosti\/","url":"https:\/\/www.elicit-plant.com\/rs\/kultura-i-vrednosti\/","name":"Na\u0161a kultura, vrednosti i cilj - Elicit Plant Srbija","isPartOf":{"@id":"https:\/\/www.elicit-plant.com\/rs\/#website"},"primaryImageOfPage":{"@id":"https:\/\/www.elicit-plant.com\/rs\/kultura-i-vrednosti\/#primaryimage"},"image":{"@id":"https:\/\/www.elicit-plant.com\/rs\/kultura-i-vrednosti\/#primaryimage"},"thumbnailUrl":"https:\/\/www.elicit-plant.com\/app\/uploads\/sites\/13\/2025\/04\/Scientist.jpg","datePublished":"2025-04-16T13:55:13+00:00","dateModified":"2025-04-28T07:35:00+00:00","description":"Odr\u017eavamo trajnu proizvodnju prehrambenih resursa kroz nau\u010dne inovacije u slu\u017ebi odr\u017eive, ekolo\u0161ke i odgovorne poljoprivrede.","breadcrumb":{"@id":"https:\/\/www.elicit-plant.com\/rs\/kultura-i-vrednosti\/#breadcrumb"},"inLanguage":"sr-RS","potentialAction":[{"@type":"ReadAction","target":["https:\/\/www.elicit-plant.com\/rs\/kultura-i-vrednosti\/"]}]},{"@type":"ImageObject","inLanguage":"sr-RS","@id":"https:\/\/www.elicit-plant.com\/rs\/kultura-i-vrednosti\/#primaryimage","url":"https:\/\/www.elicit-plant.com\/app\/uploads\/sites\/13\/2025\/04\/Scientist.jpg","contentUrl":"https:\/\/www.elicit-plant.com\/app\/uploads\/sites\/13\/2025\/04\/Scientist.jpg","width":446,"height":446,"caption":"agronomski nau\u010dnik"},{"@type":"BreadcrumbList","@id":"https:\/\/www.elicit-plant.com\/rs\/kultura-i-vrednosti\/#breadcrumb","itemListElement":[{"@type":"ListItem","position":1,"name":"Accueil","item":"https:\/\/www.elicit-plant.com\/rs\/"},{"@type":"ListItem","position":2,"name":"Kultura i vrednosti"}]},{"@type":"WebSite","@id":"https:\/\/www.elicit-plant.com\/rs\/#website","url":"https:\/\/www.elicit-plant.com\/rs\/","name":"Elicit Plant Srbija","description":"","potentialAction":[{"@type":"SearchAction","target":{"@type":"EntryPoint","urlTemplate":"https:\/\/www.elicit-plant.com\/rs\/?s={search_term_string}"},"query-input":{"@type":"PropertyValueSpecification","valueRequired":true,"valueName":"search_term_string"}}],"inLanguage":"sr-RS"}]}},"_links":{"self":[{"href":"https:\/\/www.elicit-plant.com\/rs\/wp-json\/wp\/v2\/pages\/160","targetHints":{"allow":["GET"]}}],"collection":[{"href":"https:\/\/www.elicit-plant.com\/rs\/wp-json\/wp\/v2\/pages"}],"about":[{"href":"https:\/\/www.elicit-plant.com\/rs\/wp-json\/wp\/v2\/types\/page"}],"author":[{"embeddable":true,"href":"https:\/\/www.elicit-plant.com\/rs\/wp-json\/wp\/v2\/users\/6"}],"replies":[{"embeddable":true,"href":"https:\/\/www.elicit-plant.com\/rs\/wp-json\/wp\/v2\/comments?post=160"}],"version-history":[{"count":3,"href":"https:\/\/www.elicit-plant.com\/rs\/wp-json\/wp\/v2\/pages\/160\/revisions"}],"predecessor-version":[{"id":278,"href":"https:\/\/www.elicit-plant.com\/rs\/wp-json\/wp\/v2\/pages\/160\/revisions\/278"}],"wp:featuredmedia":[{"embeddable":true,"href":"https:\/\/www.elicit-plant.com\/rs\/wp-json\/wp\/v2\/media\/12"}],"wp:attachment":[{"href":"https:\/\/www.elicit-plant.com\/rs\/wp-json\/wp\/v2\/media?parent=160"}],"curies":[{"name":"wp","href":"https:\/\/api.w.org\/{rel}","templated":true}]}}