{"id":162,"date":"2025-04-16T15:57:13","date_gmt":"2025-04-16T13:57:13","guid":{"rendered":"https:\/\/www.elicit-plant.com\/rs\/?page_id=162"},"modified":"2026-03-10T10:33:14","modified_gmt":"2026-03-10T09:33:14","slug":"ukratko-o-kompaniji-elicit-plant","status":"publish","type":"page","link":"https:\/\/www.elicit-plant.com\/rs\/ukratko-o-kompaniji-elicit-plant\/","title":{"rendered":"Ukratko o kompaniji Elicit Plant"},"content":{"rendered":"<section class=\"cbo-hero cbo-margin-container hero--colorgreen\" data-anim-group>\n\t<div class=\"cbo-breadcrumbs breadcrumbs--normal\">\n  <div class=\"breadcrumbs-inner\">\n    <span><span><a href=\"https:\/\/www.elicit-plant.com\/rs\/\">Accueil<\/a><\/span><\/span>\t<\/div>\n<\/div>\n\t<div class=\"hero-inner cbo-container container--padding\">\n\n\t\t<div class=\"hero-shapes\">\n\t\t\t<div class=\"shapes-color scale-up\"><\/div>\n\n\t\t\t<div class=\"shapes-picture cbo-picture-cover scale-up\"  data-delay=\"450\">\n\t\t\t\t\t\t\t<\/div>\n\t\t<\/div>\n\n\t\t<div class=\"hero-content cbo-cms cms--large cms--white\">\n\t\t\t<div class=\"content-text\">\n\t\t\t\t<h1 class=\"hero-title cbo-heading slide-down\">\n\t\t\t\t\tUkratko o kompaniji Elicit Plant\t\t\t\t<\/h1>\n\n\t\t\t\t\t\t\t<\/div>\n\t\t<\/div>\n\n\t<\/div>\n<\/section>\n\n\n<section class=\"cbo-textblocks\">\n    <div class=\"textblocks-inner cbo-container\">\n\n        \t\t\t<h2 class=\"textblocks-title cbo-title-2\">\n\t\t\t\tKlju\u010dne brojke\t\t\t<\/h2>\n    \t\n\n        \n        <div class=\"textblocks-list\">\n                        \n                                    <span class=\"list-el scale-up\" data-delay=\"0\">\n                \n                    <span class=\"el-inner inner--colorbrown cbo-cms cms--white\">\n                        \n                                                    <span class=\"el-title\">\n                                71                            <\/span>\n                        \n                                                    <span class=\"el-content\">\n                                zaposlenih u 2024. godini                            <\/span>\n                        \n                                            <\/span>\n\n                                    <\/span>\n                \n                        \n                                    <span class=\"list-el scale-up\" data-delay=\"100\">\n                \n                    <span class=\"el-inner inner--colorgreen cbo-cms cms--white\">\n                        \n                                                    <span class=\"el-title\">\n                                5                            <\/span>\n                        \n                                                    <span class=\"el-content\">\n                                me\u0111unarodnih lokacija                            <\/span>\n                        \n                                            <\/span>\n\n                                    <\/span>\n                \n                        \n                                    <span class=\"list-el scale-up\" data-delay=\"200\">\n                \n                    <span class=\"el-inner inner--coloryellow cbo-cms cms--white\">\n                        \n                                                    <span class=\"el-title\">\n                                #1                            <\/span>\n                        \n                                                    <span class=\"el-content\">\n                                Svetski lider u upravljanju stresom ratarskih kultura usled su\u0161e                            <\/span>\n                        \n                                            <\/span>\n\n                                    <\/span>\n                \n                    <\/div>\n\n        \t\t\t<div class=\"textblocks-button\">\n\t\t\t\t\t\t\t<\/div>\n\t\t\n    <\/div>\n<\/section>\n\n\n<section class=\"cbo-textblocks\">\n    <div class=\"textblocks-inner cbo-container\">\n\n        \t\t\t<h2 class=\"textblocks-title cbo-title-2\">\n\t\t\t\tRodna ravnopravnost\t\t\t<\/h2>\n    \t\n\n        \t\t\t<div class=\"textblocks-chapo cbo-chapo\">\n\t\t\t\tKompanija Elicit Plant posve\u0107ena je stvaranju jednakih mogu\u0107nosti i ravnote\u017ee polova.\t\t\t<\/div>\n    \t\n        <div class=\"textblocks-list\">\n                        \n                                    <span class=\"list-el scale-up\" data-delay=\"0\">\n                \n                    <span class=\"el-inner inner--colorbrown cbo-cms cms--white\">\n                        \n                                                    <span class=\"el-title\">\n                                \u017dene                            <\/span>\n                        \n                                                    <span class=\"el-content\">\n                                42%                            <\/span>\n                        \n                                            <\/span>\n\n                                    <\/span>\n                \n                        \n                                    <span class=\"list-el scale-up\" data-delay=\"100\">\n                \n                    <span class=\"el-inner inner--coloryellow cbo-cms cms--white\">\n                        \n                                                    <span class=\"el-title\">\n                                Mu\u0161karci                            <\/span>\n                        \n                                                    <span class=\"el-content\">\n                                58%                            <\/span>\n                        \n                                            <\/span>\n\n                                    <\/span>\n                \n                    <\/div>\n\n        \t\t\t<div class=\"textblocks-button\">\n\t\t\t\t\t\t\t<\/div>\n\t\t\n    <\/div>\n<\/section>\n\n<section class=\"cbo-text cbo-margin-container\">\n    <div class=\"\n        text-inner\n                cbo-container\n        container--small        \"\n    >\n        <div class=\"text-content cbo-cms cms--large\">\n            <h3>Indeks rodne ravnopravnosti 2025<\/h3>\n<p>U kompaniji Elicit Plant posve\u0107eni smo obezbe\u0111ivanju pravedne i ravnopravne zarade za sve.<br \/>\nU 2025. godini na\u0161 Indeks rodne ravnopravnosti dostigao je 79\/100, \u0161to odra\u017eava na\u0161e kontinuirane napore u korist jednakosti u zaradama.<\/p>\n<p><strong>Detalji rezultata:<\/strong><\/p>\n<ul>\n<li>Razlika u zaradama: 39\/40<\/li>\n<\/ul>\n<p>Nastavljamo da sprovodimo politiku zarada zasnovanu na objektivnoj proceni kompetencija i odgovornosti kako bismo obezbedili dugoro\u010dnu ravnopravnost izme\u0111u \u017eena i mu\u0161karaca.<\/p>\n<ul>\n<li>Razlika u stopi pove\u0107anja plata: 35\/35<\/li>\n<li>Povratak sa porodiljskog odsustva: 0\/15<\/li>\n<\/ul>\n<p>Prilikom povratka sa porodiljskog odsustva posveti\u0107emo posebnu pa\u017enju a\u017euriranju opsega radnog mesta i uskla\u0111ivanju zarade, kako bismo obezbedili povratak na posao u potpuno ravnopravnim uslovima.<\/p>\n<ul>\n<li>Najvi\u0161e zarade: 5\/10<\/li>\n<\/ul>\n<p>Za pozicije sa ve\u0107om odgovorno\u0161\u0107u podstica\u0107emo ve\u0107u rodnu raznolikost, vode\u0107i ra\u010duna da identifikujemo kvalifikovane kandidatkinje i, u slu\u010daju jednakih kompetencija, vrednujemo raznolikost kako bismo oja\u010dali ravnote\u017eu me\u0111u najvi\u0161im zaradama.<\/p>\n<p>&nbsp;<\/p>\n<p>Na\u0161a politika zarada zasniva se na tri klju\u010dna principa: priznavanje kompetencija, uskla\u0111enost sa odgovornostima svakog radnog mesta i uskla\u0111enost sa tr\u017ei\u0161nim trendovima. Obezbe\u0111ujemo internu ravnopravnost procenjuju\u0107i kompetencije i u\u010dinak na objektivan na\u010din, bez razlike po polu.<\/p>\n\n            <div style=\"clear: both;\"><\/div>\n        <\/div>\n    <\/div>\n<\/section>\n\n\n<section class=\"cbo-text cbo-margin-container\">\n    <div class=\"\n        text-inner\n                cbo-container\n        container--small        \"\n    >\n        <div class=\"text-content cbo-cms cms--large\">\n            <h2><strong>ESG<\/strong> (za\u0161tita \u017eivotne sredine, dru\u0161tvena odgovornost i savesno korporativno upravljanje)<\/h2>\n<p>ESG je klju\u010dni prioritet u kompaniji Elicit Plant i postoji dobar razlog za to. Glavna delatnost kompanije zasniva se na pitanjima \u017eivotne sredine. Kompanija Elicit Plant ponosna je \u0161to uskla\u0111uje svoj razvoj sa ovim godi\u0161njim ciljevima.<\/p>\n<p><a class=\"cbo-button\" href=\"https:\/\/www.elicit-plant.com\/rs\/nase-obaveze-u-oblasti-esg-a\/\">Saznajte vi\u0161e o na\u0161oj posve\u0107enosti principima ESG<\/a><\/p>\n\n            <div style=\"clear: both;\"><\/div>\n        <\/div>\n    <\/div>\n<\/section>\n\n\n<section class=\"cbo-featuredlinks featuredlinks--colorsand\">\n\t<div class=\"featuredlinks-inner cbo-container container--padding\">\n\n\t\t\t\t\t<h2 class=\"cbo-title-2 featuredlinks-title\">\n\t\t\t\tSaznajte vi\u0161e o kompaniji Elicit Plant\t\t\t<\/h2>\n\t\t\n\t\t<div class=\"featuredlinks-list\" data-anim-group data-group-delay=\"100\">\n\t\t\t\n\t\t\t<div class=\"list-el\">\n\t\t\t\t<a class=\"el-inner\" href=\"https:\/\/www.elicit-plant.com\/rs\/nasa-kompanija\/\">\n\n\t\t\t\t\t<figure class=\"inner-picture cbo-picture-cover\">\n\t\t\t\t\t\t<img decoding=\"async\" src=\"https:\/\/www.elicit-plant.com\/app\/uploads\/sites\/13\/2025\/04\/Tractor-treating-fields-1-768x427.jpg\" srcset=\"https:\/\/www.elicit-plant.com\/app\/uploads\/sites\/13\/2025\/04\/Tractor-treating-fields-1-320x178.jpg 320w, https:\/\/www.elicit-plant.com\/app\/uploads\/sites\/13\/2025\/04\/Tractor-treating-fields-1-768x427.jpg 840w, https:\/\/www.elicit-plant.com\/app\/uploads\/sites\/13\/2025\/04\/Tractor-treating-fields-1-768x427.jpg 1024w, https:\/\/www.elicit-plant.com\/app\/uploads\/sites\/13\/2025\/04\/Tractor-treating-fields-1-768x427.jpg 1400w\" class=\"\" alt=\"Traktor tretira polja\" width=\"768\" height=\"427\" sizes=\"auto, 100vw\" loading=\"lazy\" \/>\t\t\t\t\t<\/figure>\n\n\t\t\t\t\t<h3 class=\"inner-title cbo-title-3\">\n\t\t\t\t\t\tNa\u0161a kompanija\t\t\t\t\t<\/h3>\n\n\t\t\t\t\t<span class=\"inner-button cbo-buttonmore\">\n\t\t\t\t\t\t<i class=\"icon icon-cross\"><\/i>\n\t\t\t\t\t<\/span>\n\t\t\t\t<\/a>\n\t\t\t<\/div>\n\n\t\t\t\n\t\t\t<div class=\"list-el\">\n\t\t\t\t<a class=\"el-inner\" href=\"https:\/\/www.elicit-plant.com\/rs\/nauka-i-tehnologija\/\">\n\n\t\t\t\t\t<figure class=\"inner-picture cbo-picture-cover\">\n\t\t\t\t\t\t<img decoding=\"async\" src=\"https:\/\/www.elicit-plant.com\/app\/uploads\/sites\/13\/2025\/04\/agronomical-scientist.jpg\" srcset=\"https:\/\/www.elicit-plant.com\/app\/uploads\/sites\/13\/2025\/04\/agronomical-scientist-320x320.jpg 320w, https:\/\/www.elicit-plant.com\/app\/uploads\/sites\/13\/2025\/04\/agronomical-scientist.jpg 840w, https:\/\/www.elicit-plant.com\/app\/uploads\/sites\/13\/2025\/04\/agronomical-scientist.jpg 1024w, https:\/\/www.elicit-plant.com\/app\/uploads\/sites\/13\/2025\/04\/agronomical-scientist.jpg 1400w\" class=\"\" alt=\"Agronomski nau\u010dnik koji prou\u010dava vodni stres\" width=\"402\" height=\"403\" sizes=\"auto, 100vw\" loading=\"lazy\" \/>\t\t\t\t\t<\/figure>\n\n\t\t\t\t\t<h3 class=\"inner-title cbo-title-3\">\n\t\t\t\t\t\tNa\u0161a nauka i tehnologija\t\t\t\t\t<\/h3>\n\n\t\t\t\t\t<span class=\"inner-button cbo-buttonmore\">\n\t\t\t\t\t\t<i class=\"icon icon-cross\"><\/i>\n\t\t\t\t\t<\/span>\n\t\t\t\t<\/a>\n\t\t\t<\/div>\n\n\t\t\t\t\t<\/div>\n\n\t<\/div>\n<\/section>\n","protected":false},"excerpt":{"rendered":"<p>Indeks rodne ravnopravnosti 2025 U kompaniji Elicit Plant posve\u0107eni smo obezbe\u0111ivanju pravedne i ravnopravne zarade za sve. U 2025. godini na\u0161 Indeks rodne ravnopravnosti dostigao je 79\/100, \u0161to odra\u017eava na\u0161e kontinuirane napore u korist jednakosti u zaradama. Detalji rezultata: Razlika u zaradama: 39\/40 Nastavljamo da sprovodimo politiku zarada zasnovanu na objektivnoj proceni kompetencija i odgovornosti kako bismo obezbedili dugoro\u010dnu ravnopravnost izme\u0111u \u017eena i mu\u0161karaca. Razlika u stopi pove\u0107anja plata: 35\/35 Povratak sa porodiljskog odsustva: 0\/15 Prilikom povratka sa porodiljskog odsustva posveti\u0107emo posebnu pa\u017enju a\u017euriranju opsega radnog mesta i uskla\u0111ivanju zarade, kako bismo obezbedili povratak na posao u potpuno ravnopravnim uslovima. Najvi\u0161e zarade: 5\/10 Za pozicije sa ve\u0107om odgovorno\u0161\u0107u podstica\u0107emo ve\u0107u rodnu raznolikost, vode\u0107i ra\u010duna da identifikujemo kvalifikovane kandidatkinje i, u slu\u010daju jednakih kompetencija, vrednujemo raznolikost kako&#8230;<\/p>\n","protected":false},"author":6,"featured_media":10,"parent":0,"menu_order":0,"comment_status":"closed","ping_status":"closed","template":"","meta":{"_acf_changed":false,"footnotes":""},"class_list":["post-162","page","type-page","status-publish","has-post-thumbnail","hentry"],"acf":[],"yoast_head":"<!-- This site is optimized with the Yoast SEO plugin v27.3 - https:\/\/yoast.com\/product\/yoast-seo-wordpress\/ -->\n<title>Ukratko o kompaniji Elicit Plant - Elicit Plant Srbija<\/title>\n<meta name=\"robots\" content=\"index, follow, max-snippet:-1, max-image-preview:large, max-video-preview:-1\" \/>\n<link rel=\"canonical\" href=\"https:\/\/www.elicit-plant.com\/rs\/ukratko-o-kompaniji-elicit-plant\/\" \/>\n<meta property=\"og:locale\" content=\"sr_RS\" \/>\n<meta property=\"og:type\" content=\"article\" \/>\n<meta property=\"og:title\" content=\"Ukratko o kompaniji Elicit Plant - Elicit Plant Srbija\" \/>\n<meta property=\"og:description\" content=\"Indeks rodne ravnopravnosti 2025 U kompaniji Elicit Plant posve\u0107eni smo obezbe\u0111ivanju pravedne i ravnopravne zarade za sve. U 2025. godini na\u0161 Indeks rodne ravnopravnosti dostigao je 79\/100, \u0161to odra\u017eava na\u0161e kontinuirane napore u korist jednakosti u zaradama. Detalji rezultata: Razlika u zaradama: 39\/40 Nastavljamo da sprovodimo politiku zarada zasnovanu na objektivnoj proceni kompetencija i odgovornosti kako bismo obezbedili dugoro\u010dnu ravnopravnost izme\u0111u \u017eena i mu\u0161karaca. Razlika u stopi pove\u0107anja plata: 35\/35 Povratak sa porodiljskog odsustva: 0\/15 Prilikom povratka sa porodiljskog odsustva posveti\u0107emo posebnu pa\u017enju a\u017euriranju opsega radnog mesta i uskla\u0111ivanju zarade, kako bismo obezbedili povratak na posao u potpuno ravnopravnim uslovima. Najvi\u0161e zarade: 5\/10 Za pozicije sa ve\u0107om odgovorno\u0161\u0107u podstica\u0107emo ve\u0107u rodnu raznolikost, vode\u0107i ra\u010duna da identifikujemo kvalifikovane kandidatkinje i, u slu\u010daju jednakih kompetencija, vrednujemo raznolikost kako...\" \/>\n<meta property=\"og:url\" content=\"https:\/\/www.elicit-plant.com\/rs\/ukratko-o-kompaniji-elicit-plant\/\" \/>\n<meta property=\"og:site_name\" content=\"Elicit Plant Srbija\" \/>\n<meta property=\"article:modified_time\" content=\"2026-03-10T09:33:14+00:00\" \/>\n<meta property=\"og:image\" content=\"https:\/\/www.elicit-plant.com\/app\/uploads\/sites\/13\/2025\/04\/Field-beeing-watered.jpg\" \/>\n\t<meta property=\"og:image:width\" content=\"1000\" \/>\n\t<meta property=\"og:image:height\" content=\"667\" \/>\n\t<meta property=\"og:image:type\" content=\"image\/jpeg\" \/>\n<meta name=\"twitter:card\" content=\"summary_large_image\" \/>\n<meta name=\"twitter:label1\" content=\"\u041f\u0440\u043e\u0446\u0435\u045a\u0435\u043d\u043e \u0432\u0440\u0435\u043c\u0435 \u0447\u0438\u0442\u0430\u045a\u0430\" \/>\n\t<meta name=\"twitter:data1\" content=\"1 \u043c\u0438\u043d\u0443\u0442\" \/>\n<script type=\"application\/ld+json\" class=\"yoast-schema-graph\">{\"@context\":\"https:\\\/\\\/schema.org\",\"@graph\":[{\"@type\":\"WebPage\",\"@id\":\"https:\\\/\\\/www.elicit-plant.com\\\/rs\\\/ukratko-o-kompaniji-elicit-plant\\\/\",\"url\":\"https:\\\/\\\/www.elicit-plant.com\\\/rs\\\/ukratko-o-kompaniji-elicit-plant\\\/\",\"name\":\"Ukratko o kompaniji Elicit Plant - Elicit Plant Srbija\",\"isPartOf\":{\"@id\":\"https:\\\/\\\/www.elicit-plant.com\\\/rs\\\/#website\"},\"primaryImageOfPage\":{\"@id\":\"https:\\\/\\\/www.elicit-plant.com\\\/rs\\\/ukratko-o-kompaniji-elicit-plant\\\/#primaryimage\"},\"image\":{\"@id\":\"https:\\\/\\\/www.elicit-plant.com\\\/rs\\\/ukratko-o-kompaniji-elicit-plant\\\/#primaryimage\"},\"thumbnailUrl\":\"https:\\\/\\\/www.elicit-plant.com\\\/app\\\/uploads\\\/sites\\\/13\\\/2025\\\/04\\\/Field-beeing-watered.jpg\",\"datePublished\":\"2025-04-16T13:57:13+00:00\",\"dateModified\":\"2026-03-10T09:33:14+00:00\",\"breadcrumb\":{\"@id\":\"https:\\\/\\\/www.elicit-plant.com\\\/rs\\\/ukratko-o-kompaniji-elicit-plant\\\/#breadcrumb\"},\"inLanguage\":\"sr-RS\",\"potentialAction\":[{\"@type\":\"ReadAction\",\"target\":[\"https:\\\/\\\/www.elicit-plant.com\\\/rs\\\/ukratko-o-kompaniji-elicit-plant\\\/\"]}]},{\"@type\":\"ImageObject\",\"inLanguage\":\"sr-RS\",\"@id\":\"https:\\\/\\\/www.elicit-plant.com\\\/rs\\\/ukratko-o-kompaniji-elicit-plant\\\/#primaryimage\",\"url\":\"https:\\\/\\\/www.elicit-plant.com\\\/app\\\/uploads\\\/sites\\\/13\\\/2025\\\/04\\\/Field-beeing-watered.jpg\",\"contentUrl\":\"https:\\\/\\\/www.elicit-plant.com\\\/app\\\/uploads\\\/sites\\\/13\\\/2025\\\/04\\\/Field-beeing-watered.jpg\",\"width\":1000,\"height\":667,\"caption\":\"polje koje se zaliva\"},{\"@type\":\"BreadcrumbList\",\"@id\":\"https:\\\/\\\/www.elicit-plant.com\\\/rs\\\/ukratko-o-kompaniji-elicit-plant\\\/#breadcrumb\",\"itemListElement\":[{\"@type\":\"ListItem\",\"position\":1,\"name\":\"Accueil\",\"item\":\"https:\\\/\\\/www.elicit-plant.com\\\/rs\\\/\"},{\"@type\":\"ListItem\",\"position\":2,\"name\":\"Ukratko o kompaniji Elicit Plant\"}]},{\"@type\":\"WebSite\",\"@id\":\"https:\\\/\\\/www.elicit-plant.com\\\/rs\\\/#website\",\"url\":\"https:\\\/\\\/www.elicit-plant.com\\\/rs\\\/\",\"name\":\"Elicit Plant Srbija\",\"description\":\"\",\"potentialAction\":[{\"@type\":\"SearchAction\",\"target\":{\"@type\":\"EntryPoint\",\"urlTemplate\":\"https:\\\/\\\/www.elicit-plant.com\\\/rs\\\/?s={search_term_string}\"},\"query-input\":{\"@type\":\"PropertyValueSpecification\",\"valueRequired\":true,\"valueName\":\"search_term_string\"}}],\"inLanguage\":\"sr-RS\"}]}<\/script>\n<!-- \/ Yoast SEO plugin. -->","yoast_head_json":{"title":"Ukratko o kompaniji Elicit Plant - Elicit Plant Srbija","robots":{"index":"index","follow":"follow","max-snippet":"max-snippet:-1","max-image-preview":"max-image-preview:large","max-video-preview":"max-video-preview:-1"},"canonical":"https:\/\/www.elicit-plant.com\/rs\/ukratko-o-kompaniji-elicit-plant\/","og_locale":"sr_RS","og_type":"article","og_title":"Ukratko o kompaniji Elicit Plant - Elicit Plant Srbija","og_description":"Indeks rodne ravnopravnosti 2025 U kompaniji Elicit Plant posve\u0107eni smo obezbe\u0111ivanju pravedne i ravnopravne zarade za sve. U 2025. godini na\u0161 Indeks rodne ravnopravnosti dostigao je 79\/100, \u0161to odra\u017eava na\u0161e kontinuirane napore u korist jednakosti u zaradama. Detalji rezultata: Razlika u zaradama: 39\/40 Nastavljamo da sprovodimo politiku zarada zasnovanu na objektivnoj proceni kompetencija i odgovornosti kako bismo obezbedili dugoro\u010dnu ravnopravnost izme\u0111u \u017eena i mu\u0161karaca. Razlika u stopi pove\u0107anja plata: 35\/35 Povratak sa porodiljskog odsustva: 0\/15 Prilikom povratka sa porodiljskog odsustva posveti\u0107emo posebnu pa\u017enju a\u017euriranju opsega radnog mesta i uskla\u0111ivanju zarade, kako bismo obezbedili povratak na posao u potpuno ravnopravnim uslovima. Najvi\u0161e zarade: 5\/10 Za pozicije sa ve\u0107om odgovorno\u0161\u0107u podstica\u0107emo ve\u0107u rodnu raznolikost, vode\u0107i ra\u010duna da identifikujemo kvalifikovane kandidatkinje i, u slu\u010daju jednakih kompetencija, vrednujemo raznolikost kako...","og_url":"https:\/\/www.elicit-plant.com\/rs\/ukratko-o-kompaniji-elicit-plant\/","og_site_name":"Elicit Plant Srbija","article_modified_time":"2026-03-10T09:33:14+00:00","og_image":[{"width":1000,"height":667,"url":"https:\/\/www.elicit-plant.com\/app\/uploads\/sites\/13\/2025\/04\/Field-beeing-watered.jpg","type":"image\/jpeg"}],"twitter_card":"summary_large_image","twitter_misc":{"\u041f\u0440\u043e\u0446\u0435\u045a\u0435\u043d\u043e \u0432\u0440\u0435\u043c\u0435 \u0447\u0438\u0442\u0430\u045a\u0430":"1 \u043c\u0438\u043d\u0443\u0442"},"schema":{"@context":"https:\/\/schema.org","@graph":[{"@type":"WebPage","@id":"https:\/\/www.elicit-plant.com\/rs\/ukratko-o-kompaniji-elicit-plant\/","url":"https:\/\/www.elicit-plant.com\/rs\/ukratko-o-kompaniji-elicit-plant\/","name":"Ukratko o kompaniji Elicit Plant - Elicit Plant Srbija","isPartOf":{"@id":"https:\/\/www.elicit-plant.com\/rs\/#website"},"primaryImageOfPage":{"@id":"https:\/\/www.elicit-plant.com\/rs\/ukratko-o-kompaniji-elicit-plant\/#primaryimage"},"image":{"@id":"https:\/\/www.elicit-plant.com\/rs\/ukratko-o-kompaniji-elicit-plant\/#primaryimage"},"thumbnailUrl":"https:\/\/www.elicit-plant.com\/app\/uploads\/sites\/13\/2025\/04\/Field-beeing-watered.jpg","datePublished":"2025-04-16T13:57:13+00:00","dateModified":"2026-03-10T09:33:14+00:00","breadcrumb":{"@id":"https:\/\/www.elicit-plant.com\/rs\/ukratko-o-kompaniji-elicit-plant\/#breadcrumb"},"inLanguage":"sr-RS","potentialAction":[{"@type":"ReadAction","target":["https:\/\/www.elicit-plant.com\/rs\/ukratko-o-kompaniji-elicit-plant\/"]}]},{"@type":"ImageObject","inLanguage":"sr-RS","@id":"https:\/\/www.elicit-plant.com\/rs\/ukratko-o-kompaniji-elicit-plant\/#primaryimage","url":"https:\/\/www.elicit-plant.com\/app\/uploads\/sites\/13\/2025\/04\/Field-beeing-watered.jpg","contentUrl":"https:\/\/www.elicit-plant.com\/app\/uploads\/sites\/13\/2025\/04\/Field-beeing-watered.jpg","width":1000,"height":667,"caption":"polje koje se zaliva"},{"@type":"BreadcrumbList","@id":"https:\/\/www.elicit-plant.com\/rs\/ukratko-o-kompaniji-elicit-plant\/#breadcrumb","itemListElement":[{"@type":"ListItem","position":1,"name":"Accueil","item":"https:\/\/www.elicit-plant.com\/rs\/"},{"@type":"ListItem","position":2,"name":"Ukratko o kompaniji Elicit Plant"}]},{"@type":"WebSite","@id":"https:\/\/www.elicit-plant.com\/rs\/#website","url":"https:\/\/www.elicit-plant.com\/rs\/","name":"Elicit Plant Srbija","description":"","potentialAction":[{"@type":"SearchAction","target":{"@type":"EntryPoint","urlTemplate":"https:\/\/www.elicit-plant.com\/rs\/?s={search_term_string}"},"query-input":{"@type":"PropertyValueSpecification","valueRequired":true,"valueName":"search_term_string"}}],"inLanguage":"sr-RS"}]}},"_links":{"self":[{"href":"https:\/\/www.elicit-plant.com\/rs\/wp-json\/wp\/v2\/pages\/162","targetHints":{"allow":["GET"]}}],"collection":[{"href":"https:\/\/www.elicit-plant.com\/rs\/wp-json\/wp\/v2\/pages"}],"about":[{"href":"https:\/\/www.elicit-plant.com\/rs\/wp-json\/wp\/v2\/types\/page"}],"author":[{"embeddable":true,"href":"https:\/\/www.elicit-plant.com\/rs\/wp-json\/wp\/v2\/users\/6"}],"replies":[{"embeddable":true,"href":"https:\/\/www.elicit-plant.com\/rs\/wp-json\/wp\/v2\/comments?post=162"}],"version-history":[{"count":8,"href":"https:\/\/www.elicit-plant.com\/rs\/wp-json\/wp\/v2\/pages\/162\/revisions"}],"predecessor-version":[{"id":618,"href":"https:\/\/www.elicit-plant.com\/rs\/wp-json\/wp\/v2\/pages\/162\/revisions\/618"}],"wp:featuredmedia":[{"embeddable":true,"href":"https:\/\/www.elicit-plant.com\/rs\/wp-json\/wp\/v2\/media\/10"}],"wp:attachment":[{"href":"https:\/\/www.elicit-plant.com\/rs\/wp-json\/wp\/v2\/media?parent=162"}],"curies":[{"name":"wp","href":"https:\/\/api.w.org\/{rel}","templated":true}]}}