{"id":168,"date":"2025-04-16T17:20:28","date_gmt":"2025-04-16T15:20:28","guid":{"rendered":"https:\/\/www.elicit-plant.com\/rs\/?page_id=168"},"modified":"2025-04-30T16:15:21","modified_gmt":"2025-04-30T14:15:21","slug":"saopstenja-za-medije","status":"publish","type":"page","link":"https:\/\/www.elicit-plant.com\/rs\/saopstenja-za-medije\/","title":{"rendered":"Saop\u0161tenja za medije"},"content":{"rendered":"<section class=\"cbo-hero cbo-margin-container hero--colorblue\" data-anim-group>\n\t<div class=\"cbo-breadcrumbs breadcrumbs--normal\">\n  <div class=\"breadcrumbs-inner\">\n    <span><span><a href=\"https:\/\/www.elicit-plant.com\/rs\/\">Accueil<\/a><\/span><\/span>\t<\/div>\n<\/div>\n\t<div class=\"hero-inner cbo-container container--padding\">\n\n\t\t<div class=\"hero-shapes\">\n\t\t\t<div class=\"shapes-color scale-up\"><\/div>\n\n\t\t\t<div class=\"shapes-picture cbo-picture-cover scale-up\"  data-delay=\"450\">\n\t\t\t\t<img decoding=\"async\" src=\"https:\/\/www.elicit-plant.com\/app\/uploads\/sites\/13\/2025\/04\/close-up-icture-of-stomates-320x320.jpg\" srcset=\"https:\/\/www.elicit-plant.com\/app\/uploads\/sites\/13\/2025\/04\/close-up-icture-of-stomates-320x320.jpg 320w, https:\/\/www.elicit-plant.com\/app\/uploads\/sites\/13\/2025\/04\/close-up-icture-of-stomates.jpg 768w\" class=\"\" alt=\"\" width=\"320\" height=\"320\" sizes=\"auto, 100vw\" loading=\"lazy\" \/>\t\t\t<\/div>\n\t\t<\/div>\n\n\t\t<div class=\"hero-content cbo-cms cms--large cms--white\">\n\t\t\t<div class=\"content-text\">\n\t\t\t\t<h1 class=\"hero-title cbo-heading slide-down\">\n\t\t\t\t\tSaop\u0161tenja za medije\t\t\t\t<\/h1>\n\n\t\t\t\t\t\t\t<\/div>\n\t\t<\/div>\n\n\t<\/div>\n<\/section>\n\n<section class=\"cbo-text cbo-margin-container\">\n    <div class=\"\n        text-inner\n                cbo-container\n        container--small        \"\n    >\n        <div class=\"text-content cbo-cms cms--large\">\n            <h2 style=\"text-align: left;\">O Elicit Plant-u<\/h2>\n<p><a href=\"https:\/\/www.elicit-plant.com\/es\/\">Elicit Plant<\/a> je jedina kompanija u sektoru AgTech koja se bavi efektima klimatskih promena na glavne poljoprivredne useve \u0161irom sveta, smanjuju\u0107i potro\u0161nju vode od strane biljaka za 20%. Njegova jedinstvena tehnologija, EliTerra\u00ae, zasnovana na egzogenoj primeni fitosterola \u2014 grupe biljnih molekula \u2014 pobolj\u0161ava otpornost biljaka na stres aktiviranjem njihovih prirodnih odbrambenih mehanizama.<br \/>\nStotine poljskih ispitivanja, zajedno sa brzim prihvatanjem poljoprivrednika na tri kontinenta (Brazil, Evropa i Sjedinjene Dr\u017eave) prvog proizvoda usmerenog na kukuruz, pokazuju da su njegova biolo\u0161ka re\u0161enja jedina koja garantuju prinos i nude poljoprivrednicima zna\u010dajan povrat investicije u uslovima nedostatka vode.<\/p>\n<p>ELICIT PLANT ve\u0107 uspe\u0161no posluje u Brazilu, Evropi i Ukrajini, a svoj rast je utrostru\u010dio u poslednje dve godine. Za vi\u0161e informacija, <a href=\"https:\/\/www.elicit-plant.com\/es\/contacto\/\">kontaktirajte na\u0161 tim savetnika.<\/a><\/p>\n\n            <div style=\"clear: both;\"><\/div>\n        <\/div>\n    <\/div>\n<\/section>\n\n\n<section class=\"cbo-textintro textintro--transparent\">\n    <div class=\"textintro-inner cbo-container container--small\">\n\n        \n                \n        <div class=\"textintro-content\">\n            <p>Otkrijte sve na\u0161e resurse za \u0161tampu: preuzmite na\u0161e logotipe, fotografije i dokumente kako biste predstavili Elicit Plant i njena inovativna revolucionarna re\u0161enja.<\/p>\n        <\/div>\n    <\/div>\n<\/section>\n\n\n<section class=\"cbo-textintro textintro--transparent\">\n    <div class=\"textintro-inner cbo-container container--small\">\n\n        \n                \n        <div class=\"textintro-content\">\n            <p>Saop\u0161tenja za medije<\/p>\n        <\/div>\n    <\/div>\n<\/section>\n\n\n<section class=\"cbo-downloads\">\n    <div class=\"downloads-inner cbo-container\">\n        <div class=\"downloads-list\" data-anim-group data-group-delay=\"100\">\n            \n                            <a class=\"list-el scale-up\" href=\"https:\/\/www.elicit-plant.com\/app\/uploads\/sites\/13\/2025\/04\/ELICIT1-1.jpg\" target=\"_blank\">\n                    <span class=\"el-inner\">\n                        <span class=\"el-picture cbo-picture-contain\">\n                            <div class=\"cbo-picture-placeholder\"><span>Image manquante<\/span><\/div>                        <\/span>\n\n                        <span class=\"el-content\">\n                                                            <span class=\"content-uptitle cbo-uptitle\">\n                                    Surtitre manquant                                <\/span>\n                                                       \n                                                            <span class=\"content-title cbo-title-4\">\n                                    Titre manquant                                <\/span>\n                                                    <\/span>\n\n                        <i class=\"icon icon-download\"><\/i>\n                    <\/span>\n                <\/a>\n            \n        <\/div>\n    <\/div>\n<\/section>\n\n<section class=\"cbo-textintro textintro--transparent\">\n    <div class=\"textintro-inner cbo-container container--small\">\n\n        \n                \n        <div class=\"textintro-content\">\n            <p>Prona\u0111ite seriju fotografija koje ilustruju istra\u017eivanje Elicit Plant-a, kao i logo kompanije.<\/p>\n        <\/div>\n    <\/div>\n<\/section>\n\n\n<section class=\"cbo-textintro textintro--transparent\">\n    <div class=\"textintro-inner cbo-container container--small\">\n\n        \n                \n        <div class=\"textintro-content\">\n            <p>Ikonografski resursi.<\/p>\n        <\/div>\n    <\/div>\n<\/section>\n\n\n<section class=\"cbo-text cbo-margin-container\">\n    <div class=\"\n        text-inner\n                cbo-container\n        container--small        \"\n    >\n        <div class=\"text-content cbo-cms cms--large\">\n            <div class=\"col-12 col-md-7\" style=\"text-align: center;\">Kada vam je potreban zvani\u010dni logo Elicit Plant za veb sajt ili publikaciju, koristite jedan od slede\u0107ih logotipa.<\/div>\n<p style=\"text-align: center;\"><a class=\"cbo-button\" href=\"https:\/\/www.elicit-plant.com\/fr\/wp-content\/uploads\/sites\/1\/2024\/03\/Elicit-Plant-logo-mark-full-color-rgb.png\">Preuzmite na\u0161 logo u vertikalnom formatu<\/a>\u00a0 \u00a0 <a class=\"cbo-button\" href=\"https:\/\/www.elicit-plant.com\/fr\/wp-content\/uploads\/sites\/1\/2024\/02\/Elicit-Plant-logo-full-color-rgb.png\">Preuzmite na\u0161 standardni logo<\/a><\/p>\n\n            <div style=\"clear: both;\"><\/div>\n        <\/div>\n    <\/div>\n<\/section>\n\n\n<section class=\"cbo-textintro textintro--transparent\">\n    <div class=\"textintro-inner cbo-container container--small\">\n\n        \n                \n        <div class=\"textintro-content\">\n            <p>Biblioteka fotografija<\/p>\n        <\/div>\n    <\/div>\n<\/section>\n\n\n<section class=\"cbo-text cbo-margin-container\">\n    <div class=\"\n        text-inner\n                cbo-container\n        container--small        \"\n    >\n        <div class=\"text-content cbo-cms cms--large\">\n            <p style=\"text-align: center;\">Prona\u0111ite slike koje ilustruju na\u0161e istra\u017eivanje i razvoj i razvoj re\u0161enja u nastavku. Ove slike su vlasni\u0161tvo Elicit Plant-a i moraju biti ozna\u010dene &#8222;Copyright Elicit Plant&#8220;. HD ilustracije i video materijali su dostupni na zahtev.<\/p>\n<p style=\"text-align: center;\"><a class=\"cbo-button\" href=\"https:\/\/www.elicit-plant.com\/rs\/kontaktirajte-nas\/\">Kontaktirajte nas<\/a><\/p>\n\n            <div style=\"clear: both;\"><\/div>\n        <\/div>\n    <\/div>\n<\/section>\n\n\n<section class=\"cbo-featuredlinks featuredlinks--colorsand\">\n\t<div class=\"featuredlinks-inner cbo-container container--padding\">\n\n\t\t\t\t\t<h2 class=\"cbo-title-2 featuredlinks-title\">\n\t\t\t\tSaznajte vi\u0161e o kompaniji Elicit Plant\t\t\t<\/h2>\n\t\t\n\t\t<div class=\"featuredlinks-list\" data-anim-group data-group-delay=\"100\">\n\t\t\t\n\t\t\t<div class=\"list-el\">\n\t\t\t\t<a class=\"el-inner\" href=\"https:\/\/www.elicit-plant.com\/rs\/nauka-i-tehnologija\/\">\n\n\t\t\t\t\t<figure class=\"inner-picture cbo-picture-cover\">\n\t\t\t\t\t\t<img decoding=\"async\" src=\"https:\/\/www.elicit-plant.com\/app\/uploads\/sites\/13\/2025\/04\/agronomical-scientist.jpg\" srcset=\"https:\/\/www.elicit-plant.com\/app\/uploads\/sites\/13\/2025\/04\/agronomical-scientist-320x320.jpg 320w, https:\/\/www.elicit-plant.com\/app\/uploads\/sites\/13\/2025\/04\/agronomical-scientist.jpg 840w, https:\/\/www.elicit-plant.com\/app\/uploads\/sites\/13\/2025\/04\/agronomical-scientist.jpg 1024w, https:\/\/www.elicit-plant.com\/app\/uploads\/sites\/13\/2025\/04\/agronomical-scientist.jpg 1400w\" class=\"\" alt=\"Agronomski nau\u010dnik koji prou\u010dava vodni stres\" width=\"402\" height=\"403\" sizes=\"auto, 100vw\" loading=\"lazy\" \/>\t\t\t\t\t<\/figure>\n\n\t\t\t\t\t<h3 class=\"inner-title cbo-title-3\">\n\t\t\t\t\t\tNa\u0161a nauka i tehnologija\t\t\t\t\t<\/h3>\n\n\t\t\t\t\t<span class=\"inner-button cbo-buttonmore\">\n\t\t\t\t\t\t<i class=\"icon icon-cross\"><\/i>\n\t\t\t\t\t<\/span>\n\t\t\t\t<\/a>\n\t\t\t<\/div>\n\n\t\t\t\n\t\t\t<div class=\"list-el\">\n\t\t\t\t<a class=\"el-inner\" href=\"https:\/\/www.elicit-plant.com\/rs\/nasa-kompanija\/\">\n\n\t\t\t\t\t<figure class=\"inner-picture cbo-picture-cover\">\n\t\t\t\t\t\t<img decoding=\"async\" src=\"https:\/\/www.elicit-plant.com\/app\/uploads\/sites\/13\/2025\/04\/Tractor-treating-fields-1-768x427.jpg\" srcset=\"https:\/\/www.elicit-plant.com\/app\/uploads\/sites\/13\/2025\/04\/Tractor-treating-fields-1-320x178.jpg 320w, https:\/\/www.elicit-plant.com\/app\/uploads\/sites\/13\/2025\/04\/Tractor-treating-fields-1-768x427.jpg 840w, https:\/\/www.elicit-plant.com\/app\/uploads\/sites\/13\/2025\/04\/Tractor-treating-fields-1-768x427.jpg 1024w, https:\/\/www.elicit-plant.com\/app\/uploads\/sites\/13\/2025\/04\/Tractor-treating-fields-1-768x427.jpg 1400w\" class=\"\" alt=\"Traktor tretira polja\" width=\"768\" height=\"427\" sizes=\"auto, 100vw\" loading=\"lazy\" \/>\t\t\t\t\t<\/figure>\n\n\t\t\t\t\t<h3 class=\"inner-title cbo-title-3\">\n\t\t\t\t\t\tNa\u0161a kompanija\t\t\t\t\t<\/h3>\n\n\t\t\t\t\t<span class=\"inner-button cbo-buttonmore\">\n\t\t\t\t\t\t<i class=\"icon icon-cross\"><\/i>\n\t\t\t\t\t<\/span>\n\t\t\t\t<\/a>\n\t\t\t<\/div>\n\n\t\t\t\t\t<\/div>\n\n\t<\/div>\n<\/section>\n","protected":false},"excerpt":{"rendered":"<p>O Elicit Plant-u Elicit Plant je jedina kompanija u sektoru AgTech koja se bavi efektima klimatskih promena na glavne poljoprivredne useve \u0161irom sveta, smanjuju\u0107i potro\u0161nju vode od strane biljaka za 20%. Njegova jedinstvena tehnologija, EliTerra\u00ae, zasnovana na egzogenoj primeni fitosterola \u2014 grupe biljnih molekula \u2014 pobolj\u0161ava otpornost biljaka na stres aktiviranjem njihovih prirodnih odbrambenih mehanizama. Stotine poljskih ispitivanja, zajedno sa brzim prihvatanjem poljoprivrednika na tri kontinenta (Brazil, Evropa i Sjedinjene Dr\u017eave) prvog proizvoda usmerenog na kukuruz, pokazuju da su njegova biolo\u0161ka re\u0161enja jedina koja garantuju prinos i nude poljoprivrednicima zna\u010dajan povrat investicije u uslovima nedostatka vode. ELICIT PLANT ve\u0107 uspe\u0161no posluje u Brazilu, Evropi i Ukrajini, a svoj rast je utrostru\u010dio u poslednje dve godine. Za vi\u0161e informacija, kontaktirajte na\u0161 tim savetnika. Kada vam je potreban zvani\u010dni logo Elicit Plant za veb sajt ili publikaciju,&#8230;<\/p>\n","protected":false},"author":6,"featured_media":8,"parent":0,"menu_order":0,"comment_status":"closed","ping_status":"closed","template":"","meta":{"_acf_changed":false,"footnotes":""},"class_list":["post-168","page","type-page","status-publish","has-post-thumbnail","hentry"],"acf":[],"yoast_head":"<!-- This site is optimized with the Yoast SEO plugin v27.3 - https:\/\/yoast.com\/product\/yoast-seo-wordpress\/ -->\n<title>Saop\u0161tenja za medije - Elicit Plant Srbija<\/title>\n<meta name=\"description\" content=\"Otkrijte sve resurse za medije: logotipe, fotografije i dokumente za predstavljanje kompanije Elicit Plant i njenih revolucionarnih inovacija.\" \/>\n<meta name=\"robots\" content=\"index, follow, max-snippet:-1, max-image-preview:large, max-video-preview:-1\" \/>\n<link rel=\"canonical\" href=\"https:\/\/www.elicit-plant.com\/rs\/saopstenja-za-medije\/\" \/>\n<meta property=\"og:locale\" content=\"sr_RS\" \/>\n<meta property=\"og:type\" content=\"article\" \/>\n<meta property=\"og:title\" content=\"Saop\u0161tenja za medije - Elicit Plant Srbija\" \/>\n<meta property=\"og:description\" content=\"Otkrijte sve resurse za medije: logotipe, fotografije i dokumente za predstavljanje kompanije Elicit Plant i njenih revolucionarnih inovacija.\" \/>\n<meta property=\"og:url\" content=\"https:\/\/www.elicit-plant.com\/rs\/saopstenja-za-medije\/\" \/>\n<meta property=\"og:site_name\" content=\"Elicit Plant Srbija\" \/>\n<meta property=\"article:modified_time\" content=\"2025-04-30T14:15:21+00:00\" \/>\n<meta property=\"og:image\" content=\"https:\/\/www.elicit-plant.com\/rs\/wp-content\/uploads\/sites\/13\/2025\/04\/close-up-icture-of-stomates.jpg\" \/>\n\t<meta property=\"og:image:width\" content=\"456\" \/>\n\t<meta property=\"og:image:height\" content=\"456\" \/>\n\t<meta property=\"og:image:type\" content=\"image\/jpeg\" \/>\n<meta name=\"twitter:card\" content=\"summary_large_image\" \/>\n<meta name=\"twitter:label1\" content=\"\u041f\u0440\u043e\u0446\u0435\u045a\u0435\u043d\u043e \u0432\u0440\u0435\u043c\u0435 \u0447\u0438\u0442\u0430\u045a\u0430\" \/>\n\t<meta name=\"twitter:data1\" content=\"1 \u043c\u0438\u043d\u0443\u0442\" \/>\n<script type=\"application\/ld+json\" class=\"yoast-schema-graph\">{\"@context\":\"https:\\\/\\\/schema.org\",\"@graph\":[{\"@type\":\"WebPage\",\"@id\":\"https:\\\/\\\/www.elicit-plant.com\\\/rs\\\/saopstenja-za-medije\\\/\",\"url\":\"https:\\\/\\\/www.elicit-plant.com\\\/rs\\\/saopstenja-za-medije\\\/\",\"name\":\"Saop\u0161tenja za medije - Elicit Plant Srbija\",\"isPartOf\":{\"@id\":\"https:\\\/\\\/www.elicit-plant.com\\\/rs\\\/#website\"},\"primaryImageOfPage\":{\"@id\":\"https:\\\/\\\/www.elicit-plant.com\\\/rs\\\/saopstenja-za-medije\\\/#primaryimage\"},\"image\":{\"@id\":\"https:\\\/\\\/www.elicit-plant.com\\\/rs\\\/saopstenja-za-medije\\\/#primaryimage\"},\"thumbnailUrl\":\"https:\\\/\\\/www.elicit-plant.com\\\/app\\\/uploads\\\/sites\\\/13\\\/2025\\\/04\\\/close-up-icture-of-stomates.jpg\",\"datePublished\":\"2025-04-16T15:20:28+00:00\",\"dateModified\":\"2025-04-30T14:15:21+00:00\",\"description\":\"Otkrijte sve resurse za medije: logotipe, fotografije i dokumente za predstavljanje kompanije Elicit Plant i njenih revolucionarnih inovacija.\",\"breadcrumb\":{\"@id\":\"https:\\\/\\\/www.elicit-plant.com\\\/rs\\\/saopstenja-za-medije\\\/#breadcrumb\"},\"inLanguage\":\"sr-RS\",\"potentialAction\":[{\"@type\":\"ReadAction\",\"target\":[\"https:\\\/\\\/www.elicit-plant.com\\\/rs\\\/saopstenja-za-medije\\\/\"]}]},{\"@type\":\"ImageObject\",\"inLanguage\":\"sr-RS\",\"@id\":\"https:\\\/\\\/www.elicit-plant.com\\\/rs\\\/saopstenja-za-medije\\\/#primaryimage\",\"url\":\"https:\\\/\\\/www.elicit-plant.com\\\/app\\\/uploads\\\/sites\\\/13\\\/2025\\\/04\\\/close-up-icture-of-stomates.jpg\",\"contentUrl\":\"https:\\\/\\\/www.elicit-plant.com\\\/app\\\/uploads\\\/sites\\\/13\\\/2025\\\/04\\\/close-up-icture-of-stomates.jpg\",\"width\":456,\"height\":456,\"caption\":\"makro fotografija stoma\"},{\"@type\":\"BreadcrumbList\",\"@id\":\"https:\\\/\\\/www.elicit-plant.com\\\/rs\\\/saopstenja-za-medije\\\/#breadcrumb\",\"itemListElement\":[{\"@type\":\"ListItem\",\"position\":1,\"name\":\"Accueil\",\"item\":\"https:\\\/\\\/www.elicit-plant.com\\\/rs\\\/\"},{\"@type\":\"ListItem\",\"position\":2,\"name\":\"Saop\u0161tenja za medije\"}]},{\"@type\":\"WebSite\",\"@id\":\"https:\\\/\\\/www.elicit-plant.com\\\/rs\\\/#website\",\"url\":\"https:\\\/\\\/www.elicit-plant.com\\\/rs\\\/\",\"name\":\"Elicit Plant Srbija\",\"description\":\"\",\"potentialAction\":[{\"@type\":\"SearchAction\",\"target\":{\"@type\":\"EntryPoint\",\"urlTemplate\":\"https:\\\/\\\/www.elicit-plant.com\\\/rs\\\/?s={search_term_string}\"},\"query-input\":{\"@type\":\"PropertyValueSpecification\",\"valueRequired\":true,\"valueName\":\"search_term_string\"}}],\"inLanguage\":\"sr-RS\"}]}<\/script>\n<!-- \/ Yoast SEO plugin. -->","yoast_head_json":{"title":"Saop\u0161tenja za medije - Elicit Plant Srbija","description":"Otkrijte sve resurse za medije: logotipe, fotografije i dokumente za predstavljanje kompanije Elicit Plant i njenih revolucionarnih inovacija.","robots":{"index":"index","follow":"follow","max-snippet":"max-snippet:-1","max-image-preview":"max-image-preview:large","max-video-preview":"max-video-preview:-1"},"canonical":"https:\/\/www.elicit-plant.com\/rs\/saopstenja-za-medije\/","og_locale":"sr_RS","og_type":"article","og_title":"Saop\u0161tenja za medije - Elicit Plant Srbija","og_description":"Otkrijte sve resurse za medije: logotipe, fotografije i dokumente za predstavljanje kompanije Elicit Plant i njenih revolucionarnih inovacija.","og_url":"https:\/\/www.elicit-plant.com\/rs\/saopstenja-za-medije\/","og_site_name":"Elicit Plant Srbija","article_modified_time":"2025-04-30T14:15:21+00:00","og_image":[{"width":456,"height":456,"url":"https:\/\/www.elicit-plant.com\/rs\/wp-content\/uploads\/sites\/13\/2025\/04\/close-up-icture-of-stomates.jpg","type":"image\/jpeg"}],"twitter_card":"summary_large_image","twitter_misc":{"\u041f\u0440\u043e\u0446\u0435\u045a\u0435\u043d\u043e \u0432\u0440\u0435\u043c\u0435 \u0447\u0438\u0442\u0430\u045a\u0430":"1 \u043c\u0438\u043d\u0443\u0442"},"schema":{"@context":"https:\/\/schema.org","@graph":[{"@type":"WebPage","@id":"https:\/\/www.elicit-plant.com\/rs\/saopstenja-za-medije\/","url":"https:\/\/www.elicit-plant.com\/rs\/saopstenja-za-medije\/","name":"Saop\u0161tenja za medije - Elicit Plant Srbija","isPartOf":{"@id":"https:\/\/www.elicit-plant.com\/rs\/#website"},"primaryImageOfPage":{"@id":"https:\/\/www.elicit-plant.com\/rs\/saopstenja-za-medije\/#primaryimage"},"image":{"@id":"https:\/\/www.elicit-plant.com\/rs\/saopstenja-za-medije\/#primaryimage"},"thumbnailUrl":"https:\/\/www.elicit-plant.com\/app\/uploads\/sites\/13\/2025\/04\/close-up-icture-of-stomates.jpg","datePublished":"2025-04-16T15:20:28+00:00","dateModified":"2025-04-30T14:15:21+00:00","description":"Otkrijte sve resurse za medije: logotipe, fotografije i dokumente za predstavljanje kompanije Elicit Plant i njenih revolucionarnih inovacija.","breadcrumb":{"@id":"https:\/\/www.elicit-plant.com\/rs\/saopstenja-za-medije\/#breadcrumb"},"inLanguage":"sr-RS","potentialAction":[{"@type":"ReadAction","target":["https:\/\/www.elicit-plant.com\/rs\/saopstenja-za-medije\/"]}]},{"@type":"ImageObject","inLanguage":"sr-RS","@id":"https:\/\/www.elicit-plant.com\/rs\/saopstenja-za-medije\/#primaryimage","url":"https:\/\/www.elicit-plant.com\/app\/uploads\/sites\/13\/2025\/04\/close-up-icture-of-stomates.jpg","contentUrl":"https:\/\/www.elicit-plant.com\/app\/uploads\/sites\/13\/2025\/04\/close-up-icture-of-stomates.jpg","width":456,"height":456,"caption":"makro fotografija stoma"},{"@type":"BreadcrumbList","@id":"https:\/\/www.elicit-plant.com\/rs\/saopstenja-za-medije\/#breadcrumb","itemListElement":[{"@type":"ListItem","position":1,"name":"Accueil","item":"https:\/\/www.elicit-plant.com\/rs\/"},{"@type":"ListItem","position":2,"name":"Saop\u0161tenja za medije"}]},{"@type":"WebSite","@id":"https:\/\/www.elicit-plant.com\/rs\/#website","url":"https:\/\/www.elicit-plant.com\/rs\/","name":"Elicit Plant Srbija","description":"","potentialAction":[{"@type":"SearchAction","target":{"@type":"EntryPoint","urlTemplate":"https:\/\/www.elicit-plant.com\/rs\/?s={search_term_string}"},"query-input":{"@type":"PropertyValueSpecification","valueRequired":true,"valueName":"search_term_string"}}],"inLanguage":"sr-RS"}]}},"_links":{"self":[{"href":"https:\/\/www.elicit-plant.com\/rs\/wp-json\/wp\/v2\/pages\/168","targetHints":{"allow":["GET"]}}],"collection":[{"href":"https:\/\/www.elicit-plant.com\/rs\/wp-json\/wp\/v2\/pages"}],"about":[{"href":"https:\/\/www.elicit-plant.com\/rs\/wp-json\/wp\/v2\/types\/page"}],"author":[{"embeddable":true,"href":"https:\/\/www.elicit-plant.com\/rs\/wp-json\/wp\/v2\/users\/6"}],"replies":[{"embeddable":true,"href":"https:\/\/www.elicit-plant.com\/rs\/wp-json\/wp\/v2\/comments?post=168"}],"version-history":[{"count":6,"href":"https:\/\/www.elicit-plant.com\/rs\/wp-json\/wp\/v2\/pages\/168\/revisions"}],"predecessor-version":[{"id":463,"href":"https:\/\/www.elicit-plant.com\/rs\/wp-json\/wp\/v2\/pages\/168\/revisions\/463"}],"wp:featuredmedia":[{"embeddable":true,"href":"https:\/\/www.elicit-plant.com\/rs\/wp-json\/wp\/v2\/media\/8"}],"wp:attachment":[{"href":"https:\/\/www.elicit-plant.com\/rs\/wp-json\/wp\/v2\/media?parent=168"}],"curies":[{"name":"wp","href":"https:\/\/api.w.org\/{rel}","templated":true}]}}