{"id":228,"date":"2025-04-17T09:47:31","date_gmt":"2025-04-17T07:47:31","guid":{"rendered":"https:\/\/www.elicit-plant.com\/rs\/?page_id=228"},"modified":"2025-10-02T10:45:16","modified_gmt":"2025-10-02T08:45:16","slug":"hvala-conversionok","status":"publish","type":"page","link":"https:\/\/www.elicit-plant.com\/rs\/hvala-conversionok\/","title":{"rendered":"Hvala"},"content":{"rendered":"<section class=\"cbo-hero cbo-margin-container hero--colorgreen\" data-anim-group>\n\t<div class=\"cbo-breadcrumbs breadcrumbs--normal\">\n  <div class=\"breadcrumbs-inner\">\n    <span><span><a href=\"https:\/\/www.elicit-plant.com\/rs\/\">Accueil<\/a><\/span><\/span>\t<\/div>\n<\/div>\n\t<div class=\"hero-inner cbo-container container--padding\">\n\n\t\t<div class=\"hero-shapes\">\n\t\t\t<div class=\"shapes-color scale-up\"><\/div>\n\n\t\t\t<div class=\"shapes-picture cbo-picture-cover scale-up\"  data-delay=\"450\">\n\t\t\t\t\t\t\t<\/div>\n\t\t<\/div>\n\n\t\t<div class=\"hero-content cbo-cms cms--large cms--white\">\n\t\t\t<div class=\"content-text\">\n\t\t\t\t<h1 class=\"hero-title cbo-heading slide-down\">\n\t\t\t\t\tHvala\t\t\t\t<\/h1>\n\n\t\t\t\t\t\t\t<\/div>\n\t\t<\/div>\n\n\t<\/div>\n<\/section>\n\n<section class=\"cbo-textintro textintro--transparent\">\n    <div class=\"textintro-inner cbo-container container--small\">\n\n                <div class=\"textintro-picture cbo-picture-contain\">\n\t\t\t<img decoding=\"async\" src=\"https:\/\/www.elicit-plant.com\/app\/uploads\/sites\/13\/2025\/04\/icon-logo-mark.svg\"  class=\"\" alt=\"Logo EP\" width=\"1\" height=\"1\" sizes=\"auto, 100vw\" loading=\"lazy\" \/>\t\t<\/div>\n        \n                \n        <div class=\"textintro-content\">\n            <p style=\"text-align: center;\">Va\u0161 zahtev je uspe\u0161no primljen.<br \/>\nUskoro \u0107emo vam se javiti.<\/p>\n<p style=\"text-align: center;\"><a class=\"cbo-button\" href=\"https:\/\/www.elicit-plant.com\/rs\">Povratak na po\u010detnu stranicu<\/a><\/p>\n        <\/div>\n    <\/div>\n<\/section>\n\n\n\n<section class=\"cbo-articleslider cbo-margin-container\">\n\t<div class=\"articleslider-inner cbo-container container--pading\">\n\n\t\t\t\t\t<h3 class=\"articleslider-title cbo-title-2\">\n\t\t\t\tMalo za \u010ditanje?\t\t\t<\/h3>\n\t\t\n\t\t<div class=\"articleslider-tabs\">\n\t\t\t\t\t\t\t<div class=\"tabs-inner\">\n\t\t\t\t\t<div class=\"tabs-titlelist\">\n\t\t\t\t\t\t\t\t\t\t\t\t\t<span\n\t\t\t\t\t\t\t\tclass=\"titlelist-el cbo-button button--active\"\n\t\t\t\t\t\t\t\tid=\"onglet_1\"\n\t\t\t\t\t\t\t>\n\t\t\t\t\t\t\t\tBlog\t\t\t\t\t\t\t<\/span>\n\t\t\t\t\t\t\t\t\t\t\t\t\t\t\t\t\t\t<\/div>\n\n\t\t\t\t\t\t\t\t\t\t\t<div class=\"tabs-content articleslider-list content--active\"  id=\"contenu_onglet_1\">\n\t\t\t\t\t\t\t<article class=\"cbo-article\">\n\t<a href=\"https:\/\/www.elicit-plant.com\/rs\/klimatske-promene\/centralna-srbija-2026-izmedju-suse-i-obilja\/\" class=\"article-inner\">\n\n\t\t<span class=\"article-content\">\n\t\t\t\t\t\t\t<span class=\"content-category cbo-uptitle\">\n\t\t\t\t\t<span>Klimatske promene<\/span>\t\t\t\t<\/span>\n\t\t\t\n\t\t\t<p class=\"content-title\">\n\t\t\t\tCentralna Srbija 2026: izme\u0111u su\u0161e i obilja\t\t\t<\/p>\n\n\t\t\t<time class=\"content-time\" itemprop=\"dateCreated\" datetime=\"24 \u0430\u043f\u0440\u0438\u043b 2026\">\n\t\t\t\tObjavljeno dana 24 \u0430\u043f\u0440\u0438\u043b 2026\t\t\t<\/time>\n\n\t\t\t<span class=\"content-button cbo-buttonmore\">\n\t\t\t\t<i class=\"icon icon-cross\"><\/i>\n\t\t\t<\/span>\n\t\t<\/span>\n\n\t\t\t\t<span class=\"article-picture cbo-picture-cover\">\n\t\t\t<img decoding=\"async\" src=\"https:\/\/www.elicit-plant.com\/app\/uploads\/sites\/13\/2026\/04\/Untitled-design-16-768x512.jpg\"  sizes=\"100vw\" class=\"\" alt=\"\"  loading=\"lazy\" \/>\t\t<\/span>\n\t\t\n\t<\/a>\n<\/article><article class=\"cbo-article\">\n\t<a href=\"https:\/\/www.elicit-plant.com\/rs\/klimatske-promene\/vojvodina-2026-zima-je-dala-prolece-uzima\/\" class=\"article-inner\">\n\n\t\t<span class=\"article-content\">\n\t\t\t\t\t\t\t<span class=\"content-category cbo-uptitle\">\n\t\t\t\t\t<span>Klimatske promene<\/span>\t\t\t\t<\/span>\n\t\t\t\n\t\t\t<p class=\"content-title\">\n\t\t\t\tVojvodina 2026: zima je dala, prole\u0107e uzima\t\t\t<\/p>\n\n\t\t\t<time class=\"content-time\" itemprop=\"dateCreated\" datetime=\"20 \u0430\u043f\u0440\u0438\u043b 2026\">\n\t\t\t\tObjavljeno dana 20 \u0430\u043f\u0440\u0438\u043b 2026\t\t\t<\/time>\n\n\t\t\t<span class=\"content-button cbo-buttonmore\">\n\t\t\t\t<i class=\"icon icon-cross\"><\/i>\n\t\t\t<\/span>\n\t\t<\/span>\n\n\t\t\t\t<span class=\"article-picture cbo-picture-cover\">\n\t\t\t<img decoding=\"async\" src=\"https:\/\/www.elicit-plant.com\/app\/uploads\/sites\/13\/2026\/04\/Untitled-design-10-768x512.jpg\"  sizes=\"100vw\" class=\"\" alt=\"\"  loading=\"lazy\" \/>\t\t<\/span>\n\t\t\n\t<\/a>\n<\/article><article class=\"cbo-article\">\n\t<a href=\"https:\/\/www.elicit-plant.com\/rs\/vodni-stres\/medjunarodni-dan-voda-efikasno-koriscenje-vode-i-klimatska-otpornost-u-poljoprivredi-globalni-dokazi-i-prakticna-resenja\/\" class=\"article-inner\">\n\n\t\t<span class=\"article-content\">\n\t\t\t\t\t\t\t<span class=\"content-category cbo-uptitle\">\n\t\t\t\t\t<span>Vodni stres<\/span>\t\t\t\t<\/span>\n\t\t\t\n\t\t\t<p class=\"content-title\">\n\t\t\t\tMe\u0111unarodni dan voda \u2013 Efikasno kori\u0161\u0107enje vode i klimatska otpornost u poljoprivredi: globalni dokazi i prakti\u010dna re\u0161enja\t\t\t<\/p>\n\n\t\t\t<time class=\"content-time\" itemprop=\"dateCreated\" datetime=\"22 \u043c\u0430\u0440\u0442 2026\">\n\t\t\t\tObjavljeno dana 22 \u043c\u0430\u0440\u0442 2026\t\t\t<\/time>\n\n\t\t\t<span class=\"content-button cbo-buttonmore\">\n\t\t\t\t<i class=\"icon icon-cross\"><\/i>\n\t\t\t<\/span>\n\t\t<\/span>\n\n\t\t\t\t<span class=\"article-picture cbo-picture-cover\">\n\t\t\t<img decoding=\"async\" src=\"https:\/\/www.elicit-plant.com\/app\/uploads\/sites\/13\/2026\/03\/International-Water-Day-768x430.jpg\"  sizes=\"100vw\" class=\"\" alt=\"\"  loading=\"lazy\" \/>\t\t<\/span>\n\t\t\n\t<\/a>\n<\/article>\t\t\t\t\t\t<\/div>\n\t\t\t\t\t\t\t\t\t\t\t\n\t\t\t\t<\/div>\n\t\t\t\t\t<\/div>\n\t<\/div>\n<\/section>\n\n<section class=\"cbo-productpush\">\n\t<div class=\"productpush-inner cbo-container container--padding\">\n\n\t\t\t\t<h2 class=\"productpush-title\">\n\t\t\tOtkrijte na\u0161a re\u0161enja protiv vodenog stresa\t\t<\/h2>\n\t\t\n\t\t<div class=\"productpush-list\">\n\t\t\t\t\t\t<div class=\"list-el\">\n\t\t\t\t<a href=\"https:\/\/www.elicit-plant.com\/rs\/proizvodi\/maksimalno-iskoristite-svaki-hektar-uz-elizea\/\" class=\"cbo-product product--orange\">\n\t<span class=\"product-picture\">\n\t\t<span class=\"picture-background cbo-picture-cover\">\n\t\t\t<img decoding=\"async\" src=\"https:\/\/www.elicit-plant.com\/app\/uploads\/sites\/13\/2026\/04\/EliZea-Multi-Award-315x320.png\" srcset=\"https:\/\/www.elicit-plant.com\/app\/uploads\/sites\/13\/2026\/04\/EliZea-Multi-Award.png 768w, https:\/\/www.elicit-plant.com\/app\/uploads\/sites\/13\/2026\/04\/EliZea-Multi-Award.png 1024w\" class=\"\" alt=\"EliZea vi\u0161estruko nagra\u0111ivan proizvod\" width=\"315\" height=\"320\" sizes=\"auto, 100vw\" loading=\"lazy\" \/>\t\t<\/span>\n\t\t<span class=\"picture-thumbnail cbo-picture-contain\">\n\t\t\t<img decoding=\"async\" src=\"https:\/\/www.elicit-plant.com\/app\/uploads\/sites\/13\/2025\/04\/EliZea-biais-SR-570x768.png\"  sizes=\"100vw\" class=\"\" alt=\"EliZea kukuruz u zrnu\"  loading=\"lazy\" \/>\t\t<\/span>\n\t<\/span>\n\t<h3 class=\"product-title cbo-title-4\">\n\t\tMaksimalno iskoristite svaki hektar uz EliZea\t<\/h3>\n<\/a>\t\t\t<\/div>\n\t\t\t\t\t\t<div class=\"list-el\">\n\t\t\t\t<a href=\"https:\/\/www.elicit-plant.com\/rs\/proizvodi\/elizon-soja\/\" class=\"cbo-product product--green\">\n\t<span class=\"product-picture\">\n\t\t<span class=\"picture-background cbo-picture-cover\">\n\t\t\t<img decoding=\"async\" src=\"https:\/\/www.elicit-plant.com\/app\/uploads\/sites\/13\/2026\/03\/Soia-icon-316x320.png\" srcset=\"https:\/\/www.elicit-plant.com\/app\/uploads\/sites\/13\/2026\/03\/Soia-icon.png 768w, https:\/\/www.elicit-plant.com\/app\/uploads\/sites\/13\/2026\/03\/Soia-icon.png 1024w\" class=\"\" alt=\"Soja icon\" width=\"316\" height=\"320\" sizes=\"auto, 100vw\" loading=\"lazy\" \/>\t\t<\/span>\n\t\t<span class=\"picture-thumbnail cbo-picture-contain\">\n\t\t\t<img decoding=\"async\" src=\"https:\/\/www.elicit-plant.com\/app\/uploads\/sites\/13\/2026\/03\/EliZon-biais-RS-570x768.png\"  sizes=\"100vw\" class=\"\" alt=\"EliZon\"  loading=\"lazy\" \/>\t\t<\/span>\n\t<\/span>\n\t<h3 class=\"product-title cbo-title-4\">\n\t\tEliZon: soja\t<\/h3>\n<\/a>\t\t\t<\/div>\n\t\t\t\t\t\t<div class=\"list-el\">\n\t\t\t\t<a href=\"https:\/\/www.elicit-plant.com\/rs\/proizvodi\/elisun-a-suncokret\/\" class=\"cbo-product product--brown\">\n\t<span class=\"product-picture\">\n\t\t<span class=\"picture-background cbo-picture-cover\">\n\t\t\t<img decoding=\"async\" src=\"https:\/\/www.elicit-plant.com\/app\/uploads\/sites\/13\/2026\/03\/img-produit-background-pattern_tournesol@2x-316x320.png\" srcset=\"https:\/\/www.elicit-plant.com\/app\/uploads\/sites\/13\/2026\/03\/img-produit-background-pattern_tournesol@2x.png 768w, https:\/\/www.elicit-plant.com\/app\/uploads\/sites\/13\/2026\/03\/img-produit-background-pattern_tournesol@2x.png 1024w\" class=\"\" alt=\"EliSun-a icon\" width=\"316\" height=\"320\" sizes=\"auto, 100vw\" loading=\"lazy\" \/>\t\t<\/span>\n\t\t<span class=\"picture-thumbnail cbo-picture-contain\">\n\t\t\t<img decoding=\"async\" src=\"https:\/\/www.elicit-plant.com\/app\/uploads\/sites\/13\/2026\/03\/EliSun-biais-RS-570x768.png\"  sizes=\"100vw\" class=\"\" alt=\"EliSun-a\"  loading=\"lazy\" \/>\t\t<\/span>\n\t<\/span>\n\t<h3 class=\"product-title cbo-title-4\">\n\t\tEliSun-a: suncokret\t<\/h3>\n<\/a>\t\t\t<\/div>\n\t\t\t\t\t\t<div class=\"list-el\">\n\t\t\t\t<a href=\"https:\/\/www.elicit-plant.com\/rs\/proizvodi\/eligrain-a-jari-jecam\/\" class=\"cbo-product product--yellow\">\n\t<span class=\"product-picture\">\n\t\t<span class=\"picture-background cbo-picture-cover\">\n\t\t\t<img decoding=\"async\" src=\"https:\/\/www.elicit-plant.com\/app\/uploads\/sites\/13\/2026\/03\/EliGrain-a-315x320.png\" srcset=\"https:\/\/www.elicit-plant.com\/app\/uploads\/sites\/13\/2026\/03\/EliGrain-a.png 768w, https:\/\/www.elicit-plant.com\/app\/uploads\/sites\/13\/2026\/03\/EliGrain-a.png 1024w\" class=\"\" alt=\"EliGrain-a\" width=\"315\" height=\"320\" sizes=\"auto, 100vw\" loading=\"lazy\" \/>\t\t<\/span>\n\t\t<span class=\"picture-thumbnail cbo-picture-contain\">\n\t\t\t<img decoding=\"async\" src=\"https:\/\/www.elicit-plant.com\/app\/uploads\/sites\/13\/2026\/03\/EliGrain-biais-RS-570x768.png\"  sizes=\"100vw\" class=\"\" alt=\"EliGrain biais RS\"  loading=\"lazy\" \/>\t\t<\/span>\n\t<\/span>\n\t<h3 class=\"product-title cbo-title-4\">\n\t\tEliGrain-a: jari je\u010dam\t<\/h3>\n<\/a>\t\t\t<\/div>\n\t\t\t\t\t<\/div>\n\n\t<\/div>\n<\/section>","protected":false},"excerpt":{"rendered":"","protected":false},"author":6,"featured_media":0,"parent":0,"menu_order":0,"comment_status":"closed","ping_status":"closed","template":"","meta":{"_acf_changed":false,"footnotes":""},"class_list":["post-228","page","type-page","status-publish","hentry"],"acf":[],"yoast_head":"<!-- This site is optimized with the Yoast SEO plugin v27.3 - https:\/\/yoast.com\/product\/yoast-seo-wordpress\/ -->\n<title>Hvala - Elicit Plant Srbija<\/title>\n<meta name=\"robots\" content=\"noindex, follow\" \/>\n<meta property=\"og:locale\" content=\"sr_RS\" \/>\n<meta property=\"og:type\" content=\"article\" \/>\n<meta property=\"og:title\" content=\"Hvala - Elicit Plant Srbija\" \/>\n<meta property=\"og:url\" content=\"https:\/\/www.elicit-plant.com\/rs\/hvala-conversionok\/\" \/>\n<meta property=\"og:site_name\" content=\"Elicit Plant Srbija\" \/>\n<meta property=\"article:modified_time\" content=\"2025-10-02T08:45:16+00:00\" \/>\n<meta name=\"twitter:card\" content=\"summary_large_image\" \/>\n<script type=\"application\/ld+json\" class=\"yoast-schema-graph\">{\"@context\":\"https:\\\/\\\/schema.org\",\"@graph\":[{\"@type\":\"WebPage\",\"@id\":\"https:\\\/\\\/www.elicit-plant.com\\\/rs\\\/hvala-conversionok\\\/\",\"url\":\"https:\\\/\\\/www.elicit-plant.com\\\/rs\\\/hvala-conversionok\\\/\",\"name\":\"Hvala - Elicit Plant Srbija\",\"isPartOf\":{\"@id\":\"https:\\\/\\\/www.elicit-plant.com\\\/rs\\\/#website\"},\"datePublished\":\"2025-04-17T07:47:31+00:00\",\"dateModified\":\"2025-10-02T08:45:16+00:00\",\"breadcrumb\":{\"@id\":\"https:\\\/\\\/www.elicit-plant.com\\\/rs\\\/hvala-conversionok\\\/#breadcrumb\"},\"inLanguage\":\"sr-RS\",\"potentialAction\":[{\"@type\":\"ReadAction\",\"target\":[\"https:\\\/\\\/www.elicit-plant.com\\\/rs\\\/hvala-conversionok\\\/\"]}]},{\"@type\":\"BreadcrumbList\",\"@id\":\"https:\\\/\\\/www.elicit-plant.com\\\/rs\\\/hvala-conversionok\\\/#breadcrumb\",\"itemListElement\":[{\"@type\":\"ListItem\",\"position\":1,\"name\":\"Accueil\",\"item\":\"https:\\\/\\\/www.elicit-plant.com\\\/rs\\\/\"},{\"@type\":\"ListItem\",\"position\":2,\"name\":\"Hvala\"}]},{\"@type\":\"WebSite\",\"@id\":\"https:\\\/\\\/www.elicit-plant.com\\\/rs\\\/#website\",\"url\":\"https:\\\/\\\/www.elicit-plant.com\\\/rs\\\/\",\"name\":\"Elicit Plant Srbija\",\"description\":\"\",\"potentialAction\":[{\"@type\":\"SearchAction\",\"target\":{\"@type\":\"EntryPoint\",\"urlTemplate\":\"https:\\\/\\\/www.elicit-plant.com\\\/rs\\\/?s={search_term_string}\"},\"query-input\":{\"@type\":\"PropertyValueSpecification\",\"valueRequired\":true,\"valueName\":\"search_term_string\"}}],\"inLanguage\":\"sr-RS\"}]}<\/script>\n<!-- \/ Yoast SEO plugin. -->","yoast_head_json":{"title":"Hvala - Elicit Plant Srbija","robots":{"index":"noindex","follow":"follow"},"og_locale":"sr_RS","og_type":"article","og_title":"Hvala - Elicit Plant Srbija","og_url":"https:\/\/www.elicit-plant.com\/rs\/hvala-conversionok\/","og_site_name":"Elicit Plant Srbija","article_modified_time":"2025-10-02T08:45:16+00:00","twitter_card":"summary_large_image","schema":{"@context":"https:\/\/schema.org","@graph":[{"@type":"WebPage","@id":"https:\/\/www.elicit-plant.com\/rs\/hvala-conversionok\/","url":"https:\/\/www.elicit-plant.com\/rs\/hvala-conversionok\/","name":"Hvala - Elicit Plant Srbija","isPartOf":{"@id":"https:\/\/www.elicit-plant.com\/rs\/#website"},"datePublished":"2025-04-17T07:47:31+00:00","dateModified":"2025-10-02T08:45:16+00:00","breadcrumb":{"@id":"https:\/\/www.elicit-plant.com\/rs\/hvala-conversionok\/#breadcrumb"},"inLanguage":"sr-RS","potentialAction":[{"@type":"ReadAction","target":["https:\/\/www.elicit-plant.com\/rs\/hvala-conversionok\/"]}]},{"@type":"BreadcrumbList","@id":"https:\/\/www.elicit-plant.com\/rs\/hvala-conversionok\/#breadcrumb","itemListElement":[{"@type":"ListItem","position":1,"name":"Accueil","item":"https:\/\/www.elicit-plant.com\/rs\/"},{"@type":"ListItem","position":2,"name":"Hvala"}]},{"@type":"WebSite","@id":"https:\/\/www.elicit-plant.com\/rs\/#website","url":"https:\/\/www.elicit-plant.com\/rs\/","name":"Elicit Plant Srbija","description":"","potentialAction":[{"@type":"SearchAction","target":{"@type":"EntryPoint","urlTemplate":"https:\/\/www.elicit-plant.com\/rs\/?s={search_term_string}"},"query-input":{"@type":"PropertyValueSpecification","valueRequired":true,"valueName":"search_term_string"}}],"inLanguage":"sr-RS"}]}},"_links":{"self":[{"href":"https:\/\/www.elicit-plant.com\/rs\/wp-json\/wp\/v2\/pages\/228","targetHints":{"allow":["GET"]}}],"collection":[{"href":"https:\/\/www.elicit-plant.com\/rs\/wp-json\/wp\/v2\/pages"}],"about":[{"href":"https:\/\/www.elicit-plant.com\/rs\/wp-json\/wp\/v2\/types\/page"}],"author":[{"embeddable":true,"href":"https:\/\/www.elicit-plant.com\/rs\/wp-json\/wp\/v2\/users\/6"}],"replies":[{"embeddable":true,"href":"https:\/\/www.elicit-plant.com\/rs\/wp-json\/wp\/v2\/comments?post=228"}],"version-history":[{"count":3,"href":"https:\/\/www.elicit-plant.com\/rs\/wp-json\/wp\/v2\/pages\/228\/revisions"}],"predecessor-version":[{"id":541,"href":"https:\/\/www.elicit-plant.com\/rs\/wp-json\/wp\/v2\/pages\/228\/revisions\/541"}],"wp:attachment":[{"href":"https:\/\/www.elicit-plant.com\/rs\/wp-json\/wp\/v2\/media?parent=228"}],"curies":[{"name":"wp","href":"https:\/\/api.w.org\/{rel}","templated":true}]}}