{"id":330,"date":"2025-04-28T15:07:07","date_gmt":"2025-04-28T13:07:07","guid":{"rendered":"https:\/\/www.elicit-plant.com\/rs\/?page_id=330"},"modified":"2025-05-05T11:27:49","modified_gmt":"2025-05-05T09:27:49","slug":"resenja-za-stres-ratarskih-kultura-na-velikim-povrsinama-usled-suse","status":"publish","type":"page","link":"https:\/\/www.elicit-plant.com\/rs\/resenja-za-stres-ratarskih-kultura-na-velikim-povrsinama-usled-suse\/","title":{"rendered":"Re\u0161enja za stres ratarskih kultura na velikim povr\u0161inama usled su\u0161e"},"content":{"rendered":"<section class=\"cbo-heropicture\" data-anim-group>\n\t<div class=\"cbo-breadcrumbs breadcrumbs--normal\">\n  <div class=\"breadcrumbs-inner\">\n    <span><span><a href=\"https:\/\/www.elicit-plant.com\/rs\/\">Accueil<\/a><\/span><\/span>\t<\/div>\n<\/div>\n\t<div class=\"heropicture-picture cbo-picture-cover\">\n\t\t<img decoding=\"async\" src=\"https:\/\/www.elicit-plant.com\/app\/uploads\/sites\/13\/2025\/04\/Broad-Acre-Crops-Corn-Wheat-1.jpg\" srcset=\"https:\/\/www.elicit-plant.com\/app\/uploads\/sites\/13\/2025\/04\/Broad-Acre-Crops-Corn-Wheat-1-320x320.jpg 320w, https:\/\/www.elicit-plant.com\/app\/uploads\/sites\/13\/2025\/04\/Broad-Acre-Crops-Corn-Wheat-1.jpg 768w, https:\/\/www.elicit-plant.com\/app\/uploads\/sites\/13\/2025\/04\/Broad-Acre-Crops-Corn-Wheat-1.jpg 1024w, https:\/\/www.elicit-plant.com\/app\/uploads\/sites\/13\/2025\/04\/Broad-Acre-Crops-Corn-Wheat-1.jpg 1280w, https:\/\/www.elicit-plant.com\/app\/uploads\/sites\/13\/2025\/04\/Broad-Acre-Crops-Corn-Wheat-1.jpg 1920w\" class=\"\" alt=\"Polja kukuruza i \u017eitarica\" width=\"600\" height=\"600\" sizes=\"auto, 100vw\" loading=\"lazy\" \/>\t<\/div>\n\n\t<div class=\"heropicture-inner cbo-container container--small container--padding\">\n\t\t<div class=\"heropicture-content\">\n\n\t\t\t\t\t\t<p class=\"content-uptitle cbo-uptitle scale-up\">\n\t\t\t\tKOMPANIJA ELICIT PLANT VAS POZIVA DA OTKRIJETE\t\t\t<\/p>\n\t\t\t\n\t\t\t<h1 class=\"content-title cbo-title-2 slide-down\">\n\t\t\t\tRe\u0161enja za stres ratarskih kultura na velikim povr\u0161inama usled su\u0161e\t\t\t<\/h1>\n\t\t<\/div>\n\t<\/div>\n<\/section>\n\n<section class=\"cbo-text cbo-margin-container\">\n    <div class=\"\n        text-inner\n                cbo-container\n        container--small        \"\n    >\n        <div class=\"text-content cbo-cms cms--large\">\n            <h2 style=\"text-align: left;\">Spre\u010dite stres ratarskih kultura usled su\u0161e dok istovremeno osiguravate svoje prinose<\/h2>\n<p>Elicit Plant poma\u017ee ratarima \u0161irom sveta da se bore sa izazovima klimatskih promena i uticajem nedostatka vode na ratarske kulture, uz pomo\u0107 <strong>prirodnih<\/strong>, <strong>izuzetno<\/strong> <strong>efikasnih re\u0161enja<\/strong> prilago\u0111enih poljoprivrednoj praksi.<\/p>\n<h3 style=\"size=25px text-align: left;\">Jedinstveni na\u010din delovanja<\/h3>\n<p>Na\u0161i proizvodi za borbu protiv <strong>stresa usled su\u0161e<\/strong> formulisani su koriste\u0107i jedinstvenu <a href=\"https:\/\/www.elicit-plant.com\/rs\/nauka-i-tehnologija\/\" target=\"_blank\" rel=\"noopener\">tehnologiju zasnovanu na fitosterolima<\/a>, molekulima prirodnog porekla koji, kada se primene kao preventivna mera, poma\u017eu va\u0161im usevima da bolje izdr\u017ee periode nesta\u0161ice vode, sve do \u017eetve.<\/p>\n\n            <div style=\"clear: both;\"><\/div>\n        <\/div>\n    <\/div>\n<\/section>\n\n\n\n<section class=\"cbo-textblocks\">\n    <div class=\"textblocks-inner cbo-container\">\n\n        \n\n        \n        <div class=\"textblocks-list\">\n                        \n                                    <span class=\"list-el scale-up\" data-delay=\"0\">\n                \n                    <span class=\"el-inner inner--colorgreen cbo-cms cms--white\">\n                        \n                                                    <span class=\"el-title\">\n                                Performanse                            <\/span>\n                        \n                                                    <span class=\"el-content\">\n                                Pove\u0107ava va\u0161e prinose                            <\/span>\n                        \n                                            <\/span>\n\n                                    <\/span>\n                \n                        \n                                    <span class=\"list-el scale-up\" data-delay=\"100\">\n                \n                    <span class=\"el-inner inner--colorbrown cbo-cms cms--white\">\n                        \n                                                    <span class=\"el-title\">\n                                Spokoj                            <\/span>\n                        \n                                                    <span class=\"el-content\">\n                                Osigurava va\u0161a ulaganja                            <\/span>\n                        \n                                            <\/span>\n\n                                    <\/span>\n                \n                        \n                                    <span class=\"list-el scale-up\" data-delay=\"200\">\n                \n                    <span class=\"el-inner inner--coloryellow cbo-cms cms--white\">\n                        \n                                                    <span class=\"el-title\">\n                                Bezbednost                            <\/span>\n                        \n                                                    <span class=\"el-content\">\n                                Otpornost na nedostatak vode u 100% slu\u010dajeva                            <\/span>\n                        \n                                            <\/span>\n\n                                    <\/span>\n                \n                    <\/div>\n\n        \t\t\t<div class=\"textblocks-button\">\n\t\t\t\t\t\t\t<\/div>\n\t\t\n    <\/div>\n<\/section>\n\n<section class=\"cbo-text cbo-margin-container\">\n    <div class=\"\n        text-inner\n                cbo-container\n        container--small        \"\n    >\n        <div class=\"text-content cbo-cms cms--large\">\n            <h2>Inovativna re\u0161enja za ubla\u017eavanje stresa izazvanog su\u0161om<\/h2>\n<p>Na\u0161 asortiman sada obuhvata inovativna re\u0161enja sa dokazanim rezultatima.<\/p>\n\n            <div style=\"clear: both;\"><\/div>\n        <\/div>\n    <\/div>\n<\/section>\n\n\n<section class=\"cbo-text cbo-halo cbo-margin-container\">\n    <div class=\"\n        text-inner\n                cbo-container\n        container--small        \"\n    >\n        <div class=\"text-content cbo-cms cms--large\">\n            <h2 style=\"text-align: center;\">EliZea<\/h2>\n<h3 style=\"text-align: center;\"><strong><span lang=\"SR-LATN-RS\" style=\"color: #86b049;\">\u010cuva va\u0161e prinose kukuruza uprkos periodima nedostatka vode<\/span><\/strong><\/h3>\n<h4 style=\"text-align: center;\">Ograni\u010dava stres kukuruza usled su\u0161e<\/h4>\n\n            <div style=\"clear: both;\"><\/div>\n        <\/div>\n    <\/div>\n<\/section>\n\n\n<section class=\"cbo-textproduct textproduct--normal\">\n    <div class=\"textproduct-inner cbo-container\">\n\n        <div class=\"textproduct-picture\">\n                            <div class=\"picture-product cbo-picture-contain slide-right\">\n                    <img decoding=\"async\" src=\"https:\/\/www.elicit-plant.com\/app\/uploads\/sites\/13\/2025\/04\/EliZea-biais-SR-570x768.png\" srcset=\"https:\/\/www.elicit-plant.com\/app\/uploads\/sites\/13\/2025\/04\/EliZea-biais-SR-237x320.png 320w, https:\/\/www.elicit-plant.com\/app\/uploads\/sites\/13\/2025\/04\/EliZea-biais-SR-570x768.png 768w, https:\/\/www.elicit-plant.com\/app\/uploads\/sites\/13\/2025\/04\/EliZea-biais-SR-760x1024.png 1024w\" class=\"\" alt=\"EliZea kukuruz u zrnu\" width=\"570\" height=\"768\" sizes=\"auto, 100vw\" loading=\"lazy\" \/>                <\/div>\n                        <div class=\"picture-inner cbo-picture-cover\">\n                <img decoding=\"async\" src=\"https:\/\/www.elicit-plant.com\/app\/uploads\/sites\/13\/2025\/04\/Best-a-Grain-backgrouind-320x213.jpg\" srcset=\"https:\/\/www.elicit-plant.com\/app\/uploads\/sites\/13\/2025\/04\/Best-a-Grain-backgrouind-320x213.jpg 320w, https:\/\/www.elicit-plant.com\/app\/uploads\/sites\/13\/2025\/04\/Best-a-Grain-backgrouind-768x512.jpg 768w, https:\/\/www.elicit-plant.com\/app\/uploads\/sites\/13\/2025\/04\/Best-a-Grain-backgrouind.jpg 1024w\" class=\"\" alt=\"Pozadinska slika za EliZea Grain\" width=\"320\" height=\"213\" sizes=\"auto, 100vw\" loading=\"lazy\" \/>            <\/div>\n        <\/div>\n\n        <div class=\"textproduct-content cbo-cms cms--large\">\n            \n                            <h2 class=\"content-title cbo-title-2\">\n                    Kukuruz u zrnu                <\/h2>\n             \n            <ul>\n<li>Smanjuje evapotranspiraciju<\/li>\n<li>Obezbe\u0111uje optimalnu raspolo\u017eivost vodnih resursa u zemlji\u0161tu<\/li>\n<li style=\"list-style-type: none;\"><\/li>\n<li>Pobolj\u0161ava rast korena<\/li>\n<li>Smanjuje potro\u0161nju vode dok odr\u017eava vegetativni razvoj<\/li>\n<\/ul>\n<p style=\"text-align: left;\"><a class=\"cbo-button\" href=\"https:\/\/www.elicit-plant.com\/products\/best-a-corn\/\">Saznajte vi\u0161e<\/a><\/p>\n<p>&nbsp;<\/p>\n        <\/div>\n\n    <\/div>\n<\/section>\n\n<section class=\"cbo-textproduct textproduct--reverse\">\n    <div class=\"textproduct-inner cbo-container\">\n\n        <div class=\"textproduct-picture\">\n                            <div class=\"picture-product cbo-picture-contain slide-right\">\n                    <img decoding=\"async\" src=\"https:\/\/www.elicit-plant.com\/app\/uploads\/sites\/13\/2025\/04\/EliZea-biais-SR-570x768.png\" srcset=\"https:\/\/www.elicit-plant.com\/app\/uploads\/sites\/13\/2025\/04\/EliZea-biais-SR-237x320.png 320w, https:\/\/www.elicit-plant.com\/app\/uploads\/sites\/13\/2025\/04\/EliZea-biais-SR-570x768.png 768w, https:\/\/www.elicit-plant.com\/app\/uploads\/sites\/13\/2025\/04\/EliZea-biais-SR-760x1024.png 1024w\" class=\"\" alt=\"EliZea kukuruz u zrnu\" width=\"570\" height=\"768\" sizes=\"auto, 100vw\" loading=\"lazy\" \/>                <\/div>\n                        <div class=\"picture-inner cbo-picture-cover\">\n                <img decoding=\"async\" src=\"https:\/\/www.elicit-plant.com\/app\/uploads\/sites\/13\/2025\/04\/Best-a-Silage-Corn-Product-Benefit-1-320x213.jpg\" srcset=\"https:\/\/www.elicit-plant.com\/app\/uploads\/sites\/13\/2025\/04\/Best-a-Silage-Corn-Product-Benefit-1-320x213.jpg 320w, https:\/\/www.elicit-plant.com\/app\/uploads\/sites\/13\/2025\/04\/Best-a-Silage-Corn-Product-Benefit-1-768x512.jpg 768w, https:\/\/www.elicit-plant.com\/app\/uploads\/sites\/13\/2025\/04\/Best-a-Silage-Corn-Product-Benefit-1-1024x683.jpg 1024w\" class=\"\" alt=\"Pozadinska slika za EliZea Silage\" width=\"320\" height=\"213\" sizes=\"auto, 100vw\" loading=\"lazy\" \/>            <\/div>\n        <\/div>\n\n        <div class=\"textproduct-content cbo-cms cms--large\">\n                            <span class=\"content-uptitle\">\n                    Ograni\u010dava stres kukuruza usled su\u0161e                <\/span>\n            \n                            <h2 class=\"content-title cbo-title-2\">\n                    Kukuruz za sila\u017eu                <\/h2>\n             \n            <ul>\n<li>Smanjuje evapotranspiraciju<\/li>\n<li>Obezbe\u0111uje optimalnu raspolo\u017eivost vodnih resursa u zemlji\u0161tu<\/li>\n<li>Pobolj\u0161ava rast korena<\/li>\n<li>Smanjuje potro\u0161nju vode dok odr\u017eava vegetativni razvoj<\/li>\n<\/ul>\n<p style=\"text-align: left;\"><a class=\"cbo-button\" href=\"https:\/\/www.elicit-plant.com\/products\/best-a-corn\/\">Saznajte vi\u0161e<\/a><\/p>\n<p>&nbsp;<\/p>\n        <\/div>\n\n    <\/div>\n<\/section>","protected":false},"excerpt":{"rendered":"<p>Spre\u010dite stres ratarskih kultura usled su\u0161e dok istovremeno osiguravate svoje prinose Elicit Plant poma\u017ee ratarima \u0161irom sveta da se bore sa izazovima klimatskih promena i uticajem nedostatka vode na ratarske kulture, uz pomo\u0107 prirodnih, izuzetno efikasnih re\u0161enja prilago\u0111enih poljoprivrednoj praksi. Jedinstveni na\u010din delovanja Na\u0161i proizvodi za borbu protiv stresa usled su\u0161e formulisani su koriste\u0107i jedinstvenu tehnologiju zasnovanu na fitosterolima, molekulima prirodnog porekla koji, kada se primene kao preventivna mera, poma\u017eu va\u0161im usevima da bolje izdr\u017ee periode nesta\u0161ice vode, sve do \u017eetve. Inovativna re\u0161enja za ubla\u017eavanje stresa izazvanog su\u0161om Na\u0161 asortiman sada obuhvata inovativna re\u0161enja sa dokazanim rezultatima. EliZea \u010cuva va\u0161e prinose kukuruza uprkos periodima nedostatka vode Ograni\u010dava stres kukuruza usled su\u0161e<\/p>\n","protected":false},"author":6,"featured_media":36,"parent":0,"menu_order":0,"comment_status":"closed","ping_status":"closed","template":"","meta":{"_acf_changed":false,"footnotes":""},"class_list":["post-330","page","type-page","status-publish","has-post-thumbnail","hentry"],"acf":[],"yoast_head":"<!-- This site is optimized with the Yoast SEO plugin v27.3 - https:\/\/yoast.com\/product\/yoast-seo-wordpress\/ -->\n<title>Re\u0161enja za stres ratarskih kultura na velikim povr\u0161inama usled su\u0161e - Elicit Plant Srbija<\/title>\n<meta name=\"description\" content=\"Radimo sa poljoprivrednicima \u0161irom sveta kako bismo odgovorili na izazove klimatskih promena i uticaj nedostatka vode na ratarske kulture.\" \/>\n<meta name=\"robots\" content=\"index, follow, max-snippet:-1, max-image-preview:large, max-video-preview:-1\" \/>\n<link rel=\"canonical\" href=\"https:\/\/www.elicit-plant.com\/rs\/resenja-za-stres-ratarskih-kultura-na-velikim-povrsinama-usled-suse\/\" \/>\n<meta property=\"og:locale\" content=\"sr_RS\" \/>\n<meta property=\"og:type\" content=\"article\" \/>\n<meta property=\"og:title\" content=\"Re\u0161enja za stres ratarskih kultura na velikim povr\u0161inama usled su\u0161e - Elicit Plant Srbija\" \/>\n<meta property=\"og:description\" content=\"Radimo sa poljoprivrednicima \u0161irom sveta kako bismo odgovorili na izazove klimatskih promena i uticaj nedostatka vode na ratarske kulture.\" \/>\n<meta property=\"og:url\" content=\"https:\/\/www.elicit-plant.com\/rs\/resenja-za-stres-ratarskih-kultura-na-velikim-povrsinama-usled-suse\/\" \/>\n<meta property=\"og:site_name\" content=\"Elicit Plant Srbija\" \/>\n<meta property=\"article:modified_time\" content=\"2025-05-05T09:27:49+00:00\" \/>\n<meta property=\"og:image\" content=\"https:\/\/www.elicit-plant.com\/rs\/wp-content\/uploads\/sites\/13\/2025\/04\/Broad-Acre-Crops-Corn-Wheat-1.jpg\" \/>\n\t<meta property=\"og:image:width\" content=\"600\" \/>\n\t<meta property=\"og:image:height\" content=\"600\" \/>\n\t<meta property=\"og:image:type\" content=\"image\/jpeg\" \/>\n<meta name=\"twitter:card\" content=\"summary_large_image\" \/>\n<meta name=\"twitter:label1\" content=\"\u041f\u0440\u043e\u0446\u0435\u045a\u0435\u043d\u043e \u0432\u0440\u0435\u043c\u0435 \u0447\u0438\u0442\u0430\u045a\u0430\" \/>\n\t<meta name=\"twitter:data1\" content=\"1 \u043c\u0438\u043d\u0443\u0442\" \/>\n<script type=\"application\/ld+json\" class=\"yoast-schema-graph\">{\"@context\":\"https:\\\/\\\/schema.org\",\"@graph\":[{\"@type\":\"WebPage\",\"@id\":\"https:\\\/\\\/www.elicit-plant.com\\\/rs\\\/resenja-za-stres-ratarskih-kultura-na-velikim-povrsinama-usled-suse\\\/\",\"url\":\"https:\\\/\\\/www.elicit-plant.com\\\/rs\\\/resenja-za-stres-ratarskih-kultura-na-velikim-povrsinama-usled-suse\\\/\",\"name\":\"Re\u0161enja za stres ratarskih kultura na velikim povr\u0161inama usled su\u0161e - Elicit Plant Srbija\",\"isPartOf\":{\"@id\":\"https:\\\/\\\/www.elicit-plant.com\\\/rs\\\/#website\"},\"primaryImageOfPage\":{\"@id\":\"https:\\\/\\\/www.elicit-plant.com\\\/rs\\\/resenja-za-stres-ratarskih-kultura-na-velikim-povrsinama-usled-suse\\\/#primaryimage\"},\"image\":{\"@id\":\"https:\\\/\\\/www.elicit-plant.com\\\/rs\\\/resenja-za-stres-ratarskih-kultura-na-velikim-povrsinama-usled-suse\\\/#primaryimage\"},\"thumbnailUrl\":\"https:\\\/\\\/www.elicit-plant.com\\\/app\\\/uploads\\\/sites\\\/13\\\/2025\\\/04\\\/Broad-Acre-Crops-Corn-Wheat-1.jpg\",\"datePublished\":\"2025-04-28T13:07:07+00:00\",\"dateModified\":\"2025-05-05T09:27:49+00:00\",\"description\":\"Radimo sa poljoprivrednicima \u0161irom sveta kako bismo odgovorili na izazove klimatskih promena i uticaj nedostatka vode na ratarske kulture.\",\"breadcrumb\":{\"@id\":\"https:\\\/\\\/www.elicit-plant.com\\\/rs\\\/resenja-za-stres-ratarskih-kultura-na-velikim-povrsinama-usled-suse\\\/#breadcrumb\"},\"inLanguage\":\"sr-RS\",\"potentialAction\":[{\"@type\":\"ReadAction\",\"target\":[\"https:\\\/\\\/www.elicit-plant.com\\\/rs\\\/resenja-za-stres-ratarskih-kultura-na-velikim-povrsinama-usled-suse\\\/\"]}]},{\"@type\":\"ImageObject\",\"inLanguage\":\"sr-RS\",\"@id\":\"https:\\\/\\\/www.elicit-plant.com\\\/rs\\\/resenja-za-stres-ratarskih-kultura-na-velikim-povrsinama-usled-suse\\\/#primaryimage\",\"url\":\"https:\\\/\\\/www.elicit-plant.com\\\/app\\\/uploads\\\/sites\\\/13\\\/2025\\\/04\\\/Broad-Acre-Crops-Corn-Wheat-1.jpg\",\"contentUrl\":\"https:\\\/\\\/www.elicit-plant.com\\\/app\\\/uploads\\\/sites\\\/13\\\/2025\\\/04\\\/Broad-Acre-Crops-Corn-Wheat-1.jpg\",\"width\":600,\"height\":600,\"caption\":\"Polja kukuruza i \u017eitarica\"},{\"@type\":\"BreadcrumbList\",\"@id\":\"https:\\\/\\\/www.elicit-plant.com\\\/rs\\\/resenja-za-stres-ratarskih-kultura-na-velikim-povrsinama-usled-suse\\\/#breadcrumb\",\"itemListElement\":[{\"@type\":\"ListItem\",\"position\":1,\"name\":\"Accueil\",\"item\":\"https:\\\/\\\/www.elicit-plant.com\\\/rs\\\/\"},{\"@type\":\"ListItem\",\"position\":2,\"name\":\"Re\u0161enja za stres ratarskih kultura na velikim povr\u0161inama usled su\u0161e\"}]},{\"@type\":\"WebSite\",\"@id\":\"https:\\\/\\\/www.elicit-plant.com\\\/rs\\\/#website\",\"url\":\"https:\\\/\\\/www.elicit-plant.com\\\/rs\\\/\",\"name\":\"Elicit Plant Srbija\",\"description\":\"\",\"potentialAction\":[{\"@type\":\"SearchAction\",\"target\":{\"@type\":\"EntryPoint\",\"urlTemplate\":\"https:\\\/\\\/www.elicit-plant.com\\\/rs\\\/?s={search_term_string}\"},\"query-input\":{\"@type\":\"PropertyValueSpecification\",\"valueRequired\":true,\"valueName\":\"search_term_string\"}}],\"inLanguage\":\"sr-RS\"}]}<\/script>\n<!-- \/ Yoast SEO plugin. -->","yoast_head_json":{"title":"Re\u0161enja za stres ratarskih kultura na velikim povr\u0161inama usled su\u0161e - Elicit Plant Srbija","description":"Radimo sa poljoprivrednicima \u0161irom sveta kako bismo odgovorili na izazove klimatskih promena i uticaj nedostatka vode na ratarske kulture.","robots":{"index":"index","follow":"follow","max-snippet":"max-snippet:-1","max-image-preview":"max-image-preview:large","max-video-preview":"max-video-preview:-1"},"canonical":"https:\/\/www.elicit-plant.com\/rs\/resenja-za-stres-ratarskih-kultura-na-velikim-povrsinama-usled-suse\/","og_locale":"sr_RS","og_type":"article","og_title":"Re\u0161enja za stres ratarskih kultura na velikim povr\u0161inama usled su\u0161e - Elicit Plant Srbija","og_description":"Radimo sa poljoprivrednicima \u0161irom sveta kako bismo odgovorili na izazove klimatskih promena i uticaj nedostatka vode na ratarske kulture.","og_url":"https:\/\/www.elicit-plant.com\/rs\/resenja-za-stres-ratarskih-kultura-na-velikim-povrsinama-usled-suse\/","og_site_name":"Elicit Plant Srbija","article_modified_time":"2025-05-05T09:27:49+00:00","og_image":[{"width":600,"height":600,"url":"https:\/\/www.elicit-plant.com\/rs\/wp-content\/uploads\/sites\/13\/2025\/04\/Broad-Acre-Crops-Corn-Wheat-1.jpg","type":"image\/jpeg"}],"twitter_card":"summary_large_image","twitter_misc":{"\u041f\u0440\u043e\u0446\u0435\u045a\u0435\u043d\u043e \u0432\u0440\u0435\u043c\u0435 \u0447\u0438\u0442\u0430\u045a\u0430":"1 \u043c\u0438\u043d\u0443\u0442"},"schema":{"@context":"https:\/\/schema.org","@graph":[{"@type":"WebPage","@id":"https:\/\/www.elicit-plant.com\/rs\/resenja-za-stres-ratarskih-kultura-na-velikim-povrsinama-usled-suse\/","url":"https:\/\/www.elicit-plant.com\/rs\/resenja-za-stres-ratarskih-kultura-na-velikim-povrsinama-usled-suse\/","name":"Re\u0161enja za stres ratarskih kultura na velikim povr\u0161inama usled su\u0161e - Elicit Plant Srbija","isPartOf":{"@id":"https:\/\/www.elicit-plant.com\/rs\/#website"},"primaryImageOfPage":{"@id":"https:\/\/www.elicit-plant.com\/rs\/resenja-za-stres-ratarskih-kultura-na-velikim-povrsinama-usled-suse\/#primaryimage"},"image":{"@id":"https:\/\/www.elicit-plant.com\/rs\/resenja-za-stres-ratarskih-kultura-na-velikim-povrsinama-usled-suse\/#primaryimage"},"thumbnailUrl":"https:\/\/www.elicit-plant.com\/app\/uploads\/sites\/13\/2025\/04\/Broad-Acre-Crops-Corn-Wheat-1.jpg","datePublished":"2025-04-28T13:07:07+00:00","dateModified":"2025-05-05T09:27:49+00:00","description":"Radimo sa poljoprivrednicima \u0161irom sveta kako bismo odgovorili na izazove klimatskih promena i uticaj nedostatka vode na ratarske kulture.","breadcrumb":{"@id":"https:\/\/www.elicit-plant.com\/rs\/resenja-za-stres-ratarskih-kultura-na-velikim-povrsinama-usled-suse\/#breadcrumb"},"inLanguage":"sr-RS","potentialAction":[{"@type":"ReadAction","target":["https:\/\/www.elicit-plant.com\/rs\/resenja-za-stres-ratarskih-kultura-na-velikim-povrsinama-usled-suse\/"]}]},{"@type":"ImageObject","inLanguage":"sr-RS","@id":"https:\/\/www.elicit-plant.com\/rs\/resenja-za-stres-ratarskih-kultura-na-velikim-povrsinama-usled-suse\/#primaryimage","url":"https:\/\/www.elicit-plant.com\/app\/uploads\/sites\/13\/2025\/04\/Broad-Acre-Crops-Corn-Wheat-1.jpg","contentUrl":"https:\/\/www.elicit-plant.com\/app\/uploads\/sites\/13\/2025\/04\/Broad-Acre-Crops-Corn-Wheat-1.jpg","width":600,"height":600,"caption":"Polja kukuruza i \u017eitarica"},{"@type":"BreadcrumbList","@id":"https:\/\/www.elicit-plant.com\/rs\/resenja-za-stres-ratarskih-kultura-na-velikim-povrsinama-usled-suse\/#breadcrumb","itemListElement":[{"@type":"ListItem","position":1,"name":"Accueil","item":"https:\/\/www.elicit-plant.com\/rs\/"},{"@type":"ListItem","position":2,"name":"Re\u0161enja za stres ratarskih kultura na velikim povr\u0161inama usled su\u0161e"}]},{"@type":"WebSite","@id":"https:\/\/www.elicit-plant.com\/rs\/#website","url":"https:\/\/www.elicit-plant.com\/rs\/","name":"Elicit Plant Srbija","description":"","potentialAction":[{"@type":"SearchAction","target":{"@type":"EntryPoint","urlTemplate":"https:\/\/www.elicit-plant.com\/rs\/?s={search_term_string}"},"query-input":{"@type":"PropertyValueSpecification","valueRequired":true,"valueName":"search_term_string"}}],"inLanguage":"sr-RS"}]}},"_links":{"self":[{"href":"https:\/\/www.elicit-plant.com\/rs\/wp-json\/wp\/v2\/pages\/330","targetHints":{"allow":["GET"]}}],"collection":[{"href":"https:\/\/www.elicit-plant.com\/rs\/wp-json\/wp\/v2\/pages"}],"about":[{"href":"https:\/\/www.elicit-plant.com\/rs\/wp-json\/wp\/v2\/types\/page"}],"author":[{"embeddable":true,"href":"https:\/\/www.elicit-plant.com\/rs\/wp-json\/wp\/v2\/users\/6"}],"replies":[{"embeddable":true,"href":"https:\/\/www.elicit-plant.com\/rs\/wp-json\/wp\/v2\/comments?post=330"}],"version-history":[{"count":12,"href":"https:\/\/www.elicit-plant.com\/rs\/wp-json\/wp\/v2\/pages\/330\/revisions"}],"predecessor-version":[{"id":478,"href":"https:\/\/www.elicit-plant.com\/rs\/wp-json\/wp\/v2\/pages\/330\/revisions\/478"}],"wp:featuredmedia":[{"embeddable":true,"href":"https:\/\/www.elicit-plant.com\/rs\/wp-json\/wp\/v2\/media\/36"}],"wp:attachment":[{"href":"https:\/\/www.elicit-plant.com\/rs\/wp-json\/wp\/v2\/media?parent=330"}],"curies":[{"name":"wp","href":"https:\/\/api.w.org\/{rel}","templated":true}]}}