{"id":404,"date":"2025-04-30T10:46:03","date_gmt":"2025-04-30T08:46:03","guid":{"rendered":"https:\/\/www.elicit-plant.com\/rs\/?page_id=404"},"modified":"2025-10-07T14:17:53","modified_gmt":"2025-10-07T12:17:53","slug":"pravne-napomene","status":"publish","type":"page","link":"https:\/\/www.elicit-plant.com\/rs\/pravne-napomene\/","title":{"rendered":"Pravne napomene"},"content":{"rendered":"<section class=\"cbo-heropicture\" data-anim-group>\n\t<div class=\"cbo-breadcrumbs breadcrumbs--normal\">\n  <div class=\"breadcrumbs-inner\">\n    <span><span><a href=\"https:\/\/www.elicit-plant.com\/rs\/\">Accueil<\/a><\/span><\/span>\t<\/div>\n<\/div>\n\t<div class=\"heropicture-picture cbo-picture-cover\">\n\t\t<img decoding=\"async\" src=\"https:\/\/www.elicit-plant.com\/app\/uploads\/sites\/13\/2025\/04\/Tractor-treating-fields-1-1024x570.jpg\" srcset=\"https:\/\/www.elicit-plant.com\/app\/uploads\/sites\/13\/2025\/04\/Tractor-treating-fields-1-320x178.jpg 320w, https:\/\/www.elicit-plant.com\/app\/uploads\/sites\/13\/2025\/04\/Tractor-treating-fields-1-768x427.jpg 768w, https:\/\/www.elicit-plant.com\/app\/uploads\/sites\/13\/2025\/04\/Tractor-treating-fields-1-1024x570.jpg 1024w, https:\/\/www.elicit-plant.com\/app\/uploads\/sites\/13\/2025\/04\/Tractor-treating-fields-1.jpg 1280w, https:\/\/www.elicit-plant.com\/app\/uploads\/sites\/13\/2025\/04\/Tractor-treating-fields-1.jpg 1920w\" class=\"\" alt=\"Traktor tretira polja\" width=\"1024\" height=\"570\" sizes=\"auto, 100vw\" loading=\"lazy\" \/>\t<\/div>\n\n\t<div class=\"heropicture-inner cbo-container container--small container--padding\">\n\t\t<div class=\"heropicture-content\">\n\n\t\t\t\n\t\t\t<h1 class=\"content-title cbo-title-2 slide-down\">\n\t\t\t\tPravne napomene\t\t\t<\/h1>\n\t\t<\/div>\n\t<\/div>\n<\/section>\n\n<section class=\"cbo-text cbo-margin-container\">\n    <div class=\"\n        text-inner\n                cbo-container\n        container--small        \"\n    >\n        <div class=\"text-content cbo-cms cms--large\">\n            <p>Les mentions l\u00e9gales ci-dessous s\u2019appliquent au pr\u00e9sent site internet <a href=\"http:\/\/www.elicit-plant.com\">www.elicit-plant.com<\/a><\/p>\n<p><strong>Poslovno ime<\/strong>: ELICIT PLANT<\/p>\n<p><strong>Sedi\u0161te<\/strong>: LIEUDIT LE CH\u00c2TAIGNIER, 1 PAS DE LA CROIX, 16220 MOULINS-SUR-TARDOIRE, CHARENTE (16)<\/p>\n<p><strong>Pravni oblik<\/strong>: Pojednostavljeno akcionarsko dru\u0161tvo (SAS)<\/p>\n<p><strong>Osnovni kapital<\/strong>: 139 417,50 \u20ac<\/p>\n<p><strong>Upisana u RCS Angoul\u00eame<\/strong>: broj SIREN: 831 286 455 i broj SIRET: 831 286 455 00025<\/p>\n<p><strong>Intrakomunitarni PDV broj<\/strong>: FR47831286455<\/p>\n<p><strong>Direktor objavljivanja<\/strong>: gospodin Jean-Fran\u00e7ois DECHANT<\/p>\n<p><strong>Telefon<\/strong>: +33 <a href=\"https:\/\/www.google.com\/search?q=t%C3%A9l%C3%A9phone+elicit+plant&amp;rlz=1C1GCEU_frFR1073FR1073&amp;oq=t%C3%A9l%C3%A9phone+elicit+plant&amp;gs_lcrp=EgZjaHJvbWUyCAgAEEUYFRg5MgcIARAhGKABMgcIAhAhGKABMgcIAxAhGKAB0gEINTk1N2owajeoAgCwAgA&amp;sourceid=chrome&amp;ie=UTF-8\">05 45 23 18 38<\/a><\/p>\n<p><strong>E-po\u0161ta<\/strong>: <a href=\"mailto:dataprivacy@elicit-plant.com\">dataprivacy@elicit-plant.com<\/a><\/p>\n<p><strong>&nbsp;<\/strong><strong>Hosting provajder<\/strong>: Infomaniak,<\/p>\n<p><u>Poslovno ime<\/u>: Infomaniak Network SA<br \/>\n<u>Adresa<\/u>: Rue Eug\u00e8ne Marziano 25 &#8211; 1227 Les Acacias (GE)<br \/>\n<u><a href=\"https:\/\/www.infomaniak.com\/fr\/aide\">Kontakt<\/a><\/u><\/p>\n<p><strong>&nbsp;<\/strong><\/p>\n<h2 style=\"text-align: center;\"><strong>OP\u0160TI USLOVI KORI\u0160\u0106ENJA INTERNET SAJTA<br \/>\n<\/strong><a href=\"http:\/\/WWW.ASDIA.FR\"><strong>WWW.ELICIT-PLANT.COM<\/strong><\/a><\/h2>\n<p>&nbsp;<\/p>\n<p>Pristup, pregled i upotreba sajta www. <a href=\"https:\/\/www.elicit-plant.com\">https:\/\/www.elicit-plant.com<\/a> (\u201e<strong><em>internet sajt<\/em><\/strong>\u201d ili \u201e<strong><em>Sajt<\/em><\/strong>\u201d) ure\u0111eni su ovim Op\u0161tim uslovima kori\u0161\u0107enja (\u201e<strong><em>OUK<\/em><\/strong>\u201d).<\/p>\n<p>Pregledom i\/ili pristupom Sajtu, posetilac i\/ili korisnik (\u201e<strong><em>Vi<\/em><\/strong>\u201d) smatra se da prihvata, bez ograni\u010denja i zadr\u0161ke, ove OUK. Stoga se pozivate da ih pa\u017eljivo pro\u010ditate pre bilo kakve navigacije i\/ili nastavka navigacije na Sajtu.<\/p>\n<p>ELICIT PLANT zadr\u017eava pravo da u bilo kom trenutku izmeni ove OUK. One koje su objavljene na Sajtu predstavljaju poslednju va\u017ee\u0107u i a\u017euriranu verziju.<\/p>\n<p>Ako bi neka od odredbi OUK bila progla\u0161ena ni\u0161tavnom i\/ili bez dejstva prema va\u017ee\u0107im zakonima i propisima, ostale odredbe ostaju primenljive.<\/p>\n<p>&nbsp;<\/p>\n<h2>\u010cLAN 1 \u2013 PRISTUP SAJTU \u2013 FUNKCIONALNOSTI \u2013 UPOTREBA<\/h2>\n<p>1.1.<\/p>\n<p>Pristup Sajtu i njegova upotreba rezervisani su za strogo li\u010dnu upotrebu. Obavezujete se da ne koristite ovaj Sajt i informacije ili podatke koji se na njemu nalaze u komercijalne, politi\u010dke, reklamne svrhe niti za bilo koji vid komercijalnog obra\u0107anja, naro\u010dito za slanje netra\u017eenih elektronskih poruka.<\/p>\n<p>Uop\u0161teno, obavezujete se da prilikom pristupa, pregleda i kori\u0161\u0107enja Sajta:<\/p>\n<ul>\n<li>proverite da kori\u0161\u0107ena ra\u010dunarska konfiguracija ne sadr\u017ei viruse i da je u potpunosti ispravna;<\/li>\n<li>ne kopirate ceo ili deo Sajta na drugi sajt ili bilo koji drugi medij;<\/li>\n<li>ne postavljate sisteme koji su sposobni ili imaju za cilj da hakuju Sajt u celini ili delimi\u010dno, ili koji bi mogli biti u suprotnosti sa ovim OUK;<\/li>\n<li>odmah obavestite ELICIT PLANT \u010dim saznate za \u201e<em>hakovanje<\/em>\u201d, a posebno za svaku nezakonitu ili nekontraktnu upotrebu elemenata koji se nalaze na Sajtu, bez obzira na na\u010din distribucije;<\/li>\n<li>po\u0161tujete ove OUK.<\/li>\n<\/ul>\n<p>1.2.<\/p>\n<p>Sajt naro\u010dito omogu\u0107ava:<\/p>\n<ul>\n<li>predstavljanje kompanije ELICIT PLANT i njene delatnosti;<\/li>\n<li>objavljivanje informacija o aktivnostima, proizvodima i uslugama ELICIT PLANT;<\/li>\n<li>objavu ponuda za posao u ELICIT PLANT;<\/li>\n<li>uspostavljanje kontakta sa razli\u010ditim slu\u017ebama ELICIT PLANT.<\/li>\n<\/ul>\n<h2><\/h2>\n<h2>\u010cLAN 2 \u2013 PRAVA INTELEKTUALNE SVOJINE<\/h2>\n<p>ELICIT PLANT Vam dodeljuje jednostavno pravo pregleda informacija i sadr\u017eaja dostupnih na Sajtu tokom Va\u0161eg pristupa i pregleda.<\/p>\n<p>Svi elementi i sadr\u017eaji internet sajta, posebno \u017eigovi, logotipi, slike, crte\u017ei, grafike, grafi\u010dki identitet, ikone, strukture, prikazi, tekstualni sadr\u017eaji, kao i sve softverske aplikacije koje se mogu koristiti za funkcionisanje ovog Sajta, jesu i ostaju isklju\u010diva svojina kompanije ELICIT PLANT i\/ili njenih partnera.<\/p>\n<p>Verbalni i vizuelni \u017eigovi (logotipi) ELICIT PLANT, ili oni koji ozna\u010davaju njene proizvode i usluge, u\u017eivaju za\u0161titu po osnovu prava intelektualne svojine i posebno su prijavljeni kao \u017eigovi u Francuskoj i na me\u0111unarodnom nivou.<\/p>\n<p>Shodno tome, svako umno\u017eavanje, predstavljanje, kori\u0161\u0107enje, izmena ili adaptacija, u bilo kom obliku, svih ili delova elemenata i sadr\u017eaja, uklju\u010duju\u0107i softverske aplikacije, na Sajtu bez prethodne, izri\u010dite i pismene saglasnosti ELICIT PLANT strogo je zabranjeno i podle\u017ee tu\u017ebama, naro\u010dito zbog povrede \u017eiga, autorskih prava i nelojalne konkurencije u skladu sa va\u017ee\u0107im propisima.<\/p>\n<p>\u010cinjenica da ELICIT PLANT ne pokrene postupak odmah po saznanju za neovla\u0161\u0107ene upotrebe ne predstavlja prihvatanje navedenih upotreba niti odricanje od pokretanja postupaka.<\/p>\n<p>&nbsp;<\/p>\n<h2>\u010cLAN 3 \u2013 UPRAVLJANJE SAJTOM<\/h2>\n<p>Radi obezbe\u0111ivanja pravilnog upravljanja sajtom, ELICIT PLANT mo\u017ee u svakom trenutku, trajno ili privremeno:<\/p>\n<ul>\n<li>suspendovati, prekinuti ili ograni\u010diti pristup celom ili delu Sajta, rezervisati pristup Sajtu ili pojedinim njegovim delovima odre\u0111enoj kategoriji internet korisnika;<\/li>\n<\/ul>\n<ul>\n<li>obrisati i\/ili izmeniti ceo ili deo konfiguracije Sajta ili bilo koju informaciju koja mo\u017ee da remeti njegovo funkcionisanje, ili koja je u suprotnosti sa nacionalnim ili me\u0111unarodnim zakonima, ili sa pravilima \u201enetikete\u201d;<\/li>\n<\/ul>\n<ul>\n<li>suspendovati Sajt, naro\u010dito radi a\u017euriranja i\/ili odr\u017eavanja. Intervencije odr\u017eavanja mogu se sprovoditi bez Va\u0161eg prethodnog obave\u0161tenja.<\/li>\n<\/ul>\n<p>&nbsp;<\/p>\n<p><span style=\"font-size: 2.25rem; font-weight: 600; letter-spacing: -0.0536em;\">\u010cLAN 4 \u2013 ODGOVORNOSTI<\/span><\/p>\n<p>4.1.<\/p>\n<p>Informacije prikazane na sajtu ELICIT PLANT date su u informativne svrhe i ne predstavljaju ponudu za konkretan proizvod ili uslugu koje pru\u017ea ELICIT PLANT. Ako \u017eelite da saznate detalje usluga koje pru\u017ea ELICIT PLANT, mo\u017eete je kontaktirati direktno putem podataka nazna\u010denih na Sajtu.<\/p>\n<p>Iako ELICIT PLANT preduzima razumne mere da proveri sve informacije objavljene na svom Sajtu, ne garantuje da su informacije objavljene na ovom Sajtu, kao i na sajtovima na koje on mo\u017ee upu\u0107ivati, u svakom trenutku potpune, ta\u010dne i a\u017eurne.<\/p>\n<p>4.2.<\/p>\n<p>ELICIT PLANT \u0107e ulo\u017eiti sve razumno o\u010dekivane napore da obezbedi siguran pristup, pregled i kori\u0161\u0107enje Sajta, u okviru i granicama obaveze sredstava.<\/p>\n<p>Sajt je dostupan 24 \u010dasa dnevno, 7 dana u nedelji, osim u slu\u010daju vi\u0161e sile, spoljnog uzroka, doga\u0111aja van njene kontrole i, u svakom slu\u010daju, uz ograni\u010denja mogu\u0107ih kvarova, disfunkcija i intervencija korektivnog ili evolutivnog odr\u017eavanja vezanih za neizvesnosti Interneta i\/ili neophodnih za ispravno funkcionisanje i razvoj Sajta.<\/p>\n<p>ELICIT PLANT ne mo\u017ee odgovarati u slu\u010daju kvara, havarije, pote\u0161ko\u0107e ili prekida rada koji spre\u010davaju pristup Sajtu ili nekoj od njegovih funkcionalnosti.<\/p>\n<p>4.3.<\/p>\n<p>Oprema preko koje se povezujete na Sajt je isklju\u010divo Va\u0161a odgovornost.<\/p>\n<p>Du\u017eni ste da preduzmete sve odgovaraju\u0107e mere da za\u0161titite svoju opremu i sopstvene podatke, naro\u010dito od napada putem Interneta.<\/p>\n<p>Tako\u0111e ste jedini odgovorni za na\u010din na koji koristite Sajt, kao i sajtove, usluge i podatke do kojih pristupate putem Interneta.<\/p>\n<p>ELICIT PLANT stoga ne odgovara za \u0161tetu nanetu Vama, tre\u0107im licima i\/ili Va\u0161oj opremi, niti za bilo koji sudski postupak protiv Vas, usled Va\u0161eg povezivanja ili kori\u0161\u0107enja Sajta, kao i bilo koje usluge dostupne putem Interneta, niti usled nepo\u0161tovanja ovih OUK.<\/p>\n<p>Ako ELICIT PLANT bude predmet vansudskog ili sudskog postupka zbog Va\u0161eg kori\u0161\u0107enja Sajta, ELICIT PLANT zadr\u017eava pravo da od Vas potra\u017euje naknadu svih \u0161teta, iznosa, osuda i tro\u0161kova koji mogu proiste\u0107i iz takvog postupka.<\/p>\n<h2>\u010cLAN 5 \u2013 HIPERTEKSTUALNE VEZE (LINKOVI)<\/h2>\n<p>5.1.<\/p>\n<p>Sa Sajta, ELICIT PLANT mo\u017ee staviti na raspolaganje linkove ka drugim internet sajtovima ili drugim izvorima informacija kojima upravljaju partnerski sajtovi.<\/p>\n<p>S obzirom na to da ELICIT PLANT ne mo\u017ee vr\u0161iti kontrolu nad tim partnerskim servisima i spoljnim izvorima, direktni ili indirektni linkovi sadr\u017eani na ovom Sajtu i koji upu\u0107uju na druge internet sajtove obezbe\u0111uju se bez ikakve garancije, \u201eu vi\u0111enom stanju\u201d i na Va\u0161 sopstveni rizik.<\/p>\n<p>ELICIT PLANT se stoga odri\u010de svake odgovornosti u pogledu dostupnosti i sadr\u017eaja tih sajtova i spoljnih izvora, posebno za ogla\u0161avanje, proizvode, usluge ili bilo koji drugi materijal dostupan na ili sa takvih sajtova ili spoljnih izvora, kao i za eventualnu \u0161tetu koju bi oni mogli prouzrokovati.<\/p>\n<p>5.2.<\/p>\n<p>Kreiranje i\/ili postavljanje hiperlinka od strane Vas ka celokupnom sadr\u017eaju Sajta ili bilo kojoj drugoj tehnici koja se sastoji u prikazivanju dela Sajta na tre\u0107em sajtu strogo je zabranjeno i mo\u017ee se izvr\u0161iti samo uz izri\u010ditu, prethodnu i pismenu dozvolu ELICIT PLANT, i to pod uslovom da se ne naru\u0161avaju izvorne informacije prisutne na sajtu niti njihov izvor.<\/p>\n<p>U slu\u010daju da Vam ELICIT PLANT odobri takvu dozvolu, ona \u0107e u svakom slu\u010daju biti samo privremena i mo\u017ee biti opozvana u bilo kom trenutku, bez obaveze ELICIT PLANT da daje obrazlo\u017eenje.<\/p>\n<p>U svakom slu\u010daju, svaki link koji biste mogli postaviti na Sajt mora biti uklonjen na prvi zahtev ELICIT PLANT.<\/p>\n<h2>\u010cLAN 6 \u2013 ZA\u0160TITA LI\u010cNIH PODATAKA<\/h2>\n<p>Sa obradama koje ELICIT PLANT mo\u017ee vr\u0161iti nad Va\u0161im li\u010dnim podacima, kao i sa svojim op\u0161tim obavezama u oblasti za\u0161tite li\u010dnih podataka, mo\u017eete se upoznati pristupom na\u0161oj Politici privatnosti.<\/p>\n<p>&nbsp;<\/p>\n<h2>\u010cLAN 7 \u2013 KOLA\u010cI\u0106I<\/h2>\n<p>Za vi\u0161e informacija u vezi sa kola\u010di\u0107ima koji se koriste u okviru Sajta i upravljanjem Va\u0161im pristankom, upu\u0107ujemo Vas na na\u0161u Povelju o kola\u010di\u0107ima.<\/p>\n<p>&nbsp;<\/p>\n<h2>\u010cLAN 8 \u2013 MERODAVNO PRAVO \/ NADLE\u017dNI SUD<\/h2>\n<p>Ovi OUK podle\u017eu francuskom pravu i u nadle\u017enosti su isklju\u010divo francuskih sudova.<\/p>\n\n            <div style=\"clear: both;\"><\/div>\n        <\/div>\n    <\/div>\n<\/section>\n","protected":false},"excerpt":{"rendered":"<p>Les mentions l\u00e9gales ci-dessous s\u2019appliquent au pr\u00e9sent site internet www.elicit-plant.com Poslovno ime: ELICIT PLANT Sedi\u0161te: LIEUDIT LE CH\u00c2TAIGNIER, 1 PAS DE LA CROIX, 16220 MOULINS-SUR-TARDOIRE, CHARENTE (16) Pravni oblik: Pojednostavljeno akcionarsko dru\u0161tvo (SAS) Osnovni kapital: 139 417,50 \u20ac Upisana u RCS Angoul\u00eame: broj SIREN: 831 286 455 i broj SIRET: 831 286 455 00025 Intrakomunitarni PDV broj: FR47831286455 Direktor objavljivanja: gospodin Jean-Fran\u00e7ois DECHANT Telefon: +33 05 45 23 18 38 E-po\u0161ta: dataprivacy@elicit-plant.com &nbsp;Hosting provajder: Infomaniak, Poslovno ime: Infomaniak Network SA Adresa: Rue Eug\u00e8ne Marziano 25 &#8211; 1227 Les Acacias (GE) Kontakt &nbsp; OP\u0160TI USLOVI KORI\u0160\u0106ENJA INTERNET SAJTA WWW.ELICIT-PLANT.COM &nbsp; Pristup, pregled i upotreba sajta www. https:\/\/www.elicit-plant.com (\u201einternet sajt\u201d ili \u201eSajt\u201d) ure\u0111eni su ovim Op\u0161tim uslovima kori\u0161\u0107enja (\u201eOUK\u201d). Pregledom i\/ili pristupom Sajtu, posetilac i\/ili korisnik&#8230;<\/p>\n","protected":false},"author":6,"featured_media":0,"parent":0,"menu_order":0,"comment_status":"closed","ping_status":"closed","template":"","meta":{"_acf_changed":false,"footnotes":""},"class_list":["post-404","page","type-page","status-publish","hentry"],"acf":[],"yoast_head":"<!-- This site is optimized with the Yoast SEO plugin v27.3 - https:\/\/yoast.com\/product\/yoast-seo-wordpress\/ -->\n<title>Pravne napomene - Elicit Plant Srbija<\/title>\n<meta name=\"robots\" content=\"noindex, follow\" \/>\n<meta property=\"og:locale\" content=\"sr_RS\" \/>\n<meta property=\"og:type\" content=\"article\" \/>\n<meta property=\"og:title\" content=\"Pravne napomene - Elicit Plant Srbija\" \/>\n<meta property=\"og:description\" content=\"Les mentions l\u00e9gales ci-dessous s\u2019appliquent au pr\u00e9sent site internet www.elicit-plant.com Poslovno ime: ELICIT PLANT Sedi\u0161te: LIEUDIT LE CH\u00c2TAIGNIER, 1 PAS DE LA CROIX, 16220 MOULINS-SUR-TARDOIRE, CHARENTE (16) Pravni oblik: Pojednostavljeno akcionarsko dru\u0161tvo (SAS) Osnovni kapital: 139 417,50 \u20ac Upisana u RCS Angoul\u00eame: broj SIREN: 831 286 455 i broj SIRET: 831 286 455 00025 Intrakomunitarni PDV broj: FR47831286455 Direktor objavljivanja: gospodin Jean-Fran\u00e7ois DECHANT Telefon: +33 05 45 23 18 38 E-po\u0161ta: dataprivacy@elicit-plant.com &nbsp;Hosting provajder: Infomaniak, Poslovno ime: Infomaniak Network SA Adresa: Rue Eug\u00e8ne Marziano 25 - 1227 Les Acacias (GE) Kontakt &nbsp; OP\u0160TI USLOVI KORI\u0160\u0106ENJA INTERNET SAJTA WWW.ELICIT-PLANT.COM &nbsp; Pristup, pregled i upotreba sajta www. https:\/\/www.elicit-plant.com (\u201einternet sajt\u201d ili \u201eSajt\u201d) ure\u0111eni su ovim Op\u0161tim uslovima kori\u0161\u0107enja (\u201eOUK\u201d). Pregledom i\/ili pristupom Sajtu, posetilac i\/ili korisnik...\" \/>\n<meta property=\"og:url\" content=\"https:\/\/www.elicit-plant.com\/rs\/pravne-napomene\/\" \/>\n<meta property=\"og:site_name\" content=\"Elicit Plant Srbija\" \/>\n<meta property=\"article:modified_time\" content=\"2025-10-07T12:17:53+00:00\" \/>\n<meta name=\"twitter:card\" content=\"summary_large_image\" \/>\n<script type=\"application\/ld+json\" class=\"yoast-schema-graph\">{\"@context\":\"https:\\\/\\\/schema.org\",\"@graph\":[{\"@type\":\"WebPage\",\"@id\":\"https:\\\/\\\/www.elicit-plant.com\\\/rs\\\/pravne-napomene\\\/\",\"url\":\"https:\\\/\\\/www.elicit-plant.com\\\/rs\\\/pravne-napomene\\\/\",\"name\":\"Pravne napomene - Elicit Plant Srbija\",\"isPartOf\":{\"@id\":\"https:\\\/\\\/www.elicit-plant.com\\\/rs\\\/#website\"},\"datePublished\":\"2025-04-30T08:46:03+00:00\",\"dateModified\":\"2025-10-07T12:17:53+00:00\",\"breadcrumb\":{\"@id\":\"https:\\\/\\\/www.elicit-plant.com\\\/rs\\\/pravne-napomene\\\/#breadcrumb\"},\"inLanguage\":\"sr-RS\",\"potentialAction\":[{\"@type\":\"ReadAction\",\"target\":[\"https:\\\/\\\/www.elicit-plant.com\\\/rs\\\/pravne-napomene\\\/\"]}]},{\"@type\":\"BreadcrumbList\",\"@id\":\"https:\\\/\\\/www.elicit-plant.com\\\/rs\\\/pravne-napomene\\\/#breadcrumb\",\"itemListElement\":[{\"@type\":\"ListItem\",\"position\":1,\"name\":\"Accueil\",\"item\":\"https:\\\/\\\/www.elicit-plant.com\\\/rs\\\/\"},{\"@type\":\"ListItem\",\"position\":2,\"name\":\"Pravne napomene\"}]},{\"@type\":\"WebSite\",\"@id\":\"https:\\\/\\\/www.elicit-plant.com\\\/rs\\\/#website\",\"url\":\"https:\\\/\\\/www.elicit-plant.com\\\/rs\\\/\",\"name\":\"Elicit Plant Srbija\",\"description\":\"\",\"potentialAction\":[{\"@type\":\"SearchAction\",\"target\":{\"@type\":\"EntryPoint\",\"urlTemplate\":\"https:\\\/\\\/www.elicit-plant.com\\\/rs\\\/?s={search_term_string}\"},\"query-input\":{\"@type\":\"PropertyValueSpecification\",\"valueRequired\":true,\"valueName\":\"search_term_string\"}}],\"inLanguage\":\"sr-RS\"}]}<\/script>\n<!-- \/ Yoast SEO plugin. -->","yoast_head_json":{"title":"Pravne napomene - Elicit Plant Srbija","robots":{"index":"noindex","follow":"follow"},"og_locale":"sr_RS","og_type":"article","og_title":"Pravne napomene - Elicit Plant Srbija","og_description":"Les mentions l\u00e9gales ci-dessous s\u2019appliquent au pr\u00e9sent site internet www.elicit-plant.com Poslovno ime: ELICIT PLANT Sedi\u0161te: LIEUDIT LE CH\u00c2TAIGNIER, 1 PAS DE LA CROIX, 16220 MOULINS-SUR-TARDOIRE, CHARENTE (16) Pravni oblik: Pojednostavljeno akcionarsko dru\u0161tvo (SAS) Osnovni kapital: 139 417,50 \u20ac Upisana u RCS Angoul\u00eame: broj SIREN: 831 286 455 i broj SIRET: 831 286 455 00025 Intrakomunitarni PDV broj: FR47831286455 Direktor objavljivanja: gospodin Jean-Fran\u00e7ois DECHANT Telefon: +33 05 45 23 18 38 E-po\u0161ta: dataprivacy@elicit-plant.com &nbsp;Hosting provajder: Infomaniak, Poslovno ime: Infomaniak Network SA Adresa: Rue Eug\u00e8ne Marziano 25 - 1227 Les Acacias (GE) Kontakt &nbsp; OP\u0160TI USLOVI KORI\u0160\u0106ENJA INTERNET SAJTA WWW.ELICIT-PLANT.COM &nbsp; Pristup, pregled i upotreba sajta www. https:\/\/www.elicit-plant.com (\u201einternet sajt\u201d ili \u201eSajt\u201d) ure\u0111eni su ovim Op\u0161tim uslovima kori\u0161\u0107enja (\u201eOUK\u201d). Pregledom i\/ili pristupom Sajtu, posetilac i\/ili korisnik...","og_url":"https:\/\/www.elicit-plant.com\/rs\/pravne-napomene\/","og_site_name":"Elicit Plant Srbija","article_modified_time":"2025-10-07T12:17:53+00:00","twitter_card":"summary_large_image","schema":{"@context":"https:\/\/schema.org","@graph":[{"@type":"WebPage","@id":"https:\/\/www.elicit-plant.com\/rs\/pravne-napomene\/","url":"https:\/\/www.elicit-plant.com\/rs\/pravne-napomene\/","name":"Pravne napomene - Elicit Plant Srbija","isPartOf":{"@id":"https:\/\/www.elicit-plant.com\/rs\/#website"},"datePublished":"2025-04-30T08:46:03+00:00","dateModified":"2025-10-07T12:17:53+00:00","breadcrumb":{"@id":"https:\/\/www.elicit-plant.com\/rs\/pravne-napomene\/#breadcrumb"},"inLanguage":"sr-RS","potentialAction":[{"@type":"ReadAction","target":["https:\/\/www.elicit-plant.com\/rs\/pravne-napomene\/"]}]},{"@type":"BreadcrumbList","@id":"https:\/\/www.elicit-plant.com\/rs\/pravne-napomene\/#breadcrumb","itemListElement":[{"@type":"ListItem","position":1,"name":"Accueil","item":"https:\/\/www.elicit-plant.com\/rs\/"},{"@type":"ListItem","position":2,"name":"Pravne napomene"}]},{"@type":"WebSite","@id":"https:\/\/www.elicit-plant.com\/rs\/#website","url":"https:\/\/www.elicit-plant.com\/rs\/","name":"Elicit Plant Srbija","description":"","potentialAction":[{"@type":"SearchAction","target":{"@type":"EntryPoint","urlTemplate":"https:\/\/www.elicit-plant.com\/rs\/?s={search_term_string}"},"query-input":{"@type":"PropertyValueSpecification","valueRequired":true,"valueName":"search_term_string"}}],"inLanguage":"sr-RS"}]}},"_links":{"self":[{"href":"https:\/\/www.elicit-plant.com\/rs\/wp-json\/wp\/v2\/pages\/404","targetHints":{"allow":["GET"]}}],"collection":[{"href":"https:\/\/www.elicit-plant.com\/rs\/wp-json\/wp\/v2\/pages"}],"about":[{"href":"https:\/\/www.elicit-plant.com\/rs\/wp-json\/wp\/v2\/types\/page"}],"author":[{"embeddable":true,"href":"https:\/\/www.elicit-plant.com\/rs\/wp-json\/wp\/v2\/users\/6"}],"replies":[{"embeddable":true,"href":"https:\/\/www.elicit-plant.com\/rs\/wp-json\/wp\/v2\/comments?post=404"}],"version-history":[{"count":3,"href":"https:\/\/www.elicit-plant.com\/rs\/wp-json\/wp\/v2\/pages\/404\/revisions"}],"predecessor-version":[{"id":542,"href":"https:\/\/www.elicit-plant.com\/rs\/wp-json\/wp\/v2\/pages\/404\/revisions\/542"}],"wp:attachment":[{"href":"https:\/\/www.elicit-plant.com\/rs\/wp-json\/wp\/v2\/media?parent=404"}],"curies":[{"name":"wp","href":"https:\/\/api.w.org\/{rel}","templated":true}]}}