{"id":544,"date":"2025-10-07T14:28:23","date_gmt":"2025-10-07T12:28:23","guid":{"rendered":"https:\/\/www.elicit-plant.com\/rs\/?page_id=544"},"modified":"2025-10-07T14:28:24","modified_gmt":"2025-10-07T12:28:24","slug":"povelju-o-kolacicima","status":"publish","type":"page","link":"https:\/\/www.elicit-plant.com\/rs\/povelju-o-kolacicima\/","title":{"rendered":"Povelju o kola\u010di\u0107ima"},"content":{"rendered":"<section class=\"cbo-heropicture\" data-anim-group>\n\t<div class=\"cbo-breadcrumbs breadcrumbs--normal\">\n  <div class=\"breadcrumbs-inner\">\n    <span><span><a href=\"https:\/\/www.elicit-plant.com\/rs\/\">Accueil<\/a><\/span><\/span>\t<\/div>\n<\/div>\n\t<div class=\"heropicture-picture cbo-picture-cover\">\n\t\t<img decoding=\"async\" src=\"https:\/\/www.elicit-plant.com\/app\/uploads\/sites\/13\/2025\/04\/Tractor-treating-fields-1-1024x570.jpg\" srcset=\"https:\/\/www.elicit-plant.com\/app\/uploads\/sites\/13\/2025\/04\/Tractor-treating-fields-1-320x178.jpg 320w, https:\/\/www.elicit-plant.com\/app\/uploads\/sites\/13\/2025\/04\/Tractor-treating-fields-1-768x427.jpg 768w, https:\/\/www.elicit-plant.com\/app\/uploads\/sites\/13\/2025\/04\/Tractor-treating-fields-1-1024x570.jpg 1024w, https:\/\/www.elicit-plant.com\/app\/uploads\/sites\/13\/2025\/04\/Tractor-treating-fields-1.jpg 1280w, https:\/\/www.elicit-plant.com\/app\/uploads\/sites\/13\/2025\/04\/Tractor-treating-fields-1.jpg 1920w\" class=\"\" alt=\"Traktor tretira polja\" width=\"1024\" height=\"570\" sizes=\"auto, 100vw\" loading=\"lazy\" \/>\t<\/div>\n\n\t<div class=\"heropicture-inner cbo-container container--small container--padding\">\n\t\t<div class=\"heropicture-content\">\n\n\t\t\t\n\t\t\t<h1 class=\"content-title cbo-title-2 slide-down\">\n\t\t\t\tPovelju o kola\u010di\u0107ima\t\t\t<\/h1>\n\t\t<\/div>\n\t<\/div>\n<\/section>\n\n<section class=\"cbo-text cbo-margin-container\">\n    <div class=\"\n        text-inner\n                cbo-container\n        container--small        \"\n    >\n        <div class=\"text-content cbo-cms cms--large\">\n            <h2>KAKO PODESITI KOLA\u010cI\u0106E KOJI SE KORISTE NA SAJTU?<\/h2>\n<p>Ovaj odeljak obja\u0161njava kako da dozvolite ili ne dozvolite upotrebu kola\u010di\u0107a na Sajtu.<\/p>\n<p>Tokom Va\u0161e prve navigacije na Sajtu, bi\u0107e Vam ponu\u0111eno da podesite upotrebu kola\u010di\u0107a.<\/p>\n<p>Ovo pode\u0161avanje se vr\u0161i putem informativnog banera o njihovoj upotrebi, koji \u0107e Vas, kada se pojavi, pozvati da se upoznate sa kori\u0161\u0107enim kola\u010di\u0107ima, da ih u celini prihvatite ili odbijete, kao i, uop\u0161tenije, da ih podesite iz interfejsa Sajta klikom na ikonicu u donjem levom uglu Va\u0161eg pregleda\u010da.<\/p>\n<p><img loading=\"lazy\" decoding=\"async\" class=\"size-full wp-image-6841 alignnone\" src=\"https:\/\/www.elicit-plant.com\/app\/uploads\/sites\/1\/2025\/10\/Axeptio-logo.png\" alt=\"Axeptio logo\" width=\"61\" height=\"62\" \/><\/p>\n<p>Tokom celog kori\u0161\u0107enja Sajta i u svakom trenutku, mo\u017eete izmeniti pode\u0161avanja kori\u0161\u0107enih kola\u010di\u0107a kako biste ih prihvatili ili odbili pristupanjem modulu za upravljanje Va\u0161im pristankom iz gore navedene rubrike.<\/p>\n<p>Tako\u0111e mo\u017eete blokirati deo ili sve tehni\u010dke kola\u010di\u0107e Sajta, koji su neophodni za njegovo pravilno funkcionisanje, direktno iz pode\u0161avanja Va\u0161eg pregleda\u010da. Me\u0111utim, odbijanje postavljanja ovih kola\u010di\u0107a putem Va\u0161eg pregleda\u010da mo\u017ee dovesti do nemogu\u0107nosti pristupa odre\u0111enim funkcionalnostima\/delovima sajta ili do degradiranog rada istog.<\/p>\n<h2>KOGA KONTAKTIRATI U SLU\u010cAJU PITANJA O KOLA\u010cI\u0106IMA?<\/h2>\n<p>Za sva pitanja u vezi sa ovom Poveljom o kola\u010di\u0107ima ili za bilo koji zahtev u vezi sa kola\u010di\u0107ima koji se generalno koriste na Sajtu, mo\u017eete nas u svakom trenutku kontaktirati:<\/p>\n<ul>\n<li>Slanjem pisma na: ELICIT PLANT &#8211; LIEUDIT LE CHATAIGNIER, 1 PASSAGE DE LA CROIX, 16220 MOULINS-SUR-TARDOIRE, CHARENTE (16)<br \/>\nSlanjem elektronske po\u0161te na slede\u0107u adresu: <a href=\"mailto:dataprivacy@elicit-plant.com\">dataprivacy@elicit-plant.com<\/a><\/li>\n<\/ul>\n\n            <div style=\"clear: both;\"><\/div>\n        <\/div>\n    <\/div>\n<\/section>\n","protected":false},"excerpt":{"rendered":"<p>KAKO PODESITI KOLA\u010cI\u0106E KOJI SE KORISTE NA SAJTU? Ovaj odeljak obja\u0161njava kako da dozvolite ili ne dozvolite upotrebu kola\u010di\u0107a na Sajtu. Tokom Va\u0161e prve navigacije na Sajtu, bi\u0107e Vam ponu\u0111eno da podesite upotrebu kola\u010di\u0107a. Ovo pode\u0161avanje se vr\u0161i putem informativnog banera o njihovoj upotrebi, koji \u0107e Vas, kada se pojavi, pozvati da se upoznate sa kori\u0161\u0107enim kola\u010di\u0107ima, da ih u celini prihvatite ili odbijete, kao i, uop\u0161tenije, da ih podesite iz interfejsa Sajta klikom na ikonicu u donjem levom uglu Va\u0161eg pregleda\u010da. Tokom celog kori\u0161\u0107enja Sajta i u svakom trenutku, mo\u017eete izmeniti pode\u0161avanja kori\u0161\u0107enih kola\u010di\u0107a kako biste ih prihvatili ili odbili pristupanjem modulu za upravljanje Va\u0161im pristankom iz gore navedene rubrike. Tako\u0111e mo\u017eete blokirati deo ili sve tehni\u010dke kola\u010di\u0107e Sajta, koji su neophodni za njegovo pravilno funkcionisanje, direktno iz pode\u0161avanja Va\u0161eg pregleda\u010da. Me\u0111utim, odbijanje postavljanja ovih kola\u010di\u0107a putem Va\u0161eg&#8230;<\/p>\n","protected":false},"author":6,"featured_media":0,"parent":0,"menu_order":0,"comment_status":"closed","ping_status":"closed","template":"","meta":{"_acf_changed":false,"footnotes":""},"class_list":["post-544","page","type-page","status-publish","hentry"],"acf":[],"yoast_head":"<!-- This site is optimized with the Yoast SEO plugin v27.3 - https:\/\/yoast.com\/product\/yoast-seo-wordpress\/ -->\n<title>Povelju o kola\u010di\u0107ima - Elicit Plant Srbija<\/title>\n<meta name=\"robots\" content=\"noindex, follow\" \/>\n<meta property=\"og:locale\" content=\"sr_RS\" \/>\n<meta property=\"og:type\" content=\"article\" \/>\n<meta property=\"og:title\" content=\"Povelju o kola\u010di\u0107ima - Elicit Plant Srbija\" \/>\n<meta property=\"og:description\" content=\"KAKO PODESITI KOLA\u010cI\u0106E KOJI SE KORISTE NA SAJTU? Ovaj odeljak obja\u0161njava kako da dozvolite ili ne dozvolite upotrebu kola\u010di\u0107a na Sajtu. Tokom Va\u0161e prve navigacije na Sajtu, bi\u0107e Vam ponu\u0111eno da podesite upotrebu kola\u010di\u0107a. Ovo pode\u0161avanje se vr\u0161i putem informativnog banera o njihovoj upotrebi, koji \u0107e Vas, kada se pojavi, pozvati da se upoznate sa kori\u0161\u0107enim kola\u010di\u0107ima, da ih u celini prihvatite ili odbijete, kao i, uop\u0161tenije, da ih podesite iz interfejsa Sajta klikom na ikonicu u donjem levom uglu Va\u0161eg pregleda\u010da. Tokom celog kori\u0161\u0107enja Sajta i u svakom trenutku, mo\u017eete izmeniti pode\u0161avanja kori\u0161\u0107enih kola\u010di\u0107a kako biste ih prihvatili ili odbili pristupanjem modulu za upravljanje Va\u0161im pristankom iz gore navedene rubrike. Tako\u0111e mo\u017eete blokirati deo ili sve tehni\u010dke kola\u010di\u0107e Sajta, koji su neophodni za njegovo pravilno funkcionisanje, direktno iz pode\u0161avanja Va\u0161eg pregleda\u010da. Me\u0111utim, odbijanje postavljanja ovih kola\u010di\u0107a putem Va\u0161eg...\" \/>\n<meta property=\"og:url\" content=\"https:\/\/www.elicit-plant.com\/rs\/povelju-o-kolacicima\/\" \/>\n<meta property=\"og:site_name\" content=\"Elicit Plant Srbija\" \/>\n<meta property=\"article:modified_time\" content=\"2025-10-07T12:28:24+00:00\" \/>\n<meta name=\"twitter:card\" content=\"summary_large_image\" \/>\n<script type=\"application\/ld+json\" class=\"yoast-schema-graph\">{\"@context\":\"https:\\\/\\\/schema.org\",\"@graph\":[{\"@type\":\"WebPage\",\"@id\":\"https:\\\/\\\/www.elicit-plant.com\\\/rs\\\/povelju-o-kolacicima\\\/\",\"url\":\"https:\\\/\\\/www.elicit-plant.com\\\/rs\\\/povelju-o-kolacicima\\\/\",\"name\":\"Povelju o kola\u010di\u0107ima - Elicit Plant Srbija\",\"isPartOf\":{\"@id\":\"https:\\\/\\\/www.elicit-plant.com\\\/rs\\\/#website\"},\"datePublished\":\"2025-10-07T12:28:23+00:00\",\"dateModified\":\"2025-10-07T12:28:24+00:00\",\"breadcrumb\":{\"@id\":\"https:\\\/\\\/www.elicit-plant.com\\\/rs\\\/povelju-o-kolacicima\\\/#breadcrumb\"},\"inLanguage\":\"sr-RS\",\"potentialAction\":[{\"@type\":\"ReadAction\",\"target\":[\"https:\\\/\\\/www.elicit-plant.com\\\/rs\\\/povelju-o-kolacicima\\\/\"]}]},{\"@type\":\"BreadcrumbList\",\"@id\":\"https:\\\/\\\/www.elicit-plant.com\\\/rs\\\/povelju-o-kolacicima\\\/#breadcrumb\",\"itemListElement\":[{\"@type\":\"ListItem\",\"position\":1,\"name\":\"Accueil\",\"item\":\"https:\\\/\\\/www.elicit-plant.com\\\/rs\\\/\"},{\"@type\":\"ListItem\",\"position\":2,\"name\":\"Povelju o kola\u010di\u0107ima\"}]},{\"@type\":\"WebSite\",\"@id\":\"https:\\\/\\\/www.elicit-plant.com\\\/rs\\\/#website\",\"url\":\"https:\\\/\\\/www.elicit-plant.com\\\/rs\\\/\",\"name\":\"Elicit Plant Srbija\",\"description\":\"\",\"potentialAction\":[{\"@type\":\"SearchAction\",\"target\":{\"@type\":\"EntryPoint\",\"urlTemplate\":\"https:\\\/\\\/www.elicit-plant.com\\\/rs\\\/?s={search_term_string}\"},\"query-input\":{\"@type\":\"PropertyValueSpecification\",\"valueRequired\":true,\"valueName\":\"search_term_string\"}}],\"inLanguage\":\"sr-RS\"}]}<\/script>\n<!-- \/ Yoast SEO plugin. -->","yoast_head_json":{"title":"Povelju o kola\u010di\u0107ima - Elicit Plant Srbija","robots":{"index":"noindex","follow":"follow"},"og_locale":"sr_RS","og_type":"article","og_title":"Povelju o kola\u010di\u0107ima - Elicit Plant Srbija","og_description":"KAKO PODESITI KOLA\u010cI\u0106E KOJI SE KORISTE NA SAJTU? Ovaj odeljak obja\u0161njava kako da dozvolite ili ne dozvolite upotrebu kola\u010di\u0107a na Sajtu. Tokom Va\u0161e prve navigacije na Sajtu, bi\u0107e Vam ponu\u0111eno da podesite upotrebu kola\u010di\u0107a. Ovo pode\u0161avanje se vr\u0161i putem informativnog banera o njihovoj upotrebi, koji \u0107e Vas, kada se pojavi, pozvati da se upoznate sa kori\u0161\u0107enim kola\u010di\u0107ima, da ih u celini prihvatite ili odbijete, kao i, uop\u0161tenije, da ih podesite iz interfejsa Sajta klikom na ikonicu u donjem levom uglu Va\u0161eg pregleda\u010da. Tokom celog kori\u0161\u0107enja Sajta i u svakom trenutku, mo\u017eete izmeniti pode\u0161avanja kori\u0161\u0107enih kola\u010di\u0107a kako biste ih prihvatili ili odbili pristupanjem modulu za upravljanje Va\u0161im pristankom iz gore navedene rubrike. Tako\u0111e mo\u017eete blokirati deo ili sve tehni\u010dke kola\u010di\u0107e Sajta, koji su neophodni za njegovo pravilno funkcionisanje, direktno iz pode\u0161avanja Va\u0161eg pregleda\u010da. Me\u0111utim, odbijanje postavljanja ovih kola\u010di\u0107a putem Va\u0161eg...","og_url":"https:\/\/www.elicit-plant.com\/rs\/povelju-o-kolacicima\/","og_site_name":"Elicit Plant Srbija","article_modified_time":"2025-10-07T12:28:24+00:00","twitter_card":"summary_large_image","schema":{"@context":"https:\/\/schema.org","@graph":[{"@type":"WebPage","@id":"https:\/\/www.elicit-plant.com\/rs\/povelju-o-kolacicima\/","url":"https:\/\/www.elicit-plant.com\/rs\/povelju-o-kolacicima\/","name":"Povelju o kola\u010di\u0107ima - Elicit Plant Srbija","isPartOf":{"@id":"https:\/\/www.elicit-plant.com\/rs\/#website"},"datePublished":"2025-10-07T12:28:23+00:00","dateModified":"2025-10-07T12:28:24+00:00","breadcrumb":{"@id":"https:\/\/www.elicit-plant.com\/rs\/povelju-o-kolacicima\/#breadcrumb"},"inLanguage":"sr-RS","potentialAction":[{"@type":"ReadAction","target":["https:\/\/www.elicit-plant.com\/rs\/povelju-o-kolacicima\/"]}]},{"@type":"BreadcrumbList","@id":"https:\/\/www.elicit-plant.com\/rs\/povelju-o-kolacicima\/#breadcrumb","itemListElement":[{"@type":"ListItem","position":1,"name":"Accueil","item":"https:\/\/www.elicit-plant.com\/rs\/"},{"@type":"ListItem","position":2,"name":"Povelju o kola\u010di\u0107ima"}]},{"@type":"WebSite","@id":"https:\/\/www.elicit-plant.com\/rs\/#website","url":"https:\/\/www.elicit-plant.com\/rs\/","name":"Elicit Plant Srbija","description":"","potentialAction":[{"@type":"SearchAction","target":{"@type":"EntryPoint","urlTemplate":"https:\/\/www.elicit-plant.com\/rs\/?s={search_term_string}"},"query-input":{"@type":"PropertyValueSpecification","valueRequired":true,"valueName":"search_term_string"}}],"inLanguage":"sr-RS"}]}},"_links":{"self":[{"href":"https:\/\/www.elicit-plant.com\/rs\/wp-json\/wp\/v2\/pages\/544","targetHints":{"allow":["GET"]}}],"collection":[{"href":"https:\/\/www.elicit-plant.com\/rs\/wp-json\/wp\/v2\/pages"}],"about":[{"href":"https:\/\/www.elicit-plant.com\/rs\/wp-json\/wp\/v2\/types\/page"}],"author":[{"embeddable":true,"href":"https:\/\/www.elicit-plant.com\/rs\/wp-json\/wp\/v2\/users\/6"}],"replies":[{"embeddable":true,"href":"https:\/\/www.elicit-plant.com\/rs\/wp-json\/wp\/v2\/comments?post=544"}],"version-history":[{"count":1,"href":"https:\/\/www.elicit-plant.com\/rs\/wp-json\/wp\/v2\/pages\/544\/revisions"}],"predecessor-version":[{"id":545,"href":"https:\/\/www.elicit-plant.com\/rs\/wp-json\/wp\/v2\/pages\/544\/revisions\/545"}],"wp:attachment":[{"href":"https:\/\/www.elicit-plant.com\/rs\/wp-json\/wp\/v2\/media?parent=544"}],"curies":[{"name":"wp","href":"https:\/\/api.w.org\/{rel}","templated":true}]}}