{"id":358,"date":"2025-03-10T11:29:16","date_gmt":"2025-03-10T10:29:16","guid":{"rendered":"https:\/\/www.elicit-plant.com\/us\/?page_id=358"},"modified":"2025-10-07T14:01:54","modified_gmt":"2025-10-07T12:01:54","slug":"legal-notice","status":"publish","type":"page","link":"https:\/\/www.elicit-plant.com\/us\/legal-notice\/","title":{"rendered":"Legal Notice"},"content":{"rendered":"<section class=\"cbo-heropicture\" data-anim-group>\n\t<div class=\"cbo-breadcrumbs breadcrumbs--normal\">\n  <div class=\"breadcrumbs-inner\">\n    <span><span><a href=\"https:\/\/www.elicit-plant.com\/us\/\">Home<\/a><\/span><\/span>\t<\/div>\n<\/div>\n\t<div class=\"heropicture-picture cbo-picture-cover\">\n\t\t<img decoding=\"async\" src=\"https:\/\/www.elicit-plant.com\/app\/uploads\/sites\/12\/2025\/02\/Tractor-treating-fields-1024x570.jpg\" srcset=\"https:\/\/www.elicit-plant.com\/app\/uploads\/sites\/12\/2025\/02\/Tractor-treating-fields-320x178.jpg 320w, https:\/\/www.elicit-plant.com\/app\/uploads\/sites\/12\/2025\/02\/Tractor-treating-fields-768x427.jpg 768w, https:\/\/www.elicit-plant.com\/app\/uploads\/sites\/12\/2025\/02\/Tractor-treating-fields-1024x570.jpg 1024w, https:\/\/www.elicit-plant.com\/app\/uploads\/sites\/12\/2025\/02\/Tractor-treating-fields.jpg 1280w, https:\/\/www.elicit-plant.com\/app\/uploads\/sites\/12\/2025\/02\/Tractor-treating-fields.jpg 1920w\" class=\"\" alt=\"\" width=\"1024\" height=\"570\" sizes=\"auto, 100vw\" loading=\"lazy\" \/>\t<\/div>\n\n\t<div class=\"heropicture-inner cbo-container container--small container--padding\">\n\t\t<div class=\"heropicture-content\">\n\n\t\t\t\n\t\t\t<h1 class=\"content-title cbo-title-2 slide-down\">\n\t\t\t\tLegal Notice\t\t\t<\/h1>\n\t\t<\/div>\n\t<\/div>\n<\/section>\n\n<section class=\"cbo-text cbo-margin-container\">\n    <div class=\"\n        text-inner\n                cbo-container\n        container--small        \"\n    >\n        <div class=\"text-content cbo-cms cms--large\">\n            <p>The following legal notices apply to the website <a href=\"http:\/\/www.elicit-plant.com\">www.elicit-plant.com<\/a><\/p>\n<p><strong>Company name<\/strong>: ELICIT PLANT<\/p>\n<p><strong>Registered office<\/strong>: LIEUDIT LE CHATAIGNIER, 1 PAS DE LA CROIX, 16220 MOULINS-SUR-TARDOIRE, CHARENTE (16)<\/p>\n<p><strong>Legal form<\/strong>: Simplified Joint-Stock Company (Soci\u00e9t\u00e9 par actions simplifi\u00e9e \u2013 SAS)<\/p>\n<p><strong>Share capital<\/strong>: \u20ac139,417.50<\/p>\n<p><strong>Registered with the Angoul\u00eame Trade and Companies Register (RCS)<\/strong>: SIREN number: 831 286 455 and SIRET number: 831 286 455 00025<\/p>\n<p><strong>EU VAT number<\/strong>: FR47831286455<\/p>\n<p><strong>Publication Director<\/strong>: Mr Jean-Fran\u00e7ois DECHANT<\/p>\n<p><strong>Telephone<\/strong>: +33 <a href=\"https:\/\/www.google.com\/search?q=t%C3%A9l%C3%A9phone+elicit+plant&#038;rlz=1C1GCEU_frFR1073FR1073&#038;oq=t%C3%A9l%C3%A9phone+elicit+plant&#038;gs_lcrp=EgZjaHJvbWUyCAgAEEUYFRg5MgcIARAhGKABMgcIAhAhGKABMgcIAxAhGKAB0gEINTk1N2owajeoAgCwAgA&#038;sourceid=chrome&#038;ie=UTF-8\">05 45 23 18 38<\/a><\/p>\n<p><strong>Email<\/strong>: <a href=\"mailto:dataprivacy@elicit-plant.com\">dataprivacy@elicit-plant.com<\/a><\/p>\n<p><strong> <\/strong><strong>Hosting provider<\/strong>: Infomaniak,<\/p>\n<p><u>Company name<\/u>: Infomaniak Network SA<br \/>\n<u>Address<\/u>: Rue Eug\u00e8ne Marziano 25 &#8211; 1227 Les Acacias (GE)<br \/>\n<u><a href=\"https:\/\/www.infomaniak.com\/fr\/aide\">Contact<\/a><\/u><\/p>\n<p><strong> <\/strong><\/p>\n<h2 style=\"text-align: center;\"><strong>GENERAL TERMS OF USE OF THE WEBSITE<br \/>\n<\/strong><a href=\"http:\/\/WWW.ASDIA.FR\"><strong>WWW.ELICIT-PLANT.COM<\/strong><\/a><\/h2>\n<p>&nbsp;<\/p>\n<p>Access to, browsing and use of the website www. <a href=\"https:\/\/www.elicit-plant.com\">https:\/\/www.elicit-plant.com<\/a> (\u201c<strong><em>Website<\/em><\/strong>\u201d or \u201c<strong><em>Site<\/em><\/strong>\u201d) are governed by these General Terms of Use (\u201c<strong><em>ToU<\/em><\/strong>\u201d).<\/p>\n<p>By browsing and\/or accessing the Site, the visitor and\/or user (\u201c<strong><em>You<\/em><\/strong>\u201d) is deemed to accept these ToU unreservedly and without limitation. You are therefore invited to read them carefully before any browsing and\/or continued browsing on the Site.<\/p>\n<p>ELICIT PLANT reserves the right to amend these ToU at any time. The version available on the Site constitutes the latest up-to-date and applicable version.<\/p>\n<p>If any provision of the ToU is declared null and\/or void under applicable laws and regulations, the remaining provisions shall continue to apply.<\/p>\n<p>&nbsp;<\/p>\n<h2>ARTICLE 1 \u2013 ACCESS TO THE SITE \u2013 FEATURES \u2013 USE<\/h2>\n<p>1.1.<\/p>\n<p>Access to and use of the Site are restricted to strictly personal use. You undertake not to use this Site and the information or data contained on it for commercial, political or advertising purposes, or for any form of commercial solicitation, including the sending of unsolicited emails.<\/p>\n<p>More generally, in the context of your access to, browsing and use of the Site, You undertake to:<\/p>\n<ul>\n<li>ensure that the computer configuration used contains no viruses and is in perfect working order;<\/li>\n<li>not copy all or part of the Site onto another site or any other medium;<\/li>\n<li>not set up systems likely or intended to hack all or part of the Site, or likely to breach these ToU;<\/li>\n<li>inform ELICIT PLANT as soon as You become aware of any \u201c<em>hacking<\/em>\u201d, and in particular any unlawful or non-contractual use of elements appearing on the Site, regardless of the means of dissemination used;<\/li>\n<li>comply with these ToU.<\/li>\n<\/ul>\n<p>1.2.<\/p>\n<p>The Site\u2019s features include in particular:<\/p>\n<ul>\n<li>presenting ELICIT PLANT and its business;<\/li>\n<li>publishing and disseminating information about ELICIT PLANT\u2019s activities, products and services;<\/li>\n<li>posting job offers at ELICIT PLANT;<\/li>\n<li>enabling contact with ELICIT PLANT\u2019s various departments.<\/li>\n<\/ul>\n<h2><\/h2>\n<h2>ARTICLE 2 \u2013 INTELLECTUAL PROPERTY<\/h2>\n<p>ELICIT PLANT grants you a simple right to consult the information and content available on the Site during your access and browsing period.<\/p>\n<p>All elements and content of the Website\u2014including, without limitation, trademarks, logos, images, drawings, graphics, style guides, icons, structures, layouts, textual content, as well as any software applications that may be used to operate this Site\u2014are and remain the exclusive property of ELICIT PLANT and\/or its partners.<\/p>\n<p>The word and figurative trademarks (logos) \u201cELICIT PLANT\u201d, or designating its products and services, are protected by intellectual property rights, and are notably registered as trademarks in France and internationally.<\/p>\n<p>Therefore, any reproduction, representation, use, modification or adaptation, in any form whatsoever, of all or part of the elements and content of the Site, including software applications, without ELICIT PLANT\u2019s prior express written consent, is strictly prohibited and may give rise to legal action, notably on the grounds of infringement and unfair competition under applicable regulations.<\/p>\n<p>ELICIT PLANT\u2019s failure to initiate proceedings upon becoming aware of unauthorised uses shall not be construed as acceptance of such uses nor as a waiver of its right to take action.<\/p>\n<p>&nbsp;<\/p>\n<h2>ARTICLE 3 \u2013 SITE MANAGEMENT<\/h2>\n<p>To ensure proper management of the Site, ELICIT PLANT may at any time, permanently or temporarily:<\/p>\n<ul>\n<li>suspend, interrupt or limit access to all or part of the Site, or reserve access to the Site, or to certain parts of the Site, to a specific category of internet users;<\/li>\n<\/ul>\n<ul>\n<li>delete and\/or modify any part of the Site\u2019s configuration, or any information that may disrupt its operation, or that conflicts with national or international laws, or with the rules of \u201cNetiquette\u201d;<\/li>\n<\/ul>\n<ul>\n<li>suspend the Site, in particular to carry out updates and\/or maintenance. Maintenance operations may be performed without prior notice to You.<\/li>\n<\/ul>\n<p>&nbsp;<\/p>\n<p><span style=\"font-size: 2.25rem; font-weight: 600; letter-spacing: -0.0536em;\">ARTICLE 4 \u2013 LIABILITY<\/span><\/p>\n<p>4.1.<\/p>\n<p>The information displayed on ELICIT PLANT\u2019s website is provided for information purposes only and does not constitute an offer for any specific product or service provided by ELICIT PLANT. If You wish to know the details of the services offered by ELICIT PLANT, You may contact it directly using the contact details provided on the Site.<\/p>\n<p>While ELICIT PLANT takes reasonable care to verify all information provided on its Site, it does not guarantee that the information published on this Site, as well as on any linked sites, is complete, accurate and up to date at all times.<\/p>\n<p>4.2.<\/p>\n<p>ELICIT PLANT will make all reasonable efforts to secure access to, browsing and use of the Site, on a best-efforts basis.<\/p>\n<p>The Site is accessible 24 hours a day, 7 days a week, except, in particular, in cases of force majeure, external causes, events beyond its control, and in any event subject to possible outages, malfunctions and corrective or upgrade maintenance operations related to the hazards of the Internet and\/or necessary for the proper operation and development of the Site.<\/p>\n<p>ELICIT PLANT cannot be held liable in the event of failure, breakdown, difficulty or interruption of operation preventing access to the Site or any of its features.<\/p>\n<p>4.3.<\/p>\n<p>The equipment You use to connect to the Site is your sole responsibility.<\/p>\n<p>You must take all appropriate measures to protect your equipment and your own data, particularly against Internet-borne attacks.<\/p>\n<p>You are also solely responsible for the use You make of the Site, as well as of the sites, services and data that You consult and access via the Internet.<\/p>\n<p>Accordingly, ELICIT PLANT shall not be liable for any damage caused to You, to third parties and\/or to your equipment, nor for any legal action brought against You, arising from your connection to or use of the Site and any service accessible via the Internet, or from your failure to comply with these ToU.<\/p>\n<p>Should ELICIT PLANT be subject to amicable or judicial proceedings as a result of your use of the Site, ELICIT PLANT reserves the right to seek indemnification from You for all losses, sums, judgments and costs that may result from such proceedings.<\/p>\n<h2>ARTICLE 5 \u2013 HYPERTEXT LINKS<\/h2>\n<p>5.1.<\/p>\n<p>From the Site, ELICIT PLANT may provide links to other websites or other sources of information managed by partner sites.<\/p>\n<p>Since ELICIT PLANT cannot exercise control over such partner services and external sources, the direct or indirect links contained on this Site and pointing to other websites are provided without any warranty, \u201cas is\u201d, and at your own risk.<\/p>\n<p>ELICIT PLANT therefore disclaims all responsibility for the availability and content of such sites and external sources, including any advertising, products, services or other materials available on or from such sites or external sources, as well as for any damage they may cause.<\/p>\n<p>5.2.<\/p>\n<p>Creating and\/or implementing a hyperlink by You to all of the Site\u2019s content, or any technique consisting of displaying part of the Site on a third-party site, is strictly prohibited and may only be done with ELICIT PLANT\u2019s prior express written authorisation, and provided that the original information on the site or its source is not altered.<\/p>\n<p>If ELICIT PLANT grants You such authorisation, it will in all cases be temporary and may be withdrawn at any time, without any obligation on ELICIT PLANT to provide reasons.<\/p>\n<p>In any event, any link that You may insert on the Site must be removed upon ELICIT PLANT\u2019s first request.<\/p>\n<p>&nbsp;<\/p>\n<h2>ARTICLE 6 \u2013 PERSONAL DATA PROTECTION<\/h2>\n<p>You can learn about the processing that ELICIT PLANT may carry out on your personal data, as well as its broader commitments in terms of personal data protection, by accessing our Privacy Policy.<\/p>\n<p>&nbsp;<\/p>\n<h2>ARTICLE 7 \u2013 COOKIES<\/h2>\n<p>For more information about the cookies used on the Site and managing your consent, please refer to our Cookie Policy.<\/p>\n<p>&nbsp;<\/p>\n<h2>ARTICLE 8 \u2013 GOVERNING LAW \/ JURISDICTION<\/h2>\n<p>These ToU are governed by French law and fall under the exclusive jurisdiction of the French courts.<\/p>\n\n            <div style=\"clear: both;\"><\/div>\n        <\/div>\n    <\/div>\n<\/section>\n","protected":false},"excerpt":{"rendered":"<p>The following legal notices apply to the website www.elicit-plant.com Company name: ELICIT PLANT Registered office: LIEUDIT LE CHATAIGNIER, 1 PAS DE LA CROIX, 16220 MOULINS-SUR-TARDOIRE, CHARENTE (16) Legal form: Simplified Joint-Stock Company (Soci\u00e9t\u00e9 par actions simplifi\u00e9e \u2013 SAS) Share capital: \u20ac139,417.50 Registered with the Angoul\u00eame Trade and Companies Register (RCS): SIREN number: 831 286 455 and SIRET number: 831 286 455 00025 EU VAT number: FR47831286455 Publication Director: Mr Jean-Fran\u00e7ois DECHANT Telephone: +33 05 45 23 18 38 Email: dataprivacy@elicit-plant.com Hosting provider: Infomaniak, Company name: Infomaniak Network SA Address: Rue Eug\u00e8ne Marziano 25 &#8211; 1227 Les Acacias (GE) Contact GENERAL TERMS OF USE OF THE WEBSITE WWW.ELICIT-PLANT.COM &nbsp; Access to, browsing and use of the website www. https:\/\/www.elicit-plant.com (\u201cWebsite\u201d or \u201cSite\u201d) are governed by these General Terms of Use (\u201cToU\u201d). By browsing and\/or accessing the Site, the visitor&#8230;<\/p>\n","protected":false},"author":6,"featured_media":0,"parent":0,"menu_order":0,"comment_status":"closed","ping_status":"closed","template":"","meta":{"_acf_changed":false,"footnotes":""},"class_list":["post-358","page","type-page","status-publish","hentry"],"acf":[],"yoast_head":"<!-- This site is optimized with the Yoast SEO plugin v27.3 - https:\/\/yoast.com\/product\/yoast-seo-wordpress\/ -->\n<title>Legal Notice - Elicit Plant USA<\/title>\n<meta name=\"robots\" content=\"noindex, follow\" \/>\n<meta property=\"og:locale\" content=\"en_US\" \/>\n<meta property=\"og:type\" content=\"article\" \/>\n<meta property=\"og:title\" content=\"Legal Notice - Elicit Plant USA\" \/>\n<meta property=\"og:description\" content=\"The following legal notices apply to the website www.elicit-plant.com Company name: ELICIT PLANT Registered office: LIEUDIT LE CHATAIGNIER, 1 PAS DE LA CROIX, 16220 MOULINS-SUR-TARDOIRE, CHARENTE (16) Legal form: Simplified Joint-Stock Company (Soci\u00e9t\u00e9 par actions simplifi\u00e9e \u2013 SAS) Share capital: \u20ac139,417.50 Registered with the Angoul\u00eame Trade and Companies Register (RCS): SIREN number: 831 286 455 and SIRET number: 831 286 455 00025 EU VAT number: FR47831286455 Publication Director: Mr Jean-Fran\u00e7ois DECHANT Telephone: +33 05 45 23 18 38 Email: dataprivacy@elicit-plant.com Hosting provider: Infomaniak, Company name: Infomaniak Network SA Address: Rue Eug\u00e8ne Marziano 25 - 1227 Les Acacias (GE) Contact GENERAL TERMS OF USE OF THE WEBSITE WWW.ELICIT-PLANT.COM &nbsp; Access to, browsing and use of the website www. https:\/\/www.elicit-plant.com (\u201cWebsite\u201d or \u201cSite\u201d) are governed by these General Terms of Use (\u201cToU\u201d). By browsing and\/or accessing the Site, the visitor...\" \/>\n<meta property=\"og:url\" content=\"https:\/\/www.elicit-plant.com\/us\/legal-notice\/\" \/>\n<meta property=\"og:site_name\" content=\"Elicit Plant USA\" \/>\n<meta property=\"article:modified_time\" content=\"2025-10-07T12:01:54+00:00\" \/>\n<meta name=\"twitter:card\" content=\"summary_large_image\" \/>\n<script type=\"application\/ld+json\" class=\"yoast-schema-graph\">{\"@context\":\"https:\\\/\\\/schema.org\",\"@graph\":[{\"@type\":\"WebPage\",\"@id\":\"https:\\\/\\\/www.elicit-plant.com\\\/us\\\/legal-notice\\\/\",\"url\":\"https:\\\/\\\/www.elicit-plant.com\\\/us\\\/legal-notice\\\/\",\"name\":\"Legal Notice - Elicit Plant USA\",\"isPartOf\":{\"@id\":\"https:\\\/\\\/www.elicit-plant.com\\\/us\\\/#website\"},\"datePublished\":\"2025-03-10T10:29:16+00:00\",\"dateModified\":\"2025-10-07T12:01:54+00:00\",\"breadcrumb\":{\"@id\":\"https:\\\/\\\/www.elicit-plant.com\\\/us\\\/legal-notice\\\/#breadcrumb\"},\"inLanguage\":\"en-US\",\"potentialAction\":[{\"@type\":\"ReadAction\",\"target\":[\"https:\\\/\\\/www.elicit-plant.com\\\/us\\\/legal-notice\\\/\"]}]},{\"@type\":\"BreadcrumbList\",\"@id\":\"https:\\\/\\\/www.elicit-plant.com\\\/us\\\/legal-notice\\\/#breadcrumb\",\"itemListElement\":[{\"@type\":\"ListItem\",\"position\":1,\"name\":\"Home\",\"item\":\"https:\\\/\\\/www.elicit-plant.com\\\/us\\\/\"},{\"@type\":\"ListItem\",\"position\":2,\"name\":\"Legal Notice\"}]},{\"@type\":\"WebSite\",\"@id\":\"https:\\\/\\\/www.elicit-plant.com\\\/us\\\/#website\",\"url\":\"https:\\\/\\\/www.elicit-plant.com\\\/us\\\/\",\"name\":\"Elicit Plant USA\",\"description\":\"\",\"potentialAction\":[{\"@type\":\"SearchAction\",\"target\":{\"@type\":\"EntryPoint\",\"urlTemplate\":\"https:\\\/\\\/www.elicit-plant.com\\\/us\\\/?s={search_term_string}\"},\"query-input\":{\"@type\":\"PropertyValueSpecification\",\"valueRequired\":true,\"valueName\":\"search_term_string\"}}],\"inLanguage\":\"en-US\"}]}<\/script>\n<!-- \/ Yoast SEO plugin. -->","yoast_head_json":{"title":"Legal Notice - Elicit Plant USA","robots":{"index":"noindex","follow":"follow"},"og_locale":"en_US","og_type":"article","og_title":"Legal Notice - Elicit Plant USA","og_description":"The following legal notices apply to the website www.elicit-plant.com Company name: ELICIT PLANT Registered office: LIEUDIT LE CHATAIGNIER, 1 PAS DE LA CROIX, 16220 MOULINS-SUR-TARDOIRE, CHARENTE (16) Legal form: Simplified Joint-Stock Company (Soci\u00e9t\u00e9 par actions simplifi\u00e9e \u2013 SAS) Share capital: \u20ac139,417.50 Registered with the Angoul\u00eame Trade and Companies Register (RCS): SIREN number: 831 286 455 and SIRET number: 831 286 455 00025 EU VAT number: FR47831286455 Publication Director: Mr Jean-Fran\u00e7ois DECHANT Telephone: +33 05 45 23 18 38 Email: dataprivacy@elicit-plant.com Hosting provider: Infomaniak, Company name: Infomaniak Network SA Address: Rue Eug\u00e8ne Marziano 25 - 1227 Les Acacias (GE) Contact GENERAL TERMS OF USE OF THE WEBSITE WWW.ELICIT-PLANT.COM &nbsp; Access to, browsing and use of the website www. https:\/\/www.elicit-plant.com (\u201cWebsite\u201d or \u201cSite\u201d) are governed by these General Terms of Use (\u201cToU\u201d). By browsing and\/or accessing the Site, the visitor...","og_url":"https:\/\/www.elicit-plant.com\/us\/legal-notice\/","og_site_name":"Elicit Plant USA","article_modified_time":"2025-10-07T12:01:54+00:00","twitter_card":"summary_large_image","schema":{"@context":"https:\/\/schema.org","@graph":[{"@type":"WebPage","@id":"https:\/\/www.elicit-plant.com\/us\/legal-notice\/","url":"https:\/\/www.elicit-plant.com\/us\/legal-notice\/","name":"Legal Notice - Elicit Plant USA","isPartOf":{"@id":"https:\/\/www.elicit-plant.com\/us\/#website"},"datePublished":"2025-03-10T10:29:16+00:00","dateModified":"2025-10-07T12:01:54+00:00","breadcrumb":{"@id":"https:\/\/www.elicit-plant.com\/us\/legal-notice\/#breadcrumb"},"inLanguage":"en-US","potentialAction":[{"@type":"ReadAction","target":["https:\/\/www.elicit-plant.com\/us\/legal-notice\/"]}]},{"@type":"BreadcrumbList","@id":"https:\/\/www.elicit-plant.com\/us\/legal-notice\/#breadcrumb","itemListElement":[{"@type":"ListItem","position":1,"name":"Home","item":"https:\/\/www.elicit-plant.com\/us\/"},{"@type":"ListItem","position":2,"name":"Legal Notice"}]},{"@type":"WebSite","@id":"https:\/\/www.elicit-plant.com\/us\/#website","url":"https:\/\/www.elicit-plant.com\/us\/","name":"Elicit Plant USA","description":"","potentialAction":[{"@type":"SearchAction","target":{"@type":"EntryPoint","urlTemplate":"https:\/\/www.elicit-plant.com\/us\/?s={search_term_string}"},"query-input":{"@type":"PropertyValueSpecification","valueRequired":true,"valueName":"search_term_string"}}],"inLanguage":"en-US"}]}},"_links":{"self":[{"href":"https:\/\/www.elicit-plant.com\/us\/wp-json\/wp\/v2\/pages\/358","targetHints":{"allow":["GET"]}}],"collection":[{"href":"https:\/\/www.elicit-plant.com\/us\/wp-json\/wp\/v2\/pages"}],"about":[{"href":"https:\/\/www.elicit-plant.com\/us\/wp-json\/wp\/v2\/types\/page"}],"author":[{"embeddable":true,"href":"https:\/\/www.elicit-plant.com\/us\/wp-json\/wp\/v2\/users\/6"}],"replies":[{"embeddable":true,"href":"https:\/\/www.elicit-plant.com\/us\/wp-json\/wp\/v2\/comments?post=358"}],"version-history":[{"count":2,"href":"https:\/\/www.elicit-plant.com\/us\/wp-json\/wp\/v2\/pages\/358\/revisions"}],"predecessor-version":[{"id":753,"href":"https:\/\/www.elicit-plant.com\/us\/wp-json\/wp\/v2\/pages\/358\/revisions\/753"}],"wp:attachment":[{"href":"https:\/\/www.elicit-plant.com\/us\/wp-json\/wp\/v2\/media?parent=358"}],"curies":[{"name":"wp","href":"https:\/\/api.w.org\/{rel}","templated":true}]}}